{"id":4787,"date":"2022-04-22T11:27:21","date_gmt":"2022-04-22T04:27:21","guid":{"rendered":"https:\/\/tranthi.vn\/hue\/?post_type=product&#038;p=4787"},"modified":"2022-07-14T08:57:14","modified_gmt":"2022-07-14T01:57:14","slug":"tu-bep-tren-2-250-000-m-dai-tai-dong-ha-quang-tri","status":"publish","type":"product","link":"https:\/\/tranthi.vn\/quang-tri\/tu-bep-tren-2-250-000-m-dai-tai-dong-ha-quang-tri\/","title":{"rendered":"T\u1ee7 B\u1ebfp Tr\u00ean \u2013 2.250.000\/m d\u00e0i"},"content":{"rendered":"","protected":false},"excerpt":{"rendered":"<p><span style=\"font-family: 'times new roman', times, serif; font-size: 130%; color: #282828;\"> <img loading=\"lazy\" decoding=\"async\" class=\"\" src=\"https:\/\/static.xx.fbcdn.net\/images\/emoji.php\/v9\/tb\/1\/16\/1f388.png\" alt=\"\ud83c\udf88\" width=\"19\" height=\"19\" \/> \u0110\u01a1n v\u1ecb t\u00ednh: met t\u1edbi<\/span><\/p>\n<p><span style=\"font-family: 'times new roman', times, serif; font-size: 130%; color: #282828;\"><img loading=\"lazy\" decoding=\"async\" class=\"\" src=\"https:\/\/static.xx.fbcdn.net\/images\/emoji.php\/v9\/tb\/1\/16\/1f388.png\" alt=\"\ud83c\udf88\" width=\"19\" height=\"19\" \/> B\u1ea3o h\u00e0nh 1 n\u0103m\u00a0<\/span><\/p>\n<p><span style=\"font-family: 'times new roman', times, serif; font-size: 130%; color: #282828;\"> <img loading=\"lazy\" decoding=\"async\" class=\"\" src=\"https:\/\/static.xx.fbcdn.net\/images\/emoji.php\/v9\/tb\/1\/16\/1f388.png\" alt=\"\ud83c\udf88\" width=\"19\" height=\"19\" \/> \u0110\u01a1n gi\u00e1<em><strong>: <\/strong><\/em>T\u1ee7 b\u1ebfp nh\u1ef1a v\u00e2n g\u1ed7<\/span><\/p>\n<p><span style=\"font-family: 'times new roman', times, serif; font-size: 130%; color: #282828;\">+ T\u1ee7 b\u1ebfp d\u01b0\u1edbi: <span style=\"color: #008000;\"><strong>1.250.000<\/strong><\/span>\/ m t\u1edbi<\/span><\/p>\n<p><span style=\"font-family: 'times new roman', times, serif; font-size: 130%; color: #282828;\">+ T\u1ee7 b\u1ebfp tr\u00ean<span style=\"color: #008000;\">\u00a0<\/span><strong><span style=\"color: #008000;\">2.150.000<\/span>\/<\/strong>m t\u1edbi ( L\u1ec1 t\u1ed1t, chia ng\u0103n, ph\u00eda sau \u1ed1p alu, kh\u00f4ng l\u00e0m k\u00ednh)<\/span><\/p>\n<p><span style=\"font-family: 'times new roman', times, serif; font-size: 130%; color: #282828;\"><strong>\u00a0 \u00a0 \u00a0 \u00a0 \u00a0 \u00a0 \u00a0 \u00a0 \u00a0 \u00a0 \u00a0<span style=\"color: #008000;\"> \u00a0<\/span><\/strong><span style=\"color: #008000;\"><strong>2.250.000<\/strong><\/span>\/ m t\u1edbi\u00a0( l\u1ec1 t\u1ed1t, chia ng\u0103n, ph\u00eda sau \u1ed1p nh\u1ef1a)<\/span><\/p>\n<p><span style=\"font-family: 'times new roman', times, serif; font-size: 130%; color: #282828;\">+ H\u1ed9c t\u1ee7<span style=\"color: #008000;\">\u00a0<strong>250.000<\/strong><\/span>\/c\u00e1i k\u00edch th\u01b0\u1edbc 40\u00d740<\/span><\/p>\n<p><span style=\"font-family: 'times new roman', times, serif; font-size: 130%; color: #282828;\">+ \u0110o\u1ea1n h\u1ed9c t\u1ee7 b\u1ebfp d\u01b0\u1edbi:\u00a0<span style=\"color: #008000;\"><strong>1.650.000<\/strong><\/span>\/m t\u1edbi<\/span><\/p>\n<p><span style=\"font-family: 'times new roman', times, serif; font-size: 130%; color: #282828;\"><img loading=\"lazy\" decoding=\"async\" class=\"\" src=\"https:\/\/static.xx.fbcdn.net\/images\/emoji.php\/v9\/tb\/1\/16\/1f388.png\" alt=\"\ud83c\udf88\" width=\"19\" height=\"19\" \/>\u00a0 Gi\u00e1 tr\u00ean \u0111\u00e3 bao g\u1ed3m v\u1eadn chuy\u1ec3n v\u00e0 thi c\u00f4ng<\/span><\/p>\n<p>&nbsp;<\/p>\n<p>&nbsp;<\/p>\n","protected":false},"featured_media":4788,"comment_status":"closed","ping_status":"closed","template":"","meta":[],"product_cat":[286,305],"product_tag":[818],"class_list":{"0":"post-4787","1":"product","2":"type-product","3":"status-publish","4":"has-post-thumbnail","6":"product_cat-cua-tu-bep-tu-quan-ao","7":"product_cat-tu-bep-nhua","8":"product_tag-mau-tu-bep-nhua-dep-tai-hue","10":"first","11":"instock","12":"sale","13":"shipping-taxable","14":"purchasable","15":"product-type-simple"},"yoast_head":"<!-- This site is optimized with the Yoast SEO Premium plugin v22.3 (Yoast SEO v24.0) - https:\/\/yoast.com\/wordpress\/plugins\/seo\/ -->\n<title>T\u1ee7 B\u1ebfp Tr\u00ean \u2013 2.250.000\/m d\u00e0i - V\u1eadt Li\u1ec7u X\u00e2y D\u1ef1ng Tr\u1ea7n Th\u1ecb Chi Nh\u00e1nh Qu\u1ea3ng Tr\u1ecb<\/title>\n<meta name=\"robots\" content=\"index, follow, max-snippet:-1, max-image-preview:large, max-video-preview:-1\" \/>\n<link rel=\"canonical\" href=\"https:\/\/tranthi.vn\/quang-tri\/tu-bep-tren-2-250-000-m-dai-tai-dong-ha-quang-tri\/\" \/>\n<meta property=\"og:locale\" content=\"vi_VN\" \/>\n<meta property=\"og:type\" content=\"article\" \/>\n<meta property=\"og:title\" content=\"T\u1ee7 B\u1ebfp Tr\u00ean \u2013 2.250.000\/m d\u00e0i\" \/>\n<meta property=\"og:description\" content=\"\u0110\u01a1n v\u1ecb t\u00ednh: met t\u1edbi   B\u1ea3o h\u00e0nh 1 n\u0103m\u00a0   \u0110\u01a1n gi\u00e1: T\u1ee7 b\u1ebfp nh\u1ef1a v\u00e2n g\u1ed7  + T\u1ee7 b\u1ebfp d\u01b0\u1edbi: 1.250.000\/ m t\u1edbi  + T\u1ee7 b\u1ebfp tr\u00ean\u00a02.150.000\/m t\u1edbi ( L\u1ec1 t\u1ed1t, chia ng\u0103n, ph\u00eda sau \u1ed1p alu, kh\u00f4ng l\u00e0m k\u00ednh)  \u00a0 \u00a0 \u00a0 \u00a0 \u00a0 \u00a0 \u00a0 \u00a0 \u00a0 \u00a0 \u00a0 \u00a02.250.000\/ m t\u1edbi\u00a0( l\u1ec1 t\u1ed1t, chia ng\u0103n, ph\u00eda sau \u1ed1p nh\u1ef1a)  + H\u1ed9c t\u1ee7\u00a0250.000\/c\u00e1i k\u00edch th\u01b0\u1edbc 40\u00d740  + \u0110o\u1ea1n h\u1ed9c t\u1ee7 b\u1ebfp d\u01b0\u1edbi:\u00a01.650.000\/m t\u1edbi  \u00a0 Gi\u00e1 tr\u00ean \u0111\u00e3 bao g\u1ed3m v\u1eadn chuy\u1ec3n v\u00e0 thi c\u00f4ng  &nbsp;  &nbsp;\" \/>\n<meta property=\"og:url\" content=\"https:\/\/tranthi.vn\/quang-tri\/tu-bep-tren-2-250-000-m-dai-tai-dong-ha-quang-tri\/\" \/>\n<meta property=\"og:site_name\" content=\"V\u1eadt Li\u1ec7u X\u00e2y D\u1ef1ng Tr\u1ea7n Th\u1ecb Chi Nh\u00e1nh Qu\u1ea3ng Tr\u1ecb\" \/>\n<meta property=\"article:modified_time\" content=\"2022-07-14T01:57:14+00:00\" \/>\n<meta property=\"og:image\" content=\"https:\/\/tranthi.vn\/quang-tri\/wp-content\/uploads\/2022\/04\/mau-tu-bep-nhua-dep-tai-Hue.jpg\" \/>\n\t<meta property=\"og:image:width\" content=\"250\" \/>\n\t<meta property=\"og:image:height\" content=\"250\" \/>\n\t<meta property=\"og:image:type\" content=\"image\/jpeg\" \/>\n<meta name=\"twitter:card\" content=\"summary_large_image\" \/>\n<meta name=\"twitter:label1\" content=\"Gi\u00e1\" \/>\n\t<meta name=\"twitter:data1\" content=\"2,250,000&nbsp;&#8363;\" \/>\n\t<meta name=\"twitter:label2\" content=\"Kh\u1ea3 d\u1ee5ng\" \/>\n\t<meta name=\"twitter:data2\" content=\"Trong kho\" \/>\n<script type=\"application\/ld+json\" class=\"yoast-schema-graph\">{\"@context\":\"https:\/\/schema.org\",\"@graph\":[{\"@type\":\"WebPage\",\"@id\":\"https:\/\/tranthi.vn\/quang-tri\/tu-bep-tren-2-250-000-m-dai-tai-dong-ha-quang-tri\/\",\"url\":\"https:\/\/tranthi.vn\/quang-tri\/tu-bep-tren-2-250-000-m-dai-tai-dong-ha-quang-tri\/\",\"name\":\"T\u1ee7 B\u1ebfp Tr\u00ean \u2013 2.250.000\/m d\u00e0i - V\u1eadt Li\u1ec7u X\u00e2y D\u1ef1ng Tr\u1ea7n Th\u1ecb Chi Nh\u00e1nh Qu\u1ea3ng Tr\u1ecb\",\"isPartOf\":{\"@id\":\"https:\/\/tranthi.vn\/quang-tri\/#website\"},\"primaryImageOfPage\":{\"@id\":\"https:\/\/tranthi.vn\/quang-tri\/tu-bep-tren-2-250-000-m-dai-tai-dong-ha-quang-tri\/#primaryimage\"},\"image\":{\"@id\":\"https:\/\/tranthi.vn\/quang-tri\/tu-bep-tren-2-250-000-m-dai-tai-dong-ha-quang-tri\/#primaryimage\"},\"thumbnailUrl\":\"https:\/\/tranthi.vn\/quang-tri\/wp-content\/uploads\/2022\/04\/mau-tu-bep-nhua-dep-tai-Hue.jpg\",\"datePublished\":\"2022-04-22T04:27:21+00:00\",\"dateModified\":\"2022-07-14T01:57:14+00:00\",\"breadcrumb\":{\"@id\":\"https:\/\/tranthi.vn\/quang-tri\/tu-bep-tren-2-250-000-m-dai-tai-dong-ha-quang-tri\/#breadcrumb\"},\"inLanguage\":\"vi\",\"potentialAction\":[{\"@type\":\"ReadAction\",\"target\":[\"https:\/\/tranthi.vn\/quang-tri\/tu-bep-tren-2-250-000-m-dai-tai-dong-ha-quang-tri\/\"]}]},{\"@type\":\"ImageObject\",\"inLanguage\":\"vi\",\"@id\":\"https:\/\/tranthi.vn\/quang-tri\/tu-bep-tren-2-250-000-m-dai-tai-dong-ha-quang-tri\/#primaryimage\",\"url\":\"https:\/\/tranthi.vn\/quang-tri\/wp-content\/uploads\/2022\/04\/mau-tu-bep-nhua-dep-tai-Hue.jpg\",\"contentUrl\":\"https:\/\/tranthi.vn\/quang-tri\/wp-content\/uploads\/2022\/04\/mau-tu-bep-nhua-dep-tai-Hue.jpg\",\"width\":250,\"height\":250,\"caption\":\"m\u1eabu t\u1ee7 b\u1ebfp nh\u1ef1a \u0111\u1eb9p t\u1ea1i Hu\u1ebf\"},{\"@type\":\"BreadcrumbList\",\"@id\":\"https:\/\/tranthi.vn\/quang-tri\/tu-bep-tren-2-250-000-m-dai-tai-dong-ha-quang-tri\/#breadcrumb\",\"itemListElement\":[{\"@type\":\"ListItem\",\"position\":1,\"name\":\"Trang Ch\u1ee7\",\"item\":\"https:\/\/tranthi.vn\/quang-tri\/\"},{\"@type\":\"ListItem\",\"position\":2,\"name\":\"Shop\",\"item\":\"https:\/\/tranthi.vn\/quang-tri\/shop\/\"},{\"@type\":\"ListItem\",\"position\":3,\"name\":\"T\u1ee7 B\u1ebfp Tr\u00ean \u2013 2.250.000\/m d\u00e0i\"}]},{\"@type\":\"WebSite\",\"@id\":\"https:\/\/tranthi.vn\/quang-tri\/#website\",\"url\":\"https:\/\/tranthi.vn\/quang-tri\/\",\"name\":\"VLXD Tr\u1ea7n Th\u1ecb\",\"description\":\"V\u1eadt Li\u1ec7u X\u00e2y D\u1ef1ng - Qu\u1ea3ng Tr\u1ecb\",\"publisher\":{\"@id\":\"https:\/\/tranthi.vn\/quang-tri\/#organization\"},\"potentialAction\":[{\"@type\":\"SearchAction\",\"target\":{\"@type\":\"EntryPoint\",\"urlTemplate\":\"https:\/\/tranthi.vn\/quang-tri\/?s={search_term_string}\"},\"query-input\":{\"@type\":\"PropertyValueSpecification\",\"valueRequired\":true,\"valueName\":\"search_term_string\"}}],\"inLanguage\":\"vi\"},{\"@type\":[\"Organization\",\"Place\"],\"@id\":\"https:\/\/tranthi.vn\/quang-tri\/#organization\",\"name\":\"VLXD Tr\u1ea7n Th\u1ecb\",\"url\":\"https:\/\/tranthi.vn\/quang-tri\/\",\"logo\":{\"@id\":\"https:\/\/tranthi.vn\/quang-tri\/tu-bep-tren-2-250-000-m-dai-tai-dong-ha-quang-tri\/#local-main-organization-logo\"},\"image\":{\"@id\":\"https:\/\/tranthi.vn\/quang-tri\/tu-bep-tren-2-250-000-m-dai-tai-dong-ha-quang-tri\/#local-main-organization-logo\"},\"telephone\":[],\"openingHoursSpecification\":[{\"@type\":\"OpeningHoursSpecification\",\"dayOfWeek\":[\"Monday\",\"Tuesday\",\"Wednesday\",\"Thursday\",\"Friday\",\"Saturday\",\"Sunday\"],\"opens\":\"09:00\",\"closes\":\"17:00\"}]},{\"@type\":\"ImageObject\",\"inLanguage\":\"vi\",\"@id\":\"https:\/\/tranthi.vn\/quang-tri\/tu-bep-tren-2-250-000-m-dai-tai-dong-ha-quang-tri\/#local-main-organization-logo\",\"url\":\"https:\/\/tranthi.vn\/quang-tri\/wp-content\/uploads\/2021\/02\/logo-tranthi1.jpg\",\"contentUrl\":\"https:\/\/tranthi.vn\/quang-tri\/wp-content\/uploads\/2021\/02\/logo-tranthi1.jpg\",\"width\":800,\"height\":319,\"caption\":\"VLXD Tr\u1ea7n Th\u1ecb\"}]}<\/script>\n<meta property=\"product:price:amount\" content=\"2250000\" \/>\n<meta property=\"product:price:currency\" content=\"VND\" \/>\n<meta property=\"og:availability\" content=\"instock\" \/>\n<meta property=\"product:availability\" content=\"instock\" \/>\n<meta property=\"product:condition\" content=\"new\" \/>\n<!-- \/ Yoast SEO Premium plugin. -->","yoast_head_json":{"title":"T\u1ee7 B\u1ebfp Tr\u00ean \u2013 2.250.000\/m d\u00e0i - V\u1eadt Li\u1ec7u X\u00e2y D\u1ef1ng Tr\u1ea7n Th\u1ecb Chi Nh\u00e1nh Qu\u1ea3ng Tr\u1ecb","robots":{"index":"index","follow":"follow","max-snippet":"max-snippet:-1","max-image-preview":"max-image-preview:large","max-video-preview":"max-video-preview:-1"},"canonical":"https:\/\/tranthi.vn\/quang-tri\/tu-bep-tren-2-250-000-m-dai-tai-dong-ha-quang-tri\/","og_locale":"vi_VN","og_type":"article","og_title":"T\u1ee7 B\u1ebfp Tr\u00ean \u2013 2.250.000\/m d\u00e0i","og_description":"\u0110\u01a1n v\u1ecb t\u00ednh: met t\u1edbi   B\u1ea3o h\u00e0nh 1 n\u0103m\u00a0   \u0110\u01a1n gi\u00e1: T\u1ee7 b\u1ebfp nh\u1ef1a v\u00e2n g\u1ed7  + T\u1ee7 b\u1ebfp d\u01b0\u1edbi: 1.250.000\/ m t\u1edbi  + T\u1ee7 b\u1ebfp tr\u00ean\u00a02.150.000\/m t\u1edbi ( L\u1ec1 t\u1ed1t, chia ng\u0103n, ph\u00eda sau \u1ed1p alu, kh\u00f4ng l\u00e0m k\u00ednh)  \u00a0 \u00a0 \u00a0 \u00a0 \u00a0 \u00a0 \u00a0 \u00a0 \u00a0 \u00a0 \u00a0 \u00a02.250.000\/ m t\u1edbi\u00a0( l\u1ec1 t\u1ed1t, chia ng\u0103n, ph\u00eda sau \u1ed1p nh\u1ef1a)  + H\u1ed9c t\u1ee7\u00a0250.000\/c\u00e1i k\u00edch th\u01b0\u1edbc 40\u00d740  + \u0110o\u1ea1n h\u1ed9c t\u1ee7 b\u1ebfp d\u01b0\u1edbi:\u00a01.650.000\/m t\u1edbi  \u00a0 Gi\u00e1 tr\u00ean \u0111\u00e3 bao g\u1ed3m v\u1eadn chuy\u1ec3n v\u00e0 thi c\u00f4ng  &nbsp;  &nbsp;","og_url":"https:\/\/tranthi.vn\/quang-tri\/tu-bep-tren-2-250-000-m-dai-tai-dong-ha-quang-tri\/","og_site_name":"V\u1eadt Li\u1ec7u X\u00e2y D\u1ef1ng Tr\u1ea7n Th\u1ecb Chi Nh\u00e1nh Qu\u1ea3ng Tr\u1ecb","article_modified_time":"2022-07-14T01:57:14+00:00","og_image":[{"width":250,"height":250,"url":"https:\/\/tranthi.vn\/quang-tri\/wp-content\/uploads\/2022\/04\/mau-tu-bep-nhua-dep-tai-Hue.jpg","type":"image\/jpeg"}],"twitter_card":"summary_large_image","twitter_misc":{"Gi\u00e1":"2,250,000&nbsp;&#8363;","Kh\u1ea3 d\u1ee5ng":"Trong kho"},"schema":{"@context":"https:\/\/schema.org","@graph":[{"@type":"WebPage","@id":"https:\/\/tranthi.vn\/quang-tri\/tu-bep-tren-2-250-000-m-dai-tai-dong-ha-quang-tri\/","url":"https:\/\/tranthi.vn\/quang-tri\/tu-bep-tren-2-250-000-m-dai-tai-dong-ha-quang-tri\/","name":"T\u1ee7 B\u1ebfp Tr\u00ean \u2013 2.250.000\/m d\u00e0i - V\u1eadt Li\u1ec7u X\u00e2y D\u1ef1ng Tr\u1ea7n Th\u1ecb Chi Nh\u00e1nh Qu\u1ea3ng Tr\u1ecb","isPartOf":{"@id":"https:\/\/tranthi.vn\/quang-tri\/#website"},"primaryImageOfPage":{"@id":"https:\/\/tranthi.vn\/quang-tri\/tu-bep-tren-2-250-000-m-dai-tai-dong-ha-quang-tri\/#primaryimage"},"image":{"@id":"https:\/\/tranthi.vn\/quang-tri\/tu-bep-tren-2-250-000-m-dai-tai-dong-ha-quang-tri\/#primaryimage"},"thumbnailUrl":"https:\/\/tranthi.vn\/quang-tri\/wp-content\/uploads\/2022\/04\/mau-tu-bep-nhua-dep-tai-Hue.jpg","datePublished":"2022-04-22T04:27:21+00:00","dateModified":"2022-07-14T01:57:14+00:00","breadcrumb":{"@id":"https:\/\/tranthi.vn\/quang-tri\/tu-bep-tren-2-250-000-m-dai-tai-dong-ha-quang-tri\/#breadcrumb"},"inLanguage":"vi","potentialAction":[{"@type":"ReadAction","target":["https:\/\/tranthi.vn\/quang-tri\/tu-bep-tren-2-250-000-m-dai-tai-dong-ha-quang-tri\/"]}]},{"@type":"ImageObject","inLanguage":"vi","@id":"https:\/\/tranthi.vn\/quang-tri\/tu-bep-tren-2-250-000-m-dai-tai-dong-ha-quang-tri\/#primaryimage","url":"https:\/\/tranthi.vn\/quang-tri\/wp-content\/uploads\/2022\/04\/mau-tu-bep-nhua-dep-tai-Hue.jpg","contentUrl":"https:\/\/tranthi.vn\/quang-tri\/wp-content\/uploads\/2022\/04\/mau-tu-bep-nhua-dep-tai-Hue.jpg","width":250,"height":250,"caption":"m\u1eabu t\u1ee7 b\u1ebfp nh\u1ef1a \u0111\u1eb9p t\u1ea1i Hu\u1ebf"},{"@type":"BreadcrumbList","@id":"https:\/\/tranthi.vn\/quang-tri\/tu-bep-tren-2-250-000-m-dai-tai-dong-ha-quang-tri\/#breadcrumb","itemListElement":[{"@type":"ListItem","position":1,"name":"Trang Ch\u1ee7","item":"https:\/\/tranthi.vn\/quang-tri\/"},{"@type":"ListItem","position":2,"name":"Shop","item":"https:\/\/tranthi.vn\/quang-tri\/shop\/"},{"@type":"ListItem","position":3,"name":"T\u1ee7 B\u1ebfp Tr\u00ean \u2013 2.250.000\/m d\u00e0i"}]},{"@type":"WebSite","@id":"https:\/\/tranthi.vn\/quang-tri\/#website","url":"https:\/\/tranthi.vn\/quang-tri\/","name":"VLXD Tr\u1ea7n Th\u1ecb","description":"V\u1eadt Li\u1ec7u X\u00e2y D\u1ef1ng - Qu\u1ea3ng Tr\u1ecb","publisher":{"@id":"https:\/\/tranthi.vn\/quang-tri\/#organization"},"potentialAction":[{"@type":"SearchAction","target":{"@type":"EntryPoint","urlTemplate":"https:\/\/tranthi.vn\/quang-tri\/?s={search_term_string}"},"query-input":{"@type":"PropertyValueSpecification","valueRequired":true,"valueName":"search_term_string"}}],"inLanguage":"vi"},{"@type":["Organization","Place"],"@id":"https:\/\/tranthi.vn\/quang-tri\/#organization","name":"VLXD Tr\u1ea7n Th\u1ecb","url":"https:\/\/tranthi.vn\/quang-tri\/","logo":{"@id":"https:\/\/tranthi.vn\/quang-tri\/tu-bep-tren-2-250-000-m-dai-tai-dong-ha-quang-tri\/#local-main-organization-logo"},"image":{"@id":"https:\/\/tranthi.vn\/quang-tri\/tu-bep-tren-2-250-000-m-dai-tai-dong-ha-quang-tri\/#local-main-organization-logo"},"telephone":[],"openingHoursSpecification":[{"@type":"OpeningHoursSpecification","dayOfWeek":["Monday","Tuesday","Wednesday","Thursday","Friday","Saturday","Sunday"],"opens":"09:00","closes":"17:00"}]},{"@type":"ImageObject","inLanguage":"vi","@id":"https:\/\/tranthi.vn\/quang-tri\/tu-bep-tren-2-250-000-m-dai-tai-dong-ha-quang-tri\/#local-main-organization-logo","url":"https:\/\/tranthi.vn\/quang-tri\/wp-content\/uploads\/2021\/02\/logo-tranthi1.jpg","contentUrl":"https:\/\/tranthi.vn\/quang-tri\/wp-content\/uploads\/2021\/02\/logo-tranthi1.jpg","width":800,"height":319,"caption":"VLXD Tr\u1ea7n Th\u1ecb"}]},"product_price_amount":"2250000","product_price_currency":"VND","og_availability":"instock","product_availability":"instock","product_condition":"new"},"_links":{"self":[{"href":"https:\/\/tranthi.vn\/quang-tri\/wp-json\/wp\/v2\/product\/4787","targetHints":{"allow":["GET"]}}],"collection":[{"href":"https:\/\/tranthi.vn\/quang-tri\/wp-json\/wp\/v2\/product"}],"about":[{"href":"https:\/\/tranthi.vn\/quang-tri\/wp-json\/wp\/v2\/types\/product"}],"replies":[{"embeddable":true,"href":"https:\/\/tranthi.vn\/quang-tri\/wp-json\/wp\/v2\/comments?post=4787"}],"wp:featuredmedia":[{"embeddable":true,"href":"https:\/\/tranthi.vn\/quang-tri\/wp-json\/wp\/v2\/media\/4788"}],"wp:attachment":[{"href":"https:\/\/tranthi.vn\/quang-tri\/wp-json\/wp\/v2\/media?parent=4787"}],"wp:term":[{"taxonomy":"product_cat","embeddable":true,"href":"https:\/\/tranthi.vn\/quang-tri\/wp-json\/wp\/v2\/product_cat?post=4787"},{"taxonomy":"product_tag","embeddable":true,"href":"https:\/\/tranthi.vn\/quang-tri\/wp-json\/wp\/v2\/product_tag?post=4787"}],"curies":[{"name":"wp","href":"https:\/\/api.w.org\/{rel}","templated":true}]}}