{"id":4681,"date":"2022-04-19T08:18:13","date_gmt":"2022-04-19T01:18:13","guid":{"rendered":"https:\/\/tranthi.vn\/hue\/?post_type=product&#038;p=4681"},"modified":"2022-07-19T11:15:01","modified_gmt":"2022-07-19T04:15:01","slug":"da-xanh-den-20-x-20-gia-tot-tai-dong-ha-quang-tri","status":"publish","type":"product","link":"https:\/\/tranthi.vn\/quang-tri\/da-xanh-den-20-x-20-gia-tot-tai-dong-ha-quang-tri\/","title":{"rendered":"\u0110\u00e1 Xanh \u0110en 20 x 20"},"content":{"rendered":"","protected":false},"excerpt":{"rendered":"<p><span style=\"font-family: 'times new roman', times, serif;\"><img loading=\"lazy\" decoding=\"async\" class=\"\" src=\"https:\/\/static.xx.fbcdn.net\/images\/emoji.php\/v9\/tb\/1\/16\/1f388.png\" alt=\"\ud83c\udf88\" width=\"21\" height=\"21\" \/><span style=\"font-size: 130%;\"> Lo\u1ea1i \u0111\u00e1 : \u0111\u00e1 xanh \u0111en 20\u00d720<\/span><\/span><\/p>\n<p><span style=\"font-family: 'times new roman', times, serif; font-size: 130%;\"><img loading=\"lazy\" decoding=\"async\" class=\"\" src=\"https:\/\/static.xx.fbcdn.net\/images\/emoji.php\/v9\/tb\/1\/16\/1f388.png\" alt=\"\ud83c\udf88\" width=\"21\" height=\"21\" \/> K\u00edch th\u01b0\u1edbc: 20 x 20 cm<\/span><\/p>\n<p><span style=\"font-family: 'times new roman', times, serif; font-size: 130%;\"><img loading=\"lazy\" decoding=\"async\" class=\"\" src=\"https:\/\/static.xx.fbcdn.net\/images\/emoji.php\/v9\/tb\/1\/16\/1f388.png\" alt=\"\ud83c\udf88\" width=\"21\" height=\"21\" \/> \u0110\u1ed9 d\u00e0y: 1 cm<\/span><\/p>\n<p><span style=\"font-family: 'times new roman', times, serif; font-size: 130%;\"><img loading=\"lazy\" decoding=\"async\" class=\"\" src=\"https:\/\/static.xx.fbcdn.net\/images\/emoji.php\/v9\/tb\/1\/16\/1f388.png\" alt=\"\ud83c\udf88\" width=\"21\" height=\"21\" \/>\u00a0\u0110\u01a1n gi\u00e1 \u21d2<span style=\"color: #008000;\"><strong>\u00a0130.000\u0111 \/ m2<\/strong><\/span><\/span><\/p>\n<p><span style=\"font-family: 'times new roman', times, serif; font-size: 130%;\"><img loading=\"lazy\" decoding=\"async\" class=\"\" src=\"https:\/\/static.xx.fbcdn.net\/images\/emoji.php\/v9\/tb\/1\/16\/1f388.png\" alt=\"\ud83c\udf88\" width=\"21\" height=\"21\" \/>\u00a0M\u1eb7t \u0111\u00e1 : ph\u1eb3ng t\u1ef1 nhi\u00ean<\/span><\/p>\n<p><span style=\"font-family: 'times new roman', times, serif; font-size: 130%;\"><em><img loading=\"lazy\" decoding=\"async\" class=\"\" src=\"https:\/\/static.xx.fbcdn.net\/images\/emoji.php\/v9\/tb\/1\/16\/1f388.png\" alt=\"\ud83c\udf88\" width=\"21\" height=\"21\" \/>\u00a0<\/em>Gi\u00e1 tr\u00ean ch\u01b0a bao g\u1ed3m v\u1eadn chuy\u1ec3n, ph\u00ed v\u1eadn chuy\u1ec3n \u0111\u01b0\u1ee3c t\u00ednh tu\u1ef3 thu\u1ed9c v\u00e0o s\u1ed1 l\u01b0\u1ee3ng, v\u1ecb tr\u00ed xa hay g\u1ea7n<\/span><\/p>\n","protected":false},"featured_media":4686,"comment_status":"closed","ping_status":"closed","template":"","meta":[],"product_cat":[109,108],"product_tag":[780],"class_list":{"0":"post-4681","1":"product","2":"type-product","3":"status-publish","4":"has-post-thumbnail","6":"product_cat-da-trang-tri","7":"product_cat-da-trang-tri-hue","8":"product_tag-mau-da-xanh-den-kich-co-20x20-tai-hue","10":"first","11":"instock","12":"sale","13":"shipping-taxable","14":"purchasable","15":"product-type-simple"},"yoast_head":"<!-- This site is optimized with the Yoast SEO Premium plugin v22.3 (Yoast SEO v24.0) - https:\/\/yoast.com\/wordpress\/plugins\/seo\/ -->\n<title>\u0110\u00e1 Xanh \u0110en 20 x 20 - V\u1eadt Li\u1ec7u X\u00e2y D\u1ef1ng Tr\u1ea7n Th\u1ecb Chi Nh\u00e1nh Qu\u1ea3ng Tr\u1ecb<\/title>\n<meta name=\"robots\" content=\"index, follow, max-snippet:-1, max-image-preview:large, max-video-preview:-1\" \/>\n<link rel=\"canonical\" href=\"https:\/\/tranthi.vn\/quang-tri\/da-xanh-den-20-x-20-gia-tot-tai-dong-ha-quang-tri\/\" \/>\n<meta property=\"og:locale\" content=\"vi_VN\" \/>\n<meta property=\"og:type\" content=\"article\" \/>\n<meta property=\"og:title\" content=\"\u0110\u00e1 Xanh \u0110en 20 x 20\" \/>\n<meta property=\"og:description\" content=\"Lo\u1ea1i \u0111\u00e1 : \u0111\u00e1 xanh \u0111en 20\u00d720   K\u00edch th\u01b0\u1edbc: 20 x 20 cm   \u0110\u1ed9 d\u00e0y: 1 cm  \u00a0\u0110\u01a1n gi\u00e1 \u21d2\u00a0130.000\u0111 \/ m2  \u00a0M\u1eb7t \u0111\u00e1 : ph\u1eb3ng t\u1ef1 nhi\u00ean  \u00a0Gi\u00e1 tr\u00ean ch\u01b0a bao g\u1ed3m v\u1eadn chuy\u1ec3n, ph\u00ed v\u1eadn chuy\u1ec3n \u0111\u01b0\u1ee3c t\u00ednh tu\u1ef3 thu\u1ed9c v\u00e0o s\u1ed1 l\u01b0\u1ee3ng, v\u1ecb tr\u00ed xa hay g\u1ea7n\" \/>\n<meta property=\"og:url\" content=\"https:\/\/tranthi.vn\/quang-tri\/da-xanh-den-20-x-20-gia-tot-tai-dong-ha-quang-tri\/\" \/>\n<meta property=\"og:site_name\" content=\"V\u1eadt Li\u1ec7u X\u00e2y D\u1ef1ng Tr\u1ea7n Th\u1ecb Chi Nh\u00e1nh Qu\u1ea3ng Tr\u1ecb\" \/>\n<meta property=\"article:modified_time\" content=\"2022-07-19T04:15:01+00:00\" \/>\n<meta property=\"og:image\" content=\"https:\/\/tranthi.vn\/quang-tri\/wp-content\/uploads\/2022\/04\/mau-da-xanh-den-kich-co-20x20-tai-Hue.jpg\" \/>\n\t<meta property=\"og:image:width\" content=\"250\" \/>\n\t<meta property=\"og:image:height\" content=\"250\" \/>\n\t<meta property=\"og:image:type\" content=\"image\/jpeg\" \/>\n<meta name=\"twitter:card\" content=\"summary_large_image\" \/>\n<meta name=\"twitter:label1\" content=\"Gi\u00e1\" \/>\n\t<meta name=\"twitter:data1\" content=\"130,000&nbsp;&#8363;\" \/>\n\t<meta name=\"twitter:label2\" content=\"Kh\u1ea3 d\u1ee5ng\" \/>\n\t<meta name=\"twitter:data2\" content=\"Trong kho\" \/>\n<script type=\"application\/ld+json\" class=\"yoast-schema-graph\">{\"@context\":\"https:\/\/schema.org\",\"@graph\":[{\"@type\":\"WebPage\",\"@id\":\"https:\/\/tranthi.vn\/quang-tri\/da-xanh-den-20-x-20-gia-tot-tai-dong-ha-quang-tri\/\",\"url\":\"https:\/\/tranthi.vn\/quang-tri\/da-xanh-den-20-x-20-gia-tot-tai-dong-ha-quang-tri\/\",\"name\":\"\u0110\u00e1 Xanh \u0110en 20 x 20 - V\u1eadt Li\u1ec7u X\u00e2y D\u1ef1ng Tr\u1ea7n Th\u1ecb Chi Nh\u00e1nh Qu\u1ea3ng Tr\u1ecb\",\"isPartOf\":{\"@id\":\"https:\/\/tranthi.vn\/quang-tri\/#website\"},\"primaryImageOfPage\":{\"@id\":\"https:\/\/tranthi.vn\/quang-tri\/da-xanh-den-20-x-20-gia-tot-tai-dong-ha-quang-tri\/#primaryimage\"},\"image\":{\"@id\":\"https:\/\/tranthi.vn\/quang-tri\/da-xanh-den-20-x-20-gia-tot-tai-dong-ha-quang-tri\/#primaryimage\"},\"thumbnailUrl\":\"https:\/\/tranthi.vn\/quang-tri\/wp-content\/uploads\/2022\/04\/mau-da-xanh-den-kich-co-20x20-tai-Hue.jpg\",\"datePublished\":\"2022-04-19T01:18:13+00:00\",\"dateModified\":\"2022-07-19T04:15:01+00:00\",\"breadcrumb\":{\"@id\":\"https:\/\/tranthi.vn\/quang-tri\/da-xanh-den-20-x-20-gia-tot-tai-dong-ha-quang-tri\/#breadcrumb\"},\"inLanguage\":\"vi\",\"potentialAction\":[{\"@type\":\"ReadAction\",\"target\":[\"https:\/\/tranthi.vn\/quang-tri\/da-xanh-den-20-x-20-gia-tot-tai-dong-ha-quang-tri\/\"]}]},{\"@type\":\"ImageObject\",\"inLanguage\":\"vi\",\"@id\":\"https:\/\/tranthi.vn\/quang-tri\/da-xanh-den-20-x-20-gia-tot-tai-dong-ha-quang-tri\/#primaryimage\",\"url\":\"https:\/\/tranthi.vn\/quang-tri\/wp-content\/uploads\/2022\/04\/mau-da-xanh-den-kich-co-20x20-tai-Hue.jpg\",\"contentUrl\":\"https:\/\/tranthi.vn\/quang-tri\/wp-content\/uploads\/2022\/04\/mau-da-xanh-den-kich-co-20x20-tai-Hue.jpg\",\"width\":250,\"height\":250,\"caption\":\"m\u1eabu \u0111\u00e1 xanh \u0111en k\u00edch c\u1ee1 20x20 t\u1ea1i Hu\u1ebf\"},{\"@type\":\"BreadcrumbList\",\"@id\":\"https:\/\/tranthi.vn\/quang-tri\/da-xanh-den-20-x-20-gia-tot-tai-dong-ha-quang-tri\/#breadcrumb\",\"itemListElement\":[{\"@type\":\"ListItem\",\"position\":1,\"name\":\"Trang Ch\u1ee7\",\"item\":\"https:\/\/tranthi.vn\/quang-tri\/\"},{\"@type\":\"ListItem\",\"position\":2,\"name\":\"Shop\",\"item\":\"https:\/\/tranthi.vn\/quang-tri\/shop\/\"},{\"@type\":\"ListItem\",\"position\":3,\"name\":\"\u0110\u00e1 Xanh \u0110en 20 x 20\"}]},{\"@type\":\"WebSite\",\"@id\":\"https:\/\/tranthi.vn\/quang-tri\/#website\",\"url\":\"https:\/\/tranthi.vn\/quang-tri\/\",\"name\":\"VLXD Tr\u1ea7n Th\u1ecb\",\"description\":\"V\u1eadt Li\u1ec7u X\u00e2y D\u1ef1ng - Qu\u1ea3ng Tr\u1ecb\",\"publisher\":{\"@id\":\"https:\/\/tranthi.vn\/quang-tri\/#organization\"},\"potentialAction\":[{\"@type\":\"SearchAction\",\"target\":{\"@type\":\"EntryPoint\",\"urlTemplate\":\"https:\/\/tranthi.vn\/quang-tri\/?s={search_term_string}\"},\"query-input\":{\"@type\":\"PropertyValueSpecification\",\"valueRequired\":true,\"valueName\":\"search_term_string\"}}],\"inLanguage\":\"vi\"},{\"@type\":[\"Organization\",\"Place\"],\"@id\":\"https:\/\/tranthi.vn\/quang-tri\/#organization\",\"name\":\"VLXD Tr\u1ea7n Th\u1ecb\",\"url\":\"https:\/\/tranthi.vn\/quang-tri\/\",\"logo\":{\"@id\":\"https:\/\/tranthi.vn\/quang-tri\/da-xanh-den-20-x-20-gia-tot-tai-dong-ha-quang-tri\/#local-main-organization-logo\"},\"image\":{\"@id\":\"https:\/\/tranthi.vn\/quang-tri\/da-xanh-den-20-x-20-gia-tot-tai-dong-ha-quang-tri\/#local-main-organization-logo\"},\"telephone\":[],\"openingHoursSpecification\":[{\"@type\":\"OpeningHoursSpecification\",\"dayOfWeek\":[\"Monday\",\"Tuesday\",\"Wednesday\",\"Thursday\",\"Friday\",\"Saturday\",\"Sunday\"],\"opens\":\"09:00\",\"closes\":\"17:00\"}]},{\"@type\":\"ImageObject\",\"inLanguage\":\"vi\",\"@id\":\"https:\/\/tranthi.vn\/quang-tri\/da-xanh-den-20-x-20-gia-tot-tai-dong-ha-quang-tri\/#local-main-organization-logo\",\"url\":\"https:\/\/tranthi.vn\/quang-tri\/wp-content\/uploads\/2021\/02\/logo-tranthi1.jpg\",\"contentUrl\":\"https:\/\/tranthi.vn\/quang-tri\/wp-content\/uploads\/2021\/02\/logo-tranthi1.jpg\",\"width\":800,\"height\":319,\"caption\":\"VLXD Tr\u1ea7n Th\u1ecb\"}]}<\/script>\n<meta property=\"product:price:amount\" content=\"130000\" \/>\n<meta property=\"product:price:currency\" content=\"VND\" \/>\n<meta property=\"og:availability\" content=\"instock\" \/>\n<meta property=\"product:availability\" content=\"instock\" \/>\n<meta property=\"product:condition\" content=\"new\" \/>\n<!-- \/ Yoast SEO Premium plugin. -->","yoast_head_json":{"title":"\u0110\u00e1 Xanh \u0110en 20 x 20 - V\u1eadt Li\u1ec7u X\u00e2y D\u1ef1ng Tr\u1ea7n Th\u1ecb Chi Nh\u00e1nh Qu\u1ea3ng Tr\u1ecb","robots":{"index":"index","follow":"follow","max-snippet":"max-snippet:-1","max-image-preview":"max-image-preview:large","max-video-preview":"max-video-preview:-1"},"canonical":"https:\/\/tranthi.vn\/quang-tri\/da-xanh-den-20-x-20-gia-tot-tai-dong-ha-quang-tri\/","og_locale":"vi_VN","og_type":"article","og_title":"\u0110\u00e1 Xanh \u0110en 20 x 20","og_description":"Lo\u1ea1i \u0111\u00e1 : \u0111\u00e1 xanh \u0111en 20\u00d720   K\u00edch th\u01b0\u1edbc: 20 x 20 cm   \u0110\u1ed9 d\u00e0y: 1 cm  \u00a0\u0110\u01a1n gi\u00e1 \u21d2\u00a0130.000\u0111 \/ m2  \u00a0M\u1eb7t \u0111\u00e1 : ph\u1eb3ng t\u1ef1 nhi\u00ean  \u00a0Gi\u00e1 tr\u00ean ch\u01b0a bao g\u1ed3m v\u1eadn chuy\u1ec3n, ph\u00ed v\u1eadn chuy\u1ec3n \u0111\u01b0\u1ee3c t\u00ednh tu\u1ef3 thu\u1ed9c v\u00e0o s\u1ed1 l\u01b0\u1ee3ng, v\u1ecb tr\u00ed xa hay g\u1ea7n","og_url":"https:\/\/tranthi.vn\/quang-tri\/da-xanh-den-20-x-20-gia-tot-tai-dong-ha-quang-tri\/","og_site_name":"V\u1eadt Li\u1ec7u X\u00e2y D\u1ef1ng Tr\u1ea7n Th\u1ecb Chi Nh\u00e1nh Qu\u1ea3ng Tr\u1ecb","article_modified_time":"2022-07-19T04:15:01+00:00","og_image":[{"width":250,"height":250,"url":"https:\/\/tranthi.vn\/quang-tri\/wp-content\/uploads\/2022\/04\/mau-da-xanh-den-kich-co-20x20-tai-Hue.jpg","type":"image\/jpeg"}],"twitter_card":"summary_large_image","twitter_misc":{"Gi\u00e1":"130,000&nbsp;&#8363;","Kh\u1ea3 d\u1ee5ng":"Trong kho"},"schema":{"@context":"https:\/\/schema.org","@graph":[{"@type":"WebPage","@id":"https:\/\/tranthi.vn\/quang-tri\/da-xanh-den-20-x-20-gia-tot-tai-dong-ha-quang-tri\/","url":"https:\/\/tranthi.vn\/quang-tri\/da-xanh-den-20-x-20-gia-tot-tai-dong-ha-quang-tri\/","name":"\u0110\u00e1 Xanh \u0110en 20 x 20 - V\u1eadt Li\u1ec7u X\u00e2y D\u1ef1ng Tr\u1ea7n Th\u1ecb Chi Nh\u00e1nh Qu\u1ea3ng Tr\u1ecb","isPartOf":{"@id":"https:\/\/tranthi.vn\/quang-tri\/#website"},"primaryImageOfPage":{"@id":"https:\/\/tranthi.vn\/quang-tri\/da-xanh-den-20-x-20-gia-tot-tai-dong-ha-quang-tri\/#primaryimage"},"image":{"@id":"https:\/\/tranthi.vn\/quang-tri\/da-xanh-den-20-x-20-gia-tot-tai-dong-ha-quang-tri\/#primaryimage"},"thumbnailUrl":"https:\/\/tranthi.vn\/quang-tri\/wp-content\/uploads\/2022\/04\/mau-da-xanh-den-kich-co-20x20-tai-Hue.jpg","datePublished":"2022-04-19T01:18:13+00:00","dateModified":"2022-07-19T04:15:01+00:00","breadcrumb":{"@id":"https:\/\/tranthi.vn\/quang-tri\/da-xanh-den-20-x-20-gia-tot-tai-dong-ha-quang-tri\/#breadcrumb"},"inLanguage":"vi","potentialAction":[{"@type":"ReadAction","target":["https:\/\/tranthi.vn\/quang-tri\/da-xanh-den-20-x-20-gia-tot-tai-dong-ha-quang-tri\/"]}]},{"@type":"ImageObject","inLanguage":"vi","@id":"https:\/\/tranthi.vn\/quang-tri\/da-xanh-den-20-x-20-gia-tot-tai-dong-ha-quang-tri\/#primaryimage","url":"https:\/\/tranthi.vn\/quang-tri\/wp-content\/uploads\/2022\/04\/mau-da-xanh-den-kich-co-20x20-tai-Hue.jpg","contentUrl":"https:\/\/tranthi.vn\/quang-tri\/wp-content\/uploads\/2022\/04\/mau-da-xanh-den-kich-co-20x20-tai-Hue.jpg","width":250,"height":250,"caption":"m\u1eabu \u0111\u00e1 xanh \u0111en k\u00edch c\u1ee1 20x20 t\u1ea1i Hu\u1ebf"},{"@type":"BreadcrumbList","@id":"https:\/\/tranthi.vn\/quang-tri\/da-xanh-den-20-x-20-gia-tot-tai-dong-ha-quang-tri\/#breadcrumb","itemListElement":[{"@type":"ListItem","position":1,"name":"Trang Ch\u1ee7","item":"https:\/\/tranthi.vn\/quang-tri\/"},{"@type":"ListItem","position":2,"name":"Shop","item":"https:\/\/tranthi.vn\/quang-tri\/shop\/"},{"@type":"ListItem","position":3,"name":"\u0110\u00e1 Xanh \u0110en 20 x 20"}]},{"@type":"WebSite","@id":"https:\/\/tranthi.vn\/quang-tri\/#website","url":"https:\/\/tranthi.vn\/quang-tri\/","name":"VLXD Tr\u1ea7n Th\u1ecb","description":"V\u1eadt Li\u1ec7u X\u00e2y D\u1ef1ng - Qu\u1ea3ng Tr\u1ecb","publisher":{"@id":"https:\/\/tranthi.vn\/quang-tri\/#organization"},"potentialAction":[{"@type":"SearchAction","target":{"@type":"EntryPoint","urlTemplate":"https:\/\/tranthi.vn\/quang-tri\/?s={search_term_string}"},"query-input":{"@type":"PropertyValueSpecification","valueRequired":true,"valueName":"search_term_string"}}],"inLanguage":"vi"},{"@type":["Organization","Place"],"@id":"https:\/\/tranthi.vn\/quang-tri\/#organization","name":"VLXD Tr\u1ea7n Th\u1ecb","url":"https:\/\/tranthi.vn\/quang-tri\/","logo":{"@id":"https:\/\/tranthi.vn\/quang-tri\/da-xanh-den-20-x-20-gia-tot-tai-dong-ha-quang-tri\/#local-main-organization-logo"},"image":{"@id":"https:\/\/tranthi.vn\/quang-tri\/da-xanh-den-20-x-20-gia-tot-tai-dong-ha-quang-tri\/#local-main-organization-logo"},"telephone":[],"openingHoursSpecification":[{"@type":"OpeningHoursSpecification","dayOfWeek":["Monday","Tuesday","Wednesday","Thursday","Friday","Saturday","Sunday"],"opens":"09:00","closes":"17:00"}]},{"@type":"ImageObject","inLanguage":"vi","@id":"https:\/\/tranthi.vn\/quang-tri\/da-xanh-den-20-x-20-gia-tot-tai-dong-ha-quang-tri\/#local-main-organization-logo","url":"https:\/\/tranthi.vn\/quang-tri\/wp-content\/uploads\/2021\/02\/logo-tranthi1.jpg","contentUrl":"https:\/\/tranthi.vn\/quang-tri\/wp-content\/uploads\/2021\/02\/logo-tranthi1.jpg","width":800,"height":319,"caption":"VLXD Tr\u1ea7n Th\u1ecb"}]},"product_price_amount":"130000","product_price_currency":"VND","og_availability":"instock","product_availability":"instock","product_condition":"new"},"_links":{"self":[{"href":"https:\/\/tranthi.vn\/quang-tri\/wp-json\/wp\/v2\/product\/4681","targetHints":{"allow":["GET"]}}],"collection":[{"href":"https:\/\/tranthi.vn\/quang-tri\/wp-json\/wp\/v2\/product"}],"about":[{"href":"https:\/\/tranthi.vn\/quang-tri\/wp-json\/wp\/v2\/types\/product"}],"replies":[{"embeddable":true,"href":"https:\/\/tranthi.vn\/quang-tri\/wp-json\/wp\/v2\/comments?post=4681"}],"wp:featuredmedia":[{"embeddable":true,"href":"https:\/\/tranthi.vn\/quang-tri\/wp-json\/wp\/v2\/media\/4686"}],"wp:attachment":[{"href":"https:\/\/tranthi.vn\/quang-tri\/wp-json\/wp\/v2\/media?parent=4681"}],"wp:term":[{"taxonomy":"product_cat","embeddable":true,"href":"https:\/\/tranthi.vn\/quang-tri\/wp-json\/wp\/v2\/product_cat?post=4681"},{"taxonomy":"product_tag","embeddable":true,"href":"https:\/\/tranthi.vn\/quang-tri\/wp-json\/wp\/v2\/product_tag?post=4681"}],"curies":[{"name":"wp","href":"https:\/\/api.w.org\/{rel}","templated":true}]}}