{"id":3833,"date":"2022-03-03T16:13:30","date_gmt":"2022-03-03T09:13:30","guid":{"rendered":"https:\/\/tranthi.vn\/hue\/?post_type=product&#038;p=3833"},"modified":"2022-03-03T16:13:31","modified_gmt":"2022-03-03T09:13:31","slug":"thanh-lam-song-nhua-gia-go-hue","status":"publish","type":"product","link":"https:\/\/tranthi.vn\/quang-tri\/thanh-lam-song-nhua-gia-go-hue\/","title":{"rendered":"Lam nh\u1ef1a 01"},"content":{"rendered":"<h1 style=\"text-align: center;\"><span style=\"color: #ff0000; font-size: 150%; font-family: 'times new roman', times, serif;\"><strong>Lam nh\u1ef1a gi\u1ea3 g\u1ed7 Hu\u1ebf<\/strong><\/span><\/h1>\n<h2><span style=\"font-size: 150%; font-family: 'times new roman', times, serif;\">1. Gi\u1edbi thi\u1ec7u v\u1ec1 lam nh\u1ef1a\u00a0<\/span><\/h2>\n<ul>\n<li><span style=\"font-size: 150%; font-family: 'times new roman', times, serif;\">Trong nh\u1eefng n\u0103m g\u1ea7n \u0111\u00e2y v\u1eadt li\u1ec7u nh\u1ef1a t\u00e1i ch\u1ebf d\u1ea7n d\u1ea7n chi\u1ec5m l\u0129nh th\u1ecb tr\u01b0\u1eddng v\u1eadt li\u1ec7u x\u00e2y d\u01b0\u1ee3ng v\u00e0 trang tr\u00ed n\u1ed9i th\u1ea5t. Tr\u01b0\u1edbc \u0111\u00e2y xi m\u0103ng c\u00f2n t\u1ed1t, c\u00e1t ko b\u1ecb nhi\u1ec5m bu\u1ed3n th\u00ec c\u00e1c ng\u00f4i nh\u00e0 th\u01b0\u1eddng \u00edt b\u1ecb th\u1ea5m, nhu c\u1ea7u \u1ed1p t\u01b0\u1eddng trong nh\u00e0 kh\u00f4ng nhi\u1ec1u. Hi\u1ec7n nay do du c\u1ea7u th\u1ea9m m\u1ef9 ng\u01b0\u1eddi ti\u00eau dung c\u00e0ng ch\u00fa tr\u1ecdng \u0111\u1ebfn th\u1ea9m m\u1ef9 b\u1ebfn trong ng\u00f4i nh\u00e0. Lam nh\u1ef1a l\u00e0 m\u1ed9t trong nh\u1eefng ph\u01b0\u01a1ng \u00e1n thay th\u1ebf \u0111\u1ec3 \u1ed1p cho ng\u00f4i nh\u00e0 them ph\u1ea7n sang tr\u1ecdng\n<p><\/span><img loading=\"lazy\" decoding=\"async\" class=\"size-full wp-image-3834\" src=\"https:\/\/tranthi.vn\/quang-tri\/wp-content\/uploads\/2022\/03\/lam-song-gia-go-hue_optimized-1.jpg\" alt=\"lam-song-gia-go-hue\" width=\"250\" height=\"250\" srcset=\"https:\/\/tranthi.vn\/quang-tri\/wp-content\/uploads\/2022\/03\/lam-song-gia-go-hue_optimized-1.jpg 250w, https:\/\/tranthi.vn\/quang-tri\/wp-content\/uploads\/2022\/03\/lam-song-gia-go-hue_optimized-1-100x100.jpg 100w\" sizes=\"auto, (max-width: 250px) 100vw, 250px\" \/><\/li>\n<li><span style=\"font-size: 150%; font-family: 'times new roman', times, serif;\"><em><strong>Lam nh\u1ef1a gi\u1ea3 g\u1ed7 Hu\u1ebf<\/strong><\/em> l\u00e0 d\u00f2ng v\u1eadt li\u1ec7u kh\u00f4ng ch\u1ec9 mang \u0111\u1ebfn v\u1ebb \u0111\u1eb9p n\u01a1i kh\u00f4ng gian nh\u00e0 \u1edf m\u00e0 c\u00f2n c\u00f3 \u0111\u1ed9 b\u1ec1n v\u00e0 kh\u1ea3 n\u0103ng ch\u1ed1ng ch\u1ecbu \u1ea9m m\u1ed1c kh\u00e1 t\u1ed1t.<br \/>\n<iframe loading=\"lazy\" src=\"\/\/www.youtube.com\/embed\/raC5j8qxEmg\" width=\"560\" height=\"314\" allowfullscreen=\"allowfullscreen\"><\/iframe><br \/>\n<\/span><\/li>\n<li><span style=\"font-size: 150%; font-family: 'times new roman', times, serif;\">Lam nh\u1ef1a gi\u1ea3 g\u1ed7 <a href=\"https:\/\/vi.wikipedia.org\/wiki\/Hu%E1%BA%BF\"><em>Hu\u1ebf<\/em><\/a> hay c\u00f2n g\u1ecdi l\u00e0 lam g\u1ed7 s\u00f3ng l\u00e0 m\u1ed9t lo\u1ea1i v\u1eadt li\u1ec7u trang tr\u00ed n\u1ed9i th\u1ea5t v\u1edbi ki\u1ec3u d\u00e1ng kh\u00e1 n\u1ed5i b\u1eadt. V\u1edbi h\u00ecnh d\u1ea1ng s\u00f3ng l\u01b0\u1ee3n, \u0111\u00e2y l\u00e0 s\u1ea3n ph\u1ea9m c\u00f3 thi\u1ebft k\u1ebf \u0111\u1ed9c \u0111\u00e1o nh\u1ea5t trong s\u1ed1 c\u00e1c d\u00f2ng v\u1eadt li\u1ec7u \u1ed1p t\u01b0\u1eddng hi\u1ec7n nay.<\/span><\/li>\n<\/ul>\n<p>&nbsp;<\/p>\n<ul>\n<li><span style=\"font-size: 150%; font-family: 'times new roman', times, serif;\"><span style=\"font-size: 150%; font-family: 'times new roman', times, serif;\">Kh\u00f4ng ch\u1ec9 v\u1eady, v\u1edbi vi\u1ec7c c\u1ea5u t\u1ea1o t\u1eeb <strong><em>nh\u1ef1a<\/em><\/strong> nguy\u00ean sinh k\u1ebft h\u1ee3p v\u1edbi b\u1ec1 m\u1eb7t \u0111\u01b0\u1ee3c ph\u1ee7 UV th\u00ec s\u1ea3n ph\u1ea9m d\u01b0\u1eddng nh\u01b0 \u0111\u01b0\u1ee3c \u0111\u1ea3m b\u1ea3o ch\u1ea5t l\u01b0\u1ee3ng t\u1eeb trong ra ngo\u00e0i. Kh\u1ea3 n\u0103ng ch\u1ed1ng \u1ea9m m\u1ed1c t\u1eeb b\u00ean trong, kh\u1ea3 n\u0103ng ch\u1ed1ng tr\u1ea7y x\u01b0\u1edbt, b\u00e1m b\u1ea9n t\u1eeb b\u00ean ngo\u00e0i\u2026<br \/>\n<\/span><\/span><img loading=\"lazy\" decoding=\"async\" class=\"size-full wp-image-3835\" src=\"https:\/\/tranthi.vn\/quang-tri\/wp-content\/uploads\/2022\/03\/hue-lam-song-gia-go_optimized-1.jpg\" alt=\"hue-lam-song-gia-go\" width=\"250\" height=\"250\" srcset=\"https:\/\/tranthi.vn\/quang-tri\/wp-content\/uploads\/2022\/03\/hue-lam-song-gia-go_optimized-1.jpg 250w, https:\/\/tranthi.vn\/quang-tri\/wp-content\/uploads\/2022\/03\/hue-lam-song-gia-go_optimized-1-100x100.jpg 100w\" sizes=\"auto, (max-width: 250px) 100vw, 250px\" \/><\/li>\n<li><span style=\"font-size: 150%; font-family: 'times new roman', times, serif;\">\u0110\u01b0\u1ee3c ch\u1ebf t\u1ea1o t\u1eeb g\u1ed7 nh\u1ef1a, <strong><em>lam g\u1ed7 nh\u1ef1a<\/em><\/strong> d\u1ea1ng s\u00f3ng \u1ed1p t\u01b0\u1eddng , tr\u1ea7n lu\u00f4n b\u1ea3o \u0111\u1ea3m \u0111\u01b0\u1ee3c \u0111\u1ed9 d\u1ebbo dai, \u1ed5n \u0111\u1ecbnh trong d\u00f9ng, ch\u1ed1ng ch\u1ecdi th\u1ebf gi\u1edbi b\u00ean ngo\u00e0i t\u1ed1t tu\u1ed5i \u0111\u1eddi c\u00f3 kh\u1ea3 n\u0103ng k\u00e9o d\u00e0i \u0111\u1ebfn nhi\u1ec1u th\u1eadp k\u1ef7. Ch\u01b0a k\u1ec3, l\u00fac d\u00f9ng lam g\u1ed7 nh\u1ef1a c\u0169ng r\u1ea5t ti\u1ec7n d\u1ee5ng cho vi\u1ec7c lau, v\u1ec7 sinh.<\/span><\/li>\n<\/ul>\n<h2><span style=\"font-size: 150%; font-family: 'times new roman', times, serif;\">2. Ph\u00e2n lo\u1ea1i\u00a0 thanh lam nh\u1ef1a gi\u1ea3 g\u1ed7<\/span><\/h2>\n<ul>\n<li><span style=\"font-size: 150%; font-family: 'times new roman', times, serif;\">Thanh lam nh\u1ef1a n\u1ed9i th\u1ea5t<\/span><\/li>\n<li><span style=\"font-size: 150%; font-family: 'times new roman', times, serif;\"><span style=\"font-size: 150%; font-family: 'times new roman', times, serif;\">Thanh l\u00e0m nh\u1ef1a ngo\u1ea1i th\u1ea5t<br \/>\n<\/span><\/span><\/p>\n<figure id=\"attachment_3836\" aria-describedby=\"caption-attachment-3836\" style=\"width: 250px\" class=\"wp-caption alignnone\"><img loading=\"lazy\" decoding=\"async\" class=\"size-full wp-image-3836\" src=\"https:\/\/tranthi.vn\/quang-tri\/wp-content\/uploads\/2022\/03\/thanh-lam-nhua-gia-go-hue_optimized-1.jpg\" alt=\"thanh-lam-nhua-gia-go-hue\" width=\"250\" height=\"250\" srcset=\"https:\/\/tranthi.vn\/quang-tri\/wp-content\/uploads\/2022\/03\/thanh-lam-nhua-gia-go-hue_optimized-1.jpg 250w, https:\/\/tranthi.vn\/quang-tri\/wp-content\/uploads\/2022\/03\/thanh-lam-nhua-gia-go-hue_optimized-1-100x100.jpg 100w\" sizes=\"auto, (max-width: 250px) 100vw, 250px\" \/><figcaption id=\"caption-attachment-3836\" class=\"wp-caption-text\">thanh-lam-nhua-gia-go-hue<\/figcaption><\/figure><\/li>\n<\/ul>\n<h2><span style=\"font-size: 150%; font-family: 'times new roman', times, serif;\">3. Chi ph\u00ed nh\u00e2n c\u00f4ng<\/span><\/h2>\n<ul>\n<li><span style=\"font-size: 150%; font-family: 'times new roman', times, serif;\">Ch\u00ed ph\u00ed \u1ed1p t\u01b0\u1eddng thanh lam song n\u1ed9i th\u1ea5t : 120 \u2013 150 ng\u00e0n \/ m\u00e9t vu\u00f4ng<\/span><\/li>\n<li><span style=\"font-size: 150%; font-family: 'times new roman', times, serif;\">Chi ph\u00ed nh\u00e2n c\u00f4ng \u1ed1p thanh lam songs ngo\u1ea1i th\u1ea5t: 280 \u2013 320 \/ m\u00e9t vu\u00f4ng<\/span><\/li>\n<\/ul>\n<h2><span style=\"font-size: 150%; font-family: 'times new roman', times, serif;\">4. H\u01b0\u1edbng d\u1eabn c\u00e1ch thi c\u00f4ng lam nh\u1ef1a gi\u1ea3 g\u1ed7.<\/span><\/h2>\n<h3><span style=\"font-size: 150%; font-family: 'times new roman', times, serif;\">B\u01b0\u1edbc 1. Ch\u1ecdn m\u1eabu lam \u1ed1p t\u01b0\u1eddng<\/span><\/h3>\n<p>&nbsp;<\/p>\n<p><span style=\"font-size: 150%; font-family: 'times new roman', times, serif;\">Nh\u1eefng s\u1ea3n ph\u1ea9m lam g\u1ed7 composite r\u1ea5t phong ph\u00fa v\u1ec1 ki\u1ec3u d\u00e1ng, ch\u1ee7ng m\u00e0u v\u00e0 k\u00edch c\u1ee1. V\u00ec v\u1eady m\u00e0 b\u1ea1n nhi\u1ec1u kh\u1ea3 n\u0103ng quy\u1ebft \u0111\u1ecbnh theo cung c\u00e1ch t\u01b0\u1eddng nh\u00e0 m\u00ecnh. B\u1ea1n c\u1ea7n x\u00e2y d\u1ef1ng c\u00e1c b\u1ee9c t\u01b0\u1eddng ng\u0103n n\u1ed9i, ngo\u1ea1i th\u1ea5t sao cho h\u1ee3p v\u1edbi nhau v\u1ec1 ch\u1ee7ng m\u00e0u, m\u0129 thu\u1eadt c\u1ee7a kho\u1ea3ng kh\u00f4ng.<\/span><\/p>\n<p><iframe loading=\"lazy\" src=\"\/\/www.youtube.com\/embed\/8MxO0X8-tOU\" width=\"560\" height=\"314\" allowfullscreen=\"allowfullscreen\"><\/iframe><\/p>\n<h3><span style=\"font-size: 150%; font-family: 'times new roman', times, serif;\">B\u01b0\u1edbc 2 : C\u00e0i \u0111\u1eb7t h\u1ec7 khung x\u01b0\u01a1ng<\/span><\/h3>\n<p>&nbsp;<\/p>\n<p><span style=\"font-size: 150%; font-family: 'times new roman', times, serif;\">T\u00f9y theo ch\u1ed5 \u0111\u1ee9ng v\u00e0 t\u00ecnh h\u00ecnh th\u1ef1c t\u1ebf th\u1ef1c hi\u1ec7n ch\u00fang ta c\u00f3 kh\u1ea3 n\u0103ng ch\u1ecdn l\u1ef1a lo\u1ea1i khung x\u01b0\u01a1ng th\u1ecfa \u0111\u00e1ng.<\/span><\/p>\n<p>&nbsp;<\/p>\n<p><span style=\"font-size: 150%; font-family: 'times new roman', times, serif;\">\u2013 khung x\u01b0\u01a1ng nh\u1ef1a \u0111\u1ed1i v\u1edbi nh\u1eefng khu v\u1ef1c t\u01b0\u1eddng ph\u1eb3ng v\u00e0 c\u00f3 kh\u1ea3 n\u0103ng \u1ed1p kh\u00f4ng qua kh\u00e2u trung gian l\u00ean l\u01b0\u1eddng.<\/span><\/p>\n<p>&nbsp;<\/p>\n<p><span style=\"font-size: 150%; font-family: 'times new roman', times, serif;\">\u2013 \u1edf nh\u1eefng khu v\u1ef1c thi\u1ebfu h\u1eb3n \u0111\u01b0\u1ee3c m\u1eb7t ph\u1eb3ng ho\u1eb7c c\u1ea7n gi\u1eadt c\u1ea5p \u0111\u1ec3 che \u0111i nh\u1eefng ki\u1ebfm khuy\u1ebft c\u1ee7a t\u01b0\u1eddng m\u1ecdi ng\u01b0\u1eddi kh\u1ea3 d\u1ee5ng h\u1ec7 khung x\u01b0\u01a1ng b\u1eb1ng s\u1eaft h\u1ed9p m\u1ea1 k\u1ebdm \u0111\u1ec3 cam k\u1ebft s\u1ef1 h\u1eb3n nhi\u00ean v\u00e0 \u1ed5n \u0111\u1ecbnh trong ti\u1ebfn tr\u00ecnh d\u00f9ng.<\/span><\/p>\n<h3><span style=\"font-size: 150%; font-family: 'times new roman', times, serif;\">B\u01b0\u1edbc 3 : Thi c\u00f4ng lam t\u01b0\u1eddng gi\u1ea3 g\u1ed7 l\u00ean khung<\/span><\/h3>\n<p>&nbsp;<\/p>\n<p><span style=\"font-size: 150%; font-family: 'times new roman', times, serif;\">L\u00fac khung x\u01b0\u01a1ng \u0111\u00e3 \u0111\u01b0\u1ee3c \u0111\u1ecbnh v\u1ecb v\u1eefng ch\u1eafc l\u00ean b\u1ec1 ngo\u00e0i. Th\u00ec b\u1ea1n t\u1ed5 ch\u1ee9c c\u00e0i \u0111\u1eb7t g\u1ed7 nh\u1ef1a \u1ed1p t\u01b0\u1eddng . B\u1ea1n d\u00f9ng lo\u1ea1i keo d\u00e1n chuy\u00ean d\u00f9ng qu\u00e9t l\u00ean ph\u00eda b\u00ean ngo\u00e0i c\u00e1c thanh x\u01b0\u01a1ng ( \u0111\u1ec1 xu\u1ea5t : nhi\u1ec1u kh\u1ea3 n\u0103ng d\u00f9ng keo xbond ) . Ti\u1ebfp theo \u1ed1p v\u00e1n g\u1ed7 nh\u1ef1a v\u00e0 d\u00f9ng s\u00fang b\u1eafn \u0111inh y\u00ean \u1ed5n t\u1ea5m \u1ed1p l\u00ean khung x\u01b0\u01a1ng. C\u1ea7n l\u1ef1a lo\u1ea1i \u0111inh \u0111\u1ed3ng thi\u1ebfu h\u1eb3n \u0111\u1ea7u \u0111\u1ec3 h\u1ea1n ch\u1ebf nh\u1eefng v\u1ebft \u0111inh.<\/span><\/p>\n","protected":false},"excerpt":{"rendered":"<p>Lam nh\u1ef1a gi\u1ea3 g\u1ed7 Hu\u1ebf 1. Gi\u1edbi thi\u1ec7u v\u1ec1 lam nh\u1ef1a\u00a0 Trong nh\u1eefng n\u0103m g\u1ea7n \u0111\u00e2y v\u1eadt li\u1ec7u nh\u1ef1a t\u00e1i ch\u1ebf d\u1ea7n d\u1ea7n chi\u1ec5m l\u0129nh th\u1ecb tr\u01b0\u1eddng v\u1eadt li\u1ec7u x\u00e2y d\u01b0\u1ee3ng v\u00e0 trang tr\u00ed n\u1ed9i th\u1ea5t. Tr\u01b0\u1edbc \u0111\u00e2y xi m\u0103ng c\u00f2n t\u1ed1t, c\u00e1t ko b\u1ecb nhi\u1ec5m bu\u1ed3n th\u00ec c\u00e1c ng\u00f4i nh\u00e0 th\u01b0\u1eddng \u00edt b\u1ecb th\u1ea5m,&#8230;<\/p>\n","protected":false},"featured_media":3835,"comment_status":"closed","ping_status":"closed","template":"","meta":[],"product_cat":[311],"product_tag":[],"class_list":{"0":"post-3833","1":"product","2":"type-product","3":"status-publish","4":"has-post-thumbnail","6":"product_cat-thanh-lam-nhua-gia-go-hue","8":"first","9":"instock","10":"sale","11":"shipping-taxable","12":"purchasable","13":"product-type-simple"},"yoast_head":"<!-- This site is optimized with the Yoast SEO Premium plugin v22.3 (Yoast SEO v24.0) - https:\/\/yoast.com\/wordpress\/plugins\/seo\/ -->\n<title>Thanh lam s\u00f3ng nh\u1ef1a gi\u1ea3 g\u1ed7 gi\u00e1 r\u1ebb Hu\u1ebf - 0903.595.049<\/title>\n<meta name=\"description\" content=\"Thanh lam s\u00f3ng nh\u1ef1a gi\u1ea3 g\u1ed7 l\u00e0 m\u1ed9t s\u1ea3n ph\u1ea9m ng\u00e0y c\u00e0ng chi\u1ebfm l\u0129nh th\u1ecb tr\u01b0\u1eddng x\u00e2y d\u1ef1ng t\u1ea1i Hu\u1ebf. v\u1edbi t\u00ednh th\u1eabm m\u1ef9 v\u00e0 s\u1ef1 ti\u1ec7n l\u1ee3i c\u1ee7a n\u00f3\" \/>\n<meta name=\"robots\" content=\"index, follow, max-snippet:-1, max-image-preview:large, max-video-preview:-1\" \/>\n<link rel=\"canonical\" href=\"https:\/\/tranthi.vn\/quang-tri\/thanh-lam-song-nhua-gia-go-hue\/\" \/>\n<meta property=\"og:locale\" content=\"vi_VN\" \/>\n<meta property=\"og:type\" content=\"article\" \/>\n<meta property=\"og:title\" content=\"Lam nh\u1ef1a 01\" \/>\n<meta property=\"og:description\" content=\"Thanh lam s\u00f3ng nh\u1ef1a gi\u1ea3 g\u1ed7 l\u00e0 m\u1ed9t s\u1ea3n ph\u1ea9m ng\u00e0y c\u00e0ng chi\u1ebfm l\u0129nh th\u1ecb tr\u01b0\u1eddng x\u00e2y d\u1ef1ng t\u1ea1i Hu\u1ebf. v\u1edbi t\u00ednh th\u1eabm m\u1ef9 v\u00e0 s\u1ef1 ti\u1ec7n l\u1ee3i c\u1ee7a n\u00f3\" \/>\n<meta property=\"og:url\" content=\"https:\/\/tranthi.vn\/quang-tri\/thanh-lam-song-nhua-gia-go-hue\/\" \/>\n<meta property=\"og:site_name\" content=\"V\u1eadt Li\u1ec7u X\u00e2y D\u1ef1ng Tr\u1ea7n Th\u1ecb Chi Nh\u00e1nh Qu\u1ea3ng Tr\u1ecb\" \/>\n<meta property=\"article:modified_time\" content=\"2022-03-03T09:13:31+00:00\" \/>\n<meta property=\"og:image\" content=\"https:\/\/tranthi.vn\/quang-tri\/wp-content\/uploads\/2022\/03\/hue-lam-song-gia-go_optimized-1.jpg\" \/>\n\t<meta property=\"og:image:width\" content=\"250\" \/>\n\t<meta property=\"og:image:height\" content=\"250\" \/>\n\t<meta property=\"og:image:type\" content=\"image\/jpeg\" \/>\n<meta name=\"twitter:card\" content=\"summary_large_image\" \/>\n<meta name=\"twitter:label1\" content=\"Gi\u00e1\" \/>\n\t<meta name=\"twitter:data1\" content=\"725,000&nbsp;&#8363;\" \/>\n\t<meta name=\"twitter:label2\" content=\"Kh\u1ea3 d\u1ee5ng\" \/>\n\t<meta name=\"twitter:data2\" content=\"Trong kho\" \/>\n<script type=\"application\/ld+json\" class=\"yoast-schema-graph\">{\"@context\":\"https:\/\/schema.org\",\"@graph\":[{\"@type\":\"WebPage\",\"@id\":\"https:\/\/tranthi.vn\/quang-tri\/thanh-lam-song-nhua-gia-go-hue\/\",\"url\":\"https:\/\/tranthi.vn\/quang-tri\/thanh-lam-song-nhua-gia-go-hue\/\",\"name\":\"Thanh lam s\u00f3ng nh\u1ef1a gi\u1ea3 g\u1ed7 gi\u00e1 r\u1ebb Hu\u1ebf - 0903.595.049\",\"isPartOf\":{\"@id\":\"https:\/\/tranthi.vn\/quang-tri\/#website\"},\"primaryImageOfPage\":{\"@id\":\"https:\/\/tranthi.vn\/quang-tri\/thanh-lam-song-nhua-gia-go-hue\/#primaryimage\"},\"image\":{\"@id\":\"https:\/\/tranthi.vn\/quang-tri\/thanh-lam-song-nhua-gia-go-hue\/#primaryimage\"},\"thumbnailUrl\":\"https:\/\/tranthi.vn\/quang-tri\/wp-content\/uploads\/2022\/03\/hue-lam-song-gia-go_optimized-1.jpg\",\"datePublished\":\"2022-03-03T09:13:30+00:00\",\"dateModified\":\"2022-03-03T09:13:31+00:00\",\"description\":\"Thanh lam s\u00f3ng nh\u1ef1a gi\u1ea3 g\u1ed7 l\u00e0 m\u1ed9t s\u1ea3n ph\u1ea9m ng\u00e0y c\u00e0ng chi\u1ebfm l\u0129nh th\u1ecb tr\u01b0\u1eddng x\u00e2y d\u1ef1ng t\u1ea1i Hu\u1ebf. v\u1edbi t\u00ednh th\u1eabm m\u1ef9 v\u00e0 s\u1ef1 ti\u1ec7n l\u1ee3i c\u1ee7a n\u00f3\",\"breadcrumb\":{\"@id\":\"https:\/\/tranthi.vn\/quang-tri\/thanh-lam-song-nhua-gia-go-hue\/#breadcrumb\"},\"inLanguage\":\"vi\",\"potentialAction\":[{\"@type\":\"ReadAction\",\"target\":[\"https:\/\/tranthi.vn\/quang-tri\/thanh-lam-song-nhua-gia-go-hue\/\"]}]},{\"@type\":\"ImageObject\",\"inLanguage\":\"vi\",\"@id\":\"https:\/\/tranthi.vn\/quang-tri\/thanh-lam-song-nhua-gia-go-hue\/#primaryimage\",\"url\":\"https:\/\/tranthi.vn\/quang-tri\/wp-content\/uploads\/2022\/03\/hue-lam-song-gia-go_optimized-1.jpg\",\"contentUrl\":\"https:\/\/tranthi.vn\/quang-tri\/wp-content\/uploads\/2022\/03\/hue-lam-song-gia-go_optimized-1.jpg\",\"width\":250,\"height\":250,\"caption\":\"hue-lam-song-gia-go\"},{\"@type\":\"BreadcrumbList\",\"@id\":\"https:\/\/tranthi.vn\/quang-tri\/thanh-lam-song-nhua-gia-go-hue\/#breadcrumb\",\"itemListElement\":[{\"@type\":\"ListItem\",\"position\":1,\"name\":\"Trang Ch\u1ee7\",\"item\":\"https:\/\/tranthi.vn\/quang-tri\/\"},{\"@type\":\"ListItem\",\"position\":2,\"name\":\"Shop\",\"item\":\"https:\/\/tranthi.vn\/quang-tri\/shop\/\"},{\"@type\":\"ListItem\",\"position\":3,\"name\":\"Lam nh\u1ef1a 01\"}]},{\"@type\":\"WebSite\",\"@id\":\"https:\/\/tranthi.vn\/quang-tri\/#website\",\"url\":\"https:\/\/tranthi.vn\/quang-tri\/\",\"name\":\"VLXD Tr\u1ea7n Th\u1ecb\",\"description\":\"V\u1eadt Li\u1ec7u X\u00e2y D\u1ef1ng - Qu\u1ea3ng Tr\u1ecb\",\"publisher\":{\"@id\":\"https:\/\/tranthi.vn\/quang-tri\/#organization\"},\"potentialAction\":[{\"@type\":\"SearchAction\",\"target\":{\"@type\":\"EntryPoint\",\"urlTemplate\":\"https:\/\/tranthi.vn\/quang-tri\/?s={search_term_string}\"},\"query-input\":{\"@type\":\"PropertyValueSpecification\",\"valueRequired\":true,\"valueName\":\"search_term_string\"}}],\"inLanguage\":\"vi\"},{\"@type\":[\"Organization\",\"Place\"],\"@id\":\"https:\/\/tranthi.vn\/quang-tri\/#organization\",\"name\":\"VLXD Tr\u1ea7n Th\u1ecb\",\"url\":\"https:\/\/tranthi.vn\/quang-tri\/\",\"logo\":{\"@id\":\"https:\/\/tranthi.vn\/quang-tri\/thanh-lam-song-nhua-gia-go-hue\/#local-main-organization-logo\"},\"image\":{\"@id\":\"https:\/\/tranthi.vn\/quang-tri\/thanh-lam-song-nhua-gia-go-hue\/#local-main-organization-logo\"},\"telephone\":[],\"openingHoursSpecification\":[{\"@type\":\"OpeningHoursSpecification\",\"dayOfWeek\":[\"Monday\",\"Tuesday\",\"Wednesday\",\"Thursday\",\"Friday\",\"Saturday\",\"Sunday\"],\"opens\":\"09:00\",\"closes\":\"17:00\"}]},{\"@type\":\"ImageObject\",\"inLanguage\":\"vi\",\"@id\":\"https:\/\/tranthi.vn\/quang-tri\/thanh-lam-song-nhua-gia-go-hue\/#local-main-organization-logo\",\"url\":\"https:\/\/tranthi.vn\/quang-tri\/wp-content\/uploads\/2021\/02\/logo-tranthi1.jpg\",\"contentUrl\":\"https:\/\/tranthi.vn\/quang-tri\/wp-content\/uploads\/2021\/02\/logo-tranthi1.jpg\",\"width\":800,\"height\":319,\"caption\":\"VLXD Tr\u1ea7n Th\u1ecb\"}]}<\/script>\n<meta property=\"product:price:amount\" content=\"725000\" \/>\n<meta property=\"product:price:currency\" content=\"VND\" \/>\n<meta property=\"og:availability\" content=\"instock\" \/>\n<meta property=\"product:availability\" content=\"instock\" \/>\n<meta property=\"product:condition\" content=\"new\" \/>\n<!-- \/ Yoast SEO Premium plugin. -->","yoast_head_json":{"title":"Thanh lam s\u00f3ng nh\u1ef1a gi\u1ea3 g\u1ed7 gi\u00e1 r\u1ebb Hu\u1ebf - 0903.595.049","description":"Thanh lam s\u00f3ng nh\u1ef1a gi\u1ea3 g\u1ed7 l\u00e0 m\u1ed9t s\u1ea3n ph\u1ea9m ng\u00e0y c\u00e0ng chi\u1ebfm l\u0129nh th\u1ecb tr\u01b0\u1eddng x\u00e2y d\u1ef1ng t\u1ea1i Hu\u1ebf. v\u1edbi t\u00ednh th\u1eabm m\u1ef9 v\u00e0 s\u1ef1 ti\u1ec7n l\u1ee3i c\u1ee7a n\u00f3","robots":{"index":"index","follow":"follow","max-snippet":"max-snippet:-1","max-image-preview":"max-image-preview:large","max-video-preview":"max-video-preview:-1"},"canonical":"https:\/\/tranthi.vn\/quang-tri\/thanh-lam-song-nhua-gia-go-hue\/","og_locale":"vi_VN","og_type":"article","og_title":"Lam nh\u1ef1a 01","og_description":"Thanh lam s\u00f3ng nh\u1ef1a gi\u1ea3 g\u1ed7 l\u00e0 m\u1ed9t s\u1ea3n ph\u1ea9m ng\u00e0y c\u00e0ng chi\u1ebfm l\u0129nh th\u1ecb tr\u01b0\u1eddng x\u00e2y d\u1ef1ng t\u1ea1i Hu\u1ebf. v\u1edbi t\u00ednh th\u1eabm m\u1ef9 v\u00e0 s\u1ef1 ti\u1ec7n l\u1ee3i c\u1ee7a n\u00f3","og_url":"https:\/\/tranthi.vn\/quang-tri\/thanh-lam-song-nhua-gia-go-hue\/","og_site_name":"V\u1eadt Li\u1ec7u X\u00e2y D\u1ef1ng Tr\u1ea7n Th\u1ecb Chi Nh\u00e1nh Qu\u1ea3ng Tr\u1ecb","article_modified_time":"2022-03-03T09:13:31+00:00","og_image":[{"width":250,"height":250,"url":"https:\/\/tranthi.vn\/quang-tri\/wp-content\/uploads\/2022\/03\/hue-lam-song-gia-go_optimized-1.jpg","type":"image\/jpeg"}],"twitter_card":"summary_large_image","twitter_misc":{"Gi\u00e1":"725,000&nbsp;&#8363;","Kh\u1ea3 d\u1ee5ng":"Trong kho"},"schema":{"@context":"https:\/\/schema.org","@graph":[{"@type":"WebPage","@id":"https:\/\/tranthi.vn\/quang-tri\/thanh-lam-song-nhua-gia-go-hue\/","url":"https:\/\/tranthi.vn\/quang-tri\/thanh-lam-song-nhua-gia-go-hue\/","name":"Thanh lam s\u00f3ng nh\u1ef1a gi\u1ea3 g\u1ed7 gi\u00e1 r\u1ebb Hu\u1ebf - 0903.595.049","isPartOf":{"@id":"https:\/\/tranthi.vn\/quang-tri\/#website"},"primaryImageOfPage":{"@id":"https:\/\/tranthi.vn\/quang-tri\/thanh-lam-song-nhua-gia-go-hue\/#primaryimage"},"image":{"@id":"https:\/\/tranthi.vn\/quang-tri\/thanh-lam-song-nhua-gia-go-hue\/#primaryimage"},"thumbnailUrl":"https:\/\/tranthi.vn\/quang-tri\/wp-content\/uploads\/2022\/03\/hue-lam-song-gia-go_optimized-1.jpg","datePublished":"2022-03-03T09:13:30+00:00","dateModified":"2022-03-03T09:13:31+00:00","description":"Thanh lam s\u00f3ng nh\u1ef1a gi\u1ea3 g\u1ed7 l\u00e0 m\u1ed9t s\u1ea3n ph\u1ea9m ng\u00e0y c\u00e0ng chi\u1ebfm l\u0129nh th\u1ecb tr\u01b0\u1eddng x\u00e2y d\u1ef1ng t\u1ea1i Hu\u1ebf. v\u1edbi t\u00ednh th\u1eabm m\u1ef9 v\u00e0 s\u1ef1 ti\u1ec7n l\u1ee3i c\u1ee7a n\u00f3","breadcrumb":{"@id":"https:\/\/tranthi.vn\/quang-tri\/thanh-lam-song-nhua-gia-go-hue\/#breadcrumb"},"inLanguage":"vi","potentialAction":[{"@type":"ReadAction","target":["https:\/\/tranthi.vn\/quang-tri\/thanh-lam-song-nhua-gia-go-hue\/"]}]},{"@type":"ImageObject","inLanguage":"vi","@id":"https:\/\/tranthi.vn\/quang-tri\/thanh-lam-song-nhua-gia-go-hue\/#primaryimage","url":"https:\/\/tranthi.vn\/quang-tri\/wp-content\/uploads\/2022\/03\/hue-lam-song-gia-go_optimized-1.jpg","contentUrl":"https:\/\/tranthi.vn\/quang-tri\/wp-content\/uploads\/2022\/03\/hue-lam-song-gia-go_optimized-1.jpg","width":250,"height":250,"caption":"hue-lam-song-gia-go"},{"@type":"BreadcrumbList","@id":"https:\/\/tranthi.vn\/quang-tri\/thanh-lam-song-nhua-gia-go-hue\/#breadcrumb","itemListElement":[{"@type":"ListItem","position":1,"name":"Trang Ch\u1ee7","item":"https:\/\/tranthi.vn\/quang-tri\/"},{"@type":"ListItem","position":2,"name":"Shop","item":"https:\/\/tranthi.vn\/quang-tri\/shop\/"},{"@type":"ListItem","position":3,"name":"Lam nh\u1ef1a 01"}]},{"@type":"WebSite","@id":"https:\/\/tranthi.vn\/quang-tri\/#website","url":"https:\/\/tranthi.vn\/quang-tri\/","name":"VLXD Tr\u1ea7n Th\u1ecb","description":"V\u1eadt Li\u1ec7u X\u00e2y D\u1ef1ng - Qu\u1ea3ng Tr\u1ecb","publisher":{"@id":"https:\/\/tranthi.vn\/quang-tri\/#organization"},"potentialAction":[{"@type":"SearchAction","target":{"@type":"EntryPoint","urlTemplate":"https:\/\/tranthi.vn\/quang-tri\/?s={search_term_string}"},"query-input":{"@type":"PropertyValueSpecification","valueRequired":true,"valueName":"search_term_string"}}],"inLanguage":"vi"},{"@type":["Organization","Place"],"@id":"https:\/\/tranthi.vn\/quang-tri\/#organization","name":"VLXD Tr\u1ea7n Th\u1ecb","url":"https:\/\/tranthi.vn\/quang-tri\/","logo":{"@id":"https:\/\/tranthi.vn\/quang-tri\/thanh-lam-song-nhua-gia-go-hue\/#local-main-organization-logo"},"image":{"@id":"https:\/\/tranthi.vn\/quang-tri\/thanh-lam-song-nhua-gia-go-hue\/#local-main-organization-logo"},"telephone":[],"openingHoursSpecification":[{"@type":"OpeningHoursSpecification","dayOfWeek":["Monday","Tuesday","Wednesday","Thursday","Friday","Saturday","Sunday"],"opens":"09:00","closes":"17:00"}]},{"@type":"ImageObject","inLanguage":"vi","@id":"https:\/\/tranthi.vn\/quang-tri\/thanh-lam-song-nhua-gia-go-hue\/#local-main-organization-logo","url":"https:\/\/tranthi.vn\/quang-tri\/wp-content\/uploads\/2021\/02\/logo-tranthi1.jpg","contentUrl":"https:\/\/tranthi.vn\/quang-tri\/wp-content\/uploads\/2021\/02\/logo-tranthi1.jpg","width":800,"height":319,"caption":"VLXD Tr\u1ea7n Th\u1ecb"}]},"product_price_amount":"725000","product_price_currency":"VND","og_availability":"instock","product_availability":"instock","product_condition":"new"},"_links":{"self":[{"href":"https:\/\/tranthi.vn\/quang-tri\/wp-json\/wp\/v2\/product\/3833","targetHints":{"allow":["GET"]}}],"collection":[{"href":"https:\/\/tranthi.vn\/quang-tri\/wp-json\/wp\/v2\/product"}],"about":[{"href":"https:\/\/tranthi.vn\/quang-tri\/wp-json\/wp\/v2\/types\/product"}],"replies":[{"embeddable":true,"href":"https:\/\/tranthi.vn\/quang-tri\/wp-json\/wp\/v2\/comments?post=3833"}],"wp:featuredmedia":[{"embeddable":true,"href":"https:\/\/tranthi.vn\/quang-tri\/wp-json\/wp\/v2\/media\/3835"}],"wp:attachment":[{"href":"https:\/\/tranthi.vn\/quang-tri\/wp-json\/wp\/v2\/media?parent=3833"}],"wp:term":[{"taxonomy":"product_cat","embeddable":true,"href":"https:\/\/tranthi.vn\/quang-tri\/wp-json\/wp\/v2\/product_cat?post=3833"},{"taxonomy":"product_tag","embeddable":true,"href":"https:\/\/tranthi.vn\/quang-tri\/wp-json\/wp\/v2\/product_tag?post=3833"}],"curies":[{"name":"wp","href":"https:\/\/api.w.org\/{rel}","templated":true}]}}