{"id":3827,"date":"2022-02-19T18:50:15","date_gmt":"2022-02-19T11:50:15","guid":{"rendered":"https:\/\/tranthi.vn\/hue\/?post_type=product&#038;p=3827"},"modified":"2022-07-09T10:30:07","modified_gmt":"2022-07-09T03:30:07","slug":"pho-mai-phu-gel-gia-tot-tai-dong-ha-quang-tri","status":"publish","type":"product","link":"https:\/\/tranthi.vn\/quang-tri\/pho-mai-phu-gel-gia-tot-tai-dong-ha-quang-tri\/","title":{"rendered":"Pho mai ph\u1ee7 Gel"},"content":{"rendered":"<p>Ph\u00f4 mai ph\u1ee7 GEL PUKACO, d\u00f9ng \u0111\u1ec3 t\u1ea1o hi\u1ec7u \u1ee9ng cho s\u01a1n b\u00ea t\u00f4ng, v\u00e0 ph\u1ee7 gel l\u00ean b\u1ec1 m\u1eb7t s\u01a1n b\u00ea t\u00f4ng v\u00e0 s\u01a1n gi\u1ea3 r\u1ec9<\/p>\n","protected":false},"excerpt":{"rendered":"<p><span style=\"font-family: 'times new roman', times, serif;\"><img loading=\"lazy\" decoding=\"async\" class=\"\" src=\"https:\/\/static.xx.fbcdn.net\/images\/emoji.php\/v9\/t87\/1\/16\/1f340.png\" alt=\"\ud83c\udf40\" width=\"21\" height=\"17\" \/><span style=\"font-size: 130%;\">\u00a0 \u0110\u01a1n gi\u00e1 \u21d2<strong><span style=\"color: #ff0000;\"> 215.000 \u0111 \/ Lon \/ 1 l\u00edt<\/span><\/strong><\/span><\/span><\/p>\n<p><span style=\"font-family: 'times new roman', times, serif; font-size: 130%;\"><span style=\"font-family: 'times new roman', times, serif;\"><img loading=\"lazy\" decoding=\"async\" class=\"\" src=\"https:\/\/static.xx.fbcdn.net\/images\/emoji.php\/v9\/t87\/1\/16\/1f340.png\" alt=\"\ud83c\udf40\" width=\"21\" height=\"17\" \/>\u00a0 <\/span>Ph\u00f4 mai ph\u1ee7 GEL PUKACO, d\u00f9ng \u0111\u1ec3 t\u1ea1o hi\u1ec7u \u1ee9ng cho s\u01a1n b\u00ea t\u00f4ng, v\u00e0 ph\u1ee7 gel l\u00ean b\u1ec1 m\u1eb7t s\u01a1n b\u00ea t\u00f4ng v\u00e0 s\u01a1n gi\u1ea3 r\u1ec9<\/span><\/p>\n<p><span style=\"font-family: 'times new roman', times, serif; font-size: 130%;\"><span style=\"font-family: 'times new roman', times, serif;\"><img loading=\"lazy\" decoding=\"async\" class=\"\" src=\"https:\/\/static.xx.fbcdn.net\/images\/emoji.php\/v9\/t87\/1\/16\/1f340.png\" alt=\"\ud83c\udf40\" width=\"21\" height=\"17\" \/> \u00a0<\/span>Mi\u1ec5n ph\u00ed Ship khi mua t\u1eeb 3 \u0111\u01a1n v\u1ecb tr\u1edf l\u00ean v\u00e0 trng TP Hu\u1ebf , Ngo\u00e0i ra Tr\u1ea7n Th\u1ecb c\u00f2n Ship c\u00e1c huy\u1ec7n l\u00e2n C\u1eadn Ph\u00ed Ship \u0111\u01b0\u1ee3c t\u00ednh t\u00f9y thu\u1ed9c v\u00e0o xa hay g\u1ea7n\u00a0<\/span><\/p>\n","protected":false},"featured_media":4534,"comment_status":"closed","ping_status":"closed","template":"","meta":[],"product_cat":[272],"product_tag":[678],"class_list":{"0":"post-3827","1":"product","2":"type-product","3":"status-publish","4":"has-post-thumbnail","6":"product_cat-gia-son-gia-be-tong-pukaco-da-nang","7":"product_tag-gia-si-le-pho-mai-phu-gel-pukaco-hue","9":"first","10":"instock","11":"sale","12":"shipping-taxable","13":"purchasable","14":"product-type-simple"},"yoast_head":"<!-- This site is optimized with the Yoast SEO Premium plugin v22.3 (Yoast SEO v24.0) - https:\/\/yoast.com\/wordpress\/plugins\/seo\/ -->\n<title>Pho mai ph\u1ee7 Gel - V\u1eadt Li\u1ec7u X\u00e2y D\u1ef1ng Tr\u1ea7n Th\u1ecb Chi Nh\u00e1nh Qu\u1ea3ng Tr\u1ecb<\/title>\n<meta name=\"robots\" content=\"index, follow, max-snippet:-1, max-image-preview:large, max-video-preview:-1\" \/>\n<link rel=\"canonical\" href=\"https:\/\/tranthi.vn\/quang-tri\/pho-mai-phu-gel-gia-tot-tai-dong-ha-quang-tri\/\" \/>\n<meta property=\"og:locale\" content=\"vi_VN\" \/>\n<meta property=\"og:type\" content=\"article\" \/>\n<meta property=\"og:title\" content=\"Pho mai ph\u1ee7 Gel\" \/>\n<meta property=\"og:description\" content=\"\u00a0 \u0110\u01a1n gi\u00e1 \u21d2 215.000 \u0111 \/ Lon \/ 1 l\u00edt  \u00a0 Ph\u00f4 mai ph\u1ee7 GEL PUKACO, d\u00f9ng \u0111\u1ec3 t\u1ea1o hi\u1ec7u \u1ee9ng cho s\u01a1n b\u00ea t\u00f4ng, v\u00e0 ph\u1ee7 gel l\u00ean b\u1ec1 m\u1eb7t s\u01a1n b\u00ea t\u00f4ng v\u00e0 s\u01a1n gi\u1ea3 r\u1ec9   \u00a0Mi\u1ec5n ph\u00ed Ship khi mua t\u1eeb 3 \u0111\u01a1n v\u1ecb tr\u1edf l\u00ean v\u00e0 trng TP Hu\u1ebf , Ngo\u00e0i ra Tr\u1ea7n Th\u1ecb c\u00f2n Ship c\u00e1c huy\u1ec7n l\u00e2n C\u1eadn Ph\u00ed Ship \u0111\u01b0\u1ee3c t\u00ednh t\u00f9y thu\u1ed9c v\u00e0o xa hay g\u1ea7n\u00a0\" \/>\n<meta property=\"og:url\" content=\"https:\/\/tranthi.vn\/quang-tri\/pho-mai-phu-gel-gia-tot-tai-dong-ha-quang-tri\/\" \/>\n<meta property=\"og:site_name\" content=\"V\u1eadt Li\u1ec7u X\u00e2y D\u1ef1ng Tr\u1ea7n Th\u1ecb Chi Nh\u00e1nh Qu\u1ea3ng Tr\u1ecb\" \/>\n<meta property=\"article:modified_time\" content=\"2022-07-09T03:30:07+00:00\" \/>\n<meta property=\"og:image\" content=\"https:\/\/tranthi.vn\/quang-tri\/wp-content\/uploads\/2022\/02\/gia-si-le-pho-mai-phu-gel-pukaco-hue.jpg\" \/>\n\t<meta property=\"og:image:width\" content=\"250\" \/>\n\t<meta property=\"og:image:height\" content=\"250\" \/>\n\t<meta property=\"og:image:type\" content=\"image\/jpeg\" \/>\n<meta name=\"twitter:card\" content=\"summary_large_image\" \/>\n<meta name=\"twitter:label1\" content=\"Gi\u00e1\" \/>\n\t<meta name=\"twitter:data1\" content=\"215,000&nbsp;&#8363;\" \/>\n\t<meta name=\"twitter:label2\" content=\"Kh\u1ea3 d\u1ee5ng\" \/>\n\t<meta name=\"twitter:data2\" content=\"Trong kho\" \/>\n<script type=\"application\/ld+json\" class=\"yoast-schema-graph\">{\"@context\":\"https:\/\/schema.org\",\"@graph\":[{\"@type\":\"WebPage\",\"@id\":\"https:\/\/tranthi.vn\/quang-tri\/pho-mai-phu-gel-gia-tot-tai-dong-ha-quang-tri\/\",\"url\":\"https:\/\/tranthi.vn\/quang-tri\/pho-mai-phu-gel-gia-tot-tai-dong-ha-quang-tri\/\",\"name\":\"Pho mai ph\u1ee7 Gel - V\u1eadt Li\u1ec7u X\u00e2y D\u1ef1ng Tr\u1ea7n Th\u1ecb Chi Nh\u00e1nh Qu\u1ea3ng Tr\u1ecb\",\"isPartOf\":{\"@id\":\"https:\/\/tranthi.vn\/quang-tri\/#website\"},\"primaryImageOfPage\":{\"@id\":\"https:\/\/tranthi.vn\/quang-tri\/pho-mai-phu-gel-gia-tot-tai-dong-ha-quang-tri\/#primaryimage\"},\"image\":{\"@id\":\"https:\/\/tranthi.vn\/quang-tri\/pho-mai-phu-gel-gia-tot-tai-dong-ha-quang-tri\/#primaryimage\"},\"thumbnailUrl\":\"https:\/\/tranthi.vn\/quang-tri\/wp-content\/uploads\/2022\/02\/gia-si-le-pho-mai-phu-gel-pukaco-hue.jpg\",\"datePublished\":\"2022-02-19T11:50:15+00:00\",\"dateModified\":\"2022-07-09T03:30:07+00:00\",\"breadcrumb\":{\"@id\":\"https:\/\/tranthi.vn\/quang-tri\/pho-mai-phu-gel-gia-tot-tai-dong-ha-quang-tri\/#breadcrumb\"},\"inLanguage\":\"vi\",\"potentialAction\":[{\"@type\":\"ReadAction\",\"target\":[\"https:\/\/tranthi.vn\/quang-tri\/pho-mai-phu-gel-gia-tot-tai-dong-ha-quang-tri\/\"]}]},{\"@type\":\"ImageObject\",\"inLanguage\":\"vi\",\"@id\":\"https:\/\/tranthi.vn\/quang-tri\/pho-mai-phu-gel-gia-tot-tai-dong-ha-quang-tri\/#primaryimage\",\"url\":\"https:\/\/tranthi.vn\/quang-tri\/wp-content\/uploads\/2022\/02\/gia-si-le-pho-mai-phu-gel-pukaco-hue.jpg\",\"contentUrl\":\"https:\/\/tranthi.vn\/quang-tri\/wp-content\/uploads\/2022\/02\/gia-si-le-pho-mai-phu-gel-pukaco-hue.jpg\",\"width\":250,\"height\":250,\"caption\":\"gia-si-le-pho-mai-phu-gel-pukaco-hue\"},{\"@type\":\"BreadcrumbList\",\"@id\":\"https:\/\/tranthi.vn\/quang-tri\/pho-mai-phu-gel-gia-tot-tai-dong-ha-quang-tri\/#breadcrumb\",\"itemListElement\":[{\"@type\":\"ListItem\",\"position\":1,\"name\":\"Trang Ch\u1ee7\",\"item\":\"https:\/\/tranthi.vn\/quang-tri\/\"},{\"@type\":\"ListItem\",\"position\":2,\"name\":\"Shop\",\"item\":\"https:\/\/tranthi.vn\/quang-tri\/shop\/\"},{\"@type\":\"ListItem\",\"position\":3,\"name\":\"Pho mai ph\u1ee7 Gel\"}]},{\"@type\":\"WebSite\",\"@id\":\"https:\/\/tranthi.vn\/quang-tri\/#website\",\"url\":\"https:\/\/tranthi.vn\/quang-tri\/\",\"name\":\"VLXD Tr\u1ea7n Th\u1ecb\",\"description\":\"V\u1eadt Li\u1ec7u X\u00e2y D\u1ef1ng - Qu\u1ea3ng Tr\u1ecb\",\"publisher\":{\"@id\":\"https:\/\/tranthi.vn\/quang-tri\/#organization\"},\"potentialAction\":[{\"@type\":\"SearchAction\",\"target\":{\"@type\":\"EntryPoint\",\"urlTemplate\":\"https:\/\/tranthi.vn\/quang-tri\/?s={search_term_string}\"},\"query-input\":{\"@type\":\"PropertyValueSpecification\",\"valueRequired\":true,\"valueName\":\"search_term_string\"}}],\"inLanguage\":\"vi\"},{\"@type\":[\"Organization\",\"Place\"],\"@id\":\"https:\/\/tranthi.vn\/quang-tri\/#organization\",\"name\":\"VLXD Tr\u1ea7n Th\u1ecb\",\"url\":\"https:\/\/tranthi.vn\/quang-tri\/\",\"logo\":{\"@id\":\"https:\/\/tranthi.vn\/quang-tri\/pho-mai-phu-gel-gia-tot-tai-dong-ha-quang-tri\/#local-main-organization-logo\"},\"image\":{\"@id\":\"https:\/\/tranthi.vn\/quang-tri\/pho-mai-phu-gel-gia-tot-tai-dong-ha-quang-tri\/#local-main-organization-logo\"},\"telephone\":[],\"openingHoursSpecification\":[{\"@type\":\"OpeningHoursSpecification\",\"dayOfWeek\":[\"Monday\",\"Tuesday\",\"Wednesday\",\"Thursday\",\"Friday\",\"Saturday\",\"Sunday\"],\"opens\":\"09:00\",\"closes\":\"17:00\"}]},{\"@type\":\"ImageObject\",\"inLanguage\":\"vi\",\"@id\":\"https:\/\/tranthi.vn\/quang-tri\/pho-mai-phu-gel-gia-tot-tai-dong-ha-quang-tri\/#local-main-organization-logo\",\"url\":\"https:\/\/tranthi.vn\/quang-tri\/wp-content\/uploads\/2021\/02\/logo-tranthi1.jpg\",\"contentUrl\":\"https:\/\/tranthi.vn\/quang-tri\/wp-content\/uploads\/2021\/02\/logo-tranthi1.jpg\",\"width\":800,\"height\":319,\"caption\":\"VLXD Tr\u1ea7n Th\u1ecb\"}]}<\/script>\n<meta property=\"product:price:amount\" content=\"215000\" \/>\n<meta property=\"product:price:currency\" content=\"VND\" \/>\n<meta property=\"og:availability\" content=\"instock\" \/>\n<meta property=\"product:availability\" content=\"instock\" \/>\n<meta property=\"product:condition\" content=\"new\" \/>\n<!-- \/ Yoast SEO Premium plugin. -->","yoast_head_json":{"title":"Pho mai ph\u1ee7 Gel - V\u1eadt Li\u1ec7u X\u00e2y D\u1ef1ng Tr\u1ea7n Th\u1ecb Chi Nh\u00e1nh Qu\u1ea3ng Tr\u1ecb","robots":{"index":"index","follow":"follow","max-snippet":"max-snippet:-1","max-image-preview":"max-image-preview:large","max-video-preview":"max-video-preview:-1"},"canonical":"https:\/\/tranthi.vn\/quang-tri\/pho-mai-phu-gel-gia-tot-tai-dong-ha-quang-tri\/","og_locale":"vi_VN","og_type":"article","og_title":"Pho mai ph\u1ee7 Gel","og_description":"\u00a0 \u0110\u01a1n gi\u00e1 \u21d2 215.000 \u0111 \/ Lon \/ 1 l\u00edt  \u00a0 Ph\u00f4 mai ph\u1ee7 GEL PUKACO, d\u00f9ng \u0111\u1ec3 t\u1ea1o hi\u1ec7u \u1ee9ng cho s\u01a1n b\u00ea t\u00f4ng, v\u00e0 ph\u1ee7 gel l\u00ean b\u1ec1 m\u1eb7t s\u01a1n b\u00ea t\u00f4ng v\u00e0 s\u01a1n gi\u1ea3 r\u1ec9   \u00a0Mi\u1ec5n ph\u00ed Ship khi mua t\u1eeb 3 \u0111\u01a1n v\u1ecb tr\u1edf l\u00ean v\u00e0 trng TP Hu\u1ebf , Ngo\u00e0i ra Tr\u1ea7n Th\u1ecb c\u00f2n Ship c\u00e1c huy\u1ec7n l\u00e2n C\u1eadn Ph\u00ed Ship \u0111\u01b0\u1ee3c t\u00ednh t\u00f9y thu\u1ed9c v\u00e0o xa hay g\u1ea7n\u00a0","og_url":"https:\/\/tranthi.vn\/quang-tri\/pho-mai-phu-gel-gia-tot-tai-dong-ha-quang-tri\/","og_site_name":"V\u1eadt Li\u1ec7u X\u00e2y D\u1ef1ng Tr\u1ea7n Th\u1ecb Chi Nh\u00e1nh Qu\u1ea3ng Tr\u1ecb","article_modified_time":"2022-07-09T03:30:07+00:00","og_image":[{"width":250,"height":250,"url":"https:\/\/tranthi.vn\/quang-tri\/wp-content\/uploads\/2022\/02\/gia-si-le-pho-mai-phu-gel-pukaco-hue.jpg","type":"image\/jpeg"}],"twitter_card":"summary_large_image","twitter_misc":{"Gi\u00e1":"215,000&nbsp;&#8363;","Kh\u1ea3 d\u1ee5ng":"Trong kho"},"schema":{"@context":"https:\/\/schema.org","@graph":[{"@type":"WebPage","@id":"https:\/\/tranthi.vn\/quang-tri\/pho-mai-phu-gel-gia-tot-tai-dong-ha-quang-tri\/","url":"https:\/\/tranthi.vn\/quang-tri\/pho-mai-phu-gel-gia-tot-tai-dong-ha-quang-tri\/","name":"Pho mai ph\u1ee7 Gel - V\u1eadt Li\u1ec7u X\u00e2y D\u1ef1ng Tr\u1ea7n Th\u1ecb Chi Nh\u00e1nh Qu\u1ea3ng Tr\u1ecb","isPartOf":{"@id":"https:\/\/tranthi.vn\/quang-tri\/#website"},"primaryImageOfPage":{"@id":"https:\/\/tranthi.vn\/quang-tri\/pho-mai-phu-gel-gia-tot-tai-dong-ha-quang-tri\/#primaryimage"},"image":{"@id":"https:\/\/tranthi.vn\/quang-tri\/pho-mai-phu-gel-gia-tot-tai-dong-ha-quang-tri\/#primaryimage"},"thumbnailUrl":"https:\/\/tranthi.vn\/quang-tri\/wp-content\/uploads\/2022\/02\/gia-si-le-pho-mai-phu-gel-pukaco-hue.jpg","datePublished":"2022-02-19T11:50:15+00:00","dateModified":"2022-07-09T03:30:07+00:00","breadcrumb":{"@id":"https:\/\/tranthi.vn\/quang-tri\/pho-mai-phu-gel-gia-tot-tai-dong-ha-quang-tri\/#breadcrumb"},"inLanguage":"vi","potentialAction":[{"@type":"ReadAction","target":["https:\/\/tranthi.vn\/quang-tri\/pho-mai-phu-gel-gia-tot-tai-dong-ha-quang-tri\/"]}]},{"@type":"ImageObject","inLanguage":"vi","@id":"https:\/\/tranthi.vn\/quang-tri\/pho-mai-phu-gel-gia-tot-tai-dong-ha-quang-tri\/#primaryimage","url":"https:\/\/tranthi.vn\/quang-tri\/wp-content\/uploads\/2022\/02\/gia-si-le-pho-mai-phu-gel-pukaco-hue.jpg","contentUrl":"https:\/\/tranthi.vn\/quang-tri\/wp-content\/uploads\/2022\/02\/gia-si-le-pho-mai-phu-gel-pukaco-hue.jpg","width":250,"height":250,"caption":"gia-si-le-pho-mai-phu-gel-pukaco-hue"},{"@type":"BreadcrumbList","@id":"https:\/\/tranthi.vn\/quang-tri\/pho-mai-phu-gel-gia-tot-tai-dong-ha-quang-tri\/#breadcrumb","itemListElement":[{"@type":"ListItem","position":1,"name":"Trang Ch\u1ee7","item":"https:\/\/tranthi.vn\/quang-tri\/"},{"@type":"ListItem","position":2,"name":"Shop","item":"https:\/\/tranthi.vn\/quang-tri\/shop\/"},{"@type":"ListItem","position":3,"name":"Pho mai ph\u1ee7 Gel"}]},{"@type":"WebSite","@id":"https:\/\/tranthi.vn\/quang-tri\/#website","url":"https:\/\/tranthi.vn\/quang-tri\/","name":"VLXD Tr\u1ea7n Th\u1ecb","description":"V\u1eadt Li\u1ec7u X\u00e2y D\u1ef1ng - Qu\u1ea3ng Tr\u1ecb","publisher":{"@id":"https:\/\/tranthi.vn\/quang-tri\/#organization"},"potentialAction":[{"@type":"SearchAction","target":{"@type":"EntryPoint","urlTemplate":"https:\/\/tranthi.vn\/quang-tri\/?s={search_term_string}"},"query-input":{"@type":"PropertyValueSpecification","valueRequired":true,"valueName":"search_term_string"}}],"inLanguage":"vi"},{"@type":["Organization","Place"],"@id":"https:\/\/tranthi.vn\/quang-tri\/#organization","name":"VLXD Tr\u1ea7n Th\u1ecb","url":"https:\/\/tranthi.vn\/quang-tri\/","logo":{"@id":"https:\/\/tranthi.vn\/quang-tri\/pho-mai-phu-gel-gia-tot-tai-dong-ha-quang-tri\/#local-main-organization-logo"},"image":{"@id":"https:\/\/tranthi.vn\/quang-tri\/pho-mai-phu-gel-gia-tot-tai-dong-ha-quang-tri\/#local-main-organization-logo"},"telephone":[],"openingHoursSpecification":[{"@type":"OpeningHoursSpecification","dayOfWeek":["Monday","Tuesday","Wednesday","Thursday","Friday","Saturday","Sunday"],"opens":"09:00","closes":"17:00"}]},{"@type":"ImageObject","inLanguage":"vi","@id":"https:\/\/tranthi.vn\/quang-tri\/pho-mai-phu-gel-gia-tot-tai-dong-ha-quang-tri\/#local-main-organization-logo","url":"https:\/\/tranthi.vn\/quang-tri\/wp-content\/uploads\/2021\/02\/logo-tranthi1.jpg","contentUrl":"https:\/\/tranthi.vn\/quang-tri\/wp-content\/uploads\/2021\/02\/logo-tranthi1.jpg","width":800,"height":319,"caption":"VLXD Tr\u1ea7n Th\u1ecb"}]},"product_price_amount":"215000","product_price_currency":"VND","og_availability":"instock","product_availability":"instock","product_condition":"new"},"_links":{"self":[{"href":"https:\/\/tranthi.vn\/quang-tri\/wp-json\/wp\/v2\/product\/3827","targetHints":{"allow":["GET"]}}],"collection":[{"href":"https:\/\/tranthi.vn\/quang-tri\/wp-json\/wp\/v2\/product"}],"about":[{"href":"https:\/\/tranthi.vn\/quang-tri\/wp-json\/wp\/v2\/types\/product"}],"replies":[{"embeddable":true,"href":"https:\/\/tranthi.vn\/quang-tri\/wp-json\/wp\/v2\/comments?post=3827"}],"wp:featuredmedia":[{"embeddable":true,"href":"https:\/\/tranthi.vn\/quang-tri\/wp-json\/wp\/v2\/media\/4534"}],"wp:attachment":[{"href":"https:\/\/tranthi.vn\/quang-tri\/wp-json\/wp\/v2\/media?parent=3827"}],"wp:term":[{"taxonomy":"product_cat","embeddable":true,"href":"https:\/\/tranthi.vn\/quang-tri\/wp-json\/wp\/v2\/product_cat?post=3827"},{"taxonomy":"product_tag","embeddable":true,"href":"https:\/\/tranthi.vn\/quang-tri\/wp-json\/wp\/v2\/product_tag?post=3827"}],"curies":[{"name":"wp","href":"https:\/\/api.w.org\/{rel}","templated":true}]}}