{"id":3448,"date":"2021-07-10T16:39:27","date_gmt":"2021-07-10T09:39:27","guid":{"rendered":"https:\/\/tranthi.vn\/?post_type=product&#038;p=3448"},"modified":"2022-02-22T08:30:29","modified_gmt":"2022-02-22T01:30:29","slug":"kiem-jotashield-primer-17l","status":"publish","type":"product","link":"https:\/\/tranthi.vn\/quang-tri\/kiem-jotashield-primer-17l\/","title":{"rendered":"Ki\u1ec1m Jotashield Primer-17l"},"content":{"rendered":"","protected":false},"excerpt":{"rendered":"<p><span style=\"font-family: 'times new roman', times, serif; font-size: 130%; color: #000000;\">\ud83d\ude1b Giao h\u00e0ng trong \u0111\u1ecba b\u00e0n\u00a0<span style=\"color: #008000;\"><em><strong><a style=\"color: #008000;\" href=\"https:\/\/fr.wikipedia.org\/wiki\/Da_Nang\">\u0110\u00e0 N\u1eb5ng<\/a><\/strong><\/em><\/span><\/span><\/p>\n<p><span style=\"font-family: 'times new roman', times, serif; font-size: 130%; color: #000000;\">\ud83d\ude1b \u0110\u01a1n v\u1ecb t\u00ednh: 17 l\u00edt<\/span><\/p>\n<p><span style=\"font-family: 'times new roman', times, serif; font-size: 130%; color: #000000;\">\ud83d\ude1b \u0110\u01a1n<em> <strong>gi\u00e1 : <\/strong><\/em><\/span><span style=\"font-family: 'times new roman', times, serif; font-size: 130%; color: #000000;\"><strong><span style=\"color: #ff0000;\">1.575.000\/<\/span> 17l &#8211; <span style=\"color: #ff0000;\">496<\/span><\/strong><\/span><span style=\"font-family: 'times new roman', times, serif; font-size: 130%; color: #000000;\"><strong><span style=\"color: #ff0000;\">.000<\/span>\/1l <\/strong><\/span><span style=\"font-family: 'times new roman', times, serif; font-size: 130%; color: #000000;\">(h\u00e0ng mua trong ch\u01b0\u01a1ng tr\u00ecnh khuy\u1ebfn m\u00e3i kh\u00f4ng \u0111\u1ed5i tr\u1ea3)<\/span><\/p>\n<ul style=\"list-style-type: disc;\">\n<li><span style=\"color: #000000; font-family: 'times new roman', times, serif; font-size: 130%;\">Cam k\u1ebft h\u00e0ng ch\u00ednh h\u00e3ng h\u1ea1n s\u1eed d\u1ee5ng m\u1edbi, h\u00e0ng gi\u1ea3 h\u00e0ng nh\u00e1i, ho\u00e0n ti\u1ec1n<\/span><\/li>\n<li><span style=\"font-family: 'times new roman', times, serif; font-size: 130%; color: #000000;\">\u00c1p d\u1ee5ng cho \u0111\u01a1n h\u00e0ng t\u1eeb 5 th\u00f9ng tr\u1edf l\u00ean<\/span><\/li>\n<li><span style=\"font-family: 'times new roman', times, serif; font-size: 130%; color: #000000;\"> Sau khi \u0111\u1eb7t h\u00e0ng s\u1ebd v\u1eadn chuy\u1ec3n t\u1edbi 1 l\u1ea7n n\u1ebfu sau n\u00e0y thi\u1ebfu s\u1ebd t\u00ednh theo gi\u00e1 b\u00e1n ch\u01b0a gi\u1ea3m <\/span><\/li>\n<li><span style=\"font-family: 'times new roman', times, serif; font-size: 130%; color: #000000;\">Trong khung gi\u1edd khuy\u1ebfn m\u00e3i \u0111\u01a1n \u0111\u1eb7t tr\u00ean website hay tr\u1ef1c ti\u1ebfp \u0111\u1ec1u \u0111\u01b0\u1ee3c ch\u1ea5p nh\u1eadn<\/span><\/li>\n<\/ul>\n","protected":false},"featured_media":1518,"comment_status":"closed","ping_status":"closed","template":"","meta":[],"product_cat":[298,301],"product_tag":[],"class_list":{"0":"post-3448","1":"product","2":"type-product","3":"status-publish","4":"has-post-thumbnail","6":"product_cat-san-pham-khuyen-mai","7":"product_cat-son-jotun-sale","9":"first","10":"instock","11":"sale","12":"shipping-taxable","13":"purchasable","14":"product-type-simple"},"yoast_head":"<!-- This site is optimized with the Yoast SEO Premium plugin v22.3 (Yoast SEO v24.0) - https:\/\/yoast.com\/wordpress\/plugins\/seo\/ -->\n<title>Ki\u1ec1m Jotashield Primer-17l - V\u1eadt Li\u1ec7u X\u00e2y D\u1ef1ng Tr\u1ea7n Th\u1ecb Chi Nh\u00e1nh Qu\u1ea3ng Tr\u1ecb<\/title>\n<meta name=\"robots\" content=\"index, follow, max-snippet:-1, max-image-preview:large, max-video-preview:-1\" \/>\n<link rel=\"canonical\" href=\"https:\/\/tranthi.vn\/quang-tri\/kiem-jotashield-primer-17l\/\" \/>\n<meta property=\"og:locale\" content=\"vi_VN\" \/>\n<meta property=\"og:type\" content=\"article\" \/>\n<meta property=\"og:title\" content=\"Ki\u1ec1m Jotashield Primer-17l\" \/>\n<meta property=\"og:description\" content=\":-P Giao h\u00e0ng trong \u0111\u1ecba b\u00e0n\u00a0\u0110\u00e0 N\u1eb5ng  :-P \u0110\u01a1n v\u1ecb t\u00ednh: 17 l\u00edt  :-P \u0110\u01a1n gi\u00e1 : 1.575.000\/ 17l - 496.000\/1l (h\u00e0ng mua trong ch\u01b0\u01a1ng tr\u00ecnh khuy\u1ebfn m\u00e3i kh\u00f4ng \u0111\u1ed5i tr\u1ea3)   Cam k\u1ebft h\u00e0ng ch\u00ednh h\u00e3ng h\u1ea1n s\u1eed d\u1ee5ng m\u1edbi, h\u00e0ng gi\u1ea3 h\u00e0ng nh\u00e1i, ho\u00e0n ti\u1ec1n  \u00c1p d\u1ee5ng cho \u0111\u01a1n h\u00e0ng t\u1eeb 5 th\u00f9ng tr\u1edf l\u00ean   Sau khi \u0111\u1eb7t h\u00e0ng s\u1ebd v\u1eadn chuy\u1ec3n t\u1edbi 1 l\u1ea7n n\u1ebfu sau n\u00e0y thi\u1ebfu s\u1ebd t\u00ednh theo gi\u00e1 b\u00e1n ch\u01b0a gi\u1ea3m   Trong khung gi\u1edd khuy\u1ebfn m\u00e3i \u0111\u01a1n \u0111\u1eb7t tr\u00ean website hay tr\u1ef1c ti\u1ebfp \u0111\u1ec1u \u0111\u01b0\u1ee3c ch\u1ea5p nh\u1eadn\" \/>\n<meta property=\"og:url\" content=\"https:\/\/tranthi.vn\/quang-tri\/kiem-jotashield-primer-17l\/\" \/>\n<meta property=\"og:site_name\" content=\"V\u1eadt Li\u1ec7u X\u00e2y D\u1ef1ng Tr\u1ea7n Th\u1ecb Chi Nh\u00e1nh Qu\u1ea3ng Tr\u1ecb\" \/>\n<meta property=\"article:modified_time\" content=\"2022-02-22T01:30:29+00:00\" \/>\n<meta property=\"og:image\" content=\"https:\/\/tranthi.vn\/quang-tri\/wp-content\/uploads\/2021\/02\/son-phu-noi-that-dulux-inspire-mau-nhat-1-300x300_optimized.jpg\" \/>\n\t<meta property=\"og:image:width\" content=\"300\" \/>\n\t<meta property=\"og:image:height\" content=\"300\" \/>\n\t<meta property=\"og:image:type\" content=\"image\/jpeg\" \/>\n<meta name=\"twitter:card\" content=\"summary_large_image\" \/>\n<meta name=\"twitter:label1\" content=\"Gi\u00e1\" \/>\n\t<meta name=\"twitter:data1\" content=\"1,740,000&nbsp;&#8363;\" \/>\n\t<meta name=\"twitter:label2\" content=\"Kh\u1ea3 d\u1ee5ng\" \/>\n\t<meta name=\"twitter:data2\" content=\"Trong kho\" \/>\n<script type=\"application\/ld+json\" class=\"yoast-schema-graph\">{\"@context\":\"https:\/\/schema.org\",\"@graph\":[{\"@type\":\"WebPage\",\"@id\":\"https:\/\/tranthi.vn\/quang-tri\/kiem-jotashield-primer-17l\/\",\"url\":\"https:\/\/tranthi.vn\/quang-tri\/kiem-jotashield-primer-17l\/\",\"name\":\"Ki\u1ec1m Jotashield Primer-17l - V\u1eadt Li\u1ec7u X\u00e2y D\u1ef1ng Tr\u1ea7n Th\u1ecb Chi Nh\u00e1nh Qu\u1ea3ng Tr\u1ecb\",\"isPartOf\":{\"@id\":\"https:\/\/tranthi.vn\/quang-tri\/#website\"},\"primaryImageOfPage\":{\"@id\":\"https:\/\/tranthi.vn\/quang-tri\/kiem-jotashield-primer-17l\/#primaryimage\"},\"image\":{\"@id\":\"https:\/\/tranthi.vn\/quang-tri\/kiem-jotashield-primer-17l\/#primaryimage\"},\"thumbnailUrl\":\"https:\/\/tranthi.vn\/quang-tri\/wp-content\/uploads\/2021\/02\/son-phu-noi-that-dulux-inspire-mau-nhat-1-300x300_optimized.jpg\",\"datePublished\":\"2021-07-10T09:39:27+00:00\",\"dateModified\":\"2022-02-22T01:30:29+00:00\",\"breadcrumb\":{\"@id\":\"https:\/\/tranthi.vn\/quang-tri\/kiem-jotashield-primer-17l\/#breadcrumb\"},\"inLanguage\":\"vi\",\"potentialAction\":[{\"@type\":\"ReadAction\",\"target\":[\"https:\/\/tranthi.vn\/quang-tri\/kiem-jotashield-primer-17l\/\"]}]},{\"@type\":\"ImageObject\",\"inLanguage\":\"vi\",\"@id\":\"https:\/\/tranthi.vn\/quang-tri\/kiem-jotashield-primer-17l\/#primaryimage\",\"url\":\"https:\/\/tranthi.vn\/quang-tri\/wp-content\/uploads\/2021\/02\/son-phu-noi-that-dulux-inspire-mau-nhat-1-300x300_optimized.jpg\",\"contentUrl\":\"https:\/\/tranthi.vn\/quang-tri\/wp-content\/uploads\/2021\/02\/son-phu-noi-that-dulux-inspire-mau-nhat-1-300x300_optimized.jpg\",\"width\":300,\"height\":300},{\"@type\":\"BreadcrumbList\",\"@id\":\"https:\/\/tranthi.vn\/quang-tri\/kiem-jotashield-primer-17l\/#breadcrumb\",\"itemListElement\":[{\"@type\":\"ListItem\",\"position\":1,\"name\":\"Trang Ch\u1ee7\",\"item\":\"https:\/\/tranthi.vn\/quang-tri\/\"},{\"@type\":\"ListItem\",\"position\":2,\"name\":\"Shop\",\"item\":\"https:\/\/tranthi.vn\/quang-tri\/shop\/\"},{\"@type\":\"ListItem\",\"position\":3,\"name\":\"Ki\u1ec1m Jotashield Primer-17l\"}]},{\"@type\":\"WebSite\",\"@id\":\"https:\/\/tranthi.vn\/quang-tri\/#website\",\"url\":\"https:\/\/tranthi.vn\/quang-tri\/\",\"name\":\"VLXD Tr\u1ea7n Th\u1ecb\",\"description\":\"V\u1eadt Li\u1ec7u X\u00e2y D\u1ef1ng - Qu\u1ea3ng Tr\u1ecb\",\"publisher\":{\"@id\":\"https:\/\/tranthi.vn\/quang-tri\/#organization\"},\"potentialAction\":[{\"@type\":\"SearchAction\",\"target\":{\"@type\":\"EntryPoint\",\"urlTemplate\":\"https:\/\/tranthi.vn\/quang-tri\/?s={search_term_string}\"},\"query-input\":{\"@type\":\"PropertyValueSpecification\",\"valueRequired\":true,\"valueName\":\"search_term_string\"}}],\"inLanguage\":\"vi\"},{\"@type\":[\"Organization\",\"Place\"],\"@id\":\"https:\/\/tranthi.vn\/quang-tri\/#organization\",\"name\":\"VLXD Tr\u1ea7n Th\u1ecb\",\"url\":\"https:\/\/tranthi.vn\/quang-tri\/\",\"logo\":{\"@id\":\"https:\/\/tranthi.vn\/quang-tri\/kiem-jotashield-primer-17l\/#local-main-organization-logo\"},\"image\":{\"@id\":\"https:\/\/tranthi.vn\/quang-tri\/kiem-jotashield-primer-17l\/#local-main-organization-logo\"},\"telephone\":[],\"openingHoursSpecification\":[{\"@type\":\"OpeningHoursSpecification\",\"dayOfWeek\":[\"Monday\",\"Tuesday\",\"Wednesday\",\"Thursday\",\"Friday\",\"Saturday\",\"Sunday\"],\"opens\":\"09:00\",\"closes\":\"17:00\"}]},{\"@type\":\"ImageObject\",\"inLanguage\":\"vi\",\"@id\":\"https:\/\/tranthi.vn\/quang-tri\/kiem-jotashield-primer-17l\/#local-main-organization-logo\",\"url\":\"https:\/\/tranthi.vn\/quang-tri\/wp-content\/uploads\/2021\/02\/logo-tranthi1.jpg\",\"contentUrl\":\"https:\/\/tranthi.vn\/quang-tri\/wp-content\/uploads\/2021\/02\/logo-tranthi1.jpg\",\"width\":800,\"height\":319,\"caption\":\"VLXD Tr\u1ea7n Th\u1ecb\"}]}<\/script>\n<meta property=\"product:price:amount\" content=\"1740000\" \/>\n<meta property=\"product:price:currency\" content=\"VND\" \/>\n<meta property=\"og:availability\" content=\"instock\" \/>\n<meta property=\"product:availability\" content=\"instock\" \/>\n<meta property=\"product:condition\" content=\"new\" \/>\n<!-- \/ Yoast SEO Premium plugin. -->","yoast_head_json":{"title":"Ki\u1ec1m Jotashield Primer-17l - V\u1eadt Li\u1ec7u X\u00e2y D\u1ef1ng Tr\u1ea7n Th\u1ecb Chi Nh\u00e1nh Qu\u1ea3ng Tr\u1ecb","robots":{"index":"index","follow":"follow","max-snippet":"max-snippet:-1","max-image-preview":"max-image-preview:large","max-video-preview":"max-video-preview:-1"},"canonical":"https:\/\/tranthi.vn\/quang-tri\/kiem-jotashield-primer-17l\/","og_locale":"vi_VN","og_type":"article","og_title":"Ki\u1ec1m Jotashield Primer-17l","og_description":":-P Giao h\u00e0ng trong \u0111\u1ecba b\u00e0n\u00a0\u0110\u00e0 N\u1eb5ng  :-P \u0110\u01a1n v\u1ecb t\u00ednh: 17 l\u00edt  :-P \u0110\u01a1n gi\u00e1 : 1.575.000\/ 17l - 496.000\/1l (h\u00e0ng mua trong ch\u01b0\u01a1ng tr\u00ecnh khuy\u1ebfn m\u00e3i kh\u00f4ng \u0111\u1ed5i tr\u1ea3)   Cam k\u1ebft h\u00e0ng ch\u00ednh h\u00e3ng h\u1ea1n s\u1eed d\u1ee5ng m\u1edbi, h\u00e0ng gi\u1ea3 h\u00e0ng nh\u00e1i, ho\u00e0n ti\u1ec1n  \u00c1p d\u1ee5ng cho \u0111\u01a1n h\u00e0ng t\u1eeb 5 th\u00f9ng tr\u1edf l\u00ean   Sau khi \u0111\u1eb7t h\u00e0ng s\u1ebd v\u1eadn chuy\u1ec3n t\u1edbi 1 l\u1ea7n n\u1ebfu sau n\u00e0y thi\u1ebfu s\u1ebd t\u00ednh theo gi\u00e1 b\u00e1n ch\u01b0a gi\u1ea3m   Trong khung gi\u1edd khuy\u1ebfn m\u00e3i \u0111\u01a1n \u0111\u1eb7t tr\u00ean website hay tr\u1ef1c ti\u1ebfp \u0111\u1ec1u \u0111\u01b0\u1ee3c ch\u1ea5p nh\u1eadn","og_url":"https:\/\/tranthi.vn\/quang-tri\/kiem-jotashield-primer-17l\/","og_site_name":"V\u1eadt Li\u1ec7u X\u00e2y D\u1ef1ng Tr\u1ea7n Th\u1ecb Chi Nh\u00e1nh Qu\u1ea3ng Tr\u1ecb","article_modified_time":"2022-02-22T01:30:29+00:00","og_image":[{"width":300,"height":300,"url":"https:\/\/tranthi.vn\/quang-tri\/wp-content\/uploads\/2021\/02\/son-phu-noi-that-dulux-inspire-mau-nhat-1-300x300_optimized.jpg","type":"image\/jpeg"}],"twitter_card":"summary_large_image","twitter_misc":{"Gi\u00e1":"1,740,000&nbsp;&#8363;","Kh\u1ea3 d\u1ee5ng":"Trong kho"},"schema":{"@context":"https:\/\/schema.org","@graph":[{"@type":"WebPage","@id":"https:\/\/tranthi.vn\/quang-tri\/kiem-jotashield-primer-17l\/","url":"https:\/\/tranthi.vn\/quang-tri\/kiem-jotashield-primer-17l\/","name":"Ki\u1ec1m Jotashield Primer-17l - V\u1eadt Li\u1ec7u X\u00e2y D\u1ef1ng Tr\u1ea7n Th\u1ecb Chi Nh\u00e1nh Qu\u1ea3ng Tr\u1ecb","isPartOf":{"@id":"https:\/\/tranthi.vn\/quang-tri\/#website"},"primaryImageOfPage":{"@id":"https:\/\/tranthi.vn\/quang-tri\/kiem-jotashield-primer-17l\/#primaryimage"},"image":{"@id":"https:\/\/tranthi.vn\/quang-tri\/kiem-jotashield-primer-17l\/#primaryimage"},"thumbnailUrl":"https:\/\/tranthi.vn\/quang-tri\/wp-content\/uploads\/2021\/02\/son-phu-noi-that-dulux-inspire-mau-nhat-1-300x300_optimized.jpg","datePublished":"2021-07-10T09:39:27+00:00","dateModified":"2022-02-22T01:30:29+00:00","breadcrumb":{"@id":"https:\/\/tranthi.vn\/quang-tri\/kiem-jotashield-primer-17l\/#breadcrumb"},"inLanguage":"vi","potentialAction":[{"@type":"ReadAction","target":["https:\/\/tranthi.vn\/quang-tri\/kiem-jotashield-primer-17l\/"]}]},{"@type":"ImageObject","inLanguage":"vi","@id":"https:\/\/tranthi.vn\/quang-tri\/kiem-jotashield-primer-17l\/#primaryimage","url":"https:\/\/tranthi.vn\/quang-tri\/wp-content\/uploads\/2021\/02\/son-phu-noi-that-dulux-inspire-mau-nhat-1-300x300_optimized.jpg","contentUrl":"https:\/\/tranthi.vn\/quang-tri\/wp-content\/uploads\/2021\/02\/son-phu-noi-that-dulux-inspire-mau-nhat-1-300x300_optimized.jpg","width":300,"height":300},{"@type":"BreadcrumbList","@id":"https:\/\/tranthi.vn\/quang-tri\/kiem-jotashield-primer-17l\/#breadcrumb","itemListElement":[{"@type":"ListItem","position":1,"name":"Trang Ch\u1ee7","item":"https:\/\/tranthi.vn\/quang-tri\/"},{"@type":"ListItem","position":2,"name":"Shop","item":"https:\/\/tranthi.vn\/quang-tri\/shop\/"},{"@type":"ListItem","position":3,"name":"Ki\u1ec1m Jotashield Primer-17l"}]},{"@type":"WebSite","@id":"https:\/\/tranthi.vn\/quang-tri\/#website","url":"https:\/\/tranthi.vn\/quang-tri\/","name":"VLXD Tr\u1ea7n Th\u1ecb","description":"V\u1eadt Li\u1ec7u X\u00e2y D\u1ef1ng - Qu\u1ea3ng Tr\u1ecb","publisher":{"@id":"https:\/\/tranthi.vn\/quang-tri\/#organization"},"potentialAction":[{"@type":"SearchAction","target":{"@type":"EntryPoint","urlTemplate":"https:\/\/tranthi.vn\/quang-tri\/?s={search_term_string}"},"query-input":{"@type":"PropertyValueSpecification","valueRequired":true,"valueName":"search_term_string"}}],"inLanguage":"vi"},{"@type":["Organization","Place"],"@id":"https:\/\/tranthi.vn\/quang-tri\/#organization","name":"VLXD Tr\u1ea7n Th\u1ecb","url":"https:\/\/tranthi.vn\/quang-tri\/","logo":{"@id":"https:\/\/tranthi.vn\/quang-tri\/kiem-jotashield-primer-17l\/#local-main-organization-logo"},"image":{"@id":"https:\/\/tranthi.vn\/quang-tri\/kiem-jotashield-primer-17l\/#local-main-organization-logo"},"telephone":[],"openingHoursSpecification":[{"@type":"OpeningHoursSpecification","dayOfWeek":["Monday","Tuesday","Wednesday","Thursday","Friday","Saturday","Sunday"],"opens":"09:00","closes":"17:00"}]},{"@type":"ImageObject","inLanguage":"vi","@id":"https:\/\/tranthi.vn\/quang-tri\/kiem-jotashield-primer-17l\/#local-main-organization-logo","url":"https:\/\/tranthi.vn\/quang-tri\/wp-content\/uploads\/2021\/02\/logo-tranthi1.jpg","contentUrl":"https:\/\/tranthi.vn\/quang-tri\/wp-content\/uploads\/2021\/02\/logo-tranthi1.jpg","width":800,"height":319,"caption":"VLXD Tr\u1ea7n Th\u1ecb"}]},"product_price_amount":"1740000","product_price_currency":"VND","og_availability":"instock","product_availability":"instock","product_condition":"new"},"_links":{"self":[{"href":"https:\/\/tranthi.vn\/quang-tri\/wp-json\/wp\/v2\/product\/3448","targetHints":{"allow":["GET"]}}],"collection":[{"href":"https:\/\/tranthi.vn\/quang-tri\/wp-json\/wp\/v2\/product"}],"about":[{"href":"https:\/\/tranthi.vn\/quang-tri\/wp-json\/wp\/v2\/types\/product"}],"replies":[{"embeddable":true,"href":"https:\/\/tranthi.vn\/quang-tri\/wp-json\/wp\/v2\/comments?post=3448"}],"wp:featuredmedia":[{"embeddable":true,"href":"https:\/\/tranthi.vn\/quang-tri\/wp-json\/wp\/v2\/media\/1518"}],"wp:attachment":[{"href":"https:\/\/tranthi.vn\/quang-tri\/wp-json\/wp\/v2\/media?parent=3448"}],"wp:term":[{"taxonomy":"product_cat","embeddable":true,"href":"https:\/\/tranthi.vn\/quang-tri\/wp-json\/wp\/v2\/product_cat?post=3448"},{"taxonomy":"product_tag","embeddable":true,"href":"https:\/\/tranthi.vn\/quang-tri\/wp-json\/wp\/v2\/product_tag?post=3448"}],"curies":[{"name":"wp","href":"https:\/\/api.w.org\/{rel}","templated":true}]}}