{"id":3329,"date":"2021-06-16T09:28:34","date_gmt":"2021-06-16T02:28:34","guid":{"rendered":"https:\/\/tranthi.vn\/?post_type=product&#038;p=3329"},"modified":"2024-07-25T09:25:07","modified_gmt":"2024-07-25T02:25:07","slug":"gia-gach-tham-quang-tri","status":"publish","type":"product","link":"https:\/\/tranthi.vn\/quang-tri\/gia-gach-tham-quang-tri\/","title":{"rendered":"T\u0110K-02"},"content":{"rendered":"<h1 style=\"text-align: center;\"><strong><span style=\"font-family: 'times new roman', times, serif; font-size: 130%; color: #ff0000;\">GI\u00c1 G\u1ea0CH TH\u1ea2M T\u1ea0I QU\u1ea2NG TR\u1eca<\/span><\/strong><\/h1>\n<p><span style=\"font-family: 'times new roman', times, serif; font-size: 130%; color: #000000;\">T\u1ea1i <em>Qu\u1ea3ng Tr\u1ecb<\/em> nh\u1eefng c\u00f4ng tr\u00ecnh m\u1edbi c\u0169ng d\u1ea7n s\u1eed d\u1ee5ng <strong><em>g\u1ea1ch th\u1ea3m<\/em><\/strong> \u0111\u1ec3 trang tr\u00ed\u00a0 cho ng\u00f4i nh\u00e0 c\u1ee7a m\u00ecnh, <strong><em>gi\u00e1<\/em><\/strong> c\u1ee7a g\u1ea1ch th\u1ea3m s\u1ebd t\u00f9y thu\u1ed9c v\u00e0o ch\u1ea5t li\u1ec7u v\u00e0 k\u00edch th\u01b0\u1edbc c\u1ee7a vi\u00ean g\u1ea1ch<\/span><\/p>\n<h2><span style=\"font-size: 100%; color: #ff0000;\"><strong><span style=\"font-family: 'times new roman', times, serif;\">1.Gi\u00e1 c\u1ee7a g\u1ea1ch th\u1ea3m t\u1ea1i Qu\u1ea3ng Tr\u1ecb<\/span><\/strong><\/span><\/h2>\n<p><span style=\"font-family: 'times new roman', times, serif; font-size: 130%; color: #000000;\"><strong><em>T\u1ea1i <a href=\"https:\/\/vi.wikipedia.org\/wiki\/Qu%E1%BA%A3ng_Tr%E1%BB%8B\">Qu\u1ea3ng Tr\u1ecb<\/a><\/em><\/strong>\u00a0gi\u00e1 c\u1ee7a <strong><em>g\u1ea1ch th\u1ea3m<\/em><\/strong> ph\u1ee5 thu\u1ed9c v\u00e0o c\u1ed1t li\u1ec7u c\u1ee7a vi\u00ean g\u1ea1ch \u0111\u00e1 hay men ch\u1ea5t li\u1ec7u in \u1ea5n tr\u00ean vi\u00ean g\u1ea1ch.<\/span><\/p>\n<p><span style=\"font-family: 'times new roman', times, serif; font-size: 130%; color: #000000;\">G\u1ea1ch kh\u1ed5 vi\u00ean 60&#215;60 <a href=\"https:\/\/vi.wikipedia.org\/wiki\/Gi%C3%A1_c%E1%BA%A3#:~:text=Gi%C3%A1%20c%E1%BA%A3%20l%C3%A0%20bi%E1%BB%83u%20hi%E1%BB%87n,m%E1%BB%99t%20t%C3%A0i%20s%E1%BA%A3n%20n%C3%A0o%20%C4%91%C3%B3.\">gi\u00e1<\/a>: 1.300.000\/m2<\/span><\/p>\n<p><span style=\"font-family: 'times new roman', times, serif; font-size: 130%; color: #000000;\">G\u1ea1ch kh\u1ed5 vi\u00ean 80&#215;80 gi\u00e1 1.450.000\/m2<\/span><\/p>\n<p><img loading=\"lazy\" decoding=\"async\" class=\"alignnone size-full wp-image-3426 aligncenter\" src=\"https:\/\/tranthi.vn\/quang-tri\/wp-content\/uploads\/2021\/06\/gach-tham-phong-khach-dep-4_optimized.jpg\" alt=\"\" width=\"500\" height=\"395\" \/><\/p>\n<p style=\"text-align: center;\"><strong><em><span style=\"font-family: 'times new roman', times, serif; font-size: 130%; color: #0000ff;\">Nh\u1eefng vi\u00ean\u00a0 g\u1ea1ch gh\u00e9p l\u1ea1i v\u1edbi nhau s\u1ebd \u0111\u01b0\u1ee3c 1 t\u1ea5m th\u1ea3m ho\u00e0n ch\u1ec9nh<\/span><\/em><\/strong><\/p>\n<p><span style=\"font-family: 'times new roman', times, serif; font-size: 130%; color: #000000;\">G\u1ea1ch th\u1ea3m s\u1ebd g\u1ed3m c\u00e1c vi\u00ean g\u1ea1ch c\u00f3 k\u00edch th\u01b0\u1edbc 60&#215;60 ho\u1eb7c 80&#215;80 gh\u00e9p l\u1ea1i th\u00e0nh m\u1ed9t t\u1ea5m th\u1ea3m l\u1edbn. K\u00edch th\u01b0\u1edbc th\u1ea3m th\u01b0\u1eddng l\u00e0 1m2x1m2, 1m2x1m8&#8230; ho\u1eb7c nh\u1eefng k\u00edch th\u01b0\u1edbc ph\u00f9 h\u1ee3p v\u1edbi kh\u00f4ng gian nh\u00e0 c\u1ee7a kh\u00e1ch. <strong><em>G\u1ea1ch th\u1ea3m<\/em><\/strong> s\u1ebd \u0111\u01b0\u1ee3c l\u00e0m t\u1eeb ch\u1ea5t li\u1ec7u g\u1ea1ch men ho\u1eb7c \u0111\u00e1 granite<\/span><\/p>\n<h2><strong><span style=\"font-family: 'times new roman', times, serif; font-size: 100%; color: #ff0000;\">2. Nguy\u00ean nh\u00e2n gi\u00fap g\u1ea1ch th\u1ea3m thay th\u1ebf \u0111\u01b0\u1ee3c nh\u1eefng lo\u1ea1i g\u1ea1ch b\u00f4ng trang tr\u00ed kh\u00e1c<\/span><\/strong><\/h2>\n<ul>\n<li><span style=\"font-family: 'times new roman', times, serif; font-size: 130%; color: #000000;\">Kh\u00e1c bi\u1ec7t l\u1edbn nh\u1ea5t l\u00e0 hoa v\u0103n v\u00e0 m\u00e0u s\u1eafc \u0111\u1eb7c tr\u01b0ng tr\u00ean g\u1ea1ch <em><strong>th\u1ea3m trang tr\u00ed<\/strong><\/em>. G\u1ea1ch th\u1ea3m trang tr\u00ed mang t\u00ednh ngh\u1ec7 thu\u1eadt cao. L\u00e0 s\u1ef1 k\u1ebft h\u1ee3p ho\u00e0n h\u1ea3o gi\u1eefa m\u00e0u s\u1eafc v\u00e0 hoa v\u0103n. \u0110i\u1ec3m nh\u1ea5n \u0111em l\u1ea1i s\u1ef1 tinh t\u1ebf cho c\u00f4ng tr\u00ecnh c\u1ee7a b\u1ea1n. Thay v\u00ec m\u1eabu m\u00e3 v\u00e0 m\u00e0u s\u1eafc \u0111\u01a1n gi\u1ea3n nh\u01b0 g\u1ea1ch b\u00f4ng hay g\u1ea1ch l\u00e1t n\u1ec1n. S\u1ef1 c\u00e1ch \u0111i\u1ec7u tinh t\u1ebf c\u1ee7a g\u1ea1ch th\u1ea3m s\u1ebd \u0111em l\u1ea1i s\u1ef1 thu h\u00fat, n\u00e9t sang tr\u1ecdng cho nh\u1eefng c\u00f4ng tr\u00ecnh.<\/span><\/li>\n<li><span style=\"font-family: 'times new roman', times, serif; font-size: 130%; color: #000000;\">G\u1ea1ch th\u1ea3m th\u01b0\u1eddng \u0111\u01b0\u1ee3c s\u1eed d\u1ee5ng trong nh\u1eefng ti\u1ec1n s\u1ea3nh l\u1edbn c\u1ee7a c\u00e1c c\u00f4ng tr\u00ecnh nh\u01b0: L\u00e2u \u0111\u00e0i, nh\u00e0 bi\u1ec7t th\u1ef1, villa, kh\u00e1ch s\u1ea1n, to\u00e0 nh\u00e0, c\u00f4ng ty\u2026. Nh\u1eb1m \u0111em l\u1ea1i s\u1ef1 sang tr\u1ecdng kh\u00e1c bi\u1ec7t, nh\u1ea5n m\u1ea1nh t\u00ednh m\u1ef9 thu\u1eadt trong ki\u1ebfn tr\u00fac. B\u00ean c\u1ea1nh \u0111\u00f3, g\u1ea1ch th\u1ea3m trang tr\u00ed c\u0169ng l\u00e0 s\u1ef1 l\u1ef1a ch\u1ecdn cho nh\u1eefng ki\u1ebfn tr\u00fac ho\u00e0ng gia. Ho\u1eb7c nh\u1eefng ph\u00f2ng kh\u00e1ch v\u1edbi thi\u1ebft k\u1ebf sang tr\u1ecdng v\u00e0 \u0111\u1eb9p m\u1eaft.<\/span><\/li>\n<\/ul>\n<h2><span style=\"font-family: 'times new roman', times, serif; font-size: 100%; color: #ff0000;\"><strong>3. C\u00e1c ch\u1ea5t li\u1ec7u c\u1ee7a g\u1ea1ch th\u1ea3m:<\/strong><\/span><\/h2>\n<ul>\n<li><span style=\"font-family: 'times new roman', times, serif; font-size: 130%; color: #000000;\"><strong>G\u1ea1ch men<\/strong>: L\u00e0 lo\u1ea1i g\u1ea1ch \u0111\u01b0\u1ee3c s\u1eed d\u1ee5ng ph\u1ed5 bi\u1ebfn v\u00e0 gi\u00e1 th\u00e0nh th\u1ea5p. G\u1ea1ch men \u0111\u01b0\u1ee3c t\u1ea1o th\u00e0nh t\u1eeb c\u00f4ng ngh\u1ec7 \u00e9p b\u1ed9t \u0111\u1ea5t s\u00e9t sau \u0111\u00f3 nung \u1edf nhi\u1ec7t \u0111\u1ed9 cao \u0111\u01b0\u1ee3c ph\u1ee7 b\u1ec1 m\u1eb7t m\u1ed9t l\u1edbp men b\u00f3ng. G\u1ea1ch men s\u1ebd c\u00f3 \u0111\u1ed9 c\u1ee9ng v\u00e0 kh\u1ea3 n\u0103ng ch\u1ecbu l\u1ef1c th\u1ea5p\u00a0<\/span><\/li>\n<li><span style=\"font-family: 'times new roman', times, serif; font-size: 130%; color: #000000;\"><strong>G\u1ea1ch granite<\/strong> (g\u1ea1ch th\u1ea1ch anh, g\u1ea1ch \u0111\u1ed3ng nh\u1ea5t) \u0111\u01b0\u1ee3c t\u1ea1o th\u00e0nh t\u1eeb b\u1ed9t \u0111\u00e1 v\u00e0 ph\u1ee5 da \u0111\u01b0\u1ee3c \u00e9p l\u1ea1i v\u00e0 m\u00e0i b\u00f3ng. G\u1ea1ch c\u00f3 \u0111\u1ed9 c\u1ee9ng v\u00e0 kh\u1ea3 n\u0103ng ch\u1ecbu l\u1ef1c cao n\u00ean \u0111\u01b0\u1ee3c nhi\u1ec1u kh\u00e1ch h\u00e0ng l\u1ef1a ch\u1ecdn. G\u1ea1ch th\u00edch h\u1ee3p \u0111\u1ec3 l\u00e1t nh\u1eefng khu v\u1ef1c nhi\u1ec1u ng\u01b0\u1eddi qua l\u1ea1i<\/span><\/li>\n<\/ul>\n<h2><span style=\"font-family: 'times new roman', times, serif; font-size: 100%; color: #ff0000;\"><strong>3. C\u00e1ch \u0111\u1ec3 ch\u1ecdn g\u1ea1ch th\u1ea3m \u0111\u1eb9p &#8211; t\u1ed1t:<\/strong><\/span><\/h2>\n<p><span style=\"font-family: 'times new roman', times, serif; font-size: 130%; color: #000000;\">Ch\u1ecdn <strong><em>g\u1ea1ch th\u1ea3m<\/em> <\/strong>\u0111\u1eb9p trang tr\u00ed t\u1ed1t b\u1ea1n n\u00ean l\u01b0u \u00fd nh\u1eefng ti\u00eau ch\u00ed sau:<\/span><\/p>\n<p><span style=\"font-family: 'times new roman', times, serif; font-size: 130%; color: #000000;\">+ L\u01b0ng g\u1ea1ch m\u00e0u tr\u1eafng ( nguy\u00ean li\u1ec7u ch\u00ednh l\u00e0 cao lanh v\u00e0 tr\u00e0ng th\u1ea1ch) s\u1ebd t\u1ed1t h\u01a1n m\u00e0u l\u01b0ng g\u1ea1ch m\u00e0u \u0111\u1ecf ( nguy\u00ean li\u1ec7u ch\u1ee7 y\u1ebfu l\u00e0 \u0111\u1ea5t s\u00e9t)<\/span><\/p>\n<p><span style=\"font-family: 'times new roman', times, serif; font-size: 130%; color: #000000;\">+ G\u00f5 nh\u1eb9 v\u00e0o g\u1ea1ch, n\u1ebfu \u00e2m thanh ph\u00e1t ra thanh ch\u1ee9ng t\u1ecf g\u1ea1ch c\u1ee9ng v\u00e0 ch\u1eafc, tuy nhi\u00ean kh\u00f4ng \u00e1p d\u1ee5ng v\u1edbi g\u1ea1ch \u1ed1p t\u01b0\u1eddng.<\/span><\/p>\n<p><span style=\"font-family: 'times new roman', times, serif; font-size: 130%; color: #000000;\">+ G\u1ea1ch ph\u1ea3i th\u1eadt th\u1eb3ng, c\u00f3 th\u1ec3 \u00fap 2 vi\u00ean g\u1ea1ch v\u00e0o nhau xem khe h\u1edf c\u00f3 b\u1ecb cong v\u00eanh hay kh\u00f4ng.<\/span><\/p>\n<p><span style=\"font-family: 'times new roman', times, serif; font-size: 130%; color: #000000;\">+ Nh\u1ecf m\u1ed9t \u00edt n\u01b0\u1edbc v\u00e0o l\u01b0ng g\u1ea1ch, ph\u1ea7n kh\u00f4ng tr\u00e1ng men n\u1ebfu n\u01b0\u1edbc th\u1ea5m c\u00e0ng ch\u1eadm c\u00e0ng t\u1ed1t, c\u00e1ch n\u00e0y c\u0169ng kh\u00f4ng \u00e1p d\u1ee5ng cho g\u1ea1ch \u1ed1p t\u01b0\u1eddng.<\/span><\/p>\n<p><span style=\"font-family: 'times new roman', times, serif; font-size: 130%; color: #000000;\">+ Nh\u00ecn k\u0129 m\u1eb7t g\u1ea1ch xem c\u00f3 l\u1ed7 nh\u1ecf hay kh\u00f4ng, c\u00e0ng \u00edt l\u1ed7, c\u00e0ng nh\u1ecf c\u00e0ng t\u1ed1t.<\/span><\/p>\n","protected":false},"excerpt":{"rendered":"<p><span style=\"font-family: 'times new roman', times, serif;\"><span class=\"pq6dq46d tbxw36s4 knj5qynh kvgmc6g5 ditlmg2l oygrvhab nvdbi5me sf5mxxl7 gl3lb2sf hhz5lgdu\" style=\"color: #000000; font-size: 130%;\"><img loading=\"lazy\" decoding=\"async\" class=\"\" src=\"https:\/\/static.xx.fbcdn.net\/images\/emoji.php\/v9\/tb\/1\/16\/1f388.png\" alt=\"\ud83c\udf88\" width=\"21\" height=\"21\" \/> <\/span><span style=\"color: #282828; font-size: 130%;\">G\u1ea1ch th\u1ea3m Qu\u1ea3ng Tr\u1ecb<\/span><\/span><\/p>\n<p><span style=\"font-size: 130%; font-family: 'times new roman', times, serif; color: #282828;\"><span class=\"pq6dq46d tbxw36s4 knj5qynh kvgmc6g5 ditlmg2l oygrvhab nvdbi5me sf5mxxl7 gl3lb2sf hhz5lgdu\"><img loading=\"lazy\" decoding=\"async\" class=\"\" src=\"https:\/\/static.xx.fbcdn.net\/images\/emoji.php\/v9\/tb\/1\/16\/1f388.png\" alt=\"\ud83c\udf88\" width=\"21\" height=\"21\" \/> <\/span>K\u00edch th\u01b0\u1edbc g\u1ea1ch 60\u00d760:<strong>\u00a0<span style=\"color: #008000;\">1.550.000\/m2<\/span><\/strong><\/span><\/p>\n<p><span style=\"font-size: 130%; font-family: 'times new roman', times, serif; color: #282828;\"><span class=\"pq6dq46d tbxw36s4 knj5qynh kvgmc6g5 ditlmg2l oygrvhab nvdbi5me sf5mxxl7 gl3lb2sf hhz5lgdu\"><img loading=\"lazy\" decoding=\"async\" class=\"\" src=\"https:\/\/static.xx.fbcdn.net\/images\/emoji.php\/v9\/tb\/1\/16\/1f388.png\" alt=\"\ud83c\udf88\" width=\"21\" height=\"21\" \/> <\/span>K\u00edch th\u01b0\u1edbc g\u1ea1ch 80\u00d780:\u00a0<span style=\"color: #008000;\"><strong>1.750.000\/m2<\/strong><\/span><\/span><\/p>\n<p><span style=\"font-size: 130%; font-family: 'times new roman', times, serif; color: #282828;\"><span class=\"pq6dq46d tbxw36s4 knj5qynh kvgmc6g5 ditlmg2l oygrvhab nvdbi5me sf5mxxl7 gl3lb2sf hhz5lgdu\"><img loading=\"lazy\" decoding=\"async\" class=\"\" src=\"https:\/\/static.xx.fbcdn.net\/images\/emoji.php\/v9\/tb\/1\/16\/1f388.png\" alt=\"\ud83c\udf88\" width=\"21\" height=\"21\" \/><\/span>Nh\u1eadn l\u00e0m theo k\u00edch th\u01b0\u1edbc c\u1ee7a kh\u00e1ch<\/span><\/p>\n<p><span style=\"font-family: 'times new roman', times, serif; color: #282828;\"><span class=\"pq6dq46d tbxw36s4 knj5qynh kvgmc6g5 ditlmg2l oygrvhab nvdbi5me sf5mxxl7 gl3lb2sf hhz5lgdu\"><img loading=\"lazy\" decoding=\"async\" class=\"\" src=\"https:\/\/static.xx.fbcdn.net\/images\/emoji.php\/v9\/tb\/1\/16\/1f388.png\" alt=\"\ud83c\udf88\" width=\"21\" height=\"21\" \/>\u00a0<\/span><span style=\"font-size: 130%;\">Mi\u1ec5n ph\u00ed Ship trong Tp Qu\u1ea3ng Tr\u1ecb ngo\u00e0i ra Tr\u1ea7n Th\u1ecb ship c\u00e1c huy\u1ec7n l\u00e2n c\u1eadn ph\u00ed ship \u0111\u01b0\u1ee3c t\u00ednh t\u00f9y thu\u1ed9c v\u00e0o v\u1ecb tr\u00ed g\u1ea7n hay xa<\/span><\/span><\/p>\n","protected":false},"featured_media":4585,"comment_status":"closed","ping_status":"closed","template":"","meta":[],"product_cat":[256,292],"product_tag":[718],"class_list":{"0":"post-3329","1":"product","2":"type-product","3":"status-publish","4":"has-post-thumbnail","6":"product_cat-gach-op-lat","7":"product_cat-gach-tham","8":"product_tag-gach-op-lat-gach-tham-hue","10":"first","11":"instock","12":"sale","13":"shipping-taxable","14":"purchasable","15":"product-type-simple"},"yoast_head":"<!-- This site is optimized with the Yoast SEO Premium plugin v22.3 (Yoast SEO v24.0) - https:\/\/yoast.com\/wordpress\/plugins\/seo\/ -->\n<title>Gi\u00e1 g\u1ea1ch th\u1ea3m trang tr\u00ed t\u1ea1i Qu\u1ea3ng Tr\u1ecb-0947.335.871<\/title>\n<meta name=\"description\" content=\"Tr\u1ea7n Th\u1ecb - 0947.335.871 chuy\u00ean cung c\u1ea5p g\u1ea1ch th\u1ea3m trang tr\u00ed gi\u00e1 r\u1ebb t\u1ea1i Qu\u1ea3ng Tr\u1ecb, v\u1edbi \u0111\u1ea7y \u0111\u1ee7 k\u00edch th\u01b0\u1edbc v\u00e0 m\u1eabu m\u00e3 theo y\u00eau c\u1ea7u c\u1ee7a kh\u00e1ch h\u00e0ng\" \/>\n<meta name=\"robots\" content=\"index, follow, max-snippet:-1, max-image-preview:large, max-video-preview:-1\" \/>\n<link rel=\"canonical\" href=\"https:\/\/tranthi.vn\/quang-tri\/gia-gach-tham-quang-tri\/\" \/>\n<meta property=\"og:locale\" content=\"vi_VN\" \/>\n<meta property=\"og:type\" content=\"article\" \/>\n<meta property=\"og:title\" content=\"T\u0110K-02\" \/>\n<meta property=\"og:description\" content=\"Tr\u1ea7n Th\u1ecb - 0947.335.871 chuy\u00ean cung c\u1ea5p g\u1ea1ch th\u1ea3m trang tr\u00ed gi\u00e1 r\u1ebb t\u1ea1i Qu\u1ea3ng Tr\u1ecb, v\u1edbi \u0111\u1ea7y \u0111\u1ee7 k\u00edch th\u01b0\u1edbc v\u00e0 m\u1eabu m\u00e3 theo y\u00eau c\u1ea7u c\u1ee7a kh\u00e1ch h\u00e0ng\" \/>\n<meta property=\"og:url\" content=\"https:\/\/tranthi.vn\/quang-tri\/gia-gach-tham-quang-tri\/\" \/>\n<meta property=\"og:site_name\" content=\"V\u1eadt Li\u1ec7u X\u00e2y D\u1ef1ng Tr\u1ea7n Th\u1ecb Chi Nh\u00e1nh Qu\u1ea3ng Tr\u1ecb\" \/>\n<meta property=\"article:modified_time\" content=\"2024-07-25T02:25:07+00:00\" \/>\n<meta property=\"og:image\" content=\"https:\/\/tranthi.vn\/quang-tri\/wp-content\/uploads\/2021\/06\/gach-op-lat-gach-tham-hue.jpg\" \/>\n\t<meta property=\"og:image:width\" content=\"400\" \/>\n\t<meta property=\"og:image:height\" content=\"400\" \/>\n\t<meta property=\"og:image:type\" content=\"image\/jpeg\" \/>\n<meta name=\"twitter:card\" content=\"summary_large_image\" \/>\n<meta name=\"twitter:label1\" content=\"Gi\u00e1\" \/>\n\t<meta name=\"twitter:data1\" content=\"1,550,000&nbsp;&#8363;\" \/>\n\t<meta name=\"twitter:label2\" content=\"Kh\u1ea3 d\u1ee5ng\" \/>\n\t<meta name=\"twitter:data2\" content=\"Trong kho\" \/>\n<script type=\"application\/ld+json\" class=\"yoast-schema-graph\">{\"@context\":\"https:\/\/schema.org\",\"@graph\":[{\"@type\":\"WebPage\",\"@id\":\"https:\/\/tranthi.vn\/quang-tri\/gia-gach-tham-quang-tri\/\",\"url\":\"https:\/\/tranthi.vn\/quang-tri\/gia-gach-tham-quang-tri\/\",\"name\":\"Gi\u00e1 g\u1ea1ch th\u1ea3m trang tr\u00ed t\u1ea1i Qu\u1ea3ng Tr\u1ecb-0947.335.871\",\"isPartOf\":{\"@id\":\"https:\/\/tranthi.vn\/quang-tri\/#website\"},\"primaryImageOfPage\":{\"@id\":\"https:\/\/tranthi.vn\/quang-tri\/gia-gach-tham-quang-tri\/#primaryimage\"},\"image\":{\"@id\":\"https:\/\/tranthi.vn\/quang-tri\/gia-gach-tham-quang-tri\/#primaryimage\"},\"thumbnailUrl\":\"https:\/\/tranthi.vn\/quang-tri\/wp-content\/uploads\/2021\/06\/gach-op-lat-gach-tham-hue.jpg\",\"datePublished\":\"2021-06-16T02:28:34+00:00\",\"dateModified\":\"2024-07-25T02:25:07+00:00\",\"description\":\"Tr\u1ea7n Th\u1ecb - 0947.335.871 chuy\u00ean cung c\u1ea5p g\u1ea1ch th\u1ea3m trang tr\u00ed gi\u00e1 r\u1ebb t\u1ea1i Qu\u1ea3ng Tr\u1ecb, v\u1edbi \u0111\u1ea7y \u0111\u1ee7 k\u00edch th\u01b0\u1edbc v\u00e0 m\u1eabu m\u00e3 theo y\u00eau c\u1ea7u c\u1ee7a kh\u00e1ch h\u00e0ng\",\"breadcrumb\":{\"@id\":\"https:\/\/tranthi.vn\/quang-tri\/gia-gach-tham-quang-tri\/#breadcrumb\"},\"inLanguage\":\"vi\",\"potentialAction\":[{\"@type\":\"ReadAction\",\"target\":[\"https:\/\/tranthi.vn\/quang-tri\/gia-gach-tham-quang-tri\/\"]}]},{\"@type\":\"ImageObject\",\"inLanguage\":\"vi\",\"@id\":\"https:\/\/tranthi.vn\/quang-tri\/gia-gach-tham-quang-tri\/#primaryimage\",\"url\":\"https:\/\/tranthi.vn\/quang-tri\/wp-content\/uploads\/2021\/06\/gach-op-lat-gach-tham-hue.jpg\",\"contentUrl\":\"https:\/\/tranthi.vn\/quang-tri\/wp-content\/uploads\/2021\/06\/gach-op-lat-gach-tham-hue.jpg\",\"width\":400,\"height\":400,\"caption\":\"g\u1ea1ch \u1ed1p l\u00e1t-g\u1ea1ch th\u1ea3m hu\u1ebf\"},{\"@type\":\"BreadcrumbList\",\"@id\":\"https:\/\/tranthi.vn\/quang-tri\/gia-gach-tham-quang-tri\/#breadcrumb\",\"itemListElement\":[{\"@type\":\"ListItem\",\"position\":1,\"name\":\"Trang Ch\u1ee7\",\"item\":\"https:\/\/tranthi.vn\/quang-tri\/\"},{\"@type\":\"ListItem\",\"position\":2,\"name\":\"Shop\",\"item\":\"https:\/\/tranthi.vn\/quang-tri\/shop\/\"},{\"@type\":\"ListItem\",\"position\":3,\"name\":\"T\u0110K-02\"}]},{\"@type\":\"WebSite\",\"@id\":\"https:\/\/tranthi.vn\/quang-tri\/#website\",\"url\":\"https:\/\/tranthi.vn\/quang-tri\/\",\"name\":\"VLXD Tr\u1ea7n Th\u1ecb\",\"description\":\"V\u1eadt Li\u1ec7u X\u00e2y D\u1ef1ng - Qu\u1ea3ng Tr\u1ecb\",\"publisher\":{\"@id\":\"https:\/\/tranthi.vn\/quang-tri\/#organization\"},\"potentialAction\":[{\"@type\":\"SearchAction\",\"target\":{\"@type\":\"EntryPoint\",\"urlTemplate\":\"https:\/\/tranthi.vn\/quang-tri\/?s={search_term_string}\"},\"query-input\":{\"@type\":\"PropertyValueSpecification\",\"valueRequired\":true,\"valueName\":\"search_term_string\"}}],\"inLanguage\":\"vi\"},{\"@type\":[\"Organization\",\"Place\"],\"@id\":\"https:\/\/tranthi.vn\/quang-tri\/#organization\",\"name\":\"VLXD Tr\u1ea7n Th\u1ecb\",\"url\":\"https:\/\/tranthi.vn\/quang-tri\/\",\"logo\":{\"@id\":\"https:\/\/tranthi.vn\/quang-tri\/gia-gach-tham-quang-tri\/#local-main-organization-logo\"},\"image\":{\"@id\":\"https:\/\/tranthi.vn\/quang-tri\/gia-gach-tham-quang-tri\/#local-main-organization-logo\"},\"telephone\":[],\"openingHoursSpecification\":[{\"@type\":\"OpeningHoursSpecification\",\"dayOfWeek\":[\"Monday\",\"Tuesday\",\"Wednesday\",\"Thursday\",\"Friday\",\"Saturday\",\"Sunday\"],\"opens\":\"09:00\",\"closes\":\"17:00\"}]},{\"@type\":\"ImageObject\",\"inLanguage\":\"vi\",\"@id\":\"https:\/\/tranthi.vn\/quang-tri\/gia-gach-tham-quang-tri\/#local-main-organization-logo\",\"url\":\"https:\/\/tranthi.vn\/quang-tri\/wp-content\/uploads\/2021\/02\/logo-tranthi1.jpg\",\"contentUrl\":\"https:\/\/tranthi.vn\/quang-tri\/wp-content\/uploads\/2021\/02\/logo-tranthi1.jpg\",\"width\":800,\"height\":319,\"caption\":\"VLXD Tr\u1ea7n Th\u1ecb\"}]}<\/script>\n<meta property=\"product:price:amount\" content=\"1550000\" \/>\n<meta property=\"product:price:currency\" content=\"VND\" \/>\n<meta property=\"og:availability\" content=\"instock\" \/>\n<meta property=\"product:availability\" content=\"instock\" \/>\n<meta property=\"product:condition\" content=\"new\" \/>\n<!-- \/ Yoast SEO Premium plugin. -->","yoast_head_json":{"title":"Gi\u00e1 g\u1ea1ch th\u1ea3m trang tr\u00ed t\u1ea1i Qu\u1ea3ng Tr\u1ecb-0947.335.871","description":"Tr\u1ea7n Th\u1ecb - 0947.335.871 chuy\u00ean cung c\u1ea5p g\u1ea1ch th\u1ea3m trang tr\u00ed gi\u00e1 r\u1ebb t\u1ea1i Qu\u1ea3ng Tr\u1ecb, v\u1edbi \u0111\u1ea7y \u0111\u1ee7 k\u00edch th\u01b0\u1edbc v\u00e0 m\u1eabu m\u00e3 theo y\u00eau c\u1ea7u c\u1ee7a kh\u00e1ch h\u00e0ng","robots":{"index":"index","follow":"follow","max-snippet":"max-snippet:-1","max-image-preview":"max-image-preview:large","max-video-preview":"max-video-preview:-1"},"canonical":"https:\/\/tranthi.vn\/quang-tri\/gia-gach-tham-quang-tri\/","og_locale":"vi_VN","og_type":"article","og_title":"T\u0110K-02","og_description":"Tr\u1ea7n Th\u1ecb - 0947.335.871 chuy\u00ean cung c\u1ea5p g\u1ea1ch th\u1ea3m trang tr\u00ed gi\u00e1 r\u1ebb t\u1ea1i Qu\u1ea3ng Tr\u1ecb, v\u1edbi \u0111\u1ea7y \u0111\u1ee7 k\u00edch th\u01b0\u1edbc v\u00e0 m\u1eabu m\u00e3 theo y\u00eau c\u1ea7u c\u1ee7a kh\u00e1ch h\u00e0ng","og_url":"https:\/\/tranthi.vn\/quang-tri\/gia-gach-tham-quang-tri\/","og_site_name":"V\u1eadt Li\u1ec7u X\u00e2y D\u1ef1ng Tr\u1ea7n Th\u1ecb Chi Nh\u00e1nh Qu\u1ea3ng Tr\u1ecb","article_modified_time":"2024-07-25T02:25:07+00:00","og_image":[{"width":400,"height":400,"url":"https:\/\/tranthi.vn\/quang-tri\/wp-content\/uploads\/2021\/06\/gach-op-lat-gach-tham-hue.jpg","type":"image\/jpeg"}],"twitter_card":"summary_large_image","twitter_misc":{"Gi\u00e1":"1,550,000&nbsp;&#8363;","Kh\u1ea3 d\u1ee5ng":"Trong kho"},"schema":{"@context":"https:\/\/schema.org","@graph":[{"@type":"WebPage","@id":"https:\/\/tranthi.vn\/quang-tri\/gia-gach-tham-quang-tri\/","url":"https:\/\/tranthi.vn\/quang-tri\/gia-gach-tham-quang-tri\/","name":"Gi\u00e1 g\u1ea1ch th\u1ea3m trang tr\u00ed t\u1ea1i Qu\u1ea3ng Tr\u1ecb-0947.335.871","isPartOf":{"@id":"https:\/\/tranthi.vn\/quang-tri\/#website"},"primaryImageOfPage":{"@id":"https:\/\/tranthi.vn\/quang-tri\/gia-gach-tham-quang-tri\/#primaryimage"},"image":{"@id":"https:\/\/tranthi.vn\/quang-tri\/gia-gach-tham-quang-tri\/#primaryimage"},"thumbnailUrl":"https:\/\/tranthi.vn\/quang-tri\/wp-content\/uploads\/2021\/06\/gach-op-lat-gach-tham-hue.jpg","datePublished":"2021-06-16T02:28:34+00:00","dateModified":"2024-07-25T02:25:07+00:00","description":"Tr\u1ea7n Th\u1ecb - 0947.335.871 chuy\u00ean cung c\u1ea5p g\u1ea1ch th\u1ea3m trang tr\u00ed gi\u00e1 r\u1ebb t\u1ea1i Qu\u1ea3ng Tr\u1ecb, v\u1edbi \u0111\u1ea7y \u0111\u1ee7 k\u00edch th\u01b0\u1edbc v\u00e0 m\u1eabu m\u00e3 theo y\u00eau c\u1ea7u c\u1ee7a kh\u00e1ch h\u00e0ng","breadcrumb":{"@id":"https:\/\/tranthi.vn\/quang-tri\/gia-gach-tham-quang-tri\/#breadcrumb"},"inLanguage":"vi","potentialAction":[{"@type":"ReadAction","target":["https:\/\/tranthi.vn\/quang-tri\/gia-gach-tham-quang-tri\/"]}]},{"@type":"ImageObject","inLanguage":"vi","@id":"https:\/\/tranthi.vn\/quang-tri\/gia-gach-tham-quang-tri\/#primaryimage","url":"https:\/\/tranthi.vn\/quang-tri\/wp-content\/uploads\/2021\/06\/gach-op-lat-gach-tham-hue.jpg","contentUrl":"https:\/\/tranthi.vn\/quang-tri\/wp-content\/uploads\/2021\/06\/gach-op-lat-gach-tham-hue.jpg","width":400,"height":400,"caption":"g\u1ea1ch \u1ed1p l\u00e1t-g\u1ea1ch th\u1ea3m hu\u1ebf"},{"@type":"BreadcrumbList","@id":"https:\/\/tranthi.vn\/quang-tri\/gia-gach-tham-quang-tri\/#breadcrumb","itemListElement":[{"@type":"ListItem","position":1,"name":"Trang Ch\u1ee7","item":"https:\/\/tranthi.vn\/quang-tri\/"},{"@type":"ListItem","position":2,"name":"Shop","item":"https:\/\/tranthi.vn\/quang-tri\/shop\/"},{"@type":"ListItem","position":3,"name":"T\u0110K-02"}]},{"@type":"WebSite","@id":"https:\/\/tranthi.vn\/quang-tri\/#website","url":"https:\/\/tranthi.vn\/quang-tri\/","name":"VLXD Tr\u1ea7n Th\u1ecb","description":"V\u1eadt Li\u1ec7u X\u00e2y D\u1ef1ng - Qu\u1ea3ng Tr\u1ecb","publisher":{"@id":"https:\/\/tranthi.vn\/quang-tri\/#organization"},"potentialAction":[{"@type":"SearchAction","target":{"@type":"EntryPoint","urlTemplate":"https:\/\/tranthi.vn\/quang-tri\/?s={search_term_string}"},"query-input":{"@type":"PropertyValueSpecification","valueRequired":true,"valueName":"search_term_string"}}],"inLanguage":"vi"},{"@type":["Organization","Place"],"@id":"https:\/\/tranthi.vn\/quang-tri\/#organization","name":"VLXD Tr\u1ea7n Th\u1ecb","url":"https:\/\/tranthi.vn\/quang-tri\/","logo":{"@id":"https:\/\/tranthi.vn\/quang-tri\/gia-gach-tham-quang-tri\/#local-main-organization-logo"},"image":{"@id":"https:\/\/tranthi.vn\/quang-tri\/gia-gach-tham-quang-tri\/#local-main-organization-logo"},"telephone":[],"openingHoursSpecification":[{"@type":"OpeningHoursSpecification","dayOfWeek":["Monday","Tuesday","Wednesday","Thursday","Friday","Saturday","Sunday"],"opens":"09:00","closes":"17:00"}]},{"@type":"ImageObject","inLanguage":"vi","@id":"https:\/\/tranthi.vn\/quang-tri\/gia-gach-tham-quang-tri\/#local-main-organization-logo","url":"https:\/\/tranthi.vn\/quang-tri\/wp-content\/uploads\/2021\/02\/logo-tranthi1.jpg","contentUrl":"https:\/\/tranthi.vn\/quang-tri\/wp-content\/uploads\/2021\/02\/logo-tranthi1.jpg","width":800,"height":319,"caption":"VLXD Tr\u1ea7n Th\u1ecb"}]},"product_price_amount":"1550000","product_price_currency":"VND","og_availability":"instock","product_availability":"instock","product_condition":"new"},"_links":{"self":[{"href":"https:\/\/tranthi.vn\/quang-tri\/wp-json\/wp\/v2\/product\/3329","targetHints":{"allow":["GET"]}}],"collection":[{"href":"https:\/\/tranthi.vn\/quang-tri\/wp-json\/wp\/v2\/product"}],"about":[{"href":"https:\/\/tranthi.vn\/quang-tri\/wp-json\/wp\/v2\/types\/product"}],"replies":[{"embeddable":true,"href":"https:\/\/tranthi.vn\/quang-tri\/wp-json\/wp\/v2\/comments?post=3329"}],"wp:featuredmedia":[{"embeddable":true,"href":"https:\/\/tranthi.vn\/quang-tri\/wp-json\/wp\/v2\/media\/4585"}],"wp:attachment":[{"href":"https:\/\/tranthi.vn\/quang-tri\/wp-json\/wp\/v2\/media?parent=3329"}],"wp:term":[{"taxonomy":"product_cat","embeddable":true,"href":"https:\/\/tranthi.vn\/quang-tri\/wp-json\/wp\/v2\/product_cat?post=3329"},{"taxonomy":"product_tag","embeddable":true,"href":"https:\/\/tranthi.vn\/quang-tri\/wp-json\/wp\/v2\/product_tag?post=3329"}],"curies":[{"name":"wp","href":"https:\/\/api.w.org\/{rel}","templated":true}]}}