{"id":3246,"date":"2021-06-11T10:29:51","date_gmt":"2021-06-11T03:29:51","guid":{"rendered":"https:\/\/tranthi.vn\/?post_type=product&#038;p=3246"},"modified":"2024-07-25T08:07:58","modified_gmt":"2024-07-25T01:07:58","slug":"gach-luc-giac-mau-vang-quang-tri","status":"publish","type":"product","link":"https:\/\/tranthi.vn\/quang-tri\/gach-luc-giac-mau-vang-quang-tri\/","title":{"rendered":"LG-V\u00e0ng"},"content":{"rendered":"","protected":false},"excerpt":{"rendered":"<p><span style=\"font-family: 'times new roman', times, serif;\"><img loading=\"lazy\" decoding=\"async\" class=\"\" src=\"https:\/\/static.xx.fbcdn.net\/images\/emoji.php\/v9\/tb\/1\/16\/1f388.png\" alt=\"\ud83c\udf88\" width=\"19\" height=\"19\" \/><span style=\"font-size: 130%;\">\u00a0Giao h\u00e0ng trong \u0111\u1ecba b\u00e0n\u00a0<\/span><\/span><\/p>\n<p><span style=\"font-family: 'times new roman', times, serif; font-size: 130%;\"><img loading=\"lazy\" decoding=\"async\" class=\"\" src=\"https:\/\/static.xx.fbcdn.net\/images\/emoji.php\/v9\/tb\/1\/16\/1f388.png\" alt=\"\ud83c\udf88\" width=\"19\" height=\"19\" \/>\u00a0 \u0110\u01a1n v\u1ecb t\u00ednh: M\u00e9t<\/span><\/p>\n<p><span style=\"font-family: 'times new roman', times, serif; font-size: 130%;\"><img loading=\"lazy\" decoding=\"async\" class=\"\" src=\"https:\/\/static.xx.fbcdn.net\/images\/emoji.php\/v9\/tb\/1\/16\/1f388.png\" alt=\"\ud83c\udf88\" width=\"19\" height=\"19\" \/>\u00a0 \u0110\u01a1n gi\u00e1<em><strong>:\u00a0<a href=\"https:\/\/tranthi.vn\/quang-tri\/gach-lat-via-he-re-quat-mau-vang-gia-95-000-m\/\">G\u1ea1ch L\u1ee5c Gi\u00e1c<\/a><\/strong><\/em><\/span><\/p>\n<p><span style=\"font-family: 'times new roman', times, serif; font-size: 130%; color: #008000;\">\u00a0 \u00a0\u00a0\u00a0<strong>\u00a0T\u1eeb 0&lt; M &lt; 20: Gi\u00e1 \u21d2 430.000\u0111\/M2\u00a0<\/strong><\/span><\/p>\n<p><span style=\"font-family: 'times new roman', times, serif; font-size: 130%; color: #008000;\"><strong>\u00a0 \u00a0 \u00a0\u00a0T\u1eeb M &gt; 21: Gi\u00e1\u00a0\u21d2 420.000\u0111\/M2<\/strong><\/span><\/p>\n<p><span style=\"font-family: 'times new roman', times, serif; font-size: 130%;\"><img loading=\"lazy\" decoding=\"async\" class=\"\" src=\"https:\/\/static.xx.fbcdn.net\/images\/emoji.php\/v9\/tb\/1\/16\/1f388.png\" alt=\"\ud83c\udf88\" width=\"19\" height=\"19\" \/>Mi\u1ec5n ph\u00ed v\u1eadn chuy\u1ec3n \u0111\u01a1n h\u00e0ng t\u1eeb 3 tri\u1ec7u tr\u1edf l\u00ean v\u00e0 trong Tp Qu\u1ea3ng Tr\u1ecb Ngo\u00e0i ra Tr\u1ea7n Th\u1ecb ship c\u00e1c huy\u1ec7n l\u00e2n c\u1eadn ph\u00ed v\u1eadn chuy\u1ec3n ph\u1ee5 thu\u1ed9c v\u00e0o v\u1ecb tr\u00ed xa g\u1ea7n<\/span><\/p>\n","protected":false},"featured_media":4557,"comment_status":"closed","ping_status":"closed","template":"","meta":[],"product_cat":[287],"product_tag":[698],"class_list":{"0":"post-3246","1":"product","2":"type-product","3":"status-publish","4":"has-post-thumbnail","6":"product_cat-gach-luc-giac","7":"product_tag-gach-trang-tri-luc-giac-mau-vang-hue","9":"first","10":"instock","11":"sale","12":"shipping-taxable","13":"purchasable","14":"product-type-simple"},"yoast_head":"<!-- This site is optimized with the Yoast SEO Premium plugin v22.3 (Yoast SEO v24.0) - https:\/\/yoast.com\/wordpress\/plugins\/seo\/ -->\n<title>G\u1ea1ch l\u1ee5c gi\u00e1c gi\u00e1 r\u1ebb t\u1ea1i Qu\u1ea3ng Tr\u1ecb- 0947.335.871<\/title>\n<meta name=\"description\" content=\"Tr\u1ea7n Th\u1ecb - Chuy\u00ean cung c\u1ea5p G\u1ea1ch l\u1ee5c gi\u00e1c gi\u00e1 r\u1ebb t\u1ea1i Qu\u1ea3ng Tr\u1ecb- 0947.335.871 cho m\u1ecdi c\u00f4ng tr\u00ecnh t\u1eeb nh\u00e0 \u1edf \u0111\u1ebfn c\u00e1c c\u00f4ng tr\u00ecnh l\u1edbn\" \/>\n<meta name=\"robots\" content=\"index, follow, max-snippet:-1, max-image-preview:large, max-video-preview:-1\" \/>\n<link rel=\"canonical\" href=\"https:\/\/tranthi.vn\/quang-tri\/gach-luc-giac-mau-vang-quang-tri\/\" \/>\n<meta property=\"og:locale\" content=\"vi_VN\" \/>\n<meta property=\"og:type\" content=\"article\" \/>\n<meta property=\"og:title\" content=\"LG-V\u00e0ng\" \/>\n<meta property=\"og:description\" content=\"Tr\u1ea7n Th\u1ecb - Chuy\u00ean cung c\u1ea5p G\u1ea1ch l\u1ee5c gi\u00e1c gi\u00e1 r\u1ebb t\u1ea1i Qu\u1ea3ng Tr\u1ecb- 0947.335.871 cho m\u1ecdi c\u00f4ng tr\u00ecnh t\u1eeb nh\u00e0 \u1edf \u0111\u1ebfn c\u00e1c c\u00f4ng tr\u00ecnh l\u1edbn\" \/>\n<meta property=\"og:url\" content=\"https:\/\/tranthi.vn\/quang-tri\/gach-luc-giac-mau-vang-quang-tri\/\" \/>\n<meta property=\"og:site_name\" content=\"V\u1eadt Li\u1ec7u X\u00e2y D\u1ef1ng Tr\u1ea7n Th\u1ecb Chi Nh\u00e1nh Qu\u1ea3ng Tr\u1ecb\" \/>\n<meta property=\"article:modified_time\" content=\"2024-07-25T01:07:58+00:00\" \/>\n<meta property=\"og:image\" content=\"https:\/\/tranthi.vn\/quang-tri\/wp-content\/uploads\/2021\/06\/gach-trang-tri-luc-giac-mau-vang-hue.jpg\" \/>\n\t<meta property=\"og:image:width\" content=\"400\" \/>\n\t<meta property=\"og:image:height\" content=\"400\" \/>\n\t<meta property=\"og:image:type\" content=\"image\/jpeg\" \/>\n<meta name=\"twitter:card\" content=\"summary_large_image\" \/>\n<meta name=\"twitter:label1\" content=\"Gi\u00e1\" \/>\n\t<meta name=\"twitter:data1\" content=\"420,000&nbsp;&#8363;\" \/>\n\t<meta name=\"twitter:label2\" content=\"Kh\u1ea3 d\u1ee5ng\" \/>\n\t<meta name=\"twitter:data2\" content=\"Trong kho\" \/>\n<script type=\"application\/ld+json\" class=\"yoast-schema-graph\">{\"@context\":\"https:\/\/schema.org\",\"@graph\":[{\"@type\":\"WebPage\",\"@id\":\"https:\/\/tranthi.vn\/quang-tri\/gach-luc-giac-mau-vang-quang-tri\/\",\"url\":\"https:\/\/tranthi.vn\/quang-tri\/gach-luc-giac-mau-vang-quang-tri\/\",\"name\":\"G\u1ea1ch l\u1ee5c gi\u00e1c gi\u00e1 r\u1ebb t\u1ea1i Qu\u1ea3ng Tr\u1ecb- 0947.335.871\",\"isPartOf\":{\"@id\":\"https:\/\/tranthi.vn\/quang-tri\/#website\"},\"primaryImageOfPage\":{\"@id\":\"https:\/\/tranthi.vn\/quang-tri\/gach-luc-giac-mau-vang-quang-tri\/#primaryimage\"},\"image\":{\"@id\":\"https:\/\/tranthi.vn\/quang-tri\/gach-luc-giac-mau-vang-quang-tri\/#primaryimage\"},\"thumbnailUrl\":\"https:\/\/tranthi.vn\/quang-tri\/wp-content\/uploads\/2021\/06\/gach-trang-tri-luc-giac-mau-vang-hue.jpg\",\"datePublished\":\"2021-06-11T03:29:51+00:00\",\"dateModified\":\"2024-07-25T01:07:58+00:00\",\"description\":\"Tr\u1ea7n Th\u1ecb - Chuy\u00ean cung c\u1ea5p G\u1ea1ch l\u1ee5c gi\u00e1c gi\u00e1 r\u1ebb t\u1ea1i Qu\u1ea3ng Tr\u1ecb- 0947.335.871 cho m\u1ecdi c\u00f4ng tr\u00ecnh t\u1eeb nh\u00e0 \u1edf \u0111\u1ebfn c\u00e1c c\u00f4ng tr\u00ecnh l\u1edbn\",\"breadcrumb\":{\"@id\":\"https:\/\/tranthi.vn\/quang-tri\/gach-luc-giac-mau-vang-quang-tri\/#breadcrumb\"},\"inLanguage\":\"vi\",\"potentialAction\":[{\"@type\":\"ReadAction\",\"target\":[\"https:\/\/tranthi.vn\/quang-tri\/gach-luc-giac-mau-vang-quang-tri\/\"]}]},{\"@type\":\"ImageObject\",\"inLanguage\":\"vi\",\"@id\":\"https:\/\/tranthi.vn\/quang-tri\/gach-luc-giac-mau-vang-quang-tri\/#primaryimage\",\"url\":\"https:\/\/tranthi.vn\/quang-tri\/wp-content\/uploads\/2021\/06\/gach-trang-tri-luc-giac-mau-vang-hue.jpg\",\"contentUrl\":\"https:\/\/tranthi.vn\/quang-tri\/wp-content\/uploads\/2021\/06\/gach-trang-tri-luc-giac-mau-vang-hue.jpg\",\"width\":400,\"height\":400,\"caption\":\"gach-trang-tri-luc-giac-mau-vang-hue\"},{\"@type\":\"BreadcrumbList\",\"@id\":\"https:\/\/tranthi.vn\/quang-tri\/gach-luc-giac-mau-vang-quang-tri\/#breadcrumb\",\"itemListElement\":[{\"@type\":\"ListItem\",\"position\":1,\"name\":\"Trang Ch\u1ee7\",\"item\":\"https:\/\/tranthi.vn\/quang-tri\/\"},{\"@type\":\"ListItem\",\"position\":2,\"name\":\"Shop\",\"item\":\"https:\/\/tranthi.vn\/quang-tri\/shop\/\"},{\"@type\":\"ListItem\",\"position\":3,\"name\":\"LG-V\u00e0ng\"}]},{\"@type\":\"WebSite\",\"@id\":\"https:\/\/tranthi.vn\/quang-tri\/#website\",\"url\":\"https:\/\/tranthi.vn\/quang-tri\/\",\"name\":\"VLXD Tr\u1ea7n Th\u1ecb\",\"description\":\"V\u1eadt Li\u1ec7u X\u00e2y D\u1ef1ng - Qu\u1ea3ng Tr\u1ecb\",\"publisher\":{\"@id\":\"https:\/\/tranthi.vn\/quang-tri\/#organization\"},\"potentialAction\":[{\"@type\":\"SearchAction\",\"target\":{\"@type\":\"EntryPoint\",\"urlTemplate\":\"https:\/\/tranthi.vn\/quang-tri\/?s={search_term_string}\"},\"query-input\":{\"@type\":\"PropertyValueSpecification\",\"valueRequired\":true,\"valueName\":\"search_term_string\"}}],\"inLanguage\":\"vi\"},{\"@type\":[\"Organization\",\"Place\"],\"@id\":\"https:\/\/tranthi.vn\/quang-tri\/#organization\",\"name\":\"VLXD Tr\u1ea7n Th\u1ecb\",\"url\":\"https:\/\/tranthi.vn\/quang-tri\/\",\"logo\":{\"@id\":\"https:\/\/tranthi.vn\/quang-tri\/gach-luc-giac-mau-vang-quang-tri\/#local-main-organization-logo\"},\"image\":{\"@id\":\"https:\/\/tranthi.vn\/quang-tri\/gach-luc-giac-mau-vang-quang-tri\/#local-main-organization-logo\"},\"telephone\":[],\"openingHoursSpecification\":[{\"@type\":\"OpeningHoursSpecification\",\"dayOfWeek\":[\"Monday\",\"Tuesday\",\"Wednesday\",\"Thursday\",\"Friday\",\"Saturday\",\"Sunday\"],\"opens\":\"09:00\",\"closes\":\"17:00\"}]},{\"@type\":\"ImageObject\",\"inLanguage\":\"vi\",\"@id\":\"https:\/\/tranthi.vn\/quang-tri\/gach-luc-giac-mau-vang-quang-tri\/#local-main-organization-logo\",\"url\":\"https:\/\/tranthi.vn\/quang-tri\/wp-content\/uploads\/2021\/02\/logo-tranthi1.jpg\",\"contentUrl\":\"https:\/\/tranthi.vn\/quang-tri\/wp-content\/uploads\/2021\/02\/logo-tranthi1.jpg\",\"width\":800,\"height\":319,\"caption\":\"VLXD Tr\u1ea7n Th\u1ecb\"}]}<\/script>\n<meta property=\"product:price:amount\" content=\"420000\" \/>\n<meta property=\"product:price:currency\" content=\"VND\" \/>\n<meta property=\"og:availability\" content=\"instock\" \/>\n<meta property=\"product:availability\" content=\"instock\" \/>\n<meta property=\"product:condition\" content=\"new\" \/>\n<!-- \/ Yoast SEO Premium plugin. -->","yoast_head_json":{"title":"G\u1ea1ch l\u1ee5c gi\u00e1c gi\u00e1 r\u1ebb t\u1ea1i Qu\u1ea3ng Tr\u1ecb- 0947.335.871","description":"Tr\u1ea7n Th\u1ecb - Chuy\u00ean cung c\u1ea5p G\u1ea1ch l\u1ee5c gi\u00e1c gi\u00e1 r\u1ebb t\u1ea1i Qu\u1ea3ng Tr\u1ecb- 0947.335.871 cho m\u1ecdi c\u00f4ng tr\u00ecnh t\u1eeb nh\u00e0 \u1edf \u0111\u1ebfn c\u00e1c c\u00f4ng tr\u00ecnh l\u1edbn","robots":{"index":"index","follow":"follow","max-snippet":"max-snippet:-1","max-image-preview":"max-image-preview:large","max-video-preview":"max-video-preview:-1"},"canonical":"https:\/\/tranthi.vn\/quang-tri\/gach-luc-giac-mau-vang-quang-tri\/","og_locale":"vi_VN","og_type":"article","og_title":"LG-V\u00e0ng","og_description":"Tr\u1ea7n Th\u1ecb - Chuy\u00ean cung c\u1ea5p G\u1ea1ch l\u1ee5c gi\u00e1c gi\u00e1 r\u1ebb t\u1ea1i Qu\u1ea3ng Tr\u1ecb- 0947.335.871 cho m\u1ecdi c\u00f4ng tr\u00ecnh t\u1eeb nh\u00e0 \u1edf \u0111\u1ebfn c\u00e1c c\u00f4ng tr\u00ecnh l\u1edbn","og_url":"https:\/\/tranthi.vn\/quang-tri\/gach-luc-giac-mau-vang-quang-tri\/","og_site_name":"V\u1eadt Li\u1ec7u X\u00e2y D\u1ef1ng Tr\u1ea7n Th\u1ecb Chi Nh\u00e1nh Qu\u1ea3ng Tr\u1ecb","article_modified_time":"2024-07-25T01:07:58+00:00","og_image":[{"width":400,"height":400,"url":"https:\/\/tranthi.vn\/quang-tri\/wp-content\/uploads\/2021\/06\/gach-trang-tri-luc-giac-mau-vang-hue.jpg","type":"image\/jpeg"}],"twitter_card":"summary_large_image","twitter_misc":{"Gi\u00e1":"420,000&nbsp;&#8363;","Kh\u1ea3 d\u1ee5ng":"Trong kho"},"schema":{"@context":"https:\/\/schema.org","@graph":[{"@type":"WebPage","@id":"https:\/\/tranthi.vn\/quang-tri\/gach-luc-giac-mau-vang-quang-tri\/","url":"https:\/\/tranthi.vn\/quang-tri\/gach-luc-giac-mau-vang-quang-tri\/","name":"G\u1ea1ch l\u1ee5c gi\u00e1c gi\u00e1 r\u1ebb t\u1ea1i Qu\u1ea3ng Tr\u1ecb- 0947.335.871","isPartOf":{"@id":"https:\/\/tranthi.vn\/quang-tri\/#website"},"primaryImageOfPage":{"@id":"https:\/\/tranthi.vn\/quang-tri\/gach-luc-giac-mau-vang-quang-tri\/#primaryimage"},"image":{"@id":"https:\/\/tranthi.vn\/quang-tri\/gach-luc-giac-mau-vang-quang-tri\/#primaryimage"},"thumbnailUrl":"https:\/\/tranthi.vn\/quang-tri\/wp-content\/uploads\/2021\/06\/gach-trang-tri-luc-giac-mau-vang-hue.jpg","datePublished":"2021-06-11T03:29:51+00:00","dateModified":"2024-07-25T01:07:58+00:00","description":"Tr\u1ea7n Th\u1ecb - Chuy\u00ean cung c\u1ea5p G\u1ea1ch l\u1ee5c gi\u00e1c gi\u00e1 r\u1ebb t\u1ea1i Qu\u1ea3ng Tr\u1ecb- 0947.335.871 cho m\u1ecdi c\u00f4ng tr\u00ecnh t\u1eeb nh\u00e0 \u1edf \u0111\u1ebfn c\u00e1c c\u00f4ng tr\u00ecnh l\u1edbn","breadcrumb":{"@id":"https:\/\/tranthi.vn\/quang-tri\/gach-luc-giac-mau-vang-quang-tri\/#breadcrumb"},"inLanguage":"vi","potentialAction":[{"@type":"ReadAction","target":["https:\/\/tranthi.vn\/quang-tri\/gach-luc-giac-mau-vang-quang-tri\/"]}]},{"@type":"ImageObject","inLanguage":"vi","@id":"https:\/\/tranthi.vn\/quang-tri\/gach-luc-giac-mau-vang-quang-tri\/#primaryimage","url":"https:\/\/tranthi.vn\/quang-tri\/wp-content\/uploads\/2021\/06\/gach-trang-tri-luc-giac-mau-vang-hue.jpg","contentUrl":"https:\/\/tranthi.vn\/quang-tri\/wp-content\/uploads\/2021\/06\/gach-trang-tri-luc-giac-mau-vang-hue.jpg","width":400,"height":400,"caption":"gach-trang-tri-luc-giac-mau-vang-hue"},{"@type":"BreadcrumbList","@id":"https:\/\/tranthi.vn\/quang-tri\/gach-luc-giac-mau-vang-quang-tri\/#breadcrumb","itemListElement":[{"@type":"ListItem","position":1,"name":"Trang Ch\u1ee7","item":"https:\/\/tranthi.vn\/quang-tri\/"},{"@type":"ListItem","position":2,"name":"Shop","item":"https:\/\/tranthi.vn\/quang-tri\/shop\/"},{"@type":"ListItem","position":3,"name":"LG-V\u00e0ng"}]},{"@type":"WebSite","@id":"https:\/\/tranthi.vn\/quang-tri\/#website","url":"https:\/\/tranthi.vn\/quang-tri\/","name":"VLXD Tr\u1ea7n Th\u1ecb","description":"V\u1eadt Li\u1ec7u X\u00e2y D\u1ef1ng - Qu\u1ea3ng Tr\u1ecb","publisher":{"@id":"https:\/\/tranthi.vn\/quang-tri\/#organization"},"potentialAction":[{"@type":"SearchAction","target":{"@type":"EntryPoint","urlTemplate":"https:\/\/tranthi.vn\/quang-tri\/?s={search_term_string}"},"query-input":{"@type":"PropertyValueSpecification","valueRequired":true,"valueName":"search_term_string"}}],"inLanguage":"vi"},{"@type":["Organization","Place"],"@id":"https:\/\/tranthi.vn\/quang-tri\/#organization","name":"VLXD Tr\u1ea7n Th\u1ecb","url":"https:\/\/tranthi.vn\/quang-tri\/","logo":{"@id":"https:\/\/tranthi.vn\/quang-tri\/gach-luc-giac-mau-vang-quang-tri\/#local-main-organization-logo"},"image":{"@id":"https:\/\/tranthi.vn\/quang-tri\/gach-luc-giac-mau-vang-quang-tri\/#local-main-organization-logo"},"telephone":[],"openingHoursSpecification":[{"@type":"OpeningHoursSpecification","dayOfWeek":["Monday","Tuesday","Wednesday","Thursday","Friday","Saturday","Sunday"],"opens":"09:00","closes":"17:00"}]},{"@type":"ImageObject","inLanguage":"vi","@id":"https:\/\/tranthi.vn\/quang-tri\/gach-luc-giac-mau-vang-quang-tri\/#local-main-organization-logo","url":"https:\/\/tranthi.vn\/quang-tri\/wp-content\/uploads\/2021\/02\/logo-tranthi1.jpg","contentUrl":"https:\/\/tranthi.vn\/quang-tri\/wp-content\/uploads\/2021\/02\/logo-tranthi1.jpg","width":800,"height":319,"caption":"VLXD Tr\u1ea7n Th\u1ecb"}]},"product_price_amount":"420000","product_price_currency":"VND","og_availability":"instock","product_availability":"instock","product_condition":"new"},"_links":{"self":[{"href":"https:\/\/tranthi.vn\/quang-tri\/wp-json\/wp\/v2\/product\/3246","targetHints":{"allow":["GET"]}}],"collection":[{"href":"https:\/\/tranthi.vn\/quang-tri\/wp-json\/wp\/v2\/product"}],"about":[{"href":"https:\/\/tranthi.vn\/quang-tri\/wp-json\/wp\/v2\/types\/product"}],"replies":[{"embeddable":true,"href":"https:\/\/tranthi.vn\/quang-tri\/wp-json\/wp\/v2\/comments?post=3246"}],"wp:featuredmedia":[{"embeddable":true,"href":"https:\/\/tranthi.vn\/quang-tri\/wp-json\/wp\/v2\/media\/4557"}],"wp:attachment":[{"href":"https:\/\/tranthi.vn\/quang-tri\/wp-json\/wp\/v2\/media?parent=3246"}],"wp:term":[{"taxonomy":"product_cat","embeddable":true,"href":"https:\/\/tranthi.vn\/quang-tri\/wp-json\/wp\/v2\/product_cat?post=3246"},{"taxonomy":"product_tag","embeddable":true,"href":"https:\/\/tranthi.vn\/quang-tri\/wp-json\/wp\/v2\/product_tag?post=3246"}],"curies":[{"name":"wp","href":"https:\/\/api.w.org\/{rel}","templated":true}]}}