{"id":3196,"date":"2021-05-25T10:44:18","date_gmt":"2021-05-25T03:44:18","guid":{"rendered":"https:\/\/tranthi.vn\/?post_type=product&#038;p=3196"},"modified":"2022-03-25T09:36:46","modified_gmt":"2022-03-25T02:36:46","slug":"ke-ban-da-do-lavabo-ol02","status":"publish","type":"product","link":"https:\/\/tranthi.vn\/quang-tri\/ke-ban-da-do-lavabo-ol02\/","title":{"rendered":"K\u1ec7 B\u00e0n \u0110\u00e1 \u0110\u1ee1 Lavabo OL02"},"content":{"rendered":"","protected":false},"excerpt":{"rendered":"<div class=\"price-wrapper\">\n<p class=\"price product-page-price price-on-sale\"><span style=\"font-family: 'times new roman', times, serif; font-size: 130%;\"><strong>Th\u00f4ng tin chi ti\u1ebft:<\/strong><\/span><\/p>\n<\/div>\n<div class=\"product-short-description\">\n<p><span style=\"font-family: 'times new roman', times, serif; font-size: 130%;\">\u00a0\u00a0<img decoding=\"async\" class=\"emoji\" draggable=\"false\" src=\"https:\/\/s.w.org\/images\/core\/emoji\/12.0.0-1\/svg\/1f61b.svg\" alt=\"\ud83d\ude1b\" \/> \u00a0\u0110\u00e1:\u00a0 V\u00e2n V\u00e0ng<\/span><\/p>\n<p><span style=\"font-family: 'times new roman', times, serif; font-size: 130%;\">\u00a0\u00a0<img decoding=\"async\" class=\"emoji\" draggable=\"false\" src=\"https:\/\/s.w.org\/images\/core\/emoji\/12.0.0-1\/svg\/1f61b.svg\" alt=\"\ud83d\ude1b\" \/>\u00a0 K\u00edch th\u01b0\u1edbc: 50 cm x 70 cm x 12 cm<\/span><\/p>\n<p><span style=\"font-family: 'times new roman', times, serif; font-size: 130%;\">\u00a0\u00a0<img decoding=\"async\" class=\"emoji\" draggable=\"false\" src=\"https:\/\/s.w.org\/images\/core\/emoji\/12.0.0-1\/svg\/1f61b.svg\" alt=\"\ud83d\ude1b\" \/>\u00a0 B\u1ea3o h\u00e0nh:\u00a0 1 N\u0103m<\/span><\/p>\n<p><span style=\"font-family: 'times new roman', times, serif; font-size: 130%;\">\u00a0\u00a0<img decoding=\"async\" class=\"emoji\" draggable=\"false\" src=\"https:\/\/s.w.org\/images\/core\/emoji\/12.0.0-1\/svg\/1f61b.svg\" alt=\"\ud83d\ude1b\" \/>\u00a0 Mi\u1ec5n ph\u00ed ship TP Hu\u1ebf v\u00e0 t\u1eeb 2 c\u00e1i tr\u1edf l\u00ean<\/span><\/p>\n<\/div>\n","protected":false},"featured_media":4108,"comment_status":"closed","ping_status":"closed","template":"","meta":[],"product_cat":[285],"product_tag":[426],"class_list":{"0":"post-3196","1":"product","2":"type-product","3":"status-publish","4":"has-post-thumbnail","6":"product_cat-ke-ban-da-lavabo","7":"product_tag-gia-ke-ban-da-do-lavabo-hue","9":"first","10":"instock","11":"sale","12":"shipping-taxable","13":"purchasable","14":"product-type-simple"},"yoast_head":"<!-- This site is optimized with the Yoast SEO Premium plugin v22.3 (Yoast SEO v24.0) - https:\/\/yoast.com\/wordpress\/plugins\/seo\/ -->\n<title>K\u1ec7 B\u00e0n \u0110\u00e1 \u0110\u1ee1 Lavabo OL02 - V\u1eadt Li\u1ec7u X\u00e2y D\u1ef1ng Tr\u1ea7n Th\u1ecb Chi Nh\u00e1nh Qu\u1ea3ng Tr\u1ecb<\/title>\n<meta name=\"robots\" content=\"index, follow, max-snippet:-1, max-image-preview:large, max-video-preview:-1\" \/>\n<link rel=\"canonical\" href=\"https:\/\/tranthi.vn\/quang-tri\/ke-ban-da-do-lavabo-ol02\/\" \/>\n<meta property=\"og:locale\" content=\"vi_VN\" \/>\n<meta property=\"og:type\" content=\"article\" \/>\n<meta property=\"og:title\" content=\"K\u1ec7 B\u00e0n \u0110\u00e1 \u0110\u1ee1 Lavabo OL02\" \/>\n<meta property=\"og:description\" content=\"Th\u00f4ng tin chi ti\u1ebft:     \u00a0\u00a0 \u00a0\u0110\u00e1:\u00a0 V\u00e2n V\u00e0ng  \u00a0\u00a0\u00a0 K\u00edch th\u01b0\u1edbc: 50 cm x 70 cm x 12 cm  \u00a0\u00a0\u00a0 B\u1ea3o h\u00e0nh:\u00a0 1 N\u0103m  \u00a0\u00a0\u00a0 Mi\u1ec5n ph\u00ed ship TP Hu\u1ebf v\u00e0 t\u1eeb 2 c\u00e1i tr\u1edf l\u00ean\" \/>\n<meta property=\"og:url\" content=\"https:\/\/tranthi.vn\/quang-tri\/ke-ban-da-do-lavabo-ol02\/\" \/>\n<meta property=\"og:site_name\" content=\"V\u1eadt Li\u1ec7u X\u00e2y D\u1ef1ng Tr\u1ea7n Th\u1ecb Chi Nh\u00e1nh Qu\u1ea3ng Tr\u1ecb\" \/>\n<meta property=\"article:modified_time\" content=\"2022-03-25T02:36:46+00:00\" \/>\n<meta property=\"og:image\" content=\"https:\/\/tranthi.vn\/quang-tri\/wp-content\/uploads\/2021\/05\/gia-ke-ban-da-do-Lavabo-Hue.jpg\" \/>\n\t<meta property=\"og:image:width\" content=\"300\" \/>\n\t<meta property=\"og:image:height\" content=\"350\" \/>\n\t<meta property=\"og:image:type\" content=\"image\/jpeg\" \/>\n<meta name=\"twitter:card\" content=\"summary_large_image\" \/>\n<meta name=\"twitter:label1\" content=\"Gi\u00e1\" \/>\n\t<meta name=\"twitter:data1\" content=\"900,000&nbsp;&#8363;\" \/>\n\t<meta name=\"twitter:label2\" content=\"Kh\u1ea3 d\u1ee5ng\" \/>\n\t<meta name=\"twitter:data2\" content=\"Trong kho\" \/>\n<script type=\"application\/ld+json\" class=\"yoast-schema-graph\">{\"@context\":\"https:\/\/schema.org\",\"@graph\":[{\"@type\":\"WebPage\",\"@id\":\"https:\/\/tranthi.vn\/quang-tri\/ke-ban-da-do-lavabo-ol02\/\",\"url\":\"https:\/\/tranthi.vn\/quang-tri\/ke-ban-da-do-lavabo-ol02\/\",\"name\":\"K\u1ec7 B\u00e0n \u0110\u00e1 \u0110\u1ee1 Lavabo OL02 - V\u1eadt Li\u1ec7u X\u00e2y D\u1ef1ng Tr\u1ea7n Th\u1ecb Chi Nh\u00e1nh Qu\u1ea3ng Tr\u1ecb\",\"isPartOf\":{\"@id\":\"https:\/\/tranthi.vn\/quang-tri\/#website\"},\"primaryImageOfPage\":{\"@id\":\"https:\/\/tranthi.vn\/quang-tri\/ke-ban-da-do-lavabo-ol02\/#primaryimage\"},\"image\":{\"@id\":\"https:\/\/tranthi.vn\/quang-tri\/ke-ban-da-do-lavabo-ol02\/#primaryimage\"},\"thumbnailUrl\":\"https:\/\/tranthi.vn\/quang-tri\/wp-content\/uploads\/2021\/05\/gia-ke-ban-da-do-Lavabo-Hue.jpg\",\"datePublished\":\"2021-05-25T03:44:18+00:00\",\"dateModified\":\"2022-03-25T02:36:46+00:00\",\"breadcrumb\":{\"@id\":\"https:\/\/tranthi.vn\/quang-tri\/ke-ban-da-do-lavabo-ol02\/#breadcrumb\"},\"inLanguage\":\"vi\",\"potentialAction\":[{\"@type\":\"ReadAction\",\"target\":[\"https:\/\/tranthi.vn\/quang-tri\/ke-ban-da-do-lavabo-ol02\/\"]}]},{\"@type\":\"ImageObject\",\"inLanguage\":\"vi\",\"@id\":\"https:\/\/tranthi.vn\/quang-tri\/ke-ban-da-do-lavabo-ol02\/#primaryimage\",\"url\":\"https:\/\/tranthi.vn\/quang-tri\/wp-content\/uploads\/2021\/05\/gia-ke-ban-da-do-Lavabo-Hue.jpg\",\"contentUrl\":\"https:\/\/tranthi.vn\/quang-tri\/wp-content\/uploads\/2021\/05\/gia-ke-ban-da-do-Lavabo-Hue.jpg\",\"width\":300,\"height\":350,\"caption\":\"gi\u00e1 k\u1ec7 b\u00e0n \u0111\u00e1 \u0111\u1ee1 Lavabo Hu\u1ebf\"},{\"@type\":\"BreadcrumbList\",\"@id\":\"https:\/\/tranthi.vn\/quang-tri\/ke-ban-da-do-lavabo-ol02\/#breadcrumb\",\"itemListElement\":[{\"@type\":\"ListItem\",\"position\":1,\"name\":\"Trang Ch\u1ee7\",\"item\":\"https:\/\/tranthi.vn\/quang-tri\/\"},{\"@type\":\"ListItem\",\"position\":2,\"name\":\"Shop\",\"item\":\"https:\/\/tranthi.vn\/quang-tri\/shop\/\"},{\"@type\":\"ListItem\",\"position\":3,\"name\":\"K\u1ec7 B\u00e0n \u0110\u00e1 \u0110\u1ee1 Lavabo OL02\"}]},{\"@type\":\"WebSite\",\"@id\":\"https:\/\/tranthi.vn\/quang-tri\/#website\",\"url\":\"https:\/\/tranthi.vn\/quang-tri\/\",\"name\":\"VLXD Tr\u1ea7n Th\u1ecb\",\"description\":\"V\u1eadt Li\u1ec7u X\u00e2y D\u1ef1ng - Qu\u1ea3ng Tr\u1ecb\",\"publisher\":{\"@id\":\"https:\/\/tranthi.vn\/quang-tri\/#organization\"},\"potentialAction\":[{\"@type\":\"SearchAction\",\"target\":{\"@type\":\"EntryPoint\",\"urlTemplate\":\"https:\/\/tranthi.vn\/quang-tri\/?s={search_term_string}\"},\"query-input\":{\"@type\":\"PropertyValueSpecification\",\"valueRequired\":true,\"valueName\":\"search_term_string\"}}],\"inLanguage\":\"vi\"},{\"@type\":[\"Organization\",\"Place\"],\"@id\":\"https:\/\/tranthi.vn\/quang-tri\/#organization\",\"name\":\"VLXD Tr\u1ea7n Th\u1ecb\",\"url\":\"https:\/\/tranthi.vn\/quang-tri\/\",\"logo\":{\"@id\":\"https:\/\/tranthi.vn\/quang-tri\/ke-ban-da-do-lavabo-ol02\/#local-main-organization-logo\"},\"image\":{\"@id\":\"https:\/\/tranthi.vn\/quang-tri\/ke-ban-da-do-lavabo-ol02\/#local-main-organization-logo\"},\"telephone\":[],\"openingHoursSpecification\":[{\"@type\":\"OpeningHoursSpecification\",\"dayOfWeek\":[\"Monday\",\"Tuesday\",\"Wednesday\",\"Thursday\",\"Friday\",\"Saturday\",\"Sunday\"],\"opens\":\"09:00\",\"closes\":\"17:00\"}]},{\"@type\":\"ImageObject\",\"inLanguage\":\"vi\",\"@id\":\"https:\/\/tranthi.vn\/quang-tri\/ke-ban-da-do-lavabo-ol02\/#local-main-organization-logo\",\"url\":\"https:\/\/tranthi.vn\/quang-tri\/wp-content\/uploads\/2021\/02\/logo-tranthi1.jpg\",\"contentUrl\":\"https:\/\/tranthi.vn\/quang-tri\/wp-content\/uploads\/2021\/02\/logo-tranthi1.jpg\",\"width\":800,\"height\":319,\"caption\":\"VLXD Tr\u1ea7n Th\u1ecb\"}]}<\/script>\n<meta property=\"product:price:amount\" content=\"900000\" \/>\n<meta property=\"product:price:currency\" content=\"VND\" \/>\n<meta property=\"og:availability\" content=\"instock\" \/>\n<meta property=\"product:availability\" content=\"instock\" \/>\n<meta property=\"product:condition\" content=\"new\" \/>\n<!-- \/ Yoast SEO Premium plugin. -->","yoast_head_json":{"title":"K\u1ec7 B\u00e0n \u0110\u00e1 \u0110\u1ee1 Lavabo OL02 - V\u1eadt Li\u1ec7u X\u00e2y D\u1ef1ng Tr\u1ea7n Th\u1ecb Chi Nh\u00e1nh Qu\u1ea3ng Tr\u1ecb","robots":{"index":"index","follow":"follow","max-snippet":"max-snippet:-1","max-image-preview":"max-image-preview:large","max-video-preview":"max-video-preview:-1"},"canonical":"https:\/\/tranthi.vn\/quang-tri\/ke-ban-da-do-lavabo-ol02\/","og_locale":"vi_VN","og_type":"article","og_title":"K\u1ec7 B\u00e0n \u0110\u00e1 \u0110\u1ee1 Lavabo OL02","og_description":"Th\u00f4ng tin chi ti\u1ebft:     \u00a0\u00a0 \u00a0\u0110\u00e1:\u00a0 V\u00e2n V\u00e0ng  \u00a0\u00a0\u00a0 K\u00edch th\u01b0\u1edbc: 50 cm x 70 cm x 12 cm  \u00a0\u00a0\u00a0 B\u1ea3o h\u00e0nh:\u00a0 1 N\u0103m  \u00a0\u00a0\u00a0 Mi\u1ec5n ph\u00ed ship TP Hu\u1ebf v\u00e0 t\u1eeb 2 c\u00e1i tr\u1edf l\u00ean","og_url":"https:\/\/tranthi.vn\/quang-tri\/ke-ban-da-do-lavabo-ol02\/","og_site_name":"V\u1eadt Li\u1ec7u X\u00e2y D\u1ef1ng Tr\u1ea7n Th\u1ecb Chi Nh\u00e1nh Qu\u1ea3ng Tr\u1ecb","article_modified_time":"2022-03-25T02:36:46+00:00","og_image":[{"width":300,"height":350,"url":"https:\/\/tranthi.vn\/quang-tri\/wp-content\/uploads\/2021\/05\/gia-ke-ban-da-do-Lavabo-Hue.jpg","type":"image\/jpeg"}],"twitter_card":"summary_large_image","twitter_misc":{"Gi\u00e1":"900,000&nbsp;&#8363;","Kh\u1ea3 d\u1ee5ng":"Trong kho"},"schema":{"@context":"https:\/\/schema.org","@graph":[{"@type":"WebPage","@id":"https:\/\/tranthi.vn\/quang-tri\/ke-ban-da-do-lavabo-ol02\/","url":"https:\/\/tranthi.vn\/quang-tri\/ke-ban-da-do-lavabo-ol02\/","name":"K\u1ec7 B\u00e0n \u0110\u00e1 \u0110\u1ee1 Lavabo OL02 - V\u1eadt Li\u1ec7u X\u00e2y D\u1ef1ng Tr\u1ea7n Th\u1ecb Chi Nh\u00e1nh Qu\u1ea3ng Tr\u1ecb","isPartOf":{"@id":"https:\/\/tranthi.vn\/quang-tri\/#website"},"primaryImageOfPage":{"@id":"https:\/\/tranthi.vn\/quang-tri\/ke-ban-da-do-lavabo-ol02\/#primaryimage"},"image":{"@id":"https:\/\/tranthi.vn\/quang-tri\/ke-ban-da-do-lavabo-ol02\/#primaryimage"},"thumbnailUrl":"https:\/\/tranthi.vn\/quang-tri\/wp-content\/uploads\/2021\/05\/gia-ke-ban-da-do-Lavabo-Hue.jpg","datePublished":"2021-05-25T03:44:18+00:00","dateModified":"2022-03-25T02:36:46+00:00","breadcrumb":{"@id":"https:\/\/tranthi.vn\/quang-tri\/ke-ban-da-do-lavabo-ol02\/#breadcrumb"},"inLanguage":"vi","potentialAction":[{"@type":"ReadAction","target":["https:\/\/tranthi.vn\/quang-tri\/ke-ban-da-do-lavabo-ol02\/"]}]},{"@type":"ImageObject","inLanguage":"vi","@id":"https:\/\/tranthi.vn\/quang-tri\/ke-ban-da-do-lavabo-ol02\/#primaryimage","url":"https:\/\/tranthi.vn\/quang-tri\/wp-content\/uploads\/2021\/05\/gia-ke-ban-da-do-Lavabo-Hue.jpg","contentUrl":"https:\/\/tranthi.vn\/quang-tri\/wp-content\/uploads\/2021\/05\/gia-ke-ban-da-do-Lavabo-Hue.jpg","width":300,"height":350,"caption":"gi\u00e1 k\u1ec7 b\u00e0n \u0111\u00e1 \u0111\u1ee1 Lavabo Hu\u1ebf"},{"@type":"BreadcrumbList","@id":"https:\/\/tranthi.vn\/quang-tri\/ke-ban-da-do-lavabo-ol02\/#breadcrumb","itemListElement":[{"@type":"ListItem","position":1,"name":"Trang Ch\u1ee7","item":"https:\/\/tranthi.vn\/quang-tri\/"},{"@type":"ListItem","position":2,"name":"Shop","item":"https:\/\/tranthi.vn\/quang-tri\/shop\/"},{"@type":"ListItem","position":3,"name":"K\u1ec7 B\u00e0n \u0110\u00e1 \u0110\u1ee1 Lavabo OL02"}]},{"@type":"WebSite","@id":"https:\/\/tranthi.vn\/quang-tri\/#website","url":"https:\/\/tranthi.vn\/quang-tri\/","name":"VLXD Tr\u1ea7n Th\u1ecb","description":"V\u1eadt Li\u1ec7u X\u00e2y D\u1ef1ng - Qu\u1ea3ng Tr\u1ecb","publisher":{"@id":"https:\/\/tranthi.vn\/quang-tri\/#organization"},"potentialAction":[{"@type":"SearchAction","target":{"@type":"EntryPoint","urlTemplate":"https:\/\/tranthi.vn\/quang-tri\/?s={search_term_string}"},"query-input":{"@type":"PropertyValueSpecification","valueRequired":true,"valueName":"search_term_string"}}],"inLanguage":"vi"},{"@type":["Organization","Place"],"@id":"https:\/\/tranthi.vn\/quang-tri\/#organization","name":"VLXD Tr\u1ea7n Th\u1ecb","url":"https:\/\/tranthi.vn\/quang-tri\/","logo":{"@id":"https:\/\/tranthi.vn\/quang-tri\/ke-ban-da-do-lavabo-ol02\/#local-main-organization-logo"},"image":{"@id":"https:\/\/tranthi.vn\/quang-tri\/ke-ban-da-do-lavabo-ol02\/#local-main-organization-logo"},"telephone":[],"openingHoursSpecification":[{"@type":"OpeningHoursSpecification","dayOfWeek":["Monday","Tuesday","Wednesday","Thursday","Friday","Saturday","Sunday"],"opens":"09:00","closes":"17:00"}]},{"@type":"ImageObject","inLanguage":"vi","@id":"https:\/\/tranthi.vn\/quang-tri\/ke-ban-da-do-lavabo-ol02\/#local-main-organization-logo","url":"https:\/\/tranthi.vn\/quang-tri\/wp-content\/uploads\/2021\/02\/logo-tranthi1.jpg","contentUrl":"https:\/\/tranthi.vn\/quang-tri\/wp-content\/uploads\/2021\/02\/logo-tranthi1.jpg","width":800,"height":319,"caption":"VLXD Tr\u1ea7n Th\u1ecb"}]},"product_price_amount":"900000","product_price_currency":"VND","og_availability":"instock","product_availability":"instock","product_condition":"new"},"_links":{"self":[{"href":"https:\/\/tranthi.vn\/quang-tri\/wp-json\/wp\/v2\/product\/3196","targetHints":{"allow":["GET"]}}],"collection":[{"href":"https:\/\/tranthi.vn\/quang-tri\/wp-json\/wp\/v2\/product"}],"about":[{"href":"https:\/\/tranthi.vn\/quang-tri\/wp-json\/wp\/v2\/types\/product"}],"replies":[{"embeddable":true,"href":"https:\/\/tranthi.vn\/quang-tri\/wp-json\/wp\/v2\/comments?post=3196"}],"wp:featuredmedia":[{"embeddable":true,"href":"https:\/\/tranthi.vn\/quang-tri\/wp-json\/wp\/v2\/media\/4108"}],"wp:attachment":[{"href":"https:\/\/tranthi.vn\/quang-tri\/wp-json\/wp\/v2\/media?parent=3196"}],"wp:term":[{"taxonomy":"product_cat","embeddable":true,"href":"https:\/\/tranthi.vn\/quang-tri\/wp-json\/wp\/v2\/product_cat?post=3196"},{"taxonomy":"product_tag","embeddable":true,"href":"https:\/\/tranthi.vn\/quang-tri\/wp-json\/wp\/v2\/product_tag?post=3196"}],"curies":[{"name":"wp","href":"https:\/\/api.w.org\/{rel}","templated":true}]}}