{"id":3031,"date":"2021-04-14T14:37:35","date_gmt":"2021-04-14T07:37:35","guid":{"rendered":"https:\/\/tranthi.vn\/?post_type=product&#038;p=3031"},"modified":"2024-07-25T11:26:43","modified_gmt":"2024-07-25T04:26:43","slug":"gia-lavabo-chau-rua-da-da-cuoi-suoi-dong-ha-quang-tri","status":"publish","type":"product","link":"https:\/\/tranthi.vn\/quang-tri\/gia-lavabo-chau-rua-da-da-cuoi-suoi-dong-ha-quang-tri\/","title":{"rendered":"Ch\u1eadu r\u1eeda \u0111\u00e1 cu\u1ed9i su\u1ed1i"},"content":{"rendered":"<h1 style=\"text-align: center;\"><span style=\"color: #ff0000; font-size: 130%; font-family: 'times new roman', times, serif;\"><strong>Lavabo ch\u1eadu r\u1eeda \u0111\u00e1 cu\u1ed9i su\u1ed1i Qu\u1ea3ng Tr\u1ecb<\/strong><\/span><\/h1>\n<p><span style=\"font-family: 'times new roman', times, serif; font-size: 130%; color: #000000;\">Ngo\u00e0i nh\u1eefng m\u1eabu <strong><em>lavabo<\/em> <\/strong>s\u1ee9 truy\u1ec1n th\u1ed1ng, nh\u1eefng <strong><em>ch\u1eadu r\u1eeda <\/em><\/strong>l\u00e0m t\u1eeb<strong><em> \u0111\u00e1 cu\u1ed9i su\u1ed1i<\/em><\/strong> \u0111ang r\u1ea5t th\u1ecbnh h\u00e0nh, nhi\u1ec1u home stay, qu\u00e1n cafe t\u1ea1i <a href=\"https:\/\/vi.wikipedia.org\/wiki\/Qu%E1%BA%A3ng_Tr%E1%BB%8B\"><em><strong>Qu\u1ea3ng Tr\u1ecb<\/strong><\/em><\/a> s\u1eed d\u1ee5ng \u0111\u1ec3 trang tr\u00ed m\u1eb7c d\u00f9 <strong><em>gi\u00e1<\/em><\/strong> th\u00e0nh h\u01a1i cao nh\u01b0ng n\u00f3 t\u1ea1o \u0111\u01b0\u1ee3c \u0111\u1ed9c \u0111\u00e1o v\u00e0 h\u00f2a h\u1ee3p v\u1edbi thi\u00ean nhi\u00ean<\/span><\/p>\n<figure id=\"attachment_3613\" aria-describedby=\"caption-attachment-3613\" style=\"width: 250px\" class=\"wp-caption aligncenter\"><img loading=\"lazy\" decoding=\"async\" class=\"size-full wp-image-3613\" src=\"https:\/\/tranthi.vn\/quang-tri\/wp-content\/uploads\/2021\/04\/mau-lavabo-da-cuoi-hue.jpg\" alt=\"m\u1eabu lavabo \u0111\u00e1 cu\u00f4i hu\u1ebf\" width=\"250\" height=\"250\" srcset=\"https:\/\/tranthi.vn\/quang-tri\/wp-content\/uploads\/2021\/04\/mau-lavabo-da-cuoi-hue.jpg 250w, https:\/\/tranthi.vn\/quang-tri\/wp-content\/uploads\/2021\/04\/mau-lavabo-da-cuoi-hue-100x100.jpg 100w\" sizes=\"auto, (max-width: 250px) 100vw, 250px\" \/><figcaption id=\"caption-attachment-3613\" class=\"wp-caption-text\"><\/span> <span style=\"font-size: 130%; font-family: 'times new roman', times, serif;\">M\u1eabu lavabo \u0111\u00e1 cu\u00f4i<\/span><\/figcaption><\/figure>\n<h2><span style=\"font-size: 130%; font-family: 'times new roman', times, serif;\"><strong><span style=\"color: #ff0000;\">1. Gi\u1edbi thi\u1ec7u v\u1ec1 lavabo ch\u1eadu \u0111\u00e1 cu\u1ed9i<\/span><\/strong><\/span><\/h2>\n<ul>\n<li><span style=\"font-family: 'times new roman', times, serif; font-size: 130%; color: #000000;\"><em><strong>Lavabo \u0111\u00e1 cu\u1ed9i<\/strong><\/em>, ch\u1eadu, b\u1ed3n r\u1eeda b\u1eb1ng \u0111\u00e1 <em>cu\u1ed9i<\/em> t\u1ef1 nhi\u00ean<\/span><\/li>\n<li><span style=\"font-family: 'times new roman', times, serif; font-size: 130%; color: #000000;\">Ch\u1ea5t li\u1ec7u thi\u1ebft b\u1ecb: \u0110\u00e1 cu\u1ed9i l\u1ed9 thi\u00ean, nh\u1eb7t ngo\u00e0i t\u1ef1 nhi\u00ean, s\u00f4ng, su\u1ed1i\u2026<\/span><\/li>\n<li><span style=\"font-family: 'times new roman', times, serif; font-size: 130%; color: #000000;\">Tr\u1ecdng l\u01b0\u1ee3ng kho\u1ea3ng: 20-30 (kg)\/chi\u1ebfc<\/span><\/li>\n<li><span style=\"font-family: 'times new roman', times, serif; font-size: 130%; color: #000000;\">K\u00edch th\u01b0\u1edbc ph\u1ee7 b\u00ec kho\u1ea3ng: 400mm x cao 150mm<\/span><\/li>\n<li><span style=\"font-size: 130%; font-family: 'times new roman', times, serif;\"><span style=\"color: #000000;\"><span style=\"color: #008000;\"><a style=\"color: #008000;\" href=\"https:\/\/vi.wikipedia.org\/wiki\/Gi%C3%A1\">Gi\u00e1<\/a> <\/span>: 1.500.000 \/c\u00e1i<\/span><span style=\"color: #000000;\"><em><br \/>\n<\/em><\/span><\/span><\/li>\n<li><span style=\"font-size: 130%; font-family: 'times new roman', times, serif;\"><span style=\"color: #000000;\"><span style=\"color: #000000;\">Nh\u1eefng c\u1ee5c<span style=\"color: #008000;\"> <strong><em>\u0111\u00e1 cu\u1ed9i<\/em> <\/strong><\/span>ngo\u00e0i t\u1ef1 nhi\u00ean ngo\u00e0i <strong><em>su\u1ed1i<\/em><\/strong>, s\u00f4ng, h\u1ed3 \u0111\u01b0\u1ee3c th\u1ee3 \u0111\u00e1 nh\u00e0 ngh\u1ec1 kho\u00e9t r\u1ed7ng l\u00f2ng. Ch\u00fang th\u1eadt s\u1ef1 m\u1ed9c m\u1ea1c, th\u00e2n thi\u1ec7n g\u1ea7n g\u0169i v\u1edbi thi\u00ean nhi\u00ean c\u1ea3nh quang n\u1ed9i th\u1ea5t xung quanh. Khi \u0111\u01b0\u1ee3c k\u1ebft n\u1ed1i v\u1edbi b\u1ed9 ph\u1ee5 ki\u1ec7n b\u1eb1ng \u0111\u1ed3ng thau \u0111\u1ec3 tr\u1edf th\u00e0nh v\u1eadt d\u1ee5ng h\u1eefu \u00edt, s\u1ebd l\u1ea1 l\u1eabm v\u00e0 \u1ea5n t\u01b0\u1ee3ng m\u00e3i v\u1edbi b\u1ea5t k\u1ef3 ai s\u1eed d\u1ee5ng qua.<br \/>\n<\/span><\/span><img loading=\"lazy\" decoding=\"async\" class=\" wp-image-3614\" src=\"https:\/\/tranthi.vn\/quang-tri\/wp-content\/uploads\/2021\/04\/da-cuoi-suoi-hue.jpg\" alt=\"\u0111\u00e1 cu\u1ed9i su\u1ed1i hu\u1ebf\" width=\"169\" height=\"169\" srcset=\"https:\/\/tranthi.vn\/quang-tri\/wp-content\/uploads\/2021\/04\/da-cuoi-suoi-hue.jpg 250w, https:\/\/tranthi.vn\/quang-tri\/wp-content\/uploads\/2021\/04\/da-cuoi-suoi-hue-100x100.jpg 100w\" sizes=\"auto, (max-width: 169px) 100vw, 169px\" \/><span style=\"color: #000000;\">\u00a0<\/span><\/span><\/li>\n<li style=\"text-align: left;\"><span style=\"font-family: 'times new roman', times, serif; font-size: 130%; color: #000000;\"><em><strong><a style=\"color: #000000;\" href=\"https:\/\/en.wikipedia.org\/wiki\/Lavabo\"><span style=\"color: #008000;\">Lavabo<\/span><\/a> ch\u1eadu r\u1eeda \u0111\u00e1 cu\u1ed9i<\/strong><\/em> t\u1ef1 nhi\u00ean l\u1eafp \u0111\u1eb7t \u1edf trong nh\u00e0, ngo\u00e0i tr\u1eddi, l\u1ed1i \u0111i hay b\u1ea5t c\u1ee9 n\u01a1i n\u00e0o trong kh\u00f4ng gian nh\u00e0 b\u1ea1n mi\u1ec5n ph\u00f9 h\u1ee3p v\u1edbi quan c\u1ea3nh xung quanh.<\/span><\/li>\n<\/ul>\n<p style=\"text-align: center;\"><span style=\"font-size: 130%; color: #000000; font-family: 'times new roman', times, serif;\"><br \/>\n<iframe loading=\"lazy\" src=\"\/\/www.youtube.com\/embed\/VnJDrbmVsP8\" width=\"560\" height=\"314\" allowfullscreen=\"allowfullscreen\"><\/iframe><\/span><\/p>\n<h2><span style=\"font-size: 130%; font-family: 'times new roman', times, serif;\"><strong><span style=\"color: #ff0000;\">2. M\u1ed9t s\u1ed1 l\u01b0u \u00fd khi s\u1eed d\u1ee5ng Lavabo ch\u1eadu \u0111\u00e1 cu\u1ed9i<\/span><\/strong><\/span><\/h2>\n<p><span style=\"font-family: 'times new roman', times, serif; font-size: 130%; color: #000000;\">\u2013 Ph\u1ed1i c\u1ea3nh quan n\u1ed9i ngo\u1ea1i th\u1ea5t xung quanh v\u00e0 c\u00e1c thi\u1ebft b\u1ecb \u0111i k\u00e8m ph\u1ea3i ph\u00f9 h\u1ee3p.<\/span><\/p>\n<ul>\n<li><span style=\"font-family: 'times new roman', times, serif; font-size: 130%; color: #000000;\">Do c\u1ee5c \u0111\u00e1 c\u1ed9i nh\u1eb7t ngo\u00e0i t\u1ef1 nhi\u00ean kh\u00f4ng c\u00f3 c\u1ee5c n\u00e0o gi\u1ed1ng nhau ho\u00e0n to\u00e0n v\u1ec1 ki\u1ec3u d\u00e1ng v\u00e0 m\u00e0u s\u1eafc. Li\u00ean h\u1ec7 ch\u00fang t\u00f4i s\u1ebd cung c\u1ea5p h\u00ecnh \u1ea3nh r\u00f5 n\u00e9t ch\u1eadu \u0111\u00e1 cu\u1ed9i hi\u1ec7n \u0111ang c\u00f3 trong kho t\u1ea1i th\u1eddi \u0111i\u1ec3m qu\u00fd kh\u00e1ch c\u1ea7n.<\/span><\/li>\n<li><span style=\"font-size: 130%; color: #000000; font-family: 'times new roman', times, serif;\">\u00a0Kh\u00f4ng bao g\u1ed3m c\u00e1c ph\u1ee5 ki\u1ec7n nh\u01b0 v\u00f2i n\u01b0\u1edbc, b\u1ec7 \u0111\u1ec3, b\u1ed9 x\u1ea3, xiphong ..\u00a0<\/span><\/li>\n<\/ul>\n<p style=\"text-align: center;\"><span style=\"font-size: 130%; color: #000000; font-family: 'times new roman', times, serif;\"> \u00a0<img loading=\"lazy\" decoding=\"async\" class=\"alignnone size-full wp-image-3615\" src=\"https:\/\/tranthi.vn\/quang-tri\/wp-content\/uploads\/2021\/04\/mau-lavabo-hue.jpg\" alt=\"\" width=\"250\" height=\"250\" srcset=\"https:\/\/tranthi.vn\/quang-tri\/wp-content\/uploads\/2021\/04\/mau-lavabo-hue.jpg 250w, https:\/\/tranthi.vn\/quang-tri\/wp-content\/uploads\/2021\/04\/mau-lavabo-hue-100x100.jpg 100w\" sizes=\"auto, (max-width: 250px) 100vw, 250px\" \/><\/span><\/p>\n<ul>\n<li><span style=\"font-size: 130%; color: #000000; font-family: 'times new roman', times, serif;\">T\u0103ng th\u00eam phong c\u00e1ch m\u1ed9c m\u1ea1c t\u1ef1 nhi\u00ean khi s\u1eed d\u1ee5ng k\u00e8m v\u00f2i b\u1eb1ng \u0111\u1ed3ng c\u1ed5 v\u00e0 b\u1ed9 xiphon (\u0111\u1ea7u thu n\u01b0\u1edbc x\u1ea3 b\u1eb1ng \u0111\u1ed3ng thau) k\u00e8m \u1ed1ng co ch\u1eef P v\u00e0 c\u00e1c ph\u1ee5 ki\u1ec7n kh\u00e1c.<\/span><\/li>\n<\/ul>\n<h2><span style=\"font-family: 'times new roman', times, serif; font-size: 130%; color: #000000;\"><strong><span style=\"color: #ff0000;\">3. Video l\u00e0m ch\u1eadu \u0111\u00e1 cu\u1ed9i \u0111\u01a1n gi\u1ea3n<\/span><\/strong><br \/>\n<\/span><\/h2>\n<p>&nbsp;<\/p>\n<p style=\"text-align: center;\"><iframe loading=\"lazy\" src=\"\/\/www.youtube.com\/embed\/gEsLWb8uSro\" width=\"560\" height=\"314\" allowfullscreen=\"allowfullscreen\"><\/iframe><\/p>\n","protected":false},"excerpt":{"rendered":"<p>Giao h\u00e0ng mi\u1ec5n ph\u00ed quanh th\u00e0nh ph\u1ed1 \u0111\u00f4ng h\u00e0 v\u00e0 Th\u1ecb x\u00e3 Qu\u1ea3ng Tr\u1ecb, c\u00e1c ph\u00ed v\u1eadn chuy\u1ec7n c\u00f2n l\u1ea1i t\u00f9y g\u1ea7n xa<\/p>\n","protected":false},"featured_media":3612,"comment_status":"closed","ping_status":"closed","template":"","meta":[],"product_cat":[15,184,275],"product_tag":[],"class_list":{"0":"post-3031","1":"product","2":"type-product","3":"status-publish","4":"has-post-thumbnail","6":"product_cat-chua-phan-loai","7":"product_cat-lavabo-gia-re-tai-da-nang","8":"product_cat-lavabo-da-tu-nhien","10":"first","11":"instock","12":"sale","13":"shipping-taxable","14":"purchasable","15":"product-type-simple"},"yoast_head":"<!-- This site is optimized with the Yoast SEO Premium plugin v22.3 (Yoast SEO v24.0) - https:\/\/yoast.com\/wordpress\/plugins\/seo\/ -->\n<title>Gi\u00e1 lavabo ch\u1eadu r\u1eeda \u0111\u00e1 cu\u1ed9i su\u1ed1i Qu\u1ea3ng Tr\u1ecb - 0903.595.049<\/title>\n<meta name=\"description\" content=\"Tr\u1ea7n Th\u1ecb l\u00e0 nh\u00e0 ph\u00e2n ph\u1ed1i ch\u1eadu r\u1eeda \u0111\u00e1 cu\u1ed9i su\u1ed1i qu\u1ea3ng tr\u1ecb v\u1edbi gi\u00e1 r\u1ebb nh\u1ea5t, \u0111\u00e1 su\u1ed1i t\u1ef1 nhi\u00ean qua qu\u00e1 tr\u00ecnh m\u00e0i, t\u1ea1o ra h\u00ecnh th\u00f9 lavabo \u0111\u1ed9c \u0111\u00e1o\" \/>\n<meta name=\"robots\" content=\"index, follow, max-snippet:-1, max-image-preview:large, max-video-preview:-1\" \/>\n<link rel=\"canonical\" href=\"https:\/\/tranthi.vn\/quang-tri\/gia-lavabo-chau-rua-da-da-cuoi-suoi-dong-ha-quang-tri\/\" \/>\n<meta property=\"og:locale\" content=\"vi_VN\" \/>\n<meta property=\"og:type\" content=\"article\" \/>\n<meta property=\"og:title\" content=\"Ch\u1eadu r\u1eeda \u0111\u00e1 cu\u1ed9i su\u1ed1i\" \/>\n<meta property=\"og:description\" content=\"Tr\u1ea7n Th\u1ecb l\u00e0 nh\u00e0 ph\u00e2n ph\u1ed1i ch\u1eadu r\u1eeda \u0111\u00e1 cu\u1ed9i su\u1ed1i qu\u1ea3ng tr\u1ecb v\u1edbi gi\u00e1 r\u1ebb nh\u1ea5t, \u0111\u00e1 su\u1ed1i t\u1ef1 nhi\u00ean qua qu\u00e1 tr\u00ecnh m\u00e0i, t\u1ea1o ra h\u00ecnh th\u00f9 lavabo \u0111\u1ed9c \u0111\u00e1o\" \/>\n<meta property=\"og:url\" content=\"https:\/\/tranthi.vn\/quang-tri\/gia-lavabo-chau-rua-da-da-cuoi-suoi-dong-ha-quang-tri\/\" \/>\n<meta property=\"og:site_name\" content=\"V\u1eadt Li\u1ec7u X\u00e2y D\u1ef1ng Tr\u1ea7n Th\u1ecb Chi Nh\u00e1nh Qu\u1ea3ng Tr\u1ecb\" \/>\n<meta property=\"article:modified_time\" content=\"2024-07-25T04:26:43+00:00\" \/>\n<meta property=\"og:image\" content=\"https:\/\/tranthi.vn\/quang-tri\/wp-content\/uploads\/2021\/04\/lavabo-chau-da-cuoi-hue.jpg\" \/>\n\t<meta property=\"og:image:width\" content=\"250\" \/>\n\t<meta property=\"og:image:height\" content=\"220\" \/>\n\t<meta property=\"og:image:type\" content=\"image\/jpeg\" \/>\n<meta name=\"twitter:card\" content=\"summary_large_image\" \/>\n<meta name=\"twitter:label1\" content=\"Gi\u00e1\" \/>\n\t<meta name=\"twitter:data1\" content=\"1,500,000&nbsp;&#8363;\" \/>\n\t<meta name=\"twitter:label2\" content=\"Kh\u1ea3 d\u1ee5ng\" \/>\n\t<meta name=\"twitter:data2\" content=\"Trong kho\" \/>\n<script type=\"application\/ld+json\" class=\"yoast-schema-graph\">{\"@context\":\"https:\/\/schema.org\",\"@graph\":[{\"@type\":\"WebPage\",\"@id\":\"https:\/\/tranthi.vn\/quang-tri\/gia-lavabo-chau-rua-da-da-cuoi-suoi-dong-ha-quang-tri\/\",\"url\":\"https:\/\/tranthi.vn\/quang-tri\/gia-lavabo-chau-rua-da-da-cuoi-suoi-dong-ha-quang-tri\/\",\"name\":\"Gi\u00e1 lavabo ch\u1eadu r\u1eeda \u0111\u00e1 cu\u1ed9i su\u1ed1i Qu\u1ea3ng Tr\u1ecb - 0903.595.049\",\"isPartOf\":{\"@id\":\"https:\/\/tranthi.vn\/quang-tri\/#website\"},\"primaryImageOfPage\":{\"@id\":\"https:\/\/tranthi.vn\/quang-tri\/gia-lavabo-chau-rua-da-da-cuoi-suoi-dong-ha-quang-tri\/#primaryimage\"},\"image\":{\"@id\":\"https:\/\/tranthi.vn\/quang-tri\/gia-lavabo-chau-rua-da-da-cuoi-suoi-dong-ha-quang-tri\/#primaryimage\"},\"thumbnailUrl\":\"https:\/\/tranthi.vn\/quang-tri\/wp-content\/uploads\/2021\/04\/lavabo-chau-da-cuoi-hue.jpg\",\"datePublished\":\"2021-04-14T07:37:35+00:00\",\"dateModified\":\"2024-07-25T04:26:43+00:00\",\"description\":\"Tr\u1ea7n Th\u1ecb l\u00e0 nh\u00e0 ph\u00e2n ph\u1ed1i ch\u1eadu r\u1eeda \u0111\u00e1 cu\u1ed9i su\u1ed1i qu\u1ea3ng tr\u1ecb v\u1edbi gi\u00e1 r\u1ebb nh\u1ea5t, \u0111\u00e1 su\u1ed1i t\u1ef1 nhi\u00ean qua qu\u00e1 tr\u00ecnh m\u00e0i, t\u1ea1o ra h\u00ecnh th\u00f9 lavabo \u0111\u1ed9c \u0111\u00e1o\",\"breadcrumb\":{\"@id\":\"https:\/\/tranthi.vn\/quang-tri\/gia-lavabo-chau-rua-da-da-cuoi-suoi-dong-ha-quang-tri\/#breadcrumb\"},\"inLanguage\":\"vi\",\"potentialAction\":[{\"@type\":\"ReadAction\",\"target\":[\"https:\/\/tranthi.vn\/quang-tri\/gia-lavabo-chau-rua-da-da-cuoi-suoi-dong-ha-quang-tri\/\"]}]},{\"@type\":\"ImageObject\",\"inLanguage\":\"vi\",\"@id\":\"https:\/\/tranthi.vn\/quang-tri\/gia-lavabo-chau-rua-da-da-cuoi-suoi-dong-ha-quang-tri\/#primaryimage\",\"url\":\"https:\/\/tranthi.vn\/quang-tri\/wp-content\/uploads\/2021\/04\/lavabo-chau-da-cuoi-hue.jpg\",\"contentUrl\":\"https:\/\/tranthi.vn\/quang-tri\/wp-content\/uploads\/2021\/04\/lavabo-chau-da-cuoi-hue.jpg\",\"width\":250,\"height\":220,\"caption\":\"lavabo ch\u1eadu \u0111\u00e1 cu\u1ed9i hu\u1ebf\"},{\"@type\":\"BreadcrumbList\",\"@id\":\"https:\/\/tranthi.vn\/quang-tri\/gia-lavabo-chau-rua-da-da-cuoi-suoi-dong-ha-quang-tri\/#breadcrumb\",\"itemListElement\":[{\"@type\":\"ListItem\",\"position\":1,\"name\":\"Trang Ch\u1ee7\",\"item\":\"https:\/\/tranthi.vn\/quang-tri\/\"},{\"@type\":\"ListItem\",\"position\":2,\"name\":\"Shop\",\"item\":\"https:\/\/tranthi.vn\/quang-tri\/shop\/\"},{\"@type\":\"ListItem\",\"position\":3,\"name\":\"Ch\u1eadu r\u1eeda \u0111\u00e1 cu\u1ed9i su\u1ed1i\"}]},{\"@type\":\"WebSite\",\"@id\":\"https:\/\/tranthi.vn\/quang-tri\/#website\",\"url\":\"https:\/\/tranthi.vn\/quang-tri\/\",\"name\":\"VLXD Tr\u1ea7n Th\u1ecb\",\"description\":\"V\u1eadt Li\u1ec7u X\u00e2y D\u1ef1ng - Qu\u1ea3ng Tr\u1ecb\",\"publisher\":{\"@id\":\"https:\/\/tranthi.vn\/quang-tri\/#organization\"},\"potentialAction\":[{\"@type\":\"SearchAction\",\"target\":{\"@type\":\"EntryPoint\",\"urlTemplate\":\"https:\/\/tranthi.vn\/quang-tri\/?s={search_term_string}\"},\"query-input\":{\"@type\":\"PropertyValueSpecification\",\"valueRequired\":true,\"valueName\":\"search_term_string\"}}],\"inLanguage\":\"vi\"},{\"@type\":[\"Organization\",\"Place\"],\"@id\":\"https:\/\/tranthi.vn\/quang-tri\/#organization\",\"name\":\"VLXD Tr\u1ea7n Th\u1ecb\",\"url\":\"https:\/\/tranthi.vn\/quang-tri\/\",\"logo\":{\"@id\":\"https:\/\/tranthi.vn\/quang-tri\/gia-lavabo-chau-rua-da-da-cuoi-suoi-dong-ha-quang-tri\/#local-main-organization-logo\"},\"image\":{\"@id\":\"https:\/\/tranthi.vn\/quang-tri\/gia-lavabo-chau-rua-da-da-cuoi-suoi-dong-ha-quang-tri\/#local-main-organization-logo\"},\"telephone\":[],\"openingHoursSpecification\":[{\"@type\":\"OpeningHoursSpecification\",\"dayOfWeek\":[\"Monday\",\"Tuesday\",\"Wednesday\",\"Thursday\",\"Friday\",\"Saturday\",\"Sunday\"],\"opens\":\"09:00\",\"closes\":\"17:00\"}]},{\"@type\":\"ImageObject\",\"inLanguage\":\"vi\",\"@id\":\"https:\/\/tranthi.vn\/quang-tri\/gia-lavabo-chau-rua-da-da-cuoi-suoi-dong-ha-quang-tri\/#local-main-organization-logo\",\"url\":\"https:\/\/tranthi.vn\/quang-tri\/wp-content\/uploads\/2021\/02\/logo-tranthi1.jpg\",\"contentUrl\":\"https:\/\/tranthi.vn\/quang-tri\/wp-content\/uploads\/2021\/02\/logo-tranthi1.jpg\",\"width\":800,\"height\":319,\"caption\":\"VLXD Tr\u1ea7n Th\u1ecb\"}]}<\/script>\n<meta property=\"product:price:amount\" content=\"1500000\" \/>\n<meta property=\"product:price:currency\" content=\"VND\" \/>\n<meta property=\"og:availability\" content=\"instock\" \/>\n<meta property=\"product:availability\" content=\"instock\" \/>\n<meta property=\"product:condition\" content=\"new\" \/>\n<!-- \/ Yoast SEO Premium plugin. -->","yoast_head_json":{"title":"Gi\u00e1 lavabo ch\u1eadu r\u1eeda \u0111\u00e1 cu\u1ed9i su\u1ed1i Qu\u1ea3ng Tr\u1ecb - 0903.595.049","description":"Tr\u1ea7n Th\u1ecb l\u00e0 nh\u00e0 ph\u00e2n ph\u1ed1i ch\u1eadu r\u1eeda \u0111\u00e1 cu\u1ed9i su\u1ed1i qu\u1ea3ng tr\u1ecb v\u1edbi gi\u00e1 r\u1ebb nh\u1ea5t, \u0111\u00e1 su\u1ed1i t\u1ef1 nhi\u00ean qua qu\u00e1 tr\u00ecnh m\u00e0i, t\u1ea1o ra h\u00ecnh th\u00f9 lavabo \u0111\u1ed9c \u0111\u00e1o","robots":{"index":"index","follow":"follow","max-snippet":"max-snippet:-1","max-image-preview":"max-image-preview:large","max-video-preview":"max-video-preview:-1"},"canonical":"https:\/\/tranthi.vn\/quang-tri\/gia-lavabo-chau-rua-da-da-cuoi-suoi-dong-ha-quang-tri\/","og_locale":"vi_VN","og_type":"article","og_title":"Ch\u1eadu r\u1eeda \u0111\u00e1 cu\u1ed9i su\u1ed1i","og_description":"Tr\u1ea7n Th\u1ecb l\u00e0 nh\u00e0 ph\u00e2n ph\u1ed1i ch\u1eadu r\u1eeda \u0111\u00e1 cu\u1ed9i su\u1ed1i qu\u1ea3ng tr\u1ecb v\u1edbi gi\u00e1 r\u1ebb nh\u1ea5t, \u0111\u00e1 su\u1ed1i t\u1ef1 nhi\u00ean qua qu\u00e1 tr\u00ecnh m\u00e0i, t\u1ea1o ra h\u00ecnh th\u00f9 lavabo \u0111\u1ed9c \u0111\u00e1o","og_url":"https:\/\/tranthi.vn\/quang-tri\/gia-lavabo-chau-rua-da-da-cuoi-suoi-dong-ha-quang-tri\/","og_site_name":"V\u1eadt Li\u1ec7u X\u00e2y D\u1ef1ng Tr\u1ea7n Th\u1ecb Chi Nh\u00e1nh Qu\u1ea3ng Tr\u1ecb","article_modified_time":"2024-07-25T04:26:43+00:00","og_image":[{"width":250,"height":220,"url":"https:\/\/tranthi.vn\/quang-tri\/wp-content\/uploads\/2021\/04\/lavabo-chau-da-cuoi-hue.jpg","type":"image\/jpeg"}],"twitter_card":"summary_large_image","twitter_misc":{"Gi\u00e1":"1,500,000&nbsp;&#8363;","Kh\u1ea3 d\u1ee5ng":"Trong kho"},"schema":{"@context":"https:\/\/schema.org","@graph":[{"@type":"WebPage","@id":"https:\/\/tranthi.vn\/quang-tri\/gia-lavabo-chau-rua-da-da-cuoi-suoi-dong-ha-quang-tri\/","url":"https:\/\/tranthi.vn\/quang-tri\/gia-lavabo-chau-rua-da-da-cuoi-suoi-dong-ha-quang-tri\/","name":"Gi\u00e1 lavabo ch\u1eadu r\u1eeda \u0111\u00e1 cu\u1ed9i su\u1ed1i Qu\u1ea3ng Tr\u1ecb - 0903.595.049","isPartOf":{"@id":"https:\/\/tranthi.vn\/quang-tri\/#website"},"primaryImageOfPage":{"@id":"https:\/\/tranthi.vn\/quang-tri\/gia-lavabo-chau-rua-da-da-cuoi-suoi-dong-ha-quang-tri\/#primaryimage"},"image":{"@id":"https:\/\/tranthi.vn\/quang-tri\/gia-lavabo-chau-rua-da-da-cuoi-suoi-dong-ha-quang-tri\/#primaryimage"},"thumbnailUrl":"https:\/\/tranthi.vn\/quang-tri\/wp-content\/uploads\/2021\/04\/lavabo-chau-da-cuoi-hue.jpg","datePublished":"2021-04-14T07:37:35+00:00","dateModified":"2024-07-25T04:26:43+00:00","description":"Tr\u1ea7n Th\u1ecb l\u00e0 nh\u00e0 ph\u00e2n ph\u1ed1i ch\u1eadu r\u1eeda \u0111\u00e1 cu\u1ed9i su\u1ed1i qu\u1ea3ng tr\u1ecb v\u1edbi gi\u00e1 r\u1ebb nh\u1ea5t, \u0111\u00e1 su\u1ed1i t\u1ef1 nhi\u00ean qua qu\u00e1 tr\u00ecnh m\u00e0i, t\u1ea1o ra h\u00ecnh th\u00f9 lavabo \u0111\u1ed9c \u0111\u00e1o","breadcrumb":{"@id":"https:\/\/tranthi.vn\/quang-tri\/gia-lavabo-chau-rua-da-da-cuoi-suoi-dong-ha-quang-tri\/#breadcrumb"},"inLanguage":"vi","potentialAction":[{"@type":"ReadAction","target":["https:\/\/tranthi.vn\/quang-tri\/gia-lavabo-chau-rua-da-da-cuoi-suoi-dong-ha-quang-tri\/"]}]},{"@type":"ImageObject","inLanguage":"vi","@id":"https:\/\/tranthi.vn\/quang-tri\/gia-lavabo-chau-rua-da-da-cuoi-suoi-dong-ha-quang-tri\/#primaryimage","url":"https:\/\/tranthi.vn\/quang-tri\/wp-content\/uploads\/2021\/04\/lavabo-chau-da-cuoi-hue.jpg","contentUrl":"https:\/\/tranthi.vn\/quang-tri\/wp-content\/uploads\/2021\/04\/lavabo-chau-da-cuoi-hue.jpg","width":250,"height":220,"caption":"lavabo ch\u1eadu \u0111\u00e1 cu\u1ed9i hu\u1ebf"},{"@type":"BreadcrumbList","@id":"https:\/\/tranthi.vn\/quang-tri\/gia-lavabo-chau-rua-da-da-cuoi-suoi-dong-ha-quang-tri\/#breadcrumb","itemListElement":[{"@type":"ListItem","position":1,"name":"Trang Ch\u1ee7","item":"https:\/\/tranthi.vn\/quang-tri\/"},{"@type":"ListItem","position":2,"name":"Shop","item":"https:\/\/tranthi.vn\/quang-tri\/shop\/"},{"@type":"ListItem","position":3,"name":"Ch\u1eadu r\u1eeda \u0111\u00e1 cu\u1ed9i su\u1ed1i"}]},{"@type":"WebSite","@id":"https:\/\/tranthi.vn\/quang-tri\/#website","url":"https:\/\/tranthi.vn\/quang-tri\/","name":"VLXD Tr\u1ea7n Th\u1ecb","description":"V\u1eadt Li\u1ec7u X\u00e2y D\u1ef1ng - Qu\u1ea3ng Tr\u1ecb","publisher":{"@id":"https:\/\/tranthi.vn\/quang-tri\/#organization"},"potentialAction":[{"@type":"SearchAction","target":{"@type":"EntryPoint","urlTemplate":"https:\/\/tranthi.vn\/quang-tri\/?s={search_term_string}"},"query-input":{"@type":"PropertyValueSpecification","valueRequired":true,"valueName":"search_term_string"}}],"inLanguage":"vi"},{"@type":["Organization","Place"],"@id":"https:\/\/tranthi.vn\/quang-tri\/#organization","name":"VLXD Tr\u1ea7n Th\u1ecb","url":"https:\/\/tranthi.vn\/quang-tri\/","logo":{"@id":"https:\/\/tranthi.vn\/quang-tri\/gia-lavabo-chau-rua-da-da-cuoi-suoi-dong-ha-quang-tri\/#local-main-organization-logo"},"image":{"@id":"https:\/\/tranthi.vn\/quang-tri\/gia-lavabo-chau-rua-da-da-cuoi-suoi-dong-ha-quang-tri\/#local-main-organization-logo"},"telephone":[],"openingHoursSpecification":[{"@type":"OpeningHoursSpecification","dayOfWeek":["Monday","Tuesday","Wednesday","Thursday","Friday","Saturday","Sunday"],"opens":"09:00","closes":"17:00"}]},{"@type":"ImageObject","inLanguage":"vi","@id":"https:\/\/tranthi.vn\/quang-tri\/gia-lavabo-chau-rua-da-da-cuoi-suoi-dong-ha-quang-tri\/#local-main-organization-logo","url":"https:\/\/tranthi.vn\/quang-tri\/wp-content\/uploads\/2021\/02\/logo-tranthi1.jpg","contentUrl":"https:\/\/tranthi.vn\/quang-tri\/wp-content\/uploads\/2021\/02\/logo-tranthi1.jpg","width":800,"height":319,"caption":"VLXD Tr\u1ea7n Th\u1ecb"}]},"product_price_amount":"1500000","product_price_currency":"VND","og_availability":"instock","product_availability":"instock","product_condition":"new"},"_links":{"self":[{"href":"https:\/\/tranthi.vn\/quang-tri\/wp-json\/wp\/v2\/product\/3031","targetHints":{"allow":["GET"]}}],"collection":[{"href":"https:\/\/tranthi.vn\/quang-tri\/wp-json\/wp\/v2\/product"}],"about":[{"href":"https:\/\/tranthi.vn\/quang-tri\/wp-json\/wp\/v2\/types\/product"}],"replies":[{"embeddable":true,"href":"https:\/\/tranthi.vn\/quang-tri\/wp-json\/wp\/v2\/comments?post=3031"}],"wp:featuredmedia":[{"embeddable":true,"href":"https:\/\/tranthi.vn\/quang-tri\/wp-json\/wp\/v2\/media\/3612"}],"wp:attachment":[{"href":"https:\/\/tranthi.vn\/quang-tri\/wp-json\/wp\/v2\/media?parent=3031"}],"wp:term":[{"taxonomy":"product_cat","embeddable":true,"href":"https:\/\/tranthi.vn\/quang-tri\/wp-json\/wp\/v2\/product_cat?post=3031"},{"taxonomy":"product_tag","embeddable":true,"href":"https:\/\/tranthi.vn\/quang-tri\/wp-json\/wp\/v2\/product_tag?post=3031"}],"curies":[{"name":"wp","href":"https:\/\/api.w.org\/{rel}","templated":true}]}}