{"id":2779,"date":"2021-03-12T16:44:51","date_gmt":"2021-03-12T09:44:51","guid":{"rendered":"https:\/\/tranthi.vn\/?post_type=product&#038;p=2779"},"modified":"2024-07-27T14:05:21","modified_gmt":"2024-07-27T07:05:21","slug":"sika-top-seal-109-gia-tot-tai-dong-ha-quang-tri","status":"publish","type":"product","link":"https:\/\/tranthi.vn\/quang-tri\/sika-top-seal-109-gia-tot-tai-dong-ha-quang-tri\/","title":{"rendered":"Sika Top seal 109"},"content":{"rendered":"<h1 style=\"text-align: center;\"><strong><span style=\"font-family: 'times new roman', times, serif; font-size: 130%; color: #ff0000;\">CH\u1ed0NG TH\u1ea4M NH\u00c0 V\u1ec6 SINH B\u1eb0NG SIKA TOP SEAL 109<\/span><\/strong><\/h1>\n<p><span style=\"font-family: 'times new roman', times, serif; font-size: 130%; color: #000000;\">N\u1ebfu b\u1ea1n \u0111ang b\u0103n kho\u0103n kh\u00f4ng bi\u1ebft l\u1ef1a ch\u1ecdn s\u1ea3n ph\u1ea9m ch\u1ed1ng th\u1ea5m n\u00e0o cho\u00a0 nh\u00e0 v\u1ec7 sinh, b\u1ec3 n\u01b0\u1edbc&#8230; nha m\u00ecnh th\u00ec <strong><em>ch\u1ed1ng th\u1ea5m sika top seal 109<\/em><\/strong> l\u00e0 l\u1ef1a ch\u1ecdn ho\u00e0n h\u1ea3o nh\u1ea5t. \u0110\u00e2y l\u00e0 s\u1ea3n ph\u1ea9m ch\u1ed1ng th\u1ea5m nh\u1eefng v\u1ecb tr\u00ed ti\u1ebfp x\u00fac th\u01b0\u1eddng xuy\u00ean v\u1edbi n\u01b0\u1edbc t\u1ed1t nh\u1ea5t c\u1ee7a sika. \u0110i k\u00e8m v\u1edbi ch\u1ea5t l\u01b0\u1ee3ng th\u00ec gi\u00e1 th\u00e0nh c\u1ee7a b\u1ed9 n\u00e0y c\u0169ng cao nh\u1ea5t<\/span><\/p>\n<h2><strong><span style=\"font-family: 'times new roman', times, serif; font-size: 100%; color: #ff0000;\">1. \u1ee8ng d\u1ee5ng s\u1ea3n ph\u1ea9m ch\u1ed1ng th\u1ea5m sikatop seal 109<\/span><\/strong><\/h2>\n<p><span style=\"font-family: 'times new roman', times, serif; font-size: 130%; color: #000000;\">D\u00f9ng ch\u1ed1ng th\u1ea5m, tr\u00e1m v\u1ebft n\u1ee9t ch\u00e2n chim v\u00e0 c\u0169ng l\u00e0 l\u1edbp b\u1ea3o v\u1ec7 ch\u1ed1ng l\u1ea1i s\u1ef1 th\u00e2m nh\u1eadp c\u1ee7a c\u00e1c kh\u00ed cacbonic, kh\u00e1n l\u1ea1i qu\u00e1 tr\u00ecnh h\u00ecnh th\u00e0nh b\u0103ng tuy\u1ebft.<\/span><\/p>\n<p><img loading=\"lazy\" decoding=\"async\" class=\"alignnone wp-image-3126 aligncenter\" src=\"https:\/\/tranthi.vn\/quang-tri\/wp-content\/uploads\/2021\/03\/san-sau-khi-duoc-chong-tham-1.jpg\" alt=\"\" width=\"351\" height=\"310\" \/><\/p>\n<p><span style=\"font-family: 'times new roman', times, serif; font-size: 130%; color: #000000;\">S\u1ea3n ph\u1ea9m n\u00e0y \u0111\u01b0\u1ee3c d\u00f9ng ch\u1ed1ng th\u1ea5m cho: B\u1ec3 n\u01b0\u1edbc t\u1ea7ng h\u1ea7m, b\u00e3i \u0111\u1eadu xe, s\u00e2n th\u01b0\u1ee3ng, ban c\u00f4ng, c\u1ea7u, t\u01b0\u1eddng ch\u1eafn, b\u1ec3 b\u01a1i, c\u1ed1ng tho\u00e1t n\u01b0\u1edbc b\u00ea t\u00f4ng c\u1ed1p th\u00e9p, s\u00e0n v\u00e0 t\u01b0\u1eddng ph\u00f2ng t\u1eafm, ch\u1eadu hoa, nh\u00e0 b\u1ebfp, s\u00e0n x\u1eed l\u00fd r\u00e1c.<\/span><\/p>\n<h2><strong><span style=\"font-family: 'times new roman', times, serif; font-size: 100%; color: #ff0000;\">2. H\u01b0\u1edbng d\u1eabn thi ch\u1ed1ng th\u1ea5m nh\u00e0 v\u1ec7 sinh b\u1eb1ng sika top seal 109<\/span><\/strong><\/h2>\n<h3><strong><span style=\"font-family: 'times new roman', times, serif; font-size: 100%; color: #000000;\">a) Chu\u1ea9n b\u1ecb b\u1ec1 m\u1eb7t<\/span><\/strong><\/h3>\n<ul>\n<li><span style=\"font-family: 'times new roman', times, serif; font-size: 130%; color: #000000;\">B\u1ec1 m\u1eb7t ph\u1ea3i \u0111\u01b0\u1ee3c chu\u1ea9n b\u1ecb \u0111\u1ec3 lo\u1ea1i b\u1ecf t\u1ea5t c\u1ea3 c\u00e1c th\u00e0nh ph\u1ea7n d\u1ec5 bong tr\u00f3c.<\/span><\/li>\n<li><span style=\"font-family: 'times new roman', times, serif; font-size: 130%; color: #000000;\">B\u1ec1 m\u1eb7t c\u00f3 \u0111\u1ed9 th\u1ea5m h\u00fat cao ph\u1ea3i \u0111\u01b0\u1ee3c l\u00e0m \u1ea9m to\u00e0n b\u1ed9 tr\u01b0\u1edbc khi thi c\u00f4ng v\u1eefa ch\u1ed1ng th\u1ea5m, nh\u01b0ng kh\u00f4ng \u0111\u1ec3 \u0111\u1ecdng n\u01b0\u1edbc.<\/span><\/li>\n<\/ul>\n<h3><strong><span style=\"font-family: 'times new roman', times, serif; font-size: 100%; color: #000000;\">b) Quy tr\u00ecnh thi c\u00f4ng<\/span><\/strong><\/h3>\n<h4><span style=\"font-family: 'times new roman', times, serif; font-size: 130%; color: #000000;\"><strong>L\u1edbp th\u1ee9 nh\u1ea5t: <\/strong><\/span><\/h4>\n<p><span style=\"font-family: 'times new roman', times, serif; font-size: 130%; color: #000000;\">L\u1eafc m\u1ea1nh th\u00e0nh ph\u1ea7n A trong v\u00e0i gi\u00e2y r\u1ed3i cho v\u00e0o th\u00f9ng tr\u1ed9n.<\/span><\/p>\n<p><span style=\"font-family: 'times new roman', times, serif; font-size: 130%; color: #000000;\">Cho t\u1eeb t\u1eeb th\u00e0nh ph\u1ea7n B (b\u1ed9t m\u1ecbn) v\u00e0o th\u00f9ng tr\u1ed9n theo t\u1ef7 l\u1ec7 A:B = 1:2 theo kh\u1ed1i l\u01b0\u1ee3ng. D\u00f9ng c\u1ea7n tr\u1ed9n \u0111i\u1ec7n t\u1ed1c \u0111\u1ed9 th\u1ea5p (d\u01b0\u1edbi 500 v\u00f2ng\/ph\u00fat) v\u00e0 tr\u1ed9n \u0111\u1ec1u.<\/span><\/p>\n<p><span style=\"font-family: 'times new roman', times, serif; font-size: 130%; color: #000000;\">Thi c\u00f4ng l\u1edbp Sikatop Seal 109 th\u1ee9 nh\u1ea5t b\u1eb1ng bay ho\u1eb7c c\u1ecd v\u1edbi \u0111\u1ecbnh m\u1ee9c 1.0 &#8211; 1.5 kg\/m2<\/span><\/p>\n<h4><strong><span style=\"font-family: 'times new roman', times, serif; font-size: 130%; color: #000000;\">L\u1edbp th\u1ee9 2:<\/span><\/strong><\/h4>\n<p><span style=\"font-family: 'times new roman', times, serif; font-size: 130%; color: #000000;\">\u00a0Sau kho\u1ea3ng 4 gi\u1edd l\u1edbp th\u1ee9 nh\u1ea5t kh\u00f4 th\u00ec ti\u1ebfp t\u1ee5c thi c\u00f4ng <strong>l\u1edbp th\u1ee9 2<\/strong> v\u1edbi c\u00f9ng \u0111\u1ecbnh m\u1ee9c b\u1eb1ng bay ho\u1eb7c c\u1ecd.<\/span><\/p>\n<p><span style=\"font-family: 'times new roman', times, serif; font-size: 130%; color: #000000;\">L\u01b0u \u00fd: Kh\u00f4ng tr\u1ed9n th\u00eam n\u01b0\u1edbc<\/span><\/p>\n<h4><span style=\"font-family: 'times new roman', times, serif; font-size: 130%; color: #000000;\"><strong>L\u1edbp th\u1ee9 3<\/strong> d\u00f9ng sika latex\/sika latex th<\/span><\/h4>\n<p><span style=\"font-family: 'times new roman', times, serif; font-size: 130%; color: #000000;\">1 l\u00edt Latex TH + 1 l\u00edt n\u01b0\u1edbc + 4kg xi m\u0103ng = h\u1ed3 d\u1ea7u k\u1ebft n\u1ed1i.<\/span><\/p>\n<p><span style=\"font-family: 'times new roman', times, serif; font-size: 130%; color: #000000;\">Cho xi m\u0103ng v\u00e0o trong h\u1ed7n h\u1ee3p Latex TH \u2013 n\u01b0\u1edbc \u0111\u00e3 tr\u1ed9n s\u1eb5n v\u00e0 tr\u1ed9n cho \u0111\u1ebfn khi \u0111\u1ea1t \u0111\u01b0\u1ee3c \u0111\u1ed9 s\u1ec7t \u0111\u1ec1u nh\u01b0 kem. Thi c\u00f4ng l\u1edbp h\u1ed3 d\u1ea7u k\u1ebft n\u1ed1i Latex v\u1edbi chi\u1ec1u d\u00e0y 1-2mm l\u00ean tr\u00ean b\u1ec1 m\u1eb7t \u0111\u00e3 \u0111\u01b0\u1ee3c l\u00e0m \u01b0\u1edbt tr\u01b0\u1edbc.<\/span><\/p>\n<p><span style=\"font-family: 'times new roman', times, serif; font-size: 130%; color: #000000;\"><em><strong>L\u1edbp th\u1ee9 4<\/strong><\/em><\/span><br \/>\n<span style=\"font-family: 'times new roman', times, serif; font-size: 130%; color: #000000;\">siak latex:n\u01b0\u1edbc: 1:3<\/span><br \/>\n<span style=\"font-family: 'times new roman', times, serif; font-size: 130%; color: #000000;\">Xi m\u0103ng: c\u00e1t = 1: 3 <\/span><br \/>\n<span style=\"font-family: 'times new roman', times, serif; font-size: 130%; color: #000000;\">Tr\u1ed9n h\u1ed7n h\u1ee3p l\u1ea1i v\u1edbi nhau \u0111i\u1ec1u ch\u1ec9nh sao cho \u0111\u1ea1t \u0111\u01b0\u1ee3c \u0111\u1ed9 s\u1ec7t nh\u01b0 v\u1eefa v\u00e0 ti\u1ebfn h\u00e0nh thi c\u00f4ng l\u00ean l\u1edbp th\u1ee9 nh\u1ea5t<\/span><\/p>\n<p style=\"text-align: center;\"><iframe loading=\"lazy\" src=\"\/\/www.youtube.com\/embed\/rOP5zt0vcwk\" width=\"560\" height=\"314\" allowfullscreen=\"allowfullscreen\"><\/iframe><\/p>\n","protected":false},"excerpt":{"rendered":"<p><span style=\"font-family: 'times new roman', times, serif; font-size: 130%; color: #282828;\"><img loading=\"lazy\" decoding=\"async\" class=\"\" src=\"https:\/\/static.xx.fbcdn.net\/images\/emoji.php\/v9\/t87\/1\/16\/1f340.png\" alt=\"\ud83c\udf40\" width=\"24\" height=\"24\" \/>\u00a0 Giao h\u00e0ng trong \u0111\u1ecba b\u00e0n Hu\u1ebf<\/span><\/p>\n<p><span style=\"font-family: 'times new roman', times, serif; font-size: 130%; color: #282828;\"> <img loading=\"lazy\" decoding=\"async\" class=\"\" src=\"https:\/\/static.xx.fbcdn.net\/images\/emoji.php\/v9\/t87\/1\/16\/1f340.png\" alt=\"\ud83c\udf40\" width=\"24\" height=\"24\" \/>\u00a0 \u0110\u01a1n v\u1ecb t\u00ednh: B\u1ed9 15kg<\/span><\/p>\n<p><span style=\"font-family: 'times new roman', times, serif; font-size: 130%; color: #282828;\"><img loading=\"lazy\" decoding=\"async\" class=\"\" src=\"https:\/\/static.xx.fbcdn.net\/images\/emoji.php\/v9\/t87\/1\/16\/1f340.png\" alt=\"\ud83c\udf40\" width=\"24\" height=\"24\" \/>\u00a0 <strong><span style=\"color: #ff0000;\">\u0110\u01a1n gi\u00e1 \u21d2 940.000\u0111\/B\u1ed9 15kg\u00a0<\/span><\/strong><\/span><\/p>\n<p><span style=\"font-family: 'times new roman', times, serif; font-size: 130%; color: #282828;\"> <img loading=\"lazy\" decoding=\"async\" class=\"\" src=\"https:\/\/static.xx.fbcdn.net\/images\/emoji.php\/v9\/t87\/1\/16\/1f340.png\" alt=\"\ud83c\udf40\" width=\"23\" height=\"23\" \/>\u00a0 Mi\u1ec5n ph\u00ed v\u1eadn chuy\u1ec3n t\u1eeb 2 b\u1ed9 tr\u1edf l\u00ean<\/span><\/p>\n<p><span style=\"font-family: 'times new roman', times, serif; font-size: 130%; color: #282828;\"><img loading=\"lazy\" decoding=\"async\" class=\"\" src=\"https:\/\/static.xx.fbcdn.net\/images\/emoji.php\/v9\/t87\/1\/16\/1f340.png\" alt=\"\ud83c\udf40\" width=\"24\" height=\"24\" \/>\u00a0 Ph\u00ed ship \u0111\u01b0\u1ee3c t\u00ednh t\u00f9y thu\u1ed9c v\u00e0o v\u1ecb tr\u00ed g\u1ea7n hay xa<\/span><\/p>\n","protected":false},"featured_media":4449,"comment_status":"closed","ping_status":"closed","template":"","meta":[],"product_cat":[89,92],"product_tag":[630],"class_list":{"0":"post-2779","1":"product","2":"type-product","3":"status-publish","4":"has-post-thumbnail","6":"product_cat-chong-tham","7":"product_cat-chong-tham-sika","8":"product_tag-gia-sika-top-seal-109-hue","10":"first","11":"instock","12":"sale","13":"shipping-taxable","14":"purchasable","15":"product-type-simple"},"yoast_head":"<!-- This site is optimized with the Yoast SEO Premium plugin v22.3 (Yoast SEO v24.0) - https:\/\/yoast.com\/wordpress\/plugins\/seo\/ -->\n<title>Gi\u00e1 sika top seal 109 ch\u1ed1ng th\u1ea5m WC Qu\u1ea3ng Tr\u1ecb-0947.335.871<\/title>\n<meta name=\"description\" content=\"Tr\u1ea7n Th\u1ecb - chuy\u00ean cung c\u1ea5p ch\u1ed1ng th\u1ea5m sika top seal 109 c\u00e1c s\u1ea3n ph\u1ea9m ch\u1ed1ng th\u1ea5m nh\u00e0 v\u1ec7 sinh, s\u00e2n th\u01b0\u1ee3ng, t\u01b0\u1eddng, t\u1ea7ng h\u1ea7m t\u1ea1i \u0110\u00e0 N\u1eb5ng\" \/>\n<meta name=\"robots\" content=\"index, follow, max-snippet:-1, max-image-preview:large, max-video-preview:-1\" \/>\n<link rel=\"canonical\" href=\"https:\/\/tranthi.vn\/quang-tri\/sika-top-seal-109-gia-tot-tai-dong-ha-quang-tri\/\" \/>\n<meta property=\"og:locale\" content=\"vi_VN\" \/>\n<meta property=\"og:type\" content=\"article\" \/>\n<meta property=\"og:title\" content=\"Sika Top seal 109\" \/>\n<meta property=\"og:description\" content=\"Tr\u1ea7n Th\u1ecb - chuy\u00ean cung c\u1ea5p ch\u1ed1ng th\u1ea5m sika top seal 109 c\u00e1c s\u1ea3n ph\u1ea9m ch\u1ed1ng th\u1ea5m nh\u00e0 v\u1ec7 sinh, s\u00e2n th\u01b0\u1ee3ng, t\u01b0\u1eddng, t\u1ea7ng h\u1ea7m t\u1ea1i \u0110\u00e0 N\u1eb5ng\" \/>\n<meta property=\"og:url\" content=\"https:\/\/tranthi.vn\/quang-tri\/sika-top-seal-109-gia-tot-tai-dong-ha-quang-tri\/\" \/>\n<meta property=\"og:site_name\" content=\"V\u1eadt Li\u1ec7u X\u00e2y D\u1ef1ng Tr\u1ea7n Th\u1ecb Chi Nh\u00e1nh Qu\u1ea3ng Tr\u1ecb\" \/>\n<meta property=\"article:modified_time\" content=\"2024-07-27T07:05:21+00:00\" \/>\n<meta property=\"og:image\" content=\"https:\/\/tranthi.vn\/quang-tri\/wp-content\/uploads\/2021\/03\/gia-sika-top-seal-109-hue-1.jpg\" \/>\n\t<meta property=\"og:image:width\" content=\"300\" \/>\n\t<meta property=\"og:image:height\" content=\"300\" \/>\n\t<meta property=\"og:image:type\" content=\"image\/jpeg\" \/>\n<meta name=\"twitter:card\" content=\"summary_large_image\" \/>\n<meta name=\"twitter:label1\" content=\"Gi\u00e1\" \/>\n\t<meta name=\"twitter:data1\" content=\"940,000&nbsp;&#8363;\" \/>\n\t<meta name=\"twitter:label2\" content=\"Kh\u1ea3 d\u1ee5ng\" \/>\n\t<meta name=\"twitter:data2\" content=\"Trong kho\" \/>\n<script type=\"application\/ld+json\" class=\"yoast-schema-graph\">{\"@context\":\"https:\/\/schema.org\",\"@graph\":[{\"@type\":\"WebPage\",\"@id\":\"https:\/\/tranthi.vn\/quang-tri\/sika-top-seal-109-gia-tot-tai-dong-ha-quang-tri\/\",\"url\":\"https:\/\/tranthi.vn\/quang-tri\/sika-top-seal-109-gia-tot-tai-dong-ha-quang-tri\/\",\"name\":\"Gi\u00e1 sika top seal 109 ch\u1ed1ng th\u1ea5m WC Qu\u1ea3ng Tr\u1ecb-0947.335.871\",\"isPartOf\":{\"@id\":\"https:\/\/tranthi.vn\/quang-tri\/#website\"},\"primaryImageOfPage\":{\"@id\":\"https:\/\/tranthi.vn\/quang-tri\/sika-top-seal-109-gia-tot-tai-dong-ha-quang-tri\/#primaryimage\"},\"image\":{\"@id\":\"https:\/\/tranthi.vn\/quang-tri\/sika-top-seal-109-gia-tot-tai-dong-ha-quang-tri\/#primaryimage\"},\"thumbnailUrl\":\"https:\/\/tranthi.vn\/quang-tri\/wp-content\/uploads\/2021\/03\/gia-sika-top-seal-109-hue-1.jpg\",\"datePublished\":\"2021-03-12T09:44:51+00:00\",\"dateModified\":\"2024-07-27T07:05:21+00:00\",\"description\":\"Tr\u1ea7n Th\u1ecb - chuy\u00ean cung c\u1ea5p ch\u1ed1ng th\u1ea5m sika top seal 109 c\u00e1c s\u1ea3n ph\u1ea9m ch\u1ed1ng th\u1ea5m nh\u00e0 v\u1ec7 sinh, s\u00e2n th\u01b0\u1ee3ng, t\u01b0\u1eddng, t\u1ea7ng h\u1ea7m t\u1ea1i \u0110\u00e0 N\u1eb5ng\",\"breadcrumb\":{\"@id\":\"https:\/\/tranthi.vn\/quang-tri\/sika-top-seal-109-gia-tot-tai-dong-ha-quang-tri\/#breadcrumb\"},\"inLanguage\":\"vi\",\"potentialAction\":[{\"@type\":\"ReadAction\",\"target\":[\"https:\/\/tranthi.vn\/quang-tri\/sika-top-seal-109-gia-tot-tai-dong-ha-quang-tri\/\"]}]},{\"@type\":\"ImageObject\",\"inLanguage\":\"vi\",\"@id\":\"https:\/\/tranthi.vn\/quang-tri\/sika-top-seal-109-gia-tot-tai-dong-ha-quang-tri\/#primaryimage\",\"url\":\"https:\/\/tranthi.vn\/quang-tri\/wp-content\/uploads\/2021\/03\/gia-sika-top-seal-109-hue-1.jpg\",\"contentUrl\":\"https:\/\/tranthi.vn\/quang-tri\/wp-content\/uploads\/2021\/03\/gia-sika-top-seal-109-hue-1.jpg\",\"width\":300,\"height\":300,\"caption\":\"gi\u00e1-sika-top-seal-109-hu\u1ebf\"},{\"@type\":\"BreadcrumbList\",\"@id\":\"https:\/\/tranthi.vn\/quang-tri\/sika-top-seal-109-gia-tot-tai-dong-ha-quang-tri\/#breadcrumb\",\"itemListElement\":[{\"@type\":\"ListItem\",\"position\":1,\"name\":\"Trang Ch\u1ee7\",\"item\":\"https:\/\/tranthi.vn\/quang-tri\/\"},{\"@type\":\"ListItem\",\"position\":2,\"name\":\"Shop\",\"item\":\"https:\/\/tranthi.vn\/quang-tri\/shop\/\"},{\"@type\":\"ListItem\",\"position\":3,\"name\":\"Sika Top seal 109\"}]},{\"@type\":\"WebSite\",\"@id\":\"https:\/\/tranthi.vn\/quang-tri\/#website\",\"url\":\"https:\/\/tranthi.vn\/quang-tri\/\",\"name\":\"VLXD Tr\u1ea7n Th\u1ecb\",\"description\":\"V\u1eadt Li\u1ec7u X\u00e2y D\u1ef1ng - Qu\u1ea3ng Tr\u1ecb\",\"publisher\":{\"@id\":\"https:\/\/tranthi.vn\/quang-tri\/#organization\"},\"potentialAction\":[{\"@type\":\"SearchAction\",\"target\":{\"@type\":\"EntryPoint\",\"urlTemplate\":\"https:\/\/tranthi.vn\/quang-tri\/?s={search_term_string}\"},\"query-input\":{\"@type\":\"PropertyValueSpecification\",\"valueRequired\":true,\"valueName\":\"search_term_string\"}}],\"inLanguage\":\"vi\"},{\"@type\":[\"Organization\",\"Place\"],\"@id\":\"https:\/\/tranthi.vn\/quang-tri\/#organization\",\"name\":\"VLXD Tr\u1ea7n Th\u1ecb\",\"url\":\"https:\/\/tranthi.vn\/quang-tri\/\",\"logo\":{\"@id\":\"https:\/\/tranthi.vn\/quang-tri\/sika-top-seal-109-gia-tot-tai-dong-ha-quang-tri\/#local-main-organization-logo\"},\"image\":{\"@id\":\"https:\/\/tranthi.vn\/quang-tri\/sika-top-seal-109-gia-tot-tai-dong-ha-quang-tri\/#local-main-organization-logo\"},\"telephone\":[],\"openingHoursSpecification\":[{\"@type\":\"OpeningHoursSpecification\",\"dayOfWeek\":[\"Monday\",\"Tuesday\",\"Wednesday\",\"Thursday\",\"Friday\",\"Saturday\",\"Sunday\"],\"opens\":\"09:00\",\"closes\":\"17:00\"}]},{\"@type\":\"ImageObject\",\"inLanguage\":\"vi\",\"@id\":\"https:\/\/tranthi.vn\/quang-tri\/sika-top-seal-109-gia-tot-tai-dong-ha-quang-tri\/#local-main-organization-logo\",\"url\":\"https:\/\/tranthi.vn\/quang-tri\/wp-content\/uploads\/2021\/02\/logo-tranthi1.jpg\",\"contentUrl\":\"https:\/\/tranthi.vn\/quang-tri\/wp-content\/uploads\/2021\/02\/logo-tranthi1.jpg\",\"width\":800,\"height\":319,\"caption\":\"VLXD Tr\u1ea7n Th\u1ecb\"}]}<\/script>\n<meta property=\"product:price:amount\" content=\"940000\" \/>\n<meta property=\"product:price:currency\" content=\"VND\" \/>\n<meta property=\"og:availability\" content=\"instock\" \/>\n<meta property=\"product:availability\" content=\"instock\" \/>\n<meta property=\"product:condition\" content=\"new\" \/>\n<!-- \/ Yoast SEO Premium plugin. -->","yoast_head_json":{"title":"Gi\u00e1 sika top seal 109 ch\u1ed1ng th\u1ea5m WC Qu\u1ea3ng Tr\u1ecb-0947.335.871","description":"Tr\u1ea7n Th\u1ecb - chuy\u00ean cung c\u1ea5p ch\u1ed1ng th\u1ea5m sika top seal 109 c\u00e1c s\u1ea3n ph\u1ea9m ch\u1ed1ng th\u1ea5m nh\u00e0 v\u1ec7 sinh, s\u00e2n th\u01b0\u1ee3ng, t\u01b0\u1eddng, t\u1ea7ng h\u1ea7m t\u1ea1i \u0110\u00e0 N\u1eb5ng","robots":{"index":"index","follow":"follow","max-snippet":"max-snippet:-1","max-image-preview":"max-image-preview:large","max-video-preview":"max-video-preview:-1"},"canonical":"https:\/\/tranthi.vn\/quang-tri\/sika-top-seal-109-gia-tot-tai-dong-ha-quang-tri\/","og_locale":"vi_VN","og_type":"article","og_title":"Sika Top seal 109","og_description":"Tr\u1ea7n Th\u1ecb - chuy\u00ean cung c\u1ea5p ch\u1ed1ng th\u1ea5m sika top seal 109 c\u00e1c s\u1ea3n ph\u1ea9m ch\u1ed1ng th\u1ea5m nh\u00e0 v\u1ec7 sinh, s\u00e2n th\u01b0\u1ee3ng, t\u01b0\u1eddng, t\u1ea7ng h\u1ea7m t\u1ea1i \u0110\u00e0 N\u1eb5ng","og_url":"https:\/\/tranthi.vn\/quang-tri\/sika-top-seal-109-gia-tot-tai-dong-ha-quang-tri\/","og_site_name":"V\u1eadt Li\u1ec7u X\u00e2y D\u1ef1ng Tr\u1ea7n Th\u1ecb Chi Nh\u00e1nh Qu\u1ea3ng Tr\u1ecb","article_modified_time":"2024-07-27T07:05:21+00:00","og_image":[{"width":300,"height":300,"url":"https:\/\/tranthi.vn\/quang-tri\/wp-content\/uploads\/2021\/03\/gia-sika-top-seal-109-hue-1.jpg","type":"image\/jpeg"}],"twitter_card":"summary_large_image","twitter_misc":{"Gi\u00e1":"940,000&nbsp;&#8363;","Kh\u1ea3 d\u1ee5ng":"Trong kho"},"schema":{"@context":"https:\/\/schema.org","@graph":[{"@type":"WebPage","@id":"https:\/\/tranthi.vn\/quang-tri\/sika-top-seal-109-gia-tot-tai-dong-ha-quang-tri\/","url":"https:\/\/tranthi.vn\/quang-tri\/sika-top-seal-109-gia-tot-tai-dong-ha-quang-tri\/","name":"Gi\u00e1 sika top seal 109 ch\u1ed1ng th\u1ea5m WC Qu\u1ea3ng Tr\u1ecb-0947.335.871","isPartOf":{"@id":"https:\/\/tranthi.vn\/quang-tri\/#website"},"primaryImageOfPage":{"@id":"https:\/\/tranthi.vn\/quang-tri\/sika-top-seal-109-gia-tot-tai-dong-ha-quang-tri\/#primaryimage"},"image":{"@id":"https:\/\/tranthi.vn\/quang-tri\/sika-top-seal-109-gia-tot-tai-dong-ha-quang-tri\/#primaryimage"},"thumbnailUrl":"https:\/\/tranthi.vn\/quang-tri\/wp-content\/uploads\/2021\/03\/gia-sika-top-seal-109-hue-1.jpg","datePublished":"2021-03-12T09:44:51+00:00","dateModified":"2024-07-27T07:05:21+00:00","description":"Tr\u1ea7n Th\u1ecb - chuy\u00ean cung c\u1ea5p ch\u1ed1ng th\u1ea5m sika top seal 109 c\u00e1c s\u1ea3n ph\u1ea9m ch\u1ed1ng th\u1ea5m nh\u00e0 v\u1ec7 sinh, s\u00e2n th\u01b0\u1ee3ng, t\u01b0\u1eddng, t\u1ea7ng h\u1ea7m t\u1ea1i \u0110\u00e0 N\u1eb5ng","breadcrumb":{"@id":"https:\/\/tranthi.vn\/quang-tri\/sika-top-seal-109-gia-tot-tai-dong-ha-quang-tri\/#breadcrumb"},"inLanguage":"vi","potentialAction":[{"@type":"ReadAction","target":["https:\/\/tranthi.vn\/quang-tri\/sika-top-seal-109-gia-tot-tai-dong-ha-quang-tri\/"]}]},{"@type":"ImageObject","inLanguage":"vi","@id":"https:\/\/tranthi.vn\/quang-tri\/sika-top-seal-109-gia-tot-tai-dong-ha-quang-tri\/#primaryimage","url":"https:\/\/tranthi.vn\/quang-tri\/wp-content\/uploads\/2021\/03\/gia-sika-top-seal-109-hue-1.jpg","contentUrl":"https:\/\/tranthi.vn\/quang-tri\/wp-content\/uploads\/2021\/03\/gia-sika-top-seal-109-hue-1.jpg","width":300,"height":300,"caption":"gi\u00e1-sika-top-seal-109-hu\u1ebf"},{"@type":"BreadcrumbList","@id":"https:\/\/tranthi.vn\/quang-tri\/sika-top-seal-109-gia-tot-tai-dong-ha-quang-tri\/#breadcrumb","itemListElement":[{"@type":"ListItem","position":1,"name":"Trang Ch\u1ee7","item":"https:\/\/tranthi.vn\/quang-tri\/"},{"@type":"ListItem","position":2,"name":"Shop","item":"https:\/\/tranthi.vn\/quang-tri\/shop\/"},{"@type":"ListItem","position":3,"name":"Sika Top seal 109"}]},{"@type":"WebSite","@id":"https:\/\/tranthi.vn\/quang-tri\/#website","url":"https:\/\/tranthi.vn\/quang-tri\/","name":"VLXD Tr\u1ea7n Th\u1ecb","description":"V\u1eadt Li\u1ec7u X\u00e2y D\u1ef1ng - Qu\u1ea3ng Tr\u1ecb","publisher":{"@id":"https:\/\/tranthi.vn\/quang-tri\/#organization"},"potentialAction":[{"@type":"SearchAction","target":{"@type":"EntryPoint","urlTemplate":"https:\/\/tranthi.vn\/quang-tri\/?s={search_term_string}"},"query-input":{"@type":"PropertyValueSpecification","valueRequired":true,"valueName":"search_term_string"}}],"inLanguage":"vi"},{"@type":["Organization","Place"],"@id":"https:\/\/tranthi.vn\/quang-tri\/#organization","name":"VLXD Tr\u1ea7n Th\u1ecb","url":"https:\/\/tranthi.vn\/quang-tri\/","logo":{"@id":"https:\/\/tranthi.vn\/quang-tri\/sika-top-seal-109-gia-tot-tai-dong-ha-quang-tri\/#local-main-organization-logo"},"image":{"@id":"https:\/\/tranthi.vn\/quang-tri\/sika-top-seal-109-gia-tot-tai-dong-ha-quang-tri\/#local-main-organization-logo"},"telephone":[],"openingHoursSpecification":[{"@type":"OpeningHoursSpecification","dayOfWeek":["Monday","Tuesday","Wednesday","Thursday","Friday","Saturday","Sunday"],"opens":"09:00","closes":"17:00"}]},{"@type":"ImageObject","inLanguage":"vi","@id":"https:\/\/tranthi.vn\/quang-tri\/sika-top-seal-109-gia-tot-tai-dong-ha-quang-tri\/#local-main-organization-logo","url":"https:\/\/tranthi.vn\/quang-tri\/wp-content\/uploads\/2021\/02\/logo-tranthi1.jpg","contentUrl":"https:\/\/tranthi.vn\/quang-tri\/wp-content\/uploads\/2021\/02\/logo-tranthi1.jpg","width":800,"height":319,"caption":"VLXD Tr\u1ea7n Th\u1ecb"}]},"product_price_amount":"940000","product_price_currency":"VND","og_availability":"instock","product_availability":"instock","product_condition":"new"},"_links":{"self":[{"href":"https:\/\/tranthi.vn\/quang-tri\/wp-json\/wp\/v2\/product\/2779","targetHints":{"allow":["GET"]}}],"collection":[{"href":"https:\/\/tranthi.vn\/quang-tri\/wp-json\/wp\/v2\/product"}],"about":[{"href":"https:\/\/tranthi.vn\/quang-tri\/wp-json\/wp\/v2\/types\/product"}],"replies":[{"embeddable":true,"href":"https:\/\/tranthi.vn\/quang-tri\/wp-json\/wp\/v2\/comments?post=2779"}],"wp:featuredmedia":[{"embeddable":true,"href":"https:\/\/tranthi.vn\/quang-tri\/wp-json\/wp\/v2\/media\/4449"}],"wp:attachment":[{"href":"https:\/\/tranthi.vn\/quang-tri\/wp-json\/wp\/v2\/media?parent=2779"}],"wp:term":[{"taxonomy":"product_cat","embeddable":true,"href":"https:\/\/tranthi.vn\/quang-tri\/wp-json\/wp\/v2\/product_cat?post=2779"},{"taxonomy":"product_tag","embeddable":true,"href":"https:\/\/tranthi.vn\/quang-tri\/wp-json\/wp\/v2\/product_tag?post=2779"}],"curies":[{"name":"wp","href":"https:\/\/api.w.org\/{rel}","templated":true}]}}