{"id":2369,"date":"2021-03-02T16:56:59","date_gmt":"2021-03-02T09:56:59","guid":{"rendered":"https:\/\/tranthi.vn\/?post_type=product&#038;p=2369"},"modified":"2022-04-06T15:23:27","modified_gmt":"2022-04-06T08:23:27","slug":"hoa-phat-d10-gr40","status":"publish","type":"product","link":"https:\/\/tranthi.vn\/quang-tri\/hoa-phat-d10-gr40\/","title":{"rendered":"Ho\u00e0 Ph\u00e1t D10-GR40"},"content":{"rendered":"","protected":false},"excerpt":{"rendered":"<p><span style=\"font-family: 'times new roman', times, serif; font-size: 130%; color: #000000;\"><span style=\"color: #ff6600; font-size: 150%;\">\u2666 <\/span>\u00a0\u0110\u01a1n v\u1ecb t\u00ednh: c\u00e2y<\/span><span style=\"font-family: 'times new roman', times, serif; font-size: 130%; color: #000000;\"><span style=\"font-family: 'times new roman', times, serif; font-size: 130%;\"><span style=\"color: #282828;\">\u00a0<\/span><\/span><\/span><\/p>\n<p><span style=\"font-family: 'times new roman', times, serif; font-size: 130%;\"><span style=\"font-family: 'times new roman', times, serif; font-size: 150%; color: #000000;\"><span style=\"color: #ff6600;\">\u2666 <\/span><\/span><span style=\"color: #282828;\">K\u00edch th\u01b0\u1edbc: 11,7 m<\/span><\/span><\/p>\n<p><span style=\"font-family: 'times new roman', times, serif; font-size: 130%;\"><span style=\"color: #282828;\"><span style=\"font-family: 'times new roman', times, serif; font-size: 150%; color: #000000;\"><span style=\"color: #ff6600;\">\u2666 <\/span><\/span>Tr\u1ecdng l\u01b0\u1ee3ng: 6,522 kg \/c\u00e2y<\/span><\/span><\/p>\n<p><span style=\"font-family: 'times new roman', times, serif; font-size: 130%;\"><span style=\"color: #282828;\"><span style=\"font-size: 150%;\"><strong> <span style=\"font-family: 'times new roman', times, serif; color: #000000;\"><span style=\"color: #ff6600;\">\u2666 <\/span><\/span><\/strong><\/span>Gi\u00e1 th\u00e9p D10 GR40 \u21d2<span style=\"color: #008000;\"><em><strong> 129.700\u0111\/ C\u00e2y<\/strong><\/em><\/span><\/span><\/span><\/p>\n<p><span style=\"font-family: 'times new roman', times, serif; font-size: 130%; color: #282828;\"><span style=\"font-family: 'times new roman', times, serif; font-size: 150%;\"><span style=\"font-family: 'times new roman', times, serif; color: #000000;\"><span style=\"color: #ff6600;\">\u2666 <\/span><\/span><\/span>Ph\u00e2n lo\u1ea1i: Th\u00e9p phi 10 Gr40<\/span><\/p>\n<p><span style=\"font-family: 'times new roman', times, serif; font-size: 130%;\"><span style=\"font-family: 'times new roman', times, serif; font-size: 150%; color: #000000;\"><span style=\"color: #ff6600;\">\u2666 <\/span><\/span><span style=\"color: #282828;\">Gi\u00e1 c\u00f3 th\u1ec3 thay \u0111\u1ed5i theo th\u1eddi \u0111i\u1ec3m, \u0111\u1ecba \u0111i\u1ec3m v\u00e0 s\u1ed1 l\u01b0\u1ee3ng<\/span><\/span><\/p>\n<p>&nbsp;<\/p>\n<p>&nbsp;<\/p>\n<p>&nbsp;<\/p>\n","protected":false},"featured_media":4401,"comment_status":"closed","ping_status":"closed","template":"","meta":[],"product_cat":[205,254,203],"product_tag":[602],"class_list":{"0":"post-2369","1":"product","2":"type-product","3":"status-publish","4":"has-post-thumbnail","6":"product_cat-sat-thep","7":"product_cat-thep-hoa-phat","8":"product_cat-vat-lieu-xay-dung","9":"product_tag-gia-thep-phi-10-hoa-phat-tai-hue","11":"first","12":"instock","13":"sale","14":"shipping-taxable","15":"purchasable","16":"product-type-simple"},"yoast_head":"<!-- This site is optimized with the Yoast SEO Premium plugin v22.3 (Yoast SEO v24.0) - https:\/\/yoast.com\/wordpress\/plugins\/seo\/ -->\n<title>Ho\u00e0 Ph\u00e1t D10-GR40 - V\u1eadt Li\u1ec7u X\u00e2y D\u1ef1ng Tr\u1ea7n Th\u1ecb Chi Nh\u00e1nh Qu\u1ea3ng Tr\u1ecb<\/title>\n<meta name=\"robots\" content=\"index, follow, max-snippet:-1, max-image-preview:large, max-video-preview:-1\" \/>\n<link rel=\"canonical\" href=\"https:\/\/tranthi.vn\/quang-tri\/hoa-phat-d10-gr40\/\" \/>\n<meta property=\"og:locale\" content=\"vi_VN\" \/>\n<meta property=\"og:type\" content=\"article\" \/>\n<meta property=\"og:title\" content=\"Ho\u00e0 Ph\u00e1t D10-GR40\" \/>\n<meta property=\"og:description\" content=\"\u2666 \u00a0\u0110\u01a1n v\u1ecb t\u00ednh: c\u00e2y\u00a0  \u2666 K\u00edch th\u01b0\u1edbc: 11,7 m  \u2666 Tr\u1ecdng l\u01b0\u1ee3ng: 6,522 kg \/c\u00e2y   \u2666 Gi\u00e1 th\u00e9p D10 GR40 \u21d2 129.700\u0111\/ C\u00e2y  \u2666 Ph\u00e2n lo\u1ea1i: Th\u00e9p phi 10 Gr40  \u2666 Gi\u00e1 c\u00f3 th\u1ec3 thay \u0111\u1ed5i theo th\u1eddi \u0111i\u1ec3m, \u0111\u1ecba \u0111i\u1ec3m v\u00e0 s\u1ed1 l\u01b0\u1ee3ng  &nbsp;  &nbsp;  &nbsp;\" \/>\n<meta property=\"og:url\" content=\"https:\/\/tranthi.vn\/quang-tri\/hoa-phat-d10-gr40\/\" \/>\n<meta property=\"og:site_name\" content=\"V\u1eadt Li\u1ec7u X\u00e2y D\u1ef1ng Tr\u1ea7n Th\u1ecb Chi Nh\u00e1nh Qu\u1ea3ng Tr\u1ecb\" \/>\n<meta property=\"article:modified_time\" content=\"2022-04-06T08:23:27+00:00\" \/>\n<meta property=\"og:image\" content=\"https:\/\/tranthi.vn\/quang-tri\/wp-content\/uploads\/2021\/03\/Gia-thep-phi-10-Hoa-Phat-tai-Hue.jpg\" \/>\n\t<meta property=\"og:image:width\" content=\"250\" \/>\n\t<meta property=\"og:image:height\" content=\"250\" \/>\n\t<meta property=\"og:image:type\" content=\"image\/jpeg\" \/>\n<meta name=\"twitter:card\" content=\"summary_large_image\" \/>\n<meta name=\"twitter:label1\" content=\"Gi\u00e1\" \/>\n\t<meta name=\"twitter:data1\" content=\"129,700&nbsp;&#8363;\" \/>\n\t<meta name=\"twitter:label2\" content=\"Kh\u1ea3 d\u1ee5ng\" \/>\n\t<meta name=\"twitter:data2\" content=\"Trong kho\" \/>\n<script type=\"application\/ld+json\" class=\"yoast-schema-graph\">{\"@context\":\"https:\/\/schema.org\",\"@graph\":[{\"@type\":\"WebPage\",\"@id\":\"https:\/\/tranthi.vn\/quang-tri\/hoa-phat-d10-gr40\/\",\"url\":\"https:\/\/tranthi.vn\/quang-tri\/hoa-phat-d10-gr40\/\",\"name\":\"Ho\u00e0 Ph\u00e1t D10-GR40 - V\u1eadt Li\u1ec7u X\u00e2y D\u1ef1ng Tr\u1ea7n Th\u1ecb Chi Nh\u00e1nh Qu\u1ea3ng Tr\u1ecb\",\"isPartOf\":{\"@id\":\"https:\/\/tranthi.vn\/quang-tri\/#website\"},\"primaryImageOfPage\":{\"@id\":\"https:\/\/tranthi.vn\/quang-tri\/hoa-phat-d10-gr40\/#primaryimage\"},\"image\":{\"@id\":\"https:\/\/tranthi.vn\/quang-tri\/hoa-phat-d10-gr40\/#primaryimage\"},\"thumbnailUrl\":\"https:\/\/tranthi.vn\/quang-tri\/wp-content\/uploads\/2021\/03\/Gia-thep-phi-10-Hoa-Phat-tai-Hue.jpg\",\"datePublished\":\"2021-03-02T09:56:59+00:00\",\"dateModified\":\"2022-04-06T08:23:27+00:00\",\"breadcrumb\":{\"@id\":\"https:\/\/tranthi.vn\/quang-tri\/hoa-phat-d10-gr40\/#breadcrumb\"},\"inLanguage\":\"vi\",\"potentialAction\":[{\"@type\":\"ReadAction\",\"target\":[\"https:\/\/tranthi.vn\/quang-tri\/hoa-phat-d10-gr40\/\"]}]},{\"@type\":\"ImageObject\",\"inLanguage\":\"vi\",\"@id\":\"https:\/\/tranthi.vn\/quang-tri\/hoa-phat-d10-gr40\/#primaryimage\",\"url\":\"https:\/\/tranthi.vn\/quang-tri\/wp-content\/uploads\/2021\/03\/Gia-thep-phi-10-Hoa-Phat-tai-Hue.jpg\",\"contentUrl\":\"https:\/\/tranthi.vn\/quang-tri\/wp-content\/uploads\/2021\/03\/Gia-thep-phi-10-Hoa-Phat-tai-Hue.jpg\",\"width\":250,\"height\":250,\"caption\":\"Gi\u00e1 th\u00e9p phi 10 H\u00f2a Ph\u00e1t t\u1ea1i Hu\u1ebf\"},{\"@type\":\"BreadcrumbList\",\"@id\":\"https:\/\/tranthi.vn\/quang-tri\/hoa-phat-d10-gr40\/#breadcrumb\",\"itemListElement\":[{\"@type\":\"ListItem\",\"position\":1,\"name\":\"Trang Ch\u1ee7\",\"item\":\"https:\/\/tranthi.vn\/quang-tri\/\"},{\"@type\":\"ListItem\",\"position\":2,\"name\":\"Shop\",\"item\":\"https:\/\/tranthi.vn\/quang-tri\/shop\/\"},{\"@type\":\"ListItem\",\"position\":3,\"name\":\"Ho\u00e0 Ph\u00e1t D10-GR40\"}]},{\"@type\":\"WebSite\",\"@id\":\"https:\/\/tranthi.vn\/quang-tri\/#website\",\"url\":\"https:\/\/tranthi.vn\/quang-tri\/\",\"name\":\"VLXD Tr\u1ea7n Th\u1ecb\",\"description\":\"V\u1eadt Li\u1ec7u X\u00e2y D\u1ef1ng - Qu\u1ea3ng Tr\u1ecb\",\"publisher\":{\"@id\":\"https:\/\/tranthi.vn\/quang-tri\/#organization\"},\"potentialAction\":[{\"@type\":\"SearchAction\",\"target\":{\"@type\":\"EntryPoint\",\"urlTemplate\":\"https:\/\/tranthi.vn\/quang-tri\/?s={search_term_string}\"},\"query-input\":{\"@type\":\"PropertyValueSpecification\",\"valueRequired\":true,\"valueName\":\"search_term_string\"}}],\"inLanguage\":\"vi\"},{\"@type\":[\"Organization\",\"Place\"],\"@id\":\"https:\/\/tranthi.vn\/quang-tri\/#organization\",\"name\":\"VLXD Tr\u1ea7n Th\u1ecb\",\"url\":\"https:\/\/tranthi.vn\/quang-tri\/\",\"logo\":{\"@id\":\"https:\/\/tranthi.vn\/quang-tri\/hoa-phat-d10-gr40\/#local-main-organization-logo\"},\"image\":{\"@id\":\"https:\/\/tranthi.vn\/quang-tri\/hoa-phat-d10-gr40\/#local-main-organization-logo\"},\"telephone\":[],\"openingHoursSpecification\":[{\"@type\":\"OpeningHoursSpecification\",\"dayOfWeek\":[\"Monday\",\"Tuesday\",\"Wednesday\",\"Thursday\",\"Friday\",\"Saturday\",\"Sunday\"],\"opens\":\"09:00\",\"closes\":\"17:00\"}]},{\"@type\":\"ImageObject\",\"inLanguage\":\"vi\",\"@id\":\"https:\/\/tranthi.vn\/quang-tri\/hoa-phat-d10-gr40\/#local-main-organization-logo\",\"url\":\"https:\/\/tranthi.vn\/quang-tri\/wp-content\/uploads\/2021\/02\/logo-tranthi1.jpg\",\"contentUrl\":\"https:\/\/tranthi.vn\/quang-tri\/wp-content\/uploads\/2021\/02\/logo-tranthi1.jpg\",\"width\":800,\"height\":319,\"caption\":\"VLXD Tr\u1ea7n Th\u1ecb\"}]}<\/script>\n<meta property=\"product:price:amount\" content=\"129700\" \/>\n<meta property=\"product:price:currency\" content=\"VND\" \/>\n<meta property=\"og:availability\" content=\"instock\" \/>\n<meta property=\"product:availability\" content=\"instock\" \/>\n<meta property=\"product:condition\" content=\"new\" \/>\n<!-- \/ Yoast SEO Premium plugin. -->","yoast_head_json":{"title":"Ho\u00e0 Ph\u00e1t D10-GR40 - V\u1eadt Li\u1ec7u X\u00e2y D\u1ef1ng Tr\u1ea7n Th\u1ecb Chi Nh\u00e1nh Qu\u1ea3ng Tr\u1ecb","robots":{"index":"index","follow":"follow","max-snippet":"max-snippet:-1","max-image-preview":"max-image-preview:large","max-video-preview":"max-video-preview:-1"},"canonical":"https:\/\/tranthi.vn\/quang-tri\/hoa-phat-d10-gr40\/","og_locale":"vi_VN","og_type":"article","og_title":"Ho\u00e0 Ph\u00e1t D10-GR40","og_description":"\u2666 \u00a0\u0110\u01a1n v\u1ecb t\u00ednh: c\u00e2y\u00a0  \u2666 K\u00edch th\u01b0\u1edbc: 11,7 m  \u2666 Tr\u1ecdng l\u01b0\u1ee3ng: 6,522 kg \/c\u00e2y   \u2666 Gi\u00e1 th\u00e9p D10 GR40 \u21d2 129.700\u0111\/ C\u00e2y  \u2666 Ph\u00e2n lo\u1ea1i: Th\u00e9p phi 10 Gr40  \u2666 Gi\u00e1 c\u00f3 th\u1ec3 thay \u0111\u1ed5i theo th\u1eddi \u0111i\u1ec3m, \u0111\u1ecba \u0111i\u1ec3m v\u00e0 s\u1ed1 l\u01b0\u1ee3ng  &nbsp;  &nbsp;  &nbsp;","og_url":"https:\/\/tranthi.vn\/quang-tri\/hoa-phat-d10-gr40\/","og_site_name":"V\u1eadt Li\u1ec7u X\u00e2y D\u1ef1ng Tr\u1ea7n Th\u1ecb Chi Nh\u00e1nh Qu\u1ea3ng Tr\u1ecb","article_modified_time":"2022-04-06T08:23:27+00:00","og_image":[{"width":250,"height":250,"url":"https:\/\/tranthi.vn\/quang-tri\/wp-content\/uploads\/2021\/03\/Gia-thep-phi-10-Hoa-Phat-tai-Hue.jpg","type":"image\/jpeg"}],"twitter_card":"summary_large_image","twitter_misc":{"Gi\u00e1":"129,700&nbsp;&#8363;","Kh\u1ea3 d\u1ee5ng":"Trong kho"},"schema":{"@context":"https:\/\/schema.org","@graph":[{"@type":"WebPage","@id":"https:\/\/tranthi.vn\/quang-tri\/hoa-phat-d10-gr40\/","url":"https:\/\/tranthi.vn\/quang-tri\/hoa-phat-d10-gr40\/","name":"Ho\u00e0 Ph\u00e1t D10-GR40 - V\u1eadt Li\u1ec7u X\u00e2y D\u1ef1ng Tr\u1ea7n Th\u1ecb Chi Nh\u00e1nh Qu\u1ea3ng Tr\u1ecb","isPartOf":{"@id":"https:\/\/tranthi.vn\/quang-tri\/#website"},"primaryImageOfPage":{"@id":"https:\/\/tranthi.vn\/quang-tri\/hoa-phat-d10-gr40\/#primaryimage"},"image":{"@id":"https:\/\/tranthi.vn\/quang-tri\/hoa-phat-d10-gr40\/#primaryimage"},"thumbnailUrl":"https:\/\/tranthi.vn\/quang-tri\/wp-content\/uploads\/2021\/03\/Gia-thep-phi-10-Hoa-Phat-tai-Hue.jpg","datePublished":"2021-03-02T09:56:59+00:00","dateModified":"2022-04-06T08:23:27+00:00","breadcrumb":{"@id":"https:\/\/tranthi.vn\/quang-tri\/hoa-phat-d10-gr40\/#breadcrumb"},"inLanguage":"vi","potentialAction":[{"@type":"ReadAction","target":["https:\/\/tranthi.vn\/quang-tri\/hoa-phat-d10-gr40\/"]}]},{"@type":"ImageObject","inLanguage":"vi","@id":"https:\/\/tranthi.vn\/quang-tri\/hoa-phat-d10-gr40\/#primaryimage","url":"https:\/\/tranthi.vn\/quang-tri\/wp-content\/uploads\/2021\/03\/Gia-thep-phi-10-Hoa-Phat-tai-Hue.jpg","contentUrl":"https:\/\/tranthi.vn\/quang-tri\/wp-content\/uploads\/2021\/03\/Gia-thep-phi-10-Hoa-Phat-tai-Hue.jpg","width":250,"height":250,"caption":"Gi\u00e1 th\u00e9p phi 10 H\u00f2a Ph\u00e1t t\u1ea1i Hu\u1ebf"},{"@type":"BreadcrumbList","@id":"https:\/\/tranthi.vn\/quang-tri\/hoa-phat-d10-gr40\/#breadcrumb","itemListElement":[{"@type":"ListItem","position":1,"name":"Trang Ch\u1ee7","item":"https:\/\/tranthi.vn\/quang-tri\/"},{"@type":"ListItem","position":2,"name":"Shop","item":"https:\/\/tranthi.vn\/quang-tri\/shop\/"},{"@type":"ListItem","position":3,"name":"Ho\u00e0 Ph\u00e1t D10-GR40"}]},{"@type":"WebSite","@id":"https:\/\/tranthi.vn\/quang-tri\/#website","url":"https:\/\/tranthi.vn\/quang-tri\/","name":"VLXD Tr\u1ea7n Th\u1ecb","description":"V\u1eadt Li\u1ec7u X\u00e2y D\u1ef1ng - Qu\u1ea3ng Tr\u1ecb","publisher":{"@id":"https:\/\/tranthi.vn\/quang-tri\/#organization"},"potentialAction":[{"@type":"SearchAction","target":{"@type":"EntryPoint","urlTemplate":"https:\/\/tranthi.vn\/quang-tri\/?s={search_term_string}"},"query-input":{"@type":"PropertyValueSpecification","valueRequired":true,"valueName":"search_term_string"}}],"inLanguage":"vi"},{"@type":["Organization","Place"],"@id":"https:\/\/tranthi.vn\/quang-tri\/#organization","name":"VLXD Tr\u1ea7n Th\u1ecb","url":"https:\/\/tranthi.vn\/quang-tri\/","logo":{"@id":"https:\/\/tranthi.vn\/quang-tri\/hoa-phat-d10-gr40\/#local-main-organization-logo"},"image":{"@id":"https:\/\/tranthi.vn\/quang-tri\/hoa-phat-d10-gr40\/#local-main-organization-logo"},"telephone":[],"openingHoursSpecification":[{"@type":"OpeningHoursSpecification","dayOfWeek":["Monday","Tuesday","Wednesday","Thursday","Friday","Saturday","Sunday"],"opens":"09:00","closes":"17:00"}]},{"@type":"ImageObject","inLanguage":"vi","@id":"https:\/\/tranthi.vn\/quang-tri\/hoa-phat-d10-gr40\/#local-main-organization-logo","url":"https:\/\/tranthi.vn\/quang-tri\/wp-content\/uploads\/2021\/02\/logo-tranthi1.jpg","contentUrl":"https:\/\/tranthi.vn\/quang-tri\/wp-content\/uploads\/2021\/02\/logo-tranthi1.jpg","width":800,"height":319,"caption":"VLXD Tr\u1ea7n Th\u1ecb"}]},"product_price_amount":"129700","product_price_currency":"VND","og_availability":"instock","product_availability":"instock","product_condition":"new"},"_links":{"self":[{"href":"https:\/\/tranthi.vn\/quang-tri\/wp-json\/wp\/v2\/product\/2369","targetHints":{"allow":["GET"]}}],"collection":[{"href":"https:\/\/tranthi.vn\/quang-tri\/wp-json\/wp\/v2\/product"}],"about":[{"href":"https:\/\/tranthi.vn\/quang-tri\/wp-json\/wp\/v2\/types\/product"}],"replies":[{"embeddable":true,"href":"https:\/\/tranthi.vn\/quang-tri\/wp-json\/wp\/v2\/comments?post=2369"}],"wp:featuredmedia":[{"embeddable":true,"href":"https:\/\/tranthi.vn\/quang-tri\/wp-json\/wp\/v2\/media\/4401"}],"wp:attachment":[{"href":"https:\/\/tranthi.vn\/quang-tri\/wp-json\/wp\/v2\/media?parent=2369"}],"wp:term":[{"taxonomy":"product_cat","embeddable":true,"href":"https:\/\/tranthi.vn\/quang-tri\/wp-json\/wp\/v2\/product_cat?post=2369"},{"taxonomy":"product_tag","embeddable":true,"href":"https:\/\/tranthi.vn\/quang-tri\/wp-json\/wp\/v2\/product_tag?post=2369"}],"curies":[{"name":"wp","href":"https:\/\/api.w.org\/{rel}","templated":true}]}}