{"id":2341,"date":"2021-03-02T08:41:20","date_gmt":"2021-03-02T01:41:20","guid":{"rendered":"https:\/\/tranthi.vn\/?post_type=product&#038;p=2341"},"modified":"2024-07-27T10:18:27","modified_gmt":"2024-07-27T03:18:27","slug":"san-hem-khoa-t404-42mm-quang-tri","status":"publish","type":"product","link":"https:\/\/tranthi.vn\/quang-tri\/san-hem-khoa-t404-42mm-quang-tri\/","title":{"rendered":"S\u00e0n H\u00e8m Kh\u00f3a T415"},"content":{"rendered":"","protected":false},"excerpt":{"rendered":"<p><span style=\"font-family: 'times new roman', times, serif;\"><img loading=\"lazy\" decoding=\"async\" src=\"https:\/\/static.xx.fbcdn.net\/images\/emoji.php\/v9\/t87\/1\/16\/1f340.png\" alt=\"\ud83c\udf40\" width=\"16\" height=\"16\" \/><span style=\"font-size: 130%;\">\u00a0B\u1ea3o h\u00e0nh m\u1ed9t n\u0103m<\/span><\/span><\/p>\n<p><span style=\"font-family: 'times new roman', times, serif; font-size: 130%;\"><img loading=\"lazy\" decoding=\"async\" src=\"https:\/\/static.xx.fbcdn.net\/images\/emoji.php\/v9\/t87\/1\/16\/1f340.png\" alt=\"\ud83c\udf40\" width=\"16\" height=\"16\" \/>\u00a0K\u00edch th\u01b0\u1edbc: 940x152x4cm<\/span><\/p>\n<p><span style=\"font-family: 'times new roman', times, serif; font-size: 130%;\"><img loading=\"lazy\" decoding=\"async\" src=\"https:\/\/static.xx.fbcdn.net\/images\/emoji.php\/v9\/t87\/1\/16\/1f340.png\" alt=\"\ud83c\udf40\" width=\"16\" height=\"16\" \/>\u00a0\u0110\u01a1n v\u1ecb t\u00ednh: m\u00e9t vu\u00f4ng<\/span><\/p>\n<p><span style=\"font-family: 'times new roman', times, serif; font-size: 130%;\"><img loading=\"lazy\" decoding=\"async\" src=\"https:\/\/static.xx.fbcdn.net\/images\/emoji.php\/v9\/t87\/1\/16\/1f340.png\" alt=\"\ud83c\udf40\" width=\"16\" height=\"16\" \/>\u00a0\u0110\u01a1n gi\u00e1:\u00a0<span style=\"color: #ff0000;\"><strong>325.000\u0111\/m2<\/strong><\/span><\/span><\/p>\n<p><span style=\"font-family: 'times new roman', times, serif; font-size: 130%;\"><img loading=\"lazy\" decoding=\"async\" src=\"https:\/\/static.xx.fbcdn.net\/images\/emoji.php\/v9\/t87\/1\/16\/1f340.png\" alt=\"\ud83c\udf40\" width=\"16\" height=\"16\" \/>\u00a0 Th\u01b0\u01a1ng hi\u1ec7u: Tep Flor \u2013 Trung Qu\u1ed1c<\/span><\/p>\n<p><span style=\"font-family: 'times new roman', times, serif; font-size: 130%;\"><img loading=\"lazy\" decoding=\"async\" src=\"https:\/\/static.xx.fbcdn.net\/images\/emoji.php\/v9\/t87\/1\/16\/1f340.png\" alt=\"\ud83c\udf40\" width=\"16\" height=\"16\" \/>\u00a0Gi\u00e1 ch\u01b0a VAT<\/span><\/p>\n<p><span style=\"font-family: 'times new roman', times, serif; font-size: 130%;\"><img loading=\"lazy\" decoding=\"async\" src=\"https:\/\/static.xx.fbcdn.net\/images\/emoji.php\/v9\/t87\/1\/16\/1f340.png\" alt=\"\ud83c\udf40\" width=\"16\" height=\"16\" \/>\u00a0Gi\u00e1 tr\u00ean \u00e1p d\u1ee5ng cho \u0111\u01a1n h\u00e0ng tr\u00ean 30 m2\u00a0<\/span><\/p>\n<p><span style=\"font-family: 'times new roman', times, serif; font-size: 130%;\"><img loading=\"lazy\" decoding=\"async\" src=\"https:\/\/static.xx.fbcdn.net\/images\/emoji.php\/v9\/t87\/1\/16\/1f340.png\" alt=\"\ud83c\udf40\" width=\"16\" height=\"16\" \/> Tr\u1ea7n Th\u1ecb mi\u1ec5n ph\u00ed v\u1eadn chuy\u1ec3n \u0111\u01a1n h\u00e0ng trong TP Qu\u1ea3ng Tr\u1ecb, ngo\u00e0i ra c\u00f2n giao h\u00e0ng \u0111\u1ebfn c\u00e1c huy\u1ec7n l\u00e2n c\u1eadn, ph\u00ed v\u1eadn chuy\u1ec3n \u0111\u01b0\u1ee3c t\u00ednh t\u00f9y thu\u1ed9c v\u00e0o v\u1ecb tr\u00ed xa hay g\u1ea7n<\/span><\/p>\n","protected":false},"featured_media":4753,"comment_status":"closed","ping_status":"closed","template":"","meta":[],"product_cat":[138,135],"product_tag":[805],"class_list":{"0":"post-2341","1":"product","2":"type-product","3":"status-publish","4":"has-post-thumbnail","6":"product_cat-san-nhua-hem-khoa","7":"product_cat-san-nhua-van-gia-go","8":"product_tag-gia-dai-ly-san-nhua-hem-khoa-cao-cap-hue","10":"first","11":"instock","12":"sale","13":"shipping-taxable","14":"purchasable","15":"product-type-simple"},"yoast_head":"<!-- This site is optimized with the Yoast SEO Premium plugin v22.3 (Yoast SEO v24.0) - https:\/\/yoast.com\/wordpress\/plugins\/seo\/ -->\n<title>Gi\u00e1 s\u00e0n nh\u1ef1a h\u00e8m kh\u00f3a t\u1ea1i Qu\u1ea3ng Tr\u1ecb - 0947.335.871 - Tr\u1ea7n Th\u1ecb<\/title>\n<meta name=\"description\" content=\"Tr\u1ea7n Th\u1ecb - chuy\u00ean cung c\u1ea5p s\u00e0n nh\u1ef1a h\u00e8m kh\u00f3a gi\u00e1 r\u1ebb t\u1ea1i Qu\u1ea3ng Tr\u1ecb, th\u1eddi gian s\u1eed d\u1ee5ng l\u00ean \u0111\u1ebfn 10 n\u0103m kh\u00f4ng cong v\u00eanh m\u1ed1i m\u1ecdt\" \/>\n<meta name=\"robots\" content=\"index, follow, max-snippet:-1, max-image-preview:large, max-video-preview:-1\" \/>\n<link rel=\"canonical\" href=\"https:\/\/tranthi.vn\/quang-tri\/san-hem-khoa-t404-42mm-quang-tri\/\" \/>\n<meta property=\"og:locale\" content=\"vi_VN\" \/>\n<meta property=\"og:type\" content=\"article\" \/>\n<meta property=\"og:title\" content=\"S\u00e0n H\u00e8m Kh\u00f3a T415\" \/>\n<meta property=\"og:description\" content=\"Tr\u1ea7n Th\u1ecb - chuy\u00ean cung c\u1ea5p s\u00e0n nh\u1ef1a h\u00e8m kh\u00f3a gi\u00e1 r\u1ebb t\u1ea1i Qu\u1ea3ng Tr\u1ecb, th\u1eddi gian s\u1eed d\u1ee5ng l\u00ean \u0111\u1ebfn 10 n\u0103m kh\u00f4ng cong v\u00eanh m\u1ed1i m\u1ecdt\" \/>\n<meta property=\"og:url\" content=\"https:\/\/tranthi.vn\/quang-tri\/san-hem-khoa-t404-42mm-quang-tri\/\" \/>\n<meta property=\"og:site_name\" content=\"V\u1eadt Li\u1ec7u X\u00e2y D\u1ef1ng Tr\u1ea7n Th\u1ecb Chi Nh\u00e1nh Qu\u1ea3ng Tr\u1ecb\" \/>\n<meta property=\"article:modified_time\" content=\"2024-07-27T03:18:27+00:00\" \/>\n<meta property=\"og:image\" content=\"https:\/\/tranthi.vn\/quang-tri\/wp-content\/uploads\/2021\/03\/GIA-DAI-LY-SAN-NHUA-HEM-KHOA-CAO-CAP-HUE.jpg\" \/>\n\t<meta property=\"og:image:width\" content=\"250\" \/>\n\t<meta property=\"og:image:height\" content=\"250\" \/>\n\t<meta property=\"og:image:type\" content=\"image\/jpeg\" \/>\n<meta name=\"twitter:card\" content=\"summary_large_image\" \/>\n<meta name=\"twitter:label1\" content=\"Gi\u00e1\" \/>\n\t<meta name=\"twitter:data1\" content=\"325,000&nbsp;&#8363;\" \/>\n\t<meta name=\"twitter:label2\" content=\"Kh\u1ea3 d\u1ee5ng\" \/>\n\t<meta name=\"twitter:data2\" content=\"Trong kho\" \/>\n<script type=\"application\/ld+json\" class=\"yoast-schema-graph\">{\"@context\":\"https:\/\/schema.org\",\"@graph\":[{\"@type\":\"WebPage\",\"@id\":\"https:\/\/tranthi.vn\/quang-tri\/san-hem-khoa-t404-42mm-quang-tri\/\",\"url\":\"https:\/\/tranthi.vn\/quang-tri\/san-hem-khoa-t404-42mm-quang-tri\/\",\"name\":\"Gi\u00e1 s\u00e0n nh\u1ef1a h\u00e8m kh\u00f3a t\u1ea1i Qu\u1ea3ng Tr\u1ecb - 0947.335.871 - Tr\u1ea7n Th\u1ecb\",\"isPartOf\":{\"@id\":\"https:\/\/tranthi.vn\/quang-tri\/#website\"},\"primaryImageOfPage\":{\"@id\":\"https:\/\/tranthi.vn\/quang-tri\/san-hem-khoa-t404-42mm-quang-tri\/#primaryimage\"},\"image\":{\"@id\":\"https:\/\/tranthi.vn\/quang-tri\/san-hem-khoa-t404-42mm-quang-tri\/#primaryimage\"},\"thumbnailUrl\":\"https:\/\/tranthi.vn\/quang-tri\/wp-content\/uploads\/2021\/03\/GIA-DAI-LY-SAN-NHUA-HEM-KHOA-CAO-CAP-HUE.jpg\",\"datePublished\":\"2021-03-02T01:41:20+00:00\",\"dateModified\":\"2024-07-27T03:18:27+00:00\",\"description\":\"Tr\u1ea7n Th\u1ecb - chuy\u00ean cung c\u1ea5p s\u00e0n nh\u1ef1a h\u00e8m kh\u00f3a gi\u00e1 r\u1ebb t\u1ea1i Qu\u1ea3ng Tr\u1ecb, th\u1eddi gian s\u1eed d\u1ee5ng l\u00ean \u0111\u1ebfn 10 n\u0103m kh\u00f4ng cong v\u00eanh m\u1ed1i m\u1ecdt\",\"breadcrumb\":{\"@id\":\"https:\/\/tranthi.vn\/quang-tri\/san-hem-khoa-t404-42mm-quang-tri\/#breadcrumb\"},\"inLanguage\":\"vi\",\"potentialAction\":[{\"@type\":\"ReadAction\",\"target\":[\"https:\/\/tranthi.vn\/quang-tri\/san-hem-khoa-t404-42mm-quang-tri\/\"]}]},{\"@type\":\"ImageObject\",\"inLanguage\":\"vi\",\"@id\":\"https:\/\/tranthi.vn\/quang-tri\/san-hem-khoa-t404-42mm-quang-tri\/#primaryimage\",\"url\":\"https:\/\/tranthi.vn\/quang-tri\/wp-content\/uploads\/2021\/03\/GIA-DAI-LY-SAN-NHUA-HEM-KHOA-CAO-CAP-HUE.jpg\",\"contentUrl\":\"https:\/\/tranthi.vn\/quang-tri\/wp-content\/uploads\/2021\/03\/GIA-DAI-LY-SAN-NHUA-HEM-KHOA-CAO-CAP-HUE.jpg\",\"width\":250,\"height\":250,\"caption\":\"GI\u00c1 \u0110\u1ea0I L\u00dd S\u00c0N NH\u1ef0A H\u1ebaM KH\u00d3A CAO C\u1ea4P HU\u1ebe\"},{\"@type\":\"BreadcrumbList\",\"@id\":\"https:\/\/tranthi.vn\/quang-tri\/san-hem-khoa-t404-42mm-quang-tri\/#breadcrumb\",\"itemListElement\":[{\"@type\":\"ListItem\",\"position\":1,\"name\":\"Trang Ch\u1ee7\",\"item\":\"https:\/\/tranthi.vn\/quang-tri\/\"},{\"@type\":\"ListItem\",\"position\":2,\"name\":\"Shop\",\"item\":\"https:\/\/tranthi.vn\/quang-tri\/shop\/\"},{\"@type\":\"ListItem\",\"position\":3,\"name\":\"S\u00e0n H\u00e8m Kh\u00f3a T415\"}]},{\"@type\":\"WebSite\",\"@id\":\"https:\/\/tranthi.vn\/quang-tri\/#website\",\"url\":\"https:\/\/tranthi.vn\/quang-tri\/\",\"name\":\"VLXD Tr\u1ea7n Th\u1ecb\",\"description\":\"V\u1eadt Li\u1ec7u X\u00e2y D\u1ef1ng - Qu\u1ea3ng Tr\u1ecb\",\"publisher\":{\"@id\":\"https:\/\/tranthi.vn\/quang-tri\/#organization\"},\"potentialAction\":[{\"@type\":\"SearchAction\",\"target\":{\"@type\":\"EntryPoint\",\"urlTemplate\":\"https:\/\/tranthi.vn\/quang-tri\/?s={search_term_string}\"},\"query-input\":{\"@type\":\"PropertyValueSpecification\",\"valueRequired\":true,\"valueName\":\"search_term_string\"}}],\"inLanguage\":\"vi\"},{\"@type\":[\"Organization\",\"Place\"],\"@id\":\"https:\/\/tranthi.vn\/quang-tri\/#organization\",\"name\":\"VLXD Tr\u1ea7n Th\u1ecb\",\"url\":\"https:\/\/tranthi.vn\/quang-tri\/\",\"logo\":{\"@id\":\"https:\/\/tranthi.vn\/quang-tri\/san-hem-khoa-t404-42mm-quang-tri\/#local-main-organization-logo\"},\"image\":{\"@id\":\"https:\/\/tranthi.vn\/quang-tri\/san-hem-khoa-t404-42mm-quang-tri\/#local-main-organization-logo\"},\"telephone\":[],\"openingHoursSpecification\":[{\"@type\":\"OpeningHoursSpecification\",\"dayOfWeek\":[\"Monday\",\"Tuesday\",\"Wednesday\",\"Thursday\",\"Friday\",\"Saturday\",\"Sunday\"],\"opens\":\"09:00\",\"closes\":\"17:00\"}]},{\"@type\":\"ImageObject\",\"inLanguage\":\"vi\",\"@id\":\"https:\/\/tranthi.vn\/quang-tri\/san-hem-khoa-t404-42mm-quang-tri\/#local-main-organization-logo\",\"url\":\"https:\/\/tranthi.vn\/quang-tri\/wp-content\/uploads\/2021\/02\/logo-tranthi1.jpg\",\"contentUrl\":\"https:\/\/tranthi.vn\/quang-tri\/wp-content\/uploads\/2021\/02\/logo-tranthi1.jpg\",\"width\":800,\"height\":319,\"caption\":\"VLXD Tr\u1ea7n Th\u1ecb\"}]}<\/script>\n<meta property=\"product:price:amount\" content=\"325000\" \/>\n<meta property=\"product:price:currency\" content=\"VND\" \/>\n<meta property=\"og:availability\" content=\"instock\" \/>\n<meta property=\"product:availability\" content=\"instock\" \/>\n<meta property=\"product:condition\" content=\"new\" \/>\n<!-- \/ Yoast SEO Premium plugin. -->","yoast_head_json":{"title":"Gi\u00e1 s\u00e0n nh\u1ef1a h\u00e8m kh\u00f3a t\u1ea1i Qu\u1ea3ng Tr\u1ecb - 0947.335.871 - Tr\u1ea7n Th\u1ecb","description":"Tr\u1ea7n Th\u1ecb - chuy\u00ean cung c\u1ea5p s\u00e0n nh\u1ef1a h\u00e8m kh\u00f3a gi\u00e1 r\u1ebb t\u1ea1i Qu\u1ea3ng Tr\u1ecb, th\u1eddi gian s\u1eed d\u1ee5ng l\u00ean \u0111\u1ebfn 10 n\u0103m kh\u00f4ng cong v\u00eanh m\u1ed1i m\u1ecdt","robots":{"index":"index","follow":"follow","max-snippet":"max-snippet:-1","max-image-preview":"max-image-preview:large","max-video-preview":"max-video-preview:-1"},"canonical":"https:\/\/tranthi.vn\/quang-tri\/san-hem-khoa-t404-42mm-quang-tri\/","og_locale":"vi_VN","og_type":"article","og_title":"S\u00e0n H\u00e8m Kh\u00f3a T415","og_description":"Tr\u1ea7n Th\u1ecb - chuy\u00ean cung c\u1ea5p s\u00e0n nh\u1ef1a h\u00e8m kh\u00f3a gi\u00e1 r\u1ebb t\u1ea1i Qu\u1ea3ng Tr\u1ecb, th\u1eddi gian s\u1eed d\u1ee5ng l\u00ean \u0111\u1ebfn 10 n\u0103m kh\u00f4ng cong v\u00eanh m\u1ed1i m\u1ecdt","og_url":"https:\/\/tranthi.vn\/quang-tri\/san-hem-khoa-t404-42mm-quang-tri\/","og_site_name":"V\u1eadt Li\u1ec7u X\u00e2y D\u1ef1ng Tr\u1ea7n Th\u1ecb Chi Nh\u00e1nh Qu\u1ea3ng Tr\u1ecb","article_modified_time":"2024-07-27T03:18:27+00:00","og_image":[{"width":250,"height":250,"url":"https:\/\/tranthi.vn\/quang-tri\/wp-content\/uploads\/2021\/03\/GIA-DAI-LY-SAN-NHUA-HEM-KHOA-CAO-CAP-HUE.jpg","type":"image\/jpeg"}],"twitter_card":"summary_large_image","twitter_misc":{"Gi\u00e1":"325,000&nbsp;&#8363;","Kh\u1ea3 d\u1ee5ng":"Trong kho"},"schema":{"@context":"https:\/\/schema.org","@graph":[{"@type":"WebPage","@id":"https:\/\/tranthi.vn\/quang-tri\/san-hem-khoa-t404-42mm-quang-tri\/","url":"https:\/\/tranthi.vn\/quang-tri\/san-hem-khoa-t404-42mm-quang-tri\/","name":"Gi\u00e1 s\u00e0n nh\u1ef1a h\u00e8m kh\u00f3a t\u1ea1i Qu\u1ea3ng Tr\u1ecb - 0947.335.871 - Tr\u1ea7n Th\u1ecb","isPartOf":{"@id":"https:\/\/tranthi.vn\/quang-tri\/#website"},"primaryImageOfPage":{"@id":"https:\/\/tranthi.vn\/quang-tri\/san-hem-khoa-t404-42mm-quang-tri\/#primaryimage"},"image":{"@id":"https:\/\/tranthi.vn\/quang-tri\/san-hem-khoa-t404-42mm-quang-tri\/#primaryimage"},"thumbnailUrl":"https:\/\/tranthi.vn\/quang-tri\/wp-content\/uploads\/2021\/03\/GIA-DAI-LY-SAN-NHUA-HEM-KHOA-CAO-CAP-HUE.jpg","datePublished":"2021-03-02T01:41:20+00:00","dateModified":"2024-07-27T03:18:27+00:00","description":"Tr\u1ea7n Th\u1ecb - chuy\u00ean cung c\u1ea5p s\u00e0n nh\u1ef1a h\u00e8m kh\u00f3a gi\u00e1 r\u1ebb t\u1ea1i Qu\u1ea3ng Tr\u1ecb, th\u1eddi gian s\u1eed d\u1ee5ng l\u00ean \u0111\u1ebfn 10 n\u0103m kh\u00f4ng cong v\u00eanh m\u1ed1i m\u1ecdt","breadcrumb":{"@id":"https:\/\/tranthi.vn\/quang-tri\/san-hem-khoa-t404-42mm-quang-tri\/#breadcrumb"},"inLanguage":"vi","potentialAction":[{"@type":"ReadAction","target":["https:\/\/tranthi.vn\/quang-tri\/san-hem-khoa-t404-42mm-quang-tri\/"]}]},{"@type":"ImageObject","inLanguage":"vi","@id":"https:\/\/tranthi.vn\/quang-tri\/san-hem-khoa-t404-42mm-quang-tri\/#primaryimage","url":"https:\/\/tranthi.vn\/quang-tri\/wp-content\/uploads\/2021\/03\/GIA-DAI-LY-SAN-NHUA-HEM-KHOA-CAO-CAP-HUE.jpg","contentUrl":"https:\/\/tranthi.vn\/quang-tri\/wp-content\/uploads\/2021\/03\/GIA-DAI-LY-SAN-NHUA-HEM-KHOA-CAO-CAP-HUE.jpg","width":250,"height":250,"caption":"GI\u00c1 \u0110\u1ea0I L\u00dd S\u00c0N NH\u1ef0A H\u1ebaM KH\u00d3A CAO C\u1ea4P HU\u1ebe"},{"@type":"BreadcrumbList","@id":"https:\/\/tranthi.vn\/quang-tri\/san-hem-khoa-t404-42mm-quang-tri\/#breadcrumb","itemListElement":[{"@type":"ListItem","position":1,"name":"Trang Ch\u1ee7","item":"https:\/\/tranthi.vn\/quang-tri\/"},{"@type":"ListItem","position":2,"name":"Shop","item":"https:\/\/tranthi.vn\/quang-tri\/shop\/"},{"@type":"ListItem","position":3,"name":"S\u00e0n H\u00e8m Kh\u00f3a T415"}]},{"@type":"WebSite","@id":"https:\/\/tranthi.vn\/quang-tri\/#website","url":"https:\/\/tranthi.vn\/quang-tri\/","name":"VLXD Tr\u1ea7n Th\u1ecb","description":"V\u1eadt Li\u1ec7u X\u00e2y D\u1ef1ng - Qu\u1ea3ng Tr\u1ecb","publisher":{"@id":"https:\/\/tranthi.vn\/quang-tri\/#organization"},"potentialAction":[{"@type":"SearchAction","target":{"@type":"EntryPoint","urlTemplate":"https:\/\/tranthi.vn\/quang-tri\/?s={search_term_string}"},"query-input":{"@type":"PropertyValueSpecification","valueRequired":true,"valueName":"search_term_string"}}],"inLanguage":"vi"},{"@type":["Organization","Place"],"@id":"https:\/\/tranthi.vn\/quang-tri\/#organization","name":"VLXD Tr\u1ea7n Th\u1ecb","url":"https:\/\/tranthi.vn\/quang-tri\/","logo":{"@id":"https:\/\/tranthi.vn\/quang-tri\/san-hem-khoa-t404-42mm-quang-tri\/#local-main-organization-logo"},"image":{"@id":"https:\/\/tranthi.vn\/quang-tri\/san-hem-khoa-t404-42mm-quang-tri\/#local-main-organization-logo"},"telephone":[],"openingHoursSpecification":[{"@type":"OpeningHoursSpecification","dayOfWeek":["Monday","Tuesday","Wednesday","Thursday","Friday","Saturday","Sunday"],"opens":"09:00","closes":"17:00"}]},{"@type":"ImageObject","inLanguage":"vi","@id":"https:\/\/tranthi.vn\/quang-tri\/san-hem-khoa-t404-42mm-quang-tri\/#local-main-organization-logo","url":"https:\/\/tranthi.vn\/quang-tri\/wp-content\/uploads\/2021\/02\/logo-tranthi1.jpg","contentUrl":"https:\/\/tranthi.vn\/quang-tri\/wp-content\/uploads\/2021\/02\/logo-tranthi1.jpg","width":800,"height":319,"caption":"VLXD Tr\u1ea7n Th\u1ecb"}]},"product_price_amount":"325000","product_price_currency":"VND","og_availability":"instock","product_availability":"instock","product_condition":"new"},"_links":{"self":[{"href":"https:\/\/tranthi.vn\/quang-tri\/wp-json\/wp\/v2\/product\/2341","targetHints":{"allow":["GET"]}}],"collection":[{"href":"https:\/\/tranthi.vn\/quang-tri\/wp-json\/wp\/v2\/product"}],"about":[{"href":"https:\/\/tranthi.vn\/quang-tri\/wp-json\/wp\/v2\/types\/product"}],"replies":[{"embeddable":true,"href":"https:\/\/tranthi.vn\/quang-tri\/wp-json\/wp\/v2\/comments?post=2341"}],"wp:featuredmedia":[{"embeddable":true,"href":"https:\/\/tranthi.vn\/quang-tri\/wp-json\/wp\/v2\/media\/4753"}],"wp:attachment":[{"href":"https:\/\/tranthi.vn\/quang-tri\/wp-json\/wp\/v2\/media?parent=2341"}],"wp:term":[{"taxonomy":"product_cat","embeddable":true,"href":"https:\/\/tranthi.vn\/quang-tri\/wp-json\/wp\/v2\/product_cat?post=2341"},{"taxonomy":"product_tag","embeddable":true,"href":"https:\/\/tranthi.vn\/quang-tri\/wp-json\/wp\/v2\/product_tag?post=2341"}],"curies":[{"name":"wp","href":"https:\/\/api.w.org\/{rel}","templated":true}]}}