{"id":2313,"date":"2021-03-01T15:47:16","date_gmt":"2021-03-01T08:47:16","guid":{"rendered":"https:\/\/tranthi.vn\/?post_type=product&#038;p=2313"},"modified":"2022-07-19T11:09:24","modified_gmt":"2022-07-19T04:09:24","slug":"san-nhua-dan-keo-m206-gia-tot-tai-dong-ha-quang-tri","status":"publish","type":"product","link":"https:\/\/tranthi.vn\/quang-tri\/san-nhua-dan-keo-m206-gia-tot-tai-dong-ha-quang-tri\/","title":{"rendered":"S\u00e0n Nh\u1ef1a D\u00e1n Keo \u2013 M206"},"content":{"rendered":"","protected":false},"excerpt":{"rendered":"<p><span style=\"font-family: 'times new roman', times, serif;\"><img loading=\"lazy\" decoding=\"async\" src=\"https:\/\/static.xx.fbcdn.net\/images\/emoji.php\/v9\/t87\/1\/16\/1f340.png\" alt=\"\ud83c\udf40\" width=\"16\" height=\"16\" \/><span style=\"font-size: 130%;\">\u00a0Giao h\u00e0ng trong \u0111\u1ecba b\u00e0n Hu\u1ebf<\/span><\/span><\/p>\n<p><span style=\"font-family: 'times new roman', times, serif; font-size: 130%;\"><img loading=\"lazy\" decoding=\"async\" src=\"https:\/\/static.xx.fbcdn.net\/images\/emoji.php\/v9\/t87\/1\/16\/1f340.png\" alt=\"\ud83c\udf40\" width=\"16\" height=\"16\" \/>\u00a0\u0110\u01a1n v\u1ecb t\u00ednh: M\u00e9t vu\u00f4ng<\/span><\/p>\n<p><span style=\"font-family: 'times new roman', times, serif; font-size: 130%;\"><img loading=\"lazy\" decoding=\"async\" src=\"https:\/\/static.xx.fbcdn.net\/images\/emoji.php\/v9\/t87\/1\/16\/1f340.png\" alt=\"\ud83c\udf40\" width=\"16\" height=\"16\" \/>\u00a0K\u00edch th\u01b0\u1edbc: d\u00e0i &amp; r\u1ed9ng \u21d2 91 x 15 cm<\/span><br \/>\n<span style=\"font-family: 'times new roman', times, serif; font-size: 130%;\">\u00a0 \u00a0 \u00a0 \u00a0 \u00a0 \u00a0 \u00a0 \u00a0 \u00a0 \u00a0 \u00a0 \u00a0 \u00a0 \u00a0 \u00a0\u0110\u1ed9 d\u00e0y\u00a0 \u21d2 0,2 cm<\/span><\/p>\n<p><span style=\"font-family: 'times new roman', times, serif; font-size: 130%;\"><img loading=\"lazy\" decoding=\"async\" src=\"https:\/\/static.xx.fbcdn.net\/images\/emoji.php\/v9\/t87\/1\/16\/1f340.png\" alt=\"\ud83c\udf40\" width=\"16\" height=\"16\" \/> \u0110\u01a1n gi\u00e1:\u00a0<span style=\"color: #ff0000;\"><strong>95.000\u0111\/m2<\/strong><\/span><\/span><\/p>\n<p><span style=\"font-family: 'times new roman', times, serif; font-size: 130%;\"><img loading=\"lazy\" decoding=\"async\" src=\"https:\/\/static.xx.fbcdn.net\/images\/emoji.php\/v9\/t87\/1\/16\/1f340.png\" alt=\"\ud83c\udf40\" width=\"16\" height=\"16\" \/>\u00a0Nh\u1eadn thi c\u00f4ng tr\u1ecdn g\u00f3i\u00a0<span style=\"color: #ff0000;\"><strong>135.000\/m2<\/strong><\/span><\/span><\/p>\n<p><span style=\"font-family: 'times new roman', times, serif; font-size: 130%;\"><img loading=\"lazy\" decoding=\"async\" class=\"\" src=\"https:\/\/static.xx.fbcdn.net\/images\/emoji.php\/v9\/t87\/1\/16\/1f340.png\" alt=\"\ud83c\udf40\" width=\"16\" height=\"16\" \/>\u00a0Keo d\u00e1n:<strong>\u00a0<span style=\"color: #ff0000;\">800.000\u0111\/ th\u00f9ng 10kg<\/span>\u00a0\u21d4\u00a0<\/strong>1kg = 5m2<\/span><\/p>\n<p><span style=\"font-family: 'times new roman', times, serif; font-size: 130%;\"><img loading=\"lazy\" decoding=\"async\" src=\"https:\/\/static.xx.fbcdn.net\/images\/emoji.php\/v9\/t87\/1\/16\/1f340.png\" alt=\"\ud83c\udf40\" width=\"16\" height=\"16\" \/>\u00a0S\u1ea3n ph\u1ea9m c\u00f4ng ngh\u1ec7 H\u00e0n Qu\u1ed1c<\/span><\/p>\n<p><span style=\"font-family: 'times new roman', times, serif; font-size: 130%;\"><img loading=\"lazy\" decoding=\"async\" src=\"https:\/\/static.xx.fbcdn.net\/images\/emoji.php\/v9\/t87\/1\/16\/1f340.png\" alt=\"\ud83c\udf40\" width=\"16\" height=\"16\" \/>\u00a0H\u1ed9p 36 t\u1ea5m t\u01b0\u01a1ng \u0111\u01b0\u01a1ng ph\u1ee7 v\u1edbi di\u1ec7n t\u00edch 5 m2\u00a0<\/span><\/p>\n<p><span style=\"font-family: 'times new roman', times, serif; font-size: 130%;\"><img loading=\"lazy\" decoding=\"async\" src=\"https:\/\/static.xx.fbcdn.net\/images\/emoji.php\/v9\/t87\/1\/16\/1f340.png\" alt=\"\ud83c\udf40\" width=\"16\" height=\"16\" \/> Gi\u00e1 tr\u00ean \u00e1p d\u1ee5ng cho \u0111\u01a1n h\u00e0ng t\u1eeb 30m2 tr\u1edf l\u00ean, d\u01b0\u1edbi 30m2 t\u00ednh th\u00eam ph\u00ed ship t\u00f9y thu\u1ed9c v\u00e0o v\u1ecb tr\u00ed xa hay g\u1ea7n<\/span><\/p>\n<p>&nbsp;<\/p>\n","protected":false},"featured_media":4721,"comment_status":"closed","ping_status":"closed","template":"","meta":[],"product_cat":[137,135],"product_tag":[794],"class_list":{"0":"post-2313","1":"product","2":"type-product","3":"status-publish","4":"has-post-thumbnail","6":"product_cat-san-nhua-dan-keo","7":"product_cat-san-nhua-van-gia-go","8":"product_tag-gia-dai-ly-san-nhua-dan-keo-van-gia-go-tai-hue","10":"first","11":"instock","12":"sale","13":"shipping-taxable","14":"purchasable","15":"product-type-simple"},"yoast_head":"<!-- This site is optimized with the Yoast SEO Premium plugin v22.3 (Yoast SEO v24.0) - https:\/\/yoast.com\/wordpress\/plugins\/seo\/ -->\n<title>S\u00e0n Nh\u1ef1a D\u00e1n Keo \u2013 M206 - V\u1eadt Li\u1ec7u X\u00e2y D\u1ef1ng Tr\u1ea7n Th\u1ecb Chi Nh\u00e1nh Qu\u1ea3ng Tr\u1ecb<\/title>\n<meta name=\"robots\" content=\"index, follow, max-snippet:-1, max-image-preview:large, max-video-preview:-1\" \/>\n<link rel=\"canonical\" href=\"https:\/\/tranthi.vn\/quang-tri\/san-nhua-dan-keo-m206-gia-tot-tai-dong-ha-quang-tri\/\" \/>\n<meta property=\"og:locale\" content=\"vi_VN\" \/>\n<meta property=\"og:type\" content=\"article\" \/>\n<meta property=\"og:title\" content=\"S\u00e0n Nh\u1ef1a D\u00e1n Keo \u2013 M206\" \/>\n<meta property=\"og:description\" content=\"\u00a0Giao h\u00e0ng trong \u0111\u1ecba b\u00e0n Hu\u1ebf  \u00a0\u0110\u01a1n v\u1ecb t\u00ednh: M\u00e9t vu\u00f4ng  \u00a0K\u00edch th\u01b0\u1edbc: d\u00e0i &amp; r\u1ed9ng \u21d2 91 x 15 cm \u00a0 \u00a0 \u00a0 \u00a0 \u00a0 \u00a0 \u00a0 \u00a0 \u00a0 \u00a0 \u00a0 \u00a0 \u00a0 \u00a0 \u00a0\u0110\u1ed9 d\u00e0y\u00a0 \u21d2 0,2 cm   \u0110\u01a1n gi\u00e1:\u00a095.000\u0111\/m2  \u00a0Nh\u1eadn thi c\u00f4ng tr\u1ecdn g\u00f3i\u00a0135.000\/m2  \u00a0Keo d\u00e1n:\u00a0800.000\u0111\/ th\u00f9ng 10kg\u00a0\u21d4\u00a01kg = 5m2  \u00a0S\u1ea3n ph\u1ea9m c\u00f4ng ngh\u1ec7 H\u00e0n Qu\u1ed1c  \u00a0H\u1ed9p 36 t\u1ea5m t\u01b0\u01a1ng \u0111\u01b0\u01a1ng ph\u1ee7 v\u1edbi di\u1ec7n t\u00edch 5 m2\u00a0   Gi\u00e1 tr\u00ean \u00e1p d\u1ee5ng cho \u0111\u01a1n h\u00e0ng t\u1eeb 30m2 tr\u1edf l\u00ean, d\u01b0\u1edbi 30m2 t\u00ednh th\u00eam ph\u00ed ship t\u00f9y thu\u1ed9c v\u00e0o v\u1ecb tr\u00ed xa hay g\u1ea7n  &nbsp;\" \/>\n<meta property=\"og:url\" content=\"https:\/\/tranthi.vn\/quang-tri\/san-nhua-dan-keo-m206-gia-tot-tai-dong-ha-quang-tri\/\" \/>\n<meta property=\"og:site_name\" content=\"V\u1eadt Li\u1ec7u X\u00e2y D\u1ef1ng Tr\u1ea7n Th\u1ecb Chi Nh\u00e1nh Qu\u1ea3ng Tr\u1ecb\" \/>\n<meta property=\"article:modified_time\" content=\"2022-07-19T04:09:24+00:00\" \/>\n<meta property=\"og:image\" content=\"https:\/\/tranthi.vn\/quang-tri\/wp-content\/uploads\/2021\/03\/gia-dai-ly-san-nhua-dan-keo-van-gia-go-tai-Hue.jpg\" \/>\n\t<meta property=\"og:image:width\" content=\"300\" \/>\n\t<meta property=\"og:image:height\" content=\"400\" \/>\n\t<meta property=\"og:image:type\" content=\"image\/jpeg\" \/>\n<meta name=\"twitter:card\" content=\"summary_large_image\" \/>\n<meta name=\"twitter:label1\" content=\"Gi\u00e1\" \/>\n\t<meta name=\"twitter:data1\" content=\"95,000&nbsp;&#8363;\" \/>\n\t<meta name=\"twitter:label2\" content=\"Kh\u1ea3 d\u1ee5ng\" \/>\n\t<meta name=\"twitter:data2\" content=\"Trong kho\" \/>\n<script type=\"application\/ld+json\" class=\"yoast-schema-graph\">{\"@context\":\"https:\/\/schema.org\",\"@graph\":[{\"@type\":\"WebPage\",\"@id\":\"https:\/\/tranthi.vn\/quang-tri\/san-nhua-dan-keo-m206-gia-tot-tai-dong-ha-quang-tri\/\",\"url\":\"https:\/\/tranthi.vn\/quang-tri\/san-nhua-dan-keo-m206-gia-tot-tai-dong-ha-quang-tri\/\",\"name\":\"S\u00e0n Nh\u1ef1a D\u00e1n Keo \u2013 M206 - V\u1eadt Li\u1ec7u X\u00e2y D\u1ef1ng Tr\u1ea7n Th\u1ecb Chi Nh\u00e1nh Qu\u1ea3ng Tr\u1ecb\",\"isPartOf\":{\"@id\":\"https:\/\/tranthi.vn\/quang-tri\/#website\"},\"primaryImageOfPage\":{\"@id\":\"https:\/\/tranthi.vn\/quang-tri\/san-nhua-dan-keo-m206-gia-tot-tai-dong-ha-quang-tri\/#primaryimage\"},\"image\":{\"@id\":\"https:\/\/tranthi.vn\/quang-tri\/san-nhua-dan-keo-m206-gia-tot-tai-dong-ha-quang-tri\/#primaryimage\"},\"thumbnailUrl\":\"https:\/\/tranthi.vn\/quang-tri\/wp-content\/uploads\/2021\/03\/gia-dai-ly-san-nhua-dan-keo-van-gia-go-tai-Hue.jpg\",\"datePublished\":\"2021-03-01T08:47:16+00:00\",\"dateModified\":\"2022-07-19T04:09:24+00:00\",\"breadcrumb\":{\"@id\":\"https:\/\/tranthi.vn\/quang-tri\/san-nhua-dan-keo-m206-gia-tot-tai-dong-ha-quang-tri\/#breadcrumb\"},\"inLanguage\":\"vi\",\"potentialAction\":[{\"@type\":\"ReadAction\",\"target\":[\"https:\/\/tranthi.vn\/quang-tri\/san-nhua-dan-keo-m206-gia-tot-tai-dong-ha-quang-tri\/\"]}]},{\"@type\":\"ImageObject\",\"inLanguage\":\"vi\",\"@id\":\"https:\/\/tranthi.vn\/quang-tri\/san-nhua-dan-keo-m206-gia-tot-tai-dong-ha-quang-tri\/#primaryimage\",\"url\":\"https:\/\/tranthi.vn\/quang-tri\/wp-content\/uploads\/2021\/03\/gia-dai-ly-san-nhua-dan-keo-van-gia-go-tai-Hue.jpg\",\"contentUrl\":\"https:\/\/tranthi.vn\/quang-tri\/wp-content\/uploads\/2021\/03\/gia-dai-ly-san-nhua-dan-keo-van-gia-go-tai-Hue.jpg\",\"width\":300,\"height\":400,\"caption\":\"gi\u00e1 \u0111\u1ea1i l\u00fd s\u00e0n nh\u1ef1a d\u00e1n keo v\u00e2n gi\u1ea3 g\u1ed7 t\u1ea1i Hu\u1ebf\"},{\"@type\":\"BreadcrumbList\",\"@id\":\"https:\/\/tranthi.vn\/quang-tri\/san-nhua-dan-keo-m206-gia-tot-tai-dong-ha-quang-tri\/#breadcrumb\",\"itemListElement\":[{\"@type\":\"ListItem\",\"position\":1,\"name\":\"Trang Ch\u1ee7\",\"item\":\"https:\/\/tranthi.vn\/quang-tri\/\"},{\"@type\":\"ListItem\",\"position\":2,\"name\":\"Shop\",\"item\":\"https:\/\/tranthi.vn\/quang-tri\/shop\/\"},{\"@type\":\"ListItem\",\"position\":3,\"name\":\"S\u00e0n Nh\u1ef1a D\u00e1n Keo \u2013 M206\"}]},{\"@type\":\"WebSite\",\"@id\":\"https:\/\/tranthi.vn\/quang-tri\/#website\",\"url\":\"https:\/\/tranthi.vn\/quang-tri\/\",\"name\":\"VLXD Tr\u1ea7n Th\u1ecb\",\"description\":\"V\u1eadt Li\u1ec7u X\u00e2y D\u1ef1ng - Qu\u1ea3ng Tr\u1ecb\",\"publisher\":{\"@id\":\"https:\/\/tranthi.vn\/quang-tri\/#organization\"},\"potentialAction\":[{\"@type\":\"SearchAction\",\"target\":{\"@type\":\"EntryPoint\",\"urlTemplate\":\"https:\/\/tranthi.vn\/quang-tri\/?s={search_term_string}\"},\"query-input\":{\"@type\":\"PropertyValueSpecification\",\"valueRequired\":true,\"valueName\":\"search_term_string\"}}],\"inLanguage\":\"vi\"},{\"@type\":[\"Organization\",\"Place\"],\"@id\":\"https:\/\/tranthi.vn\/quang-tri\/#organization\",\"name\":\"VLXD Tr\u1ea7n Th\u1ecb\",\"url\":\"https:\/\/tranthi.vn\/quang-tri\/\",\"logo\":{\"@id\":\"https:\/\/tranthi.vn\/quang-tri\/san-nhua-dan-keo-m206-gia-tot-tai-dong-ha-quang-tri\/#local-main-organization-logo\"},\"image\":{\"@id\":\"https:\/\/tranthi.vn\/quang-tri\/san-nhua-dan-keo-m206-gia-tot-tai-dong-ha-quang-tri\/#local-main-organization-logo\"},\"telephone\":[],\"openingHoursSpecification\":[{\"@type\":\"OpeningHoursSpecification\",\"dayOfWeek\":[\"Monday\",\"Tuesday\",\"Wednesday\",\"Thursday\",\"Friday\",\"Saturday\",\"Sunday\"],\"opens\":\"09:00\",\"closes\":\"17:00\"}]},{\"@type\":\"ImageObject\",\"inLanguage\":\"vi\",\"@id\":\"https:\/\/tranthi.vn\/quang-tri\/san-nhua-dan-keo-m206-gia-tot-tai-dong-ha-quang-tri\/#local-main-organization-logo\",\"url\":\"https:\/\/tranthi.vn\/quang-tri\/wp-content\/uploads\/2021\/02\/logo-tranthi1.jpg\",\"contentUrl\":\"https:\/\/tranthi.vn\/quang-tri\/wp-content\/uploads\/2021\/02\/logo-tranthi1.jpg\",\"width\":800,\"height\":319,\"caption\":\"VLXD Tr\u1ea7n Th\u1ecb\"}]}<\/script>\n<meta property=\"product:price:amount\" content=\"95000\" \/>\n<meta property=\"product:price:currency\" content=\"VND\" \/>\n<meta property=\"og:availability\" content=\"instock\" \/>\n<meta property=\"product:availability\" content=\"instock\" \/>\n<meta property=\"product:condition\" content=\"new\" \/>\n<!-- \/ Yoast SEO Premium plugin. -->","yoast_head_json":{"title":"S\u00e0n Nh\u1ef1a D\u00e1n Keo \u2013 M206 - V\u1eadt Li\u1ec7u X\u00e2y D\u1ef1ng Tr\u1ea7n Th\u1ecb Chi Nh\u00e1nh Qu\u1ea3ng Tr\u1ecb","robots":{"index":"index","follow":"follow","max-snippet":"max-snippet:-1","max-image-preview":"max-image-preview:large","max-video-preview":"max-video-preview:-1"},"canonical":"https:\/\/tranthi.vn\/quang-tri\/san-nhua-dan-keo-m206-gia-tot-tai-dong-ha-quang-tri\/","og_locale":"vi_VN","og_type":"article","og_title":"S\u00e0n Nh\u1ef1a D\u00e1n Keo \u2013 M206","og_description":"\u00a0Giao h\u00e0ng trong \u0111\u1ecba b\u00e0n Hu\u1ebf  \u00a0\u0110\u01a1n v\u1ecb t\u00ednh: M\u00e9t vu\u00f4ng  \u00a0K\u00edch th\u01b0\u1edbc: d\u00e0i &amp; r\u1ed9ng \u21d2 91 x 15 cm \u00a0 \u00a0 \u00a0 \u00a0 \u00a0 \u00a0 \u00a0 \u00a0 \u00a0 \u00a0 \u00a0 \u00a0 \u00a0 \u00a0 \u00a0\u0110\u1ed9 d\u00e0y\u00a0 \u21d2 0,2 cm   \u0110\u01a1n gi\u00e1:\u00a095.000\u0111\/m2  \u00a0Nh\u1eadn thi c\u00f4ng tr\u1ecdn g\u00f3i\u00a0135.000\/m2  \u00a0Keo d\u00e1n:\u00a0800.000\u0111\/ th\u00f9ng 10kg\u00a0\u21d4\u00a01kg = 5m2  \u00a0S\u1ea3n ph\u1ea9m c\u00f4ng ngh\u1ec7 H\u00e0n Qu\u1ed1c  \u00a0H\u1ed9p 36 t\u1ea5m t\u01b0\u01a1ng \u0111\u01b0\u01a1ng ph\u1ee7 v\u1edbi di\u1ec7n t\u00edch 5 m2\u00a0   Gi\u00e1 tr\u00ean \u00e1p d\u1ee5ng cho \u0111\u01a1n h\u00e0ng t\u1eeb 30m2 tr\u1edf l\u00ean, d\u01b0\u1edbi 30m2 t\u00ednh th\u00eam ph\u00ed ship t\u00f9y thu\u1ed9c v\u00e0o v\u1ecb tr\u00ed xa hay g\u1ea7n  &nbsp;","og_url":"https:\/\/tranthi.vn\/quang-tri\/san-nhua-dan-keo-m206-gia-tot-tai-dong-ha-quang-tri\/","og_site_name":"V\u1eadt Li\u1ec7u X\u00e2y D\u1ef1ng Tr\u1ea7n Th\u1ecb Chi Nh\u00e1nh Qu\u1ea3ng Tr\u1ecb","article_modified_time":"2022-07-19T04:09:24+00:00","og_image":[{"width":300,"height":400,"url":"https:\/\/tranthi.vn\/quang-tri\/wp-content\/uploads\/2021\/03\/gia-dai-ly-san-nhua-dan-keo-van-gia-go-tai-Hue.jpg","type":"image\/jpeg"}],"twitter_card":"summary_large_image","twitter_misc":{"Gi\u00e1":"95,000&nbsp;&#8363;","Kh\u1ea3 d\u1ee5ng":"Trong kho"},"schema":{"@context":"https:\/\/schema.org","@graph":[{"@type":"WebPage","@id":"https:\/\/tranthi.vn\/quang-tri\/san-nhua-dan-keo-m206-gia-tot-tai-dong-ha-quang-tri\/","url":"https:\/\/tranthi.vn\/quang-tri\/san-nhua-dan-keo-m206-gia-tot-tai-dong-ha-quang-tri\/","name":"S\u00e0n Nh\u1ef1a D\u00e1n Keo \u2013 M206 - V\u1eadt Li\u1ec7u X\u00e2y D\u1ef1ng Tr\u1ea7n Th\u1ecb Chi Nh\u00e1nh Qu\u1ea3ng Tr\u1ecb","isPartOf":{"@id":"https:\/\/tranthi.vn\/quang-tri\/#website"},"primaryImageOfPage":{"@id":"https:\/\/tranthi.vn\/quang-tri\/san-nhua-dan-keo-m206-gia-tot-tai-dong-ha-quang-tri\/#primaryimage"},"image":{"@id":"https:\/\/tranthi.vn\/quang-tri\/san-nhua-dan-keo-m206-gia-tot-tai-dong-ha-quang-tri\/#primaryimage"},"thumbnailUrl":"https:\/\/tranthi.vn\/quang-tri\/wp-content\/uploads\/2021\/03\/gia-dai-ly-san-nhua-dan-keo-van-gia-go-tai-Hue.jpg","datePublished":"2021-03-01T08:47:16+00:00","dateModified":"2022-07-19T04:09:24+00:00","breadcrumb":{"@id":"https:\/\/tranthi.vn\/quang-tri\/san-nhua-dan-keo-m206-gia-tot-tai-dong-ha-quang-tri\/#breadcrumb"},"inLanguage":"vi","potentialAction":[{"@type":"ReadAction","target":["https:\/\/tranthi.vn\/quang-tri\/san-nhua-dan-keo-m206-gia-tot-tai-dong-ha-quang-tri\/"]}]},{"@type":"ImageObject","inLanguage":"vi","@id":"https:\/\/tranthi.vn\/quang-tri\/san-nhua-dan-keo-m206-gia-tot-tai-dong-ha-quang-tri\/#primaryimage","url":"https:\/\/tranthi.vn\/quang-tri\/wp-content\/uploads\/2021\/03\/gia-dai-ly-san-nhua-dan-keo-van-gia-go-tai-Hue.jpg","contentUrl":"https:\/\/tranthi.vn\/quang-tri\/wp-content\/uploads\/2021\/03\/gia-dai-ly-san-nhua-dan-keo-van-gia-go-tai-Hue.jpg","width":300,"height":400,"caption":"gi\u00e1 \u0111\u1ea1i l\u00fd s\u00e0n nh\u1ef1a d\u00e1n keo v\u00e2n gi\u1ea3 g\u1ed7 t\u1ea1i Hu\u1ebf"},{"@type":"BreadcrumbList","@id":"https:\/\/tranthi.vn\/quang-tri\/san-nhua-dan-keo-m206-gia-tot-tai-dong-ha-quang-tri\/#breadcrumb","itemListElement":[{"@type":"ListItem","position":1,"name":"Trang Ch\u1ee7","item":"https:\/\/tranthi.vn\/quang-tri\/"},{"@type":"ListItem","position":2,"name":"Shop","item":"https:\/\/tranthi.vn\/quang-tri\/shop\/"},{"@type":"ListItem","position":3,"name":"S\u00e0n Nh\u1ef1a D\u00e1n Keo \u2013 M206"}]},{"@type":"WebSite","@id":"https:\/\/tranthi.vn\/quang-tri\/#website","url":"https:\/\/tranthi.vn\/quang-tri\/","name":"VLXD Tr\u1ea7n Th\u1ecb","description":"V\u1eadt Li\u1ec7u X\u00e2y D\u1ef1ng - Qu\u1ea3ng Tr\u1ecb","publisher":{"@id":"https:\/\/tranthi.vn\/quang-tri\/#organization"},"potentialAction":[{"@type":"SearchAction","target":{"@type":"EntryPoint","urlTemplate":"https:\/\/tranthi.vn\/quang-tri\/?s={search_term_string}"},"query-input":{"@type":"PropertyValueSpecification","valueRequired":true,"valueName":"search_term_string"}}],"inLanguage":"vi"},{"@type":["Organization","Place"],"@id":"https:\/\/tranthi.vn\/quang-tri\/#organization","name":"VLXD Tr\u1ea7n Th\u1ecb","url":"https:\/\/tranthi.vn\/quang-tri\/","logo":{"@id":"https:\/\/tranthi.vn\/quang-tri\/san-nhua-dan-keo-m206-gia-tot-tai-dong-ha-quang-tri\/#local-main-organization-logo"},"image":{"@id":"https:\/\/tranthi.vn\/quang-tri\/san-nhua-dan-keo-m206-gia-tot-tai-dong-ha-quang-tri\/#local-main-organization-logo"},"telephone":[],"openingHoursSpecification":[{"@type":"OpeningHoursSpecification","dayOfWeek":["Monday","Tuesday","Wednesday","Thursday","Friday","Saturday","Sunday"],"opens":"09:00","closes":"17:00"}]},{"@type":"ImageObject","inLanguage":"vi","@id":"https:\/\/tranthi.vn\/quang-tri\/san-nhua-dan-keo-m206-gia-tot-tai-dong-ha-quang-tri\/#local-main-organization-logo","url":"https:\/\/tranthi.vn\/quang-tri\/wp-content\/uploads\/2021\/02\/logo-tranthi1.jpg","contentUrl":"https:\/\/tranthi.vn\/quang-tri\/wp-content\/uploads\/2021\/02\/logo-tranthi1.jpg","width":800,"height":319,"caption":"VLXD Tr\u1ea7n Th\u1ecb"}]},"product_price_amount":"95000","product_price_currency":"VND","og_availability":"instock","product_availability":"instock","product_condition":"new"},"_links":{"self":[{"href":"https:\/\/tranthi.vn\/quang-tri\/wp-json\/wp\/v2\/product\/2313","targetHints":{"allow":["GET"]}}],"collection":[{"href":"https:\/\/tranthi.vn\/quang-tri\/wp-json\/wp\/v2\/product"}],"about":[{"href":"https:\/\/tranthi.vn\/quang-tri\/wp-json\/wp\/v2\/types\/product"}],"replies":[{"embeddable":true,"href":"https:\/\/tranthi.vn\/quang-tri\/wp-json\/wp\/v2\/comments?post=2313"}],"wp:featuredmedia":[{"embeddable":true,"href":"https:\/\/tranthi.vn\/quang-tri\/wp-json\/wp\/v2\/media\/4721"}],"wp:attachment":[{"href":"https:\/\/tranthi.vn\/quang-tri\/wp-json\/wp\/v2\/media?parent=2313"}],"wp:term":[{"taxonomy":"product_cat","embeddable":true,"href":"https:\/\/tranthi.vn\/quang-tri\/wp-json\/wp\/v2\/product_cat?post=2313"},{"taxonomy":"product_tag","embeddable":true,"href":"https:\/\/tranthi.vn\/quang-tri\/wp-json\/wp\/v2\/product_tag?post=2313"}],"curies":[{"name":"wp","href":"https:\/\/api.w.org\/{rel}","templated":true}]}}