{"id":2107,"date":"2021-02-21T12:28:08","date_gmt":"2021-02-21T05:28:08","guid":{"rendered":"http:\/\/new-tranthi.test\/import-placeholder-for-5583\/"},"modified":"2022-03-02T09:46:47","modified_gmt":"2022-03-02T02:46:47","slug":"tu-nhua-dai-loan-dl33","status":"publish","type":"product","link":"https:\/\/tranthi.vn\/quang-tri\/tu-nhua-dai-loan-dl33\/","title":{"rendered":"T\u1ee7 Nh\u1ef1a \u0110\u00e0i Loan DL33"},"content":{"rendered":"","protected":false},"excerpt":{"rendered":"<p><span style=\"font-family: 'times new roman', times, serif; font-size: 14pt; color: #000000;\"><img decoding=\"async\" class=\"emoji\" draggable=\"false\" src=\"https:\/\/s.w.org\/images\/core\/emoji\/12.0.0-1\/svg\/1f606.svg\" alt=\"\ud83d\ude06\" \/> K\u00edch th\u01b0\u1edbc t\u1ee7: Cao 125 r\u1ed9ng 106 s\u00e2u 45 (cm)<\/span><\/p>\n<p><span style=\"font-family: 'times new roman', times, serif; font-size: 14pt; color: #000000;\"><img decoding=\"async\" class=\"emoji\" draggable=\"false\" src=\"https:\/\/s.w.org\/images\/core\/emoji\/12.0.0-1\/svg\/1f606.svg\" alt=\"\ud83d\ude06\" \/>\u00a0M\u00e0u s\u1eafc: Tr\u1eafng, D\u01b0\u01a1ng, H\u1ed3ng, T\u00edm, L\u00e1\u2026 t\u00f9y ch\u1ecdn theo y\u00eau c\u1ea7u kh\u00e1ch h\u00e0ng<\/span><\/p>\n<p><span style=\"font-family: 'times new roman', times, serif; font-size: 14pt; color: #000000;\"><img decoding=\"async\" class=\"emoji\" draggable=\"false\" src=\"https:\/\/s.w.org\/images\/core\/emoji\/12.0.0-1\/svg\/1f606.svg\" alt=\"\ud83d\ude06\" \/> T\u1ee7 nh\u1ef1a \u0111\u00e0i loan DL33:<span style=\"color: #ff0000;\"><strong> 1.420.000 \u0111<\/strong><\/span><\/span><\/p>\n<p><span style=\"font-family: 'times new roman', times, serif; font-size: 14pt; color: #000000;\"><img decoding=\"async\" class=\"emoji\" draggable=\"false\" src=\"https:\/\/s.w.org\/images\/core\/emoji\/12.0.0-1\/svg\/1f606.svg\" alt=\"\ud83d\ude06\" \/> H\u00ecnh d\u00e1n: nh\u00e2n v\u1eadt ho\u1ea1t h\u00ecnh (Chu\u1ed9t micky, Doremon, B\u1ea1ch tuy\u1ebft, c\u00e1c con v\u1eadt ng\u1ed9 ngh\u0129nh&#8230;) t\u00f9y ch\u1ecdn theo \u00fd kh\u00e1ch h\u00e0ng<\/span><\/p>\n<p><span style=\"font-family: 'times new roman', times, serif; font-size: 14pt; color: #000000;\">Ngo\u00e0i ra Tr\u1ea7n Th\u1ecb c\u00f2n nh\u1eadn giao h\u00e0ng \u0111\u1ebfn c\u00e1c \u0111i\u1ec3m\u00a0<span style=\"color: #008000;\"><a style=\"color: #008000;\" href=\"https:\/\/vi.wikipedia.org\/wiki\/%C4%90%C3%B4ng_H%C3%A0\">\u0110\u00f4ng H\u00e0 Qu\u1ea3ng tr\u1ecb<\/a>,\u00a0<a style=\"color: #008000;\" href=\"https:\/\/vi.wikipedia.org\/wiki\/H%E1%BB%99i_An\">H\u1ed9i An<\/a>,\u00a0<a style=\"color: #008000;\" href=\"https:\/\/vi.wikipedia.org\/wiki\/Tam_K%E1%BB%B3\">Tam k\u1ef3 Qu\u1ea3ng Nam<\/a>,<a style=\"color: #008000;\" href=\"https:\/\/vi.wikipedia.org\/wiki\/Hu%E1%BA%BF\">\u00a0Hu\u1ebf<\/a>\u00a0,\u00a0<a style=\"color: #008000;\" href=\"https:\/\/vi.wikipedia.org\/wiki\/Qu%E1%BA%A3ng_Ng%C3%A3i\">Qu\u1ea3ng Ng\u00e3i<\/a>\u00a0<\/span>-Chi ph\u00ed v\u1eadn chuy\u1ec3n s\u1ebd t\u00ednh theo kho\u1ea3ng c\u00e1ch v\u00e0 s\u1ed1 l\u01b0\u1ee3ng h\u00e0ng h\u00f3a nh\u1eadp<\/span><\/p>\n","protected":false},"featured_media":2131,"comment_status":"open","ping_status":"closed","template":"","meta":[],"product_cat":[116,126],"product_tag":[],"class_list":{"0":"post-2107","1":"product","2":"type-product","3":"status-publish","4":"has-post-thumbnail","6":"product_cat-nhua-dai-loan","7":"product_cat-tu-quan-ao-tre-em","9":"first","10":"instock","11":"sale","12":"shipping-taxable","13":"purchasable","14":"product-type-simple"},"yoast_head":"<!-- This site is optimized with the Yoast SEO Premium plugin v22.3 (Yoast SEO v24.0) - https:\/\/yoast.com\/wordpress\/plugins\/seo\/ -->\n<title>T\u1ee7 Nh\u1ef1a \u0110\u00e0i Loan DL33 - V\u1eadt Li\u1ec7u X\u00e2y D\u1ef1ng Tr\u1ea7n Th\u1ecb Chi Nh\u00e1nh Qu\u1ea3ng Tr\u1ecb<\/title>\n<meta name=\"robots\" content=\"index, follow, max-snippet:-1, max-image-preview:large, max-video-preview:-1\" \/>\n<link rel=\"canonical\" href=\"https:\/\/tranthi.vn\/quang-tri\/tu-nhua-dai-loan-dl33\/\" \/>\n<meta property=\"og:locale\" content=\"vi_VN\" \/>\n<meta property=\"og:type\" content=\"article\" \/>\n<meta property=\"og:title\" content=\"T\u1ee7 Nh\u1ef1a \u0110\u00e0i Loan DL33\" \/>\n<meta property=\"og:description\" content=\"K\u00edch th\u01b0\u1edbc t\u1ee7: Cao 125 r\u1ed9ng 106 s\u00e2u 45 (cm)  \u00a0M\u00e0u s\u1eafc: Tr\u1eafng, D\u01b0\u01a1ng, H\u1ed3ng, T\u00edm, L\u00e1\u2026 t\u00f9y ch\u1ecdn theo y\u00eau c\u1ea7u kh\u00e1ch h\u00e0ng   T\u1ee7 nh\u1ef1a \u0111\u00e0i loan DL33: 1.420.000 \u0111   H\u00ecnh d\u00e1n: nh\u00e2n v\u1eadt ho\u1ea1t h\u00ecnh (Chu\u1ed9t micky, Doremon, B\u1ea1ch tuy\u1ebft, c\u00e1c con v\u1eadt ng\u1ed9 ngh\u0129nh...) t\u00f9y ch\u1ecdn theo \u00fd kh\u00e1ch h\u00e0ng  Ngo\u00e0i ra Tr\u1ea7n Th\u1ecb c\u00f2n nh\u1eadn giao h\u00e0ng \u0111\u1ebfn c\u00e1c \u0111i\u1ec3m\u00a0\u0110\u00f4ng H\u00e0 Qu\u1ea3ng tr\u1ecb,\u00a0H\u1ed9i An,\u00a0Tam k\u1ef3 Qu\u1ea3ng Nam,\u00a0Hu\u1ebf\u00a0,\u00a0Qu\u1ea3ng Ng\u00e3i\u00a0-Chi ph\u00ed v\u1eadn chuy\u1ec3n s\u1ebd t\u00ednh theo kho\u1ea3ng c\u00e1ch v\u00e0 s\u1ed1 l\u01b0\u1ee3ng h\u00e0ng h\u00f3a nh\u1eadp\" \/>\n<meta property=\"og:url\" content=\"https:\/\/tranthi.vn\/quang-tri\/tu-nhua-dai-loan-dl33\/\" \/>\n<meta property=\"og:site_name\" content=\"V\u1eadt Li\u1ec7u X\u00e2y D\u1ef1ng Tr\u1ea7n Th\u1ecb Chi Nh\u00e1nh Qu\u1ea3ng Tr\u1ecb\" \/>\n<meta property=\"article:modified_time\" content=\"2022-03-02T02:46:47+00:00\" \/>\n<meta property=\"og:image\" content=\"https:\/\/tranthi.vn\/quang-tri\/wp-content\/uploads\/2021\/02\/img201704290648TA12.jpg\" \/>\n\t<meta property=\"og:image:width\" content=\"542\" \/>\n\t<meta property=\"og:image:height\" content=\"544\" \/>\n\t<meta property=\"og:image:type\" content=\"image\/jpeg\" \/>\n<meta name=\"twitter:card\" content=\"summary_large_image\" \/>\n<meta name=\"twitter:label1\" content=\"Gi\u00e1\" \/>\n\t<meta name=\"twitter:data1\" content=\"1,620,000&nbsp;&#8363;\" \/>\n\t<meta name=\"twitter:label2\" content=\"Kh\u1ea3 d\u1ee5ng\" \/>\n\t<meta name=\"twitter:data2\" content=\"Trong kho\" \/>\n<script type=\"application\/ld+json\" class=\"yoast-schema-graph\">{\"@context\":\"https:\/\/schema.org\",\"@graph\":[{\"@type\":\"WebPage\",\"@id\":\"https:\/\/tranthi.vn\/quang-tri\/tu-nhua-dai-loan-dl33\/\",\"url\":\"https:\/\/tranthi.vn\/quang-tri\/tu-nhua-dai-loan-dl33\/\",\"name\":\"T\u1ee7 Nh\u1ef1a \u0110\u00e0i Loan DL33 - V\u1eadt Li\u1ec7u X\u00e2y D\u1ef1ng Tr\u1ea7n Th\u1ecb Chi Nh\u00e1nh Qu\u1ea3ng Tr\u1ecb\",\"isPartOf\":{\"@id\":\"https:\/\/tranthi.vn\/quang-tri\/#website\"},\"primaryImageOfPage\":{\"@id\":\"https:\/\/tranthi.vn\/quang-tri\/tu-nhua-dai-loan-dl33\/#primaryimage\"},\"image\":{\"@id\":\"https:\/\/tranthi.vn\/quang-tri\/tu-nhua-dai-loan-dl33\/#primaryimage\"},\"thumbnailUrl\":\"https:\/\/tranthi.vn\/quang-tri\/wp-content\/uploads\/2021\/02\/img201704290648TA12.jpg\",\"datePublished\":\"2021-02-21T05:28:08+00:00\",\"dateModified\":\"2022-03-02T02:46:47+00:00\",\"breadcrumb\":{\"@id\":\"https:\/\/tranthi.vn\/quang-tri\/tu-nhua-dai-loan-dl33\/#breadcrumb\"},\"inLanguage\":\"vi\",\"potentialAction\":[{\"@type\":\"ReadAction\",\"target\":[\"https:\/\/tranthi.vn\/quang-tri\/tu-nhua-dai-loan-dl33\/\"]}]},{\"@type\":\"ImageObject\",\"inLanguage\":\"vi\",\"@id\":\"https:\/\/tranthi.vn\/quang-tri\/tu-nhua-dai-loan-dl33\/#primaryimage\",\"url\":\"https:\/\/tranthi.vn\/quang-tri\/wp-content\/uploads\/2021\/02\/img201704290648TA12.jpg\",\"contentUrl\":\"https:\/\/tranthi.vn\/quang-tri\/wp-content\/uploads\/2021\/02\/img201704290648TA12.jpg\",\"width\":542,\"height\":544},{\"@type\":\"BreadcrumbList\",\"@id\":\"https:\/\/tranthi.vn\/quang-tri\/tu-nhua-dai-loan-dl33\/#breadcrumb\",\"itemListElement\":[{\"@type\":\"ListItem\",\"position\":1,\"name\":\"Trang Ch\u1ee7\",\"item\":\"https:\/\/tranthi.vn\/quang-tri\/\"},{\"@type\":\"ListItem\",\"position\":2,\"name\":\"Shop\",\"item\":\"https:\/\/tranthi.vn\/quang-tri\/shop\/\"},{\"@type\":\"ListItem\",\"position\":3,\"name\":\"T\u1ee7 Nh\u1ef1a \u0110\u00e0i Loan DL33\"}]},{\"@type\":\"WebSite\",\"@id\":\"https:\/\/tranthi.vn\/quang-tri\/#website\",\"url\":\"https:\/\/tranthi.vn\/quang-tri\/\",\"name\":\"VLXD Tr\u1ea7n Th\u1ecb\",\"description\":\"V\u1eadt Li\u1ec7u X\u00e2y D\u1ef1ng - Qu\u1ea3ng Tr\u1ecb\",\"publisher\":{\"@id\":\"https:\/\/tranthi.vn\/quang-tri\/#organization\"},\"potentialAction\":[{\"@type\":\"SearchAction\",\"target\":{\"@type\":\"EntryPoint\",\"urlTemplate\":\"https:\/\/tranthi.vn\/quang-tri\/?s={search_term_string}\"},\"query-input\":{\"@type\":\"PropertyValueSpecification\",\"valueRequired\":true,\"valueName\":\"search_term_string\"}}],\"inLanguage\":\"vi\"},{\"@type\":[\"Organization\",\"Place\"],\"@id\":\"https:\/\/tranthi.vn\/quang-tri\/#organization\",\"name\":\"VLXD Tr\u1ea7n Th\u1ecb\",\"url\":\"https:\/\/tranthi.vn\/quang-tri\/\",\"logo\":{\"@id\":\"https:\/\/tranthi.vn\/quang-tri\/tu-nhua-dai-loan-dl33\/#local-main-organization-logo\"},\"image\":{\"@id\":\"https:\/\/tranthi.vn\/quang-tri\/tu-nhua-dai-loan-dl33\/#local-main-organization-logo\"},\"telephone\":[],\"openingHoursSpecification\":[{\"@type\":\"OpeningHoursSpecification\",\"dayOfWeek\":[\"Monday\",\"Tuesday\",\"Wednesday\",\"Thursday\",\"Friday\",\"Saturday\",\"Sunday\"],\"opens\":\"09:00\",\"closes\":\"17:00\"}]},{\"@type\":\"ImageObject\",\"inLanguage\":\"vi\",\"@id\":\"https:\/\/tranthi.vn\/quang-tri\/tu-nhua-dai-loan-dl33\/#local-main-organization-logo\",\"url\":\"https:\/\/tranthi.vn\/quang-tri\/wp-content\/uploads\/2021\/02\/logo-tranthi1.jpg\",\"contentUrl\":\"https:\/\/tranthi.vn\/quang-tri\/wp-content\/uploads\/2021\/02\/logo-tranthi1.jpg\",\"width\":800,\"height\":319,\"caption\":\"VLXD Tr\u1ea7n Th\u1ecb\"}]}<\/script>\n<meta property=\"product:price:amount\" content=\"1620000\" \/>\n<meta property=\"product:price:currency\" content=\"VND\" \/>\n<meta property=\"og:availability\" content=\"instock\" \/>\n<meta property=\"product:availability\" content=\"instock\" \/>\n<meta property=\"product:condition\" content=\"new\" \/>\n<!-- \/ Yoast SEO Premium plugin. -->","yoast_head_json":{"title":"T\u1ee7 Nh\u1ef1a \u0110\u00e0i Loan DL33 - V\u1eadt Li\u1ec7u X\u00e2y D\u1ef1ng Tr\u1ea7n Th\u1ecb Chi Nh\u00e1nh Qu\u1ea3ng Tr\u1ecb","robots":{"index":"index","follow":"follow","max-snippet":"max-snippet:-1","max-image-preview":"max-image-preview:large","max-video-preview":"max-video-preview:-1"},"canonical":"https:\/\/tranthi.vn\/quang-tri\/tu-nhua-dai-loan-dl33\/","og_locale":"vi_VN","og_type":"article","og_title":"T\u1ee7 Nh\u1ef1a \u0110\u00e0i Loan DL33","og_description":"K\u00edch th\u01b0\u1edbc t\u1ee7: Cao 125 r\u1ed9ng 106 s\u00e2u 45 (cm)  \u00a0M\u00e0u s\u1eafc: Tr\u1eafng, D\u01b0\u01a1ng, H\u1ed3ng, T\u00edm, L\u00e1\u2026 t\u00f9y ch\u1ecdn theo y\u00eau c\u1ea7u kh\u00e1ch h\u00e0ng   T\u1ee7 nh\u1ef1a \u0111\u00e0i loan DL33: 1.420.000 \u0111   H\u00ecnh d\u00e1n: nh\u00e2n v\u1eadt ho\u1ea1t h\u00ecnh (Chu\u1ed9t micky, Doremon, B\u1ea1ch tuy\u1ebft, c\u00e1c con v\u1eadt ng\u1ed9 ngh\u0129nh...) t\u00f9y ch\u1ecdn theo \u00fd kh\u00e1ch h\u00e0ng  Ngo\u00e0i ra Tr\u1ea7n Th\u1ecb c\u00f2n nh\u1eadn giao h\u00e0ng \u0111\u1ebfn c\u00e1c \u0111i\u1ec3m\u00a0\u0110\u00f4ng H\u00e0 Qu\u1ea3ng tr\u1ecb,\u00a0H\u1ed9i An,\u00a0Tam k\u1ef3 Qu\u1ea3ng Nam,\u00a0Hu\u1ebf\u00a0,\u00a0Qu\u1ea3ng Ng\u00e3i\u00a0-Chi ph\u00ed v\u1eadn chuy\u1ec3n s\u1ebd t\u00ednh theo kho\u1ea3ng c\u00e1ch v\u00e0 s\u1ed1 l\u01b0\u1ee3ng h\u00e0ng h\u00f3a nh\u1eadp","og_url":"https:\/\/tranthi.vn\/quang-tri\/tu-nhua-dai-loan-dl33\/","og_site_name":"V\u1eadt Li\u1ec7u X\u00e2y D\u1ef1ng Tr\u1ea7n Th\u1ecb Chi Nh\u00e1nh Qu\u1ea3ng Tr\u1ecb","article_modified_time":"2022-03-02T02:46:47+00:00","og_image":[{"width":542,"height":544,"url":"https:\/\/tranthi.vn\/quang-tri\/wp-content\/uploads\/2021\/02\/img201704290648TA12.jpg","type":"image\/jpeg"}],"twitter_card":"summary_large_image","twitter_misc":{"Gi\u00e1":"1,620,000&nbsp;&#8363;","Kh\u1ea3 d\u1ee5ng":"Trong kho"},"schema":{"@context":"https:\/\/schema.org","@graph":[{"@type":"WebPage","@id":"https:\/\/tranthi.vn\/quang-tri\/tu-nhua-dai-loan-dl33\/","url":"https:\/\/tranthi.vn\/quang-tri\/tu-nhua-dai-loan-dl33\/","name":"T\u1ee7 Nh\u1ef1a \u0110\u00e0i Loan DL33 - V\u1eadt Li\u1ec7u X\u00e2y D\u1ef1ng Tr\u1ea7n Th\u1ecb Chi Nh\u00e1nh Qu\u1ea3ng Tr\u1ecb","isPartOf":{"@id":"https:\/\/tranthi.vn\/quang-tri\/#website"},"primaryImageOfPage":{"@id":"https:\/\/tranthi.vn\/quang-tri\/tu-nhua-dai-loan-dl33\/#primaryimage"},"image":{"@id":"https:\/\/tranthi.vn\/quang-tri\/tu-nhua-dai-loan-dl33\/#primaryimage"},"thumbnailUrl":"https:\/\/tranthi.vn\/quang-tri\/wp-content\/uploads\/2021\/02\/img201704290648TA12.jpg","datePublished":"2021-02-21T05:28:08+00:00","dateModified":"2022-03-02T02:46:47+00:00","breadcrumb":{"@id":"https:\/\/tranthi.vn\/quang-tri\/tu-nhua-dai-loan-dl33\/#breadcrumb"},"inLanguage":"vi","potentialAction":[{"@type":"ReadAction","target":["https:\/\/tranthi.vn\/quang-tri\/tu-nhua-dai-loan-dl33\/"]}]},{"@type":"ImageObject","inLanguage":"vi","@id":"https:\/\/tranthi.vn\/quang-tri\/tu-nhua-dai-loan-dl33\/#primaryimage","url":"https:\/\/tranthi.vn\/quang-tri\/wp-content\/uploads\/2021\/02\/img201704290648TA12.jpg","contentUrl":"https:\/\/tranthi.vn\/quang-tri\/wp-content\/uploads\/2021\/02\/img201704290648TA12.jpg","width":542,"height":544},{"@type":"BreadcrumbList","@id":"https:\/\/tranthi.vn\/quang-tri\/tu-nhua-dai-loan-dl33\/#breadcrumb","itemListElement":[{"@type":"ListItem","position":1,"name":"Trang Ch\u1ee7","item":"https:\/\/tranthi.vn\/quang-tri\/"},{"@type":"ListItem","position":2,"name":"Shop","item":"https:\/\/tranthi.vn\/quang-tri\/shop\/"},{"@type":"ListItem","position":3,"name":"T\u1ee7 Nh\u1ef1a \u0110\u00e0i Loan DL33"}]},{"@type":"WebSite","@id":"https:\/\/tranthi.vn\/quang-tri\/#website","url":"https:\/\/tranthi.vn\/quang-tri\/","name":"VLXD Tr\u1ea7n Th\u1ecb","description":"V\u1eadt Li\u1ec7u X\u00e2y D\u1ef1ng - Qu\u1ea3ng Tr\u1ecb","publisher":{"@id":"https:\/\/tranthi.vn\/quang-tri\/#organization"},"potentialAction":[{"@type":"SearchAction","target":{"@type":"EntryPoint","urlTemplate":"https:\/\/tranthi.vn\/quang-tri\/?s={search_term_string}"},"query-input":{"@type":"PropertyValueSpecification","valueRequired":true,"valueName":"search_term_string"}}],"inLanguage":"vi"},{"@type":["Organization","Place"],"@id":"https:\/\/tranthi.vn\/quang-tri\/#organization","name":"VLXD Tr\u1ea7n Th\u1ecb","url":"https:\/\/tranthi.vn\/quang-tri\/","logo":{"@id":"https:\/\/tranthi.vn\/quang-tri\/tu-nhua-dai-loan-dl33\/#local-main-organization-logo"},"image":{"@id":"https:\/\/tranthi.vn\/quang-tri\/tu-nhua-dai-loan-dl33\/#local-main-organization-logo"},"telephone":[],"openingHoursSpecification":[{"@type":"OpeningHoursSpecification","dayOfWeek":["Monday","Tuesday","Wednesday","Thursday","Friday","Saturday","Sunday"],"opens":"09:00","closes":"17:00"}]},{"@type":"ImageObject","inLanguage":"vi","@id":"https:\/\/tranthi.vn\/quang-tri\/tu-nhua-dai-loan-dl33\/#local-main-organization-logo","url":"https:\/\/tranthi.vn\/quang-tri\/wp-content\/uploads\/2021\/02\/logo-tranthi1.jpg","contentUrl":"https:\/\/tranthi.vn\/quang-tri\/wp-content\/uploads\/2021\/02\/logo-tranthi1.jpg","width":800,"height":319,"caption":"VLXD Tr\u1ea7n Th\u1ecb"}]},"product_price_amount":"1620000","product_price_currency":"VND","og_availability":"instock","product_availability":"instock","product_condition":"new"},"_links":{"self":[{"href":"https:\/\/tranthi.vn\/quang-tri\/wp-json\/wp\/v2\/product\/2107","targetHints":{"allow":["GET"]}}],"collection":[{"href":"https:\/\/tranthi.vn\/quang-tri\/wp-json\/wp\/v2\/product"}],"about":[{"href":"https:\/\/tranthi.vn\/quang-tri\/wp-json\/wp\/v2\/types\/product"}],"replies":[{"embeddable":true,"href":"https:\/\/tranthi.vn\/quang-tri\/wp-json\/wp\/v2\/comments?post=2107"}],"wp:featuredmedia":[{"embeddable":true,"href":"https:\/\/tranthi.vn\/quang-tri\/wp-json\/wp\/v2\/media\/2131"}],"wp:attachment":[{"href":"https:\/\/tranthi.vn\/quang-tri\/wp-json\/wp\/v2\/media?parent=2107"}],"wp:term":[{"taxonomy":"product_cat","embeddable":true,"href":"https:\/\/tranthi.vn\/quang-tri\/wp-json\/wp\/v2\/product_cat?post=2107"},{"taxonomy":"product_tag","embeddable":true,"href":"https:\/\/tranthi.vn\/quang-tri\/wp-json\/wp\/v2\/product_tag?post=2107"}],"curies":[{"name":"wp","href":"https:\/\/api.w.org\/{rel}","templated":true}]}}