{"id":1633,"date":"2021-02-18T13:31:29","date_gmt":"2021-02-18T13:31:29","guid":{"rendered":"http:\/\/new-tranthi.test\/san-pham\/dong-ho-treo-tuong-dkt-2204-4\/"},"modified":"2022-07-14T16:39:59","modified_gmt":"2022-07-14T09:39:59","slug":"dong-ho-treo-tuong-dkt-2204-4-tai-dong-ha-quang-tri","status":"publish","type":"product","link":"https:\/\/tranthi.vn\/quang-tri\/dong-ho-treo-tuong-dkt-2204-4-tai-dong-ha-quang-tri\/","title":{"rendered":"\u0110\u1ed3ng H\u1ed3 Treo T\u01b0\u1eddng DKT-2204-4"},"content":{"rendered":"","protected":false},"excerpt":{"rendered":"<p><span style=\"font-family: 'times new roman', times, serif; font-size: 130%; color: #282828;\"><span style=\"color: #ff6600; font-size: 140%;\">\u2666 <\/span>Th\u00f4ng tin chi ti\u1ebft:<\/span><\/p>\n<p><span style=\"font-family: 'times new roman', times, serif; font-size: 130%; color: #282828;\">\u2013\u00a0 M\u00e3 s\u1ea3n ph\u1ea9m: DKT 2204-4<\/span><\/p>\n<p><span style=\"font-family: 'times new roman', times, serif; font-size: 130%; color: #282828;\">\u2013\u00a0 K\u00edch th\u01b0\u1edbc: 70x50cm<\/span><\/p>\n<p><span style=\"font-family: 'times new roman', times, serif; font-size: 130%; color: #282828;\">\u2013\u00a0 Ch\u1ea5t li\u1ec7u: H\u1ee3p kim, S\u1ee3i silic, S\u1ee3i polyeste, \u0111\u00ednh \u0111\u00e1<\/span><\/p>\n<p><span style=\"font-family: 'times new roman', times, serif; font-size: 130%; color: #282828;\"><span style=\"color: #ff6600; font-size: 140%;\">\u2666 <\/span>B\u1ea3o h\u00e0nh 1 n\u0103m<\/span><\/p>\n<p><span style=\"font-family: 'times new roman', times, serif; font-size: 130%; color: #282828;\"><span style=\"color: #ff6600; font-size: 140%;\">\u2666 <\/span>\u0110\u01a1n v\u1ecb t\u00ednh : B\u1ed9<\/span><\/p>\n<p><span style=\"font-family: 'times new roman', times, serif; font-size: 130%; color: #282828;\"><span style=\"color: #ff6600; font-size: 140%;\">\u2666 <\/span>\u0110\u01a1n gi\u00e1: <strong><span style=\"color: #008000;\">920.000\u0110\/ b\u1ed9<\/span><\/strong><\/span><\/p>\n<p><span style=\"font-family: 'times new roman', times, serif; font-size: 130%; color: #282828;\"><span style=\"color: #ff6600; font-size: 140%;\">\u2666 <\/span>Mi\u1ec5n ph\u00ed v\u1eadn chuy\u1ec3n trong Tp Hu\u1ebf. Ngo\u00e0i ra Tr\u1ea7n Th\u1ecb c\u00f2n v\u1eadn chuy\u1ec3n \u0111\u1ebfn c\u00e1c huy\u1ec7n l\u00e2n c\u1eadn , ph\u00ed s\u1ebd \u0111\u01b0\u1ee3c t\u00ednh t\u00f9y thu\u1ed9c v\u00e0o v\u1ecb tr\u00ed g\u1ea7n hay xa<\/span><\/p>\n<p>&nbsp;<\/p>\n","protected":false},"featured_media":4857,"comment_status":"open","ping_status":"closed","template":"","meta":[],"product_cat":[221],"product_tag":[869],"class_list":{"0":"post-1633","1":"product","2":"type-product","3":"status-publish","4":"has-post-thumbnail","6":"product_cat-dong-ho-treo-tuong","7":"product_tag-mau-dong-ho-trang-tri-tai-hue","9":"first","10":"instock","11":"sale","12":"shipping-taxable","13":"purchasable","14":"product-type-simple"},"yoast_head":"<!-- This site is optimized with the Yoast SEO Premium plugin v22.3 (Yoast SEO v24.0) - https:\/\/yoast.com\/wordpress\/plugins\/seo\/ -->\n<title>\u0110\u1ed3ng H\u1ed3 Treo T\u01b0\u1eddng DKT-2204-4 - V\u1eadt Li\u1ec7u X\u00e2y D\u1ef1ng Tr\u1ea7n Th\u1ecb Chi Nh\u00e1nh Qu\u1ea3ng Tr\u1ecb<\/title>\n<meta name=\"robots\" content=\"index, follow, max-snippet:-1, max-image-preview:large, max-video-preview:-1\" \/>\n<link rel=\"canonical\" href=\"https:\/\/tranthi.vn\/quang-tri\/dong-ho-treo-tuong-dkt-2204-4-tai-dong-ha-quang-tri\/\" \/>\n<meta property=\"og:locale\" content=\"vi_VN\" \/>\n<meta property=\"og:type\" content=\"article\" \/>\n<meta property=\"og:title\" content=\"\u0110\u1ed3ng H\u1ed3 Treo T\u01b0\u1eddng DKT-2204-4\" \/>\n<meta property=\"og:description\" content=\"\u2666 Th\u00f4ng tin chi ti\u1ebft:  \u2013\u00a0 M\u00e3 s\u1ea3n ph\u1ea9m: DKT 2204-4  \u2013\u00a0 K\u00edch th\u01b0\u1edbc: 70x50cm  \u2013\u00a0 Ch\u1ea5t li\u1ec7u: H\u1ee3p kim, S\u1ee3i silic, S\u1ee3i polyeste, \u0111\u00ednh \u0111\u00e1  \u2666 B\u1ea3o h\u00e0nh 1 n\u0103m  \u2666 \u0110\u01a1n v\u1ecb t\u00ednh : B\u1ed9  \u2666 \u0110\u01a1n gi\u00e1: 920.000\u0110\/ b\u1ed9  \u2666 Mi\u1ec5n ph\u00ed v\u1eadn chuy\u1ec3n trong Tp Hu\u1ebf. Ngo\u00e0i ra Tr\u1ea7n Th\u1ecb c\u00f2n v\u1eadn chuy\u1ec3n \u0111\u1ebfn c\u00e1c huy\u1ec7n l\u00e2n c\u1eadn , ph\u00ed s\u1ebd \u0111\u01b0\u1ee3c t\u00ednh t\u00f9y thu\u1ed9c v\u00e0o v\u1ecb tr\u00ed g\u1ea7n hay xa  &nbsp;\" \/>\n<meta property=\"og:url\" content=\"https:\/\/tranthi.vn\/quang-tri\/dong-ho-treo-tuong-dkt-2204-4-tai-dong-ha-quang-tri\/\" \/>\n<meta property=\"og:site_name\" content=\"V\u1eadt Li\u1ec7u X\u00e2y D\u1ef1ng Tr\u1ea7n Th\u1ecb Chi Nh\u00e1nh Qu\u1ea3ng Tr\u1ecb\" \/>\n<meta property=\"article:modified_time\" content=\"2022-07-14T09:39:59+00:00\" \/>\n<meta property=\"og:image\" content=\"https:\/\/tranthi.vn\/quang-tri\/wp-content\/uploads\/2021\/02\/mau-dong-ho-trang-tri-tai-Hue.jpg\" \/>\n\t<meta property=\"og:image:width\" content=\"400\" \/>\n\t<meta property=\"og:image:height\" content=\"400\" \/>\n\t<meta property=\"og:image:type\" content=\"image\/jpeg\" \/>\n<meta name=\"twitter:card\" content=\"summary_large_image\" \/>\n<meta name=\"twitter:label1\" content=\"Gi\u00e1\" \/>\n\t<meta name=\"twitter:data1\" content=\"920,000&nbsp;&#8363;\" \/>\n\t<meta name=\"twitter:label2\" content=\"Kh\u1ea3 d\u1ee5ng\" \/>\n\t<meta name=\"twitter:data2\" content=\"Trong kho\" \/>\n<script type=\"application\/ld+json\" class=\"yoast-schema-graph\">{\"@context\":\"https:\/\/schema.org\",\"@graph\":[{\"@type\":\"WebPage\",\"@id\":\"https:\/\/tranthi.vn\/quang-tri\/dong-ho-treo-tuong-dkt-2204-4-tai-dong-ha-quang-tri\/\",\"url\":\"https:\/\/tranthi.vn\/quang-tri\/dong-ho-treo-tuong-dkt-2204-4-tai-dong-ha-quang-tri\/\",\"name\":\"\u0110\u1ed3ng H\u1ed3 Treo T\u01b0\u1eddng DKT-2204-4 - V\u1eadt Li\u1ec7u X\u00e2y D\u1ef1ng Tr\u1ea7n Th\u1ecb Chi Nh\u00e1nh Qu\u1ea3ng Tr\u1ecb\",\"isPartOf\":{\"@id\":\"https:\/\/tranthi.vn\/quang-tri\/#website\"},\"primaryImageOfPage\":{\"@id\":\"https:\/\/tranthi.vn\/quang-tri\/dong-ho-treo-tuong-dkt-2204-4-tai-dong-ha-quang-tri\/#primaryimage\"},\"image\":{\"@id\":\"https:\/\/tranthi.vn\/quang-tri\/dong-ho-treo-tuong-dkt-2204-4-tai-dong-ha-quang-tri\/#primaryimage\"},\"thumbnailUrl\":\"https:\/\/tranthi.vn\/quang-tri\/wp-content\/uploads\/2021\/02\/mau-dong-ho-trang-tri-tai-Hue.jpg\",\"datePublished\":\"2021-02-18T13:31:29+00:00\",\"dateModified\":\"2022-07-14T09:39:59+00:00\",\"breadcrumb\":{\"@id\":\"https:\/\/tranthi.vn\/quang-tri\/dong-ho-treo-tuong-dkt-2204-4-tai-dong-ha-quang-tri\/#breadcrumb\"},\"inLanguage\":\"vi\",\"potentialAction\":[{\"@type\":\"ReadAction\",\"target\":[\"https:\/\/tranthi.vn\/quang-tri\/dong-ho-treo-tuong-dkt-2204-4-tai-dong-ha-quang-tri\/\"]}]},{\"@type\":\"ImageObject\",\"inLanguage\":\"vi\",\"@id\":\"https:\/\/tranthi.vn\/quang-tri\/dong-ho-treo-tuong-dkt-2204-4-tai-dong-ha-quang-tri\/#primaryimage\",\"url\":\"https:\/\/tranthi.vn\/quang-tri\/wp-content\/uploads\/2021\/02\/mau-dong-ho-trang-tri-tai-Hue.jpg\",\"contentUrl\":\"https:\/\/tranthi.vn\/quang-tri\/wp-content\/uploads\/2021\/02\/mau-dong-ho-trang-tri-tai-Hue.jpg\",\"width\":400,\"height\":400,\"caption\":\"m\u1eabu \u0111\u1ed3ng h\u1ed3 trang tr\u00ed t\u1ea1i Hu\u1ebf\"},{\"@type\":\"BreadcrumbList\",\"@id\":\"https:\/\/tranthi.vn\/quang-tri\/dong-ho-treo-tuong-dkt-2204-4-tai-dong-ha-quang-tri\/#breadcrumb\",\"itemListElement\":[{\"@type\":\"ListItem\",\"position\":1,\"name\":\"Trang Ch\u1ee7\",\"item\":\"https:\/\/tranthi.vn\/quang-tri\/\"},{\"@type\":\"ListItem\",\"position\":2,\"name\":\"Shop\",\"item\":\"https:\/\/tranthi.vn\/quang-tri\/shop\/\"},{\"@type\":\"ListItem\",\"position\":3,\"name\":\"\u0110\u1ed3ng H\u1ed3 Treo T\u01b0\u1eddng DKT-2204-4\"}]},{\"@type\":\"WebSite\",\"@id\":\"https:\/\/tranthi.vn\/quang-tri\/#website\",\"url\":\"https:\/\/tranthi.vn\/quang-tri\/\",\"name\":\"VLXD Tr\u1ea7n Th\u1ecb\",\"description\":\"V\u1eadt Li\u1ec7u X\u00e2y D\u1ef1ng - Qu\u1ea3ng Tr\u1ecb\",\"publisher\":{\"@id\":\"https:\/\/tranthi.vn\/quang-tri\/#organization\"},\"potentialAction\":[{\"@type\":\"SearchAction\",\"target\":{\"@type\":\"EntryPoint\",\"urlTemplate\":\"https:\/\/tranthi.vn\/quang-tri\/?s={search_term_string}\"},\"query-input\":{\"@type\":\"PropertyValueSpecification\",\"valueRequired\":true,\"valueName\":\"search_term_string\"}}],\"inLanguage\":\"vi\"},{\"@type\":[\"Organization\",\"Place\"],\"@id\":\"https:\/\/tranthi.vn\/quang-tri\/#organization\",\"name\":\"VLXD Tr\u1ea7n Th\u1ecb\",\"url\":\"https:\/\/tranthi.vn\/quang-tri\/\",\"logo\":{\"@id\":\"https:\/\/tranthi.vn\/quang-tri\/dong-ho-treo-tuong-dkt-2204-4-tai-dong-ha-quang-tri\/#local-main-organization-logo\"},\"image\":{\"@id\":\"https:\/\/tranthi.vn\/quang-tri\/dong-ho-treo-tuong-dkt-2204-4-tai-dong-ha-quang-tri\/#local-main-organization-logo\"},\"telephone\":[],\"openingHoursSpecification\":[{\"@type\":\"OpeningHoursSpecification\",\"dayOfWeek\":[\"Monday\",\"Tuesday\",\"Wednesday\",\"Thursday\",\"Friday\",\"Saturday\",\"Sunday\"],\"opens\":\"09:00\",\"closes\":\"17:00\"}]},{\"@type\":\"ImageObject\",\"inLanguage\":\"vi\",\"@id\":\"https:\/\/tranthi.vn\/quang-tri\/dong-ho-treo-tuong-dkt-2204-4-tai-dong-ha-quang-tri\/#local-main-organization-logo\",\"url\":\"https:\/\/tranthi.vn\/quang-tri\/wp-content\/uploads\/2021\/02\/logo-tranthi1.jpg\",\"contentUrl\":\"https:\/\/tranthi.vn\/quang-tri\/wp-content\/uploads\/2021\/02\/logo-tranthi1.jpg\",\"width\":800,\"height\":319,\"caption\":\"VLXD Tr\u1ea7n Th\u1ecb\"}]}<\/script>\n<meta property=\"product:price:amount\" content=\"920000\" \/>\n<meta property=\"product:price:currency\" content=\"VND\" \/>\n<meta property=\"og:availability\" content=\"instock\" \/>\n<meta property=\"product:availability\" content=\"instock\" \/>\n<meta property=\"product:condition\" content=\"new\" \/>\n<!-- \/ Yoast SEO Premium plugin. -->","yoast_head_json":{"title":"\u0110\u1ed3ng H\u1ed3 Treo T\u01b0\u1eddng DKT-2204-4 - V\u1eadt Li\u1ec7u X\u00e2y D\u1ef1ng Tr\u1ea7n Th\u1ecb Chi Nh\u00e1nh Qu\u1ea3ng Tr\u1ecb","robots":{"index":"index","follow":"follow","max-snippet":"max-snippet:-1","max-image-preview":"max-image-preview:large","max-video-preview":"max-video-preview:-1"},"canonical":"https:\/\/tranthi.vn\/quang-tri\/dong-ho-treo-tuong-dkt-2204-4-tai-dong-ha-quang-tri\/","og_locale":"vi_VN","og_type":"article","og_title":"\u0110\u1ed3ng H\u1ed3 Treo T\u01b0\u1eddng DKT-2204-4","og_description":"\u2666 Th\u00f4ng tin chi ti\u1ebft:  \u2013\u00a0 M\u00e3 s\u1ea3n ph\u1ea9m: DKT 2204-4  \u2013\u00a0 K\u00edch th\u01b0\u1edbc: 70x50cm  \u2013\u00a0 Ch\u1ea5t li\u1ec7u: H\u1ee3p kim, S\u1ee3i silic, S\u1ee3i polyeste, \u0111\u00ednh \u0111\u00e1  \u2666 B\u1ea3o h\u00e0nh 1 n\u0103m  \u2666 \u0110\u01a1n v\u1ecb t\u00ednh : B\u1ed9  \u2666 \u0110\u01a1n gi\u00e1: 920.000\u0110\/ b\u1ed9  \u2666 Mi\u1ec5n ph\u00ed v\u1eadn chuy\u1ec3n trong Tp Hu\u1ebf. Ngo\u00e0i ra Tr\u1ea7n Th\u1ecb c\u00f2n v\u1eadn chuy\u1ec3n \u0111\u1ebfn c\u00e1c huy\u1ec7n l\u00e2n c\u1eadn , ph\u00ed s\u1ebd \u0111\u01b0\u1ee3c t\u00ednh t\u00f9y thu\u1ed9c v\u00e0o v\u1ecb tr\u00ed g\u1ea7n hay xa  &nbsp;","og_url":"https:\/\/tranthi.vn\/quang-tri\/dong-ho-treo-tuong-dkt-2204-4-tai-dong-ha-quang-tri\/","og_site_name":"V\u1eadt Li\u1ec7u X\u00e2y D\u1ef1ng Tr\u1ea7n Th\u1ecb Chi Nh\u00e1nh Qu\u1ea3ng Tr\u1ecb","article_modified_time":"2022-07-14T09:39:59+00:00","og_image":[{"width":400,"height":400,"url":"https:\/\/tranthi.vn\/quang-tri\/wp-content\/uploads\/2021\/02\/mau-dong-ho-trang-tri-tai-Hue.jpg","type":"image\/jpeg"}],"twitter_card":"summary_large_image","twitter_misc":{"Gi\u00e1":"920,000&nbsp;&#8363;","Kh\u1ea3 d\u1ee5ng":"Trong kho"},"schema":{"@context":"https:\/\/schema.org","@graph":[{"@type":"WebPage","@id":"https:\/\/tranthi.vn\/quang-tri\/dong-ho-treo-tuong-dkt-2204-4-tai-dong-ha-quang-tri\/","url":"https:\/\/tranthi.vn\/quang-tri\/dong-ho-treo-tuong-dkt-2204-4-tai-dong-ha-quang-tri\/","name":"\u0110\u1ed3ng H\u1ed3 Treo T\u01b0\u1eddng DKT-2204-4 - V\u1eadt Li\u1ec7u X\u00e2y D\u1ef1ng Tr\u1ea7n Th\u1ecb Chi Nh\u00e1nh Qu\u1ea3ng Tr\u1ecb","isPartOf":{"@id":"https:\/\/tranthi.vn\/quang-tri\/#website"},"primaryImageOfPage":{"@id":"https:\/\/tranthi.vn\/quang-tri\/dong-ho-treo-tuong-dkt-2204-4-tai-dong-ha-quang-tri\/#primaryimage"},"image":{"@id":"https:\/\/tranthi.vn\/quang-tri\/dong-ho-treo-tuong-dkt-2204-4-tai-dong-ha-quang-tri\/#primaryimage"},"thumbnailUrl":"https:\/\/tranthi.vn\/quang-tri\/wp-content\/uploads\/2021\/02\/mau-dong-ho-trang-tri-tai-Hue.jpg","datePublished":"2021-02-18T13:31:29+00:00","dateModified":"2022-07-14T09:39:59+00:00","breadcrumb":{"@id":"https:\/\/tranthi.vn\/quang-tri\/dong-ho-treo-tuong-dkt-2204-4-tai-dong-ha-quang-tri\/#breadcrumb"},"inLanguage":"vi","potentialAction":[{"@type":"ReadAction","target":["https:\/\/tranthi.vn\/quang-tri\/dong-ho-treo-tuong-dkt-2204-4-tai-dong-ha-quang-tri\/"]}]},{"@type":"ImageObject","inLanguage":"vi","@id":"https:\/\/tranthi.vn\/quang-tri\/dong-ho-treo-tuong-dkt-2204-4-tai-dong-ha-quang-tri\/#primaryimage","url":"https:\/\/tranthi.vn\/quang-tri\/wp-content\/uploads\/2021\/02\/mau-dong-ho-trang-tri-tai-Hue.jpg","contentUrl":"https:\/\/tranthi.vn\/quang-tri\/wp-content\/uploads\/2021\/02\/mau-dong-ho-trang-tri-tai-Hue.jpg","width":400,"height":400,"caption":"m\u1eabu \u0111\u1ed3ng h\u1ed3 trang tr\u00ed t\u1ea1i Hu\u1ebf"},{"@type":"BreadcrumbList","@id":"https:\/\/tranthi.vn\/quang-tri\/dong-ho-treo-tuong-dkt-2204-4-tai-dong-ha-quang-tri\/#breadcrumb","itemListElement":[{"@type":"ListItem","position":1,"name":"Trang Ch\u1ee7","item":"https:\/\/tranthi.vn\/quang-tri\/"},{"@type":"ListItem","position":2,"name":"Shop","item":"https:\/\/tranthi.vn\/quang-tri\/shop\/"},{"@type":"ListItem","position":3,"name":"\u0110\u1ed3ng H\u1ed3 Treo T\u01b0\u1eddng DKT-2204-4"}]},{"@type":"WebSite","@id":"https:\/\/tranthi.vn\/quang-tri\/#website","url":"https:\/\/tranthi.vn\/quang-tri\/","name":"VLXD Tr\u1ea7n Th\u1ecb","description":"V\u1eadt Li\u1ec7u X\u00e2y D\u1ef1ng - Qu\u1ea3ng Tr\u1ecb","publisher":{"@id":"https:\/\/tranthi.vn\/quang-tri\/#organization"},"potentialAction":[{"@type":"SearchAction","target":{"@type":"EntryPoint","urlTemplate":"https:\/\/tranthi.vn\/quang-tri\/?s={search_term_string}"},"query-input":{"@type":"PropertyValueSpecification","valueRequired":true,"valueName":"search_term_string"}}],"inLanguage":"vi"},{"@type":["Organization","Place"],"@id":"https:\/\/tranthi.vn\/quang-tri\/#organization","name":"VLXD Tr\u1ea7n Th\u1ecb","url":"https:\/\/tranthi.vn\/quang-tri\/","logo":{"@id":"https:\/\/tranthi.vn\/quang-tri\/dong-ho-treo-tuong-dkt-2204-4-tai-dong-ha-quang-tri\/#local-main-organization-logo"},"image":{"@id":"https:\/\/tranthi.vn\/quang-tri\/dong-ho-treo-tuong-dkt-2204-4-tai-dong-ha-quang-tri\/#local-main-organization-logo"},"telephone":[],"openingHoursSpecification":[{"@type":"OpeningHoursSpecification","dayOfWeek":["Monday","Tuesday","Wednesday","Thursday","Friday","Saturday","Sunday"],"opens":"09:00","closes":"17:00"}]},{"@type":"ImageObject","inLanguage":"vi","@id":"https:\/\/tranthi.vn\/quang-tri\/dong-ho-treo-tuong-dkt-2204-4-tai-dong-ha-quang-tri\/#local-main-organization-logo","url":"https:\/\/tranthi.vn\/quang-tri\/wp-content\/uploads\/2021\/02\/logo-tranthi1.jpg","contentUrl":"https:\/\/tranthi.vn\/quang-tri\/wp-content\/uploads\/2021\/02\/logo-tranthi1.jpg","width":800,"height":319,"caption":"VLXD Tr\u1ea7n Th\u1ecb"}]},"product_price_amount":"920000","product_price_currency":"VND","og_availability":"instock","product_availability":"instock","product_condition":"new"},"_links":{"self":[{"href":"https:\/\/tranthi.vn\/quang-tri\/wp-json\/wp\/v2\/product\/1633","targetHints":{"allow":["GET"]}}],"collection":[{"href":"https:\/\/tranthi.vn\/quang-tri\/wp-json\/wp\/v2\/product"}],"about":[{"href":"https:\/\/tranthi.vn\/quang-tri\/wp-json\/wp\/v2\/types\/product"}],"replies":[{"embeddable":true,"href":"https:\/\/tranthi.vn\/quang-tri\/wp-json\/wp\/v2\/comments?post=1633"}],"wp:featuredmedia":[{"embeddable":true,"href":"https:\/\/tranthi.vn\/quang-tri\/wp-json\/wp\/v2\/media\/4857"}],"wp:attachment":[{"href":"https:\/\/tranthi.vn\/quang-tri\/wp-json\/wp\/v2\/media?parent=1633"}],"wp:term":[{"taxonomy":"product_cat","embeddable":true,"href":"https:\/\/tranthi.vn\/quang-tri\/wp-json\/wp\/v2\/product_cat?post=1633"},{"taxonomy":"product_tag","embeddable":true,"href":"https:\/\/tranthi.vn\/quang-tri\/wp-json\/wp\/v2\/product_tag?post=1633"}],"curies":[{"name":"wp","href":"https:\/\/api.w.org\/{rel}","templated":true}]}}