{"id":1121,"date":"2021-02-17T08:32:59","date_gmt":"2021-02-17T08:32:59","guid":{"rendered":"http:\/\/new-tranthi.test\/san-pham\/tdn-gold58-300-28-ong\/"},"modified":"2022-07-18T09:44:36","modified_gmt":"2022-07-18T02:44:36","slug":"tdn-gold58-300-28-ong-gia-tot-tai-dong-ha-quang-tri","status":"publish","type":"product","link":"https:\/\/tranthi.vn\/quang-tri\/tdn-gold58-300-28-ong-gia-tot-tai-dong-ha-quang-tri\/","title":{"rendered":"TDN GOLD58-300-28 \u1ed0ng"},"content":{"rendered":"","protected":false},"excerpt":{"rendered":"<p><span style=\"font-family: 'times new roman', times, serif; font-size: 14pt; color: #000000;\">\ud83d\ude1b Giao h\u00e0ng trong \u0111\u1ecba b\u00e0n\u00a0<span style=\"color: #008000;\"><em><a style=\"color: #008000;\" href=\"https:\/\/fr.wikipedia.org\/wiki\/Da_Nang\"><strong>\u0110\u00e0 N\u1eb5ng<\/strong><\/a><\/em><\/span><\/span><\/p>\n<p><span style=\"font-family: 'times new roman', times, serif; font-size: 14pt; color: #000000;\">\ud83d\ude1b \u0110\u01a1n v\u1ecb t\u00ednh: C\u00e1i<\/span><\/p>\n<p><span style=\"font-family: 'times new roman', times, serif; font-size: 14pt; color: #000000;\">\ud83d\ude1b \u0110\u01a1n gi\u00e1<em><strong>: <span style=\"color: #008000;\"><a style=\"color: #008000;\" href=\"https:\/\/tranthi.vn\/quang-tri\/?post_type=product&amp;p=3933&amp;preview=true\">m\u00e1y n\u01b0\u1edbc n\u00f3ng th\u00e1i d\u01b0\u01a1ng n\u0103ng 28 \u1ed1ng<\/a><\/span>\u00a0<\/strong><strong>\u00a0<\/strong><\/em>trong n\u1ed9i th\u00e0nh_ Gi\u00e1: <strong><span style=\"color: #ff0000;\">9.400.000\u0111\/C\u00e1i<\/span><\/strong> (Gi\u00e1 \u0111\u00e3 bao g\u1ed3m ph\u00ed v\u1eadn chuy\u1ec3n v\u00e0 k\u00e9o l\u00ean t\u1ea7ng- kh\u00f4ng c\u00f3 phao \u0111i\u1ec7n, b\u1ea3o h\u00e0nh 12 n\u0103m)<\/span><\/p>\n<p><span style=\"font-family: 'times new roman', times, serif; font-size: 14pt; color: #000000;\">\ud83d\ude1b Ngo\u00e0i ra Tr\u1ea7n Th\u1ecb c\u00f2n nh\u1eadn giao h\u00e0ng \u0111\u1ebfn c\u00e1c \u0111i\u1ec3m <span style=\"color: #008000;\"><strong><a style=\"color: #008000;\" href=\"https:\/\/vi.wikipedia.org\/wiki\/%C4%90%C3%B4ng_H%C3%A0\">\u0110\u00f4ng H\u00e0 Qu\u1ea3ng tr\u1ecb<\/a><\/strong>, <strong><a style=\"color: #008000;\" href=\"https:\/\/vi.wikipedia.org\/wiki\/H%E1%BB%99i_An\">H\u1ed9i An<\/a><\/strong>, <strong><a style=\"color: #008000;\" href=\"https:\/\/vi.wikipedia.org\/wiki\/Tam_K%E1%BB%B3\">Tam k\u1ef3 Qu\u1ea3ng Nam<\/a><\/strong>,<strong><a style=\"color: #008000;\" href=\"https:\/\/vi.wikipedia.org\/wiki\/Hu%E1%BA%BF\"> Hu\u1ebf<\/a><\/strong> , <strong><a style=\"color: #008000;\" href=\"https:\/\/vi.wikipedia.org\/wiki\/Qu%E1%BA%A3ng_Ng%C3%A3i\">Qu\u1ea3ng Ng\u00e3i<\/a><\/strong> <\/span>-Chi ph\u00ed v\u1eadn chuy\u1ec3n s\u1ebd t\u00ednh theo kho\u1ea3ng c\u00e1ch v\u00e0 s\u1ed1 l\u01b0\u1ee3ng h\u00e0ng h\u00f3a nh\u1eadp<\/span><\/p>\n","protected":false},"featured_media":1116,"comment_status":"open","ping_status":"closed","template":"","meta":[],"product_cat":[86,87],"product_tag":[],"class_list":{"0":"post-1121","1":"product","2":"type-product","3":"status-publish","4":"has-post-thumbnail","6":"product_cat-may-nuoc-nong-thai-duong","7":"product_cat-thai-duong-nang-gold","9":"first","10":"instock","11":"sale","12":"shipping-taxable","13":"purchasable","14":"product-type-simple"},"yoast_head":"<!-- This site is optimized with the Yoast SEO Premium plugin v22.3 (Yoast SEO v24.0) - https:\/\/yoast.com\/wordpress\/plugins\/seo\/ -->\n<title>Gi\u00e1 m\u00e1y n\u01b0\u1edbc n\u00f3ng th\u00e1i d\u01b0\u01a1ng n\u0103ng 28 \u1ed1ng t\u1ea1i \u0110\u00e0 N\u1eb5ng- 0903.595.045<\/title>\n<meta name=\"description\" content=\"Tr\u1ea7n Th\u1ecb l\u00e0 \u0111\u1ea1i l\u00fd m\u00e1y n\u01b0\u1edbc n\u00f3ng th\u00e1i d\u01b0\u01a1ng n\u0103ng t\u1ea1i \u0111\u00e0 n\u1eb5ng. Ph\u1ee5c v\u1ee5 t\u1eadn ch\u00e2n c\u00f4ng tr\u00ecnh v\u1edbi gi\u00e1 r\u1ebb nh\u1ea5t th\u1ecb tr\u01b0\u1eddng \u0110\u00e0 N\u1eb5ng. \u0110\u1ecba ch\u1ec9: 204 L\u00ea V\u0103n Hi\u1ebfn\" \/>\n<meta name=\"robots\" content=\"index, follow, max-snippet:-1, max-image-preview:large, max-video-preview:-1\" \/>\n<link rel=\"canonical\" href=\"https:\/\/tranthi.vn\/quang-tri\/tdn-gold58-300-28-ong-gia-tot-tai-dong-ha-quang-tri\/\" \/>\n<meta property=\"og:locale\" content=\"vi_VN\" \/>\n<meta property=\"og:type\" content=\"article\" \/>\n<meta property=\"og:title\" content=\"TDN GOLD58-300-28 \u1ed0ng\" \/>\n<meta property=\"og:description\" content=\"Tr\u1ea7n Th\u1ecb l\u00e0 \u0111\u1ea1i l\u00fd m\u00e1y n\u01b0\u1edbc n\u00f3ng th\u00e1i d\u01b0\u01a1ng n\u0103ng t\u1ea1i \u0111\u00e0 n\u1eb5ng. Ph\u1ee5c v\u1ee5 t\u1eadn ch\u00e2n c\u00f4ng tr\u00ecnh v\u1edbi gi\u00e1 r\u1ebb nh\u1ea5t th\u1ecb tr\u01b0\u1eddng \u0110\u00e0 N\u1eb5ng. \u0110\u1ecba ch\u1ec9: 204 L\u00ea V\u0103n Hi\u1ebfn\" \/>\n<meta property=\"og:url\" content=\"https:\/\/tranthi.vn\/quang-tri\/tdn-gold58-300-28-ong-gia-tot-tai-dong-ha-quang-tri\/\" \/>\n<meta property=\"og:site_name\" content=\"V\u1eadt Li\u1ec7u X\u00e2y D\u1ef1ng Tr\u1ea7n Th\u1ecb Chi Nh\u00e1nh Qu\u1ea3ng Tr\u1ecb\" \/>\n<meta property=\"article:modified_time\" content=\"2022-07-18T02:44:36+00:00\" \/>\n<meta property=\"og:image\" content=\"https:\/\/tranthi.vn\/quang-tri\/wp-content\/uploads\/2021\/02\/may-nuoc-nong-tai-duong-nang-gol-18-ong_optimized.jpg\" \/>\n\t<meta property=\"og:image:width\" content=\"480\" \/>\n\t<meta property=\"og:image:height\" content=\"480\" \/>\n\t<meta property=\"og:image:type\" content=\"image\/jpeg\" \/>\n<meta name=\"twitter:card\" content=\"summary_large_image\" \/>\n<meta name=\"twitter:label1\" content=\"Gi\u00e1\" \/>\n\t<meta name=\"twitter:data1\" content=\"9,400,000&nbsp;&#8363;\" \/>\n\t<meta name=\"twitter:label2\" content=\"Kh\u1ea3 d\u1ee5ng\" \/>\n\t<meta name=\"twitter:data2\" content=\"Trong kho\" \/>\n<script type=\"application\/ld+json\" class=\"yoast-schema-graph\">{\"@context\":\"https:\/\/schema.org\",\"@graph\":[{\"@type\":\"WebPage\",\"@id\":\"https:\/\/tranthi.vn\/quang-tri\/tdn-gold58-300-28-ong-gia-tot-tai-dong-ha-quang-tri\/\",\"url\":\"https:\/\/tranthi.vn\/quang-tri\/tdn-gold58-300-28-ong-gia-tot-tai-dong-ha-quang-tri\/\",\"name\":\"Gi\u00e1 m\u00e1y n\u01b0\u1edbc n\u00f3ng th\u00e1i d\u01b0\u01a1ng n\u0103ng 28 \u1ed1ng t\u1ea1i \u0110\u00e0 N\u1eb5ng- 0903.595.045\",\"isPartOf\":{\"@id\":\"https:\/\/tranthi.vn\/quang-tri\/#website\"},\"primaryImageOfPage\":{\"@id\":\"https:\/\/tranthi.vn\/quang-tri\/tdn-gold58-300-28-ong-gia-tot-tai-dong-ha-quang-tri\/#primaryimage\"},\"image\":{\"@id\":\"https:\/\/tranthi.vn\/quang-tri\/tdn-gold58-300-28-ong-gia-tot-tai-dong-ha-quang-tri\/#primaryimage\"},\"thumbnailUrl\":\"https:\/\/tranthi.vn\/quang-tri\/wp-content\/uploads\/2021\/02\/may-nuoc-nong-tai-duong-nang-gol-18-ong_optimized.jpg\",\"datePublished\":\"2021-02-17T08:32:59+00:00\",\"dateModified\":\"2022-07-18T02:44:36+00:00\",\"description\":\"Tr\u1ea7n Th\u1ecb l\u00e0 \u0111\u1ea1i l\u00fd m\u00e1y n\u01b0\u1edbc n\u00f3ng th\u00e1i d\u01b0\u01a1ng n\u0103ng t\u1ea1i \u0111\u00e0 n\u1eb5ng. Ph\u1ee5c v\u1ee5 t\u1eadn ch\u00e2n c\u00f4ng tr\u00ecnh v\u1edbi gi\u00e1 r\u1ebb nh\u1ea5t th\u1ecb tr\u01b0\u1eddng \u0110\u00e0 N\u1eb5ng. \u0110\u1ecba ch\u1ec9: 204 L\u00ea V\u0103n Hi\u1ebfn\",\"breadcrumb\":{\"@id\":\"https:\/\/tranthi.vn\/quang-tri\/tdn-gold58-300-28-ong-gia-tot-tai-dong-ha-quang-tri\/#breadcrumb\"},\"inLanguage\":\"vi\",\"potentialAction\":[{\"@type\":\"ReadAction\",\"target\":[\"https:\/\/tranthi.vn\/quang-tri\/tdn-gold58-300-28-ong-gia-tot-tai-dong-ha-quang-tri\/\"]}]},{\"@type\":\"ImageObject\",\"inLanguage\":\"vi\",\"@id\":\"https:\/\/tranthi.vn\/quang-tri\/tdn-gold58-300-28-ong-gia-tot-tai-dong-ha-quang-tri\/#primaryimage\",\"url\":\"https:\/\/tranthi.vn\/quang-tri\/wp-content\/uploads\/2021\/02\/may-nuoc-nong-tai-duong-nang-gol-18-ong_optimized.jpg\",\"contentUrl\":\"https:\/\/tranthi.vn\/quang-tri\/wp-content\/uploads\/2021\/02\/may-nuoc-nong-tai-duong-nang-gol-18-ong_optimized.jpg\",\"width\":480,\"height\":480},{\"@type\":\"BreadcrumbList\",\"@id\":\"https:\/\/tranthi.vn\/quang-tri\/tdn-gold58-300-28-ong-gia-tot-tai-dong-ha-quang-tri\/#breadcrumb\",\"itemListElement\":[{\"@type\":\"ListItem\",\"position\":1,\"name\":\"Trang Ch\u1ee7\",\"item\":\"https:\/\/tranthi.vn\/quang-tri\/\"},{\"@type\":\"ListItem\",\"position\":2,\"name\":\"Shop\",\"item\":\"https:\/\/tranthi.vn\/quang-tri\/shop\/\"},{\"@type\":\"ListItem\",\"position\":3,\"name\":\"TDN GOLD58-300-28 \u1ed0ng\"}]},{\"@type\":\"WebSite\",\"@id\":\"https:\/\/tranthi.vn\/quang-tri\/#website\",\"url\":\"https:\/\/tranthi.vn\/quang-tri\/\",\"name\":\"VLXD Tr\u1ea7n Th\u1ecb\",\"description\":\"V\u1eadt Li\u1ec7u X\u00e2y D\u1ef1ng - Qu\u1ea3ng Tr\u1ecb\",\"publisher\":{\"@id\":\"https:\/\/tranthi.vn\/quang-tri\/#organization\"},\"potentialAction\":[{\"@type\":\"SearchAction\",\"target\":{\"@type\":\"EntryPoint\",\"urlTemplate\":\"https:\/\/tranthi.vn\/quang-tri\/?s={search_term_string}\"},\"query-input\":{\"@type\":\"PropertyValueSpecification\",\"valueRequired\":true,\"valueName\":\"search_term_string\"}}],\"inLanguage\":\"vi\"},{\"@type\":[\"Organization\",\"Place\"],\"@id\":\"https:\/\/tranthi.vn\/quang-tri\/#organization\",\"name\":\"VLXD Tr\u1ea7n Th\u1ecb\",\"url\":\"https:\/\/tranthi.vn\/quang-tri\/\",\"logo\":{\"@id\":\"https:\/\/tranthi.vn\/quang-tri\/tdn-gold58-300-28-ong-gia-tot-tai-dong-ha-quang-tri\/#local-main-organization-logo\"},\"image\":{\"@id\":\"https:\/\/tranthi.vn\/quang-tri\/tdn-gold58-300-28-ong-gia-tot-tai-dong-ha-quang-tri\/#local-main-organization-logo\"},\"telephone\":[],\"openingHoursSpecification\":[{\"@type\":\"OpeningHoursSpecification\",\"dayOfWeek\":[\"Monday\",\"Tuesday\",\"Wednesday\",\"Thursday\",\"Friday\",\"Saturday\",\"Sunday\"],\"opens\":\"09:00\",\"closes\":\"17:00\"}]},{\"@type\":\"ImageObject\",\"inLanguage\":\"vi\",\"@id\":\"https:\/\/tranthi.vn\/quang-tri\/tdn-gold58-300-28-ong-gia-tot-tai-dong-ha-quang-tri\/#local-main-organization-logo\",\"url\":\"https:\/\/tranthi.vn\/quang-tri\/wp-content\/uploads\/2021\/02\/logo-tranthi1.jpg\",\"contentUrl\":\"https:\/\/tranthi.vn\/quang-tri\/wp-content\/uploads\/2021\/02\/logo-tranthi1.jpg\",\"width\":800,\"height\":319,\"caption\":\"VLXD Tr\u1ea7n Th\u1ecb\"}]}<\/script>\n<meta property=\"product:price:amount\" content=\"9400000\" \/>\n<meta property=\"product:price:currency\" content=\"VND\" \/>\n<meta property=\"og:availability\" content=\"instock\" \/>\n<meta property=\"product:availability\" content=\"instock\" \/>\n<meta property=\"product:condition\" content=\"new\" \/>\n<!-- \/ Yoast SEO Premium plugin. -->","yoast_head_json":{"title":"Gi\u00e1 m\u00e1y n\u01b0\u1edbc n\u00f3ng th\u00e1i d\u01b0\u01a1ng n\u0103ng 28 \u1ed1ng t\u1ea1i \u0110\u00e0 N\u1eb5ng- 0903.595.045","description":"Tr\u1ea7n Th\u1ecb l\u00e0 \u0111\u1ea1i l\u00fd m\u00e1y n\u01b0\u1edbc n\u00f3ng th\u00e1i d\u01b0\u01a1ng n\u0103ng t\u1ea1i \u0111\u00e0 n\u1eb5ng. Ph\u1ee5c v\u1ee5 t\u1eadn ch\u00e2n c\u00f4ng tr\u00ecnh v\u1edbi gi\u00e1 r\u1ebb nh\u1ea5t th\u1ecb tr\u01b0\u1eddng \u0110\u00e0 N\u1eb5ng. \u0110\u1ecba ch\u1ec9: 204 L\u00ea V\u0103n Hi\u1ebfn","robots":{"index":"index","follow":"follow","max-snippet":"max-snippet:-1","max-image-preview":"max-image-preview:large","max-video-preview":"max-video-preview:-1"},"canonical":"https:\/\/tranthi.vn\/quang-tri\/tdn-gold58-300-28-ong-gia-tot-tai-dong-ha-quang-tri\/","og_locale":"vi_VN","og_type":"article","og_title":"TDN GOLD58-300-28 \u1ed0ng","og_description":"Tr\u1ea7n Th\u1ecb l\u00e0 \u0111\u1ea1i l\u00fd m\u00e1y n\u01b0\u1edbc n\u00f3ng th\u00e1i d\u01b0\u01a1ng n\u0103ng t\u1ea1i \u0111\u00e0 n\u1eb5ng. Ph\u1ee5c v\u1ee5 t\u1eadn ch\u00e2n c\u00f4ng tr\u00ecnh v\u1edbi gi\u00e1 r\u1ebb nh\u1ea5t th\u1ecb tr\u01b0\u1eddng \u0110\u00e0 N\u1eb5ng. \u0110\u1ecba ch\u1ec9: 204 L\u00ea V\u0103n Hi\u1ebfn","og_url":"https:\/\/tranthi.vn\/quang-tri\/tdn-gold58-300-28-ong-gia-tot-tai-dong-ha-quang-tri\/","og_site_name":"V\u1eadt Li\u1ec7u X\u00e2y D\u1ef1ng Tr\u1ea7n Th\u1ecb Chi Nh\u00e1nh Qu\u1ea3ng Tr\u1ecb","article_modified_time":"2022-07-18T02:44:36+00:00","og_image":[{"width":480,"height":480,"url":"https:\/\/tranthi.vn\/quang-tri\/wp-content\/uploads\/2021\/02\/may-nuoc-nong-tai-duong-nang-gol-18-ong_optimized.jpg","type":"image\/jpeg"}],"twitter_card":"summary_large_image","twitter_misc":{"Gi\u00e1":"9,400,000&nbsp;&#8363;","Kh\u1ea3 d\u1ee5ng":"Trong kho"},"schema":{"@context":"https:\/\/schema.org","@graph":[{"@type":"WebPage","@id":"https:\/\/tranthi.vn\/quang-tri\/tdn-gold58-300-28-ong-gia-tot-tai-dong-ha-quang-tri\/","url":"https:\/\/tranthi.vn\/quang-tri\/tdn-gold58-300-28-ong-gia-tot-tai-dong-ha-quang-tri\/","name":"Gi\u00e1 m\u00e1y n\u01b0\u1edbc n\u00f3ng th\u00e1i d\u01b0\u01a1ng n\u0103ng 28 \u1ed1ng t\u1ea1i \u0110\u00e0 N\u1eb5ng- 0903.595.045","isPartOf":{"@id":"https:\/\/tranthi.vn\/quang-tri\/#website"},"primaryImageOfPage":{"@id":"https:\/\/tranthi.vn\/quang-tri\/tdn-gold58-300-28-ong-gia-tot-tai-dong-ha-quang-tri\/#primaryimage"},"image":{"@id":"https:\/\/tranthi.vn\/quang-tri\/tdn-gold58-300-28-ong-gia-tot-tai-dong-ha-quang-tri\/#primaryimage"},"thumbnailUrl":"https:\/\/tranthi.vn\/quang-tri\/wp-content\/uploads\/2021\/02\/may-nuoc-nong-tai-duong-nang-gol-18-ong_optimized.jpg","datePublished":"2021-02-17T08:32:59+00:00","dateModified":"2022-07-18T02:44:36+00:00","description":"Tr\u1ea7n Th\u1ecb l\u00e0 \u0111\u1ea1i l\u00fd m\u00e1y n\u01b0\u1edbc n\u00f3ng th\u00e1i d\u01b0\u01a1ng n\u0103ng t\u1ea1i \u0111\u00e0 n\u1eb5ng. Ph\u1ee5c v\u1ee5 t\u1eadn ch\u00e2n c\u00f4ng tr\u00ecnh v\u1edbi gi\u00e1 r\u1ebb nh\u1ea5t th\u1ecb tr\u01b0\u1eddng \u0110\u00e0 N\u1eb5ng. \u0110\u1ecba ch\u1ec9: 204 L\u00ea V\u0103n Hi\u1ebfn","breadcrumb":{"@id":"https:\/\/tranthi.vn\/quang-tri\/tdn-gold58-300-28-ong-gia-tot-tai-dong-ha-quang-tri\/#breadcrumb"},"inLanguage":"vi","potentialAction":[{"@type":"ReadAction","target":["https:\/\/tranthi.vn\/quang-tri\/tdn-gold58-300-28-ong-gia-tot-tai-dong-ha-quang-tri\/"]}]},{"@type":"ImageObject","inLanguage":"vi","@id":"https:\/\/tranthi.vn\/quang-tri\/tdn-gold58-300-28-ong-gia-tot-tai-dong-ha-quang-tri\/#primaryimage","url":"https:\/\/tranthi.vn\/quang-tri\/wp-content\/uploads\/2021\/02\/may-nuoc-nong-tai-duong-nang-gol-18-ong_optimized.jpg","contentUrl":"https:\/\/tranthi.vn\/quang-tri\/wp-content\/uploads\/2021\/02\/may-nuoc-nong-tai-duong-nang-gol-18-ong_optimized.jpg","width":480,"height":480},{"@type":"BreadcrumbList","@id":"https:\/\/tranthi.vn\/quang-tri\/tdn-gold58-300-28-ong-gia-tot-tai-dong-ha-quang-tri\/#breadcrumb","itemListElement":[{"@type":"ListItem","position":1,"name":"Trang Ch\u1ee7","item":"https:\/\/tranthi.vn\/quang-tri\/"},{"@type":"ListItem","position":2,"name":"Shop","item":"https:\/\/tranthi.vn\/quang-tri\/shop\/"},{"@type":"ListItem","position":3,"name":"TDN GOLD58-300-28 \u1ed0ng"}]},{"@type":"WebSite","@id":"https:\/\/tranthi.vn\/quang-tri\/#website","url":"https:\/\/tranthi.vn\/quang-tri\/","name":"VLXD Tr\u1ea7n Th\u1ecb","description":"V\u1eadt Li\u1ec7u X\u00e2y D\u1ef1ng - Qu\u1ea3ng Tr\u1ecb","publisher":{"@id":"https:\/\/tranthi.vn\/quang-tri\/#organization"},"potentialAction":[{"@type":"SearchAction","target":{"@type":"EntryPoint","urlTemplate":"https:\/\/tranthi.vn\/quang-tri\/?s={search_term_string}"},"query-input":{"@type":"PropertyValueSpecification","valueRequired":true,"valueName":"search_term_string"}}],"inLanguage":"vi"},{"@type":["Organization","Place"],"@id":"https:\/\/tranthi.vn\/quang-tri\/#organization","name":"VLXD Tr\u1ea7n Th\u1ecb","url":"https:\/\/tranthi.vn\/quang-tri\/","logo":{"@id":"https:\/\/tranthi.vn\/quang-tri\/tdn-gold58-300-28-ong-gia-tot-tai-dong-ha-quang-tri\/#local-main-organization-logo"},"image":{"@id":"https:\/\/tranthi.vn\/quang-tri\/tdn-gold58-300-28-ong-gia-tot-tai-dong-ha-quang-tri\/#local-main-organization-logo"},"telephone":[],"openingHoursSpecification":[{"@type":"OpeningHoursSpecification","dayOfWeek":["Monday","Tuesday","Wednesday","Thursday","Friday","Saturday","Sunday"],"opens":"09:00","closes":"17:00"}]},{"@type":"ImageObject","inLanguage":"vi","@id":"https:\/\/tranthi.vn\/quang-tri\/tdn-gold58-300-28-ong-gia-tot-tai-dong-ha-quang-tri\/#local-main-organization-logo","url":"https:\/\/tranthi.vn\/quang-tri\/wp-content\/uploads\/2021\/02\/logo-tranthi1.jpg","contentUrl":"https:\/\/tranthi.vn\/quang-tri\/wp-content\/uploads\/2021\/02\/logo-tranthi1.jpg","width":800,"height":319,"caption":"VLXD Tr\u1ea7n Th\u1ecb"}]},"product_price_amount":"9400000","product_price_currency":"VND","og_availability":"instock","product_availability":"instock","product_condition":"new"},"_links":{"self":[{"href":"https:\/\/tranthi.vn\/quang-tri\/wp-json\/wp\/v2\/product\/1121","targetHints":{"allow":["GET"]}}],"collection":[{"href":"https:\/\/tranthi.vn\/quang-tri\/wp-json\/wp\/v2\/product"}],"about":[{"href":"https:\/\/tranthi.vn\/quang-tri\/wp-json\/wp\/v2\/types\/product"}],"replies":[{"embeddable":true,"href":"https:\/\/tranthi.vn\/quang-tri\/wp-json\/wp\/v2\/comments?post=1121"}],"wp:featuredmedia":[{"embeddable":true,"href":"https:\/\/tranthi.vn\/quang-tri\/wp-json\/wp\/v2\/media\/1116"}],"wp:attachment":[{"href":"https:\/\/tranthi.vn\/quang-tri\/wp-json\/wp\/v2\/media?parent=1121"}],"wp:term":[{"taxonomy":"product_cat","embeddable":true,"href":"https:\/\/tranthi.vn\/quang-tri\/wp-json\/wp\/v2\/product_cat?post=1121"},{"taxonomy":"product_tag","embeddable":true,"href":"https:\/\/tranthi.vn\/quang-tri\/wp-json\/wp\/v2\/product_tag?post=1121"}],"curies":[{"name":"wp","href":"https:\/\/api.w.org\/{rel}","templated":true}]}}