{"id":960,"date":"2021-02-16T18:09:16","date_gmt":"2021-02-16T11:09:16","guid":{"rendered":"http:\/\/new-tranthi.test\/san-pham\/gach-kinh-lay-sang-bot-bien\/"},"modified":"2024-07-17T08:48:09","modified_gmt":"2024-07-17T01:48:09","slug":"gia-gach-kinh-lay-sang-hue","status":"publish","type":"product","link":"https:\/\/tranthi.vn\/hue\/gia-gach-kinh-lay-sang-hue\/","title":{"rendered":"G\u1ea1ch K\u00ednh L\u1ea5y S\u00e1ng &#8211; B\u1ecdt Bi\u1ec3n"},"content":{"rendered":"<h1 style=\"text-align: center;\"><a href=\"https:\/\/tranthi.vn\/hue\/gia-gach-kinh-lay-sang-da-nang\/\"><span style=\"color: #ff0000;\"><strong><span style=\"font-family: 'times new roman', times, serif; font-size: 14pt;\">G\u1ea0CH K\u00cdNH L\u1ea4Y S\u00c1NG T\u1ea0I HU\u1ebe<\/span><\/strong><\/span><\/a><\/h1>\n<h1 style=\"text-align: left;\"><span style=\"font-family: 'times new roman', times, serif; font-size: 14pt; color: #000000;\"><em><strong>G\u1ea1ch k\u00ednh l\u1ea5y s\u00e1ng<\/strong><\/em> \u0111\u01b0\u1ee3c s\u1ea3n xu\u1ea5t t\u1eeb th\u1ee7y tinh c\u00f3 kh\u1ea3 n\u0103ng c\u00e1ch \u00e2m, c\u00e1ch nhi\u1ec7t v\u00e0 l\u1ea5y \u00e1nh s\u00e1ng t\u1ed1t n\u00ean \u0111ang r\u1ea5t th\u1ecbnh h\u00e0nh t\u1ea1i Hu\u1ebf. G\u1ea1ch th\u01b0\u1eddng \u0111\u01b0\u1ee3c s\u1eed d\u1ee5ng \u0111\u1ec3 trang tr\u00ed v\u00e0 l\u1ea5y \u00e1nh s\u00e1ng cho kh\u00f4ng gian nh\u00e0 b\u1ebfp, ph\u00f2ng t\u1eafm, ban c\u00f4ng &#8230;<\/span><\/h1>\n<h2><strong><span style=\"font-family: 'times new roman', times, serif; font-size: 14pt; color: #ff0000;\">1. \u0110\u1eb6C \u0110I\u1ec2M C\u1ee6A G\u1ea0CH K\u00cdNH L\u1ea4Y S\u00c1NG<\/span><\/strong><\/h2>\n<ul style=\"list-style-type: disc;\">\n<li><span style=\"font-family: 'times new roman', times, serif; font-size: 14pt; color: #000000;\">C\u00e1ch \u00e2m t\u1ed1t<\/span><\/li>\n<\/ul>\n<p><span style=\"font-family: 'times new roman', times, serif; font-size: 14pt; color: #000000;\">V\u1edbi \u0111\u1ed9 d\u00e0y l\u00ean \u0111\u1ebfn 10cm <strong><em>g\u1ea1ch k\u00ednh l\u1ea5y s\u00e1ng<\/em><\/strong> c\u00f3 \u0111\u1ed9 c\u00e1ch \u00e2m t\u1ed1t t\u1eeb b\u00ean ngo\u00e0i l\u1eabn b\u00ean trong<\/span><\/p>\n<ul style=\"list-style-type: disc;\">\n<li><span style=\"font-family: 'times new roman', times, serif; font-size: 14pt; color: #000000;\">Ti\u1ebft ki\u1ec7m n\u0103ng l\u01b0\u1ee3ng<\/span><\/li>\n<\/ul>\n<p><span style=\"font-family: 'times new roman', times, serif; font-size: 14pt; color: #000000;\">Nh\u1edd v\u00e0o c\u1ea5u t\u1ea1o r\u1ed7ng v\u00e0 \u0111\u1ed9 d\u00e0y c\u1ee7a m\u00ecnh g\u1ea1ch c\u00f3 kh\u1ea3 n\u0103ng ch\u1ed1ng n\u00f3ng t\u1ed1t.<\/span><\/p>\n<p><span style=\"font-family: 'times new roman', times, serif; font-size: 14pt; color: #000000;\"> \u0110\u1ed3ng th\u1eddi v\u1edbi ch\u1ea5t li\u1ec7u th\u1ee7y tinh trong su\u1ed1t gi\u00fap l\u1ea5y \u00e1nh s\u00e1ng kh\u00f4ng c\u1ea7n ph\u1ea3i ti\u00eau t\u1ed1n qu\u00e1 nhi\u1ec1u \u0111i\u1ec7n n\u0103ng ph\u00e1t s\u00e1ng<\/span><\/p>\n<p><span style=\"font-family: 'times new roman', times, serif; font-size: 14pt; color: #000000;\"><img loading=\"lazy\" decoding=\"async\" class=\"alignnone size-full wp-image-2936 aligncenter\" src=\"https:\/\/tranthi.vn\/hue\/wp-content\/uploads\/2021\/02\/gach-kinh-lay-sang-15_optimized.jpg\" alt=\"gia-gach-kinh-lay-sang-da-nang\" width=\"300\" height=\"300\" srcset=\"https:\/\/tranthi.vn\/hue\/wp-content\/uploads\/2021\/02\/gach-kinh-lay-sang-15_optimized.jpg 300w, https:\/\/tranthi.vn\/hue\/wp-content\/uploads\/2021\/02\/gach-kinh-lay-sang-15_optimized-100x100.jpg 100w\" sizes=\"auto, (max-width: 300px) 100vw, 300px\" \/><\/span><\/p>\n<p style=\"text-align: center;\"><span style=\"font-size: 14pt; font-family: 'times new roman', times, serif; color: #008000;\"><em>Kh\u00f4ng gian tr\u00e0n ng\u1eadp \u00e1nh s\u00e1ng t\u1ef1 nhi\u00ean<\/em><\/span><\/p>\n<ul style=\"list-style-type: disc;\">\n<li><span style=\"font-family: 'times new roman', times, serif; font-size: 14pt; color: #000000;\">Kh\u00f4ng b\u00e1m b\u1ea9n<\/span><\/li>\n<\/ul>\n<p><span style=\"font-family: 'times new roman', times, serif; font-size: 14pt; color: #000000;\">V\u1edbi thi\u1ebft k\u1ebf k\u00ednh th\u1ee7y tinh n\u00ean c\u00e1c b\u1ea1n c\u00f3 th\u1ec3 d\u1ec5 d\u00e0ng v\u1ec7 sinh lau ch\u00f9i, kh\u00f4ng s\u1ee3 tr\u1ea7y x\u01b0\u1edbt<\/span><\/p>\n<h2><span style=\"color: #ff0000;\"><strong><span style=\"font-family: 'times new roman', times, serif; font-size: 14pt;\">2. H\u01af\u1edaNG D\u1eaaN THI C\u00d4NG G\u1ea0CH K\u00cdNH L\u1ea4Y S\u00c1NG<\/span><\/strong><\/span><\/h2>\n<h3><span style=\"font-family: 'times new roman', times, serif; font-size: 14pt; color: #000000;\">B\u01b0\u1edbc 1: T\u00ednh s\u1ed1 l\u01b0\u1ee3ng g\u1ea1ch c\u1ea7n s\u1eed d\u1ee5ng<\/span><\/h3>\n<p><span style=\"font-family: 'times new roman', times, serif; font-size: 14pt; color: #000000;\">B\u01b0\u1edbc n\u00e0y c\u0169ng kh\u00e1 \u0111\u01a1n gi\u1ea3n b\u1ea1n l\u1ea5y chi\u1ec1u d\u00e0i nh\u00e2n v\u1edbi chi\u1ec1u r\u1ed9ng c\u1ee7a ph\u1ea7n c\u1ea7n l\u1eafp g\u1ea1ch k\u00ednh. S\u1ebd ra \u0111\u01b0\u1ee3c di\u1ec7n t\u00edch m2 t\u1eeb \u0111\u00f3 t\u00ednh ra s\u1ed1 l\u01b0\u1ee3ng g\u1ea1ch c\u1ea7n d\u00f9ng<\/span><\/p>\n<p><span style=\"font-family: 'times new roman', times, serif; font-size: 14pt; color: #000000;\">Vi\u00ean g\u1ea1ch k\u00ednh c\u00f3 k\u00edch th\u01b0\u1edbc ch\u00ednh x\u00e1c s\u1ebd l\u00e0 19x19x10cm nh\u01b0ng b\u1ea1n c\u1ee9 l\u00e0m tr\u00f2n 20x20x10 ph\u1ea7n ch\u00eanh l\u1ec7ch \u0111\u00f3 s\u1ebd l\u00e0 ph\u1ea7n v\u1eefa \u0111\u1ec3 d\u00e1n g\u1ea1ch<\/span><\/p>\n<p><span style=\"font-family: 'times new roman', times, serif; font-size: 14pt; color: #000000;\">N\u1ebfu s\u1ed1 l\u01b0\u1ee3ng nhi\u1ec1u ho\u1eb7c b\u1ea1n kh\u00f4ng t\u00ednh \u0111\u01b0\u1ee3c c\u00f3 th\u1ec3 li\u00ean h\u1ec7 Tr\u1ea7n Th\u1ecb h\u1ed7 tr\u1ee3 nh\u00e9<\/span><\/p>\n<h3><span style=\"font-family: 'times new roman', times, serif; font-size: 14pt; color: #000000;\">B\u01b0\u1edbc 2: Tr\u1ed9n v\u1eefa<\/span><\/h3>\n<p><span style=\"font-family: 'times new roman', times, serif; font-size: 14pt; color: #000000;\">Tr\u1ed9n xi m\u0103ng, c\u00e1t, keo th\u00e0nh d\u1ea1ng s\u1ec7t c\u00f3 th\u1ec3 d\u00f9ng m\u00e1y tr\u1ed9n \u0111\u1ec3 d\u1ec5 d\u00e0ng h\u01a1n. H\u1ed7n h\u1ee3p kh\u00f4ng qu\u00e1 kh\u00f4 c\u0169ng kh\u00f4ng \u0111\u01b0\u1ee3c qu\u00e1 \u01b0\u1edbt<\/span><\/p>\n<h3><span style=\"font-family: 'times new roman', times, serif; font-size: 14pt; color: #000000;\"><img loading=\"lazy\" decoding=\"async\" class=\"alignnone size-full wp-image-2938 aligncenter\" src=\"https:\/\/tranthi.vn\/hue\/wp-content\/uploads\/2021\/02\/cach-xay-gach-kinh-4_optimized-1.jpg\" alt=\"gia-gach-kinh-lay-sang-da-nang\" width=\"328\" height=\"246\" \/><\/span><\/h3>\n<h3><span style=\"font-family: 'times new roman', times, serif; font-size: 14pt; color: #000000;\">B\u01b0\u1edbc 3: Thi c\u00f4ng<\/span><\/h3>\n<p><span style=\"font-family: 'times new roman', times, serif; font-size: 14pt; color: #000000;\">Thi c\u00f4ng b\u1eaft \u0111\u1ea7u t\u1eeb ph\u00eda m\u00e9p t\u01b0\u1eddng, tr\u00e9t tr\u01b0\u1edbc 1 l\u1edbp v\u1eefa m\u1ecfng sau \u0111\u00f3 \u0111\u1eb7t mi\u1ebfng ke th\u00edch h\u1ee3p v\u00e0o v\u00e0 \u0111\u1eb7t vi\u00ean g\u1ea1ch \u0111\u1ea7u ti\u00ean l\u00ean. Nh\u1ea5n m\u1ea1nh xu\u1ed1ng \u0111\u1ec3 nh\u1eefng l\u1edbp v\u1eefa th\u1eeba \u0111\u01b0\u1ee3c \u0111\u00f9n ra v\u00e0 b\u1ea1n ch\u1ec9 vi\u1ec7c g\u1ea1t n\u00f3 \u0111i l\u00e0 xong<\/span><\/p>\n<p><span style=\"font-family: 'times new roman', times, serif; font-size: 14pt; color: #000000;\"><img loading=\"lazy\" decoding=\"async\" class=\"alignnone size-full wp-image-2940 aligncenter\" src=\"https:\/\/tranthi.vn\/hue\/wp-content\/uploads\/2021\/02\/huong-dan-thi-cong-gach-kinh-6_optimized.jpg\" alt=\"huong-dan-thi-cong-gach-kinh-6_optimized\" width=\"428\" height=\"346\" \/><\/span><\/p>\n<p><span style=\"font-family: 'times new roman', times, serif; font-size: 14pt; color: #000000;\">Ke c\u00f3 ch\u1ee9c n\u0103ng t\u1ea1o kho\u1ea3ng c\u00e1ch h\u1ee3p l\u00fd v\u00e0 c\u1ed1 \u0111\u1ecbnh vi\u00ean g\u1ea1ch tr\u01b0\u1edbc khi kh\u00f4 v\u1eefa<\/span><\/p>\n<p><span style=\"font-family: 'times new roman', times, serif; font-size: 14pt; color: #000000;\">\u0110\u1eb7t mi\u1ebfng ke th\u1ee9 hai c\u00e1ch m\u00e9p vi\u00ean g\u1ea1ch \u0111\u1ea7u 20cm, ke n\u00e0y kh\u00e1 nh\u1ecf n\u00ean s\u1ebd \u0111\u01b0\u1ee3c l\u1ea5p b\u1edfi v\u1eefa khi thi c\u00f4ng. Kh\u00f4ng \u1ea3nh h\u01b0\u1edfng \u0111\u1ebfn th\u1ea9m m\u1ef9<\/span><\/p>\n<p><span style=\"font-family: 'times new roman', times, serif; font-size: 14pt; color: #000000;\"><img loading=\"lazy\" decoding=\"async\" class=\"alignnone size-full wp-image-2941 aligncenter\" src=\"https:\/\/tranthi.vn\/hue\/wp-content\/uploads\/2021\/02\/cach-lap-dat-gach-kinh-6_optimized.jpg\" alt=\"cach-lap-dat-gach-kinh-6_optimized\" width=\"428\" height=\"346\" \/><\/span><\/p>\n<p><span style=\"font-family: 'times new roman', times, serif; font-size: 14pt; color: #000000;\">C\u0169ng \u0111\u1ed5 v\u1eefa sau \u0111\u00f3 l\u1eafp vi\u00ean g\u1ea1ch th\u1ee9 2 v\u00e0o v\u1ecb tr\u00ed v\u00e0 c\u1ee9 ti\u1ebfp t\u1ee5c c\u00f3 \u0111\u1ebfn khi ho\u00e0n thi\u1ec7n<\/span><\/p>\n<p><span style=\"font-family: 'times new roman', times, serif; font-size: 14pt; color: #000000;\"><img loading=\"lazy\" decoding=\"async\" class=\"size-full wp-image-2942 aligncenter\" src=\"https:\/\/tranthi.vn\/hue\/wp-content\/uploads\/2021\/02\/huong-dan-thi-cong-gach-kinh-10_optimized.jpg\" alt=\"huong-dan-thi-cong-gach-kinh\" width=\"428\" height=\"346\" \/><\/span><\/p>\n<p><span style=\"font-family: 'times new roman', times, serif; font-size: 14pt; color: #000000;\">Sau khi l\u1eafp \u0111\u1ee3i cho v\u1eefa kh\u00f4 t\u1ea7m 2,3 ti\u1ebfng l\u00e0 b\u1ea1n c\u00f3 th\u1ec3 v\u1ec7 sinh nh\u1eefng ph\u1ea7n v\u1eefa b\u00e1m b\u1ea9n tr\u00ean g\u1ea1ch k\u00ednh. N\u00ean d\u00f9ng n\u01b0\u1edbc \u1ea5m \u0111\u1ec3 lau v\u00ec h\u1ed7n h\u1ee3p ch\u01b0a c\u1ee9ng ho\u00e0n to\u00e0n n\u00ean kh\u00f4ng \u0111\u01b0\u1ee3c d\u00f9ng ch\u1ea5t t\u1ea9y r\u1eeda<\/span><\/p>\n<p><span style=\"font-family: 'times new roman', times, serif; font-size: 14pt; color: #000000;\"><img loading=\"lazy\" decoding=\"async\" class=\"alignnone size-full wp-image-2943 aligncenter\" src=\"https:\/\/tranthi.vn\/hue\/wp-content\/uploads\/2021\/02\/huong-dan-thi-cong-gach-kinh-11_optimized.jpg\" alt=\"huong-dan-thi-cong-gach-kinh\" width=\"328\" height=\"246\" \/><\/span><\/p>\n<p><span style=\"font-family: 'times new roman', times, serif; font-size: 14pt; color: #000000;\">V\u00e0 \u0111\u1ec3 v\u1eefa ho\u00e0n to\u00e0n kh\u00f4 th\u00ec t\u1ea7m 12 \u0111\u1ebfn 21 ng\u00e0y<\/span><\/p>\n<p><span style=\"font-family: 'times new roman', times, serif; font-size: 14pt; color: #000000;\">N\u1ebfu mu\u1ed1n th\u1ea9m m\u1ef9 h\u01a1n sau b\u01b0\u1edbc ho\u00e0n thi\u1ec7n b\u1ea1n h\u00e3y c\u00e0o l\u1edbp v\u1eefa gi\u1eefa c\u00e1c khe g\u1ea1ch s\u00e2u kho\u1ea3ng 10mm. sau \u0111\u00f3 d\u00f9ng b\u1ed9t t\u00edt tr\u1eafng t\u00edt v\u00e0o s\u1ebd th\u1ea9m m\u1ef9 h\u01a1n r\u1ea5t nhi\u1ec1u<\/span><\/p>\n<p><span style=\"font-family: 'times new roman', times, serif; font-size: 14pt; color: #000000;\">N\u1ebfu c\u00f2n th\u1eafc m\u1eafc v\u1ec1 c\u00e1ch thi c\u00f4ng b\u1ea1n c\u00f3 th\u1ec3 tham kh\u1ea3o video thi c\u00f4ng chi ti\u1ebft d\u01b0\u1edbi \u0111\u00e2y<\/span><\/p>\n<p style=\"text-align: center;\"><iframe loading=\"lazy\" src=\"\/\/www.youtube.com\/embed\/K7y9t_ck86s\" width=\"560\" height=\"314\" allowfullscreen=\"allowfullscreen\"><\/iframe><\/p>\n<p style=\"text-align: center;\"><strong><em><span style=\"font-family: 'times new roman', times, serif; font-size: 14pt; color: #008000;\">Video h\u01b0\u1edbng d\u1eabn thi c\u00f4ng g\u1ea1ch k\u00ednh l\u1ea5y s\u00e1ng chi ti\u1ebft v\u00e0 chuy\u00ean nghi\u1ec7p nh\u1ea5t<\/span><\/em><\/strong><\/p>\n","protected":false},"excerpt":{"rendered":"<p><span style=\"font-family: 'times new roman', times, serif;\"><span style=\"font-size: 14pt; color: #000000;\"><span style=\"font-family: 'times new roman', times, serif; font-size: 14pt; color: #000000;\"><img decoding=\"async\" class=\"emoji\" draggable=\"false\" src=\"https:\/\/s.w.org\/images\/core\/emoji\/12.0.0-1\/svg\/1f61b.svg\" alt=\"\ud83d\ude1b\" \/><\/span>\u00a0Giao h\u00e0ng trong \u0111\u1ecba b\u00e0n Hu\u1ebf<\/span><\/span><\/p>\n<p><span style=\"font-family: 'times new roman', times, serif; font-size: 14pt; color: #000000;\"><img decoding=\"async\" class=\"emoji\" draggable=\"false\" src=\"https:\/\/s.w.org\/images\/core\/emoji\/12.0.0-1\/svg\/1f61b.svg\" alt=\"\ud83d\ude1b\" \/> K\u00edch th\u01b0\u1edbc 20&#215;20 cm<\/span><\/p>\n<p><span style=\"font-family: 'times new roman', times, serif; font-size: 14pt; color: #000000;\"><img decoding=\"async\" class=\"emoji\" draggable=\"false\" src=\"https:\/\/s.w.org\/images\/core\/emoji\/12.0.0-1\/svg\/1f61b.svg\" alt=\"\ud83d\ude1b\" \/> \u0110\u01a1n gi\u00e1 <strong><span style=\"color: #ff0000;\">49.000\u0111 \/vi\u00ean<\/span><\/strong> <\/span><\/p>\n<p><span style=\"font-family: 'times new roman', times, serif; font-size: 14pt; color: #000000;\"><img decoding=\"async\" class=\"emoji\" draggable=\"false\" src=\"https:\/\/s.w.org\/images\/core\/emoji\/12.0.0-1\/svg\/1f61b.svg\" alt=\"\ud83d\ude1b\" \/> S\u1ed1 l\u01b0\u1ee3ng d\u01b0\u1edbi 50 vi\u00ean s\u1ebd t\u00ednh ph\u00ed v\u1eadn chuy\u1ec3n ho\u1eb7c \u0111\u1eb7t h\u00e0ng tr\u01b0\u1edbc 1 ng\u00e0y<\/span><\/p>\n<p><span style=\"font-family: 'times new roman', times, serif; font-size: 14pt; color: #000000;\"> <img decoding=\"async\" class=\"emoji\" draggable=\"false\" src=\"https:\/\/s.w.org\/images\/core\/emoji\/12.0.0-1\/svg\/1f61b.svg\" alt=\"\ud83d\ude1b\" \/> Mi\u1ec5n ph\u00ed v\u1eadn chuy\u1ec3n\u00a0 \u0111\u01a1n h\u00e0ng t\u1eeb 50 vi\u00ean tr\u1edf l\u00ean v\u00e0 trong Tp Hu\u1ebf. Ngo\u00e0i ra Tr\u1ea7n Th\u1ecb c\u00f3 ship c\u00e1c huy\u1ec7n l\u00e2n c\u1eadn ph\u00ed v\u1eadn chuy\u1ec3n ph\u1ee5 thu\u1ed9c v\u00e0o g\u1ea7n hay xa<\/span><\/p>\n","protected":false},"featured_media":4539,"comment_status":"open","ping_status":"closed","template":"","meta":[],"product_cat":[212,256],"product_tag":[681],"class_list":{"0":"post-960","1":"product","2":"type-product","3":"status-publish","4":"has-post-thumbnail","6":"product_cat-gach-kinh-lay-sang-gach-op-lat","7":"product_cat-gach-op-lat","8":"product_tag-gach-kinh-lay-sang-bot-bien-hue","10":"first","11":"instock","12":"sale","13":"shipping-taxable","14":"purchasable","15":"product-type-simple"},"yoast_head":"<!-- This site is optimized with the Yoast SEO Premium plugin v22.3 (Yoast SEO v23.7) - https:\/\/yoast.com\/wordpress\/plugins\/seo\/ -->\n<title>Gi\u00e1 g\u1ea1ch k\u00ednh l\u1ea5y s\u00e1ng b\u1ecdt bi\u1ec3n t\u1ea1i Hu\u1ebf - 0947.335.871<\/title>\n<meta name=\"description\" content=\"Tr\u1ea7n Th\u1ecb chuy\u00ean cung c\u1ea5p g\u1ea1ch k\u00ednh l\u1ea5y s\u00e1ng nh\u00e0 v\u1ec7 sinh, b\u1ea1n c\u00f4ng, ph\u00f2ng kh\u00e1ch, trang tr\u00ed.., gi\u00e1 r\u1ebb t\u1ea1i hu\u1ebf. \u0110\u1ea3m b\u1ea3o ch\u1ea5t l\u01b0\u1ee3ng\" \/>\n<meta name=\"robots\" content=\"index, follow, max-snippet:-1, max-image-preview:large, max-video-preview:-1\" \/>\n<link rel=\"canonical\" href=\"https:\/\/tranthi.vn\/hue\/gia-gach-kinh-lay-sang-hue\/\" \/>\n<meta property=\"og:locale\" content=\"vi_VN\" \/>\n<meta property=\"og:type\" content=\"article\" \/>\n<meta property=\"og:title\" content=\"G\u1ea1ch K\u00ednh L\u1ea5y S\u00e1ng - B\u1ecdt Bi\u1ec3n\" \/>\n<meta property=\"og:description\" content=\"Tr\u1ea7n Th\u1ecb chuy\u00ean cung c\u1ea5p g\u1ea1ch k\u00ednh l\u1ea5y s\u00e1ng nh\u00e0 v\u1ec7 sinh, b\u1ea1n c\u00f4ng, ph\u00f2ng kh\u00e1ch, trang tr\u00ed.., gi\u00e1 r\u1ebb t\u1ea1i hu\u1ebf. \u0110\u1ea3m b\u1ea3o ch\u1ea5t l\u01b0\u1ee3ng\" \/>\n<meta property=\"og:url\" content=\"https:\/\/tranthi.vn\/hue\/gia-gach-kinh-lay-sang-hue\/\" \/>\n<meta property=\"og:site_name\" content=\"V\u1eadt Li\u1ec7u X\u00e2y D\u1ef1ng Tr\u1ea7n Th\u1ecb Chi Nh\u00e1nh Hu\u1ebf\" \/>\n<meta property=\"article:modified_time\" content=\"2024-07-17T01:48:09+00:00\" \/>\n<meta property=\"og:image\" content=\"https:\/\/tranthi.vn\/hue\/wp-content\/uploads\/2021\/02\/Gach-kinh-lay-sang-bot-bien-Hue-1.jpg\" \/>\n\t<meta property=\"og:image:width\" content=\"400\" \/>\n\t<meta property=\"og:image:height\" content=\"400\" \/>\n\t<meta property=\"og:image:type\" content=\"image\/jpeg\" \/>\n<meta name=\"twitter:card\" content=\"summary_large_image\" \/>\n<meta name=\"twitter:label1\" content=\"Gi\u00e1\" \/>\n\t<meta name=\"twitter:data1\" content=\"49,000&nbsp;&#8363;\" \/>\n\t<meta name=\"twitter:label2\" content=\"Kh\u1ea3 d\u1ee5ng\" \/>\n\t<meta name=\"twitter:data2\" content=\"Trong kho\" \/>\n<script type=\"application\/ld+json\" class=\"yoast-schema-graph\">{\"@context\":\"https:\/\/schema.org\",\"@graph\":[{\"@type\":\"WebPage\",\"@id\":\"https:\/\/tranthi.vn\/hue\/gia-gach-kinh-lay-sang-hue\/\",\"url\":\"https:\/\/tranthi.vn\/hue\/gia-gach-kinh-lay-sang-hue\/\",\"name\":\"Gi\u00e1 g\u1ea1ch k\u00ednh l\u1ea5y s\u00e1ng b\u1ecdt bi\u1ec3n t\u1ea1i Hu\u1ebf - 0947.335.871\",\"isPartOf\":{\"@id\":\"https:\/\/tranthi.vn\/hue\/#website\"},\"primaryImageOfPage\":{\"@id\":\"https:\/\/tranthi.vn\/hue\/gia-gach-kinh-lay-sang-hue\/#primaryimage\"},\"image\":{\"@id\":\"https:\/\/tranthi.vn\/hue\/gia-gach-kinh-lay-sang-hue\/#primaryimage\"},\"thumbnailUrl\":\"https:\/\/tranthi.vn\/hue\/wp-content\/uploads\/2021\/02\/Gach-kinh-lay-sang-bot-bien-Hue-1.jpg\",\"datePublished\":\"2021-02-16T11:09:16+00:00\",\"dateModified\":\"2024-07-17T01:48:09+00:00\",\"description\":\"Tr\u1ea7n Th\u1ecb chuy\u00ean cung c\u1ea5p g\u1ea1ch k\u00ednh l\u1ea5y s\u00e1ng nh\u00e0 v\u1ec7 sinh, b\u1ea1n c\u00f4ng, ph\u00f2ng kh\u00e1ch, trang tr\u00ed.., gi\u00e1 r\u1ebb t\u1ea1i hu\u1ebf. \u0110\u1ea3m b\u1ea3o ch\u1ea5t l\u01b0\u1ee3ng\",\"breadcrumb\":{\"@id\":\"https:\/\/tranthi.vn\/hue\/gia-gach-kinh-lay-sang-hue\/#breadcrumb\"},\"inLanguage\":\"vi\",\"potentialAction\":[{\"@type\":\"ReadAction\",\"target\":[\"https:\/\/tranthi.vn\/hue\/gia-gach-kinh-lay-sang-hue\/\"]}]},{\"@type\":\"ImageObject\",\"inLanguage\":\"vi\",\"@id\":\"https:\/\/tranthi.vn\/hue\/gia-gach-kinh-lay-sang-hue\/#primaryimage\",\"url\":\"https:\/\/tranthi.vn\/hue\/wp-content\/uploads\/2021\/02\/Gach-kinh-lay-sang-bot-bien-Hue-1.jpg\",\"contentUrl\":\"https:\/\/tranthi.vn\/hue\/wp-content\/uploads\/2021\/02\/Gach-kinh-lay-sang-bot-bien-Hue-1.jpg\",\"width\":400,\"height\":400,\"caption\":\"G\u1ea1ch k\u00ednh l\u1ea5y s\u00e1ng b\u1ecdt bi\u1ec3n Hu\u1ebf\"},{\"@type\":\"BreadcrumbList\",\"@id\":\"https:\/\/tranthi.vn\/hue\/gia-gach-kinh-lay-sang-hue\/#breadcrumb\",\"itemListElement\":[{\"@type\":\"ListItem\",\"position\":1,\"name\":\"Trang Ch\u1ee7\",\"item\":\"https:\/\/tranthi.vn\/hue\/\"},{\"@type\":\"ListItem\",\"position\":2,\"name\":\"Shop\",\"item\":\"https:\/\/tranthi.vn\/hue\/shop\/\"},{\"@type\":\"ListItem\",\"position\":3,\"name\":\"G\u1ea1ch K\u00ednh L\u1ea5y S\u00e1ng &#8211; B\u1ecdt Bi\u1ec3n\"}]},{\"@type\":\"WebSite\",\"@id\":\"https:\/\/tranthi.vn\/hue\/#website\",\"url\":\"https:\/\/tranthi.vn\/hue\/\",\"name\":\"VLXD Tr\u1ea7n Th\u1ecb\",\"description\":\"V\u1eadt Li\u1ec7u X\u00e2y D\u1ef1ng - Hu\u1ebf\",\"publisher\":{\"@id\":\"https:\/\/tranthi.vn\/hue\/#organization\"},\"potentialAction\":[{\"@type\":\"SearchAction\",\"target\":{\"@type\":\"EntryPoint\",\"urlTemplate\":\"https:\/\/tranthi.vn\/hue\/?s={search_term_string}\"},\"query-input\":{\"@type\":\"PropertyValueSpecification\",\"valueRequired\":true,\"valueName\":\"search_term_string\"}}],\"inLanguage\":\"vi\"},{\"@type\":[\"Organization\",\"Place\"],\"@id\":\"https:\/\/tranthi.vn\/hue\/#organization\",\"name\":\"VLXD Tr\u1ea7n Th\u1ecb\",\"url\":\"https:\/\/tranthi.vn\/hue\/\",\"logo\":{\"@id\":\"https:\/\/tranthi.vn\/hue\/gia-gach-kinh-lay-sang-hue\/#local-main-organization-logo\"},\"image\":{\"@id\":\"https:\/\/tranthi.vn\/hue\/gia-gach-kinh-lay-sang-hue\/#local-main-organization-logo\"},\"telephone\":[],\"openingHoursSpecification\":[{\"@type\":\"OpeningHoursSpecification\",\"dayOfWeek\":[\"Monday\",\"Tuesday\",\"Wednesday\",\"Thursday\",\"Friday\",\"Saturday\",\"Sunday\"],\"opens\":\"09:00\",\"closes\":\"17:00\"}]},{\"@type\":\"ImageObject\",\"inLanguage\":\"vi\",\"@id\":\"https:\/\/tranthi.vn\/hue\/gia-gach-kinh-lay-sang-hue\/#local-main-organization-logo\",\"url\":\"https:\/\/tranthi.vn\/hue\/wp-content\/uploads\/2021\/02\/logo-tranthi1.jpg\",\"contentUrl\":\"https:\/\/tranthi.vn\/hue\/wp-content\/uploads\/2021\/02\/logo-tranthi1.jpg\",\"width\":800,\"height\":319,\"caption\":\"VLXD Tr\u1ea7n Th\u1ecb\"}]}<\/script>\n<meta property=\"product:price:amount\" content=\"49000\" \/>\n<meta property=\"product:price:currency\" content=\"VND\" \/>\n<meta property=\"og:availability\" content=\"instock\" \/>\n<meta property=\"product:availability\" content=\"instock\" \/>\n<meta property=\"product:condition\" content=\"new\" \/>\n<!-- \/ Yoast SEO Premium plugin. -->","yoast_head_json":{"title":"Gi\u00e1 g\u1ea1ch k\u00ednh l\u1ea5y s\u00e1ng b\u1ecdt bi\u1ec3n t\u1ea1i Hu\u1ebf - 0947.335.871","description":"Tr\u1ea7n Th\u1ecb chuy\u00ean cung c\u1ea5p g\u1ea1ch k\u00ednh l\u1ea5y s\u00e1ng nh\u00e0 v\u1ec7 sinh, b\u1ea1n c\u00f4ng, ph\u00f2ng kh\u00e1ch, trang tr\u00ed.., gi\u00e1 r\u1ebb t\u1ea1i hu\u1ebf. \u0110\u1ea3m b\u1ea3o ch\u1ea5t l\u01b0\u1ee3ng","robots":{"index":"index","follow":"follow","max-snippet":"max-snippet:-1","max-image-preview":"max-image-preview:large","max-video-preview":"max-video-preview:-1"},"canonical":"https:\/\/tranthi.vn\/hue\/gia-gach-kinh-lay-sang-hue\/","og_locale":"vi_VN","og_type":"article","og_title":"G\u1ea1ch K\u00ednh L\u1ea5y S\u00e1ng - B\u1ecdt Bi\u1ec3n","og_description":"Tr\u1ea7n Th\u1ecb chuy\u00ean cung c\u1ea5p g\u1ea1ch k\u00ednh l\u1ea5y s\u00e1ng nh\u00e0 v\u1ec7 sinh, b\u1ea1n c\u00f4ng, ph\u00f2ng kh\u00e1ch, trang tr\u00ed.., gi\u00e1 r\u1ebb t\u1ea1i hu\u1ebf. \u0110\u1ea3m b\u1ea3o ch\u1ea5t l\u01b0\u1ee3ng","og_url":"https:\/\/tranthi.vn\/hue\/gia-gach-kinh-lay-sang-hue\/","og_site_name":"V\u1eadt Li\u1ec7u X\u00e2y D\u1ef1ng Tr\u1ea7n Th\u1ecb Chi Nh\u00e1nh Hu\u1ebf","article_modified_time":"2024-07-17T01:48:09+00:00","og_image":[{"width":400,"height":400,"url":"https:\/\/tranthi.vn\/hue\/wp-content\/uploads\/2021\/02\/Gach-kinh-lay-sang-bot-bien-Hue-1.jpg","type":"image\/jpeg"}],"twitter_card":"summary_large_image","twitter_misc":{"Gi\u00e1":"49,000&nbsp;&#8363;","Kh\u1ea3 d\u1ee5ng":"Trong kho"},"schema":{"@context":"https:\/\/schema.org","@graph":[{"@type":"WebPage","@id":"https:\/\/tranthi.vn\/hue\/gia-gach-kinh-lay-sang-hue\/","url":"https:\/\/tranthi.vn\/hue\/gia-gach-kinh-lay-sang-hue\/","name":"Gi\u00e1 g\u1ea1ch k\u00ednh l\u1ea5y s\u00e1ng b\u1ecdt bi\u1ec3n t\u1ea1i Hu\u1ebf - 0947.335.871","isPartOf":{"@id":"https:\/\/tranthi.vn\/hue\/#website"},"primaryImageOfPage":{"@id":"https:\/\/tranthi.vn\/hue\/gia-gach-kinh-lay-sang-hue\/#primaryimage"},"image":{"@id":"https:\/\/tranthi.vn\/hue\/gia-gach-kinh-lay-sang-hue\/#primaryimage"},"thumbnailUrl":"https:\/\/tranthi.vn\/hue\/wp-content\/uploads\/2021\/02\/Gach-kinh-lay-sang-bot-bien-Hue-1.jpg","datePublished":"2021-02-16T11:09:16+00:00","dateModified":"2024-07-17T01:48:09+00:00","description":"Tr\u1ea7n Th\u1ecb chuy\u00ean cung c\u1ea5p g\u1ea1ch k\u00ednh l\u1ea5y s\u00e1ng nh\u00e0 v\u1ec7 sinh, b\u1ea1n c\u00f4ng, ph\u00f2ng kh\u00e1ch, trang tr\u00ed.., gi\u00e1 r\u1ebb t\u1ea1i hu\u1ebf. \u0110\u1ea3m b\u1ea3o ch\u1ea5t l\u01b0\u1ee3ng","breadcrumb":{"@id":"https:\/\/tranthi.vn\/hue\/gia-gach-kinh-lay-sang-hue\/#breadcrumb"},"inLanguage":"vi","potentialAction":[{"@type":"ReadAction","target":["https:\/\/tranthi.vn\/hue\/gia-gach-kinh-lay-sang-hue\/"]}]},{"@type":"ImageObject","inLanguage":"vi","@id":"https:\/\/tranthi.vn\/hue\/gia-gach-kinh-lay-sang-hue\/#primaryimage","url":"https:\/\/tranthi.vn\/hue\/wp-content\/uploads\/2021\/02\/Gach-kinh-lay-sang-bot-bien-Hue-1.jpg","contentUrl":"https:\/\/tranthi.vn\/hue\/wp-content\/uploads\/2021\/02\/Gach-kinh-lay-sang-bot-bien-Hue-1.jpg","width":400,"height":400,"caption":"G\u1ea1ch k\u00ednh l\u1ea5y s\u00e1ng b\u1ecdt bi\u1ec3n Hu\u1ebf"},{"@type":"BreadcrumbList","@id":"https:\/\/tranthi.vn\/hue\/gia-gach-kinh-lay-sang-hue\/#breadcrumb","itemListElement":[{"@type":"ListItem","position":1,"name":"Trang Ch\u1ee7","item":"https:\/\/tranthi.vn\/hue\/"},{"@type":"ListItem","position":2,"name":"Shop","item":"https:\/\/tranthi.vn\/hue\/shop\/"},{"@type":"ListItem","position":3,"name":"G\u1ea1ch K\u00ednh L\u1ea5y S\u00e1ng &#8211; B\u1ecdt Bi\u1ec3n"}]},{"@type":"WebSite","@id":"https:\/\/tranthi.vn\/hue\/#website","url":"https:\/\/tranthi.vn\/hue\/","name":"VLXD Tr\u1ea7n Th\u1ecb","description":"V\u1eadt Li\u1ec7u X\u00e2y D\u1ef1ng - Hu\u1ebf","publisher":{"@id":"https:\/\/tranthi.vn\/hue\/#organization"},"potentialAction":[{"@type":"SearchAction","target":{"@type":"EntryPoint","urlTemplate":"https:\/\/tranthi.vn\/hue\/?s={search_term_string}"},"query-input":{"@type":"PropertyValueSpecification","valueRequired":true,"valueName":"search_term_string"}}],"inLanguage":"vi"},{"@type":["Organization","Place"],"@id":"https:\/\/tranthi.vn\/hue\/#organization","name":"VLXD Tr\u1ea7n Th\u1ecb","url":"https:\/\/tranthi.vn\/hue\/","logo":{"@id":"https:\/\/tranthi.vn\/hue\/gia-gach-kinh-lay-sang-hue\/#local-main-organization-logo"},"image":{"@id":"https:\/\/tranthi.vn\/hue\/gia-gach-kinh-lay-sang-hue\/#local-main-organization-logo"},"telephone":[],"openingHoursSpecification":[{"@type":"OpeningHoursSpecification","dayOfWeek":["Monday","Tuesday","Wednesday","Thursday","Friday","Saturday","Sunday"],"opens":"09:00","closes":"17:00"}]},{"@type":"ImageObject","inLanguage":"vi","@id":"https:\/\/tranthi.vn\/hue\/gia-gach-kinh-lay-sang-hue\/#local-main-organization-logo","url":"https:\/\/tranthi.vn\/hue\/wp-content\/uploads\/2021\/02\/logo-tranthi1.jpg","contentUrl":"https:\/\/tranthi.vn\/hue\/wp-content\/uploads\/2021\/02\/logo-tranthi1.jpg","width":800,"height":319,"caption":"VLXD Tr\u1ea7n Th\u1ecb"}]},"product_price_amount":"49000","product_price_currency":"VND","og_availability":"instock","product_availability":"instock","product_condition":"new"},"_links":{"self":[{"href":"https:\/\/tranthi.vn\/hue\/wp-json\/wp\/v2\/product\/960","targetHints":{"allow":["GET"]}}],"collection":[{"href":"https:\/\/tranthi.vn\/hue\/wp-json\/wp\/v2\/product"}],"about":[{"href":"https:\/\/tranthi.vn\/hue\/wp-json\/wp\/v2\/types\/product"}],"replies":[{"embeddable":true,"href":"https:\/\/tranthi.vn\/hue\/wp-json\/wp\/v2\/comments?post=960"}],"wp:featuredmedia":[{"embeddable":true,"href":"https:\/\/tranthi.vn\/hue\/wp-json\/wp\/v2\/media\/4539"}],"wp:attachment":[{"href":"https:\/\/tranthi.vn\/hue\/wp-json\/wp\/v2\/media?parent=960"}],"wp:term":[{"taxonomy":"product_cat","embeddable":true,"href":"https:\/\/tranthi.vn\/hue\/wp-json\/wp\/v2\/product_cat?post=960"},{"taxonomy":"product_tag","embeddable":true,"href":"https:\/\/tranthi.vn\/hue\/wp-json\/wp\/v2\/product_tag?post=960"}],"curies":[{"name":"wp","href":"https:\/\/api.w.org\/{rel}","templated":true}]}}