{"id":5647,"date":"2024-07-16T08:45:23","date_gmt":"2024-07-16T01:45:23","guid":{"rendered":"https:\/\/tranthi.vn\/hue\/?post_type=product&#038;p=5647"},"modified":"2024-07-16T08:45:24","modified_gmt":"2024-07-16T01:45:24","slug":"ngoi-liet-hue","status":"publish","type":"product","link":"https:\/\/tranthi.vn\/hue\/ngoi-liet-hue\/","title":{"rendered":"Ng\u00f3i li\u1ec7t"},"content":{"rendered":"<div class=\"flex flex-grow flex-col max-w-full\">\n<div class=\"min-h-[20px] text-message flex flex-col items-start whitespace-pre-wrap break-words [.text-message+&amp;]:mt-5 juice:w-full juice:items-end overflow-x-auto gap-2\" dir=\"auto\" data-message-author-role=\"assistant\" data-message-id=\"d9dbe630-06dd-42e8-9302-bf43bd26fc45\">\n<div class=\"flex w-full flex-col gap-1 juice:empty:hidden juice:first:pt-[3px]\">\n<div class=\"markdown prose w-full break-words dark:prose-invert light\">\n<h1 style=\"text-align: center;\"><span style=\"color: #ff0000; font-family: 'times new roman', times, serif; font-size: 130%;\"><strong>B\u1ea3ng gi\u00e1 ng\u00f3i li\u1ec7t t\u1ea1i <a style=\"color: #ff0000;\" href=\"https:\/\/vi.wikipedia.org\/wiki\/Hu%E1%BA%BF\">Hu\u1ebf<\/a><\/strong><\/span><\/h1>\n<h2><span style=\"font-family: 'times new roman', times, serif; font-size: 130%;\"><strong>1.Ng\u00f3i li\u1ec7t l\u00e0 g\u00ec? V\u00e0i n\u00e9t v\u1ec1 s\u1ef1 ra \u0111\u1eddi c\u1ee7a c\u00e1ch l\u1ee3p ng\u00f3i li\u1ec7t<\/strong><\/span><\/h2>\n<ul>\n<li style=\"list-style-type: none;\">\n<ul>\n<li><span style=\"font-family: 'times new roman', times, serif; font-size: 130%;\">Ngu\u1ed3n g\u1ed1c: Lo\u1ea1i ng\u00f3i t\u1eeb \u0111\u1ea5t s\u00e9t, xu\u1ea5t hi\u1ec7n t\u1eeb \u0111\u1ea7u th\u1ebf k\u1ef7 19.<\/span><\/li>\n<li><span style=\"font-family: 'times new roman', times, serif; font-size: 130%;\">H\u00ecnh d\u00e1ng: Ch\u1eef nh\u1eadt m\u1ecfng manh, l\u1ee3p th\u00e0nh nhi\u1ec1u l\u1edbp, c\u00e1ch nhi\u1ec7t t\u1ed1t.<\/span><\/li>\n<li><span style=\"font-family: 'times new roman', times, serif; font-size: 130%;\">C\u1ea5u tr\u00fac: Ng\u00f3i nh\u1ecf x\u1ebfp tr\u00ean khung m\u00e1i g\u1ed7, gi\u1eef b\u1eb1ng l\u1ef1c ma s\u00e1t v\u00e0 ch\u1ed1t ch\u1eb7n.<\/span><\/li>\n<\/ul>\n<\/li>\n<\/ul>\n<h2><span style=\"font-family: 'times new roman', times, serif; font-size: 130%;\"><strong>2.L\u1ee3p m\u00e1i ng\u00f3i li\u1ec7t c\u00f3 \u0111\u1eaft kh\u00f4ng?<\/strong><\/span><\/h2>\n<ul>\n<li><span style=\"font-family: 'times new roman', times, serif; font-size: 130%;\">Gi\u00e1 tr\u01b0\u1edbc \u0111\u00e2y: 750 \u0111\u1ed3ng\/vi\u00ean, m\u1ed7i m\u1ebb kho\u1ea3ng 150-200 tri\u1ec7u \u0111\u1ed3ng (160 ngh\u00ecn vi\u00ean).<\/span><\/li>\n<li><span style=\"font-family: 'times new roman', times, serif; font-size: 130%;\">Kh\u00e1ch h\u00e0ng: C\u00e1c gia \u0111\u00ecnh thay ng\u00f3i t\u1ea1i nh\u00e0 r\u01b0\u1eddng, di t\u00edch Hu\u1ebf, nh\u00e0 truy\u1ec1n th\u1ed1ng.<\/span><\/li>\n<li><span style=\"font-family: 'times new roman', times, serif; font-size: 130%;\">Gi\u00e1 hi\u1ec7n nay: 2.500 \u0111\u1ed3ng\/vi\u00ean, gi\u00e1 r\u1ebb h\u01a1n so v\u1edbi c\u00e1c lo\u1ea1i <em><strong>ng\u00f3i<\/strong><\/em> truy\u1ec1n th\u1ed1ng kh\u00e1c.<\/span><\/li>\n<li><span style=\"font-family: 'times new roman', times, serif; font-size: 130%;\">T\u1ed5ng chi ph\u00ed: M\u1eb7c d\u00f9 gi\u00e1 r\u1ebb nh\u01b0ng ph\u1ea3i l\u1ee3p nhi\u1ec1u l\u1edbp, t\u1ed5ng chi ph\u00ed kh\u00f4ng th\u1ea5p h\u01a1n so v\u1edbi c\u00e1c lo\u1ea1i ng\u00f3i kh\u00e1c.<\/span><\/li>\n<\/ul>\n<p><span style=\"font-family: 'times new roman', times, serif; font-size: 130%;\"><img loading=\"lazy\" decoding=\"async\" class=\"alignnone size-full wp-image-5649\" src=\"https:\/\/tranthi.vn\/hue\/wp-content\/uploads\/2024\/07\/ngoi-liet-hue_optimized.jpg\" alt=\"\" width=\"320\" height=\"419\" \/><\/span><\/p>\n<h2><span style=\"font-family: 'times new roman', times, serif; font-size: 130%;\"><strong>3.T\u00ecm hi\u1ec3u quy tr\u00ecnh s\u1ea3n xu\u1ea5t ng\u00f3i li\u1ec7t l\u00e0m c\u01a1 s\u1edf nghi\u00ean c\u1ee9u c\u00e1ch l\u1ee3p ng\u00f3i li\u1ec7t truy\u1ec1n th\u1ed1ng.<\/strong><\/span><\/h2>\n<ul>\n<li style=\"list-style-type: none;\">\n<ul>\n<li><span style=\"font-family: 'times new roman', times, serif; font-size: 130%;\">Ng\u00f3i l\u00e0m t\u1eeb \u0111\u1ea5t s\u00e9t m\u1ecbn, d\u1ebbo, c\u00f3 m\u00e0u tro ho\u1eb7c n\u00e2u v\u00e0ng.<\/span><\/li>\n<li><span style=\"font-family: 'times new roman', times, serif; font-size: 130%;\">Luy\u1ec7n \u0111\u1ea5t v\u1edbi n\u01b0\u1edbc \u0111\u1ec3 \u0111\u1ea1t \u0111\u1ed9 d\u1ebbo ph\u00f9 h\u1ee3p, kh\u00f4ng qu\u00e1 nhi\u1ec1u ho\u1eb7c \u00edt n\u01b0\u1edbc.<\/span><\/li>\n<li><span style=\"font-family: 'times new roman', times, serif; font-size: 130%;\">\u0110\u1eb7t \u0111\u1ea5t v\u00e0o khu\u00f4n h\u00ecnh ch\u1eef nh\u1eadt, n\u00e9n \u0111\u1ec1u v\u00e0 c\u1eaft b\u1ecf \u0111\u1ea5t th\u1eeba.<\/span><\/li>\n<li><span style=\"font-family: 'times new roman', times, serif; font-size: 130%;\">Ph\u01a1i n\u1eafng v\u00e0 nung trong l\u00f2, c\u1ea7n ng\u01b0\u1eddi c\u00f3 kinh nghi\u1ec7m \u0111\u1ec3 \u0111\u1ea3m b\u1ea3o ch\u1ea5t l\u01b0\u1ee3ng.<\/span><\/li>\n<\/ul>\n<\/li>\n<\/ul>\n<p><span style=\"font-family: 'times new roman', times, serif; font-size: 130%;\"><img loading=\"lazy\" decoding=\"async\" class=\"alignnone size-full wp-image-5650\" src=\"https:\/\/tranthi.vn\/hue\/wp-content\/uploads\/2024\/07\/ngoi-liet-hue-gia-re_optimized.jpg\" alt=\"\" width=\"320\" height=\"460\" \/><img loading=\"lazy\" decoding=\"async\" class=\"alignnone  wp-image-5648\" src=\"https:\/\/tranthi.vn\/hue\/wp-content\/uploads\/2024\/07\/ngoi-liet-gia-re-hue_optimized.jpg\" alt=\"\" width=\"352\" height=\"461\" \/><\/span><\/p>\n<h2><span style=\"font-family: 'times new roman', times, serif; font-size: 130%;\"><strong>4.T\u00ecm hi\u1ec3u \u01b0u nh\u01b0\u1ee3c \u0111i\u1ec3m c\u1ee7a ng\u00f3i li\u1ec7t t\u1ea1i Hu\u1ebf<\/strong><\/span><\/h2>\n<ul>\n<li><span style=\"font-family: 'times new roman', times, serif; font-size: 130%;\">\u01afu \u0111i\u1ec3m:<\/span>\n<ul>\n<li><span style=\"font-family: 'times new roman', times, serif; font-size: 130%;\">Th\u1ea9m m\u1ef9 cao, ph\u00f9 h\u1ee3p v\u1edbi c\u00e1c c\u00f4ng tr\u00ecnh nh\u00e0 r\u01b0\u1eddng \u1edf <strong>Hu\u1ebf<\/strong>.<\/span><\/li>\n<li><span style=\"font-family: 'times new roman', times, serif; font-size: 130%;\">Gi\u00e1 c\u1ea3 ph\u1ea3i ch\u0103ng, r\u1ebb h\u01a1n nhi\u1ec1u so v\u1edbi c\u00e1c lo\u1ea1i ng\u00f3i kh\u00e1c.<\/span><\/li>\n<li><span style=\"font-family: 'times new roman', times, serif; font-size: 130%;\">L\u1ee3p \u0111\u01a1n gi\u1ea3n, kh\u00f4ng c\u1ea7n k\u1ef9 thu\u1eadt ph\u1ee9c t\u1ea1p, ch\u1ec9 c\u1ea7n kinh nghi\u1ec7m.<\/span><\/li>\n<li><span style=\"font-family: 'times new roman', times, serif; font-size: 130%;\">Tr\u1ecdng l\u01b0\u1ee3ng nh\u1eb9, d\u1ec5 v\u1eadn chuy\u1ec3n v\u00e0 thi c\u00f4ng.<\/span><\/li>\n<li><span style=\"font-family: 'times new roman', times, serif; font-size: 130%;\">C\u00e1ch nhi\u1ec7t t\u1ed1t, mang l\u1ea1i c\u1ea3m gi\u00e1c m\u00e1t m\u1ebb m\u00f9a h\u00e8 v\u00e0 \u1ea5m \u00e1p m\u00f9a \u0111\u00f4ng.<\/span><\/li>\n<\/ul>\n<\/li>\n<li><span style=\"font-family: 'times new roman', times, serif; font-size: 130%;\">Nh\u01b0\u1ee3c \u0111i\u1ec3m:<\/span>\n<ul>\n<li><span style=\"font-family: 'times new roman', times, serif; font-size: 130%;\">D\u1ec5 b\u1ecb t\u1ed1c m\u00e1i v\u00e0 t\u1ee5t, \u0111\u1eb7c bi\u1ec7t l\u00e0 c\u00e1c v\u00f9ng m\u00e1i c\u00f3 \u0111\u1ed9 d\u1ed1c l\u1edbn.<\/span><\/li>\n<\/ul>\n<\/li>\n<\/ul>\n<h2><span style=\"font-family: 'times new roman', times, serif; font-size: 130%;\"><strong>5.H\u01b0\u1edbng d\u1eabn c\u00e1ch l\u1ee3p ng\u00f3i li\u1ec7t \u0111\u00fang quy tr\u00ecnh v\u00e0 hi\u1ec7u qu\u1ea3<\/strong><\/span><\/h2>\n<ul>\n<li><span style=\"font-family: 'times new roman', times, serif; font-size: 130%;\">C\u00e1ch l\u1ee3p <strong>ng\u00f3i li\u1ec7t<\/strong> \u0111\u00fang quy tr\u00ecnh:<\/span>\n<ul>\n<li><span style=\"font-family: 'times new roman', times, serif; font-size: 130%;\">L\u1ee3p nhi\u1ec1u l\u1edbp \u0111\u1ec3 gia t\u0103ng kh\u1ea3 n\u0103ng c\u00e1ch nhi\u1ec7t.<\/span><\/li>\n<li><span style=\"font-family: 'times new roman', times, serif; font-size: 130%;\">Ng\u00f3i ph\u1ee7 men, \u0111\u1ea3m b\u1ea3o ph\u1ea7n men h\u01b0\u1edbng xu\u1ed1ng d\u01b0\u1edbi \u0111\u1ec3 t\u0103ng t\u00ednh th\u1ea9m m\u1ef9.<\/span><\/li>\n<li><span style=\"font-family: 'times new roman', times, serif; font-size: 130%;\">T\u1ea1o n\u1ec1n ph\u1eb3ng \u0111\u1ec3 d\u00e1n c\u00e1c lo\u1ea1i ng\u00f3i kh\u00e1c.<\/span><\/li>\n<li><span style=\"font-family: 'times new roman', times, serif; font-size: 130%;\">\u0110\u1ea3m b\u1ea3o ch\u1ed1ng tr\u01b0\u1ee3t b\u1eb1ng l\u00e1ch ch\u1eb7n \u0111\u00fang k\u00edch c\u1ee1 v\u00e0 s\u1ed1 l\u01b0\u1ee3ng.<\/span><\/li>\n<li><span style=\"font-family: 'times new roman', times, serif; font-size: 130%;\">X\u1ebfp ng\u00f3i \u0111an xen ki\u1ec3u l\u00f3ng ba, l\u00f3ng t\u01b0, ph\u00f9 h\u1ee3p v\u1edbi \u0111\u1ed9 d\u1ed1c c\u1ee7a m\u00e1i.<\/span><\/li>\n<\/ul>\n<\/li>\n<\/ul>\n<h2><span style=\"font-family: 'times new roman', times, serif; font-size: 130%;\"><strong>6.Nh\u1eefng c\u00e1ch kh\u1eafc ph\u1ee5c nh\u01b0\u1ee3c \u0111i\u1ec3m c\u1ee7a m\u00e1i ng\u00f3i li\u1ec7t \u1edf Hu\u1ebf khi s\u1eed d\u1ee5ng<\/strong><\/span><\/h2>\n<ul>\n<li><span style=\"font-family: 'times new roman', times, serif; font-size: 130%;\">Gia c\u01b0\u1eddng v\u00e0 b\u1ea3o qu\u1ea3n k\u1ebft c\u1ea5u g\u1ed7 \u0111\u1ec3 \u0111\u1ea3m b\u1ea3o \u0111\u1ed9 \u1ed5n \u0111\u1ecbnh c\u1ee7a m\u00e1i ng\u00f3i.<\/span><\/li>\n<li><span style=\"font-family: 'times new roman', times, serif; font-size: 130%;\">Ch\u1ed1ng t\u1ee5t v\u00e0 n\u1ee9t b\u1edd m\u00e1i b\u1eb1ng c\u00e1ch \u0111\u00f3ng thanh b\u1ed3 ch\u1ed1ng tr\u01b0\u1ee3t v\u00e0 gia c\u01b0\u1eddng b\u1eb1ng thanh s\u1eaft.<\/span><\/li>\n<li><span style=\"font-family: 'times new roman', times, serif; font-size: 130%;\">Chia nh\u1ecf v\u00f9ng ng\u00f3i b\u1eb1ng v\u1eefa \u0111\u1ec3 ng\u0103n ch\u1eb7n t\u1ee5t v\u00e0 t\u1ed1c ng\u00f3i.<\/span><\/li>\n<li><span style=\"font-family: 'times new roman', times, serif; font-size: 130%;\">Gia c\u01b0\u1eddng li\u00ean k\u1ebft ng\u00f3i t\u1ea1i c\u00e1c v\u00f9ng g\u1ea7y m\u00e1i \u0111\u1ec3 ch\u1ed1ng \u00e1p l\u1ef1c gi\u00f3 b\u00e3o.<\/span><\/li>\n<\/ul>\n<p><span style=\"font-family: 'times new roman', times, serif; font-size: 130%;\">\u0110\u00e2y l\u00e0 c\u00e1c th\u00f4ng tin c\u01a1 b\u1ea3n v\u00e0 h\u01b0\u1edbng d\u1eabn chi ti\u1ebft v\u1ec1 ng\u00f3i li\u1ec7t t\u1ea1i <a href=\"https:\/\/vi.wikipedia.org\/wiki\/Hu%E1%BA%BF\"><em>Hu\u1ebf<\/em><\/a>, hy v\u1ecdng s\u1ebd h\u1eefu \u00edch cho b\u1ea1n trong c\u00f4ng vi\u1ec7c kinh doanh v\u00e0 x\u00e2y d\u1ef1ng.<\/span><\/p>\n<\/div>\n<\/div>\n<\/div>\n<\/div>\n","protected":false},"excerpt":{"rendered":"<p><strong><span style=\"font-family: 'times new roman', times, serif; font-size: 130%;\">Ng\u00f3i Li\u1ec7t 400 vi\u00ean\/m2<\/span><\/strong><\/p>\n<p><span style=\"font-family: 'times new roman', times, serif; font-size: 130%;\">\ud83e\udd70Ch\u00e2t li\u1ec7u: \u0110\u1ea5t nung<\/span><\/p>\n<p><span style=\"font-family: 'times new roman', times, serif; font-size: 130%;\">\ud83e\udd70Gam m\u00e0u: M\u00e0u tro ho\u1eb7c n\u00e2u v\u00e0ng, \u0111\u1ecf nh\u1ea1t.<\/span><\/p>\n<p><span style=\"font-family: 'times new roman', times, serif; font-size: 130%;\">\ud83e\udd70\u0110\u01a1n gi\u00e1: <span style=\"color: #ff0000;\"><strong>2.500\u0111\/vi\u00ean<\/strong><\/span><\/span><\/p>\n<p><span style=\"font-family: 'times new roman', times, serif; font-size: 130%;\">\ud83e\udd70Giao h\u00e0ng trong t\u1ec9nh Th\u1eeba Thi\u00ean Hu\u1ebf.<\/span><\/p>\n<p><em><span style=\"font-family: 'times new roman', times, serif; font-size: 130%;\">Ph\u00ed v\u1eadn chuy\u1ec3n ph\u1ee5 thu\u1ed9c v\u00e0o t\u1eebng v\u1ecb tr\u00ed.<\/span><\/em><\/p>\n<p><span style=\"font-family: 'times new roman', times, serif; font-size: 130%;\">\u260e\ufe0f\u260e\ufe0fVui l\u00f2ng li\u00ean h\u1ec7 s\u1ed1 <em><strong>0975.863.665 &#8211; 0905.177.966<\/strong><\/em> \u0111\u1ec3 \u0111\u01b0\u1ee3c t\u01b0 v\u1ea5n tr\u1ef1c ti\u1ebfp.<\/span><\/p>\n","protected":false},"featured_media":5649,"comment_status":"closed","ping_status":"closed","template":"","meta":[],"product_cat":[924,1047],"product_tag":[],"class_list":{"0":"post-5647","1":"product","2":"type-product","3":"status-publish","4":"has-post-thumbnail","6":"product_cat-da-trang-tri-ngoi-lop","7":"product_cat-ngoi-liet","9":"first","10":"instock","11":"sale","12":"shipping-taxable","13":"purchasable","14":"product-type-simple"},"yoast_head":"<!-- This site is optimized with the Yoast SEO Premium plugin v22.3 (Yoast SEO v23.7) - https:\/\/yoast.com\/wordpress\/plugins\/seo\/ -->\n<title>Ng\u00f3i li\u1ec7t t\u1ea1i Hu\u1ebf-0975863665<\/title>\n<meta name=\"description\" content=\"\u0110\u00e2y l\u00e0 c\u00e1c th\u00f4ng tin c\u01a1 b\u1ea3n v\u00e0 h\u01b0\u1edbng d\u1eabn chi ti\u1ebft v\u1ec1 ng\u00f3i li\u1ec7t t\u1ea1i Hu\u1ebf, Tr\u1ea7n th\u1ecb mong mu\u1ed1n mang \u0111\u1ebfn s\u1ea3n ph\u1ea9m uy t\u00edn ch\u1ea5t l\u01b0\u1ee3ng \u0111\u1ebfn kh\u00e1ch h\u00e0ng\" \/>\n<meta name=\"robots\" content=\"index, follow, max-snippet:-1, max-image-preview:large, max-video-preview:-1\" \/>\n<link rel=\"canonical\" href=\"https:\/\/tranthi.vn\/hue\/ngoi-liet-hue\/\" \/>\n<meta property=\"og:locale\" content=\"vi_VN\" \/>\n<meta property=\"og:type\" content=\"article\" \/>\n<meta property=\"og:title\" content=\"Ng\u00f3i li\u1ec7t\" \/>\n<meta property=\"og:description\" content=\"\u0110\u00e2y l\u00e0 c\u00e1c th\u00f4ng tin c\u01a1 b\u1ea3n v\u00e0 h\u01b0\u1edbng d\u1eabn chi ti\u1ebft v\u1ec1 ng\u00f3i li\u1ec7t t\u1ea1i Hu\u1ebf, Tr\u1ea7n th\u1ecb mong mu\u1ed1n mang \u0111\u1ebfn s\u1ea3n ph\u1ea9m uy t\u00edn ch\u1ea5t l\u01b0\u1ee3ng \u0111\u1ebfn kh\u00e1ch h\u00e0ng\" \/>\n<meta property=\"og:url\" content=\"https:\/\/tranthi.vn\/hue\/ngoi-liet-hue\/\" \/>\n<meta property=\"og:site_name\" content=\"V\u1eadt Li\u1ec7u X\u00e2y D\u1ef1ng Tr\u1ea7n Th\u1ecb Chi Nh\u00e1nh Hu\u1ebf\" \/>\n<meta property=\"article:modified_time\" content=\"2024-07-16T01:45:24+00:00\" \/>\n<meta property=\"og:image\" content=\"https:\/\/tranthi.vn\/hue\/wp-content\/uploads\/2024\/07\/ngoi-liet-hue_optimized.jpg\" \/>\n\t<meta property=\"og:image:width\" content=\"320\" \/>\n\t<meta property=\"og:image:height\" content=\"419\" \/>\n\t<meta property=\"og:image:type\" content=\"image\/jpeg\" \/>\n<meta name=\"twitter:card\" content=\"summary_large_image\" \/>\n<meta name=\"twitter:label1\" content=\"Gi\u00e1\" \/>\n\t<meta name=\"twitter:data1\" content=\"2,500&nbsp;&#8363;\" \/>\n\t<meta name=\"twitter:label2\" content=\"Kh\u1ea3 d\u1ee5ng\" \/>\n\t<meta name=\"twitter:data2\" content=\"Trong kho\" \/>\n<script type=\"application\/ld+json\" class=\"yoast-schema-graph\">{\"@context\":\"https:\/\/schema.org\",\"@graph\":[{\"@type\":\"WebPage\",\"@id\":\"https:\/\/tranthi.vn\/hue\/ngoi-liet-hue\/\",\"url\":\"https:\/\/tranthi.vn\/hue\/ngoi-liet-hue\/\",\"name\":\"Ng\u00f3i li\u1ec7t t\u1ea1i Hu\u1ebf-0975863665\",\"isPartOf\":{\"@id\":\"https:\/\/tranthi.vn\/hue\/#website\"},\"primaryImageOfPage\":{\"@id\":\"https:\/\/tranthi.vn\/hue\/ngoi-liet-hue\/#primaryimage\"},\"image\":{\"@id\":\"https:\/\/tranthi.vn\/hue\/ngoi-liet-hue\/#primaryimage\"},\"thumbnailUrl\":\"https:\/\/tranthi.vn\/hue\/wp-content\/uploads\/2024\/07\/ngoi-liet-hue_optimized.jpg\",\"datePublished\":\"2024-07-16T01:45:23+00:00\",\"dateModified\":\"2024-07-16T01:45:24+00:00\",\"description\":\"\u0110\u00e2y l\u00e0 c\u00e1c th\u00f4ng tin c\u01a1 b\u1ea3n v\u00e0 h\u01b0\u1edbng d\u1eabn chi ti\u1ebft v\u1ec1 ng\u00f3i li\u1ec7t t\u1ea1i Hu\u1ebf, Tr\u1ea7n th\u1ecb mong mu\u1ed1n mang \u0111\u1ebfn s\u1ea3n ph\u1ea9m uy t\u00edn ch\u1ea5t l\u01b0\u1ee3ng \u0111\u1ebfn kh\u00e1ch h\u00e0ng\",\"breadcrumb\":{\"@id\":\"https:\/\/tranthi.vn\/hue\/ngoi-liet-hue\/#breadcrumb\"},\"inLanguage\":\"vi\",\"potentialAction\":[{\"@type\":\"ReadAction\",\"target\":[\"https:\/\/tranthi.vn\/hue\/ngoi-liet-hue\/\"]}]},{\"@type\":\"ImageObject\",\"inLanguage\":\"vi\",\"@id\":\"https:\/\/tranthi.vn\/hue\/ngoi-liet-hue\/#primaryimage\",\"url\":\"https:\/\/tranthi.vn\/hue\/wp-content\/uploads\/2024\/07\/ngoi-liet-hue_optimized.jpg\",\"contentUrl\":\"https:\/\/tranthi.vn\/hue\/wp-content\/uploads\/2024\/07\/ngoi-liet-hue_optimized.jpg\",\"width\":320,\"height\":419},{\"@type\":\"BreadcrumbList\",\"@id\":\"https:\/\/tranthi.vn\/hue\/ngoi-liet-hue\/#breadcrumb\",\"itemListElement\":[{\"@type\":\"ListItem\",\"position\":1,\"name\":\"Trang Ch\u1ee7\",\"item\":\"https:\/\/tranthi.vn\/hue\/\"},{\"@type\":\"ListItem\",\"position\":2,\"name\":\"Shop\",\"item\":\"https:\/\/tranthi.vn\/hue\/shop\/\"},{\"@type\":\"ListItem\",\"position\":3,\"name\":\"Ng\u00f3i li\u1ec7t\"}]},{\"@type\":\"WebSite\",\"@id\":\"https:\/\/tranthi.vn\/hue\/#website\",\"url\":\"https:\/\/tranthi.vn\/hue\/\",\"name\":\"VLXD Tr\u1ea7n Th\u1ecb\",\"description\":\"V\u1eadt Li\u1ec7u X\u00e2y D\u1ef1ng - Hu\u1ebf\",\"publisher\":{\"@id\":\"https:\/\/tranthi.vn\/hue\/#organization\"},\"potentialAction\":[{\"@type\":\"SearchAction\",\"target\":{\"@type\":\"EntryPoint\",\"urlTemplate\":\"https:\/\/tranthi.vn\/hue\/?s={search_term_string}\"},\"query-input\":{\"@type\":\"PropertyValueSpecification\",\"valueRequired\":true,\"valueName\":\"search_term_string\"}}],\"inLanguage\":\"vi\"},{\"@type\":[\"Organization\",\"Place\"],\"@id\":\"https:\/\/tranthi.vn\/hue\/#organization\",\"name\":\"VLXD Tr\u1ea7n Th\u1ecb\",\"url\":\"https:\/\/tranthi.vn\/hue\/\",\"logo\":{\"@id\":\"https:\/\/tranthi.vn\/hue\/ngoi-liet-hue\/#local-main-organization-logo\"},\"image\":{\"@id\":\"https:\/\/tranthi.vn\/hue\/ngoi-liet-hue\/#local-main-organization-logo\"},\"telephone\":[],\"openingHoursSpecification\":[{\"@type\":\"OpeningHoursSpecification\",\"dayOfWeek\":[\"Monday\",\"Tuesday\",\"Wednesday\",\"Thursday\",\"Friday\",\"Saturday\",\"Sunday\"],\"opens\":\"09:00\",\"closes\":\"17:00\"}]},{\"@type\":\"ImageObject\",\"inLanguage\":\"vi\",\"@id\":\"https:\/\/tranthi.vn\/hue\/ngoi-liet-hue\/#local-main-organization-logo\",\"url\":\"https:\/\/tranthi.vn\/hue\/wp-content\/uploads\/2021\/02\/logo-tranthi1.jpg\",\"contentUrl\":\"https:\/\/tranthi.vn\/hue\/wp-content\/uploads\/2021\/02\/logo-tranthi1.jpg\",\"width\":800,\"height\":319,\"caption\":\"VLXD Tr\u1ea7n Th\u1ecb\"}]}<\/script>\n<meta property=\"product:price:amount\" content=\"2500\" \/>\n<meta property=\"product:price:currency\" content=\"VND\" \/>\n<meta property=\"og:availability\" content=\"instock\" \/>\n<meta property=\"product:availability\" content=\"instock\" \/>\n<meta property=\"product:condition\" content=\"new\" \/>\n<!-- \/ Yoast SEO Premium plugin. -->","yoast_head_json":{"title":"Ng\u00f3i li\u1ec7t t\u1ea1i Hu\u1ebf-0975863665","description":"\u0110\u00e2y l\u00e0 c\u00e1c th\u00f4ng tin c\u01a1 b\u1ea3n v\u00e0 h\u01b0\u1edbng d\u1eabn chi ti\u1ebft v\u1ec1 ng\u00f3i li\u1ec7t t\u1ea1i Hu\u1ebf, Tr\u1ea7n th\u1ecb mong mu\u1ed1n mang \u0111\u1ebfn s\u1ea3n ph\u1ea9m uy t\u00edn ch\u1ea5t l\u01b0\u1ee3ng \u0111\u1ebfn kh\u00e1ch h\u00e0ng","robots":{"index":"index","follow":"follow","max-snippet":"max-snippet:-1","max-image-preview":"max-image-preview:large","max-video-preview":"max-video-preview:-1"},"canonical":"https:\/\/tranthi.vn\/hue\/ngoi-liet-hue\/","og_locale":"vi_VN","og_type":"article","og_title":"Ng\u00f3i li\u1ec7t","og_description":"\u0110\u00e2y l\u00e0 c\u00e1c th\u00f4ng tin c\u01a1 b\u1ea3n v\u00e0 h\u01b0\u1edbng d\u1eabn chi ti\u1ebft v\u1ec1 ng\u00f3i li\u1ec7t t\u1ea1i Hu\u1ebf, Tr\u1ea7n th\u1ecb mong mu\u1ed1n mang \u0111\u1ebfn s\u1ea3n ph\u1ea9m uy t\u00edn ch\u1ea5t l\u01b0\u1ee3ng \u0111\u1ebfn kh\u00e1ch h\u00e0ng","og_url":"https:\/\/tranthi.vn\/hue\/ngoi-liet-hue\/","og_site_name":"V\u1eadt Li\u1ec7u X\u00e2y D\u1ef1ng Tr\u1ea7n Th\u1ecb Chi Nh\u00e1nh Hu\u1ebf","article_modified_time":"2024-07-16T01:45:24+00:00","og_image":[{"width":320,"height":419,"url":"https:\/\/tranthi.vn\/hue\/wp-content\/uploads\/2024\/07\/ngoi-liet-hue_optimized.jpg","type":"image\/jpeg"}],"twitter_card":"summary_large_image","twitter_misc":{"Gi\u00e1":"2,500&nbsp;&#8363;","Kh\u1ea3 d\u1ee5ng":"Trong kho"},"schema":{"@context":"https:\/\/schema.org","@graph":[{"@type":"WebPage","@id":"https:\/\/tranthi.vn\/hue\/ngoi-liet-hue\/","url":"https:\/\/tranthi.vn\/hue\/ngoi-liet-hue\/","name":"Ng\u00f3i li\u1ec7t t\u1ea1i Hu\u1ebf-0975863665","isPartOf":{"@id":"https:\/\/tranthi.vn\/hue\/#website"},"primaryImageOfPage":{"@id":"https:\/\/tranthi.vn\/hue\/ngoi-liet-hue\/#primaryimage"},"image":{"@id":"https:\/\/tranthi.vn\/hue\/ngoi-liet-hue\/#primaryimage"},"thumbnailUrl":"https:\/\/tranthi.vn\/hue\/wp-content\/uploads\/2024\/07\/ngoi-liet-hue_optimized.jpg","datePublished":"2024-07-16T01:45:23+00:00","dateModified":"2024-07-16T01:45:24+00:00","description":"\u0110\u00e2y l\u00e0 c\u00e1c th\u00f4ng tin c\u01a1 b\u1ea3n v\u00e0 h\u01b0\u1edbng d\u1eabn chi ti\u1ebft v\u1ec1 ng\u00f3i li\u1ec7t t\u1ea1i Hu\u1ebf, Tr\u1ea7n th\u1ecb mong mu\u1ed1n mang \u0111\u1ebfn s\u1ea3n ph\u1ea9m uy t\u00edn ch\u1ea5t l\u01b0\u1ee3ng \u0111\u1ebfn kh\u00e1ch h\u00e0ng","breadcrumb":{"@id":"https:\/\/tranthi.vn\/hue\/ngoi-liet-hue\/#breadcrumb"},"inLanguage":"vi","potentialAction":[{"@type":"ReadAction","target":["https:\/\/tranthi.vn\/hue\/ngoi-liet-hue\/"]}]},{"@type":"ImageObject","inLanguage":"vi","@id":"https:\/\/tranthi.vn\/hue\/ngoi-liet-hue\/#primaryimage","url":"https:\/\/tranthi.vn\/hue\/wp-content\/uploads\/2024\/07\/ngoi-liet-hue_optimized.jpg","contentUrl":"https:\/\/tranthi.vn\/hue\/wp-content\/uploads\/2024\/07\/ngoi-liet-hue_optimized.jpg","width":320,"height":419},{"@type":"BreadcrumbList","@id":"https:\/\/tranthi.vn\/hue\/ngoi-liet-hue\/#breadcrumb","itemListElement":[{"@type":"ListItem","position":1,"name":"Trang Ch\u1ee7","item":"https:\/\/tranthi.vn\/hue\/"},{"@type":"ListItem","position":2,"name":"Shop","item":"https:\/\/tranthi.vn\/hue\/shop\/"},{"@type":"ListItem","position":3,"name":"Ng\u00f3i li\u1ec7t"}]},{"@type":"WebSite","@id":"https:\/\/tranthi.vn\/hue\/#website","url":"https:\/\/tranthi.vn\/hue\/","name":"VLXD Tr\u1ea7n Th\u1ecb","description":"V\u1eadt Li\u1ec7u X\u00e2y D\u1ef1ng - Hu\u1ebf","publisher":{"@id":"https:\/\/tranthi.vn\/hue\/#organization"},"potentialAction":[{"@type":"SearchAction","target":{"@type":"EntryPoint","urlTemplate":"https:\/\/tranthi.vn\/hue\/?s={search_term_string}"},"query-input":{"@type":"PropertyValueSpecification","valueRequired":true,"valueName":"search_term_string"}}],"inLanguage":"vi"},{"@type":["Organization","Place"],"@id":"https:\/\/tranthi.vn\/hue\/#organization","name":"VLXD Tr\u1ea7n Th\u1ecb","url":"https:\/\/tranthi.vn\/hue\/","logo":{"@id":"https:\/\/tranthi.vn\/hue\/ngoi-liet-hue\/#local-main-organization-logo"},"image":{"@id":"https:\/\/tranthi.vn\/hue\/ngoi-liet-hue\/#local-main-organization-logo"},"telephone":[],"openingHoursSpecification":[{"@type":"OpeningHoursSpecification","dayOfWeek":["Monday","Tuesday","Wednesday","Thursday","Friday","Saturday","Sunday"],"opens":"09:00","closes":"17:00"}]},{"@type":"ImageObject","inLanguage":"vi","@id":"https:\/\/tranthi.vn\/hue\/ngoi-liet-hue\/#local-main-organization-logo","url":"https:\/\/tranthi.vn\/hue\/wp-content\/uploads\/2021\/02\/logo-tranthi1.jpg","contentUrl":"https:\/\/tranthi.vn\/hue\/wp-content\/uploads\/2021\/02\/logo-tranthi1.jpg","width":800,"height":319,"caption":"VLXD Tr\u1ea7n Th\u1ecb"}]},"product_price_amount":"2500","product_price_currency":"VND","og_availability":"instock","product_availability":"instock","product_condition":"new"},"_links":{"self":[{"href":"https:\/\/tranthi.vn\/hue\/wp-json\/wp\/v2\/product\/5647","targetHints":{"allow":["GET"]}}],"collection":[{"href":"https:\/\/tranthi.vn\/hue\/wp-json\/wp\/v2\/product"}],"about":[{"href":"https:\/\/tranthi.vn\/hue\/wp-json\/wp\/v2\/types\/product"}],"replies":[{"embeddable":true,"href":"https:\/\/tranthi.vn\/hue\/wp-json\/wp\/v2\/comments?post=5647"}],"wp:featuredmedia":[{"embeddable":true,"href":"https:\/\/tranthi.vn\/hue\/wp-json\/wp\/v2\/media\/5649"}],"wp:attachment":[{"href":"https:\/\/tranthi.vn\/hue\/wp-json\/wp\/v2\/media?parent=5647"}],"wp:term":[{"taxonomy":"product_cat","embeddable":true,"href":"https:\/\/tranthi.vn\/hue\/wp-json\/wp\/v2\/product_cat?post=5647"},{"taxonomy":"product_tag","embeddable":true,"href":"https:\/\/tranthi.vn\/hue\/wp-json\/wp\/v2\/product_tag?post=5647"}],"curies":[{"name":"wp","href":"https:\/\/api.w.org\/{rel}","templated":true}]}}