{"id":5072,"date":"2022-06-17T17:28:15","date_gmt":"2022-06-17T10:28:15","guid":{"rendered":"https:\/\/tranthi.vn\/hue\/?post_type=product&#038;p=5072"},"modified":"2022-06-17T17:28:15","modified_gmt":"2022-06-17T10:28:15","slug":"ngoi-noc-trang-men-viglacera","status":"publish","type":"product","link":"https:\/\/tranthi.vn\/hue\/ngoi-noc-trang-men-viglacera\/","title":{"rendered":"Ng\u00f3i N\u00f3c Tr\u00e1ng Men Viglacera"},"content":{"rendered":"","protected":false},"excerpt":{"rendered":"<p><span style=\"font-family: 'times new roman', times, serif;\"><img loading=\"lazy\" decoding=\"async\" class=\"\" src=\"https:\/\/static.xx.fbcdn.net\/images\/emoji.php\/v9\/tb\/1\/16\/1f388.png\" alt=\"\ud83c\udf88\" width=\"19\" height=\"19\" \/><span style=\"font-size: 130%;\"> T\u00ean s\u1ea3n ph\u1ea9m: Ng\u00f3i N\u00f3c Tr\u00e1ng men Viglacera H\u1ea1 Long\u00a0<\/span><\/span><\/p>\n<p><span style=\"font-family: 'times new roman', times, serif; font-size: 130%;\"><img loading=\"lazy\" decoding=\"async\" class=\"\" src=\"https:\/\/static.xx.fbcdn.net\/images\/emoji.php\/v9\/tb\/1\/16\/1f388.png\" alt=\"\ud83c\udf88\" width=\"19\" height=\"19\" \/> K\u00edch th\u01b0\u1edbc: 340x170x150mm<\/span><\/p>\n<p><span style=\"font-family: 'times new roman', times, serif; font-size: 130%;\"><span style=\"font-family: 'times new roman', times, serif;\"><img loading=\"lazy\" decoding=\"async\" class=\"\" src=\"https:\/\/static.xx.fbcdn.net\/images\/emoji.php\/v9\/tb\/1\/16\/1f388.png\" alt=\"\ud83c\udf88\" width=\"19\" height=\"19\" \/><\/span>Tr\u1ecdng l\u01b0\u1ee3ng (kg\/v): 3,0 <\/span><\/p>\n<p><span style=\"font-family: 'times new roman', times, serif; font-size: 130%;\"><span style=\"font-family: 'times new roman', times, serif;\"><img loading=\"lazy\" decoding=\"async\" class=\"\" src=\"https:\/\/static.xx.fbcdn.net\/images\/emoji.php\/v9\/tb\/1\/16\/1f388.png\" alt=\"\ud83c\udf88\" width=\"19\" height=\"19\" \/><\/span>Th\u1eddi gian xuy\u00ean n\u01b0\u1edbc (ph\u00fat): \u2265 120 <\/span><\/p>\n<p><span style=\"font-family: 'times new roman', times, serif; font-size: 130%;\"><span style=\"font-family: 'times new roman', times, serif;\"><img loading=\"lazy\" decoding=\"async\" class=\"\" src=\"https:\/\/static.xx.fbcdn.net\/images\/emoji.php\/v9\/tb\/1\/16\/1f388.png\" alt=\"\ud83c\udf88\" width=\"19\" height=\"19\" \/><\/span>\u0110\u1ed9 h\u00fat n\u01b0\u1edbc (%): \u2264 8 <\/span><\/p>\n<p><span style=\"font-family: 'times new roman', times, serif; font-size: 130%;\"><span style=\"font-family: 'times new roman', times, serif;\"><img loading=\"lazy\" decoding=\"async\" class=\"\" src=\"https:\/\/static.xx.fbcdn.net\/images\/emoji.php\/v9\/tb\/1\/16\/1f388.png\" alt=\"\ud83c\udf88\" width=\"19\" height=\"19\" \/><\/span>S\u1ed1 l\u01b0\u1ee3ng s\u1eed d\u1ee5ng (v\/m): 3<\/span><\/p>\n<p><span style=\"font-family: 'times new roman', times, serif; font-size: 130%;\"><strong><img loading=\"lazy\" decoding=\"async\" class=\"\" src=\"https:\/\/static.xx.fbcdn.net\/images\/emoji.php\/v9\/tb\/1\/16\/1f388.png\" alt=\"\ud83c\udf88\" width=\"19\" height=\"19\" \/><\/strong>Ch\u1ea5t li\u1ec7u:\u00a0S\u1ee9 tr\u00e1ng men<\/span><\/p>\n<p><span style=\"font-family: 'times new roman', times, serif; font-size: 130%;\"><img loading=\"lazy\" decoding=\"async\" class=\"\" src=\"https:\/\/static.xx.fbcdn.net\/images\/emoji.php\/v9\/tb\/1\/16\/1f388.png\" alt=\"\ud83c\udf88\" width=\"19\" height=\"19\" \/>\u00a0\u0110\u01a1n Gi\u00e1:<span style=\"color: #008000;\"><strong> 42.000\u0111 \/vi\u00ean<\/strong><\/span><\/span><\/p>\n<p><span style=\"font-family: 'times new roman', times, serif; font-size: 130%;\"><img loading=\"lazy\" decoding=\"async\" class=\"\" src=\"https:\/\/static.xx.fbcdn.net\/images\/emoji.php\/v9\/tb\/1\/16\/1f388.png\" alt=\"\ud83c\udf88\" width=\"19\" height=\"19\" \/>\u00a0Mua s\u1ed1 l\u01b0\u1ee3ng l\u1edbn s\u1ebd \u0111\u01b0\u1ee3c gi\u00e1 \u01b0u \u0111\u00e3i\u00a0<\/span><\/p>\n<p><span style=\"font-family: 'times new roman', times, serif; font-size: 130%;\"><img loading=\"lazy\" decoding=\"async\" class=\"\" src=\"https:\/\/static.xx.fbcdn.net\/images\/emoji.php\/v9\/tb\/1\/16\/1f388.png\" alt=\"\ud83c\udf88\" width=\"19\" height=\"19\" \/>\u00a0Mi\u1ec5n ph\u00ed v\u1eadn chuy\u1ec3n \u00e1p d\u1ee5ng cho \u0111\u01a1n h\u00e0ng quanh th\u00e0nh ph\u1ed1 Hu\u1ebf<\/span><\/p>\n","protected":false},"featured_media":5074,"comment_status":"closed","ping_status":"closed","template":"","meta":[],"product_cat":[325,111],"product_tag":[937],"class_list":{"0":"post-5072","1":"product","2":"type-product","3":"status-publish","4":"has-post-thumbnail","6":"product_cat-ngoi-dat-nung-trang-men-hue","7":"product_cat-gia-ngoi-lop-nha-hue","8":"product_tag-ngoi-noc-viglacera-trang-men-tai-hue-gia-re-jpg","10":"first","11":"instock","12":"sale","13":"shipping-taxable","14":"purchasable","15":"product-type-simple"},"yoast_head":"<!-- This site is optimized with the Yoast SEO Premium plugin v22.3 (Yoast SEO v23.7) - https:\/\/yoast.com\/wordpress\/plugins\/seo\/ -->\n<title>Ng\u00f3i N\u00f3c Tr\u00e1ng Men Viglacera - V\u1eadt Li\u1ec7u X\u00e2y D\u1ef1ng Tr\u1ea7n Th\u1ecb Chi Nh\u00e1nh Hu\u1ebf<\/title>\n<meta name=\"robots\" content=\"index, follow, max-snippet:-1, max-image-preview:large, max-video-preview:-1\" \/>\n<link rel=\"canonical\" href=\"https:\/\/tranthi.vn\/hue\/ngoi-noc-trang-men-viglacera\/\" \/>\n<meta property=\"og:locale\" content=\"vi_VN\" \/>\n<meta property=\"og:type\" content=\"article\" \/>\n<meta property=\"og:title\" content=\"Ng\u00f3i N\u00f3c Tr\u00e1ng Men Viglacera\" \/>\n<meta property=\"og:description\" content=\"T\u00ean s\u1ea3n ph\u1ea9m: Ng\u00f3i N\u00f3c Tr\u00e1ng men Viglacera H\u1ea1 Long\u00a0   K\u00edch th\u01b0\u1edbc: 340x170x150mm  Tr\u1ecdng l\u01b0\u1ee3ng (kg\/v): 3,0   Th\u1eddi gian xuy\u00ean n\u01b0\u1edbc (ph\u00fat): \u2265 120   \u0110\u1ed9 h\u00fat n\u01b0\u1edbc (%): \u2264 8   S\u1ed1 l\u01b0\u1ee3ng s\u1eed d\u1ee5ng (v\/m): 3  Ch\u1ea5t li\u1ec7u:\u00a0S\u1ee9 tr\u00e1ng men  \u00a0\u0110\u01a1n Gi\u00e1: 42.000\u0111 \/vi\u00ean  \u00a0Mua s\u1ed1 l\u01b0\u1ee3ng l\u1edbn s\u1ebd \u0111\u01b0\u1ee3c gi\u00e1 \u01b0u \u0111\u00e3i\u00a0  \u00a0Mi\u1ec5n ph\u00ed v\u1eadn chuy\u1ec3n \u00e1p d\u1ee5ng cho \u0111\u01a1n h\u00e0ng quanh th\u00e0nh ph\u1ed1 Hu\u1ebf\" \/>\n<meta property=\"og:url\" content=\"https:\/\/tranthi.vn\/hue\/ngoi-noc-trang-men-viglacera\/\" \/>\n<meta property=\"og:site_name\" content=\"V\u1eadt Li\u1ec7u X\u00e2y D\u1ef1ng Tr\u1ea7n Th\u1ecb Chi Nh\u00e1nh Hu\u1ebf\" \/>\n<meta property=\"og:image\" content=\"https:\/\/tranthi.vn\/hue\/wp-content\/uploads\/2022\/06\/ngoi-noc-Viglacera-trang-men-tai-hue-gia-re.jpg\" \/>\n\t<meta property=\"og:image:width\" content=\"250\" \/>\n\t<meta property=\"og:image:height\" content=\"250\" \/>\n\t<meta property=\"og:image:type\" content=\"image\/jpeg\" \/>\n<meta name=\"twitter:card\" content=\"summary_large_image\" \/>\n<meta name=\"twitter:label1\" content=\"Gi\u00e1\" \/>\n\t<meta name=\"twitter:data1\" content=\"42,000&nbsp;&#8363;\" \/>\n\t<meta name=\"twitter:label2\" content=\"Kh\u1ea3 d\u1ee5ng\" \/>\n\t<meta name=\"twitter:data2\" content=\"Trong kho\" \/>\n<script type=\"application\/ld+json\" class=\"yoast-schema-graph\">{\"@context\":\"https:\/\/schema.org\",\"@graph\":[{\"@type\":\"WebPage\",\"@id\":\"https:\/\/tranthi.vn\/hue\/ngoi-noc-trang-men-viglacera\/\",\"url\":\"https:\/\/tranthi.vn\/hue\/ngoi-noc-trang-men-viglacera\/\",\"name\":\"Ng\u00f3i N\u00f3c Tr\u00e1ng Men Viglacera - V\u1eadt Li\u1ec7u X\u00e2y D\u1ef1ng Tr\u1ea7n Th\u1ecb Chi Nh\u00e1nh Hu\u1ebf\",\"isPartOf\":{\"@id\":\"https:\/\/tranthi.vn\/hue\/#website\"},\"primaryImageOfPage\":{\"@id\":\"https:\/\/tranthi.vn\/hue\/ngoi-noc-trang-men-viglacera\/#primaryimage\"},\"image\":{\"@id\":\"https:\/\/tranthi.vn\/hue\/ngoi-noc-trang-men-viglacera\/#primaryimage\"},\"thumbnailUrl\":\"https:\/\/tranthi.vn\/hue\/wp-content\/uploads\/2022\/06\/ngoi-noc-Viglacera-trang-men-tai-hue-gia-re.jpg\",\"datePublished\":\"2022-06-17T10:28:15+00:00\",\"dateModified\":\"2022-06-17T10:28:15+00:00\",\"breadcrumb\":{\"@id\":\"https:\/\/tranthi.vn\/hue\/ngoi-noc-trang-men-viglacera\/#breadcrumb\"},\"inLanguage\":\"vi\",\"potentialAction\":[{\"@type\":\"ReadAction\",\"target\":[\"https:\/\/tranthi.vn\/hue\/ngoi-noc-trang-men-viglacera\/\"]}]},{\"@type\":\"ImageObject\",\"inLanguage\":\"vi\",\"@id\":\"https:\/\/tranthi.vn\/hue\/ngoi-noc-trang-men-viglacera\/#primaryimage\",\"url\":\"https:\/\/tranthi.vn\/hue\/wp-content\/uploads\/2022\/06\/ngoi-noc-Viglacera-trang-men-tai-hue-gia-re.jpg\",\"contentUrl\":\"https:\/\/tranthi.vn\/hue\/wp-content\/uploads\/2022\/06\/ngoi-noc-Viglacera-trang-men-tai-hue-gia-re.jpg\",\"width\":250,\"height\":250,\"caption\":\"ng\u00f3i n\u00f3c Viglacera tr\u00e1ng men t\u1ea1i hu\u1ebf gi\u00e1 r\u1ebb.jpg\"},{\"@type\":\"BreadcrumbList\",\"@id\":\"https:\/\/tranthi.vn\/hue\/ngoi-noc-trang-men-viglacera\/#breadcrumb\",\"itemListElement\":[{\"@type\":\"ListItem\",\"position\":1,\"name\":\"Trang Ch\u1ee7\",\"item\":\"https:\/\/tranthi.vn\/hue\/\"},{\"@type\":\"ListItem\",\"position\":2,\"name\":\"Shop\",\"item\":\"https:\/\/tranthi.vn\/hue\/shop\/\"},{\"@type\":\"ListItem\",\"position\":3,\"name\":\"Ng\u00f3i N\u00f3c Tr\u00e1ng Men Viglacera\"}]},{\"@type\":\"WebSite\",\"@id\":\"https:\/\/tranthi.vn\/hue\/#website\",\"url\":\"https:\/\/tranthi.vn\/hue\/\",\"name\":\"VLXD Tr\u1ea7n Th\u1ecb\",\"description\":\"V\u1eadt Li\u1ec7u X\u00e2y D\u1ef1ng - Hu\u1ebf\",\"publisher\":{\"@id\":\"https:\/\/tranthi.vn\/hue\/#organization\"},\"potentialAction\":[{\"@type\":\"SearchAction\",\"target\":{\"@type\":\"EntryPoint\",\"urlTemplate\":\"https:\/\/tranthi.vn\/hue\/?s={search_term_string}\"},\"query-input\":{\"@type\":\"PropertyValueSpecification\",\"valueRequired\":true,\"valueName\":\"search_term_string\"}}],\"inLanguage\":\"vi\"},{\"@type\":[\"Organization\",\"Place\"],\"@id\":\"https:\/\/tranthi.vn\/hue\/#organization\",\"name\":\"VLXD Tr\u1ea7n Th\u1ecb\",\"url\":\"https:\/\/tranthi.vn\/hue\/\",\"logo\":{\"@id\":\"https:\/\/tranthi.vn\/hue\/ngoi-noc-trang-men-viglacera\/#local-main-organization-logo\"},\"image\":{\"@id\":\"https:\/\/tranthi.vn\/hue\/ngoi-noc-trang-men-viglacera\/#local-main-organization-logo\"},\"telephone\":[],\"openingHoursSpecification\":[{\"@type\":\"OpeningHoursSpecification\",\"dayOfWeek\":[\"Monday\",\"Tuesday\",\"Wednesday\",\"Thursday\",\"Friday\",\"Saturday\",\"Sunday\"],\"opens\":\"09:00\",\"closes\":\"17:00\"}]},{\"@type\":\"ImageObject\",\"inLanguage\":\"vi\",\"@id\":\"https:\/\/tranthi.vn\/hue\/ngoi-noc-trang-men-viglacera\/#local-main-organization-logo\",\"url\":\"https:\/\/tranthi.vn\/hue\/wp-content\/uploads\/2021\/02\/logo-tranthi1.jpg\",\"contentUrl\":\"https:\/\/tranthi.vn\/hue\/wp-content\/uploads\/2021\/02\/logo-tranthi1.jpg\",\"width\":800,\"height\":319,\"caption\":\"VLXD Tr\u1ea7n Th\u1ecb\"}]}<\/script>\n<meta property=\"product:price:amount\" content=\"42000\" \/>\n<meta property=\"product:price:currency\" content=\"VND\" \/>\n<meta property=\"og:availability\" content=\"instock\" \/>\n<meta property=\"product:availability\" content=\"instock\" \/>\n<meta property=\"product:condition\" content=\"new\" \/>\n<!-- \/ Yoast SEO Premium plugin. -->","yoast_head_json":{"title":"Ng\u00f3i N\u00f3c Tr\u00e1ng Men Viglacera - V\u1eadt Li\u1ec7u X\u00e2y D\u1ef1ng Tr\u1ea7n Th\u1ecb Chi Nh\u00e1nh Hu\u1ebf","robots":{"index":"index","follow":"follow","max-snippet":"max-snippet:-1","max-image-preview":"max-image-preview:large","max-video-preview":"max-video-preview:-1"},"canonical":"https:\/\/tranthi.vn\/hue\/ngoi-noc-trang-men-viglacera\/","og_locale":"vi_VN","og_type":"article","og_title":"Ng\u00f3i N\u00f3c Tr\u00e1ng Men Viglacera","og_description":"T\u00ean s\u1ea3n ph\u1ea9m: Ng\u00f3i N\u00f3c Tr\u00e1ng men Viglacera H\u1ea1 Long\u00a0   K\u00edch th\u01b0\u1edbc: 340x170x150mm  Tr\u1ecdng l\u01b0\u1ee3ng (kg\/v): 3,0   Th\u1eddi gian xuy\u00ean n\u01b0\u1edbc (ph\u00fat): \u2265 120   \u0110\u1ed9 h\u00fat n\u01b0\u1edbc (%): \u2264 8   S\u1ed1 l\u01b0\u1ee3ng s\u1eed d\u1ee5ng (v\/m): 3  Ch\u1ea5t li\u1ec7u:\u00a0S\u1ee9 tr\u00e1ng men  \u00a0\u0110\u01a1n Gi\u00e1: 42.000\u0111 \/vi\u00ean  \u00a0Mua s\u1ed1 l\u01b0\u1ee3ng l\u1edbn s\u1ebd \u0111\u01b0\u1ee3c gi\u00e1 \u01b0u \u0111\u00e3i\u00a0  \u00a0Mi\u1ec5n ph\u00ed v\u1eadn chuy\u1ec3n \u00e1p d\u1ee5ng cho \u0111\u01a1n h\u00e0ng quanh th\u00e0nh ph\u1ed1 Hu\u1ebf","og_url":"https:\/\/tranthi.vn\/hue\/ngoi-noc-trang-men-viglacera\/","og_site_name":"V\u1eadt Li\u1ec7u X\u00e2y D\u1ef1ng Tr\u1ea7n Th\u1ecb Chi Nh\u00e1nh Hu\u1ebf","og_image":[{"width":250,"height":250,"url":"https:\/\/tranthi.vn\/hue\/wp-content\/uploads\/2022\/06\/ngoi-noc-Viglacera-trang-men-tai-hue-gia-re.jpg","type":"image\/jpeg"}],"twitter_card":"summary_large_image","twitter_misc":{"Gi\u00e1":"42,000&nbsp;&#8363;","Kh\u1ea3 d\u1ee5ng":"Trong kho"},"schema":{"@context":"https:\/\/schema.org","@graph":[{"@type":"WebPage","@id":"https:\/\/tranthi.vn\/hue\/ngoi-noc-trang-men-viglacera\/","url":"https:\/\/tranthi.vn\/hue\/ngoi-noc-trang-men-viglacera\/","name":"Ng\u00f3i N\u00f3c Tr\u00e1ng Men Viglacera - V\u1eadt Li\u1ec7u X\u00e2y D\u1ef1ng Tr\u1ea7n Th\u1ecb Chi Nh\u00e1nh Hu\u1ebf","isPartOf":{"@id":"https:\/\/tranthi.vn\/hue\/#website"},"primaryImageOfPage":{"@id":"https:\/\/tranthi.vn\/hue\/ngoi-noc-trang-men-viglacera\/#primaryimage"},"image":{"@id":"https:\/\/tranthi.vn\/hue\/ngoi-noc-trang-men-viglacera\/#primaryimage"},"thumbnailUrl":"https:\/\/tranthi.vn\/hue\/wp-content\/uploads\/2022\/06\/ngoi-noc-Viglacera-trang-men-tai-hue-gia-re.jpg","datePublished":"2022-06-17T10:28:15+00:00","dateModified":"2022-06-17T10:28:15+00:00","breadcrumb":{"@id":"https:\/\/tranthi.vn\/hue\/ngoi-noc-trang-men-viglacera\/#breadcrumb"},"inLanguage":"vi","potentialAction":[{"@type":"ReadAction","target":["https:\/\/tranthi.vn\/hue\/ngoi-noc-trang-men-viglacera\/"]}]},{"@type":"ImageObject","inLanguage":"vi","@id":"https:\/\/tranthi.vn\/hue\/ngoi-noc-trang-men-viglacera\/#primaryimage","url":"https:\/\/tranthi.vn\/hue\/wp-content\/uploads\/2022\/06\/ngoi-noc-Viglacera-trang-men-tai-hue-gia-re.jpg","contentUrl":"https:\/\/tranthi.vn\/hue\/wp-content\/uploads\/2022\/06\/ngoi-noc-Viglacera-trang-men-tai-hue-gia-re.jpg","width":250,"height":250,"caption":"ng\u00f3i n\u00f3c Viglacera tr\u00e1ng men t\u1ea1i hu\u1ebf gi\u00e1 r\u1ebb.jpg"},{"@type":"BreadcrumbList","@id":"https:\/\/tranthi.vn\/hue\/ngoi-noc-trang-men-viglacera\/#breadcrumb","itemListElement":[{"@type":"ListItem","position":1,"name":"Trang Ch\u1ee7","item":"https:\/\/tranthi.vn\/hue\/"},{"@type":"ListItem","position":2,"name":"Shop","item":"https:\/\/tranthi.vn\/hue\/shop\/"},{"@type":"ListItem","position":3,"name":"Ng\u00f3i N\u00f3c Tr\u00e1ng Men Viglacera"}]},{"@type":"WebSite","@id":"https:\/\/tranthi.vn\/hue\/#website","url":"https:\/\/tranthi.vn\/hue\/","name":"VLXD Tr\u1ea7n Th\u1ecb","description":"V\u1eadt Li\u1ec7u X\u00e2y D\u1ef1ng - Hu\u1ebf","publisher":{"@id":"https:\/\/tranthi.vn\/hue\/#organization"},"potentialAction":[{"@type":"SearchAction","target":{"@type":"EntryPoint","urlTemplate":"https:\/\/tranthi.vn\/hue\/?s={search_term_string}"},"query-input":{"@type":"PropertyValueSpecification","valueRequired":true,"valueName":"search_term_string"}}],"inLanguage":"vi"},{"@type":["Organization","Place"],"@id":"https:\/\/tranthi.vn\/hue\/#organization","name":"VLXD Tr\u1ea7n Th\u1ecb","url":"https:\/\/tranthi.vn\/hue\/","logo":{"@id":"https:\/\/tranthi.vn\/hue\/ngoi-noc-trang-men-viglacera\/#local-main-organization-logo"},"image":{"@id":"https:\/\/tranthi.vn\/hue\/ngoi-noc-trang-men-viglacera\/#local-main-organization-logo"},"telephone":[],"openingHoursSpecification":[{"@type":"OpeningHoursSpecification","dayOfWeek":["Monday","Tuesday","Wednesday","Thursday","Friday","Saturday","Sunday"],"opens":"09:00","closes":"17:00"}]},{"@type":"ImageObject","inLanguage":"vi","@id":"https:\/\/tranthi.vn\/hue\/ngoi-noc-trang-men-viglacera\/#local-main-organization-logo","url":"https:\/\/tranthi.vn\/hue\/wp-content\/uploads\/2021\/02\/logo-tranthi1.jpg","contentUrl":"https:\/\/tranthi.vn\/hue\/wp-content\/uploads\/2021\/02\/logo-tranthi1.jpg","width":800,"height":319,"caption":"VLXD Tr\u1ea7n Th\u1ecb"}]},"product_price_amount":"42000","product_price_currency":"VND","og_availability":"instock","product_availability":"instock","product_condition":"new"},"_links":{"self":[{"href":"https:\/\/tranthi.vn\/hue\/wp-json\/wp\/v2\/product\/5072","targetHints":{"allow":["GET"]}}],"collection":[{"href":"https:\/\/tranthi.vn\/hue\/wp-json\/wp\/v2\/product"}],"about":[{"href":"https:\/\/tranthi.vn\/hue\/wp-json\/wp\/v2\/types\/product"}],"replies":[{"embeddable":true,"href":"https:\/\/tranthi.vn\/hue\/wp-json\/wp\/v2\/comments?post=5072"}],"wp:featuredmedia":[{"embeddable":true,"href":"https:\/\/tranthi.vn\/hue\/wp-json\/wp\/v2\/media\/5074"}],"wp:attachment":[{"href":"https:\/\/tranthi.vn\/hue\/wp-json\/wp\/v2\/media?parent=5072"}],"wp:term":[{"taxonomy":"product_cat","embeddable":true,"href":"https:\/\/tranthi.vn\/hue\/wp-json\/wp\/v2\/product_cat?post=5072"},{"taxonomy":"product_tag","embeddable":true,"href":"https:\/\/tranthi.vn\/hue\/wp-json\/wp\/v2\/product_tag?post=5072"}],"curies":[{"name":"wp","href":"https:\/\/api.w.org\/{rel}","templated":true}]}}