{"id":5057,"date":"2022-06-15T11:33:51","date_gmt":"2022-06-15T04:33:51","guid":{"rendered":"https:\/\/tranthi.vn\/hue\/?post_type=product&#038;p=5057"},"modified":"2022-06-15T14:22:56","modified_gmt":"2022-06-15T07:22:56","slug":"ngoi","status":"publish","type":"product","link":"https:\/\/tranthi.vn\/hue\/ngoi\/","title":{"rendered":"Ng\u00f3i Tr\u00e1ng Men Viglacera"},"content":{"rendered":"","protected":false},"excerpt":{"rendered":"<p><span style=\"font-family: 'times new roman', times, serif;\"><img loading=\"lazy\" decoding=\"async\" class=\"\" src=\"https:\/\/static.xx.fbcdn.net\/images\/emoji.php\/v9\/tb\/1\/16\/1f388.png\" alt=\"\ud83c\udf88\" width=\"19\" height=\"19\" \/><span style=\"font-size: 130%;\"> T\u00ean s\u1ea3n ph\u1ea9m: Ng\u00f3i l\u1ee3p Tr\u00e1ng men Viglacera H\u1ea1 Long\u00a0<\/span><\/span><\/p>\n<p><span style=\"font-family: 'times new roman', times, serif; font-size: 130%;\"><img loading=\"lazy\" decoding=\"async\" class=\"\" src=\"https:\/\/static.xx.fbcdn.net\/images\/emoji.php\/v9\/tb\/1\/16\/1f388.png\" alt=\"\ud83c\udf88\" width=\"19\" height=\"19\" \/> K\u00edch th\u01b0\u1edbc: 40 x 30 x 10.7 c<\/span><span style=\"font-family: 'times new roman', times, serif; font-size: 130%;\">m<\/span><\/p>\n<p><span style=\"font-family: 'times new roman', times, serif; font-size: 130%;\"><img loading=\"lazy\" decoding=\"async\" class=\"\" src=\"https:\/\/static.xx.fbcdn.net\/images\/emoji.php\/v9\/tb\/1\/16\/1f388.png\" alt=\"\ud83c\udf88\" width=\"19\" height=\"19\" \/> S\u1ed1 l\u01b0\u1ee3ng: 11 vi\u00ean\/m2<\/span><\/p>\n<p><span style=\"font-family: 'times new roman', times, serif; font-size: 130%;\"><img loading=\"lazy\" decoding=\"async\" class=\"\" src=\"https:\/\/static.xx.fbcdn.net\/images\/emoji.php\/v9\/tb\/1\/16\/1f388.png\" alt=\"\ud83c\udf88\" width=\"19\" height=\"19\" \/>\u00a0\u0110\u01a1n Gi\u00e1:\u00a0<span style=\"color: #ff0000;\"><strong>17.800\u0111 \/ vi\u00ean<\/strong><\/span><\/span><\/p>\n<p><span style=\"font-family: 'times new roman', times, serif; font-size: 130%;\"><img loading=\"lazy\" decoding=\"async\" class=\"\" src=\"https:\/\/static.xx.fbcdn.net\/images\/emoji.php\/v9\/tb\/1\/16\/1f388.png\" alt=\"\ud83c\udf88\" width=\"19\" height=\"19\" \/>\u00a0Mua s\u1ed1 l\u01b0\u1ee3ng l\u1edbn s\u1ebd \u0111\u01b0\u1ee3c gi\u00e1 \u01b0u \u0111\u00e3i\u00a0<\/span><\/p>\n<p><span style=\"font-family: 'times new roman', times, serif; font-size: 130%;\"><img loading=\"lazy\" decoding=\"async\" class=\"\" src=\"https:\/\/static.xx.fbcdn.net\/images\/emoji.php\/v9\/tb\/1\/16\/1f388.png\" alt=\"\ud83c\udf88\" width=\"19\" height=\"19\" \/>\u00a0Mi\u1ec5n ph\u00ed v\u1eadn chuy\u1ec3n \u00e1p d\u1ee5ng cho \u0111\u01a1n h\u00e0ng quanh th\u00e0nh ph\u1ed1 Hu\u1ebf<\/span><\/p>\n","protected":false},"featured_media":5059,"comment_status":"closed","ping_status":"closed","template":"","meta":[],"product_cat":[15,325,111],"product_tag":[933],"class_list":{"0":"post-5057","1":"product","2":"type-product","3":"status-publish","4":"has-post-thumbnail","6":"product_cat-chua-phan-loai","7":"product_cat-ngoi-dat-nung-trang-men-hue","8":"product_cat-gia-ngoi-lop-nha-hue","9":"product_tag-ngoi-trang-men-viglacera-gia-re-tai-hue","11":"first","12":"instock","13":"sale","14":"shipping-taxable","15":"purchasable","16":"product-type-simple"},"yoast_head":"<!-- This site is optimized with the Yoast SEO Premium plugin v22.3 (Yoast SEO v23.7) - https:\/\/yoast.com\/wordpress\/plugins\/seo\/ -->\n<title>Ng\u00f3i Tr\u00e1ng Men Viglacera - V\u1eadt Li\u1ec7u X\u00e2y D\u1ef1ng Tr\u1ea7n Th\u1ecb Chi Nh\u00e1nh Hu\u1ebf<\/title>\n<meta name=\"robots\" content=\"index, follow, max-snippet:-1, max-image-preview:large, max-video-preview:-1\" \/>\n<link rel=\"canonical\" href=\"https:\/\/tranthi.vn\/hue\/ngoi\/\" \/>\n<meta property=\"og:locale\" content=\"vi_VN\" \/>\n<meta property=\"og:type\" content=\"article\" \/>\n<meta property=\"og:title\" content=\"Ng\u00f3i Tr\u00e1ng Men Viglacera\" \/>\n<meta property=\"og:description\" content=\"T\u00ean s\u1ea3n ph\u1ea9m: Ng\u00f3i l\u1ee3p Tr\u00e1ng men Viglacera H\u1ea1 Long\u00a0   K\u00edch th\u01b0\u1edbc: 40 x 30 x 10.7 cm   S\u1ed1 l\u01b0\u1ee3ng: 11 vi\u00ean\/m2  \u00a0\u0110\u01a1n Gi\u00e1:\u00a017.800\u0111 \/ vi\u00ean  \u00a0Mua s\u1ed1 l\u01b0\u1ee3ng l\u1edbn s\u1ebd \u0111\u01b0\u1ee3c gi\u00e1 \u01b0u \u0111\u00e3i\u00a0  \u00a0Mi\u1ec5n ph\u00ed v\u1eadn chuy\u1ec3n \u00e1p d\u1ee5ng cho \u0111\u01a1n h\u00e0ng quanh th\u00e0nh ph\u1ed1 Hu\u1ebf\" \/>\n<meta property=\"og:url\" content=\"https:\/\/tranthi.vn\/hue\/ngoi\/\" \/>\n<meta property=\"og:site_name\" content=\"V\u1eadt Li\u1ec7u X\u00e2y D\u1ef1ng Tr\u1ea7n Th\u1ecb Chi Nh\u00e1nh Hu\u1ebf\" \/>\n<meta property=\"article:modified_time\" content=\"2022-06-15T07:22:56+00:00\" \/>\n<meta property=\"og:image\" content=\"https:\/\/tranthi.vn\/hue\/wp-content\/uploads\/2022\/06\/ngoi-trang-men-Viglacera-gia-re-tai-Hue.jpg\" \/>\n\t<meta property=\"og:image:width\" content=\"600\" \/>\n\t<meta property=\"og:image:height\" content=\"600\" \/>\n\t<meta property=\"og:image:type\" content=\"image\/jpeg\" \/>\n<meta name=\"twitter:card\" content=\"summary_large_image\" \/>\n<meta name=\"twitter:label1\" content=\"Gi\u00e1\" \/>\n\t<meta name=\"twitter:data1\" content=\"17,800&nbsp;&#8363;\" \/>\n\t<meta name=\"twitter:label2\" content=\"Kh\u1ea3 d\u1ee5ng\" \/>\n\t<meta name=\"twitter:data2\" content=\"Trong kho\" \/>\n<script type=\"application\/ld+json\" class=\"yoast-schema-graph\">{\"@context\":\"https:\/\/schema.org\",\"@graph\":[{\"@type\":\"WebPage\",\"@id\":\"https:\/\/tranthi.vn\/hue\/ngoi\/\",\"url\":\"https:\/\/tranthi.vn\/hue\/ngoi\/\",\"name\":\"Ng\u00f3i Tr\u00e1ng Men Viglacera - V\u1eadt Li\u1ec7u X\u00e2y D\u1ef1ng Tr\u1ea7n Th\u1ecb Chi Nh\u00e1nh Hu\u1ebf\",\"isPartOf\":{\"@id\":\"https:\/\/tranthi.vn\/hue\/#website\"},\"primaryImageOfPage\":{\"@id\":\"https:\/\/tranthi.vn\/hue\/ngoi\/#primaryimage\"},\"image\":{\"@id\":\"https:\/\/tranthi.vn\/hue\/ngoi\/#primaryimage\"},\"thumbnailUrl\":\"https:\/\/tranthi.vn\/hue\/wp-content\/uploads\/2022\/06\/ngoi-trang-men-Viglacera-gia-re-tai-Hue.jpg\",\"datePublished\":\"2022-06-15T04:33:51+00:00\",\"dateModified\":\"2022-06-15T07:22:56+00:00\",\"breadcrumb\":{\"@id\":\"https:\/\/tranthi.vn\/hue\/ngoi\/#breadcrumb\"},\"inLanguage\":\"vi\",\"potentialAction\":[{\"@type\":\"ReadAction\",\"target\":[\"https:\/\/tranthi.vn\/hue\/ngoi\/\"]}]},{\"@type\":\"ImageObject\",\"inLanguage\":\"vi\",\"@id\":\"https:\/\/tranthi.vn\/hue\/ngoi\/#primaryimage\",\"url\":\"https:\/\/tranthi.vn\/hue\/wp-content\/uploads\/2022\/06\/ngoi-trang-men-Viglacera-gia-re-tai-Hue.jpg\",\"contentUrl\":\"https:\/\/tranthi.vn\/hue\/wp-content\/uploads\/2022\/06\/ngoi-trang-men-Viglacera-gia-re-tai-Hue.jpg\",\"width\":600,\"height\":600,\"caption\":\"ng\u00f3i tr\u00e1ng men Viglacera gi\u00e1 r\u1ebb t\u1ea1i Hu\u1ebf\"},{\"@type\":\"BreadcrumbList\",\"@id\":\"https:\/\/tranthi.vn\/hue\/ngoi\/#breadcrumb\",\"itemListElement\":[{\"@type\":\"ListItem\",\"position\":1,\"name\":\"Trang Ch\u1ee7\",\"item\":\"https:\/\/tranthi.vn\/hue\/\"},{\"@type\":\"ListItem\",\"position\":2,\"name\":\"Shop\",\"item\":\"https:\/\/tranthi.vn\/hue\/shop\/\"},{\"@type\":\"ListItem\",\"position\":3,\"name\":\"Ng\u00f3i Tr\u00e1ng Men Viglacera\"}]},{\"@type\":\"WebSite\",\"@id\":\"https:\/\/tranthi.vn\/hue\/#website\",\"url\":\"https:\/\/tranthi.vn\/hue\/\",\"name\":\"VLXD Tr\u1ea7n Th\u1ecb\",\"description\":\"V\u1eadt Li\u1ec7u X\u00e2y D\u1ef1ng - Hu\u1ebf\",\"publisher\":{\"@id\":\"https:\/\/tranthi.vn\/hue\/#organization\"},\"potentialAction\":[{\"@type\":\"SearchAction\",\"target\":{\"@type\":\"EntryPoint\",\"urlTemplate\":\"https:\/\/tranthi.vn\/hue\/?s={search_term_string}\"},\"query-input\":{\"@type\":\"PropertyValueSpecification\",\"valueRequired\":true,\"valueName\":\"search_term_string\"}}],\"inLanguage\":\"vi\"},{\"@type\":[\"Organization\",\"Place\"],\"@id\":\"https:\/\/tranthi.vn\/hue\/#organization\",\"name\":\"VLXD Tr\u1ea7n Th\u1ecb\",\"url\":\"https:\/\/tranthi.vn\/hue\/\",\"logo\":{\"@id\":\"https:\/\/tranthi.vn\/hue\/ngoi\/#local-main-organization-logo\"},\"image\":{\"@id\":\"https:\/\/tranthi.vn\/hue\/ngoi\/#local-main-organization-logo\"},\"telephone\":[],\"openingHoursSpecification\":[{\"@type\":\"OpeningHoursSpecification\",\"dayOfWeek\":[\"Monday\",\"Tuesday\",\"Wednesday\",\"Thursday\",\"Friday\",\"Saturday\",\"Sunday\"],\"opens\":\"09:00\",\"closes\":\"17:00\"}]},{\"@type\":\"ImageObject\",\"inLanguage\":\"vi\",\"@id\":\"https:\/\/tranthi.vn\/hue\/ngoi\/#local-main-organization-logo\",\"url\":\"https:\/\/tranthi.vn\/hue\/wp-content\/uploads\/2021\/02\/logo-tranthi1.jpg\",\"contentUrl\":\"https:\/\/tranthi.vn\/hue\/wp-content\/uploads\/2021\/02\/logo-tranthi1.jpg\",\"width\":800,\"height\":319,\"caption\":\"VLXD Tr\u1ea7n Th\u1ecb\"}]}<\/script>\n<meta property=\"product:price:amount\" content=\"17800\" \/>\n<meta property=\"product:price:currency\" content=\"VND\" \/>\n<meta property=\"og:availability\" content=\"instock\" \/>\n<meta property=\"product:availability\" content=\"instock\" \/>\n<meta property=\"product:condition\" content=\"new\" \/>\n<!-- \/ Yoast SEO Premium plugin. -->","yoast_head_json":{"title":"Ng\u00f3i Tr\u00e1ng Men Viglacera - V\u1eadt Li\u1ec7u X\u00e2y D\u1ef1ng Tr\u1ea7n Th\u1ecb Chi Nh\u00e1nh Hu\u1ebf","robots":{"index":"index","follow":"follow","max-snippet":"max-snippet:-1","max-image-preview":"max-image-preview:large","max-video-preview":"max-video-preview:-1"},"canonical":"https:\/\/tranthi.vn\/hue\/ngoi\/","og_locale":"vi_VN","og_type":"article","og_title":"Ng\u00f3i Tr\u00e1ng Men Viglacera","og_description":"T\u00ean s\u1ea3n ph\u1ea9m: Ng\u00f3i l\u1ee3p Tr\u00e1ng men Viglacera H\u1ea1 Long\u00a0   K\u00edch th\u01b0\u1edbc: 40 x 30 x 10.7 cm   S\u1ed1 l\u01b0\u1ee3ng: 11 vi\u00ean\/m2  \u00a0\u0110\u01a1n Gi\u00e1:\u00a017.800\u0111 \/ vi\u00ean  \u00a0Mua s\u1ed1 l\u01b0\u1ee3ng l\u1edbn s\u1ebd \u0111\u01b0\u1ee3c gi\u00e1 \u01b0u \u0111\u00e3i\u00a0  \u00a0Mi\u1ec5n ph\u00ed v\u1eadn chuy\u1ec3n \u00e1p d\u1ee5ng cho \u0111\u01a1n h\u00e0ng quanh th\u00e0nh ph\u1ed1 Hu\u1ebf","og_url":"https:\/\/tranthi.vn\/hue\/ngoi\/","og_site_name":"V\u1eadt Li\u1ec7u X\u00e2y D\u1ef1ng Tr\u1ea7n Th\u1ecb Chi Nh\u00e1nh Hu\u1ebf","article_modified_time":"2022-06-15T07:22:56+00:00","og_image":[{"width":600,"height":600,"url":"https:\/\/tranthi.vn\/hue\/wp-content\/uploads\/2022\/06\/ngoi-trang-men-Viglacera-gia-re-tai-Hue.jpg","type":"image\/jpeg"}],"twitter_card":"summary_large_image","twitter_misc":{"Gi\u00e1":"17,800&nbsp;&#8363;","Kh\u1ea3 d\u1ee5ng":"Trong kho"},"schema":{"@context":"https:\/\/schema.org","@graph":[{"@type":"WebPage","@id":"https:\/\/tranthi.vn\/hue\/ngoi\/","url":"https:\/\/tranthi.vn\/hue\/ngoi\/","name":"Ng\u00f3i Tr\u00e1ng Men Viglacera - V\u1eadt Li\u1ec7u X\u00e2y D\u1ef1ng Tr\u1ea7n Th\u1ecb Chi Nh\u00e1nh Hu\u1ebf","isPartOf":{"@id":"https:\/\/tranthi.vn\/hue\/#website"},"primaryImageOfPage":{"@id":"https:\/\/tranthi.vn\/hue\/ngoi\/#primaryimage"},"image":{"@id":"https:\/\/tranthi.vn\/hue\/ngoi\/#primaryimage"},"thumbnailUrl":"https:\/\/tranthi.vn\/hue\/wp-content\/uploads\/2022\/06\/ngoi-trang-men-Viglacera-gia-re-tai-Hue.jpg","datePublished":"2022-06-15T04:33:51+00:00","dateModified":"2022-06-15T07:22:56+00:00","breadcrumb":{"@id":"https:\/\/tranthi.vn\/hue\/ngoi\/#breadcrumb"},"inLanguage":"vi","potentialAction":[{"@type":"ReadAction","target":["https:\/\/tranthi.vn\/hue\/ngoi\/"]}]},{"@type":"ImageObject","inLanguage":"vi","@id":"https:\/\/tranthi.vn\/hue\/ngoi\/#primaryimage","url":"https:\/\/tranthi.vn\/hue\/wp-content\/uploads\/2022\/06\/ngoi-trang-men-Viglacera-gia-re-tai-Hue.jpg","contentUrl":"https:\/\/tranthi.vn\/hue\/wp-content\/uploads\/2022\/06\/ngoi-trang-men-Viglacera-gia-re-tai-Hue.jpg","width":600,"height":600,"caption":"ng\u00f3i tr\u00e1ng men Viglacera gi\u00e1 r\u1ebb t\u1ea1i Hu\u1ebf"},{"@type":"BreadcrumbList","@id":"https:\/\/tranthi.vn\/hue\/ngoi\/#breadcrumb","itemListElement":[{"@type":"ListItem","position":1,"name":"Trang Ch\u1ee7","item":"https:\/\/tranthi.vn\/hue\/"},{"@type":"ListItem","position":2,"name":"Shop","item":"https:\/\/tranthi.vn\/hue\/shop\/"},{"@type":"ListItem","position":3,"name":"Ng\u00f3i Tr\u00e1ng Men Viglacera"}]},{"@type":"WebSite","@id":"https:\/\/tranthi.vn\/hue\/#website","url":"https:\/\/tranthi.vn\/hue\/","name":"VLXD Tr\u1ea7n Th\u1ecb","description":"V\u1eadt Li\u1ec7u X\u00e2y D\u1ef1ng - Hu\u1ebf","publisher":{"@id":"https:\/\/tranthi.vn\/hue\/#organization"},"potentialAction":[{"@type":"SearchAction","target":{"@type":"EntryPoint","urlTemplate":"https:\/\/tranthi.vn\/hue\/?s={search_term_string}"},"query-input":{"@type":"PropertyValueSpecification","valueRequired":true,"valueName":"search_term_string"}}],"inLanguage":"vi"},{"@type":["Organization","Place"],"@id":"https:\/\/tranthi.vn\/hue\/#organization","name":"VLXD Tr\u1ea7n Th\u1ecb","url":"https:\/\/tranthi.vn\/hue\/","logo":{"@id":"https:\/\/tranthi.vn\/hue\/ngoi\/#local-main-organization-logo"},"image":{"@id":"https:\/\/tranthi.vn\/hue\/ngoi\/#local-main-organization-logo"},"telephone":[],"openingHoursSpecification":[{"@type":"OpeningHoursSpecification","dayOfWeek":["Monday","Tuesday","Wednesday","Thursday","Friday","Saturday","Sunday"],"opens":"09:00","closes":"17:00"}]},{"@type":"ImageObject","inLanguage":"vi","@id":"https:\/\/tranthi.vn\/hue\/ngoi\/#local-main-organization-logo","url":"https:\/\/tranthi.vn\/hue\/wp-content\/uploads\/2021\/02\/logo-tranthi1.jpg","contentUrl":"https:\/\/tranthi.vn\/hue\/wp-content\/uploads\/2021\/02\/logo-tranthi1.jpg","width":800,"height":319,"caption":"VLXD Tr\u1ea7n Th\u1ecb"}]},"product_price_amount":"17800","product_price_currency":"VND","og_availability":"instock","product_availability":"instock","product_condition":"new"},"_links":{"self":[{"href":"https:\/\/tranthi.vn\/hue\/wp-json\/wp\/v2\/product\/5057","targetHints":{"allow":["GET"]}}],"collection":[{"href":"https:\/\/tranthi.vn\/hue\/wp-json\/wp\/v2\/product"}],"about":[{"href":"https:\/\/tranthi.vn\/hue\/wp-json\/wp\/v2\/types\/product"}],"replies":[{"embeddable":true,"href":"https:\/\/tranthi.vn\/hue\/wp-json\/wp\/v2\/comments?post=5057"}],"wp:featuredmedia":[{"embeddable":true,"href":"https:\/\/tranthi.vn\/hue\/wp-json\/wp\/v2\/media\/5059"}],"wp:attachment":[{"href":"https:\/\/tranthi.vn\/hue\/wp-json\/wp\/v2\/media?parent=5057"}],"wp:term":[{"taxonomy":"product_cat","embeddable":true,"href":"https:\/\/tranthi.vn\/hue\/wp-json\/wp\/v2\/product_cat?post=5057"},{"taxonomy":"product_tag","embeddable":true,"href":"https:\/\/tranthi.vn\/hue\/wp-json\/wp\/v2\/product_tag?post=5057"}],"curies":[{"name":"wp","href":"https:\/\/api.w.org\/{rel}","templated":true}]}}