{"id":4442,"date":"2022-04-07T15:35:49","date_gmt":"2022-04-07T08:35:49","guid":{"rendered":"https:\/\/tranthi.vn\/hue\/?post_type=product&#038;p=4442"},"modified":"2024-12-07T14:22:38","modified_gmt":"2024-12-07T07:22:38","slug":"xi-mang-dong-lam-pc-30","status":"publish","type":"product","link":"https:\/\/tranthi.vn\/hue\/xi-mang-dong-lam-pc-30\/","title":{"rendered":"Xi M\u0103ng \u0110\u1ed3ng L\u00e2m PC 30"},"content":{"rendered":"","protected":false},"excerpt":{"rendered":"<p><span style=\"font-family: 'times new roman', times, serif; font-size: 130%; color: #282828;\"><strong><span style=\"color: #008000; font-size: 140%;\">\u2666<\/span><\/strong>\u00a0\u0110i chuy\u1ebfn xe 5 t\u1ea5n<\/span><\/p>\n<p><span style=\"font-family: 'times new roman', times, serif; font-size: 130%; color: #282828;\"><span style=\"font-size: 140%; color: #008000;\">\u2666<\/span>\u00a0\u0110\u01a1n\u00a0gi\u00e1 xi m\u0103ng<span style=\"color: #ff0000;\"><strong> \u0110\u1ed3ng L\u00e2m PC30<\/strong>\u00a0\u21d2\u00a0<strong>1.660.000\/t\u1ea5n<\/strong><\/span><\/span><\/p>\n<p><span style=\"font-family: 'times new roman', times, serif; font-size: 130%; color: #282828;\"><span style=\"font-size: 140%; color: #008000;\">\u2666 <\/span>Giao h\u00e0ng trong \u0111\u1ecba b\u00e0n\u00a0\u00a0<strong><span style=\"color: #800080;\"><a style=\"color: #800080;\" href=\"https:\/\/vi.wikipedia.org\/wiki\/Hu%E1%BA%BF\">Hu\u1ebf<\/a><\/span><span style=\"color: #800080;\">\u00a0<\/span><\/strong><\/span><\/p>\n<p><span style=\"font-family: 'times new roman', times, serif; font-size: 130%; color: #282828;\"><span style=\"font-size: 140%; color: #008000;\">\u2666\u00a0<\/span>B\u1ed1c h\u00e0ng c\u00e1ch v\u1ecb tr\u00ed xe \u0111\u1ed7 c\u1ef1 ly &gt; 5m<\/span><\/p>\n<p><span style=\"font-family: 'times new roman', times, serif; font-size: 130%; color: #282828;\"><span style=\"font-size: 140%; color: #008000;\">\u2666<\/span> Gi\u00e1 tr\u00ean c\u00f3 th\u1ec3 thay \u0111\u1ed5i t\u00f9y thu\u1ed9c v\u00e0o th\u1eddi \u0111i\u1ec3m, s\u1ed1 l\u01b0\u1ee3ng v\u00e0 v\u1ecb tr\u00ed g\u1ea7n hay xa\u00a0<\/span><\/p>\n<p>&nbsp;<\/p>\n","protected":false},"featured_media":4443,"comment_status":"closed","ping_status":"closed","template":"","meta":[],"product_cat":[203,208],"product_tag":[625],"class_list":{"0":"post-4442","1":"product","2":"type-product","3":"status-publish","4":"has-post-thumbnail","6":"product_cat-vat-lieu-xay-dung","7":"product_cat-xi-mang","8":"product_tag-gia-xi-mang-dong-lam-pc30-tai-hue","10":"first","11":"outofstock","12":"sale","13":"shipping-taxable","14":"purchasable","15":"product-type-simple"},"yoast_head":"<!-- This site is optimized with the Yoast SEO Premium plugin v22.3 (Yoast SEO v23.7) - https:\/\/yoast.com\/wordpress\/plugins\/seo\/ -->\n<title>Xi M\u0103ng \u0110\u1ed3ng L\u00e2m PC 30 - V\u1eadt Li\u1ec7u X\u00e2y D\u1ef1ng Tr\u1ea7n Th\u1ecb Chi Nh\u00e1nh Hu\u1ebf<\/title>\n<meta name=\"robots\" content=\"index, follow, max-snippet:-1, max-image-preview:large, max-video-preview:-1\" \/>\n<link rel=\"canonical\" href=\"https:\/\/tranthi.vn\/hue\/xi-mang-dong-lam-pc-30\/\" \/>\n<meta property=\"og:locale\" content=\"vi_VN\" \/>\n<meta property=\"og:type\" content=\"article\" \/>\n<meta property=\"og:title\" content=\"Xi M\u0103ng \u0110\u1ed3ng L\u00e2m PC 30\" \/>\n<meta property=\"og:description\" content=\"\u2666\u00a0\u0110i chuy\u1ebfn xe 5 t\u1ea5n  \u2666\u00a0\u0110\u01a1n\u00a0gi\u00e1 xi m\u0103ng \u0110\u1ed3ng L\u00e2m PC30\u00a0\u21d2\u00a01.660.000\/t\u1ea5n  \u2666 Giao h\u00e0ng trong \u0111\u1ecba b\u00e0n\u00a0\u00a0Hu\u1ebf\u00a0  \u2666\u00a0B\u1ed1c h\u00e0ng c\u00e1ch v\u1ecb tr\u00ed xe \u0111\u1ed7 c\u1ef1 ly &gt; 5m  \u2666 Gi\u00e1 tr\u00ean c\u00f3 th\u1ec3 thay \u0111\u1ed5i t\u00f9y thu\u1ed9c v\u00e0o th\u1eddi \u0111i\u1ec3m, s\u1ed1 l\u01b0\u1ee3ng v\u00e0 v\u1ecb tr\u00ed g\u1ea7n hay xa\u00a0  &nbsp;\" \/>\n<meta property=\"og:url\" content=\"https:\/\/tranthi.vn\/hue\/xi-mang-dong-lam-pc-30\/\" \/>\n<meta property=\"og:site_name\" content=\"V\u1eadt Li\u1ec7u X\u00e2y D\u1ef1ng Tr\u1ea7n Th\u1ecb Chi Nh\u00e1nh Hu\u1ebf\" \/>\n<meta property=\"article:modified_time\" content=\"2024-12-07T07:22:38+00:00\" \/>\n<meta property=\"og:image\" content=\"https:\/\/tranthi.vn\/hue\/wp-content\/uploads\/2022\/04\/GIA-XI-MANG-DONG-LAM-PC30-TAI-HUE.jpg\" \/>\n\t<meta property=\"og:image:width\" content=\"250\" \/>\n\t<meta property=\"og:image:height\" content=\"250\" \/>\n\t<meta property=\"og:image:type\" content=\"image\/jpeg\" \/>\n<meta name=\"twitter:card\" content=\"summary_large_image\" \/>\n<meta name=\"twitter:label1\" content=\"Gi\u00e1\" \/>\n\t<meta name=\"twitter:data1\" content=\"1,660,000&nbsp;&#8363;\" \/>\n\t<meta name=\"twitter:label2\" content=\"Kh\u1ea3 d\u1ee5ng\" \/>\n\t<meta name=\"twitter:data2\" content=\"H\u1ebft h\u00e0ng\" \/>\n<script type=\"application\/ld+json\" class=\"yoast-schema-graph\">{\"@context\":\"https:\/\/schema.org\",\"@graph\":[{\"@type\":\"WebPage\",\"@id\":\"https:\/\/tranthi.vn\/hue\/xi-mang-dong-lam-pc-30\/\",\"url\":\"https:\/\/tranthi.vn\/hue\/xi-mang-dong-lam-pc-30\/\",\"name\":\"Xi M\u0103ng \u0110\u1ed3ng L\u00e2m PC 30 - V\u1eadt Li\u1ec7u X\u00e2y D\u1ef1ng Tr\u1ea7n Th\u1ecb Chi Nh\u00e1nh Hu\u1ebf\",\"isPartOf\":{\"@id\":\"https:\/\/tranthi.vn\/hue\/#website\"},\"primaryImageOfPage\":{\"@id\":\"https:\/\/tranthi.vn\/hue\/xi-mang-dong-lam-pc-30\/#primaryimage\"},\"image\":{\"@id\":\"https:\/\/tranthi.vn\/hue\/xi-mang-dong-lam-pc-30\/#primaryimage\"},\"thumbnailUrl\":\"https:\/\/tranthi.vn\/hue\/wp-content\/uploads\/2022\/04\/GIA-XI-MANG-DONG-LAM-PC30-TAI-HUE.jpg\",\"datePublished\":\"2022-04-07T08:35:49+00:00\",\"dateModified\":\"2024-12-07T07:22:38+00:00\",\"breadcrumb\":{\"@id\":\"https:\/\/tranthi.vn\/hue\/xi-mang-dong-lam-pc-30\/#breadcrumb\"},\"inLanguage\":\"vi\",\"potentialAction\":[{\"@type\":\"ReadAction\",\"target\":[\"https:\/\/tranthi.vn\/hue\/xi-mang-dong-lam-pc-30\/\"]}]},{\"@type\":\"ImageObject\",\"inLanguage\":\"vi\",\"@id\":\"https:\/\/tranthi.vn\/hue\/xi-mang-dong-lam-pc-30\/#primaryimage\",\"url\":\"https:\/\/tranthi.vn\/hue\/wp-content\/uploads\/2022\/04\/GIA-XI-MANG-DONG-LAM-PC30-TAI-HUE.jpg\",\"contentUrl\":\"https:\/\/tranthi.vn\/hue\/wp-content\/uploads\/2022\/04\/GIA-XI-MANG-DONG-LAM-PC30-TAI-HUE.jpg\",\"width\":250,\"height\":250,\"caption\":\"GI\u00c1 XI M\u0102NG \u0110\u1ed2NG L\u00c2M PC30 T\u1ea0I HU\u1ebe\"},{\"@type\":\"BreadcrumbList\",\"@id\":\"https:\/\/tranthi.vn\/hue\/xi-mang-dong-lam-pc-30\/#breadcrumb\",\"itemListElement\":[{\"@type\":\"ListItem\",\"position\":1,\"name\":\"Trang Ch\u1ee7\",\"item\":\"https:\/\/tranthi.vn\/hue\/\"},{\"@type\":\"ListItem\",\"position\":2,\"name\":\"Shop\",\"item\":\"https:\/\/tranthi.vn\/hue\/shop\/\"},{\"@type\":\"ListItem\",\"position\":3,\"name\":\"Xi M\u0103ng \u0110\u1ed3ng L\u00e2m PC 30\"}]},{\"@type\":\"WebSite\",\"@id\":\"https:\/\/tranthi.vn\/hue\/#website\",\"url\":\"https:\/\/tranthi.vn\/hue\/\",\"name\":\"VLXD Tr\u1ea7n Th\u1ecb\",\"description\":\"V\u1eadt Li\u1ec7u X\u00e2y D\u1ef1ng - Hu\u1ebf\",\"publisher\":{\"@id\":\"https:\/\/tranthi.vn\/hue\/#organization\"},\"potentialAction\":[{\"@type\":\"SearchAction\",\"target\":{\"@type\":\"EntryPoint\",\"urlTemplate\":\"https:\/\/tranthi.vn\/hue\/?s={search_term_string}\"},\"query-input\":{\"@type\":\"PropertyValueSpecification\",\"valueRequired\":true,\"valueName\":\"search_term_string\"}}],\"inLanguage\":\"vi\"},{\"@type\":[\"Organization\",\"Place\"],\"@id\":\"https:\/\/tranthi.vn\/hue\/#organization\",\"name\":\"VLXD Tr\u1ea7n Th\u1ecb\",\"url\":\"https:\/\/tranthi.vn\/hue\/\",\"logo\":{\"@id\":\"https:\/\/tranthi.vn\/hue\/xi-mang-dong-lam-pc-30\/#local-main-organization-logo\"},\"image\":{\"@id\":\"https:\/\/tranthi.vn\/hue\/xi-mang-dong-lam-pc-30\/#local-main-organization-logo\"},\"telephone\":[],\"openingHoursSpecification\":[{\"@type\":\"OpeningHoursSpecification\",\"dayOfWeek\":[\"Monday\",\"Tuesday\",\"Wednesday\",\"Thursday\",\"Friday\",\"Saturday\",\"Sunday\"],\"opens\":\"09:00\",\"closes\":\"17:00\"}]},{\"@type\":\"ImageObject\",\"inLanguage\":\"vi\",\"@id\":\"https:\/\/tranthi.vn\/hue\/xi-mang-dong-lam-pc-30\/#local-main-organization-logo\",\"url\":\"https:\/\/tranthi.vn\/hue\/wp-content\/uploads\/2021\/02\/logo-tranthi1.jpg\",\"contentUrl\":\"https:\/\/tranthi.vn\/hue\/wp-content\/uploads\/2021\/02\/logo-tranthi1.jpg\",\"width\":800,\"height\":319,\"caption\":\"VLXD Tr\u1ea7n Th\u1ecb\"}]}<\/script>\n<meta property=\"product:price:amount\" content=\"1660000\" \/>\n<meta property=\"product:price:currency\" content=\"VND\" \/>\n<meta property=\"og:availability\" content=\"out of stock\" \/>\n<meta property=\"product:availability\" content=\"out of stock\" \/>\n<meta property=\"product:condition\" content=\"new\" \/>\n<!-- \/ Yoast SEO Premium plugin. -->","yoast_head_json":{"title":"Xi M\u0103ng \u0110\u1ed3ng L\u00e2m PC 30 - V\u1eadt Li\u1ec7u X\u00e2y D\u1ef1ng Tr\u1ea7n Th\u1ecb Chi Nh\u00e1nh Hu\u1ebf","robots":{"index":"index","follow":"follow","max-snippet":"max-snippet:-1","max-image-preview":"max-image-preview:large","max-video-preview":"max-video-preview:-1"},"canonical":"https:\/\/tranthi.vn\/hue\/xi-mang-dong-lam-pc-30\/","og_locale":"vi_VN","og_type":"article","og_title":"Xi M\u0103ng \u0110\u1ed3ng L\u00e2m PC 30","og_description":"\u2666\u00a0\u0110i chuy\u1ebfn xe 5 t\u1ea5n  \u2666\u00a0\u0110\u01a1n\u00a0gi\u00e1 xi m\u0103ng \u0110\u1ed3ng L\u00e2m PC30\u00a0\u21d2\u00a01.660.000\/t\u1ea5n  \u2666 Giao h\u00e0ng trong \u0111\u1ecba b\u00e0n\u00a0\u00a0Hu\u1ebf\u00a0  \u2666\u00a0B\u1ed1c h\u00e0ng c\u00e1ch v\u1ecb tr\u00ed xe \u0111\u1ed7 c\u1ef1 ly &gt; 5m  \u2666 Gi\u00e1 tr\u00ean c\u00f3 th\u1ec3 thay \u0111\u1ed5i t\u00f9y thu\u1ed9c v\u00e0o th\u1eddi \u0111i\u1ec3m, s\u1ed1 l\u01b0\u1ee3ng v\u00e0 v\u1ecb tr\u00ed g\u1ea7n hay xa\u00a0  &nbsp;","og_url":"https:\/\/tranthi.vn\/hue\/xi-mang-dong-lam-pc-30\/","og_site_name":"V\u1eadt Li\u1ec7u X\u00e2y D\u1ef1ng Tr\u1ea7n Th\u1ecb Chi Nh\u00e1nh Hu\u1ebf","article_modified_time":"2024-12-07T07:22:38+00:00","og_image":[{"width":250,"height":250,"url":"https:\/\/tranthi.vn\/hue\/wp-content\/uploads\/2022\/04\/GIA-XI-MANG-DONG-LAM-PC30-TAI-HUE.jpg","type":"image\/jpeg"}],"twitter_card":"summary_large_image","twitter_misc":{"Gi\u00e1":"1,660,000&nbsp;&#8363;","Kh\u1ea3 d\u1ee5ng":"H\u1ebft h\u00e0ng"},"schema":{"@context":"https:\/\/schema.org","@graph":[{"@type":"WebPage","@id":"https:\/\/tranthi.vn\/hue\/xi-mang-dong-lam-pc-30\/","url":"https:\/\/tranthi.vn\/hue\/xi-mang-dong-lam-pc-30\/","name":"Xi M\u0103ng \u0110\u1ed3ng L\u00e2m PC 30 - V\u1eadt Li\u1ec7u X\u00e2y D\u1ef1ng Tr\u1ea7n Th\u1ecb Chi Nh\u00e1nh Hu\u1ebf","isPartOf":{"@id":"https:\/\/tranthi.vn\/hue\/#website"},"primaryImageOfPage":{"@id":"https:\/\/tranthi.vn\/hue\/xi-mang-dong-lam-pc-30\/#primaryimage"},"image":{"@id":"https:\/\/tranthi.vn\/hue\/xi-mang-dong-lam-pc-30\/#primaryimage"},"thumbnailUrl":"https:\/\/tranthi.vn\/hue\/wp-content\/uploads\/2022\/04\/GIA-XI-MANG-DONG-LAM-PC30-TAI-HUE.jpg","datePublished":"2022-04-07T08:35:49+00:00","dateModified":"2024-12-07T07:22:38+00:00","breadcrumb":{"@id":"https:\/\/tranthi.vn\/hue\/xi-mang-dong-lam-pc-30\/#breadcrumb"},"inLanguage":"vi","potentialAction":[{"@type":"ReadAction","target":["https:\/\/tranthi.vn\/hue\/xi-mang-dong-lam-pc-30\/"]}]},{"@type":"ImageObject","inLanguage":"vi","@id":"https:\/\/tranthi.vn\/hue\/xi-mang-dong-lam-pc-30\/#primaryimage","url":"https:\/\/tranthi.vn\/hue\/wp-content\/uploads\/2022\/04\/GIA-XI-MANG-DONG-LAM-PC30-TAI-HUE.jpg","contentUrl":"https:\/\/tranthi.vn\/hue\/wp-content\/uploads\/2022\/04\/GIA-XI-MANG-DONG-LAM-PC30-TAI-HUE.jpg","width":250,"height":250,"caption":"GI\u00c1 XI M\u0102NG \u0110\u1ed2NG L\u00c2M PC30 T\u1ea0I HU\u1ebe"},{"@type":"BreadcrumbList","@id":"https:\/\/tranthi.vn\/hue\/xi-mang-dong-lam-pc-30\/#breadcrumb","itemListElement":[{"@type":"ListItem","position":1,"name":"Trang Ch\u1ee7","item":"https:\/\/tranthi.vn\/hue\/"},{"@type":"ListItem","position":2,"name":"Shop","item":"https:\/\/tranthi.vn\/hue\/shop\/"},{"@type":"ListItem","position":3,"name":"Xi M\u0103ng \u0110\u1ed3ng L\u00e2m PC 30"}]},{"@type":"WebSite","@id":"https:\/\/tranthi.vn\/hue\/#website","url":"https:\/\/tranthi.vn\/hue\/","name":"VLXD Tr\u1ea7n Th\u1ecb","description":"V\u1eadt Li\u1ec7u X\u00e2y D\u1ef1ng - Hu\u1ebf","publisher":{"@id":"https:\/\/tranthi.vn\/hue\/#organization"},"potentialAction":[{"@type":"SearchAction","target":{"@type":"EntryPoint","urlTemplate":"https:\/\/tranthi.vn\/hue\/?s={search_term_string}"},"query-input":{"@type":"PropertyValueSpecification","valueRequired":true,"valueName":"search_term_string"}}],"inLanguage":"vi"},{"@type":["Organization","Place"],"@id":"https:\/\/tranthi.vn\/hue\/#organization","name":"VLXD Tr\u1ea7n Th\u1ecb","url":"https:\/\/tranthi.vn\/hue\/","logo":{"@id":"https:\/\/tranthi.vn\/hue\/xi-mang-dong-lam-pc-30\/#local-main-organization-logo"},"image":{"@id":"https:\/\/tranthi.vn\/hue\/xi-mang-dong-lam-pc-30\/#local-main-organization-logo"},"telephone":[],"openingHoursSpecification":[{"@type":"OpeningHoursSpecification","dayOfWeek":["Monday","Tuesday","Wednesday","Thursday","Friday","Saturday","Sunday"],"opens":"09:00","closes":"17:00"}]},{"@type":"ImageObject","inLanguage":"vi","@id":"https:\/\/tranthi.vn\/hue\/xi-mang-dong-lam-pc-30\/#local-main-organization-logo","url":"https:\/\/tranthi.vn\/hue\/wp-content\/uploads\/2021\/02\/logo-tranthi1.jpg","contentUrl":"https:\/\/tranthi.vn\/hue\/wp-content\/uploads\/2021\/02\/logo-tranthi1.jpg","width":800,"height":319,"caption":"VLXD Tr\u1ea7n Th\u1ecb"}]},"product_price_amount":"1660000","product_price_currency":"VND","og_availability":"out of stock","product_availability":"out of stock","product_condition":"new"},"_links":{"self":[{"href":"https:\/\/tranthi.vn\/hue\/wp-json\/wp\/v2\/product\/4442","targetHints":{"allow":["GET"]}}],"collection":[{"href":"https:\/\/tranthi.vn\/hue\/wp-json\/wp\/v2\/product"}],"about":[{"href":"https:\/\/tranthi.vn\/hue\/wp-json\/wp\/v2\/types\/product"}],"replies":[{"embeddable":true,"href":"https:\/\/tranthi.vn\/hue\/wp-json\/wp\/v2\/comments?post=4442"}],"wp:featuredmedia":[{"embeddable":true,"href":"https:\/\/tranthi.vn\/hue\/wp-json\/wp\/v2\/media\/4443"}],"wp:attachment":[{"href":"https:\/\/tranthi.vn\/hue\/wp-json\/wp\/v2\/media?parent=4442"}],"wp:term":[{"taxonomy":"product_cat","embeddable":true,"href":"https:\/\/tranthi.vn\/hue\/wp-json\/wp\/v2\/product_cat?post=4442"},{"taxonomy":"product_tag","embeddable":true,"href":"https:\/\/tranthi.vn\/hue\/wp-json\/wp\/v2\/product_tag?post=4442"}],"curies":[{"name":"wp","href":"https:\/\/api.w.org\/{rel}","templated":true}]}}