{"id":3854,"date":"2022-03-16T09:08:25","date_gmt":"2022-03-16T02:08:25","guid":{"rendered":"https:\/\/tranthi.vn\/hue\/?post_type=product&#038;p=3854"},"modified":"2022-04-13T17:41:00","modified_gmt":"2022-04-13T10:41:00","slug":"son-phu-bong-clear-kova-hue","status":"publish","type":"product","link":"https:\/\/tranthi.vn\/hue\/son-phu-bong-clear-kova-hue\/","title":{"rendered":"S\u01a1n Ph\u1ee7 B\u00f3ng Clear Kova ( 1 l\u00edt )"},"content":{"rendered":"","protected":false},"excerpt":{"rendered":"<p><span style=\"font-family: 'times new roman', times, serif; font-size: 130%;\"><span class=\"pq6dq46d tbxw36s4 knj5qynh kvgmc6g5 ditlmg2l oygrvhab nvdbi5me sf5mxxl7 gl3lb2sf hhz5lgdu\"><img loading=\"lazy\" decoding=\"async\" class=\"\" src=\"https:\/\/static.xx.fbcdn.net\/images\/emoji.php\/v9\/t87\/1\/16\/1f340.png\" alt=\"\ud83c\udf40\" width=\"21\" height=\"17\" \/> <\/span>\u0110\u01a1n v\u1ecb t\u00ednh: Lon 1l\u00edt<\/span><\/p>\n<p><span style=\"font-family: 'times new roman', times, serif; font-size: 130%;\"><span class=\"pq6dq46d tbxw36s4 knj5qynh kvgmc6g5 ditlmg2l oygrvhab nvdbi5me sf5mxxl7 gl3lb2sf hhz5lgdu\"><img loading=\"lazy\" decoding=\"async\" class=\"\" src=\"https:\/\/static.xx.fbcdn.net\/images\/emoji.php\/v9\/t87\/1\/16\/1f340.png\" alt=\"\ud83c\udf40\" width=\"21\" height=\"17\" \/>\u00a0<\/span>\u0110\u01a1n gi\u00e1: \u21d2 <strong><span style=\"color: #ff0000;\">270.000\u0111\/ lon<\/span><\/strong><\/span><\/p>\n<p><span style=\"font-family: 'times new roman', times, serif; font-size: 130%;\"><span class=\"pq6dq46d tbxw36s4 knj5qynh kvgmc6g5 ditlmg2l oygrvhab nvdbi5me sf5mxxl7 gl3lb2sf hhz5lgdu\"> <img loading=\"lazy\" decoding=\"async\" class=\"\" src=\"https:\/\/static.xx.fbcdn.net\/images\/emoji.php\/v9\/t87\/1\/16\/1f340.png\" alt=\"\ud83c\udf40\" width=\"21\" height=\"17\" \/> <\/span>Mi\u1ec5n ph\u00ed Ship trong TP Hu\u1ebf t\u1eeb 2 lon tr\u1edf l\u00ean<\/span><\/p>\n<p><span style=\"font-family: 'times new roman', times, serif; font-size: 130%;\"><span class=\"pq6dq46d tbxw36s4 knj5qynh kvgmc6g5 ditlmg2l oygrvhab nvdbi5me sf5mxxl7 gl3lb2sf hhz5lgdu\"><img loading=\"lazy\" decoding=\"async\" class=\"\" src=\"https:\/\/static.xx.fbcdn.net\/images\/emoji.php\/v9\/t87\/1\/16\/1f340.png\" alt=\"\ud83c\udf40\" width=\"21\" height=\"17\" \/> <\/span>C\u00f3 giao h\u00e0ng c\u00e1c huy\u1ec7n xa ( ph\u00ed ship t\u00f9y xa g\u1ea7n)<\/span><\/p>\n<p>&nbsp;<\/p>\n<p>&nbsp;<\/p>\n","protected":false},"featured_media":3847,"comment_status":"closed","ping_status":"closed","template":"","meta":[],"product_cat":[152],"product_tag":[313],"class_list":{"0":"post-3854","1":"product","2":"type-product","3":"status-publish","4":"has-post-thumbnail","6":"product_cat-son-hieu-ung","7":"product_tag-son-phu-bong-clear-hue","9":"first","10":"instock","11":"sale","12":"shipping-taxable","13":"purchasable","14":"product-type-simple"},"yoast_head":"<!-- This site is optimized with the Yoast SEO Premium plugin v22.3 (Yoast SEO v23.7) - https:\/\/yoast.com\/wordpress\/plugins\/seo\/ -->\n<title>Gi\u00e1 S\u01a1n Ph\u1ee7 B\u00f3ng Clear kova Hu\u1ebf - 0903 59 5049<\/title>\n<meta name=\"description\" content=\"S\u01a1n ph\u1ee7 b\u00f3ng clear kova Hu\u1ebf c\u00f3 k\u1ea3 n\u0103ng gi\u1ea3m b\u1ee5i b\u00e1m so v\u1edbi c\u00e1c lo\u1ea1i s\u01a1n ph\u1ee7 b\u00f3ng kh\u00e1c, v\u00ec v\u1eady duy tr\u00ec \u0111\u01b0\u1ee3c l\u00e2u h\u01a1n v\u1ebb m\u01a1i m\u1ebb b\u1ec1 ngo\u00e0i c\u1ee7a s\u01a1n\" \/>\n<meta name=\"robots\" content=\"index, follow, max-snippet:-1, max-image-preview:large, max-video-preview:-1\" \/>\n<link rel=\"canonical\" href=\"https:\/\/tranthi.vn\/hue\/son-phu-bong-clear-kova-hue\/\" \/>\n<meta property=\"og:locale\" content=\"vi_VN\" \/>\n<meta property=\"og:type\" content=\"article\" \/>\n<meta property=\"og:title\" content=\"S\u01a1n Ph\u1ee7 B\u00f3ng Clear Kova ( 1 l\u00edt )\" \/>\n<meta property=\"og:description\" content=\"S\u01a1n ph\u1ee7 b\u00f3ng clear kova Hu\u1ebf c\u00f3 k\u1ea3 n\u0103ng gi\u1ea3m b\u1ee5i b\u00e1m so v\u1edbi c\u00e1c lo\u1ea1i s\u01a1n ph\u1ee7 b\u00f3ng kh\u00e1c, v\u00ec v\u1eady duy tr\u00ec \u0111\u01b0\u1ee3c l\u00e2u h\u01a1n v\u1ebb m\u01a1i m\u1ebb b\u1ec1 ngo\u00e0i c\u1ee7a s\u01a1n\" \/>\n<meta property=\"og:url\" content=\"https:\/\/tranthi.vn\/hue\/son-phu-bong-clear-kova-hue\/\" \/>\n<meta property=\"og:site_name\" content=\"V\u1eadt Li\u1ec7u X\u00e2y D\u1ef1ng Tr\u1ea7n Th\u1ecb Chi Nh\u00e1nh Hu\u1ebf\" \/>\n<meta property=\"article:modified_time\" content=\"2022-04-13T10:41:00+00:00\" \/>\n<meta property=\"og:image\" content=\"https:\/\/tranthi.vn\/hue\/wp-content\/uploads\/2022\/03\/Son-phu-bong-Clear-Hue.jpg\" \/>\n\t<meta property=\"og:image:width\" content=\"250\" \/>\n\t<meta property=\"og:image:height\" content=\"250\" \/>\n\t<meta property=\"og:image:type\" content=\"image\/jpeg\" \/>\n<meta name=\"twitter:card\" content=\"summary_large_image\" \/>\n<meta name=\"twitter:label1\" content=\"Gi\u00e1\" \/>\n\t<meta name=\"twitter:data1\" content=\"270,000&nbsp;&#8363;\" \/>\n\t<meta name=\"twitter:label2\" content=\"Kh\u1ea3 d\u1ee5ng\" \/>\n\t<meta name=\"twitter:data2\" content=\"Trong kho\" \/>\n<script type=\"application\/ld+json\" class=\"yoast-schema-graph\">{\"@context\":\"https:\/\/schema.org\",\"@graph\":[{\"@type\":\"WebPage\",\"@id\":\"https:\/\/tranthi.vn\/hue\/son-phu-bong-clear-kova-hue\/\",\"url\":\"https:\/\/tranthi.vn\/hue\/son-phu-bong-clear-kova-hue\/\",\"name\":\"Gi\u00e1 S\u01a1n Ph\u1ee7 B\u00f3ng Clear kova Hu\u1ebf - 0903 59 5049\",\"isPartOf\":{\"@id\":\"https:\/\/tranthi.vn\/hue\/#website\"},\"primaryImageOfPage\":{\"@id\":\"https:\/\/tranthi.vn\/hue\/son-phu-bong-clear-kova-hue\/#primaryimage\"},\"image\":{\"@id\":\"https:\/\/tranthi.vn\/hue\/son-phu-bong-clear-kova-hue\/#primaryimage\"},\"thumbnailUrl\":\"https:\/\/tranthi.vn\/hue\/wp-content\/uploads\/2022\/03\/Son-phu-bong-Clear-Hue.jpg\",\"datePublished\":\"2022-03-16T02:08:25+00:00\",\"dateModified\":\"2022-04-13T10:41:00+00:00\",\"description\":\"S\u01a1n ph\u1ee7 b\u00f3ng clear kova Hu\u1ebf c\u00f3 k\u1ea3 n\u0103ng gi\u1ea3m b\u1ee5i b\u00e1m so v\u1edbi c\u00e1c lo\u1ea1i s\u01a1n ph\u1ee7 b\u00f3ng kh\u00e1c, v\u00ec v\u1eady duy tr\u00ec \u0111\u01b0\u1ee3c l\u00e2u h\u01a1n v\u1ebb m\u01a1i m\u1ebb b\u1ec1 ngo\u00e0i c\u1ee7a s\u01a1n\",\"breadcrumb\":{\"@id\":\"https:\/\/tranthi.vn\/hue\/son-phu-bong-clear-kova-hue\/#breadcrumb\"},\"inLanguage\":\"vi\",\"potentialAction\":[{\"@type\":\"ReadAction\",\"target\":[\"https:\/\/tranthi.vn\/hue\/son-phu-bong-clear-kova-hue\/\"]}]},{\"@type\":\"ImageObject\",\"inLanguage\":\"vi\",\"@id\":\"https:\/\/tranthi.vn\/hue\/son-phu-bong-clear-kova-hue\/#primaryimage\",\"url\":\"https:\/\/tranthi.vn\/hue\/wp-content\/uploads\/2022\/03\/Son-phu-bong-Clear-Hue.jpg\",\"contentUrl\":\"https:\/\/tranthi.vn\/hue\/wp-content\/uploads\/2022\/03\/Son-phu-bong-Clear-Hue.jpg\",\"width\":250,\"height\":250,\"caption\":\"S\u01a1n ph\u1ee7 b\u00f3ng Clear Hu\u1ebf\"},{\"@type\":\"BreadcrumbList\",\"@id\":\"https:\/\/tranthi.vn\/hue\/son-phu-bong-clear-kova-hue\/#breadcrumb\",\"itemListElement\":[{\"@type\":\"ListItem\",\"position\":1,\"name\":\"Trang Ch\u1ee7\",\"item\":\"https:\/\/tranthi.vn\/hue\/\"},{\"@type\":\"ListItem\",\"position\":2,\"name\":\"Shop\",\"item\":\"https:\/\/tranthi.vn\/hue\/shop\/\"},{\"@type\":\"ListItem\",\"position\":3,\"name\":\"S\u01a1n Ph\u1ee7 B\u00f3ng Clear Kova ( 1 l\u00edt )\"}]},{\"@type\":\"WebSite\",\"@id\":\"https:\/\/tranthi.vn\/hue\/#website\",\"url\":\"https:\/\/tranthi.vn\/hue\/\",\"name\":\"VLXD Tr\u1ea7n Th\u1ecb\",\"description\":\"V\u1eadt Li\u1ec7u X\u00e2y D\u1ef1ng - Hu\u1ebf\",\"publisher\":{\"@id\":\"https:\/\/tranthi.vn\/hue\/#organization\"},\"potentialAction\":[{\"@type\":\"SearchAction\",\"target\":{\"@type\":\"EntryPoint\",\"urlTemplate\":\"https:\/\/tranthi.vn\/hue\/?s={search_term_string}\"},\"query-input\":{\"@type\":\"PropertyValueSpecification\",\"valueRequired\":true,\"valueName\":\"search_term_string\"}}],\"inLanguage\":\"vi\"},{\"@type\":[\"Organization\",\"Place\"],\"@id\":\"https:\/\/tranthi.vn\/hue\/#organization\",\"name\":\"VLXD Tr\u1ea7n Th\u1ecb\",\"url\":\"https:\/\/tranthi.vn\/hue\/\",\"logo\":{\"@id\":\"https:\/\/tranthi.vn\/hue\/son-phu-bong-clear-kova-hue\/#local-main-organization-logo\"},\"image\":{\"@id\":\"https:\/\/tranthi.vn\/hue\/son-phu-bong-clear-kova-hue\/#local-main-organization-logo\"},\"telephone\":[],\"openingHoursSpecification\":[{\"@type\":\"OpeningHoursSpecification\",\"dayOfWeek\":[\"Monday\",\"Tuesday\",\"Wednesday\",\"Thursday\",\"Friday\",\"Saturday\",\"Sunday\"],\"opens\":\"09:00\",\"closes\":\"17:00\"}]},{\"@type\":\"ImageObject\",\"inLanguage\":\"vi\",\"@id\":\"https:\/\/tranthi.vn\/hue\/son-phu-bong-clear-kova-hue\/#local-main-organization-logo\",\"url\":\"https:\/\/tranthi.vn\/hue\/wp-content\/uploads\/2021\/02\/logo-tranthi1.jpg\",\"contentUrl\":\"https:\/\/tranthi.vn\/hue\/wp-content\/uploads\/2021\/02\/logo-tranthi1.jpg\",\"width\":800,\"height\":319,\"caption\":\"VLXD Tr\u1ea7n Th\u1ecb\"}]}<\/script>\n<meta property=\"product:price:amount\" content=\"270000\" \/>\n<meta property=\"product:price:currency\" content=\"VND\" \/>\n<meta property=\"og:availability\" content=\"instock\" \/>\n<meta property=\"product:availability\" content=\"instock\" \/>\n<meta property=\"product:condition\" content=\"new\" \/>\n<!-- \/ Yoast SEO Premium plugin. -->","yoast_head_json":{"title":"Gi\u00e1 S\u01a1n Ph\u1ee7 B\u00f3ng Clear kova Hu\u1ebf - 0903 59 5049","description":"S\u01a1n ph\u1ee7 b\u00f3ng clear kova Hu\u1ebf c\u00f3 k\u1ea3 n\u0103ng gi\u1ea3m b\u1ee5i b\u00e1m so v\u1edbi c\u00e1c lo\u1ea1i s\u01a1n ph\u1ee7 b\u00f3ng kh\u00e1c, v\u00ec v\u1eady duy tr\u00ec \u0111\u01b0\u1ee3c l\u00e2u h\u01a1n v\u1ebb m\u01a1i m\u1ebb b\u1ec1 ngo\u00e0i c\u1ee7a s\u01a1n","robots":{"index":"index","follow":"follow","max-snippet":"max-snippet:-1","max-image-preview":"max-image-preview:large","max-video-preview":"max-video-preview:-1"},"canonical":"https:\/\/tranthi.vn\/hue\/son-phu-bong-clear-kova-hue\/","og_locale":"vi_VN","og_type":"article","og_title":"S\u01a1n Ph\u1ee7 B\u00f3ng Clear Kova ( 1 l\u00edt )","og_description":"S\u01a1n ph\u1ee7 b\u00f3ng clear kova Hu\u1ebf c\u00f3 k\u1ea3 n\u0103ng gi\u1ea3m b\u1ee5i b\u00e1m so v\u1edbi c\u00e1c lo\u1ea1i s\u01a1n ph\u1ee7 b\u00f3ng kh\u00e1c, v\u00ec v\u1eady duy tr\u00ec \u0111\u01b0\u1ee3c l\u00e2u h\u01a1n v\u1ebb m\u01a1i m\u1ebb b\u1ec1 ngo\u00e0i c\u1ee7a s\u01a1n","og_url":"https:\/\/tranthi.vn\/hue\/son-phu-bong-clear-kova-hue\/","og_site_name":"V\u1eadt Li\u1ec7u X\u00e2y D\u1ef1ng Tr\u1ea7n Th\u1ecb Chi Nh\u00e1nh Hu\u1ebf","article_modified_time":"2022-04-13T10:41:00+00:00","og_image":[{"width":250,"height":250,"url":"https:\/\/tranthi.vn\/hue\/wp-content\/uploads\/2022\/03\/Son-phu-bong-Clear-Hue.jpg","type":"image\/jpeg"}],"twitter_card":"summary_large_image","twitter_misc":{"Gi\u00e1":"270,000&nbsp;&#8363;","Kh\u1ea3 d\u1ee5ng":"Trong kho"},"schema":{"@context":"https:\/\/schema.org","@graph":[{"@type":"WebPage","@id":"https:\/\/tranthi.vn\/hue\/son-phu-bong-clear-kova-hue\/","url":"https:\/\/tranthi.vn\/hue\/son-phu-bong-clear-kova-hue\/","name":"Gi\u00e1 S\u01a1n Ph\u1ee7 B\u00f3ng Clear kova Hu\u1ebf - 0903 59 5049","isPartOf":{"@id":"https:\/\/tranthi.vn\/hue\/#website"},"primaryImageOfPage":{"@id":"https:\/\/tranthi.vn\/hue\/son-phu-bong-clear-kova-hue\/#primaryimage"},"image":{"@id":"https:\/\/tranthi.vn\/hue\/son-phu-bong-clear-kova-hue\/#primaryimage"},"thumbnailUrl":"https:\/\/tranthi.vn\/hue\/wp-content\/uploads\/2022\/03\/Son-phu-bong-Clear-Hue.jpg","datePublished":"2022-03-16T02:08:25+00:00","dateModified":"2022-04-13T10:41:00+00:00","description":"S\u01a1n ph\u1ee7 b\u00f3ng clear kova Hu\u1ebf c\u00f3 k\u1ea3 n\u0103ng gi\u1ea3m b\u1ee5i b\u00e1m so v\u1edbi c\u00e1c lo\u1ea1i s\u01a1n ph\u1ee7 b\u00f3ng kh\u00e1c, v\u00ec v\u1eady duy tr\u00ec \u0111\u01b0\u1ee3c l\u00e2u h\u01a1n v\u1ebb m\u01a1i m\u1ebb b\u1ec1 ngo\u00e0i c\u1ee7a s\u01a1n","breadcrumb":{"@id":"https:\/\/tranthi.vn\/hue\/son-phu-bong-clear-kova-hue\/#breadcrumb"},"inLanguage":"vi","potentialAction":[{"@type":"ReadAction","target":["https:\/\/tranthi.vn\/hue\/son-phu-bong-clear-kova-hue\/"]}]},{"@type":"ImageObject","inLanguage":"vi","@id":"https:\/\/tranthi.vn\/hue\/son-phu-bong-clear-kova-hue\/#primaryimage","url":"https:\/\/tranthi.vn\/hue\/wp-content\/uploads\/2022\/03\/Son-phu-bong-Clear-Hue.jpg","contentUrl":"https:\/\/tranthi.vn\/hue\/wp-content\/uploads\/2022\/03\/Son-phu-bong-Clear-Hue.jpg","width":250,"height":250,"caption":"S\u01a1n ph\u1ee7 b\u00f3ng Clear Hu\u1ebf"},{"@type":"BreadcrumbList","@id":"https:\/\/tranthi.vn\/hue\/son-phu-bong-clear-kova-hue\/#breadcrumb","itemListElement":[{"@type":"ListItem","position":1,"name":"Trang Ch\u1ee7","item":"https:\/\/tranthi.vn\/hue\/"},{"@type":"ListItem","position":2,"name":"Shop","item":"https:\/\/tranthi.vn\/hue\/shop\/"},{"@type":"ListItem","position":3,"name":"S\u01a1n Ph\u1ee7 B\u00f3ng Clear Kova ( 1 l\u00edt )"}]},{"@type":"WebSite","@id":"https:\/\/tranthi.vn\/hue\/#website","url":"https:\/\/tranthi.vn\/hue\/","name":"VLXD Tr\u1ea7n Th\u1ecb","description":"V\u1eadt Li\u1ec7u X\u00e2y D\u1ef1ng - Hu\u1ebf","publisher":{"@id":"https:\/\/tranthi.vn\/hue\/#organization"},"potentialAction":[{"@type":"SearchAction","target":{"@type":"EntryPoint","urlTemplate":"https:\/\/tranthi.vn\/hue\/?s={search_term_string}"},"query-input":{"@type":"PropertyValueSpecification","valueRequired":true,"valueName":"search_term_string"}}],"inLanguage":"vi"},{"@type":["Organization","Place"],"@id":"https:\/\/tranthi.vn\/hue\/#organization","name":"VLXD Tr\u1ea7n Th\u1ecb","url":"https:\/\/tranthi.vn\/hue\/","logo":{"@id":"https:\/\/tranthi.vn\/hue\/son-phu-bong-clear-kova-hue\/#local-main-organization-logo"},"image":{"@id":"https:\/\/tranthi.vn\/hue\/son-phu-bong-clear-kova-hue\/#local-main-organization-logo"},"telephone":[],"openingHoursSpecification":[{"@type":"OpeningHoursSpecification","dayOfWeek":["Monday","Tuesday","Wednesday","Thursday","Friday","Saturday","Sunday"],"opens":"09:00","closes":"17:00"}]},{"@type":"ImageObject","inLanguage":"vi","@id":"https:\/\/tranthi.vn\/hue\/son-phu-bong-clear-kova-hue\/#local-main-organization-logo","url":"https:\/\/tranthi.vn\/hue\/wp-content\/uploads\/2021\/02\/logo-tranthi1.jpg","contentUrl":"https:\/\/tranthi.vn\/hue\/wp-content\/uploads\/2021\/02\/logo-tranthi1.jpg","width":800,"height":319,"caption":"VLXD Tr\u1ea7n Th\u1ecb"}]},"product_price_amount":"270000","product_price_currency":"VND","og_availability":"instock","product_availability":"instock","product_condition":"new"},"_links":{"self":[{"href":"https:\/\/tranthi.vn\/hue\/wp-json\/wp\/v2\/product\/3854","targetHints":{"allow":["GET"]}}],"collection":[{"href":"https:\/\/tranthi.vn\/hue\/wp-json\/wp\/v2\/product"}],"about":[{"href":"https:\/\/tranthi.vn\/hue\/wp-json\/wp\/v2\/types\/product"}],"replies":[{"embeddable":true,"href":"https:\/\/tranthi.vn\/hue\/wp-json\/wp\/v2\/comments?post=3854"}],"wp:featuredmedia":[{"embeddable":true,"href":"https:\/\/tranthi.vn\/hue\/wp-json\/wp\/v2\/media\/3847"}],"wp:attachment":[{"href":"https:\/\/tranthi.vn\/hue\/wp-json\/wp\/v2\/media?parent=3854"}],"wp:term":[{"taxonomy":"product_cat","embeddable":true,"href":"https:\/\/tranthi.vn\/hue\/wp-json\/wp\/v2\/product_cat?post=3854"},{"taxonomy":"product_tag","embeddable":true,"href":"https:\/\/tranthi.vn\/hue\/wp-json\/wp\/v2\/product_tag?post=3854"}],"curies":[{"name":"wp","href":"https:\/\/api.w.org\/{rel}","templated":true}]}}