{"id":3824,"date":"2022-02-19T18:41:08","date_gmt":"2022-02-19T11:41:08","guid":{"rendered":"https:\/\/tranthi.vn\/hue\/?post_type=product&#038;p=3824"},"modified":"2022-04-14T08:43:48","modified_gmt":"2022-04-14T01:43:48","slug":"gel-bao-ve-1-lit","status":"publish","type":"product","link":"https:\/\/tranthi.vn\/hue\/gel-bao-ve-1-lit\/","title":{"rendered":"Gel B\u1ea3o V\u1ec7 1 L\u00edt"},"content":{"rendered":"","protected":false},"excerpt":{"rendered":"<p><span style=\"font-family: 'times new roman', times, serif; font-size: 130%;\"><img loading=\"lazy\" decoding=\"async\" class=\"\" src=\"https:\/\/static.xx.fbcdn.net\/images\/emoji.php\/v9\/t87\/1\/16\/1f340.png\" alt=\"\ud83c\udf40\" width=\"21\" height=\"17\" \/>\u00a0 \u0110\u00f3ng g\u00f3i : Lon 1 l\u00edt.\u00a0<\/span><\/p>\n<p><span style=\"font-family: 'times new roman', times, serif; font-size: 130%;\"><img loading=\"lazy\" decoding=\"async\" class=\"\" src=\"https:\/\/static.xx.fbcdn.net\/images\/emoji.php\/v9\/t87\/1\/16\/1f340.png\" alt=\"\ud83c\udf40\" width=\"21\" height=\"17\" \/> \u00a0M\u00e0u s\u1eafc:\u00a0Kh\u00f4ng m\u00e0u\u00a0<\/span><\/p>\n<p><span style=\"font-family: 'times new roman', times, serif; font-size: 130%;\"><img loading=\"lazy\" decoding=\"async\" class=\"\" src=\"https:\/\/static.xx.fbcdn.net\/images\/emoji.php\/v9\/t87\/1\/16\/1f340.png\" alt=\"\ud83c\udf40\" width=\"21\" height=\"17\" \/> \u00a0\u0110\u1ecbnh m\u1ee9c:<span style=\"color: #282828;\">\u00a0S\u1eed d\u1ee5ng cho 25 \u2013 30m2<\/span><\/span><\/p>\n<p><img loading=\"lazy\" decoding=\"async\" class=\"\" src=\"https:\/\/static.xx.fbcdn.net\/images\/emoji.php\/v9\/t87\/1\/16\/1f340.png\" alt=\"\ud83c\udf40\" width=\"21\" height=\"17\" \/><span style=\"font-size: 130%; font-family: 'times new roman', times, serif;\">\u00a0 \u0110\u01a1n gi\u00e1 \u21d2<strong><span style=\"color: #ff0000;\"> 475.000 \u0111 \/ Lon \/ 1 l\u00edt<\/span><\/strong><\/span><\/p>\n<p><span style=\"font-family: 'times new roman', times, serif; font-size: 130%;\"><img loading=\"lazy\" decoding=\"async\" class=\"\" src=\"https:\/\/static.xx.fbcdn.net\/images\/emoji.php\/v9\/t87\/1\/16\/1f340.png\" alt=\"\ud83c\udf40\" width=\"21\" height=\"17\" \/>\u00a0 Th\u00e0nh ph\u1ea7n c\u1ea5u t\u1ea1o <strong>:<\/strong>\u00a0Nh\u1ef1a g\u1ed1c Acrylic, N\u01b0\u1edbc s\u1ea1ch, c\u00e1c ph\u1ee5 gia kh\u00f4ng ch\u1ee9a ch\u00ec v\u00e0 th\u1ee7y ng\u00e2n.\u00a0<\/span><\/p>\n<p><span style=\"font-family: 'times new roman', times, serif; font-size: 130%;\"><img loading=\"lazy\" decoding=\"async\" class=\"\" src=\"https:\/\/static.xx.fbcdn.net\/images\/emoji.php\/v9\/t87\/1\/16\/1f340.png\" alt=\"\ud83c\udf40\" width=\"21\" height=\"17\" \/>\u00a0 Th\u00e0nh ph\u1ea7n c\u00f3 ch\u1ee9a ch\u1ea5t di\u1ec7t khu\u1ea9n, c\u00f3 th\u1ec3 g\u00e2y d\u1ecb \u1ee9ng khi ti\u1ebfp x\u00fac.\u00a0<\/span><\/p>\n<p><span style=\"font-family: 'times new roman', times, serif; font-size: 130%;\"><img loading=\"lazy\" decoding=\"async\" class=\"\" src=\"https:\/\/static.xx.fbcdn.net\/images\/emoji.php\/v9\/t87\/1\/16\/1f340.png\" alt=\"\ud83c\udf40\" width=\"21\" height=\"17\" \/>\u00a0 Khi thi c\u00f4ng ph\u1ea3i mang g\u0103ng tay, kh\u1ea9u trang v\u00e0 k\u00ednh b\u1ea3o v\u1ec7 m\u1eaft th\u00edch h\u1ee3p trong l\u00fac thi c\u00f4ng. Khi thi c\u00f4ng xong ph\u1ea3i r\u1eeda s\u1ea1ch ngay c\u00e1c v\u1ebft s\u01a1n b\u00e1m tr\u00ean da.\u00a0<\/span><\/p>\n<p><span style=\"font-family: 'times new roman', times, serif; font-size: 130%;\"><img loading=\"lazy\" decoding=\"async\" class=\"\" src=\"https:\/\/static.xx.fbcdn.net\/images\/emoji.php\/v9\/t87\/1\/16\/1f340.png\" alt=\"\ud83c\udf40\" width=\"21\" height=\"17\" \/> Mi\u1ec5n ph\u00ed Ship t\u1eeb 2 lon tr\u1edf l\u00ean v\u00e0 trong TP Hu\u1ebf, ngo\u00e0i ra c\u00f3 Ship c\u00e1c Huy\u1ec7n l\u00e2n c\u1eadn ph\u00ed s\u1ebd \u0111\u01b0\u1ee3c t\u00ednh t\u00f9y thu\u1ed9c v\u00e0o g\u1ea7n hay xa<\/span><\/p>\n","protected":false},"featured_media":4532,"comment_status":"closed","ping_status":"closed","template":"","meta":[],"product_cat":[272],"product_tag":[677],"class_list":{"0":"post-3824","1":"product","2":"type-product","3":"status-publish","4":"has-post-thumbnail","6":"product_cat-son-trang-tri","7":"product_tag-gel-bao-ve-son-be-tong-pukaco-hue","9":"first","10":"instock","11":"sale","12":"shipping-taxable","13":"purchasable","14":"product-type-simple"},"yoast_head":"<!-- This site is optimized with the Yoast SEO Premium plugin v22.3 (Yoast SEO v23.7) - https:\/\/yoast.com\/wordpress\/plugins\/seo\/ -->\n<title>Gel B\u1ea3o V\u1ec7 1 L\u00edt - V\u1eadt Li\u1ec7u X\u00e2y D\u1ef1ng Tr\u1ea7n Th\u1ecb Chi Nh\u00e1nh Hu\u1ebf<\/title>\n<meta name=\"robots\" content=\"index, follow, max-snippet:-1, max-image-preview:large, max-video-preview:-1\" \/>\n<link rel=\"canonical\" href=\"https:\/\/tranthi.vn\/hue\/gel-bao-ve-1-lit\/\" \/>\n<meta property=\"og:locale\" content=\"vi_VN\" \/>\n<meta property=\"og:type\" content=\"article\" \/>\n<meta property=\"og:title\" content=\"Gel B\u1ea3o V\u1ec7 1 L\u00edt\" \/>\n<meta property=\"og:description\" content=\"\u00a0 \u0110\u00f3ng g\u00f3i : Lon 1 l\u00edt.\u00a0   \u00a0M\u00e0u s\u1eafc:\u00a0Kh\u00f4ng m\u00e0u\u00a0   \u00a0\u0110\u1ecbnh m\u1ee9c:\u00a0S\u1eed d\u1ee5ng cho 25 \u2013 30m2  \u00a0 \u0110\u01a1n gi\u00e1 \u21d2 475.000 \u0111 \/ Lon \/ 1 l\u00edt  \u00a0 Th\u00e0nh ph\u1ea7n c\u1ea5u t\u1ea1o :\u00a0Nh\u1ef1a g\u1ed1c Acrylic, N\u01b0\u1edbc s\u1ea1ch, c\u00e1c ph\u1ee5 gia kh\u00f4ng ch\u1ee9a ch\u00ec v\u00e0 th\u1ee7y ng\u00e2n.\u00a0  \u00a0 Th\u00e0nh ph\u1ea7n c\u00f3 ch\u1ee9a ch\u1ea5t di\u1ec7t khu\u1ea9n, c\u00f3 th\u1ec3 g\u00e2y d\u1ecb \u1ee9ng khi ti\u1ebfp x\u00fac.\u00a0  \u00a0 Khi thi c\u00f4ng ph\u1ea3i mang g\u0103ng tay, kh\u1ea9u trang v\u00e0 k\u00ednh b\u1ea3o v\u1ec7 m\u1eaft th\u00edch h\u1ee3p trong l\u00fac thi c\u00f4ng. Khi thi c\u00f4ng xong ph\u1ea3i r\u1eeda s\u1ea1ch ngay c\u00e1c v\u1ebft s\u01a1n b\u00e1m tr\u00ean da.\u00a0   Mi\u1ec5n ph\u00ed Ship t\u1eeb 2 lon tr\u1edf l\u00ean v\u00e0 trong TP Hu\u1ebf, ngo\u00e0i ra c\u00f3 Ship c\u00e1c Huy\u1ec7n l\u00e2n c\u1eadn ph\u00ed s\u1ebd \u0111\u01b0\u1ee3c t\u00ednh t\u00f9y thu\u1ed9c v\u00e0o g\u1ea7n hay xa\" \/>\n<meta property=\"og:url\" content=\"https:\/\/tranthi.vn\/hue\/gel-bao-ve-1-lit\/\" \/>\n<meta property=\"og:site_name\" content=\"V\u1eadt Li\u1ec7u X\u00e2y D\u1ef1ng Tr\u1ea7n Th\u1ecb Chi Nh\u00e1nh Hu\u1ebf\" \/>\n<meta property=\"article:modified_time\" content=\"2022-04-14T01:43:48+00:00\" \/>\n<meta property=\"og:image\" content=\"https:\/\/tranthi.vn\/hue\/wp-content\/uploads\/2022\/02\/gel-bao-ve-son-be-tong-pukaco-hue.jpg\" \/>\n\t<meta property=\"og:image:width\" content=\"250\" \/>\n\t<meta property=\"og:image:height\" content=\"250\" \/>\n\t<meta property=\"og:image:type\" content=\"image\/jpeg\" \/>\n<meta name=\"twitter:card\" content=\"summary_large_image\" \/>\n<meta name=\"twitter:label1\" content=\"Gi\u00e1\" \/>\n\t<meta name=\"twitter:data1\" content=\"475,000&nbsp;&#8363;\" \/>\n\t<meta name=\"twitter:label2\" content=\"Kh\u1ea3 d\u1ee5ng\" \/>\n\t<meta name=\"twitter:data2\" content=\"Trong kho\" \/>\n<script type=\"application\/ld+json\" class=\"yoast-schema-graph\">{\"@context\":\"https:\/\/schema.org\",\"@graph\":[{\"@type\":\"WebPage\",\"@id\":\"https:\/\/tranthi.vn\/hue\/gel-bao-ve-1-lit\/\",\"url\":\"https:\/\/tranthi.vn\/hue\/gel-bao-ve-1-lit\/\",\"name\":\"Gel B\u1ea3o V\u1ec7 1 L\u00edt - V\u1eadt Li\u1ec7u X\u00e2y D\u1ef1ng Tr\u1ea7n Th\u1ecb Chi Nh\u00e1nh Hu\u1ebf\",\"isPartOf\":{\"@id\":\"https:\/\/tranthi.vn\/hue\/#website\"},\"primaryImageOfPage\":{\"@id\":\"https:\/\/tranthi.vn\/hue\/gel-bao-ve-1-lit\/#primaryimage\"},\"image\":{\"@id\":\"https:\/\/tranthi.vn\/hue\/gel-bao-ve-1-lit\/#primaryimage\"},\"thumbnailUrl\":\"https:\/\/tranthi.vn\/hue\/wp-content\/uploads\/2022\/02\/gel-bao-ve-son-be-tong-pukaco-hue.jpg\",\"datePublished\":\"2022-02-19T11:41:08+00:00\",\"dateModified\":\"2022-04-14T01:43:48+00:00\",\"breadcrumb\":{\"@id\":\"https:\/\/tranthi.vn\/hue\/gel-bao-ve-1-lit\/#breadcrumb\"},\"inLanguage\":\"vi\",\"potentialAction\":[{\"@type\":\"ReadAction\",\"target\":[\"https:\/\/tranthi.vn\/hue\/gel-bao-ve-1-lit\/\"]}]},{\"@type\":\"ImageObject\",\"inLanguage\":\"vi\",\"@id\":\"https:\/\/tranthi.vn\/hue\/gel-bao-ve-1-lit\/#primaryimage\",\"url\":\"https:\/\/tranthi.vn\/hue\/wp-content\/uploads\/2022\/02\/gel-bao-ve-son-be-tong-pukaco-hue.jpg\",\"contentUrl\":\"https:\/\/tranthi.vn\/hue\/wp-content\/uploads\/2022\/02\/gel-bao-ve-son-be-tong-pukaco-hue.jpg\",\"width\":250,\"height\":250,\"caption\":\"gel-bao-ve-son-be-tong-pukaco-hue\"},{\"@type\":\"BreadcrumbList\",\"@id\":\"https:\/\/tranthi.vn\/hue\/gel-bao-ve-1-lit\/#breadcrumb\",\"itemListElement\":[{\"@type\":\"ListItem\",\"position\":1,\"name\":\"Trang Ch\u1ee7\",\"item\":\"https:\/\/tranthi.vn\/hue\/\"},{\"@type\":\"ListItem\",\"position\":2,\"name\":\"Shop\",\"item\":\"https:\/\/tranthi.vn\/hue\/shop\/\"},{\"@type\":\"ListItem\",\"position\":3,\"name\":\"Gel B\u1ea3o V\u1ec7 1 L\u00edt\"}]},{\"@type\":\"WebSite\",\"@id\":\"https:\/\/tranthi.vn\/hue\/#website\",\"url\":\"https:\/\/tranthi.vn\/hue\/\",\"name\":\"VLXD Tr\u1ea7n Th\u1ecb\",\"description\":\"V\u1eadt Li\u1ec7u X\u00e2y D\u1ef1ng - Hu\u1ebf\",\"publisher\":{\"@id\":\"https:\/\/tranthi.vn\/hue\/#organization\"},\"potentialAction\":[{\"@type\":\"SearchAction\",\"target\":{\"@type\":\"EntryPoint\",\"urlTemplate\":\"https:\/\/tranthi.vn\/hue\/?s={search_term_string}\"},\"query-input\":{\"@type\":\"PropertyValueSpecification\",\"valueRequired\":true,\"valueName\":\"search_term_string\"}}],\"inLanguage\":\"vi\"},{\"@type\":[\"Organization\",\"Place\"],\"@id\":\"https:\/\/tranthi.vn\/hue\/#organization\",\"name\":\"VLXD Tr\u1ea7n Th\u1ecb\",\"url\":\"https:\/\/tranthi.vn\/hue\/\",\"logo\":{\"@id\":\"https:\/\/tranthi.vn\/hue\/gel-bao-ve-1-lit\/#local-main-organization-logo\"},\"image\":{\"@id\":\"https:\/\/tranthi.vn\/hue\/gel-bao-ve-1-lit\/#local-main-organization-logo\"},\"telephone\":[],\"openingHoursSpecification\":[{\"@type\":\"OpeningHoursSpecification\",\"dayOfWeek\":[\"Monday\",\"Tuesday\",\"Wednesday\",\"Thursday\",\"Friday\",\"Saturday\",\"Sunday\"],\"opens\":\"09:00\",\"closes\":\"17:00\"}]},{\"@type\":\"ImageObject\",\"inLanguage\":\"vi\",\"@id\":\"https:\/\/tranthi.vn\/hue\/gel-bao-ve-1-lit\/#local-main-organization-logo\",\"url\":\"https:\/\/tranthi.vn\/hue\/wp-content\/uploads\/2021\/02\/logo-tranthi1.jpg\",\"contentUrl\":\"https:\/\/tranthi.vn\/hue\/wp-content\/uploads\/2021\/02\/logo-tranthi1.jpg\",\"width\":800,\"height\":319,\"caption\":\"VLXD Tr\u1ea7n Th\u1ecb\"}]}<\/script>\n<meta property=\"product:price:amount\" content=\"475000\" \/>\n<meta property=\"product:price:currency\" content=\"VND\" \/>\n<meta property=\"og:availability\" content=\"instock\" \/>\n<meta property=\"product:availability\" content=\"instock\" \/>\n<meta property=\"product:condition\" content=\"new\" \/>\n<!-- \/ Yoast SEO Premium plugin. -->","yoast_head_json":{"title":"Gel B\u1ea3o V\u1ec7 1 L\u00edt - V\u1eadt Li\u1ec7u X\u00e2y D\u1ef1ng Tr\u1ea7n Th\u1ecb Chi Nh\u00e1nh Hu\u1ebf","robots":{"index":"index","follow":"follow","max-snippet":"max-snippet:-1","max-image-preview":"max-image-preview:large","max-video-preview":"max-video-preview:-1"},"canonical":"https:\/\/tranthi.vn\/hue\/gel-bao-ve-1-lit\/","og_locale":"vi_VN","og_type":"article","og_title":"Gel B\u1ea3o V\u1ec7 1 L\u00edt","og_description":"\u00a0 \u0110\u00f3ng g\u00f3i : Lon 1 l\u00edt.\u00a0   \u00a0M\u00e0u s\u1eafc:\u00a0Kh\u00f4ng m\u00e0u\u00a0   \u00a0\u0110\u1ecbnh m\u1ee9c:\u00a0S\u1eed d\u1ee5ng cho 25 \u2013 30m2  \u00a0 \u0110\u01a1n gi\u00e1 \u21d2 475.000 \u0111 \/ Lon \/ 1 l\u00edt  \u00a0 Th\u00e0nh ph\u1ea7n c\u1ea5u t\u1ea1o :\u00a0Nh\u1ef1a g\u1ed1c Acrylic, N\u01b0\u1edbc s\u1ea1ch, c\u00e1c ph\u1ee5 gia kh\u00f4ng ch\u1ee9a ch\u00ec v\u00e0 th\u1ee7y ng\u00e2n.\u00a0  \u00a0 Th\u00e0nh ph\u1ea7n c\u00f3 ch\u1ee9a ch\u1ea5t di\u1ec7t khu\u1ea9n, c\u00f3 th\u1ec3 g\u00e2y d\u1ecb \u1ee9ng khi ti\u1ebfp x\u00fac.\u00a0  \u00a0 Khi thi c\u00f4ng ph\u1ea3i mang g\u0103ng tay, kh\u1ea9u trang v\u00e0 k\u00ednh b\u1ea3o v\u1ec7 m\u1eaft th\u00edch h\u1ee3p trong l\u00fac thi c\u00f4ng. Khi thi c\u00f4ng xong ph\u1ea3i r\u1eeda s\u1ea1ch ngay c\u00e1c v\u1ebft s\u01a1n b\u00e1m tr\u00ean da.\u00a0   Mi\u1ec5n ph\u00ed Ship t\u1eeb 2 lon tr\u1edf l\u00ean v\u00e0 trong TP Hu\u1ebf, ngo\u00e0i ra c\u00f3 Ship c\u00e1c Huy\u1ec7n l\u00e2n c\u1eadn ph\u00ed s\u1ebd \u0111\u01b0\u1ee3c t\u00ednh t\u00f9y thu\u1ed9c v\u00e0o g\u1ea7n hay xa","og_url":"https:\/\/tranthi.vn\/hue\/gel-bao-ve-1-lit\/","og_site_name":"V\u1eadt Li\u1ec7u X\u00e2y D\u1ef1ng Tr\u1ea7n Th\u1ecb Chi Nh\u00e1nh Hu\u1ebf","article_modified_time":"2022-04-14T01:43:48+00:00","og_image":[{"width":250,"height":250,"url":"https:\/\/tranthi.vn\/hue\/wp-content\/uploads\/2022\/02\/gel-bao-ve-son-be-tong-pukaco-hue.jpg","type":"image\/jpeg"}],"twitter_card":"summary_large_image","twitter_misc":{"Gi\u00e1":"475,000&nbsp;&#8363;","Kh\u1ea3 d\u1ee5ng":"Trong kho"},"schema":{"@context":"https:\/\/schema.org","@graph":[{"@type":"WebPage","@id":"https:\/\/tranthi.vn\/hue\/gel-bao-ve-1-lit\/","url":"https:\/\/tranthi.vn\/hue\/gel-bao-ve-1-lit\/","name":"Gel B\u1ea3o V\u1ec7 1 L\u00edt - V\u1eadt Li\u1ec7u X\u00e2y D\u1ef1ng Tr\u1ea7n Th\u1ecb Chi Nh\u00e1nh Hu\u1ebf","isPartOf":{"@id":"https:\/\/tranthi.vn\/hue\/#website"},"primaryImageOfPage":{"@id":"https:\/\/tranthi.vn\/hue\/gel-bao-ve-1-lit\/#primaryimage"},"image":{"@id":"https:\/\/tranthi.vn\/hue\/gel-bao-ve-1-lit\/#primaryimage"},"thumbnailUrl":"https:\/\/tranthi.vn\/hue\/wp-content\/uploads\/2022\/02\/gel-bao-ve-son-be-tong-pukaco-hue.jpg","datePublished":"2022-02-19T11:41:08+00:00","dateModified":"2022-04-14T01:43:48+00:00","breadcrumb":{"@id":"https:\/\/tranthi.vn\/hue\/gel-bao-ve-1-lit\/#breadcrumb"},"inLanguage":"vi","potentialAction":[{"@type":"ReadAction","target":["https:\/\/tranthi.vn\/hue\/gel-bao-ve-1-lit\/"]}]},{"@type":"ImageObject","inLanguage":"vi","@id":"https:\/\/tranthi.vn\/hue\/gel-bao-ve-1-lit\/#primaryimage","url":"https:\/\/tranthi.vn\/hue\/wp-content\/uploads\/2022\/02\/gel-bao-ve-son-be-tong-pukaco-hue.jpg","contentUrl":"https:\/\/tranthi.vn\/hue\/wp-content\/uploads\/2022\/02\/gel-bao-ve-son-be-tong-pukaco-hue.jpg","width":250,"height":250,"caption":"gel-bao-ve-son-be-tong-pukaco-hue"},{"@type":"BreadcrumbList","@id":"https:\/\/tranthi.vn\/hue\/gel-bao-ve-1-lit\/#breadcrumb","itemListElement":[{"@type":"ListItem","position":1,"name":"Trang Ch\u1ee7","item":"https:\/\/tranthi.vn\/hue\/"},{"@type":"ListItem","position":2,"name":"Shop","item":"https:\/\/tranthi.vn\/hue\/shop\/"},{"@type":"ListItem","position":3,"name":"Gel B\u1ea3o V\u1ec7 1 L\u00edt"}]},{"@type":"WebSite","@id":"https:\/\/tranthi.vn\/hue\/#website","url":"https:\/\/tranthi.vn\/hue\/","name":"VLXD Tr\u1ea7n Th\u1ecb","description":"V\u1eadt Li\u1ec7u X\u00e2y D\u1ef1ng - Hu\u1ebf","publisher":{"@id":"https:\/\/tranthi.vn\/hue\/#organization"},"potentialAction":[{"@type":"SearchAction","target":{"@type":"EntryPoint","urlTemplate":"https:\/\/tranthi.vn\/hue\/?s={search_term_string}"},"query-input":{"@type":"PropertyValueSpecification","valueRequired":true,"valueName":"search_term_string"}}],"inLanguage":"vi"},{"@type":["Organization","Place"],"@id":"https:\/\/tranthi.vn\/hue\/#organization","name":"VLXD Tr\u1ea7n Th\u1ecb","url":"https:\/\/tranthi.vn\/hue\/","logo":{"@id":"https:\/\/tranthi.vn\/hue\/gel-bao-ve-1-lit\/#local-main-organization-logo"},"image":{"@id":"https:\/\/tranthi.vn\/hue\/gel-bao-ve-1-lit\/#local-main-organization-logo"},"telephone":[],"openingHoursSpecification":[{"@type":"OpeningHoursSpecification","dayOfWeek":["Monday","Tuesday","Wednesday","Thursday","Friday","Saturday","Sunday"],"opens":"09:00","closes":"17:00"}]},{"@type":"ImageObject","inLanguage":"vi","@id":"https:\/\/tranthi.vn\/hue\/gel-bao-ve-1-lit\/#local-main-organization-logo","url":"https:\/\/tranthi.vn\/hue\/wp-content\/uploads\/2021\/02\/logo-tranthi1.jpg","contentUrl":"https:\/\/tranthi.vn\/hue\/wp-content\/uploads\/2021\/02\/logo-tranthi1.jpg","width":800,"height":319,"caption":"VLXD Tr\u1ea7n Th\u1ecb"}]},"product_price_amount":"475000","product_price_currency":"VND","og_availability":"instock","product_availability":"instock","product_condition":"new"},"_links":{"self":[{"href":"https:\/\/tranthi.vn\/hue\/wp-json\/wp\/v2\/product\/3824","targetHints":{"allow":["GET"]}}],"collection":[{"href":"https:\/\/tranthi.vn\/hue\/wp-json\/wp\/v2\/product"}],"about":[{"href":"https:\/\/tranthi.vn\/hue\/wp-json\/wp\/v2\/types\/product"}],"replies":[{"embeddable":true,"href":"https:\/\/tranthi.vn\/hue\/wp-json\/wp\/v2\/comments?post=3824"}],"wp:featuredmedia":[{"embeddable":true,"href":"https:\/\/tranthi.vn\/hue\/wp-json\/wp\/v2\/media\/4532"}],"wp:attachment":[{"href":"https:\/\/tranthi.vn\/hue\/wp-json\/wp\/v2\/media?parent=3824"}],"wp:term":[{"taxonomy":"product_cat","embeddable":true,"href":"https:\/\/tranthi.vn\/hue\/wp-json\/wp\/v2\/product_cat?post=3824"},{"taxonomy":"product_tag","embeddable":true,"href":"https:\/\/tranthi.vn\/hue\/wp-json\/wp\/v2\/product_tag?post=3824"}],"curies":[{"name":"wp","href":"https:\/\/api.w.org\/{rel}","templated":true}]}}