{"id":3411,"date":"2021-06-25T16:49:45","date_gmt":"2021-06-25T09:49:45","guid":{"rendered":"https:\/\/tranthi.vn\/?post_type=product&#038;p=3411"},"modified":"2021-07-31T10:29:10","modified_gmt":"2021-07-31T03:29:10","slug":"thiet-bi-ve-sinh-gia-re-tai-da-nang","status":"publish","type":"product","link":"https:\/\/tranthi.vn\/hue\/thiet-bi-ve-sinh-gia-re-tai-da-nang\/","title":{"rendered":"Combo TBVS TT009"},"content":{"rendered":"<h1 style=\"text-align: center;\"><span style=\"font-family: 'times new roman', times, serif; font-size: 130%; color: #ff0000;\"><strong>THI\u1ebeT B\u1eca V\u1ec6 SINH GI\u00c1 R\u1eba T\u1ea0I \u0110\u00c0 N\u1eb4NG<\/strong><\/span><\/h1>\n<p><span style=\"font-family: 'times new roman', times, serif; font-size: 130%; color: #000000;\"><strong><em>T\u1ea1i \u0110\u00e0 N\u1eb5ng<\/em><\/strong> n\u1ebfu b\u1ea1n \u0111ang t\u00ecm m\u1ed9t \u0111\u01a1n v\u1ecb chuy\u00ean cung c\u1ea5p <strong><em>thi\u1ebft b\u1ecb v\u1ec7 sinh <a href=\"https:\/\/vi.wikipedia.org\/wiki\/Gi%C3%A1_c%E1%BA%A3#:~:text=Gi%C3%A1%20c%E1%BA%A3%20l%C3%A0%20bi%E1%BB%83u%20hi%E1%BB%87n,%C4%91%E1%BB%95i%20xoay%20quanh%20gi%C3%A1%20tr%E1%BB%8B.\">gi\u00e1<\/a> r\u1ebb<\/em><\/strong> th\u00ec h\u00e3y \u0111\u1ebfn ngay v\u1edbi Tr\u1ea7n Th\u1ecb. Tr\u1ea7n Th\u1ecb chuy\u00ean c\u0169ng c\u1ea5p thi\u1ebft b\u1ecb v\u1ec7 sinh tr\u1ecdn b\u1ed9 t\u1eeb sen t\u1eafm, sen v\u00f2i, lavabo, b\u1ed3n c\u1ea7u&#8230;.\u00a0 t\u1eeb b\u00ecnh d\u00e2n \u0111\u1ebfn c\u00e1c th\u01b0\u01a1ng hi\u1ec7u nh\u01b0 viglacera, ceravi, inax&#8230;<\/span><\/p>\n<h2><span style=\"font-size: 100%;\"><strong><span style=\"font-family: 'times new roman', times, serif; color: #ff0000;\">1. Thi\u1ebft b\u1ecb v\u1ec7 sinh gi\u00e1 r\u1ebb c\u00f3 ch\u1ea5t l\u01b0\u1ee3ng kh\u00f4ng?<\/span><\/strong><\/span><\/h2>\n<p><span style=\"font-family: 'times new roman', times, serif; font-size: 130%; color: #000000;\">\u0110\u00e2y l\u00e0 c\u00e2u h\u1ecfi m\u00e0 nhi\u1ec1u kh\u00e1ch h\u00e0ng th\u1eafc m\u1eafc<\/span><\/p>\n<p><span style=\"font-family: 'times new roman', times, serif; font-size: 130%; color: #000000;\">Nhi\u1ec1u kh\u00e1ch khi so s\u00e1nh gi\u00e1 c\u00e1c thi\u1ebft b\u1ecb v\u1ec7 sinh nh\u01b0 b\u1ed3n c\u1ea7u, sen t\u1eafm, sen v\u00f2i nh\u1eadn \u0111\u01b0\u1ee3c s\u1ef1 ch\u00eanh l\u1ec7ch kh\u00e1 nhi\u1ec1u n\u00ean kh\u00e1ch c\u0169ng lo ng\u1ea1i v\u1ec1 ch\u1ea5t l\u01b0\u1ee3ng<\/span><\/p>\n<p><span style=\"font-family: 'times new roman', times, serif; font-size: 130%; color: #000000;\">\u0110\u1ed1i v\u1edbi h\u00e0ng nh\u01b0 sen t\u1eafm th\u00ec ch\u1ec9 t\u1eeb 1 tri\u1ec7u b\u1ea1n \u0111\u00e3 c\u00f3 th\u1ec3 mua \u0111\u01b0\u1ee3c 1 c\u00e2y sen t\u1eafm n\u00f3ng l\u1ea1nh inox 304 m\u1eabu m\u00e3 b\u1eaft m\u1eaft. Th\u1ea5p h\u01a1n g\u1ea7n nh\u01b0 1\/3 so v\u1edbi nhi\u1ec1u s\u1ea3n ph\u1ea9m c\u00f9ng lo\u1ea1i<\/span><\/p>\n<p><img loading=\"lazy\" decoding=\"async\" class=\"alignnone size-full wp-image-3572 aligncenter\" src=\"https:\/\/tranthi.vn\/hue\/wp-content\/uploads\/2021\/06\/untitled-1_optimized.jpg\" alt=\"\" width=\"500\" height=\"350\" \/><\/p>\n<p><span style=\"font-family: 'times new roman', times, serif; font-size: 130%; color: #000000;\">&#8220;Ti\u1ec1n n\u00e0o c\u1ee7a n\u1ea5y&#8221; \u0111\u00e2y m\u00e0 nguy\u00ean t\u1eafc m\u00e0 m\u00ecnh ch\u1eafc ch\u1eafn ai c\u0169ng bi\u1ebft. V\u1edbi m\u1ee9c gi\u00e1 nh\u01b0 v\u1eady b\u1ea1n kh\u00f4ng th\u1ec3 b\u1eaft s\u1ea3n ph\u1ea9m ph\u1ea3i s\u1eed d\u1ee5ng \u0111\u01b0\u1ee3c v\u00e0i ch\u1ee5c n\u0103m b\u1ea3o h\u00e0nh tr\u1ecdn \u0111\u1eddi \u0111\u01b0\u1ee3c. C\u00e1c s\u1ea3n ph\u1ea9m nh\u01b0 th\u1ebf n\u00e0y n\u00f3i th\u1eb3ng l\u00e0 h\u00e0ng nh\u1eadp kh\u1ea9u t\u1eeb Trung Qu\u1ed1c b\u1ea3o h\u00e0nh 1 n\u0103m. Th\u1eddi gian s\u1eed d\u1ee5ng th\u1ef1c t\u1ebf t\u1eeb 7 \u0111\u1ebfn 10 n\u0103m<\/span><\/p>\n<p><span style=\"font-family: 'times new roman', times, serif; font-size: 130%; color: #000000;\">\u0110\u1ed1i v\u1edbi b\u1ed3n c\u1ea7u c\u0169ng v\u1eady v\u1edbi m\u1ee9c gi\u00e1 th\u1ea5p c\u1ee7a h\u00e0ng th\u01b0\u01a1ng hi\u1ec7u l\u00e0 tr\u00ean 3 tri\u1ec7u th\u00ec v\u1edbi h\u00e0ng b\u00ecnh d\u00e2n. Ch\u1ec9 c\u1ea7n t\u1ea7m 1.500.000 l\u00e0 b\u1ea1n \u0111\u00e3 s\u1ee1 h\u1eefu \u0111\u01b0\u1ee3c 1 chi\u1ebfc b\u1ed3n c\u1ea7u 1 kh\u1ed1i si\u00eau sang ch\u1ea3nh <\/span><span style=\"font-family: 'times new roman', times, serif; font-size: 130%; color: #000000;\">h\u1ec7 th\u1ed1ng x\u1ea3 m\u1ea1nh ph\u1ee5 ki\u1ec7n b\u1ea3o h\u00e0nh 1 n\u0103m<\/span><\/p>\n<p><img loading=\"lazy\" decoding=\"async\" class=\"alignnone size-full wp-image-2625 aligncenter\" src=\"https:\/\/tranthi.vn\/hue\/wp-content\/uploads\/2021\/03\/TL11790-1.jpg\" alt=\"bon-cau-gia-re-tai-da-nang\" width=\"300\" height=\"300\" srcset=\"https:\/\/tranthi.vn\/hue\/wp-content\/uploads\/2021\/03\/TL11790-1.jpg 300w, https:\/\/tranthi.vn\/hue\/wp-content\/uploads\/2021\/03\/TL11790-1-100x100.jpg 100w\" sizes=\"auto, (max-width: 300px) 100vw, 300px\" \/><\/p>\n<p><span style=\"font-family: 'times new roman', times, serif; font-size: 130%; color: #000000;\"><strong><em>Th\u1ecb tr\u01b0\u1eddng thi\u1ebft b\u1ecb v\u1ec7 sinh<\/em><\/strong> n\u00e0y c\u0169ng nh\u01b0 th\u1eddi trang v\u1eady, m\u1eabu m\u1edbi s\u1ea3n ph\u1ea9m m\u1edbi ki\u1ec3u d\u00e1ng m\u1edbi c\u1ea3i ti\u1ebfn kh\u00f4ng ng\u1eebng. C\u00f3 th\u1ec3 n\u0103m \u0111\u00e2y th\u1ecbnh h\u00e0nh m\u1eabu n\u00e0y nh\u01b0ng n\u0103m sau l\u1ea1i th\u1ecbnh m\u1eabu kh\u00e1c. Ch\u00ednh v\u00ec v\u1eady khi s\u1eed d\u1ee5ng nh\u1eefng s\u1ea3n ph\u1ea9m gi\u00e1 th\u1ea5p b\u1ea1n c\u00f3 th\u1ec3 \u0111\u1ed5i m\u1edbi m\u00e0 kh\u00f4ng c\u1ea3m th\u1ea5y l\u00e3ng ph\u00ed m\u1ed9t ch\u00fat n\u00e0o\u00a0<\/span><\/p>\n<h2><span style=\"color: #ff0000;\"><strong><span style=\"font-family: 'times new roman', times, serif; font-size: 100%;\">2. T\u1ea1i \u0110\u00e0 N\u1eb5ng mua thi\u1ebft b\u1ecb v\u1ec7 sinh \u1edf \u0111\u00e2u l\u00e0 uy t\u00edn?<\/span><\/strong><\/span><\/h2>\n<p><span style=\"font-family: 'times new roman', times, serif; font-size: 130%; color: #000000;\">Tr\u01b0\u1edbc ti\u00ean \u0111\u1ec3 bi\u1ebft ch\u1ecdn mua \u1edf \u0111\u00e2u th\u00ec b\u1ea1n n\u00ean x\u00e1c \u0111\u1ecbnh c\u00e1c s\u1ea3n ph\u1ea9m m\u00ecnh s\u1eed d\u1ee5ng l\u00e0 g\u00ec. M\u1ee5c \u0111\u00edch s\u1eed d\u1ee5ng v\u00e0o c\u00f4ng tr\u00ecnh n\u00e0o, m\u1ee9c kinh ph\u00ed b\u1ea1n c\u00f3 th\u1ec3 b\u1ecf ra l\u00e0 bao nhi\u00eau<\/span><\/p>\n<p><span style=\"font-family: 'times new roman', times, serif; font-size: 130%; color: #000000;\">N\u1ebfu b\u1ea1n c\u00f3 kinh ph\u00ed cao v\u00e0 ch\u1ecdn nh\u1eefng d\u00f2ng cao c\u1ea5p th\u00ec c\u00e1ch nhanh nh\u1ea5t \u0111\u1ec3 t\u00ecm \u0111\u01b0\u1ee3c \u0111\u1ecba ch\u1ec9 uy t\u00edn t\u1ea1i <a href=\"https:\/\/vi.wikipedia.org\/wiki\/%C4%90%C3%A0_N%E1%BA%B5ng\">\u0110\u00e0 N\u1eb5ng<\/a> l\u00e0 b\u1ea1n li\u00ean h\u1ec7 tr\u1ef1c ti\u1ebfp v\u1edbi h\u00e3ng. Sau \u0111\u00f3 xin th\u00f4ng tin li\u00ean h\u1ec7 v\u00e0 \u0111\u1ecba ch\u1ec9 c\u1ee7a c\u00e1c \u0111\u1ea1i l\u00fd c\u1ee7a h\u00e3ng \u0111\u00f3 t\u1ea1i \u0110\u00e0 N\u1eb5ng v\u00e0 t\u1edbi tr\u1ef1c ti\u1ebfp \u0111\u00f3 mua l\u00e0 an to\u00e0n nh\u1ea5t<\/span><\/p>\n<p><span style=\"font-family: 'times new roman', times, serif; font-size: 130%; color: #000000;\">N\u1ebfu kh\u00f4ng b\u1ea1n v\u1eabn c\u00f3\u00a0 th\u1ec3 t\u00ecm \u0111\u1ea1i m\u1ed9t \u0111\u1ea1i l\u00fd n\u00e0o \u1edf ngo\u00e0i b\u1ea1n c\u1ea3m th\u1ea5y an t\u00e2m v\u00e0 c\u00f3 cung c\u1ea5p nh\u1eefng s\u1ea3n ph\u1ea9m \u0111\u00f3 th\u00ec mua. B\u1edfi v\u00ec khi mua b\u1ea1n s\u1ebd c\u00f3 1 phi\u1ebfu b\u1ea3o h\u00e0nh t\u1eeb b\u00ean h\u00e3ng. Ch\u1ec9 c\u1ea7n b\u1ea1n l\u1ea5y phi\u1ebfu b\u1ea3o h\u00e0nh v\u00e0 gi\u1eef n\u00f3 l\u1ea1i l\u00e0 \u0111\u01b0\u1ee3c<\/span><\/p>\n<p><span style=\"font-family: 'times new roman', times, serif; font-size: 130%; color: #000000;\">Tr\u01b0\u1eddng h\u1ee3p b\u1ea1n h\u1ea1n h\u1eb9p v\u1ec1 kinh t\u1ebf th\u00ec b\u1ea1n ch\u1ecdn nh\u1eefng \u0111\u1ea1i l\u00fd c\u00f3 cung c\u1ea5p nh\u1eefng s\u1ea3n ph\u1ea9m gi\u00e1 th\u1ea5p<\/span><\/p>\n<h3><span style=\"font-size: 100%;\"><strong><span style=\"font-family: 'times new roman', times, serif; color: #000000;\">Mua online<\/span><\/strong><\/span><\/h3>\n<p><span style=\"font-family: 'times new roman', times, serif; font-size: 130%; color: #000000;\">V\u1edbi s\u1ef1 ph\u00e1t tri\u1ec3n c\u1ee7a c\u00f4ng ngh\u1ec7 th\u00ec b\u1ea1n ch\u1ec9 vi\u1ec7c g\u1ecdi \u0111\u1eb7t h\u00e0ng s\u1ebd c\u00f3 ng\u01b0\u1eddi ch\u1edf t\u1edbi t\u1eadn nh\u00e0 cho b\u1ea1n<\/span><\/p>\n<p><span style=\"font-family: 'times new roman', times, serif; font-size: 130%; color: #000000;\">\u01afu \u0111i\u1ec3m:<\/span><\/p>\n<p><span style=\"font-family: 'times new roman', times, serif; font-size: 130%; color: #000000;\">Nhanh ch\u00f3ng, ti\u1ec7n l\u1ee3i<\/span><\/p>\n<p><span style=\"font-family: 'times new roman', times, serif; font-size: 130%; color: #000000;\">Ti\u1ebft ki\u1ec7m \u0111\u01b0\u1ee3c chi ph\u00ed \u0111i l\u1ea1i v\u00e0 v\u1eadn chuy\u1ec3n<\/span><\/p>\n<p><span style=\"font-family: 'times new roman', times, serif; font-size: 130%; color: #000000;\">Ti\u1ebft ki\u1ec7m th\u1eddi gian<\/span><\/p>\n<p><span style=\"font-family: 'times new roman', times, serif; font-size: 130%; color: #000000;\">Nh\u01b0\u1ee3c \u0111i\u1ec3m<\/span><\/p>\n<p><span style=\"font-family: 'times new roman', times, serif; font-size: 130%; color: #000000;\">Kh\u00f4ng th\u1ec3 nh\u00ecn tr\u1ef1c ti\u1ebfp \u0111\u01b0\u1ee3c s\u1ea3n ph\u1ea9m khi nh\u1eadn s\u1ea3n ph\u1ea9m l\u1ea1i th\u1ea5y kh\u00f4ng h\u1ee3p ho\u1eb7c kh\u00f4ng \u01b0ng \u00fd<\/span><\/p>\n<h3><strong><span style=\"font-family: 'times new roman', times, serif; font-size: 100%; color: #000000;\">T\u1edbi tr\u1ef1c ti\u1ebfp c\u1eeda h\u00e0ng<\/span><\/strong><\/h3>\n<p><span style=\"font-family: 'times new roman', times, serif; font-size: 130%; color: #000000;\">\u01afu \u0111i\u1ec3m:<\/span><\/p>\n<p><span style=\"font-family: 'times new roman', times, serif; font-size: 130%; color: #000000;\">Xem tr\u1ef1c ti\u1ebfp \u0111\u01b0\u1ee3c s\u1ea3n ph\u1ea9m<\/span><\/p>\n<p><span style=\"font-family: 'times new roman', times, serif; font-size: 130%; color: #000000;\">V\u1edbi th\u01b0\u1ee3ng hi\u1ec7u h\u01a1n 5 n\u0103m tr\u00ean th\u1ecb tr\u01b0\u1eddng Tr\u1ea7n Th\u1ecb chuy\u00ean cung c\u1ea5p thi\u1ebft b\u1ecb v\u1ec7 sinh t\u1eeb gi\u00e1 r\u1ebb \u0111\u1ebfn cao c\u1ea5p tho\u1ea3i m\u00e1i cho kh\u00e1ch h\u00e0ng l\u1ef1a ch\u1ecdn<\/span><\/p>\n","protected":false},"excerpt":{"rendered":"<p><strong><span style=\"font-family: 'times new roman', times, serif; font-size: 130%; color: #003300;\">Combo g\u1ed3m<\/span><\/strong><\/p>\n<ul style=\"list-style-type: disc;\">\n<li><span style=\"font-family: 'times new roman', times, serif; font-size: 130%; color: #000000;\">B\u1ed3n c\u1ea7u nh\u1eadu kh\u1ea9u<\/span><\/li>\n<li><span style=\"font-family: 'times new roman', times, serif; font-size: 130%; color: #000000;\">Sen v\u00f2i n\u00f3ng l\u1ea1nh<\/span><\/li>\n<li><span style=\"font-family: 'times new roman', times, serif; font-size: 130%; color: #000000;\">Sen t\u1eafm n\u00f3ng l\u1ea1nh<\/span><\/li>\n<li><span style=\"font-family: 'times new roman', times, serif; font-size: 130%; color: #000000;\">Lavabo \u0111\u1ec3 b\u00e0n<\/span><\/li>\n<li><span style=\"font-family: 'times new roman', times, serif; font-size: 130%; color: #000000;\">B\u00e0n \u0111\u00e1 lavabo<\/span><\/li>\n<li><span style=\"font-family: 'times new roman', times, serif; font-size: 130%; color: #000000;\">G\u01b0\u01a1ng vi\u1ec1n gi\u1ea3 g\u1ed7<\/span><\/li>\n<li><span style=\"font-family: 'times new roman', times, serif; font-size: 130%; color: #000000;\">V\u00f2i x\u1ecbt inox<\/span><\/li>\n<li><span style=\"font-family: 'times new roman', times, serif; font-size: 130%; color: #000000;\">K\u1ec7 k\u1ec3 gi\u1ea5y v\u1ec7 sinh<\/span><\/li>\n<li><span style=\"font-family: 'times new roman', times, serif; font-size: 130%; color: #000000;\">Thanh treo kh\u0103n<\/span><\/li>\n<\/ul>\n<p><span style=\"font-family: 'times new roman', times, serif; font-size: 130%; color: #000000;\">Gi\u00e1: <span style=\"color: #ff0000;\"><strong>5.890.000<\/strong><\/span><\/span><\/p>\n","protected":false},"featured_media":3412,"comment_status":"closed","ping_status":"closed","template":"","meta":[],"product_cat":[182,179],"product_tag":[],"class_list":{"0":"post-3411","1":"product","2":"type-product","3":"status-publish","4":"has-post-thumbnail","6":"product_cat-combo-tbvs","7":"product_cat-thiet-bi-ve-sinh","9":"first","10":"instock","11":"sale","12":"shipping-taxable","13":"purchasable","14":"product-type-simple"},"yoast_head":"<!-- This site is optimized with the Yoast SEO Premium plugin v22.3 (Yoast SEO v23.7) - https:\/\/yoast.com\/wordpress\/plugins\/seo\/ -->\n<title>thi\u1ebft b\u1ecb v\u1ec7 sinh gi\u00e1 r\u1ebb t\u1ea1i \u0110\u00e0 N\u1eb5ng - 0903.595.049 Tr\u1ea7n Th\u1ecb<\/title>\n<meta name=\"description\" content=\"Tr\u1ea7n Th\u1ecb chuy\u00ean cung c\u1ea5p thi\u1ebft b\u1ecb v\u1ec7 sinh gi\u00e1 r\u1ebb t\u1ea1i \u0110\u00e0 N\u1eb5ng, g\u1ed3m sen v\u00f2i sen t\u1eafm b\u1ed3n c\u1ea7u... v\u1eadn chuy\u1ec3n t\u1eadn n\u01a1i n\u1ed9i th\u00e0nh\" \/>\n<meta name=\"robots\" content=\"index, follow, max-snippet:-1, max-image-preview:large, max-video-preview:-1\" \/>\n<link rel=\"canonical\" href=\"https:\/\/tranthi.vn\/hue\/thiet-bi-ve-sinh-gia-re-tai-da-nang\/\" \/>\n<meta property=\"og:locale\" content=\"vi_VN\" \/>\n<meta property=\"og:type\" content=\"article\" \/>\n<meta property=\"og:title\" content=\"Combo TBVS TT009\" \/>\n<meta property=\"og:description\" content=\"Tr\u1ea7n Th\u1ecb chuy\u00ean cung c\u1ea5p thi\u1ebft b\u1ecb v\u1ec7 sinh gi\u00e1 r\u1ebb t\u1ea1i \u0110\u00e0 N\u1eb5ng, g\u1ed3m sen v\u00f2i sen t\u1eafm b\u1ed3n c\u1ea7u... v\u1eadn chuy\u1ec3n t\u1eadn n\u01a1i n\u1ed9i th\u00e0nh\" \/>\n<meta property=\"og:url\" content=\"https:\/\/tranthi.vn\/hue\/thiet-bi-ve-sinh-gia-re-tai-da-nang\/\" \/>\n<meta property=\"og:site_name\" content=\"V\u1eadt Li\u1ec7u X\u00e2y D\u1ef1ng Tr\u1ea7n Th\u1ecb Chi Nh\u00e1nh Hu\u1ebf\" \/>\n<meta property=\"article:modified_time\" content=\"2021-07-31T03:29:10+00:00\" \/>\n<meta property=\"og:image\" content=\"https:\/\/tranthi.vn\/hue\/wp-content\/uploads\/2021\/06\/3840214a75768128d867_optimized.jpg\" \/>\n\t<meta property=\"og:image:width\" content=\"460\" \/>\n\t<meta property=\"og:image:height\" content=\"680\" \/>\n\t<meta property=\"og:image:type\" content=\"image\/jpeg\" \/>\n<meta name=\"twitter:card\" content=\"summary_large_image\" \/>\n<meta name=\"twitter:label1\" content=\"Gi\u00e1\" \/>\n\t<meta name=\"twitter:data1\" content=\"5,890,000&nbsp;&#8363;\" \/>\n\t<meta name=\"twitter:label2\" content=\"Kh\u1ea3 d\u1ee5ng\" \/>\n\t<meta name=\"twitter:data2\" content=\"Trong kho\" \/>\n<script type=\"application\/ld+json\" class=\"yoast-schema-graph\">{\"@context\":\"https:\/\/schema.org\",\"@graph\":[{\"@type\":\"WebPage\",\"@id\":\"https:\/\/tranthi.vn\/hue\/thiet-bi-ve-sinh-gia-re-tai-da-nang\/\",\"url\":\"https:\/\/tranthi.vn\/hue\/thiet-bi-ve-sinh-gia-re-tai-da-nang\/\",\"name\":\"thi\u1ebft b\u1ecb v\u1ec7 sinh gi\u00e1 r\u1ebb t\u1ea1i \u0110\u00e0 N\u1eb5ng - 0903.595.049 Tr\u1ea7n Th\u1ecb\",\"isPartOf\":{\"@id\":\"https:\/\/tranthi.vn\/hue\/#website\"},\"primaryImageOfPage\":{\"@id\":\"https:\/\/tranthi.vn\/hue\/thiet-bi-ve-sinh-gia-re-tai-da-nang\/#primaryimage\"},\"image\":{\"@id\":\"https:\/\/tranthi.vn\/hue\/thiet-bi-ve-sinh-gia-re-tai-da-nang\/#primaryimage\"},\"thumbnailUrl\":\"https:\/\/tranthi.vn\/hue\/wp-content\/uploads\/2021\/06\/3840214a75768128d867_optimized.jpg\",\"datePublished\":\"2021-06-25T09:49:45+00:00\",\"dateModified\":\"2021-07-31T03:29:10+00:00\",\"description\":\"Tr\u1ea7n Th\u1ecb chuy\u00ean cung c\u1ea5p thi\u1ebft b\u1ecb v\u1ec7 sinh gi\u00e1 r\u1ebb t\u1ea1i \u0110\u00e0 N\u1eb5ng, g\u1ed3m sen v\u00f2i sen t\u1eafm b\u1ed3n c\u1ea7u... v\u1eadn chuy\u1ec3n t\u1eadn n\u01a1i n\u1ed9i th\u00e0nh\",\"breadcrumb\":{\"@id\":\"https:\/\/tranthi.vn\/hue\/thiet-bi-ve-sinh-gia-re-tai-da-nang\/#breadcrumb\"},\"inLanguage\":\"vi\",\"potentialAction\":[{\"@type\":\"ReadAction\",\"target\":[\"https:\/\/tranthi.vn\/hue\/thiet-bi-ve-sinh-gia-re-tai-da-nang\/\"]}]},{\"@type\":\"ImageObject\",\"inLanguage\":\"vi\",\"@id\":\"https:\/\/tranthi.vn\/hue\/thiet-bi-ve-sinh-gia-re-tai-da-nang\/#primaryimage\",\"url\":\"https:\/\/tranthi.vn\/hue\/wp-content\/uploads\/2021\/06\/3840214a75768128d867_optimized.jpg\",\"contentUrl\":\"https:\/\/tranthi.vn\/hue\/wp-content\/uploads\/2021\/06\/3840214a75768128d867_optimized.jpg\",\"width\":460,\"height\":680},{\"@type\":\"BreadcrumbList\",\"@id\":\"https:\/\/tranthi.vn\/hue\/thiet-bi-ve-sinh-gia-re-tai-da-nang\/#breadcrumb\",\"itemListElement\":[{\"@type\":\"ListItem\",\"position\":1,\"name\":\"Trang Ch\u1ee7\",\"item\":\"https:\/\/tranthi.vn\/hue\/\"},{\"@type\":\"ListItem\",\"position\":2,\"name\":\"Shop\",\"item\":\"https:\/\/tranthi.vn\/hue\/shop\/\"},{\"@type\":\"ListItem\",\"position\":3,\"name\":\"Combo TBVS TT009\"}]},{\"@type\":\"WebSite\",\"@id\":\"https:\/\/tranthi.vn\/hue\/#website\",\"url\":\"https:\/\/tranthi.vn\/hue\/\",\"name\":\"VLXD Tr\u1ea7n Th\u1ecb\",\"description\":\"V\u1eadt Li\u1ec7u X\u00e2y D\u1ef1ng - Hu\u1ebf\",\"publisher\":{\"@id\":\"https:\/\/tranthi.vn\/hue\/#organization\"},\"potentialAction\":[{\"@type\":\"SearchAction\",\"target\":{\"@type\":\"EntryPoint\",\"urlTemplate\":\"https:\/\/tranthi.vn\/hue\/?s={search_term_string}\"},\"query-input\":{\"@type\":\"PropertyValueSpecification\",\"valueRequired\":true,\"valueName\":\"search_term_string\"}}],\"inLanguage\":\"vi\"},{\"@type\":[\"Organization\",\"Place\"],\"@id\":\"https:\/\/tranthi.vn\/hue\/#organization\",\"name\":\"VLXD Tr\u1ea7n Th\u1ecb\",\"url\":\"https:\/\/tranthi.vn\/hue\/\",\"logo\":{\"@id\":\"https:\/\/tranthi.vn\/hue\/thiet-bi-ve-sinh-gia-re-tai-da-nang\/#local-main-organization-logo\"},\"image\":{\"@id\":\"https:\/\/tranthi.vn\/hue\/thiet-bi-ve-sinh-gia-re-tai-da-nang\/#local-main-organization-logo\"},\"telephone\":[],\"openingHoursSpecification\":[{\"@type\":\"OpeningHoursSpecification\",\"dayOfWeek\":[\"Monday\",\"Tuesday\",\"Wednesday\",\"Thursday\",\"Friday\",\"Saturday\",\"Sunday\"],\"opens\":\"09:00\",\"closes\":\"17:00\"}]},{\"@type\":\"ImageObject\",\"inLanguage\":\"vi\",\"@id\":\"https:\/\/tranthi.vn\/hue\/thiet-bi-ve-sinh-gia-re-tai-da-nang\/#local-main-organization-logo\",\"url\":\"https:\/\/tranthi.vn\/hue\/wp-content\/uploads\/2021\/02\/logo-tranthi1.jpg\",\"contentUrl\":\"https:\/\/tranthi.vn\/hue\/wp-content\/uploads\/2021\/02\/logo-tranthi1.jpg\",\"width\":800,\"height\":319,\"caption\":\"VLXD Tr\u1ea7n Th\u1ecb\"}]}<\/script>\n<meta property=\"product:price:amount\" content=\"5890000\" \/>\n<meta property=\"product:price:currency\" content=\"VND\" \/>\n<meta property=\"og:availability\" content=\"instock\" \/>\n<meta property=\"product:availability\" content=\"instock\" \/>\n<meta property=\"product:condition\" content=\"new\" \/>\n<!-- \/ Yoast SEO Premium plugin. -->","yoast_head_json":{"title":"thi\u1ebft b\u1ecb v\u1ec7 sinh gi\u00e1 r\u1ebb t\u1ea1i \u0110\u00e0 N\u1eb5ng - 0903.595.049 Tr\u1ea7n Th\u1ecb","description":"Tr\u1ea7n Th\u1ecb chuy\u00ean cung c\u1ea5p thi\u1ebft b\u1ecb v\u1ec7 sinh gi\u00e1 r\u1ebb t\u1ea1i \u0110\u00e0 N\u1eb5ng, g\u1ed3m sen v\u00f2i sen t\u1eafm b\u1ed3n c\u1ea7u... v\u1eadn chuy\u1ec3n t\u1eadn n\u01a1i n\u1ed9i th\u00e0nh","robots":{"index":"index","follow":"follow","max-snippet":"max-snippet:-1","max-image-preview":"max-image-preview:large","max-video-preview":"max-video-preview:-1"},"canonical":"https:\/\/tranthi.vn\/hue\/thiet-bi-ve-sinh-gia-re-tai-da-nang\/","og_locale":"vi_VN","og_type":"article","og_title":"Combo TBVS TT009","og_description":"Tr\u1ea7n Th\u1ecb chuy\u00ean cung c\u1ea5p thi\u1ebft b\u1ecb v\u1ec7 sinh gi\u00e1 r\u1ebb t\u1ea1i \u0110\u00e0 N\u1eb5ng, g\u1ed3m sen v\u00f2i sen t\u1eafm b\u1ed3n c\u1ea7u... v\u1eadn chuy\u1ec3n t\u1eadn n\u01a1i n\u1ed9i th\u00e0nh","og_url":"https:\/\/tranthi.vn\/hue\/thiet-bi-ve-sinh-gia-re-tai-da-nang\/","og_site_name":"V\u1eadt Li\u1ec7u X\u00e2y D\u1ef1ng Tr\u1ea7n Th\u1ecb Chi Nh\u00e1nh Hu\u1ebf","article_modified_time":"2021-07-31T03:29:10+00:00","og_image":[{"width":460,"height":680,"url":"https:\/\/tranthi.vn\/hue\/wp-content\/uploads\/2021\/06\/3840214a75768128d867_optimized.jpg","type":"image\/jpeg"}],"twitter_card":"summary_large_image","twitter_misc":{"Gi\u00e1":"5,890,000&nbsp;&#8363;","Kh\u1ea3 d\u1ee5ng":"Trong kho"},"schema":{"@context":"https:\/\/schema.org","@graph":[{"@type":"WebPage","@id":"https:\/\/tranthi.vn\/hue\/thiet-bi-ve-sinh-gia-re-tai-da-nang\/","url":"https:\/\/tranthi.vn\/hue\/thiet-bi-ve-sinh-gia-re-tai-da-nang\/","name":"thi\u1ebft b\u1ecb v\u1ec7 sinh gi\u00e1 r\u1ebb t\u1ea1i \u0110\u00e0 N\u1eb5ng - 0903.595.049 Tr\u1ea7n Th\u1ecb","isPartOf":{"@id":"https:\/\/tranthi.vn\/hue\/#website"},"primaryImageOfPage":{"@id":"https:\/\/tranthi.vn\/hue\/thiet-bi-ve-sinh-gia-re-tai-da-nang\/#primaryimage"},"image":{"@id":"https:\/\/tranthi.vn\/hue\/thiet-bi-ve-sinh-gia-re-tai-da-nang\/#primaryimage"},"thumbnailUrl":"https:\/\/tranthi.vn\/hue\/wp-content\/uploads\/2021\/06\/3840214a75768128d867_optimized.jpg","datePublished":"2021-06-25T09:49:45+00:00","dateModified":"2021-07-31T03:29:10+00:00","description":"Tr\u1ea7n Th\u1ecb chuy\u00ean cung c\u1ea5p thi\u1ebft b\u1ecb v\u1ec7 sinh gi\u00e1 r\u1ebb t\u1ea1i \u0110\u00e0 N\u1eb5ng, g\u1ed3m sen v\u00f2i sen t\u1eafm b\u1ed3n c\u1ea7u... v\u1eadn chuy\u1ec3n t\u1eadn n\u01a1i n\u1ed9i th\u00e0nh","breadcrumb":{"@id":"https:\/\/tranthi.vn\/hue\/thiet-bi-ve-sinh-gia-re-tai-da-nang\/#breadcrumb"},"inLanguage":"vi","potentialAction":[{"@type":"ReadAction","target":["https:\/\/tranthi.vn\/hue\/thiet-bi-ve-sinh-gia-re-tai-da-nang\/"]}]},{"@type":"ImageObject","inLanguage":"vi","@id":"https:\/\/tranthi.vn\/hue\/thiet-bi-ve-sinh-gia-re-tai-da-nang\/#primaryimage","url":"https:\/\/tranthi.vn\/hue\/wp-content\/uploads\/2021\/06\/3840214a75768128d867_optimized.jpg","contentUrl":"https:\/\/tranthi.vn\/hue\/wp-content\/uploads\/2021\/06\/3840214a75768128d867_optimized.jpg","width":460,"height":680},{"@type":"BreadcrumbList","@id":"https:\/\/tranthi.vn\/hue\/thiet-bi-ve-sinh-gia-re-tai-da-nang\/#breadcrumb","itemListElement":[{"@type":"ListItem","position":1,"name":"Trang Ch\u1ee7","item":"https:\/\/tranthi.vn\/hue\/"},{"@type":"ListItem","position":2,"name":"Shop","item":"https:\/\/tranthi.vn\/hue\/shop\/"},{"@type":"ListItem","position":3,"name":"Combo TBVS TT009"}]},{"@type":"WebSite","@id":"https:\/\/tranthi.vn\/hue\/#website","url":"https:\/\/tranthi.vn\/hue\/","name":"VLXD Tr\u1ea7n Th\u1ecb","description":"V\u1eadt Li\u1ec7u X\u00e2y D\u1ef1ng - Hu\u1ebf","publisher":{"@id":"https:\/\/tranthi.vn\/hue\/#organization"},"potentialAction":[{"@type":"SearchAction","target":{"@type":"EntryPoint","urlTemplate":"https:\/\/tranthi.vn\/hue\/?s={search_term_string}"},"query-input":{"@type":"PropertyValueSpecification","valueRequired":true,"valueName":"search_term_string"}}],"inLanguage":"vi"},{"@type":["Organization","Place"],"@id":"https:\/\/tranthi.vn\/hue\/#organization","name":"VLXD Tr\u1ea7n Th\u1ecb","url":"https:\/\/tranthi.vn\/hue\/","logo":{"@id":"https:\/\/tranthi.vn\/hue\/thiet-bi-ve-sinh-gia-re-tai-da-nang\/#local-main-organization-logo"},"image":{"@id":"https:\/\/tranthi.vn\/hue\/thiet-bi-ve-sinh-gia-re-tai-da-nang\/#local-main-organization-logo"},"telephone":[],"openingHoursSpecification":[{"@type":"OpeningHoursSpecification","dayOfWeek":["Monday","Tuesday","Wednesday","Thursday","Friday","Saturday","Sunday"],"opens":"09:00","closes":"17:00"}]},{"@type":"ImageObject","inLanguage":"vi","@id":"https:\/\/tranthi.vn\/hue\/thiet-bi-ve-sinh-gia-re-tai-da-nang\/#local-main-organization-logo","url":"https:\/\/tranthi.vn\/hue\/wp-content\/uploads\/2021\/02\/logo-tranthi1.jpg","contentUrl":"https:\/\/tranthi.vn\/hue\/wp-content\/uploads\/2021\/02\/logo-tranthi1.jpg","width":800,"height":319,"caption":"VLXD Tr\u1ea7n Th\u1ecb"}]},"product_price_amount":"5890000","product_price_currency":"VND","og_availability":"instock","product_availability":"instock","product_condition":"new"},"_links":{"self":[{"href":"https:\/\/tranthi.vn\/hue\/wp-json\/wp\/v2\/product\/3411","targetHints":{"allow":["GET"]}}],"collection":[{"href":"https:\/\/tranthi.vn\/hue\/wp-json\/wp\/v2\/product"}],"about":[{"href":"https:\/\/tranthi.vn\/hue\/wp-json\/wp\/v2\/types\/product"}],"replies":[{"embeddable":true,"href":"https:\/\/tranthi.vn\/hue\/wp-json\/wp\/v2\/comments?post=3411"}],"wp:featuredmedia":[{"embeddable":true,"href":"https:\/\/tranthi.vn\/hue\/wp-json\/wp\/v2\/media\/3412"}],"wp:attachment":[{"href":"https:\/\/tranthi.vn\/hue\/wp-json\/wp\/v2\/media?parent=3411"}],"wp:term":[{"taxonomy":"product_cat","embeddable":true,"href":"https:\/\/tranthi.vn\/hue\/wp-json\/wp\/v2\/product_cat?post=3411"},{"taxonomy":"product_tag","embeddable":true,"href":"https:\/\/tranthi.vn\/hue\/wp-json\/wp\/v2\/product_tag?post=3411"}],"curies":[{"name":"wp","href":"https:\/\/api.w.org\/{rel}","templated":true}]}}