{"id":2973,"date":"2021-04-02T16:35:36","date_gmt":"2021-04-02T09:35:36","guid":{"rendered":"https:\/\/tranthi.vn\/?post_type=product&#038;p=2973"},"modified":"2022-04-14T09:55:11","modified_gmt":"2022-04-14T02:55:11","slug":"gia-son-gia-be-tong-pukaco-hue","status":"publish","type":"product","link":"https:\/\/tranthi.vn\/hue\/gia-son-gia-be-tong-pukaco-hue\/","title":{"rendered":"S\u01a1n gi\u1ea3 b\u00ea t\u00f4ng Pukaco"},"content":{"rendered":"<h1 style=\"text-align: center;\"><a href=\"https:\/\/tranthi.vn\/hue\/gia-son-gia-be-tong-pukaco-hue\/\"><span style=\"font-family: 'times new roman', times, serif; font-size: 130%;\"><strong>B\u1ea3ng gi\u00e1 s\u01a1n b\u00ea t\u00f4ng pukaco Hu\u1ebf<\/strong><\/span><\/a><\/h1>\n<p><span style=\"font-family: 'times new roman', times, serif; font-size: 130%; color: #282828;\">Tr\u1ea7n Th\u1ecb chuy\u00ean cung c\u1ea5p <strong><em>s\u01a1n <\/em><\/strong>gi\u1ea3<strong><em> b\u00ea t\u00f4ng Pukaco<\/em><\/strong> v\u1edbi<strong><em> gi\u00e1<\/em><\/strong> h\u1ea5p d\u1eabn t\u1ea1i<em><strong> Hu\u1ebf.<\/strong><\/em> S\u01a1n lu\u00f4n \u0111\u01b0\u1ee3c \u0111\u1ea3m b\u1ea3o ch\u1ea5t l\u01b0\u1ee3ng mang t\u00ednh th\u1ea9m m\u1ef9 cao v\u00e0 \u0111\u1ea3m b\u1ea3o an to\u00e0n cho s\u1ee9c kh\u1ecfe ng\u01b0\u1eddi s\u1eed d\u1ee5ng<\/span><\/p>\n<h2><strong><span style=\"font-family: 'times new roman', times, serif; font-size: 100%; color: #ff0000;\">1. B\u1ea3ng <a style=\"color: #ff0000;\" href=\"https:\/\/vi.wikipedia.org\/wiki\/Gi%C3%A1\"><em>gi\u00e1<\/em><\/a> s\u01a1n b\u00ea t\u00f4ng <a style=\"color: #ff0000;\" href=\"https:\/\/www.sontuongbetong.com\/\"><em>pukaco<\/em><\/a><\/span><\/strong><\/h2>\n<p><span style=\"font-family: 'times new roman', times, serif; font-size: 130%;\">\u00a0 \u00a0 1. <a href=\"https:\/\/vi.wikipedia.org\/wiki\/S%C6%A1n\">S\u01a1n<\/a> b\u00ea t\u00f4ng 6k: 780.000 \u0111\/6kg<\/span><\/p>\n<p><span style=\"font-family: 'times new roman', times, serif; font-size: 130%;\">\u00a0 \u00a0 2. Gel ph\u1ee7 b\u1ea3o v\u1ec7 1 l\u00edt: 245.000 \u0111\/ l\u00edt<\/span><\/p>\n<p><span style=\"font-family: 'times new roman', times, serif; font-size: 130%;\">\u00a0 \u00a0 3. Gel ph\u1ee7 ngo\u1ea1i th\u1ea5t 1 l\u00edt: 365.000 \u0111\/ l\u00edt<\/span><\/p>\n<p><span style=\"font-family: 'times new roman', times, serif; font-size: 130%;\">\u00a0 \u00a0 4. Bay b\u00ea t\u00f4ng: 465.000 c\u00e1i<\/span><\/p>\n<p style=\"text-align: center;\"><iframe loading=\"lazy\" src=\"\/\/www.youtube.com\/embed\/UQMUmN7NDIY?t=19s\" width=\"560\" height=\"314\" allowfullscreen=\"allowfullscreen\"><\/iframe><\/p>\n<h2><strong><span style=\"font-family: 'times new roman', times, serif; color: #ff0000;\">2. B\u1ea3ng gi\u00e1 thi c\u00f4ng tr\u1ecdn g\u00f3i s\u01a1n <em>gi\u1ea3 b\u00ea t\u00f4ng Pukaco<\/em> t\u1ea1i <i>Hu\u1ebf<\/i><\/span><\/strong><\/h2>\n<p><span style=\"font-family: 'times new roman', times, serif; font-size: 130%;\">&#8211; Thi c\u00f4ng tr\u1ecdn g\u00f3i : <\/span><\/p>\n<p><span style=\"font-family: 'times new roman', times, serif; font-size: 130%;\">+ d\u01b0\u1edbi 10 m\u00e9t vu\u00f4ng : 350.000 \u0111\/ m\u00e9t<br \/>\n+ 11 \u0111\u1ebfn 20 m\u00e9t : 330.000\u0111\/ m\u00e9t<br \/>\n+ Tr\u00ean 21 m\u00e9t: 300.000 \u0111\/m\u00e9t<\/span><\/p>\n<h2><strong><span style=\"font-family: 'times new roman', times, serif; font-size: 100%; color: #ff0000;\">3. S\u01a1n hi\u1ec7u \u1ee9ng b\u00ea t\u00f4ng l\u00e0 g\u00ec?<\/span><\/strong><\/h2>\n<ul>\n<li><span style=\"font-family: 'times new roman', times, serif; font-size: 130%;\"><span style=\"font-family: 'times new roman', times, serif; font-size: 130%;\"><em><strong>S\u01a1n <\/strong><\/em>hi\u1ec7u \u1ee9ng gi\u1ea3<em><strong> b\u00ea t\u00f4ng<\/strong><\/em>(hay Deco Concrete) b\u1ea3n ch\u1ea5t kh\u00f4ng ph\u1ea3i l\u00e0 s\u01a1n n\u01b0\u1edbc, m\u00e0 l\u00e0 m\u1ed9t lo\u1ea1i v\u1eefa (plaster) \u0111\u1eb7c bi\u1ec7t, chuy\u00ean d\u00f9ng \u0111\u1ec3 t\u1ea1o hi\u1ec7u \u1ee9ng v\u00e2n m\u00e0u <strong>b\u00ea<\/strong> <em>t\u00f4ng<\/em> r\u1ea5t th\u1eadt do k\u1ebft c\u1ea5u v\u1eadt li\u1ec7u c\u1ee7a c\u00e1c l\u1edbp v\u1eefa v\u00e0 c\u00e1ch th\u1ee9c thi c\u00f4ng \u0111\u1eb7c bi\u1ec7t m\u00e0 t\u1ea1o th\u00e0nh.<\/span><\/span>\n<figure id=\"attachment_2983\" aria-describedby=\"caption-attachment-2983\" style=\"width: 250px\" class=\"wp-caption aligncenter\"><img loading=\"lazy\" decoding=\"async\" class=\"size-full wp-image-2983\" src=\"https:\/\/tranthi.vn\/hue\/wp-content\/uploads\/2021\/04\/mau-son-gia-be-tong-pukaco-da-nang_optimized.jpg\" alt=\"m\u00e0u-s\u01a1n-gi\u1ea3-be-t\u00f4ng-pukaco-\u0111\u00e0-n\u1eb5ng_optimized\" width=\"250\" height=\"250\" srcset=\"https:\/\/tranthi.vn\/hue\/wp-content\/uploads\/2021\/04\/mau-son-gia-be-tong-pukaco-da-nang_optimized.jpg 250w, https:\/\/tranthi.vn\/hue\/wp-content\/uploads\/2021\/04\/mau-son-gia-be-tong-pukaco-da-nang_optimized-100x100.jpg 100w\" sizes=\"auto, (max-width: 250px) 100vw, 250px\" \/><figcaption id=\"caption-attachment-2983\" class=\"wp-caption-text\">M\u00e0u-s\u01a1n-gi\u1ea3-be-t\u00f4ng-pukaco<\/figcaption><\/figure><\/li>\n<\/ul>\n<ul>\n<li><span style=\"font-family: 'times new roman', times, serif; font-size: 130%;\">Hi\u1ec7u \u1ee9ng b\u00ea t\u00f4ng \u0111\u01b0\u1ee3c h\u00ecnh th\u00e0nh b\u1eb1ng c\u00e1ch t\u1ea1o ra nhi\u1ec1u l\u1edbp v\u00e2n m\u00e2y c\u00f3 m\u00e0u \u0111\u1eadm nh\u1ea1t t\u1eeb ch\u1ea5t li\u1ec7u v\u1eefa (plaster). M\u1eb7c d\u00f9 nh\u00ecn th\u1ea5y l\u1edbp v\u00e2n m\u00e2y m\u1edd c\u1ee7a c\u00e1c n\u1ec1n b\u00ea t\u00f4ng nh\u01b0 khi th\u00e1o c\u1ed1p pha v\u00e0 m\u00e0i ph\u1eb3ng, tuy nhi\u00ean, b\u1ec1 m\u1eb7t khi ch\u1ea1m tay v\u00e0o kh\u00f4ng h\u1ec1 th\u00f4 r\u00e1p m\u00e0 v\u00f4 c\u00f9ng nh\u1eb5n m\u1ecbn v\u00e0 m\u00e1t l\u1ea1nh. Hi\u1ec7u \u1ee9ng <em><strong>b\u00ea t\u00f4ng<\/strong><\/em> h\u00f2a v\u00e0o l\u1edbp n\u1ec1n, t\u1ea1o n\u00ean c\u1ea3m gi\u00e1c r\u1ea5t ch\u00e2n th\u1eadt\u00a0<\/span><\/li>\n<\/ul>\n<p>&nbsp;<\/p>\n<p style=\"text-align: center;\"><span style=\"font-family: 'times new roman', times, serif; font-size: 130%;\"> .<iframe loading=\"lazy\" src=\"\/\/www.youtube.com\/embed\/fYwa59rh-5s?t=9s\" width=\"560\" height=\"314\" allowfullscreen=\"allowfullscreen\"><\/iframe><\/span><\/p>\n<h2><strong><span style=\"font-family: 'times new roman', times, serif; font-size: 100%; color: #ff0000;\">4. \u1ee8ng d\u1ee5ng c\u1ee7a S\u01a1n hi\u1ec7u \u1ee9ng b\u00ea t\u00f4ng<\/span><\/strong><\/h2>\n<ul>\n<li><span style=\"font-family: 'times new roman', times, serif; font-size: 130%;\">Trong nh\u1eefng n\u0103m g\u1ea7n \u0111\u00e2y, <strong>S\u01a1n<\/strong> hi\u1ec7u \u1ee9ng <em>b\u00ea t\u00f4ng<\/em> l\u00e0 m\u1ed9t trong nh\u1eefng v\u1eadt li\u1ec7u m\u1edbi r\u1ea5t \u0111\u01b0\u1ee3c \u01b0a chu\u1ed9ng,\u00a0 \u0111\u1eb7c bi\u1ec7t t\u1ea1i Vi\u1ec7t Nam chung v\u00e0 <em><a href=\"https:\/\/vi.wikipedia.org\/wiki\/Hu%E1%BA%BF\"><strong>Hu\u1ebf<\/strong><\/a>\u00a0<\/em>n\u00f3i ri\u00eang<\/span><span style=\"font-family: 'times new roman', times, serif; font-size: 130%;\">.<br \/>\n<\/span><\/li>\n<\/ul>\n<p><img loading=\"lazy\" decoding=\"async\" class=\"size-full wp-image-2984 aligncenter\" src=\"https:\/\/tranthi.vn\/hue\/wp-content\/uploads\/2021\/04\/van-mau-thuc-te_optimized.jpg\" alt=\"\" width=\"250\" height=\"250\" srcset=\"https:\/\/tranthi.vn\/hue\/wp-content\/uploads\/2021\/04\/van-mau-thuc-te_optimized.jpg 250w, https:\/\/tranthi.vn\/hue\/wp-content\/uploads\/2021\/04\/van-mau-thuc-te_optimized-100x100.jpg 100w\" sizes=\"auto, (max-width: 250px) 100vw, 250px\" \/><\/p>\n<ul>\n<li><span style=\"font-family: 'times new roman', times, serif; font-size: 130%;\"><span style=\"font-family: 'times new roman', times, serif;\">Kh\u00f4ng th\u1ec3 ph\u1ee7 nh\u1eadn r\u1eb1ng S\u01a1n hi\u1ec7u \u1ee9ng b\u00ea t\u00f4ng &amp; v\u1eefa plaster \u0111\u1eb7c bi\u1ec7t d\u00f9ng cho ho\u00e0n thi\u1ec7n t\u01b0\u1eddng \u0111\u00e3 v\u00e0 \u0111ang tr\u1edf th\u00e0nh m\u1ed9t xu h\u01b0\u1edbng m\u1edbi \u0111ang r\u1ea5t \u201chot\u201d c\u1ee7a gi\u1edbi Ki\u1ebfn tr\u00fac s\u01b0 &amp; Thi\u1ebft k\u1ebf.<\/span><\/span><\/li>\n<li><span style=\"font-family: 'times new roman', times, serif; font-size: 130%;\"> Th\u1eadt v\u1eady, kh\u00f4ng kh\u00f3 \u0111\u1ec3 b\u1eaft g\u1eb7p \u1edf \u0111\u00e2u \u0111\u00f3 c\u00e1c m\u1ea3ng t\u01b0\u1eddng s\u01a1n hi\u1ec7u \u1ee9ng b\u00ea t\u00f4ng \u201c\u0111\u1eb7c bi\u1ec7t\u201d m\u00e0 \u0111\u00f4i khi kh\u00f4ng th\u1ec3 ph\u00e2n bi\u1ec7t \u0111\u00f3 l\u00e0 <em><strong>s\u01a1n<\/strong><\/em>, gi\u1ea5y d\u00e1n t\u01b0\u1eddng, <em><strong>b\u00ea t\u00f4ng<\/strong><\/em>, hay l\u00e0 g\u00ec kh\u00e1c? M\u1ed9t lo\u1ea1i v\u1eadt li\u1ec7u th\u1eadt s\u1ef1 \u0111\u1eb7c bi\u1ec7t v\u00e0 mang t\u00ednh c\u00e1ch c\u00e1 nh\u00e2n h\u00f3a cho kh\u00f4ng gian c\u1ee7a t\u1eebng ng\u01b0\u1eddi.<\/span><\/li>\n<\/ul>\n","protected":false},"excerpt":{"rendered":"<p><span style=\"font-family: 'times new roman', times, serif; font-size: 130%;\"><img loading=\"lazy\" decoding=\"async\" class=\"\" src=\"https:\/\/static.xx.fbcdn.net\/images\/emoji.php\/v9\/t87\/1\/16\/1f340.png\" alt=\"\ud83c\udf40\" width=\"21\" height=\"17\" \/>\u00a0 \u0110\u01a1n v\u1ecb t\u00ednh : Th\u00f9ng 6 Kg<\/span><\/p>\n<p><span style=\"font-family: 'times new roman', times, serif; font-size: 130%;\"><img loading=\"lazy\" decoding=\"async\" class=\"\" src=\"https:\/\/static.xx.fbcdn.net\/images\/emoji.php\/v9\/t87\/1\/16\/1f340.png\" alt=\"\ud83c\udf40\" width=\"21\" height=\"17\" \/>\u00a0 \u0110\u01a1n gi\u00e1 \u21d2<span style=\"color: #ff0000;\"><strong> 895.000 \u0111 \/Th\u00f9ng<\/strong><\/span><\/span><\/p>\n<p><span style=\"font-family: 'times new roman', times, serif; font-size: 130%;\"><img loading=\"lazy\" decoding=\"async\" class=\"\" src=\"https:\/\/static.xx.fbcdn.net\/images\/emoji.php\/v9\/t87\/1\/16\/1f340.png\" alt=\"\ud83c\udf40\" width=\"21\" height=\"17\" \/>\u00a0 \u0110\u1ecbnh m\u1ee9c:\u00a0 Thi c\u00f4ng \u0111\u01b0\u1ee3c\u00a06 \u2013 8m2\u00a0ho\u1eb7c c\u00f3 th\u1ec3\u00a08 \u2013 10m2<\/span><\/p>\n<p><span style=\"font-family: 'times new roman', times, serif; font-size: 130%;\"><img loading=\"lazy\" decoding=\"async\" class=\"\" src=\"https:\/\/static.xx.fbcdn.net\/images\/emoji.php\/v9\/t87\/1\/16\/1f340.png\" alt=\"\ud83c\udf40\" width=\"21\" height=\"17\" \/>\u00a0 H\u00e0ng mua r\u1ed3i kh\u00f4ng tr\u1ea3 l\u1ea1i<\/span><\/p>\n<p><span style=\"font-family: 'times new roman', times, serif; font-size: 130%;\"><img loading=\"lazy\" decoding=\"async\" class=\"\" src=\"https:\/\/static.xx.fbcdn.net\/images\/emoji.php\/v9\/t87\/1\/16\/1f340.png\" alt=\"\ud83c\udf40\" width=\"21\" height=\"17\" \/> \u00a0Mi\u1ec5n ph\u00ed Ship khi mua t\u1eeb 3 \u0111\u01a1n v\u1ecb tr\u1edf l\u00ean v\u00e0 trong TP Hu\u1ebf , Ngo\u00e0i ra Tr\u1ea7n Th\u1ecb c\u00f2n Ship c\u00e1c huy\u1ec7n l\u00e2n c\u1eadn,\u00a0 ph\u00ed Ship \u0111\u01b0\u1ee3c t\u00ednh t\u00f9y thu\u1ed9c v\u00e0o xa hay g\u1ea7n\u00a0<\/span><\/p>\n<p>&nbsp;<\/p>\n","protected":false},"featured_media":4536,"comment_status":"closed","ping_status":"closed","template":"","meta":[],"product_cat":[272],"product_tag":[679,680],"class_list":{"0":"post-2973","1":"product","2":"type-product","3":"status-publish","4":"has-post-thumbnail","6":"product_cat-son-trang-tri","7":"product_tag-dai-ly-son-gia-be-tong-pukaco-hue","8":"product_tag-gia-son-gia-be-tong-pukaco-hue","10":"first","11":"instock","12":"sale","13":"shipping-taxable","14":"purchasable","15":"product-type-simple"},"yoast_head":"<!-- This site is optimized with the Yoast SEO Premium plugin v22.3 (Yoast SEO v23.7) - https:\/\/yoast.com\/wordpress\/plugins\/seo\/ -->\n<title>Gi\u00e1 s\u01a1n gi\u1ea3 b\u00ea t\u00f4ng Pukaco t\u1ea1i hu\u1ebf - 0903.595.049<\/title>\n<meta name=\"description\" content=\"Tr\u1ea7n th\u1ecb - \u0111\u1ea1i l\u00fd ph\u00e2n ph\u1ed1i s\u01a1n gi\u1ea3 b\u00ea t\u00f4ng Pukaco gi\u00e1 r\u1ebb t\u1ea1i hu\u1ebf, s\u01a1n hi\u1ec7u \u1ee9ng b\u00ea t\u00f4ng l\u00e0 m\u1ed9t trong nh\u1eefng v\u1eadt li\u1ec7u m\u1edbi r\u1ea5t \u0111\u01b0\u1ee3c \u01b0a chu\u1ed9ng\" \/>\n<meta name=\"robots\" content=\"index, follow, max-snippet:-1, max-image-preview:large, max-video-preview:-1\" \/>\n<link rel=\"canonical\" href=\"https:\/\/tranthi.vn\/hue\/gia-son-gia-be-tong-pukaco-hue\/\" \/>\n<meta property=\"og:locale\" content=\"vi_VN\" \/>\n<meta property=\"og:type\" content=\"article\" \/>\n<meta property=\"og:title\" content=\"S\u01a1n gi\u1ea3 b\u00ea t\u00f4ng Pukaco\" \/>\n<meta property=\"og:description\" content=\"Tr\u1ea7n th\u1ecb - \u0111\u1ea1i l\u00fd ph\u00e2n ph\u1ed1i s\u01a1n gi\u1ea3 b\u00ea t\u00f4ng Pukaco gi\u00e1 r\u1ebb t\u1ea1i hu\u1ebf, s\u01a1n hi\u1ec7u \u1ee9ng b\u00ea t\u00f4ng l\u00e0 m\u1ed9t trong nh\u1eefng v\u1eadt li\u1ec7u m\u1edbi r\u1ea5t \u0111\u01b0\u1ee3c \u01b0a chu\u1ed9ng\" \/>\n<meta property=\"og:url\" content=\"https:\/\/tranthi.vn\/hue\/gia-son-gia-be-tong-pukaco-hue\/\" \/>\n<meta property=\"og:site_name\" content=\"V\u1eadt Li\u1ec7u X\u00e2y D\u1ef1ng Tr\u1ea7n Th\u1ecb Chi Nh\u00e1nh Hu\u1ebf\" \/>\n<meta property=\"article:modified_time\" content=\"2022-04-14T02:55:11+00:00\" \/>\n<meta property=\"og:image\" content=\"https:\/\/tranthi.vn\/hue\/wp-content\/uploads\/2021\/04\/Gia-son-gia-be-tong-pukaco-Hue.jpg\" \/>\n\t<meta property=\"og:image:width\" content=\"250\" \/>\n\t<meta property=\"og:image:height\" content=\"250\" \/>\n\t<meta property=\"og:image:type\" content=\"image\/jpeg\" \/>\n<meta name=\"twitter:card\" content=\"summary_large_image\" \/>\n<meta name=\"twitter:label1\" content=\"Gi\u00e1\" \/>\n\t<meta name=\"twitter:data1\" content=\"895,000&nbsp;&#8363;\" \/>\n\t<meta name=\"twitter:label2\" content=\"Kh\u1ea3 d\u1ee5ng\" \/>\n\t<meta name=\"twitter:data2\" content=\"Trong kho\" \/>\n<script type=\"application\/ld+json\" class=\"yoast-schema-graph\">{\"@context\":\"https:\/\/schema.org\",\"@graph\":[{\"@type\":\"WebPage\",\"@id\":\"https:\/\/tranthi.vn\/hue\/gia-son-gia-be-tong-pukaco-hue\/\",\"url\":\"https:\/\/tranthi.vn\/hue\/gia-son-gia-be-tong-pukaco-hue\/\",\"name\":\"Gi\u00e1 s\u01a1n gi\u1ea3 b\u00ea t\u00f4ng Pukaco t\u1ea1i hu\u1ebf - 0903.595.049\",\"isPartOf\":{\"@id\":\"https:\/\/tranthi.vn\/hue\/#website\"},\"primaryImageOfPage\":{\"@id\":\"https:\/\/tranthi.vn\/hue\/gia-son-gia-be-tong-pukaco-hue\/#primaryimage\"},\"image\":{\"@id\":\"https:\/\/tranthi.vn\/hue\/gia-son-gia-be-tong-pukaco-hue\/#primaryimage\"},\"thumbnailUrl\":\"https:\/\/tranthi.vn\/hue\/wp-content\/uploads\/2021\/04\/Gia-son-gia-be-tong-pukaco-Hue.jpg\",\"datePublished\":\"2021-04-02T09:35:36+00:00\",\"dateModified\":\"2022-04-14T02:55:11+00:00\",\"description\":\"Tr\u1ea7n th\u1ecb - \u0111\u1ea1i l\u00fd ph\u00e2n ph\u1ed1i s\u01a1n gi\u1ea3 b\u00ea t\u00f4ng Pukaco gi\u00e1 r\u1ebb t\u1ea1i hu\u1ebf, s\u01a1n hi\u1ec7u \u1ee9ng b\u00ea t\u00f4ng l\u00e0 m\u1ed9t trong nh\u1eefng v\u1eadt li\u1ec7u m\u1edbi r\u1ea5t \u0111\u01b0\u1ee3c \u01b0a chu\u1ed9ng\",\"breadcrumb\":{\"@id\":\"https:\/\/tranthi.vn\/hue\/gia-son-gia-be-tong-pukaco-hue\/#breadcrumb\"},\"inLanguage\":\"vi\",\"potentialAction\":[{\"@type\":\"ReadAction\",\"target\":[\"https:\/\/tranthi.vn\/hue\/gia-son-gia-be-tong-pukaco-hue\/\"]}]},{\"@type\":\"ImageObject\",\"inLanguage\":\"vi\",\"@id\":\"https:\/\/tranthi.vn\/hue\/gia-son-gia-be-tong-pukaco-hue\/#primaryimage\",\"url\":\"https:\/\/tranthi.vn\/hue\/wp-content\/uploads\/2021\/04\/Gia-son-gia-be-tong-pukaco-Hue.jpg\",\"contentUrl\":\"https:\/\/tranthi.vn\/hue\/wp-content\/uploads\/2021\/04\/Gia-son-gia-be-tong-pukaco-Hue.jpg\",\"width\":250,\"height\":250,\"caption\":\"Gi\u00e1 s\u01a1n gi\u1ea3 b\u00ea t\u00f4ng pukaco Hu\u1ebf\"},{\"@type\":\"BreadcrumbList\",\"@id\":\"https:\/\/tranthi.vn\/hue\/gia-son-gia-be-tong-pukaco-hue\/#breadcrumb\",\"itemListElement\":[{\"@type\":\"ListItem\",\"position\":1,\"name\":\"Trang Ch\u1ee7\",\"item\":\"https:\/\/tranthi.vn\/hue\/\"},{\"@type\":\"ListItem\",\"position\":2,\"name\":\"Shop\",\"item\":\"https:\/\/tranthi.vn\/hue\/shop\/\"},{\"@type\":\"ListItem\",\"position\":3,\"name\":\"S\u01a1n gi\u1ea3 b\u00ea t\u00f4ng Pukaco\"}]},{\"@type\":\"WebSite\",\"@id\":\"https:\/\/tranthi.vn\/hue\/#website\",\"url\":\"https:\/\/tranthi.vn\/hue\/\",\"name\":\"VLXD Tr\u1ea7n Th\u1ecb\",\"description\":\"V\u1eadt Li\u1ec7u X\u00e2y D\u1ef1ng - Hu\u1ebf\",\"publisher\":{\"@id\":\"https:\/\/tranthi.vn\/hue\/#organization\"},\"potentialAction\":[{\"@type\":\"SearchAction\",\"target\":{\"@type\":\"EntryPoint\",\"urlTemplate\":\"https:\/\/tranthi.vn\/hue\/?s={search_term_string}\"},\"query-input\":{\"@type\":\"PropertyValueSpecification\",\"valueRequired\":true,\"valueName\":\"search_term_string\"}}],\"inLanguage\":\"vi\"},{\"@type\":[\"Organization\",\"Place\"],\"@id\":\"https:\/\/tranthi.vn\/hue\/#organization\",\"name\":\"VLXD Tr\u1ea7n Th\u1ecb\",\"url\":\"https:\/\/tranthi.vn\/hue\/\",\"logo\":{\"@id\":\"https:\/\/tranthi.vn\/hue\/gia-son-gia-be-tong-pukaco-hue\/#local-main-organization-logo\"},\"image\":{\"@id\":\"https:\/\/tranthi.vn\/hue\/gia-son-gia-be-tong-pukaco-hue\/#local-main-organization-logo\"},\"telephone\":[],\"openingHoursSpecification\":[{\"@type\":\"OpeningHoursSpecification\",\"dayOfWeek\":[\"Monday\",\"Tuesday\",\"Wednesday\",\"Thursday\",\"Friday\",\"Saturday\",\"Sunday\"],\"opens\":\"09:00\",\"closes\":\"17:00\"}]},{\"@type\":\"ImageObject\",\"inLanguage\":\"vi\",\"@id\":\"https:\/\/tranthi.vn\/hue\/gia-son-gia-be-tong-pukaco-hue\/#local-main-organization-logo\",\"url\":\"https:\/\/tranthi.vn\/hue\/wp-content\/uploads\/2021\/02\/logo-tranthi1.jpg\",\"contentUrl\":\"https:\/\/tranthi.vn\/hue\/wp-content\/uploads\/2021\/02\/logo-tranthi1.jpg\",\"width\":800,\"height\":319,\"caption\":\"VLXD Tr\u1ea7n Th\u1ecb\"}]}<\/script>\n<meta property=\"product:price:amount\" content=\"895000\" \/>\n<meta property=\"product:price:currency\" content=\"VND\" \/>\n<meta property=\"og:availability\" content=\"instock\" \/>\n<meta property=\"product:availability\" content=\"instock\" \/>\n<meta property=\"product:condition\" content=\"new\" \/>\n<!-- \/ Yoast SEO Premium plugin. -->","yoast_head_json":{"title":"Gi\u00e1 s\u01a1n gi\u1ea3 b\u00ea t\u00f4ng Pukaco t\u1ea1i hu\u1ebf - 0903.595.049","description":"Tr\u1ea7n th\u1ecb - \u0111\u1ea1i l\u00fd ph\u00e2n ph\u1ed1i s\u01a1n gi\u1ea3 b\u00ea t\u00f4ng Pukaco gi\u00e1 r\u1ebb t\u1ea1i hu\u1ebf, s\u01a1n hi\u1ec7u \u1ee9ng b\u00ea t\u00f4ng l\u00e0 m\u1ed9t trong nh\u1eefng v\u1eadt li\u1ec7u m\u1edbi r\u1ea5t \u0111\u01b0\u1ee3c \u01b0a chu\u1ed9ng","robots":{"index":"index","follow":"follow","max-snippet":"max-snippet:-1","max-image-preview":"max-image-preview:large","max-video-preview":"max-video-preview:-1"},"canonical":"https:\/\/tranthi.vn\/hue\/gia-son-gia-be-tong-pukaco-hue\/","og_locale":"vi_VN","og_type":"article","og_title":"S\u01a1n gi\u1ea3 b\u00ea t\u00f4ng Pukaco","og_description":"Tr\u1ea7n th\u1ecb - \u0111\u1ea1i l\u00fd ph\u00e2n ph\u1ed1i s\u01a1n gi\u1ea3 b\u00ea t\u00f4ng Pukaco gi\u00e1 r\u1ebb t\u1ea1i hu\u1ebf, s\u01a1n hi\u1ec7u \u1ee9ng b\u00ea t\u00f4ng l\u00e0 m\u1ed9t trong nh\u1eefng v\u1eadt li\u1ec7u m\u1edbi r\u1ea5t \u0111\u01b0\u1ee3c \u01b0a chu\u1ed9ng","og_url":"https:\/\/tranthi.vn\/hue\/gia-son-gia-be-tong-pukaco-hue\/","og_site_name":"V\u1eadt Li\u1ec7u X\u00e2y D\u1ef1ng Tr\u1ea7n Th\u1ecb Chi Nh\u00e1nh Hu\u1ebf","article_modified_time":"2022-04-14T02:55:11+00:00","og_image":[{"width":250,"height":250,"url":"https:\/\/tranthi.vn\/hue\/wp-content\/uploads\/2021\/04\/Gia-son-gia-be-tong-pukaco-Hue.jpg","type":"image\/jpeg"}],"twitter_card":"summary_large_image","twitter_misc":{"Gi\u00e1":"895,000&nbsp;&#8363;","Kh\u1ea3 d\u1ee5ng":"Trong kho"},"schema":{"@context":"https:\/\/schema.org","@graph":[{"@type":"WebPage","@id":"https:\/\/tranthi.vn\/hue\/gia-son-gia-be-tong-pukaco-hue\/","url":"https:\/\/tranthi.vn\/hue\/gia-son-gia-be-tong-pukaco-hue\/","name":"Gi\u00e1 s\u01a1n gi\u1ea3 b\u00ea t\u00f4ng Pukaco t\u1ea1i hu\u1ebf - 0903.595.049","isPartOf":{"@id":"https:\/\/tranthi.vn\/hue\/#website"},"primaryImageOfPage":{"@id":"https:\/\/tranthi.vn\/hue\/gia-son-gia-be-tong-pukaco-hue\/#primaryimage"},"image":{"@id":"https:\/\/tranthi.vn\/hue\/gia-son-gia-be-tong-pukaco-hue\/#primaryimage"},"thumbnailUrl":"https:\/\/tranthi.vn\/hue\/wp-content\/uploads\/2021\/04\/Gia-son-gia-be-tong-pukaco-Hue.jpg","datePublished":"2021-04-02T09:35:36+00:00","dateModified":"2022-04-14T02:55:11+00:00","description":"Tr\u1ea7n th\u1ecb - \u0111\u1ea1i l\u00fd ph\u00e2n ph\u1ed1i s\u01a1n gi\u1ea3 b\u00ea t\u00f4ng Pukaco gi\u00e1 r\u1ebb t\u1ea1i hu\u1ebf, s\u01a1n hi\u1ec7u \u1ee9ng b\u00ea t\u00f4ng l\u00e0 m\u1ed9t trong nh\u1eefng v\u1eadt li\u1ec7u m\u1edbi r\u1ea5t \u0111\u01b0\u1ee3c \u01b0a chu\u1ed9ng","breadcrumb":{"@id":"https:\/\/tranthi.vn\/hue\/gia-son-gia-be-tong-pukaco-hue\/#breadcrumb"},"inLanguage":"vi","potentialAction":[{"@type":"ReadAction","target":["https:\/\/tranthi.vn\/hue\/gia-son-gia-be-tong-pukaco-hue\/"]}]},{"@type":"ImageObject","inLanguage":"vi","@id":"https:\/\/tranthi.vn\/hue\/gia-son-gia-be-tong-pukaco-hue\/#primaryimage","url":"https:\/\/tranthi.vn\/hue\/wp-content\/uploads\/2021\/04\/Gia-son-gia-be-tong-pukaco-Hue.jpg","contentUrl":"https:\/\/tranthi.vn\/hue\/wp-content\/uploads\/2021\/04\/Gia-son-gia-be-tong-pukaco-Hue.jpg","width":250,"height":250,"caption":"Gi\u00e1 s\u01a1n gi\u1ea3 b\u00ea t\u00f4ng pukaco Hu\u1ebf"},{"@type":"BreadcrumbList","@id":"https:\/\/tranthi.vn\/hue\/gia-son-gia-be-tong-pukaco-hue\/#breadcrumb","itemListElement":[{"@type":"ListItem","position":1,"name":"Trang Ch\u1ee7","item":"https:\/\/tranthi.vn\/hue\/"},{"@type":"ListItem","position":2,"name":"Shop","item":"https:\/\/tranthi.vn\/hue\/shop\/"},{"@type":"ListItem","position":3,"name":"S\u01a1n gi\u1ea3 b\u00ea t\u00f4ng Pukaco"}]},{"@type":"WebSite","@id":"https:\/\/tranthi.vn\/hue\/#website","url":"https:\/\/tranthi.vn\/hue\/","name":"VLXD Tr\u1ea7n Th\u1ecb","description":"V\u1eadt Li\u1ec7u X\u00e2y D\u1ef1ng - Hu\u1ebf","publisher":{"@id":"https:\/\/tranthi.vn\/hue\/#organization"},"potentialAction":[{"@type":"SearchAction","target":{"@type":"EntryPoint","urlTemplate":"https:\/\/tranthi.vn\/hue\/?s={search_term_string}"},"query-input":{"@type":"PropertyValueSpecification","valueRequired":true,"valueName":"search_term_string"}}],"inLanguage":"vi"},{"@type":["Organization","Place"],"@id":"https:\/\/tranthi.vn\/hue\/#organization","name":"VLXD Tr\u1ea7n Th\u1ecb","url":"https:\/\/tranthi.vn\/hue\/","logo":{"@id":"https:\/\/tranthi.vn\/hue\/gia-son-gia-be-tong-pukaco-hue\/#local-main-organization-logo"},"image":{"@id":"https:\/\/tranthi.vn\/hue\/gia-son-gia-be-tong-pukaco-hue\/#local-main-organization-logo"},"telephone":[],"openingHoursSpecification":[{"@type":"OpeningHoursSpecification","dayOfWeek":["Monday","Tuesday","Wednesday","Thursday","Friday","Saturday","Sunday"],"opens":"09:00","closes":"17:00"}]},{"@type":"ImageObject","inLanguage":"vi","@id":"https:\/\/tranthi.vn\/hue\/gia-son-gia-be-tong-pukaco-hue\/#local-main-organization-logo","url":"https:\/\/tranthi.vn\/hue\/wp-content\/uploads\/2021\/02\/logo-tranthi1.jpg","contentUrl":"https:\/\/tranthi.vn\/hue\/wp-content\/uploads\/2021\/02\/logo-tranthi1.jpg","width":800,"height":319,"caption":"VLXD Tr\u1ea7n Th\u1ecb"}]},"product_price_amount":"895000","product_price_currency":"VND","og_availability":"instock","product_availability":"instock","product_condition":"new"},"_links":{"self":[{"href":"https:\/\/tranthi.vn\/hue\/wp-json\/wp\/v2\/product\/2973","targetHints":{"allow":["GET"]}}],"collection":[{"href":"https:\/\/tranthi.vn\/hue\/wp-json\/wp\/v2\/product"}],"about":[{"href":"https:\/\/tranthi.vn\/hue\/wp-json\/wp\/v2\/types\/product"}],"replies":[{"embeddable":true,"href":"https:\/\/tranthi.vn\/hue\/wp-json\/wp\/v2\/comments?post=2973"}],"wp:featuredmedia":[{"embeddable":true,"href":"https:\/\/tranthi.vn\/hue\/wp-json\/wp\/v2\/media\/4536"}],"wp:attachment":[{"href":"https:\/\/tranthi.vn\/hue\/wp-json\/wp\/v2\/media?parent=2973"}],"wp:term":[{"taxonomy":"product_cat","embeddable":true,"href":"https:\/\/tranthi.vn\/hue\/wp-json\/wp\/v2\/product_cat?post=2973"},{"taxonomy":"product_tag","embeddable":true,"href":"https:\/\/tranthi.vn\/hue\/wp-json\/wp\/v2\/product_tag?post=2973"}],"curies":[{"name":"wp","href":"https:\/\/api.w.org\/{rel}","templated":true}]}}