{"id":2731,"date":"2021-03-10T15:05:29","date_gmt":"2021-03-10T08:05:29","guid":{"rendered":"https:\/\/tranthi.vn\/?post_type=product&#038;p=2731"},"modified":"2021-03-10T16:00:13","modified_gmt":"2021-03-10T09:00:13","slug":"nhua-gia-da-mau-trang-khoi","status":"publish","type":"product","link":"https:\/\/tranthi.vn\/hue\/nhua-gia-da-mau-trang-khoi\/","title":{"rendered":"Nh\u1ef1a gi\u1ea3 \u0111\u00e1 m\u00e0u tr\u1eafng kh\u00f3i"},"content":{"rendered":"","protected":false},"excerpt":{"rendered":"<ul class=\"type-product-position\" style=\"list-style-type: disc;\">\n<li><span style=\"font-family: 'times new roman', times, serif; font-size: 150%; color: #000000;\"><b>M\u00e3 s\u1ea3n ph\u1ea9m:\u00a0<\/b>Nh\u1ef1a gi\u1ea3 \u0111\u00e1 m\u00e0u tr\u1eafng kh\u00f3i<\/span><\/li>\n<li><span style=\"font-family: 'times new roman', times, serif; font-size: 150%; color: #000000;\"><b>K\u00edch th\u01b0\u1edbc :\u00a0<\/b>1,22&#215;2,44m<\/span><\/li>\n<li><span style=\"font-family: 'times new roman', times, serif; font-size: 150%; color: #000000;\"><b>Ch\u1ea5t li\u1ec7u:\u00a0<\/b><span class=\"vin\">Nh\u1ef1a &amp; B\u1ed9t \u0110\u00e1<\/span><\/span><\/li>\n<li><span style=\"font-family: 'times new roman', times, serif; font-size: 150%; color: #000000;\">1m&lt;m&lt;5m :<strong><span style=\"color: #ff0000;\">390.000<\/span><\/strong><\/span><\/li>\n<li><span style=\"font-family: 'times new roman', times, serif; font-size: 150%; color: #000000;\">6&lt;m&lt;10m : <strong><span style=\"color: #ff0000;\">380.000<\/span><\/strong><\/span><\/li>\n<li><span style=\"color: #000000; font-size: 150%; font-family: 'times new roman', times, serif;\">10m&lt;m&lt;20m : <strong><span style=\"color: #ff0000;\">370.000<\/span><\/strong><\/span><span style=\"font-family: 'times new roman', times, serif; font-size: 150%; color: #000000;\"><em>( ch\u01b0a bao g\u1ed3m chi ph\u00ed v\u1eadn chuy\u1ec3n)<\/em><\/span><\/li>\n<\/ul>\n","protected":false},"featured_media":2732,"comment_status":"closed","ping_status":"closed","template":"","meta":[],"product_cat":[15],"product_tag":[],"class_list":{"0":"post-2731","1":"product","2":"type-product","3":"status-publish","4":"has-post-thumbnail","6":"product_cat-chua-phan-loai","8":"first","9":"instock","10":"sale","11":"shipping-taxable","12":"purchasable","13":"product-type-simple"},"yoast_head":"<!-- This site is optimized with the Yoast SEO Premium plugin v22.3 (Yoast SEO v23.7) - https:\/\/yoast.com\/wordpress\/plugins\/seo\/ -->\n<title>Nh\u1ef1a gi\u1ea3 \u0111\u00e1 m\u00e0u tr\u1eafng kh\u00f3i - V\u1eadt Li\u1ec7u X\u00e2y D\u1ef1ng Tr\u1ea7n Th\u1ecb Chi Nh\u00e1nh Hu\u1ebf<\/title>\n<meta name=\"robots\" content=\"index, follow, max-snippet:-1, max-image-preview:large, max-video-preview:-1\" \/>\n<link rel=\"canonical\" href=\"https:\/\/tranthi.vn\/hue\/nhua-gia-da-mau-trang-khoi\/\" \/>\n<meta property=\"og:locale\" content=\"vi_VN\" \/>\n<meta property=\"og:type\" content=\"article\" \/>\n<meta property=\"og:title\" content=\"Nh\u1ef1a gi\u1ea3 \u0111\u00e1 m\u00e0u tr\u1eafng kh\u00f3i\" \/>\n<meta property=\"og:description\" content=\"M\u00e3 s\u1ea3n ph\u1ea9m:\u00a0Nh\u1ef1a gi\u1ea3 \u0111\u00e1 m\u00e0u tr\u1eafng kh\u00f3i  K\u00edch th\u01b0\u1edbc :\u00a01,22x2,44m  Ch\u1ea5t li\u1ec7u:\u00a0Nh\u1ef1a &amp; B\u1ed9t \u0110\u00e1  1m&lt;m&lt;5m :390.000  6&lt;m&lt;10m : 380.000  10m&lt;m&lt;20m : 370.000( ch\u01b0a bao g\u1ed3m chi ph\u00ed v\u1eadn chuy\u1ec3n)\" \/>\n<meta property=\"og:url\" content=\"https:\/\/tranthi.vn\/hue\/nhua-gia-da-mau-trang-khoi\/\" \/>\n<meta property=\"og:site_name\" content=\"V\u1eadt Li\u1ec7u X\u00e2y D\u1ef1ng Tr\u1ea7n Th\u1ecb Chi Nh\u00e1nh Hu\u1ebf\" \/>\n<meta property=\"article:modified_time\" content=\"2021-03-10T09:00:13+00:00\" \/>\n<meta property=\"og:image\" content=\"https:\/\/tranthi.vn\/hue\/wp-content\/uploads\/2021\/03\/1.jpg\" \/>\n\t<meta property=\"og:image:width\" content=\"300\" \/>\n\t<meta property=\"og:image:height\" content=\"300\" \/>\n\t<meta property=\"og:image:type\" content=\"image\/jpeg\" \/>\n<meta name=\"twitter:card\" content=\"summary_large_image\" \/>\n<meta name=\"twitter:label1\" content=\"Gi\u00e1\" \/>\n\t<meta name=\"twitter:data1\" content=\"370,000&nbsp;&#8363;\" \/>\n\t<meta name=\"twitter:label2\" content=\"Kh\u1ea3 d\u1ee5ng\" \/>\n\t<meta name=\"twitter:data2\" content=\"Trong kho\" \/>\n<script type=\"application\/ld+json\" class=\"yoast-schema-graph\">{\"@context\":\"https:\/\/schema.org\",\"@graph\":[{\"@type\":\"WebPage\",\"@id\":\"https:\/\/tranthi.vn\/hue\/nhua-gia-da-mau-trang-khoi\/\",\"url\":\"https:\/\/tranthi.vn\/hue\/nhua-gia-da-mau-trang-khoi\/\",\"name\":\"Nh\u1ef1a gi\u1ea3 \u0111\u00e1 m\u00e0u tr\u1eafng kh\u00f3i - V\u1eadt Li\u1ec7u X\u00e2y D\u1ef1ng Tr\u1ea7n Th\u1ecb Chi Nh\u00e1nh Hu\u1ebf\",\"isPartOf\":{\"@id\":\"https:\/\/tranthi.vn\/hue\/#website\"},\"primaryImageOfPage\":{\"@id\":\"https:\/\/tranthi.vn\/hue\/nhua-gia-da-mau-trang-khoi\/#primaryimage\"},\"image\":{\"@id\":\"https:\/\/tranthi.vn\/hue\/nhua-gia-da-mau-trang-khoi\/#primaryimage\"},\"thumbnailUrl\":\"https:\/\/tranthi.vn\/hue\/wp-content\/uploads\/2021\/03\/1.jpg\",\"datePublished\":\"2021-03-10T08:05:29+00:00\",\"dateModified\":\"2021-03-10T09:00:13+00:00\",\"breadcrumb\":{\"@id\":\"https:\/\/tranthi.vn\/hue\/nhua-gia-da-mau-trang-khoi\/#breadcrumb\"},\"inLanguage\":\"vi\",\"potentialAction\":[{\"@type\":\"ReadAction\",\"target\":[\"https:\/\/tranthi.vn\/hue\/nhua-gia-da-mau-trang-khoi\/\"]}]},{\"@type\":\"ImageObject\",\"inLanguage\":\"vi\",\"@id\":\"https:\/\/tranthi.vn\/hue\/nhua-gia-da-mau-trang-khoi\/#primaryimage\",\"url\":\"https:\/\/tranthi.vn\/hue\/wp-content\/uploads\/2021\/03\/1.jpg\",\"contentUrl\":\"https:\/\/tranthi.vn\/hue\/wp-content\/uploads\/2021\/03\/1.jpg\",\"width\":300,\"height\":300},{\"@type\":\"BreadcrumbList\",\"@id\":\"https:\/\/tranthi.vn\/hue\/nhua-gia-da-mau-trang-khoi\/#breadcrumb\",\"itemListElement\":[{\"@type\":\"ListItem\",\"position\":1,\"name\":\"Trang Ch\u1ee7\",\"item\":\"https:\/\/tranthi.vn\/hue\/\"},{\"@type\":\"ListItem\",\"position\":2,\"name\":\"Shop\",\"item\":\"https:\/\/tranthi.vn\/hue\/shop\/\"},{\"@type\":\"ListItem\",\"position\":3,\"name\":\"Nh\u1ef1a gi\u1ea3 \u0111\u00e1 m\u00e0u tr\u1eafng kh\u00f3i\"}]},{\"@type\":\"WebSite\",\"@id\":\"https:\/\/tranthi.vn\/hue\/#website\",\"url\":\"https:\/\/tranthi.vn\/hue\/\",\"name\":\"VLXD Tr\u1ea7n Th\u1ecb\",\"description\":\"V\u1eadt Li\u1ec7u X\u00e2y D\u1ef1ng - Hu\u1ebf\",\"publisher\":{\"@id\":\"https:\/\/tranthi.vn\/hue\/#organization\"},\"potentialAction\":[{\"@type\":\"SearchAction\",\"target\":{\"@type\":\"EntryPoint\",\"urlTemplate\":\"https:\/\/tranthi.vn\/hue\/?s={search_term_string}\"},\"query-input\":{\"@type\":\"PropertyValueSpecification\",\"valueRequired\":true,\"valueName\":\"search_term_string\"}}],\"inLanguage\":\"vi\"},{\"@type\":[\"Organization\",\"Place\"],\"@id\":\"https:\/\/tranthi.vn\/hue\/#organization\",\"name\":\"VLXD Tr\u1ea7n Th\u1ecb\",\"url\":\"https:\/\/tranthi.vn\/hue\/\",\"logo\":{\"@id\":\"https:\/\/tranthi.vn\/hue\/nhua-gia-da-mau-trang-khoi\/#local-main-organization-logo\"},\"image\":{\"@id\":\"https:\/\/tranthi.vn\/hue\/nhua-gia-da-mau-trang-khoi\/#local-main-organization-logo\"},\"telephone\":[],\"openingHoursSpecification\":[{\"@type\":\"OpeningHoursSpecification\",\"dayOfWeek\":[\"Monday\",\"Tuesday\",\"Wednesday\",\"Thursday\",\"Friday\",\"Saturday\",\"Sunday\"],\"opens\":\"09:00\",\"closes\":\"17:00\"}]},{\"@type\":\"ImageObject\",\"inLanguage\":\"vi\",\"@id\":\"https:\/\/tranthi.vn\/hue\/nhua-gia-da-mau-trang-khoi\/#local-main-organization-logo\",\"url\":\"https:\/\/tranthi.vn\/hue\/wp-content\/uploads\/2021\/02\/logo-tranthi1.jpg\",\"contentUrl\":\"https:\/\/tranthi.vn\/hue\/wp-content\/uploads\/2021\/02\/logo-tranthi1.jpg\",\"width\":800,\"height\":319,\"caption\":\"VLXD Tr\u1ea7n Th\u1ecb\"}]}<\/script>\n<meta property=\"product:price:amount\" content=\"370000\" \/>\n<meta property=\"product:price:currency\" content=\"VND\" \/>\n<meta property=\"og:availability\" content=\"instock\" \/>\n<meta property=\"product:availability\" content=\"instock\" \/>\n<meta property=\"product:condition\" content=\"new\" \/>\n<!-- \/ Yoast SEO Premium plugin. -->","yoast_head_json":{"title":"Nh\u1ef1a gi\u1ea3 \u0111\u00e1 m\u00e0u tr\u1eafng kh\u00f3i - V\u1eadt Li\u1ec7u X\u00e2y D\u1ef1ng Tr\u1ea7n Th\u1ecb Chi Nh\u00e1nh Hu\u1ebf","robots":{"index":"index","follow":"follow","max-snippet":"max-snippet:-1","max-image-preview":"max-image-preview:large","max-video-preview":"max-video-preview:-1"},"canonical":"https:\/\/tranthi.vn\/hue\/nhua-gia-da-mau-trang-khoi\/","og_locale":"vi_VN","og_type":"article","og_title":"Nh\u1ef1a gi\u1ea3 \u0111\u00e1 m\u00e0u tr\u1eafng kh\u00f3i","og_description":"M\u00e3 s\u1ea3n ph\u1ea9m:\u00a0Nh\u1ef1a gi\u1ea3 \u0111\u00e1 m\u00e0u tr\u1eafng kh\u00f3i  K\u00edch th\u01b0\u1edbc :\u00a01,22x2,44m  Ch\u1ea5t li\u1ec7u:\u00a0Nh\u1ef1a &amp; B\u1ed9t \u0110\u00e1  1m&lt;m&lt;5m :390.000  6&lt;m&lt;10m : 380.000  10m&lt;m&lt;20m : 370.000( ch\u01b0a bao g\u1ed3m chi ph\u00ed v\u1eadn chuy\u1ec3n)","og_url":"https:\/\/tranthi.vn\/hue\/nhua-gia-da-mau-trang-khoi\/","og_site_name":"V\u1eadt Li\u1ec7u X\u00e2y D\u1ef1ng Tr\u1ea7n Th\u1ecb Chi Nh\u00e1nh Hu\u1ebf","article_modified_time":"2021-03-10T09:00:13+00:00","og_image":[{"width":300,"height":300,"url":"https:\/\/tranthi.vn\/hue\/wp-content\/uploads\/2021\/03\/1.jpg","type":"image\/jpeg"}],"twitter_card":"summary_large_image","twitter_misc":{"Gi\u00e1":"370,000&nbsp;&#8363;","Kh\u1ea3 d\u1ee5ng":"Trong kho"},"schema":{"@context":"https:\/\/schema.org","@graph":[{"@type":"WebPage","@id":"https:\/\/tranthi.vn\/hue\/nhua-gia-da-mau-trang-khoi\/","url":"https:\/\/tranthi.vn\/hue\/nhua-gia-da-mau-trang-khoi\/","name":"Nh\u1ef1a gi\u1ea3 \u0111\u00e1 m\u00e0u tr\u1eafng kh\u00f3i - V\u1eadt Li\u1ec7u X\u00e2y D\u1ef1ng Tr\u1ea7n Th\u1ecb Chi Nh\u00e1nh Hu\u1ebf","isPartOf":{"@id":"https:\/\/tranthi.vn\/hue\/#website"},"primaryImageOfPage":{"@id":"https:\/\/tranthi.vn\/hue\/nhua-gia-da-mau-trang-khoi\/#primaryimage"},"image":{"@id":"https:\/\/tranthi.vn\/hue\/nhua-gia-da-mau-trang-khoi\/#primaryimage"},"thumbnailUrl":"https:\/\/tranthi.vn\/hue\/wp-content\/uploads\/2021\/03\/1.jpg","datePublished":"2021-03-10T08:05:29+00:00","dateModified":"2021-03-10T09:00:13+00:00","breadcrumb":{"@id":"https:\/\/tranthi.vn\/hue\/nhua-gia-da-mau-trang-khoi\/#breadcrumb"},"inLanguage":"vi","potentialAction":[{"@type":"ReadAction","target":["https:\/\/tranthi.vn\/hue\/nhua-gia-da-mau-trang-khoi\/"]}]},{"@type":"ImageObject","inLanguage":"vi","@id":"https:\/\/tranthi.vn\/hue\/nhua-gia-da-mau-trang-khoi\/#primaryimage","url":"https:\/\/tranthi.vn\/hue\/wp-content\/uploads\/2021\/03\/1.jpg","contentUrl":"https:\/\/tranthi.vn\/hue\/wp-content\/uploads\/2021\/03\/1.jpg","width":300,"height":300},{"@type":"BreadcrumbList","@id":"https:\/\/tranthi.vn\/hue\/nhua-gia-da-mau-trang-khoi\/#breadcrumb","itemListElement":[{"@type":"ListItem","position":1,"name":"Trang Ch\u1ee7","item":"https:\/\/tranthi.vn\/hue\/"},{"@type":"ListItem","position":2,"name":"Shop","item":"https:\/\/tranthi.vn\/hue\/shop\/"},{"@type":"ListItem","position":3,"name":"Nh\u1ef1a gi\u1ea3 \u0111\u00e1 m\u00e0u tr\u1eafng kh\u00f3i"}]},{"@type":"WebSite","@id":"https:\/\/tranthi.vn\/hue\/#website","url":"https:\/\/tranthi.vn\/hue\/","name":"VLXD Tr\u1ea7n Th\u1ecb","description":"V\u1eadt Li\u1ec7u X\u00e2y D\u1ef1ng - Hu\u1ebf","publisher":{"@id":"https:\/\/tranthi.vn\/hue\/#organization"},"potentialAction":[{"@type":"SearchAction","target":{"@type":"EntryPoint","urlTemplate":"https:\/\/tranthi.vn\/hue\/?s={search_term_string}"},"query-input":{"@type":"PropertyValueSpecification","valueRequired":true,"valueName":"search_term_string"}}],"inLanguage":"vi"},{"@type":["Organization","Place"],"@id":"https:\/\/tranthi.vn\/hue\/#organization","name":"VLXD Tr\u1ea7n Th\u1ecb","url":"https:\/\/tranthi.vn\/hue\/","logo":{"@id":"https:\/\/tranthi.vn\/hue\/nhua-gia-da-mau-trang-khoi\/#local-main-organization-logo"},"image":{"@id":"https:\/\/tranthi.vn\/hue\/nhua-gia-da-mau-trang-khoi\/#local-main-organization-logo"},"telephone":[],"openingHoursSpecification":[{"@type":"OpeningHoursSpecification","dayOfWeek":["Monday","Tuesday","Wednesday","Thursday","Friday","Saturday","Sunday"],"opens":"09:00","closes":"17:00"}]},{"@type":"ImageObject","inLanguage":"vi","@id":"https:\/\/tranthi.vn\/hue\/nhua-gia-da-mau-trang-khoi\/#local-main-organization-logo","url":"https:\/\/tranthi.vn\/hue\/wp-content\/uploads\/2021\/02\/logo-tranthi1.jpg","contentUrl":"https:\/\/tranthi.vn\/hue\/wp-content\/uploads\/2021\/02\/logo-tranthi1.jpg","width":800,"height":319,"caption":"VLXD Tr\u1ea7n Th\u1ecb"}]},"product_price_amount":"370000","product_price_currency":"VND","og_availability":"instock","product_availability":"instock","product_condition":"new"},"_links":{"self":[{"href":"https:\/\/tranthi.vn\/hue\/wp-json\/wp\/v2\/product\/2731","targetHints":{"allow":["GET"]}}],"collection":[{"href":"https:\/\/tranthi.vn\/hue\/wp-json\/wp\/v2\/product"}],"about":[{"href":"https:\/\/tranthi.vn\/hue\/wp-json\/wp\/v2\/types\/product"}],"replies":[{"embeddable":true,"href":"https:\/\/tranthi.vn\/hue\/wp-json\/wp\/v2\/comments?post=2731"}],"wp:featuredmedia":[{"embeddable":true,"href":"https:\/\/tranthi.vn\/hue\/wp-json\/wp\/v2\/media\/2732"}],"wp:attachment":[{"href":"https:\/\/tranthi.vn\/hue\/wp-json\/wp\/v2\/media?parent=2731"}],"wp:term":[{"taxonomy":"product_cat","embeddable":true,"href":"https:\/\/tranthi.vn\/hue\/wp-json\/wp\/v2\/product_cat?post=2731"},{"taxonomy":"product_tag","embeddable":true,"href":"https:\/\/tranthi.vn\/hue\/wp-json\/wp\/v2\/product_tag?post=2731"}],"curies":[{"name":"wp","href":"https:\/\/api.w.org\/{rel}","templated":true}]}}