{"id":2558,"date":"2021-03-08T15:41:27","date_gmt":"2021-03-08T08:41:27","guid":{"rendered":"https:\/\/tranthi.vn\/?post_type=product&#038;p=2558"},"modified":"2022-04-19T09:39:19","modified_gmt":"2022-04-19T02:39:19","slug":"da-ghep-vang-2","status":"publish","type":"product","link":"https:\/\/tranthi.vn\/hue\/da-ghep-vang-2\/","title":{"rendered":"\u0110\u00e1 Gh\u00e9p V\u00e0ng"},"content":{"rendered":"","protected":false},"excerpt":{"rendered":"<p><span style=\"font-family: 'times new roman', times, serif; color: #282828;\"><img loading=\"lazy\" decoding=\"async\" class=\"\" src=\"https:\/\/static.xx.fbcdn.net\/images\/emoji.php\/v9\/tb\/1\/16\/1f388.png\" alt=\"\ud83c\udf88\" width=\"21\" height=\"21\" \/><span style=\"font-size: 130%;\"> Lo\u1ea1i \u0111\u00e1: \u0111\u00e1 gh\u00e9p v\u00e0ng<\/span><\/span><\/p>\n<p><span style=\"font-family: 'times new roman', times, serif; font-size: 130%; color: #282828;\"><span class=\"attr-name\"><img loading=\"lazy\" decoding=\"async\" class=\"\" src=\"https:\/\/static.xx.fbcdn.net\/images\/emoji.php\/v9\/tb\/1\/16\/1f388.png\" alt=\"\ud83c\udf88\" width=\"21\" height=\"21\" \/> K\u00edch th\u01b0\u1edbc ti\u00eau chu\u1ea9n: <\/span><span class=\"attr-value ih\">10 x 50 cm<\/span><\/span><\/p>\n<p><span style=\"font-family: 'times new roman', times, serif; font-size: 130%; color: #282828;\"><img loading=\"lazy\" decoding=\"async\" class=\"\" src=\"https:\/\/static.xx.fbcdn.net\/images\/emoji.php\/v9\/tb\/1\/16\/1f388.png\" alt=\"\ud83c\udf88\" width=\"21\" height=\"21\" \/> \u0110\u1ed9 d\u00e0y: 2 cm<\/span><\/p>\n<p><span style=\"font-family: 'times new roman', times, serif; font-size: 130%; color: #282828;\"><img loading=\"lazy\" decoding=\"async\" class=\"\" src=\"https:\/\/static.xx.fbcdn.net\/images\/emoji.php\/v9\/tb\/1\/16\/1f388.png\" alt=\"\ud83c\udf88\" width=\"21\" height=\"21\" \/> M\u1eb7t \u0111\u00e1: l\u1ed3i l\u00f5m nh\u1ea5p nh\u00f4<\/span><\/p>\n<p><span style=\"font-family: 'times new roman', times, serif; font-size: 130%; color: #282828;\"><img loading=\"lazy\" decoding=\"async\" class=\"\" src=\"https:\/\/static.xx.fbcdn.net\/images\/emoji.php\/v9\/tb\/1\/16\/1f388.png\" alt=\"\ud83c\udf88\" width=\"21\" height=\"21\" \/> \u0110\u01a1n gi\u00e1:<strong> <span style=\"color: #008000;\">295.000\u0111 \/m2<\/span><\/strong><\/span><\/p>\n<p><span style=\"font-family: 'times new roman', times, serif; font-size: 130%; color: #282828;\"><img loading=\"lazy\" decoding=\"async\" class=\"\" src=\"https:\/\/static.xx.fbcdn.net\/images\/emoji.php\/v9\/tb\/1\/16\/1f388.png\" alt=\"\ud83c\udf88\" width=\"21\" height=\"21\" \/> \u0110\u00e1 t\u1ef1 nhi\u00ean kh\u00f4ng b\u1ecb phai m\u00e0u theo th\u1eddi gian.<\/span><\/p>\n<p><span style=\"font-family: 'times new roman', times, serif; font-size: 130%; color: #282828;\"><em><img loading=\"lazy\" decoding=\"async\" class=\"\" src=\"https:\/\/static.xx.fbcdn.net\/images\/emoji.php\/v9\/tb\/1\/16\/1f388.png\" alt=\"\ud83c\udf88\" width=\"21\" height=\"21\" \/><\/em>Gi\u00e1 tr\u00ean ch\u01b0a bao g\u1ed3m v\u1eadn chuy\u1ec3n, ph\u00ed v\u1eadn chuy\u1ec3n \u0111\u01b0\u1ee3c t\u00ednh tu\u1ef3 thu\u1ed9c v\u00e0o s\u1ed1 l\u01b0\u1ee3ng, v\u1ecb tr\u00ed xa hay g\u1ea7n<\/span><\/p>\n<p>&nbsp;<\/p>\n","protected":false},"featured_media":4651,"comment_status":"closed","ping_status":"closed","template":"","meta":[],"product_cat":[108],"product_tag":[765],"class_list":{"0":"post-2558","1":"product","2":"type-product","3":"status-publish","4":"has-post-thumbnail","6":"product_cat-da-trang-tri-hue","7":"product_tag-da-ghep-vang-hue","9":"first","10":"instock","11":"sale","12":"shipping-taxable","13":"purchasable","14":"product-type-simple"},"yoast_head":"<!-- This site is optimized with the Yoast SEO Premium plugin v22.3 (Yoast SEO v23.7) - https:\/\/yoast.com\/wordpress\/plugins\/seo\/ -->\n<title>\u0110\u00e1 Gh\u00e9p V\u00e0ng - V\u1eadt Li\u1ec7u X\u00e2y D\u1ef1ng Tr\u1ea7n Th\u1ecb Chi Nh\u00e1nh Hu\u1ebf<\/title>\n<meta name=\"robots\" content=\"index, follow, max-snippet:-1, max-image-preview:large, max-video-preview:-1\" \/>\n<link rel=\"canonical\" href=\"https:\/\/tranthi.vn\/hue\/da-ghep-vang-2\/\" \/>\n<meta property=\"og:locale\" content=\"vi_VN\" \/>\n<meta property=\"og:type\" content=\"article\" \/>\n<meta property=\"og:title\" content=\"\u0110\u00e1 Gh\u00e9p V\u00e0ng\" \/>\n<meta property=\"og:description\" content=\"Lo\u1ea1i \u0111\u00e1: \u0111\u00e1 gh\u00e9p v\u00e0ng   K\u00edch th\u01b0\u1edbc ti\u00eau chu\u1ea9n: 10 x 50 cm   \u0110\u1ed9 d\u00e0y: 2 cm   M\u1eb7t \u0111\u00e1: l\u1ed3i l\u00f5m nh\u1ea5p nh\u00f4   \u0110\u01a1n gi\u00e1: 295.000\u0111 \/m2   \u0110\u00e1 t\u1ef1 nhi\u00ean kh\u00f4ng b\u1ecb phai m\u00e0u theo th\u1eddi gian.  Gi\u00e1 tr\u00ean ch\u01b0a bao g\u1ed3m v\u1eadn chuy\u1ec3n, ph\u00ed v\u1eadn chuy\u1ec3n \u0111\u01b0\u1ee3c t\u00ednh tu\u1ef3 thu\u1ed9c v\u00e0o s\u1ed1 l\u01b0\u1ee3ng, v\u1ecb tr\u00ed xa hay g\u1ea7n  &nbsp;\" \/>\n<meta property=\"og:url\" content=\"https:\/\/tranthi.vn\/hue\/da-ghep-vang-2\/\" \/>\n<meta property=\"og:site_name\" content=\"V\u1eadt Li\u1ec7u X\u00e2y D\u1ef1ng Tr\u1ea7n Th\u1ecb Chi Nh\u00e1nh Hu\u1ebf\" \/>\n<meta property=\"article:modified_time\" content=\"2022-04-19T02:39:19+00:00\" \/>\n<meta property=\"og:image\" content=\"https:\/\/tranthi.vn\/hue\/wp-content\/uploads\/2021\/03\/da-ghep-vang-hue.jpg\" \/>\n\t<meta property=\"og:image:width\" content=\"300\" \/>\n\t<meta property=\"og:image:height\" content=\"300\" \/>\n\t<meta property=\"og:image:type\" content=\"image\/jpeg\" \/>\n<meta name=\"twitter:card\" content=\"summary_large_image\" \/>\n<meta name=\"twitter:label1\" content=\"Gi\u00e1\" \/>\n\t<meta name=\"twitter:data1\" content=\"295,000&nbsp;&#8363;\" \/>\n\t<meta name=\"twitter:label2\" content=\"Kh\u1ea3 d\u1ee5ng\" \/>\n\t<meta name=\"twitter:data2\" content=\"Trong kho\" \/>\n<script type=\"application\/ld+json\" class=\"yoast-schema-graph\">{\"@context\":\"https:\/\/schema.org\",\"@graph\":[{\"@type\":\"WebPage\",\"@id\":\"https:\/\/tranthi.vn\/hue\/da-ghep-vang-2\/\",\"url\":\"https:\/\/tranthi.vn\/hue\/da-ghep-vang-2\/\",\"name\":\"\u0110\u00e1 Gh\u00e9p V\u00e0ng - V\u1eadt Li\u1ec7u X\u00e2y D\u1ef1ng Tr\u1ea7n Th\u1ecb Chi Nh\u00e1nh Hu\u1ebf\",\"isPartOf\":{\"@id\":\"https:\/\/tranthi.vn\/hue\/#website\"},\"primaryImageOfPage\":{\"@id\":\"https:\/\/tranthi.vn\/hue\/da-ghep-vang-2\/#primaryimage\"},\"image\":{\"@id\":\"https:\/\/tranthi.vn\/hue\/da-ghep-vang-2\/#primaryimage\"},\"thumbnailUrl\":\"https:\/\/tranthi.vn\/hue\/wp-content\/uploads\/2021\/03\/da-ghep-vang-hue.jpg\",\"datePublished\":\"2021-03-08T08:41:27+00:00\",\"dateModified\":\"2022-04-19T02:39:19+00:00\",\"breadcrumb\":{\"@id\":\"https:\/\/tranthi.vn\/hue\/da-ghep-vang-2\/#breadcrumb\"},\"inLanguage\":\"vi\",\"potentialAction\":[{\"@type\":\"ReadAction\",\"target\":[\"https:\/\/tranthi.vn\/hue\/da-ghep-vang-2\/\"]}]},{\"@type\":\"ImageObject\",\"inLanguage\":\"vi\",\"@id\":\"https:\/\/tranthi.vn\/hue\/da-ghep-vang-2\/#primaryimage\",\"url\":\"https:\/\/tranthi.vn\/hue\/wp-content\/uploads\/2021\/03\/da-ghep-vang-hue.jpg\",\"contentUrl\":\"https:\/\/tranthi.vn\/hue\/wp-content\/uploads\/2021\/03\/da-ghep-vang-hue.jpg\",\"width\":300,\"height\":300,\"caption\":\"da-ghep-vang-hue\"},{\"@type\":\"BreadcrumbList\",\"@id\":\"https:\/\/tranthi.vn\/hue\/da-ghep-vang-2\/#breadcrumb\",\"itemListElement\":[{\"@type\":\"ListItem\",\"position\":1,\"name\":\"Trang Ch\u1ee7\",\"item\":\"https:\/\/tranthi.vn\/hue\/\"},{\"@type\":\"ListItem\",\"position\":2,\"name\":\"Shop\",\"item\":\"https:\/\/tranthi.vn\/hue\/shop\/\"},{\"@type\":\"ListItem\",\"position\":3,\"name\":\"\u0110\u00e1 Gh\u00e9p V\u00e0ng\"}]},{\"@type\":\"WebSite\",\"@id\":\"https:\/\/tranthi.vn\/hue\/#website\",\"url\":\"https:\/\/tranthi.vn\/hue\/\",\"name\":\"VLXD Tr\u1ea7n Th\u1ecb\",\"description\":\"V\u1eadt Li\u1ec7u X\u00e2y D\u1ef1ng - Hu\u1ebf\",\"publisher\":{\"@id\":\"https:\/\/tranthi.vn\/hue\/#organization\"},\"potentialAction\":[{\"@type\":\"SearchAction\",\"target\":{\"@type\":\"EntryPoint\",\"urlTemplate\":\"https:\/\/tranthi.vn\/hue\/?s={search_term_string}\"},\"query-input\":{\"@type\":\"PropertyValueSpecification\",\"valueRequired\":true,\"valueName\":\"search_term_string\"}}],\"inLanguage\":\"vi\"},{\"@type\":[\"Organization\",\"Place\"],\"@id\":\"https:\/\/tranthi.vn\/hue\/#organization\",\"name\":\"VLXD Tr\u1ea7n Th\u1ecb\",\"url\":\"https:\/\/tranthi.vn\/hue\/\",\"logo\":{\"@id\":\"https:\/\/tranthi.vn\/hue\/da-ghep-vang-2\/#local-main-organization-logo\"},\"image\":{\"@id\":\"https:\/\/tranthi.vn\/hue\/da-ghep-vang-2\/#local-main-organization-logo\"},\"telephone\":[],\"openingHoursSpecification\":[{\"@type\":\"OpeningHoursSpecification\",\"dayOfWeek\":[\"Monday\",\"Tuesday\",\"Wednesday\",\"Thursday\",\"Friday\",\"Saturday\",\"Sunday\"],\"opens\":\"09:00\",\"closes\":\"17:00\"}]},{\"@type\":\"ImageObject\",\"inLanguage\":\"vi\",\"@id\":\"https:\/\/tranthi.vn\/hue\/da-ghep-vang-2\/#local-main-organization-logo\",\"url\":\"https:\/\/tranthi.vn\/hue\/wp-content\/uploads\/2021\/02\/logo-tranthi1.jpg\",\"contentUrl\":\"https:\/\/tranthi.vn\/hue\/wp-content\/uploads\/2021\/02\/logo-tranthi1.jpg\",\"width\":800,\"height\":319,\"caption\":\"VLXD Tr\u1ea7n Th\u1ecb\"}]}<\/script>\n<meta property=\"product:price:amount\" content=\"295000\" \/>\n<meta property=\"product:price:currency\" content=\"VND\" \/>\n<meta property=\"og:availability\" content=\"instock\" \/>\n<meta property=\"product:availability\" content=\"instock\" \/>\n<meta property=\"product:condition\" content=\"new\" \/>\n<!-- \/ Yoast SEO Premium plugin. -->","yoast_head_json":{"title":"\u0110\u00e1 Gh\u00e9p V\u00e0ng - V\u1eadt Li\u1ec7u X\u00e2y D\u1ef1ng Tr\u1ea7n Th\u1ecb Chi Nh\u00e1nh Hu\u1ebf","robots":{"index":"index","follow":"follow","max-snippet":"max-snippet:-1","max-image-preview":"max-image-preview:large","max-video-preview":"max-video-preview:-1"},"canonical":"https:\/\/tranthi.vn\/hue\/da-ghep-vang-2\/","og_locale":"vi_VN","og_type":"article","og_title":"\u0110\u00e1 Gh\u00e9p V\u00e0ng","og_description":"Lo\u1ea1i \u0111\u00e1: \u0111\u00e1 gh\u00e9p v\u00e0ng   K\u00edch th\u01b0\u1edbc ti\u00eau chu\u1ea9n: 10 x 50 cm   \u0110\u1ed9 d\u00e0y: 2 cm   M\u1eb7t \u0111\u00e1: l\u1ed3i l\u00f5m nh\u1ea5p nh\u00f4   \u0110\u01a1n gi\u00e1: 295.000\u0111 \/m2   \u0110\u00e1 t\u1ef1 nhi\u00ean kh\u00f4ng b\u1ecb phai m\u00e0u theo th\u1eddi gian.  Gi\u00e1 tr\u00ean ch\u01b0a bao g\u1ed3m v\u1eadn chuy\u1ec3n, ph\u00ed v\u1eadn chuy\u1ec3n \u0111\u01b0\u1ee3c t\u00ednh tu\u1ef3 thu\u1ed9c v\u00e0o s\u1ed1 l\u01b0\u1ee3ng, v\u1ecb tr\u00ed xa hay g\u1ea7n  &nbsp;","og_url":"https:\/\/tranthi.vn\/hue\/da-ghep-vang-2\/","og_site_name":"V\u1eadt Li\u1ec7u X\u00e2y D\u1ef1ng Tr\u1ea7n Th\u1ecb Chi Nh\u00e1nh Hu\u1ebf","article_modified_time":"2022-04-19T02:39:19+00:00","og_image":[{"width":300,"height":300,"url":"https:\/\/tranthi.vn\/hue\/wp-content\/uploads\/2021\/03\/da-ghep-vang-hue.jpg","type":"image\/jpeg"}],"twitter_card":"summary_large_image","twitter_misc":{"Gi\u00e1":"295,000&nbsp;&#8363;","Kh\u1ea3 d\u1ee5ng":"Trong kho"},"schema":{"@context":"https:\/\/schema.org","@graph":[{"@type":"WebPage","@id":"https:\/\/tranthi.vn\/hue\/da-ghep-vang-2\/","url":"https:\/\/tranthi.vn\/hue\/da-ghep-vang-2\/","name":"\u0110\u00e1 Gh\u00e9p V\u00e0ng - V\u1eadt Li\u1ec7u X\u00e2y D\u1ef1ng Tr\u1ea7n Th\u1ecb Chi Nh\u00e1nh Hu\u1ebf","isPartOf":{"@id":"https:\/\/tranthi.vn\/hue\/#website"},"primaryImageOfPage":{"@id":"https:\/\/tranthi.vn\/hue\/da-ghep-vang-2\/#primaryimage"},"image":{"@id":"https:\/\/tranthi.vn\/hue\/da-ghep-vang-2\/#primaryimage"},"thumbnailUrl":"https:\/\/tranthi.vn\/hue\/wp-content\/uploads\/2021\/03\/da-ghep-vang-hue.jpg","datePublished":"2021-03-08T08:41:27+00:00","dateModified":"2022-04-19T02:39:19+00:00","breadcrumb":{"@id":"https:\/\/tranthi.vn\/hue\/da-ghep-vang-2\/#breadcrumb"},"inLanguage":"vi","potentialAction":[{"@type":"ReadAction","target":["https:\/\/tranthi.vn\/hue\/da-ghep-vang-2\/"]}]},{"@type":"ImageObject","inLanguage":"vi","@id":"https:\/\/tranthi.vn\/hue\/da-ghep-vang-2\/#primaryimage","url":"https:\/\/tranthi.vn\/hue\/wp-content\/uploads\/2021\/03\/da-ghep-vang-hue.jpg","contentUrl":"https:\/\/tranthi.vn\/hue\/wp-content\/uploads\/2021\/03\/da-ghep-vang-hue.jpg","width":300,"height":300,"caption":"da-ghep-vang-hue"},{"@type":"BreadcrumbList","@id":"https:\/\/tranthi.vn\/hue\/da-ghep-vang-2\/#breadcrumb","itemListElement":[{"@type":"ListItem","position":1,"name":"Trang Ch\u1ee7","item":"https:\/\/tranthi.vn\/hue\/"},{"@type":"ListItem","position":2,"name":"Shop","item":"https:\/\/tranthi.vn\/hue\/shop\/"},{"@type":"ListItem","position":3,"name":"\u0110\u00e1 Gh\u00e9p V\u00e0ng"}]},{"@type":"WebSite","@id":"https:\/\/tranthi.vn\/hue\/#website","url":"https:\/\/tranthi.vn\/hue\/","name":"VLXD Tr\u1ea7n Th\u1ecb","description":"V\u1eadt Li\u1ec7u X\u00e2y D\u1ef1ng - Hu\u1ebf","publisher":{"@id":"https:\/\/tranthi.vn\/hue\/#organization"},"potentialAction":[{"@type":"SearchAction","target":{"@type":"EntryPoint","urlTemplate":"https:\/\/tranthi.vn\/hue\/?s={search_term_string}"},"query-input":{"@type":"PropertyValueSpecification","valueRequired":true,"valueName":"search_term_string"}}],"inLanguage":"vi"},{"@type":["Organization","Place"],"@id":"https:\/\/tranthi.vn\/hue\/#organization","name":"VLXD Tr\u1ea7n Th\u1ecb","url":"https:\/\/tranthi.vn\/hue\/","logo":{"@id":"https:\/\/tranthi.vn\/hue\/da-ghep-vang-2\/#local-main-organization-logo"},"image":{"@id":"https:\/\/tranthi.vn\/hue\/da-ghep-vang-2\/#local-main-organization-logo"},"telephone":[],"openingHoursSpecification":[{"@type":"OpeningHoursSpecification","dayOfWeek":["Monday","Tuesday","Wednesday","Thursday","Friday","Saturday","Sunday"],"opens":"09:00","closes":"17:00"}]},{"@type":"ImageObject","inLanguage":"vi","@id":"https:\/\/tranthi.vn\/hue\/da-ghep-vang-2\/#local-main-organization-logo","url":"https:\/\/tranthi.vn\/hue\/wp-content\/uploads\/2021\/02\/logo-tranthi1.jpg","contentUrl":"https:\/\/tranthi.vn\/hue\/wp-content\/uploads\/2021\/02\/logo-tranthi1.jpg","width":800,"height":319,"caption":"VLXD Tr\u1ea7n Th\u1ecb"}]},"product_price_amount":"295000","product_price_currency":"VND","og_availability":"instock","product_availability":"instock","product_condition":"new"},"_links":{"self":[{"href":"https:\/\/tranthi.vn\/hue\/wp-json\/wp\/v2\/product\/2558","targetHints":{"allow":["GET"]}}],"collection":[{"href":"https:\/\/tranthi.vn\/hue\/wp-json\/wp\/v2\/product"}],"about":[{"href":"https:\/\/tranthi.vn\/hue\/wp-json\/wp\/v2\/types\/product"}],"replies":[{"embeddable":true,"href":"https:\/\/tranthi.vn\/hue\/wp-json\/wp\/v2\/comments?post=2558"}],"wp:featuredmedia":[{"embeddable":true,"href":"https:\/\/tranthi.vn\/hue\/wp-json\/wp\/v2\/media\/4651"}],"wp:attachment":[{"href":"https:\/\/tranthi.vn\/hue\/wp-json\/wp\/v2\/media?parent=2558"}],"wp:term":[{"taxonomy":"product_cat","embeddable":true,"href":"https:\/\/tranthi.vn\/hue\/wp-json\/wp\/v2\/product_cat?post=2558"},{"taxonomy":"product_tag","embeddable":true,"href":"https:\/\/tranthi.vn\/hue\/wp-json\/wp\/v2\/product_tag?post=2558"}],"curies":[{"name":"wp","href":"https:\/\/api.w.org\/{rel}","templated":true}]}}