{"id":2030,"date":"2021-02-21T12:17:04","date_gmt":"2021-02-21T12:17:04","guid":{"rendered":"http:\/\/new-tranthi.test\/import-placeholder-for-5485\/"},"modified":"2022-04-23T16:43:04","modified_gmt":"2022-04-23T09:43:04","slug":"tu-ao-nguoi-lon-dl38","status":"publish","type":"product","link":"https:\/\/tranthi.vn\/hue\/tu-ao-nguoi-lon-dl38\/","title":{"rendered":"T\u1ee7 \u00c1o Ng\u01b0\u1eddi L\u1edbn DL38"},"content":{"rendered":"","protected":false},"excerpt":{"rendered":"<p><span style=\"font-family: 'times new roman', times, serif; font-size: 130%; color: #282828;\"><span style=\"font-size: 140%; color: #ff6600;\"><strong>\u2666<\/strong><\/span>\u00a0B\u1ea3o h\u00e0nh 1 n\u0103m\u00a0<\/span><\/p>\n<p><span style=\"font-family: 'times new roman', times, serif; font-size: 130%; color: #282828;\"><strong> <span style=\"font-size: 140%; color: #ff6600;\">\u2666<\/span>\u00a0<\/strong>\u0110\u01a1n v\u1ecb t\u00ednh : C\u00e1i\u00a0<\/span><\/p>\n<p><span style=\"font-family: 'times new roman', times, serif; font-size: 130%; color: #282828;\"><span style=\"font-size: 140%; color: #ff6600;\"><strong>\u2666<\/strong><\/span>\u00a0K\u00edch th\u01b0\u1edbc t\u1ee7: \u00a0Cao 245* r\u1ed9ng 246* s\u00e2u 48 (cm)\u00a0<\/span><\/p>\n<p><span style=\"font-family: 'times new roman', times, serif; font-size: 130%; color: #282828;\"><span style=\"font-size: 140%; color: #ff6600;\"><strong>\u2666<\/strong><\/span>\u00a0M\u00e0u s\u1eafc: Tr\u1eafng, D\u01b0\u01a1ng, H\u1ed3ng, T\u00edm, L\u00e1\u2026 t\u00f9y ch\u1ecdn theo y\u00eau c\u1ea7u kh\u00e1ch h\u00e0ng<\/span><\/p>\n<p><span style=\"font-family: 'times new roman', times, serif; font-size: 130%; color: #282828;\"><span style=\"font-size: 140%; color: #ff6600;\"><strong>\u2666<\/strong><\/span>\u00a0H\u00ecnh d\u00e1n: nh\u00e2n v\u1eadt ho\u1ea1t h\u00ecnh (Chu\u1ed9t micky, Doremon, B\u1ea1ch tuy\u1ebft, c\u00e1c con v\u1eadt ng\u1ed9 ngh\u0129nh&#8230;) t\u00f9y ch\u1ecdn theo \u00fd kh\u00e1ch h\u00e0ng<\/span><\/p>\n<p><span style=\"font-family: 'times new roman', times, serif; font-size: 130%; color: #282828;\"><span style=\"font-size: 140%; color: #ff6600;\"><strong>\u2666<\/strong><\/span>\u00a0Gi\u00e1 t\u1ee7 \u00e1o ng\u01b0\u1eddi l\u1edbn DL38:<span style=\"color: #008000;\"><strong> 7.600.000\u0110\/ c\u00e1i<\/strong><\/span><\/span><\/p>\n<p><span style=\"font-family: 'times new roman', times, serif; font-size: 130%; color: #282828;\"><strong><span style=\"font-size: 140%; color: #ff6600;\">\u2666<\/span>\u00a0<\/strong>Tay n\u1eafm: inox<\/span><\/p>\n<p><span style=\"font-family: 'times new roman', times, serif; font-size: 130%; color: #282828;\"><strong><span style=\"font-size: 140%; color: #ff6600;\">\u2666<\/span>\u00a0<\/strong>Gi\u00e1 tr\u00ean ch\u01b0a bao g\u1ed3m v\u1eadn chuy\u1ec3n ph\u00ed v\u1eadn chuy\u1ec3n \u0111\u01b0\u1ee3c t\u00ednh t\u00f9y thu\u1ed9c v\u00e0o g\u1ea7n hay xa<\/span><\/p>\n<p>&nbsp;<\/p>\n<p>&nbsp;<\/p>\n","protected":false},"featured_media":4830,"comment_status":"open","ping_status":"closed","template":"","meta":[],"product_cat":[116,125],"product_tag":[849],"class_list":{"0":"post-2030","1":"product","2":"type-product","3":"status-publish","4":"has-post-thumbnail","6":"product_cat-nhua-dai-loan","7":"product_cat-tu-quan-ao-nguoi-lon","8":"product_tag-gia-tu-nhua-ao-quan-6-canh-lon-6-canh-nho-3-hoc-tai-hue","10":"first","11":"instock","12":"sale","13":"shipping-taxable","14":"purchasable","15":"product-type-simple"},"yoast_head":"<!-- This site is optimized with the Yoast SEO Premium plugin v22.3 (Yoast SEO v23.7) - https:\/\/yoast.com\/wordpress\/plugins\/seo\/ -->\n<title>T\u1ee7 \u00c1o Ng\u01b0\u1eddi L\u1edbn DL38 - V\u1eadt Li\u1ec7u X\u00e2y D\u1ef1ng Tr\u1ea7n Th\u1ecb Chi Nh\u00e1nh Hu\u1ebf<\/title>\n<meta name=\"robots\" content=\"index, follow, max-snippet:-1, max-image-preview:large, max-video-preview:-1\" \/>\n<link rel=\"canonical\" href=\"https:\/\/tranthi.vn\/hue\/tu-ao-nguoi-lon-dl38\/\" \/>\n<meta property=\"og:locale\" content=\"vi_VN\" \/>\n<meta property=\"og:type\" content=\"article\" \/>\n<meta property=\"og:title\" content=\"T\u1ee7 \u00c1o Ng\u01b0\u1eddi L\u1edbn DL38\" \/>\n<meta property=\"og:description\" content=\"\u2666\u00a0B\u1ea3o h\u00e0nh 1 n\u0103m\u00a0   \u2666\u00a0\u0110\u01a1n v\u1ecb t\u00ednh : C\u00e1i\u00a0  \u2666\u00a0K\u00edch th\u01b0\u1edbc t\u1ee7: \u00a0Cao 245* r\u1ed9ng 246* s\u00e2u 48 (cm)\u00a0  \u2666\u00a0M\u00e0u s\u1eafc: Tr\u1eafng, D\u01b0\u01a1ng, H\u1ed3ng, T\u00edm, L\u00e1\u2026 t\u00f9y ch\u1ecdn theo y\u00eau c\u1ea7u kh\u00e1ch h\u00e0ng  \u2666\u00a0H\u00ecnh d\u00e1n: nh\u00e2n v\u1eadt ho\u1ea1t h\u00ecnh (Chu\u1ed9t micky, Doremon, B\u1ea1ch tuy\u1ebft, c\u00e1c con v\u1eadt ng\u1ed9 ngh\u0129nh...) t\u00f9y ch\u1ecdn theo \u00fd kh\u00e1ch h\u00e0ng  \u2666\u00a0Gi\u00e1 t\u1ee7 \u00e1o ng\u01b0\u1eddi l\u1edbn DL38: 7.600.000\u0110\/ c\u00e1i  \u2666\u00a0Tay n\u1eafm: inox  \u2666\u00a0Gi\u00e1 tr\u00ean ch\u01b0a bao g\u1ed3m v\u1eadn chuy\u1ec3n ph\u00ed v\u1eadn chuy\u1ec3n \u0111\u01b0\u1ee3c t\u00ednh t\u00f9y thu\u1ed9c v\u00e0o g\u1ea7n hay xa  &nbsp;  &nbsp;\" \/>\n<meta property=\"og:url\" content=\"https:\/\/tranthi.vn\/hue\/tu-ao-nguoi-lon-dl38\/\" \/>\n<meta property=\"og:site_name\" content=\"V\u1eadt Li\u1ec7u X\u00e2y D\u1ef1ng Tr\u1ea7n Th\u1ecb Chi Nh\u00e1nh Hu\u1ebf\" \/>\n<meta property=\"article:modified_time\" content=\"2022-04-23T09:43:04+00:00\" \/>\n<meta property=\"og:image\" content=\"https:\/\/tranthi.vn\/hue\/wp-content\/uploads\/2021\/02\/gia-tu-nhua-ao-quan-6-canh-lon-6-canh-nho-3-hoc-tai-Hue.jpg\" \/>\n\t<meta property=\"og:image:width\" content=\"500\" \/>\n\t<meta property=\"og:image:height\" content=\"530\" \/>\n\t<meta property=\"og:image:type\" content=\"image\/jpeg\" \/>\n<meta name=\"twitter:card\" content=\"summary_large_image\" \/>\n<meta name=\"twitter:label1\" content=\"Gi\u00e1\" \/>\n\t<meta name=\"twitter:data1\" content=\"7,600,000&nbsp;&#8363;\" \/>\n\t<meta name=\"twitter:label2\" content=\"Kh\u1ea3 d\u1ee5ng\" \/>\n\t<meta name=\"twitter:data2\" content=\"Trong kho\" \/>\n<script type=\"application\/ld+json\" class=\"yoast-schema-graph\">{\"@context\":\"https:\/\/schema.org\",\"@graph\":[{\"@type\":\"WebPage\",\"@id\":\"https:\/\/tranthi.vn\/hue\/tu-ao-nguoi-lon-dl38\/\",\"url\":\"https:\/\/tranthi.vn\/hue\/tu-ao-nguoi-lon-dl38\/\",\"name\":\"T\u1ee7 \u00c1o Ng\u01b0\u1eddi L\u1edbn DL38 - V\u1eadt Li\u1ec7u X\u00e2y D\u1ef1ng Tr\u1ea7n Th\u1ecb Chi Nh\u00e1nh Hu\u1ebf\",\"isPartOf\":{\"@id\":\"https:\/\/tranthi.vn\/hue\/#website\"},\"primaryImageOfPage\":{\"@id\":\"https:\/\/tranthi.vn\/hue\/tu-ao-nguoi-lon-dl38\/#primaryimage\"},\"image\":{\"@id\":\"https:\/\/tranthi.vn\/hue\/tu-ao-nguoi-lon-dl38\/#primaryimage\"},\"thumbnailUrl\":\"https:\/\/tranthi.vn\/hue\/wp-content\/uploads\/2021\/02\/gia-tu-nhua-ao-quan-6-canh-lon-6-canh-nho-3-hoc-tai-Hue.jpg\",\"datePublished\":\"2021-02-21T12:17:04+00:00\",\"dateModified\":\"2022-04-23T09:43:04+00:00\",\"breadcrumb\":{\"@id\":\"https:\/\/tranthi.vn\/hue\/tu-ao-nguoi-lon-dl38\/#breadcrumb\"},\"inLanguage\":\"vi\",\"potentialAction\":[{\"@type\":\"ReadAction\",\"target\":[\"https:\/\/tranthi.vn\/hue\/tu-ao-nguoi-lon-dl38\/\"]}]},{\"@type\":\"ImageObject\",\"inLanguage\":\"vi\",\"@id\":\"https:\/\/tranthi.vn\/hue\/tu-ao-nguoi-lon-dl38\/#primaryimage\",\"url\":\"https:\/\/tranthi.vn\/hue\/wp-content\/uploads\/2021\/02\/gia-tu-nhua-ao-quan-6-canh-lon-6-canh-nho-3-hoc-tai-Hue.jpg\",\"contentUrl\":\"https:\/\/tranthi.vn\/hue\/wp-content\/uploads\/2021\/02\/gia-tu-nhua-ao-quan-6-canh-lon-6-canh-nho-3-hoc-tai-Hue.jpg\",\"width\":500,\"height\":530,\"caption\":\"gi\u00e1 t\u1ee7 nh\u1ef1a \u00e1o qu\u1ea7n 6 c\u00e1nh l\u1edbn 6 c\u00e1nh nh\u1ecf 3 h\u1ed9c t\u1ea1i Hu\u1ebf\"},{\"@type\":\"BreadcrumbList\",\"@id\":\"https:\/\/tranthi.vn\/hue\/tu-ao-nguoi-lon-dl38\/#breadcrumb\",\"itemListElement\":[{\"@type\":\"ListItem\",\"position\":1,\"name\":\"Trang Ch\u1ee7\",\"item\":\"https:\/\/tranthi.vn\/hue\/\"},{\"@type\":\"ListItem\",\"position\":2,\"name\":\"Shop\",\"item\":\"https:\/\/tranthi.vn\/hue\/shop\/\"},{\"@type\":\"ListItem\",\"position\":3,\"name\":\"T\u1ee7 \u00c1o Ng\u01b0\u1eddi L\u1edbn DL38\"}]},{\"@type\":\"WebSite\",\"@id\":\"https:\/\/tranthi.vn\/hue\/#website\",\"url\":\"https:\/\/tranthi.vn\/hue\/\",\"name\":\"VLXD Tr\u1ea7n Th\u1ecb\",\"description\":\"V\u1eadt Li\u1ec7u X\u00e2y D\u1ef1ng - Hu\u1ebf\",\"publisher\":{\"@id\":\"https:\/\/tranthi.vn\/hue\/#organization\"},\"potentialAction\":[{\"@type\":\"SearchAction\",\"target\":{\"@type\":\"EntryPoint\",\"urlTemplate\":\"https:\/\/tranthi.vn\/hue\/?s={search_term_string}\"},\"query-input\":{\"@type\":\"PropertyValueSpecification\",\"valueRequired\":true,\"valueName\":\"search_term_string\"}}],\"inLanguage\":\"vi\"},{\"@type\":[\"Organization\",\"Place\"],\"@id\":\"https:\/\/tranthi.vn\/hue\/#organization\",\"name\":\"VLXD Tr\u1ea7n Th\u1ecb\",\"url\":\"https:\/\/tranthi.vn\/hue\/\",\"logo\":{\"@id\":\"https:\/\/tranthi.vn\/hue\/tu-ao-nguoi-lon-dl38\/#local-main-organization-logo\"},\"image\":{\"@id\":\"https:\/\/tranthi.vn\/hue\/tu-ao-nguoi-lon-dl38\/#local-main-organization-logo\"},\"telephone\":[],\"openingHoursSpecification\":[{\"@type\":\"OpeningHoursSpecification\",\"dayOfWeek\":[\"Monday\",\"Tuesday\",\"Wednesday\",\"Thursday\",\"Friday\",\"Saturday\",\"Sunday\"],\"opens\":\"09:00\",\"closes\":\"17:00\"}]},{\"@type\":\"ImageObject\",\"inLanguage\":\"vi\",\"@id\":\"https:\/\/tranthi.vn\/hue\/tu-ao-nguoi-lon-dl38\/#local-main-organization-logo\",\"url\":\"https:\/\/tranthi.vn\/hue\/wp-content\/uploads\/2021\/02\/logo-tranthi1.jpg\",\"contentUrl\":\"https:\/\/tranthi.vn\/hue\/wp-content\/uploads\/2021\/02\/logo-tranthi1.jpg\",\"width\":800,\"height\":319,\"caption\":\"VLXD Tr\u1ea7n Th\u1ecb\"}]}<\/script>\n<meta property=\"product:price:amount\" content=\"7600000\" \/>\n<meta property=\"product:price:currency\" content=\"VND\" \/>\n<meta property=\"og:availability\" content=\"instock\" \/>\n<meta property=\"product:availability\" content=\"instock\" \/>\n<meta property=\"product:condition\" content=\"new\" \/>\n<!-- \/ Yoast SEO Premium plugin. -->","yoast_head_json":{"title":"T\u1ee7 \u00c1o Ng\u01b0\u1eddi L\u1edbn DL38 - V\u1eadt Li\u1ec7u X\u00e2y D\u1ef1ng Tr\u1ea7n Th\u1ecb Chi Nh\u00e1nh Hu\u1ebf","robots":{"index":"index","follow":"follow","max-snippet":"max-snippet:-1","max-image-preview":"max-image-preview:large","max-video-preview":"max-video-preview:-1"},"canonical":"https:\/\/tranthi.vn\/hue\/tu-ao-nguoi-lon-dl38\/","og_locale":"vi_VN","og_type":"article","og_title":"T\u1ee7 \u00c1o Ng\u01b0\u1eddi L\u1edbn DL38","og_description":"\u2666\u00a0B\u1ea3o h\u00e0nh 1 n\u0103m\u00a0   \u2666\u00a0\u0110\u01a1n v\u1ecb t\u00ednh : C\u00e1i\u00a0  \u2666\u00a0K\u00edch th\u01b0\u1edbc t\u1ee7: \u00a0Cao 245* r\u1ed9ng 246* s\u00e2u 48 (cm)\u00a0  \u2666\u00a0M\u00e0u s\u1eafc: Tr\u1eafng, D\u01b0\u01a1ng, H\u1ed3ng, T\u00edm, L\u00e1\u2026 t\u00f9y ch\u1ecdn theo y\u00eau c\u1ea7u kh\u00e1ch h\u00e0ng  \u2666\u00a0H\u00ecnh d\u00e1n: nh\u00e2n v\u1eadt ho\u1ea1t h\u00ecnh (Chu\u1ed9t micky, Doremon, B\u1ea1ch tuy\u1ebft, c\u00e1c con v\u1eadt ng\u1ed9 ngh\u0129nh...) t\u00f9y ch\u1ecdn theo \u00fd kh\u00e1ch h\u00e0ng  \u2666\u00a0Gi\u00e1 t\u1ee7 \u00e1o ng\u01b0\u1eddi l\u1edbn DL38: 7.600.000\u0110\/ c\u00e1i  \u2666\u00a0Tay n\u1eafm: inox  \u2666\u00a0Gi\u00e1 tr\u00ean ch\u01b0a bao g\u1ed3m v\u1eadn chuy\u1ec3n ph\u00ed v\u1eadn chuy\u1ec3n \u0111\u01b0\u1ee3c t\u00ednh t\u00f9y thu\u1ed9c v\u00e0o g\u1ea7n hay xa  &nbsp;  &nbsp;","og_url":"https:\/\/tranthi.vn\/hue\/tu-ao-nguoi-lon-dl38\/","og_site_name":"V\u1eadt Li\u1ec7u X\u00e2y D\u1ef1ng Tr\u1ea7n Th\u1ecb Chi Nh\u00e1nh Hu\u1ebf","article_modified_time":"2022-04-23T09:43:04+00:00","og_image":[{"width":500,"height":530,"url":"https:\/\/tranthi.vn\/hue\/wp-content\/uploads\/2021\/02\/gia-tu-nhua-ao-quan-6-canh-lon-6-canh-nho-3-hoc-tai-Hue.jpg","type":"image\/jpeg"}],"twitter_card":"summary_large_image","twitter_misc":{"Gi\u00e1":"7,600,000&nbsp;&#8363;","Kh\u1ea3 d\u1ee5ng":"Trong kho"},"schema":{"@context":"https:\/\/schema.org","@graph":[{"@type":"WebPage","@id":"https:\/\/tranthi.vn\/hue\/tu-ao-nguoi-lon-dl38\/","url":"https:\/\/tranthi.vn\/hue\/tu-ao-nguoi-lon-dl38\/","name":"T\u1ee7 \u00c1o Ng\u01b0\u1eddi L\u1edbn DL38 - V\u1eadt Li\u1ec7u X\u00e2y D\u1ef1ng Tr\u1ea7n Th\u1ecb Chi Nh\u00e1nh Hu\u1ebf","isPartOf":{"@id":"https:\/\/tranthi.vn\/hue\/#website"},"primaryImageOfPage":{"@id":"https:\/\/tranthi.vn\/hue\/tu-ao-nguoi-lon-dl38\/#primaryimage"},"image":{"@id":"https:\/\/tranthi.vn\/hue\/tu-ao-nguoi-lon-dl38\/#primaryimage"},"thumbnailUrl":"https:\/\/tranthi.vn\/hue\/wp-content\/uploads\/2021\/02\/gia-tu-nhua-ao-quan-6-canh-lon-6-canh-nho-3-hoc-tai-Hue.jpg","datePublished":"2021-02-21T12:17:04+00:00","dateModified":"2022-04-23T09:43:04+00:00","breadcrumb":{"@id":"https:\/\/tranthi.vn\/hue\/tu-ao-nguoi-lon-dl38\/#breadcrumb"},"inLanguage":"vi","potentialAction":[{"@type":"ReadAction","target":["https:\/\/tranthi.vn\/hue\/tu-ao-nguoi-lon-dl38\/"]}]},{"@type":"ImageObject","inLanguage":"vi","@id":"https:\/\/tranthi.vn\/hue\/tu-ao-nguoi-lon-dl38\/#primaryimage","url":"https:\/\/tranthi.vn\/hue\/wp-content\/uploads\/2021\/02\/gia-tu-nhua-ao-quan-6-canh-lon-6-canh-nho-3-hoc-tai-Hue.jpg","contentUrl":"https:\/\/tranthi.vn\/hue\/wp-content\/uploads\/2021\/02\/gia-tu-nhua-ao-quan-6-canh-lon-6-canh-nho-3-hoc-tai-Hue.jpg","width":500,"height":530,"caption":"gi\u00e1 t\u1ee7 nh\u1ef1a \u00e1o qu\u1ea7n 6 c\u00e1nh l\u1edbn 6 c\u00e1nh nh\u1ecf 3 h\u1ed9c t\u1ea1i Hu\u1ebf"},{"@type":"BreadcrumbList","@id":"https:\/\/tranthi.vn\/hue\/tu-ao-nguoi-lon-dl38\/#breadcrumb","itemListElement":[{"@type":"ListItem","position":1,"name":"Trang Ch\u1ee7","item":"https:\/\/tranthi.vn\/hue\/"},{"@type":"ListItem","position":2,"name":"Shop","item":"https:\/\/tranthi.vn\/hue\/shop\/"},{"@type":"ListItem","position":3,"name":"T\u1ee7 \u00c1o Ng\u01b0\u1eddi L\u1edbn DL38"}]},{"@type":"WebSite","@id":"https:\/\/tranthi.vn\/hue\/#website","url":"https:\/\/tranthi.vn\/hue\/","name":"VLXD Tr\u1ea7n Th\u1ecb","description":"V\u1eadt Li\u1ec7u X\u00e2y D\u1ef1ng - Hu\u1ebf","publisher":{"@id":"https:\/\/tranthi.vn\/hue\/#organization"},"potentialAction":[{"@type":"SearchAction","target":{"@type":"EntryPoint","urlTemplate":"https:\/\/tranthi.vn\/hue\/?s={search_term_string}"},"query-input":{"@type":"PropertyValueSpecification","valueRequired":true,"valueName":"search_term_string"}}],"inLanguage":"vi"},{"@type":["Organization","Place"],"@id":"https:\/\/tranthi.vn\/hue\/#organization","name":"VLXD Tr\u1ea7n Th\u1ecb","url":"https:\/\/tranthi.vn\/hue\/","logo":{"@id":"https:\/\/tranthi.vn\/hue\/tu-ao-nguoi-lon-dl38\/#local-main-organization-logo"},"image":{"@id":"https:\/\/tranthi.vn\/hue\/tu-ao-nguoi-lon-dl38\/#local-main-organization-logo"},"telephone":[],"openingHoursSpecification":[{"@type":"OpeningHoursSpecification","dayOfWeek":["Monday","Tuesday","Wednesday","Thursday","Friday","Saturday","Sunday"],"opens":"09:00","closes":"17:00"}]},{"@type":"ImageObject","inLanguage":"vi","@id":"https:\/\/tranthi.vn\/hue\/tu-ao-nguoi-lon-dl38\/#local-main-organization-logo","url":"https:\/\/tranthi.vn\/hue\/wp-content\/uploads\/2021\/02\/logo-tranthi1.jpg","contentUrl":"https:\/\/tranthi.vn\/hue\/wp-content\/uploads\/2021\/02\/logo-tranthi1.jpg","width":800,"height":319,"caption":"VLXD Tr\u1ea7n Th\u1ecb"}]},"product_price_amount":"7600000","product_price_currency":"VND","og_availability":"instock","product_availability":"instock","product_condition":"new"},"_links":{"self":[{"href":"https:\/\/tranthi.vn\/hue\/wp-json\/wp\/v2\/product\/2030","targetHints":{"allow":["GET"]}}],"collection":[{"href":"https:\/\/tranthi.vn\/hue\/wp-json\/wp\/v2\/product"}],"about":[{"href":"https:\/\/tranthi.vn\/hue\/wp-json\/wp\/v2\/types\/product"}],"replies":[{"embeddable":true,"href":"https:\/\/tranthi.vn\/hue\/wp-json\/wp\/v2\/comments?post=2030"}],"wp:featuredmedia":[{"embeddable":true,"href":"https:\/\/tranthi.vn\/hue\/wp-json\/wp\/v2\/media\/4830"}],"wp:attachment":[{"href":"https:\/\/tranthi.vn\/hue\/wp-json\/wp\/v2\/media?parent=2030"}],"wp:term":[{"taxonomy":"product_cat","embeddable":true,"href":"https:\/\/tranthi.vn\/hue\/wp-json\/wp\/v2\/product_cat?post=2030"},{"taxonomy":"product_tag","embeddable":true,"href":"https:\/\/tranthi.vn\/hue\/wp-json\/wp\/v2\/product_tag?post=2030"}],"curies":[{"name":"wp","href":"https:\/\/api.w.org\/{rel}","templated":true}]}}