{"id":1553,"date":"2021-02-18T13:30:10","date_gmt":"2021-02-18T13:30:10","guid":{"rendered":"http:\/\/new-tranthi.test\/san-pham\/xi-mang-dong-lam-pc40\/"},"modified":"2024-07-17T08:37:02","modified_gmt":"2024-07-17T01:37:02","slug":"gia-xi-mang-dong-lam-pc40-hue","status":"publish","type":"product","link":"https:\/\/tranthi.vn\/hue\/gia-xi-mang-dong-lam-pc40-hue\/","title":{"rendered":"Xi M\u0103ng \u0110\u1ed3ng L\u00e2m PC40"},"content":{"rendered":"<h1 class=\"tieude_spham\" style=\"text-align: center;\"><span style=\"font-family: 'times new roman', times, serif; font-size: 150%;\">\u00a0Xi m\u0103ng \u0110\u1ed3ng L\u00e2m PC40<a href=\"https:\/\/vi.wikipedia.org\/wiki\/Hu%E1%BA%BF\"> Hu\u1ebf<\/a><\/span><\/h1>\n<h2><strong><span style=\"font-family: 'times new roman', times, serif; font-size: 150%; color: #0000ff;\">1. Gi\u1edbi thi\u1ec7u v\u1ec1 Xi M\u0103ng \u0110\u1ed3ng L\u00e2m: <\/span><\/strong><\/h2>\n<ul>\n<li><span style=\"font-family: 'times new roman', times, serif; font-size: 150%;\"><span style=\"font-family: 'times new roman', times, serif;\"><em><strong>Xi M\u0103ng<\/strong><\/em> \u0110\u1ed3ng L\u00e2m PCB40 l\u00e0 lo\u1ea1i xi m\u0103ng Po\u00f3c L\u0103ng h\u1ed7n h\u1ee3p \u0111\u01b0\u1ee3c s\u1ea3n xu\u1ea5t b\u1edfi d\u00e2y chuy\u1ec1n c\u00f4ng ngh\u1ec7 t\u1ef1 \u0111\u1ed9ng hi\u1ec7n \u0111\u1ea1i theo ti\u00eau chu\u1ea9n qu\u1ed1c t\u1ebf, d\u01b0\u1edbi s\u1ef1 qu\u1ea3n l\u00fd v\u00e0 ki\u1ec3m so\u00e1t nghi\u00eam ng\u1eb7t c\u1ee7a \u0111\u1ed9i ng\u0169 chuy\u00ean gia h\u00e0ng \u0111\u1ea7u ng\u00e0nh c\u00f4ng nghi\u1ec7p xi m\u0103ng c\u1ee7a Vi\u1ec7t Nam. S\u1ea3n ph\u1ea9m c\u00f3 c\u01b0\u1eddng \u0111\u1ed9 cao, \u0111\u1ed9 d\u1ebbo th\u00edch h\u1ee3p \u0111\u1ec3 ch\u1ebf t\u1ea1o v\u1eefa x\u00e2y d\u1ef1ng, b\u00ea t\u00f4ng v\u1edbi \u0111\u1ed9 \u1ed5n \u0111\u1ecbnh cao, mang \u0111\u1ebfn gi\u00e1 tr\u1ecb ch\u1ea5t l\u01b0\u1ee3ng b\u1ec1n v\u1eefng cho c\u00e1c c\u00f4ng tr\u00ecnh x\u00e2y d\u1ef1ng. S\u1ea3n ph\u1ea9m PCB40 c\u1ee7a \u0110\u1ed3ng L\u00e2m \u0111\u1ea1t y\u00eau c\u1ea7u k\u1ef9 thu\u1eadt c\u1ee7a ti\u00eau chu\u1ea9n TCVN 6260:2009, ASTM C1157 v\u00e0 Quy chu\u1ea9n qu\u1ed1c gia QCVN 16:2014\/BXD.<\/span><\/span><\/li>\n<\/ul>\n<p style=\"text-align: center;\"><iframe loading=\"lazy\" src=\"\/\/www.youtube.com\/embed\/3wokdU1oc-o\" width=\"560\" height=\"314\" allowfullscreen=\"allowfullscreen\"><\/iframe><\/p>\n<ul>\n<li><span style=\"font-family: 'times new roman', times, serif; font-size: 150%;\"><span style=\"font-family: 'times new roman', times, serif;\">S\u1ea3n ph\u1ea9m <strong><em><a href=\"https:\/\/vi.wikipedia.org\/wiki\/Xi_m%C4%83ng\">Xi M\u0103ng<\/a> \u0110\u1ed2NG L\u00c2M<\/em><\/strong> PCB40 \u2013 Ch\u1ea5t l\u01b0\u1ee3ng cao, t\u1ed1i \u01b0u c\u00e1c th\u00e0nh ph\u1ea7n l\u00fd h\u00f3a, mang \u0111\u1ebfn c\u00e1c \u0111\u1eb7c t\u00ednh v\u01b0\u1ee3t tr\u1ed9i, ph\u00f9 h\u1ee3p cho t\u1ea5t c\u1ea3 c\u00e1c h\u1ea1ng m\u1ee5c c\u00e1c c\u00f4ng tr\u00ecnh x\u00e2y d\u1ef1ng d\u00e2n d\u1ee5ng v\u00e0 c\u00f4ng nghi\u1ec7p.<\/span><\/span><\/li>\n<li><span style=\"font-family: 'times new roman', times, serif; font-size: 150%;\"><span style=\"font-family: 'times new roman', times, serif;\">Xi M\u0103ng \u0110\u1ed2NG L\u00c2M PCB40 c\u00f3 \u0111\u1ed9 m\u1ecbn cao v\u00e0 ph\u00e2n b\u1ed1 c\u1ee1 h\u1ea1t t\u1ed1i \u01b0u gi\u00fap d\u1ec5 thi c\u00f4ng, c\u00f3 \u0111\u1ed9 b\u00e1m d\u00ednh t\u1ed1t h\u01a1n, \u0111em l\u1ea1i b\u1ec1 m\u1eb7t t\u01b0\u1eddng l\u00e1ng m\u1ecbn h\u01a1n.<\/span><\/span><\/li>\n<li><span style=\"font-family: 'times new roman', times, serif; font-size: 150%;\"><span style=\"font-family: 'times new roman', times, serif;\">Xi M\u0103ng <em>\u0110\u1ed2NG L\u00c2M PCB40<\/em> c\u00f3 c\u01b0\u1eddng \u0111\u1ed9 cao gi\u00fap cho ch\u1ee7 nh\u00e0, ch\u1ee7 \u0111\u1ea7u t\u01b0 ti\u1ebft ki\u1ec7m chi ph\u00ed xi m\u0103ng v\u00e0 ph\u00ed thi c\u00f4ng.<\/span><\/span><\/li>\n<li><span style=\"font-family: 'times new roman', times, serif; font-size: 150%;\">D\u1ecbch v\u1ee5 h\u1ed7 tr\u1ee3 k\u1ef9 thu\u1eadt t\u01b0 v\u1ea5n cho ch\u1ee7 nh\u00e0, ch\u1ee7 \u0111\u1ea7u t\u01b0 s\u1eed d\u1ee5ng hi\u1ec7u qu\u1ea3 s\u1ea3n ph\u1ea9m xi m\u0103ng, t\u1ea1o d\u1ef1ng c\u00e1c c\u00f4ng tr\u00ecnh ch\u1ea5t l\u01b0\u1ee3ng cao v\u00e0 b\u1ec1n v\u1eefng.<\/span><\/li>\n<li><span style=\"font-family: 'times new roman', times, serif; font-size: 150%;\">\u0110\u1ecba ch\u1ec9 v\u0103n ph\u00f2ng xi m\u0103ng \u0110\u1ed3ng L\u00e2m : 105 A Ph\u01b0\u1eddng Ph\u00fa H\u1ed9i <a href=\"https:\/\/vi.wikipedia.org\/wiki\/Hu%E1%BA%BF\">Tp.<em><strong> Hu\u1ebf<\/strong><\/em><\/a><\/span><\/li>\n<\/ul>\n<div>\n<h2><strong><span style=\"font-family: 'times new roman', times, serif; font-size: 150%; color: #0000ff;\">2. H\u01af\u1edaNG D\u1eaaN S\u1eec D\u1ee4NG<\/span><\/strong><\/h2>\n<ul>\n<li><span style=\"font-family: 'times new roman', times, serif; font-size: 150%;\">S\u1eed d\u1ee5ng v\u1eadt li\u1ec7u s\u1ea1ch cho v\u1eefa, B\u00eat\u00f4ng<\/span><\/li>\n<li><span style=\"font-family: 'times new roman', times, serif; font-size: 150%;\">Tr\u1ed9n \u0111\u1ec1u h\u1ed7n h\u1ee3p v\u1eefa, B\u00eat\u00f4ng tr\u01b0\u1edbc khi th\u00eam n\u01b0\u1edbc tr\u1ed9n<\/span><\/li>\n<li><span style=\"font-family: 'times new roman', times, serif; font-size: 150%;\">L\u01b0\u1ee3ng n\u01b0\u1edbc tr\u1ed9n v\u1eeba \u0111\u1ee7 \u0111\u1ec3 \u0111\u1ea1t \u0111\u1ed9 d\u1ebbo c\u1ea7n thi\u1ebft<\/span><\/li>\n<li><span style=\"font-family: 'times new roman', times, serif; font-size: 150%;\">S\u1eed d\u1ee5ng h\u1ed7n h\u1ee3p v\u1eefa, B\u00eat\u00f4ng ngay sau khi tr\u1ed9n<\/span><\/li>\n<li><span style=\"font-family: 'times new roman', times, serif; font-size: 150%;\">D\u01b0\u1ee1ng \u1ea9m sau khi thi c\u00f4ng<\/span><\/li>\n<\/ul>\n<\/div>\n<div>\n<h2><strong><span style=\"font-family: 'times new roman', times, serif; font-size: 150%; color: #0000ff;\">3.. AN TO\u00c0N<\/span><\/strong><\/h2>\n<ul>\n<li><span style=\"font-family: 'times new roman', times, serif; font-size: 150%;\"><strong><em>Xi M\u0103ng \u0110\u1ed3ng L\u00e2<\/em><\/strong>m PCB 40 an to\u00e0n khi s\u1eed d\u1ee5ng<\/span><\/li>\n<li><span style=\"font-family: 'times new roman', times, serif; font-size: 150%;\">N\u00ean mang bao tay trong tr\u01b0\u1eddng h\u1ee3p ti\u1ebfp x\u00fac tr\u1ef1c ti\u1ebfp v\u1edbi da l\u00e2u<\/span><\/li>\n<li><span style=\"font-family: 'times new roman', times, serif; font-size: 150%;\">R\u1eeda b\u1eb1ng n\u01b0\u1edbc s\u1ea1ch khi xi m\u0103ng b\u1eafn v\u00e0o m\u1eaft hay khi xi m\u0103ng ti\u1ebfp x\u00fac v\u1edbi da, mi\u1ec7ng<\/span><\/li>\n<li><span style=\"font-family: 'times new roman', times, serif; font-size: 150%;\">N\u1ebfu b\u1ecb d\u1ecb \u1ee9ng, n\u00ean \u0111\u1ebfn g\u1eb7p b\u00e1c s\u0129 \u0111\u1ec3 \u0111\u01b0\u1ee3c ch\u0103m s\u00f3c<\/span><\/li>\n<\/ul>\n<\/div>\n<div>\n<h2><strong><span style=\"font-family: 'times new roman', times, serif; font-size: 150%; color: #0000ff;\">4. \u0110\u00d3NG G\u00d3I<\/span><\/strong><\/h2>\n<ul>\n<li><span style=\"font-family: 'times new roman', times, serif; font-size: 150%;\">Kh\u1ed1i l\u01b0\u1ee3ng t\u1ecbnh m\u1ed7i bao l\u00e0 50 (+ 0.5kg<\/span><\/li>\n<\/ul>\n<\/div>\n","protected":false},"excerpt":{"rendered":"<p><span style=\"font-family: 'times new roman', times, serif; font-size: 130%; color: #000000;\"><span style=\"font-size: 140%; color: #008000;\">\u2666 <\/span>\u0110i chuy\u1ebfn xe 5 t\u1ea5n<\/span><\/p>\n<p><span style=\"font-family: 'times new roman', times, serif; font-size: 130%; color: #000000;\"><span style=\"font-size: 140%; color: #008000;\">\u2666\u00a0<\/span>\u0110\u01a1n <span style=\"color: #282828;\">gi\u00e1 xi m\u0103ng<strong><span style=\"color: #ff0000;\"> \u0110\u1ed3ng L\u00e2m PC40<\/span><\/strong><\/span> \u21d2\u00a0<strong><span style=\"color: #ff0000;\">1.895.000\/t\u1ea5n<\/span><\/strong><\/span><\/p>\n<p><span style=\"font-family: 'times new roman', times, serif; font-size: 130%;\"><span style=\"color: #000000;\"><span style=\"font-family: 'times new roman', times, serif; color: #000000;\"><span style=\"font-family: 'times new roman', times, serif; font-size: 140%; color: #000000;\"><span style=\"color: #008000;\">\u2666 <\/span><\/span>Giao h\u00e0ng trong \u0111\u1ecba b\u00e0n<strong> <a href=\"https:\/\/vi.wikipedia.org\/wiki\/Hu%E1%BA%BF\">Hu\u1ebf<\/a><\/strong><\/span><strong>\u00a0<\/strong><\/span><\/span><\/p>\n<p><span style=\"font-family: 'times new roman', times, serif; font-size: 130%;\"><span style=\"color: #000000;\"><span style=\"font-family: 'times new roman', times, serif; font-size: 140%; color: #000000;\"><span style=\"color: #008000;\">\u2666 <\/span><\/span>B\u1ed1c h\u00e0ng c\u00e1ch v\u1ecb tr\u00ed xe \u0111\u1ed7 c\u1ef1 ly &gt; 5m<\/span><span style=\"color: #000000;\">\u00a0<\/span><\/span><\/p>\n<p><span style=\"font-size: 130%; color: #282828;\"><span style=\"font-family: 'times new roman', times, serif; font-size: 140%;\"><span style=\"color: #000000;\"><span style=\"font-family: 'times new roman', times, serif; color: #000000;\"><span style=\"color: #008000;\">\u2666 <\/span><\/span><\/span><\/span>Gi\u00e1 tr\u00ean c\u00f3 th\u1ec3 thay \u0111\u1ed5i t\u00f9y thu\u1ed9c v\u00e0o th\u1eddi \u0111i\u1ec3m, s\u1ed1 l\u01b0\u1ee3ng v\u00e0 v\u1ecb tr\u00ed g\u1ea7n hay xa<\/span><\/p>\n<p><span style=\"font-family: 'times new roman', times, serif; font-size: 130%; color: #000000;\">\u00a0<\/span><\/p>\n","protected":false},"featured_media":4441,"comment_status":"open","ping_status":"closed","template":"","meta":[],"product_cat":[203,208],"product_tag":[624],"class_list":{"0":"post-1553","1":"product","2":"type-product","3":"status-publish","4":"has-post-thumbnail","6":"product_cat-vat-lieu-xay-dung","7":"product_cat-xi-mang","8":"product_tag-gia-xi-mang-dong-lam-pc-40-tai-hue","10":"first","11":"instock","12":"sale","13":"shipping-taxable","14":"purchasable","15":"product-type-simple"},"yoast_head":"<!-- This site is optimized with the Yoast SEO Premium plugin v22.3 (Yoast SEO v23.7) - https:\/\/yoast.com\/wordpress\/plugins\/seo\/ -->\n<title>Gi\u00e1 xi m\u0103ng \u0110\u1ed3ng L\u00e2m pc40 t\u1ea1i Hu\u1ebf - 0947.335.871<\/title>\n<meta name=\"description\" content=\"Tr\u1ea7n Th\u1ecb l\u00e0 nh\u00e0 cung c\u1ea5p xi m\u0103ng \u0110\u1ed3ng L\u00e2m pc40 gi\u00e1 r\u1ebb nh\u1ea5t Hu\u1ebf. Ph\u1ee5c v\u1ee5 t\u1eadn ch\u00e2n c\u00f4ng tr\u00ecnh v\u1edbi gi\u00e1 r\u1ebb nh\u1ea5t th\u1ecb tr\u01b0\u1eddng Hu\u1ebf\" \/>\n<meta name=\"robots\" content=\"index, follow, max-snippet:-1, max-image-preview:large, max-video-preview:-1\" \/>\n<link rel=\"canonical\" href=\"https:\/\/tranthi.vn\/hue\/gia-xi-mang-dong-lam-pc40-hue\/\" \/>\n<meta property=\"og:locale\" content=\"vi_VN\" \/>\n<meta property=\"og:type\" content=\"article\" \/>\n<meta property=\"og:title\" content=\"Xi M\u0103ng \u0110\u1ed3ng L\u00e2m PC40\" \/>\n<meta property=\"og:description\" content=\"Tr\u1ea7n Th\u1ecb l\u00e0 nh\u00e0 cung c\u1ea5p xi m\u0103ng \u0110\u1ed3ng L\u00e2m pc40 gi\u00e1 r\u1ebb nh\u1ea5t Hu\u1ebf. Ph\u1ee5c v\u1ee5 t\u1eadn ch\u00e2n c\u00f4ng tr\u00ecnh v\u1edbi gi\u00e1 r\u1ebb nh\u1ea5t th\u1ecb tr\u01b0\u1eddng Hu\u1ebf\" \/>\n<meta property=\"og:url\" content=\"https:\/\/tranthi.vn\/hue\/gia-xi-mang-dong-lam-pc40-hue\/\" \/>\n<meta property=\"og:site_name\" content=\"V\u1eadt Li\u1ec7u X\u00e2y D\u1ef1ng Tr\u1ea7n Th\u1ecb Chi Nh\u00e1nh Hu\u1ebf\" \/>\n<meta property=\"article:modified_time\" content=\"2024-07-17T01:37:02+00:00\" \/>\n<meta property=\"og:image\" content=\"https:\/\/tranthi.vn\/hue\/wp-content\/uploads\/2021\/02\/Gia-xi-mang-Dong-Lam-PC-40-tai-Hue.jpg\" \/>\n\t<meta property=\"og:image:width\" content=\"250\" \/>\n\t<meta property=\"og:image:height\" content=\"250\" \/>\n\t<meta property=\"og:image:type\" content=\"image\/jpeg\" \/>\n<meta name=\"twitter:card\" content=\"summary_large_image\" \/>\n<meta name=\"twitter:label1\" content=\"Gi\u00e1\" \/>\n\t<meta name=\"twitter:data1\" content=\"1,895,000&nbsp;&#8363;\" \/>\n\t<meta name=\"twitter:label2\" content=\"Kh\u1ea3 d\u1ee5ng\" \/>\n\t<meta name=\"twitter:data2\" content=\"Trong kho\" \/>\n<script type=\"application\/ld+json\" class=\"yoast-schema-graph\">{\"@context\":\"https:\/\/schema.org\",\"@graph\":[{\"@type\":\"WebPage\",\"@id\":\"https:\/\/tranthi.vn\/hue\/gia-xi-mang-dong-lam-pc40-hue\/\",\"url\":\"https:\/\/tranthi.vn\/hue\/gia-xi-mang-dong-lam-pc40-hue\/\",\"name\":\"Gi\u00e1 xi m\u0103ng \u0110\u1ed3ng L\u00e2m pc40 t\u1ea1i Hu\u1ebf - 0947.335.871\",\"isPartOf\":{\"@id\":\"https:\/\/tranthi.vn\/hue\/#website\"},\"primaryImageOfPage\":{\"@id\":\"https:\/\/tranthi.vn\/hue\/gia-xi-mang-dong-lam-pc40-hue\/#primaryimage\"},\"image\":{\"@id\":\"https:\/\/tranthi.vn\/hue\/gia-xi-mang-dong-lam-pc40-hue\/#primaryimage\"},\"thumbnailUrl\":\"https:\/\/tranthi.vn\/hue\/wp-content\/uploads\/2021\/02\/Gia-xi-mang-Dong-Lam-PC-40-tai-Hue.jpg\",\"datePublished\":\"2021-02-18T13:30:10+00:00\",\"dateModified\":\"2024-07-17T01:37:02+00:00\",\"description\":\"Tr\u1ea7n Th\u1ecb l\u00e0 nh\u00e0 cung c\u1ea5p xi m\u0103ng \u0110\u1ed3ng L\u00e2m pc40 gi\u00e1 r\u1ebb nh\u1ea5t Hu\u1ebf. Ph\u1ee5c v\u1ee5 t\u1eadn ch\u00e2n c\u00f4ng tr\u00ecnh v\u1edbi gi\u00e1 r\u1ebb nh\u1ea5t th\u1ecb tr\u01b0\u1eddng Hu\u1ebf\",\"breadcrumb\":{\"@id\":\"https:\/\/tranthi.vn\/hue\/gia-xi-mang-dong-lam-pc40-hue\/#breadcrumb\"},\"inLanguage\":\"vi\",\"potentialAction\":[{\"@type\":\"ReadAction\",\"target\":[\"https:\/\/tranthi.vn\/hue\/gia-xi-mang-dong-lam-pc40-hue\/\"]}]},{\"@type\":\"ImageObject\",\"inLanguage\":\"vi\",\"@id\":\"https:\/\/tranthi.vn\/hue\/gia-xi-mang-dong-lam-pc40-hue\/#primaryimage\",\"url\":\"https:\/\/tranthi.vn\/hue\/wp-content\/uploads\/2021\/02\/Gia-xi-mang-Dong-Lam-PC-40-tai-Hue.jpg\",\"contentUrl\":\"https:\/\/tranthi.vn\/hue\/wp-content\/uploads\/2021\/02\/Gia-xi-mang-Dong-Lam-PC-40-tai-Hue.jpg\",\"width\":250,\"height\":250,\"caption\":\"Gi\u00e1 xi m\u0103ng \u0110\u1ed3ng L\u00e2m PC 40 t\u1ea1i Hu\u1ebf\"},{\"@type\":\"BreadcrumbList\",\"@id\":\"https:\/\/tranthi.vn\/hue\/gia-xi-mang-dong-lam-pc40-hue\/#breadcrumb\",\"itemListElement\":[{\"@type\":\"ListItem\",\"position\":1,\"name\":\"Trang Ch\u1ee7\",\"item\":\"https:\/\/tranthi.vn\/hue\/\"},{\"@type\":\"ListItem\",\"position\":2,\"name\":\"Shop\",\"item\":\"https:\/\/tranthi.vn\/hue\/shop\/\"},{\"@type\":\"ListItem\",\"position\":3,\"name\":\"Xi M\u0103ng \u0110\u1ed3ng L\u00e2m PC40\"}]},{\"@type\":\"WebSite\",\"@id\":\"https:\/\/tranthi.vn\/hue\/#website\",\"url\":\"https:\/\/tranthi.vn\/hue\/\",\"name\":\"VLXD Tr\u1ea7n Th\u1ecb\",\"description\":\"V\u1eadt Li\u1ec7u X\u00e2y D\u1ef1ng - Hu\u1ebf\",\"publisher\":{\"@id\":\"https:\/\/tranthi.vn\/hue\/#organization\"},\"potentialAction\":[{\"@type\":\"SearchAction\",\"target\":{\"@type\":\"EntryPoint\",\"urlTemplate\":\"https:\/\/tranthi.vn\/hue\/?s={search_term_string}\"},\"query-input\":{\"@type\":\"PropertyValueSpecification\",\"valueRequired\":true,\"valueName\":\"search_term_string\"}}],\"inLanguage\":\"vi\"},{\"@type\":[\"Organization\",\"Place\"],\"@id\":\"https:\/\/tranthi.vn\/hue\/#organization\",\"name\":\"VLXD Tr\u1ea7n Th\u1ecb\",\"url\":\"https:\/\/tranthi.vn\/hue\/\",\"logo\":{\"@id\":\"https:\/\/tranthi.vn\/hue\/gia-xi-mang-dong-lam-pc40-hue\/#local-main-organization-logo\"},\"image\":{\"@id\":\"https:\/\/tranthi.vn\/hue\/gia-xi-mang-dong-lam-pc40-hue\/#local-main-organization-logo\"},\"telephone\":[],\"openingHoursSpecification\":[{\"@type\":\"OpeningHoursSpecification\",\"dayOfWeek\":[\"Monday\",\"Tuesday\",\"Wednesday\",\"Thursday\",\"Friday\",\"Saturday\",\"Sunday\"],\"opens\":\"09:00\",\"closes\":\"17:00\"}]},{\"@type\":\"ImageObject\",\"inLanguage\":\"vi\",\"@id\":\"https:\/\/tranthi.vn\/hue\/gia-xi-mang-dong-lam-pc40-hue\/#local-main-organization-logo\",\"url\":\"https:\/\/tranthi.vn\/hue\/wp-content\/uploads\/2021\/02\/logo-tranthi1.jpg\",\"contentUrl\":\"https:\/\/tranthi.vn\/hue\/wp-content\/uploads\/2021\/02\/logo-tranthi1.jpg\",\"width\":800,\"height\":319,\"caption\":\"VLXD Tr\u1ea7n Th\u1ecb\"}]}<\/script>\n<meta property=\"product:price:amount\" content=\"1895000\" \/>\n<meta property=\"product:price:currency\" content=\"VND\" \/>\n<meta property=\"og:availability\" content=\"instock\" \/>\n<meta property=\"product:availability\" content=\"instock\" \/>\n<meta property=\"product:condition\" content=\"new\" \/>\n<!-- \/ Yoast SEO Premium plugin. -->","yoast_head_json":{"title":"Gi\u00e1 xi m\u0103ng \u0110\u1ed3ng L\u00e2m pc40 t\u1ea1i Hu\u1ebf - 0947.335.871","description":"Tr\u1ea7n Th\u1ecb l\u00e0 nh\u00e0 cung c\u1ea5p xi m\u0103ng \u0110\u1ed3ng L\u00e2m pc40 gi\u00e1 r\u1ebb nh\u1ea5t Hu\u1ebf. Ph\u1ee5c v\u1ee5 t\u1eadn ch\u00e2n c\u00f4ng tr\u00ecnh v\u1edbi gi\u00e1 r\u1ebb nh\u1ea5t th\u1ecb tr\u01b0\u1eddng Hu\u1ebf","robots":{"index":"index","follow":"follow","max-snippet":"max-snippet:-1","max-image-preview":"max-image-preview:large","max-video-preview":"max-video-preview:-1"},"canonical":"https:\/\/tranthi.vn\/hue\/gia-xi-mang-dong-lam-pc40-hue\/","og_locale":"vi_VN","og_type":"article","og_title":"Xi M\u0103ng \u0110\u1ed3ng L\u00e2m PC40","og_description":"Tr\u1ea7n Th\u1ecb l\u00e0 nh\u00e0 cung c\u1ea5p xi m\u0103ng \u0110\u1ed3ng L\u00e2m pc40 gi\u00e1 r\u1ebb nh\u1ea5t Hu\u1ebf. Ph\u1ee5c v\u1ee5 t\u1eadn ch\u00e2n c\u00f4ng tr\u00ecnh v\u1edbi gi\u00e1 r\u1ebb nh\u1ea5t th\u1ecb tr\u01b0\u1eddng Hu\u1ebf","og_url":"https:\/\/tranthi.vn\/hue\/gia-xi-mang-dong-lam-pc40-hue\/","og_site_name":"V\u1eadt Li\u1ec7u X\u00e2y D\u1ef1ng Tr\u1ea7n Th\u1ecb Chi Nh\u00e1nh Hu\u1ebf","article_modified_time":"2024-07-17T01:37:02+00:00","og_image":[{"width":250,"height":250,"url":"https:\/\/tranthi.vn\/hue\/wp-content\/uploads\/2021\/02\/Gia-xi-mang-Dong-Lam-PC-40-tai-Hue.jpg","type":"image\/jpeg"}],"twitter_card":"summary_large_image","twitter_misc":{"Gi\u00e1":"1,895,000&nbsp;&#8363;","Kh\u1ea3 d\u1ee5ng":"Trong kho"},"schema":{"@context":"https:\/\/schema.org","@graph":[{"@type":"WebPage","@id":"https:\/\/tranthi.vn\/hue\/gia-xi-mang-dong-lam-pc40-hue\/","url":"https:\/\/tranthi.vn\/hue\/gia-xi-mang-dong-lam-pc40-hue\/","name":"Gi\u00e1 xi m\u0103ng \u0110\u1ed3ng L\u00e2m pc40 t\u1ea1i Hu\u1ebf - 0947.335.871","isPartOf":{"@id":"https:\/\/tranthi.vn\/hue\/#website"},"primaryImageOfPage":{"@id":"https:\/\/tranthi.vn\/hue\/gia-xi-mang-dong-lam-pc40-hue\/#primaryimage"},"image":{"@id":"https:\/\/tranthi.vn\/hue\/gia-xi-mang-dong-lam-pc40-hue\/#primaryimage"},"thumbnailUrl":"https:\/\/tranthi.vn\/hue\/wp-content\/uploads\/2021\/02\/Gia-xi-mang-Dong-Lam-PC-40-tai-Hue.jpg","datePublished":"2021-02-18T13:30:10+00:00","dateModified":"2024-07-17T01:37:02+00:00","description":"Tr\u1ea7n Th\u1ecb l\u00e0 nh\u00e0 cung c\u1ea5p xi m\u0103ng \u0110\u1ed3ng L\u00e2m pc40 gi\u00e1 r\u1ebb nh\u1ea5t Hu\u1ebf. Ph\u1ee5c v\u1ee5 t\u1eadn ch\u00e2n c\u00f4ng tr\u00ecnh v\u1edbi gi\u00e1 r\u1ebb nh\u1ea5t th\u1ecb tr\u01b0\u1eddng Hu\u1ebf","breadcrumb":{"@id":"https:\/\/tranthi.vn\/hue\/gia-xi-mang-dong-lam-pc40-hue\/#breadcrumb"},"inLanguage":"vi","potentialAction":[{"@type":"ReadAction","target":["https:\/\/tranthi.vn\/hue\/gia-xi-mang-dong-lam-pc40-hue\/"]}]},{"@type":"ImageObject","inLanguage":"vi","@id":"https:\/\/tranthi.vn\/hue\/gia-xi-mang-dong-lam-pc40-hue\/#primaryimage","url":"https:\/\/tranthi.vn\/hue\/wp-content\/uploads\/2021\/02\/Gia-xi-mang-Dong-Lam-PC-40-tai-Hue.jpg","contentUrl":"https:\/\/tranthi.vn\/hue\/wp-content\/uploads\/2021\/02\/Gia-xi-mang-Dong-Lam-PC-40-tai-Hue.jpg","width":250,"height":250,"caption":"Gi\u00e1 xi m\u0103ng \u0110\u1ed3ng L\u00e2m PC 40 t\u1ea1i Hu\u1ebf"},{"@type":"BreadcrumbList","@id":"https:\/\/tranthi.vn\/hue\/gia-xi-mang-dong-lam-pc40-hue\/#breadcrumb","itemListElement":[{"@type":"ListItem","position":1,"name":"Trang Ch\u1ee7","item":"https:\/\/tranthi.vn\/hue\/"},{"@type":"ListItem","position":2,"name":"Shop","item":"https:\/\/tranthi.vn\/hue\/shop\/"},{"@type":"ListItem","position":3,"name":"Xi M\u0103ng \u0110\u1ed3ng L\u00e2m PC40"}]},{"@type":"WebSite","@id":"https:\/\/tranthi.vn\/hue\/#website","url":"https:\/\/tranthi.vn\/hue\/","name":"VLXD Tr\u1ea7n Th\u1ecb","description":"V\u1eadt Li\u1ec7u X\u00e2y D\u1ef1ng - Hu\u1ebf","publisher":{"@id":"https:\/\/tranthi.vn\/hue\/#organization"},"potentialAction":[{"@type":"SearchAction","target":{"@type":"EntryPoint","urlTemplate":"https:\/\/tranthi.vn\/hue\/?s={search_term_string}"},"query-input":{"@type":"PropertyValueSpecification","valueRequired":true,"valueName":"search_term_string"}}],"inLanguage":"vi"},{"@type":["Organization","Place"],"@id":"https:\/\/tranthi.vn\/hue\/#organization","name":"VLXD Tr\u1ea7n Th\u1ecb","url":"https:\/\/tranthi.vn\/hue\/","logo":{"@id":"https:\/\/tranthi.vn\/hue\/gia-xi-mang-dong-lam-pc40-hue\/#local-main-organization-logo"},"image":{"@id":"https:\/\/tranthi.vn\/hue\/gia-xi-mang-dong-lam-pc40-hue\/#local-main-organization-logo"},"telephone":[],"openingHoursSpecification":[{"@type":"OpeningHoursSpecification","dayOfWeek":["Monday","Tuesday","Wednesday","Thursday","Friday","Saturday","Sunday"],"opens":"09:00","closes":"17:00"}]},{"@type":"ImageObject","inLanguage":"vi","@id":"https:\/\/tranthi.vn\/hue\/gia-xi-mang-dong-lam-pc40-hue\/#local-main-organization-logo","url":"https:\/\/tranthi.vn\/hue\/wp-content\/uploads\/2021\/02\/logo-tranthi1.jpg","contentUrl":"https:\/\/tranthi.vn\/hue\/wp-content\/uploads\/2021\/02\/logo-tranthi1.jpg","width":800,"height":319,"caption":"VLXD Tr\u1ea7n Th\u1ecb"}]},"product_price_amount":"1895000","product_price_currency":"VND","og_availability":"instock","product_availability":"instock","product_condition":"new"},"_links":{"self":[{"href":"https:\/\/tranthi.vn\/hue\/wp-json\/wp\/v2\/product\/1553","targetHints":{"allow":["GET"]}}],"collection":[{"href":"https:\/\/tranthi.vn\/hue\/wp-json\/wp\/v2\/product"}],"about":[{"href":"https:\/\/tranthi.vn\/hue\/wp-json\/wp\/v2\/types\/product"}],"replies":[{"embeddable":true,"href":"https:\/\/tranthi.vn\/hue\/wp-json\/wp\/v2\/comments?post=1553"}],"wp:featuredmedia":[{"embeddable":true,"href":"https:\/\/tranthi.vn\/hue\/wp-json\/wp\/v2\/media\/4441"}],"wp:attachment":[{"href":"https:\/\/tranthi.vn\/hue\/wp-json\/wp\/v2\/media?parent=1553"}],"wp:term":[{"taxonomy":"product_cat","embeddable":true,"href":"https:\/\/tranthi.vn\/hue\/wp-json\/wp\/v2\/product_cat?post=1553"},{"taxonomy":"product_tag","embeddable":true,"href":"https:\/\/tranthi.vn\/hue\/wp-json\/wp\/v2\/product_tag?post=1553"}],"curies":[{"name":"wp","href":"https:\/\/api.w.org\/{rel}","templated":true}]}}