{"id":1548,"date":"2021-02-18T13:30:08","date_gmt":"2021-02-18T06:30:08","guid":{"rendered":"http:\/\/new-tranthi.test\/san-pham\/xi-mang-kim-dinh-pc-40\/"},"modified":"2023-04-26T10:11:10","modified_gmt":"2023-04-26T03:11:10","slug":"xi-mang-kim-dinh-pc-40","status":"publish","type":"product","link":"https:\/\/tranthi.vn\/hue\/xi-mang-kim-dinh-pc-40\/","title":{"rendered":"Xi M\u0103ng Kim \u0110\u1ec9nh PC 40"},"content":{"rendered":"","protected":false},"excerpt":{"rendered":"<p><span style=\"font-family: 'times new roman', times, serif;\"><img loading=\"lazy\" decoding=\"async\" class=\"\" src=\"https:\/\/static.xx.fbcdn.net\/images\/emoji.php\/v9\/tb\/1\/16\/1f388.png\" alt=\"\ud83c\udf88\" width=\"19\" height=\"19\" \/> <span style=\"font-size: 130%;\">Giao h\u00e0ng trong \u0111\u1ecba b\u00e0n Hu\u1ebf<\/span><\/span><\/p>\n<p><span style=\"font-family: 'times new roman', times, serif; font-size: 130%;\"> <img loading=\"lazy\" decoding=\"async\" class=\"\" src=\"https:\/\/static.xx.fbcdn.net\/images\/emoji.php\/v9\/tb\/1\/16\/1f388.png\" alt=\"\ud83c\udf88\" width=\"19\" height=\"19\" \/> \u0110\u01a1n gi\u00e1 <strong><span style=\"color: #008000;\">\u00a0\u21d2 1.985.000\u0111\/t\u1ea5n<\/span><\/strong><\/span><\/p>\n<p><span style=\"font-family: 'times new roman', times, serif; font-size: 130%;\"> <img loading=\"lazy\" decoding=\"async\" class=\"\" src=\"https:\/\/static.xx.fbcdn.net\/images\/emoji.php\/v9\/tb\/1\/16\/1f388.png\" alt=\"\ud83c\udf88\" width=\"19\" height=\"19\" \/> \u0110i chuy\u1ebfn xe 10 t\u1ea5n<\/span><\/p>\n<p><span style=\"font-family: 'times new roman', times, serif; font-size: 130%;\"> <img loading=\"lazy\" decoding=\"async\" class=\"\" src=\"https:\/\/static.xx.fbcdn.net\/images\/emoji.php\/v9\/tb\/1\/16\/1f388.png\" alt=\"\ud83c\udf88\" width=\"19\" height=\"19\" \/> B\u1ed1c h\u00e0ng c\u00e1ch v\u1ecb tr\u00ed xe \u0111\u1ed7 c\u1ef1 ly &gt; 5m<\/span><\/p>\n<p><span style=\"font-family: 'times new roman', times, serif; font-size: 130%;\"><img loading=\"lazy\" decoding=\"async\" class=\"\" src=\"https:\/\/static.xx.fbcdn.net\/images\/emoji.php\/v9\/tb\/1\/16\/1f388.png\" alt=\"\ud83c\udf88\" width=\"19\" height=\"19\" \/> \u00a0Gi\u00e1 tr\u00ean c\u00f3 th\u1ec3 thay \u0111\u1ed5i t\u00f9y thu\u1ed9c v\u00e0o th\u1eddi \u0111i\u1ec3m, s\u1ed1 l\u01b0\u1ee3ng v\u00e0 v\u1ecb tr\u00ed g\u1ea7n hay xa<\/span><\/p>\n","protected":false},"featured_media":4506,"comment_status":"open","ping_status":"closed","template":"","meta":[],"product_cat":[203,208],"product_tag":[664],"class_list":{"0":"post-1548","1":"product","2":"type-product","3":"status-publish","4":"has-post-thumbnail","6":"product_cat-vat-lieu-xay-dung","7":"product_cat-xi-mang","8":"product_tag-gia-xi-mang-kim-dinh-pc-40-tai-hue","10":"first","11":"instock","12":"sale","13":"shipping-taxable","14":"purchasable","15":"product-type-simple"},"yoast_head":"<!-- This site is optimized with the Yoast SEO Premium plugin v22.3 (Yoast SEO v23.7) - https:\/\/yoast.com\/wordpress\/plugins\/seo\/ -->\n<title>Gi\u00e1 xi m\u0103ng kim \u0111\u1ec9nh pc40 t\u1ea1i \u0111\u00e0 n\u1eb5ng - 0903.595.049<\/title>\n<meta name=\"description\" content=\"Tr\u1ea7n Th\u1ecb l\u00e0 nh\u00e0 cung c\u1ea5p xi m\u0103ng kim \u0111\u1ec9nh pc40 gi\u00e1 r\u1ebb nh\u1ea5t \u0111\u00e0 n\u1eb5ng. Ph\u1ee5c v\u1ee5 t\u1eadn ch\u00e2n c\u00f4ng tr\u00ecnh v\u1edbi gi\u00e1 r\u1ebb nh\u1ea5t th\u1ecb tr\u01b0\u1eddng \u0110\u00e0 N\u1eb5ng. \u0110\u1ecba ch\u1ec9: 204 L\u00ea V\u0103n Hi\u1ebfn\" \/>\n<meta name=\"robots\" content=\"index, follow, max-snippet:-1, max-image-preview:large, max-video-preview:-1\" \/>\n<link rel=\"canonical\" href=\"https:\/\/tranthi.vn\/hue\/xi-mang-kim-dinh-pc-40\/\" \/>\n<meta property=\"og:locale\" content=\"vi_VN\" \/>\n<meta property=\"og:type\" content=\"article\" \/>\n<meta property=\"og:title\" content=\"Xi M\u0103ng Kim \u0110\u1ec9nh PC 40\" \/>\n<meta property=\"og:description\" content=\"Tr\u1ea7n Th\u1ecb l\u00e0 nh\u00e0 cung c\u1ea5p xi m\u0103ng kim \u0111\u1ec9nh pc40 gi\u00e1 r\u1ebb nh\u1ea5t \u0111\u00e0 n\u1eb5ng. Ph\u1ee5c v\u1ee5 t\u1eadn ch\u00e2n c\u00f4ng tr\u00ecnh v\u1edbi gi\u00e1 r\u1ebb nh\u1ea5t th\u1ecb tr\u01b0\u1eddng \u0110\u00e0 N\u1eb5ng. \u0110\u1ecba ch\u1ec9: 204 L\u00ea V\u0103n Hi\u1ebfn\" \/>\n<meta property=\"og:url\" content=\"https:\/\/tranthi.vn\/hue\/xi-mang-kim-dinh-pc-40\/\" \/>\n<meta property=\"og:site_name\" content=\"V\u1eadt Li\u1ec7u X\u00e2y D\u1ef1ng Tr\u1ea7n Th\u1ecb Chi Nh\u00e1nh Hu\u1ebf\" \/>\n<meta property=\"article:modified_time\" content=\"2023-04-26T03:11:10+00:00\" \/>\n<meta property=\"og:image\" content=\"https:\/\/tranthi.vn\/hue\/wp-content\/uploads\/2021\/02\/gia-xi-mang-kim-dinh-pc-40-tai-hue.jpg\" \/>\n\t<meta property=\"og:image:width\" content=\"250\" \/>\n\t<meta property=\"og:image:height\" content=\"250\" \/>\n\t<meta property=\"og:image:type\" content=\"image\/jpeg\" \/>\n<meta name=\"twitter:card\" content=\"summary_large_image\" \/>\n<meta name=\"twitter:label1\" content=\"Gi\u00e1\" \/>\n\t<meta name=\"twitter:data1\" content=\"1,985,000&nbsp;&#8363;\" \/>\n\t<meta name=\"twitter:label2\" content=\"Kh\u1ea3 d\u1ee5ng\" \/>\n\t<meta name=\"twitter:data2\" content=\"Trong kho\" \/>\n<script type=\"application\/ld+json\" class=\"yoast-schema-graph\">{\"@context\":\"https:\/\/schema.org\",\"@graph\":[{\"@type\":\"WebPage\",\"@id\":\"https:\/\/tranthi.vn\/hue\/xi-mang-kim-dinh-pc-40\/\",\"url\":\"https:\/\/tranthi.vn\/hue\/xi-mang-kim-dinh-pc-40\/\",\"name\":\"Gi\u00e1 xi m\u0103ng kim \u0111\u1ec9nh pc40 t\u1ea1i \u0111\u00e0 n\u1eb5ng - 0903.595.049\",\"isPartOf\":{\"@id\":\"https:\/\/tranthi.vn\/hue\/#website\"},\"primaryImageOfPage\":{\"@id\":\"https:\/\/tranthi.vn\/hue\/xi-mang-kim-dinh-pc-40\/#primaryimage\"},\"image\":{\"@id\":\"https:\/\/tranthi.vn\/hue\/xi-mang-kim-dinh-pc-40\/#primaryimage\"},\"thumbnailUrl\":\"https:\/\/tranthi.vn\/hue\/wp-content\/uploads\/2021\/02\/gia-xi-mang-kim-dinh-pc-40-tai-hue.jpg\",\"datePublished\":\"2021-02-18T06:30:08+00:00\",\"dateModified\":\"2023-04-26T03:11:10+00:00\",\"description\":\"Tr\u1ea7n Th\u1ecb l\u00e0 nh\u00e0 cung c\u1ea5p xi m\u0103ng kim \u0111\u1ec9nh pc40 gi\u00e1 r\u1ebb nh\u1ea5t \u0111\u00e0 n\u1eb5ng. Ph\u1ee5c v\u1ee5 t\u1eadn ch\u00e2n c\u00f4ng tr\u00ecnh v\u1edbi gi\u00e1 r\u1ebb nh\u1ea5t th\u1ecb tr\u01b0\u1eddng \u0110\u00e0 N\u1eb5ng. \u0110\u1ecba ch\u1ec9: 204 L\u00ea V\u0103n Hi\u1ebfn\",\"breadcrumb\":{\"@id\":\"https:\/\/tranthi.vn\/hue\/xi-mang-kim-dinh-pc-40\/#breadcrumb\"},\"inLanguage\":\"vi\",\"potentialAction\":[{\"@type\":\"ReadAction\",\"target\":[\"https:\/\/tranthi.vn\/hue\/xi-mang-kim-dinh-pc-40\/\"]}]},{\"@type\":\"ImageObject\",\"inLanguage\":\"vi\",\"@id\":\"https:\/\/tranthi.vn\/hue\/xi-mang-kim-dinh-pc-40\/#primaryimage\",\"url\":\"https:\/\/tranthi.vn\/hue\/wp-content\/uploads\/2021\/02\/gia-xi-mang-kim-dinh-pc-40-tai-hue.jpg\",\"contentUrl\":\"https:\/\/tranthi.vn\/hue\/wp-content\/uploads\/2021\/02\/gia-xi-mang-kim-dinh-pc-40-tai-hue.jpg\",\"width\":250,\"height\":250,\"caption\":\"gia-xi-mang-kim-dinh-pc-40-tai-hue\"},{\"@type\":\"BreadcrumbList\",\"@id\":\"https:\/\/tranthi.vn\/hue\/xi-mang-kim-dinh-pc-40\/#breadcrumb\",\"itemListElement\":[{\"@type\":\"ListItem\",\"position\":1,\"name\":\"Trang Ch\u1ee7\",\"item\":\"https:\/\/tranthi.vn\/hue\/\"},{\"@type\":\"ListItem\",\"position\":2,\"name\":\"Shop\",\"item\":\"https:\/\/tranthi.vn\/hue\/shop\/\"},{\"@type\":\"ListItem\",\"position\":3,\"name\":\"Xi M\u0103ng Kim \u0110\u1ec9nh PC 40\"}]},{\"@type\":\"WebSite\",\"@id\":\"https:\/\/tranthi.vn\/hue\/#website\",\"url\":\"https:\/\/tranthi.vn\/hue\/\",\"name\":\"VLXD Tr\u1ea7n Th\u1ecb\",\"description\":\"V\u1eadt Li\u1ec7u X\u00e2y D\u1ef1ng - Hu\u1ebf\",\"publisher\":{\"@id\":\"https:\/\/tranthi.vn\/hue\/#organization\"},\"potentialAction\":[{\"@type\":\"SearchAction\",\"target\":{\"@type\":\"EntryPoint\",\"urlTemplate\":\"https:\/\/tranthi.vn\/hue\/?s={search_term_string}\"},\"query-input\":{\"@type\":\"PropertyValueSpecification\",\"valueRequired\":true,\"valueName\":\"search_term_string\"}}],\"inLanguage\":\"vi\"},{\"@type\":[\"Organization\",\"Place\"],\"@id\":\"https:\/\/tranthi.vn\/hue\/#organization\",\"name\":\"VLXD Tr\u1ea7n Th\u1ecb\",\"url\":\"https:\/\/tranthi.vn\/hue\/\",\"logo\":{\"@id\":\"https:\/\/tranthi.vn\/hue\/xi-mang-kim-dinh-pc-40\/#local-main-organization-logo\"},\"image\":{\"@id\":\"https:\/\/tranthi.vn\/hue\/xi-mang-kim-dinh-pc-40\/#local-main-organization-logo\"},\"telephone\":[],\"openingHoursSpecification\":[{\"@type\":\"OpeningHoursSpecification\",\"dayOfWeek\":[\"Monday\",\"Tuesday\",\"Wednesday\",\"Thursday\",\"Friday\",\"Saturday\",\"Sunday\"],\"opens\":\"09:00\",\"closes\":\"17:00\"}]},{\"@type\":\"ImageObject\",\"inLanguage\":\"vi\",\"@id\":\"https:\/\/tranthi.vn\/hue\/xi-mang-kim-dinh-pc-40\/#local-main-organization-logo\",\"url\":\"https:\/\/tranthi.vn\/hue\/wp-content\/uploads\/2021\/02\/logo-tranthi1.jpg\",\"contentUrl\":\"https:\/\/tranthi.vn\/hue\/wp-content\/uploads\/2021\/02\/logo-tranthi1.jpg\",\"width\":800,\"height\":319,\"caption\":\"VLXD Tr\u1ea7n Th\u1ecb\"}]}<\/script>\n<meta property=\"product:price:amount\" content=\"1985000\" \/>\n<meta property=\"product:price:currency\" content=\"VND\" \/>\n<meta property=\"og:availability\" content=\"instock\" \/>\n<meta property=\"product:availability\" content=\"instock\" \/>\n<meta property=\"product:condition\" content=\"new\" \/>\n<!-- \/ Yoast SEO Premium plugin. -->","yoast_head_json":{"title":"Gi\u00e1 xi m\u0103ng kim \u0111\u1ec9nh pc40 t\u1ea1i \u0111\u00e0 n\u1eb5ng - 0903.595.049","description":"Tr\u1ea7n Th\u1ecb l\u00e0 nh\u00e0 cung c\u1ea5p xi m\u0103ng kim \u0111\u1ec9nh pc40 gi\u00e1 r\u1ebb nh\u1ea5t \u0111\u00e0 n\u1eb5ng. Ph\u1ee5c v\u1ee5 t\u1eadn ch\u00e2n c\u00f4ng tr\u00ecnh v\u1edbi gi\u00e1 r\u1ebb nh\u1ea5t th\u1ecb tr\u01b0\u1eddng \u0110\u00e0 N\u1eb5ng. \u0110\u1ecba ch\u1ec9: 204 L\u00ea V\u0103n Hi\u1ebfn","robots":{"index":"index","follow":"follow","max-snippet":"max-snippet:-1","max-image-preview":"max-image-preview:large","max-video-preview":"max-video-preview:-1"},"canonical":"https:\/\/tranthi.vn\/hue\/xi-mang-kim-dinh-pc-40\/","og_locale":"vi_VN","og_type":"article","og_title":"Xi M\u0103ng Kim \u0110\u1ec9nh PC 40","og_description":"Tr\u1ea7n Th\u1ecb l\u00e0 nh\u00e0 cung c\u1ea5p xi m\u0103ng kim \u0111\u1ec9nh pc40 gi\u00e1 r\u1ebb nh\u1ea5t \u0111\u00e0 n\u1eb5ng. Ph\u1ee5c v\u1ee5 t\u1eadn ch\u00e2n c\u00f4ng tr\u00ecnh v\u1edbi gi\u00e1 r\u1ebb nh\u1ea5t th\u1ecb tr\u01b0\u1eddng \u0110\u00e0 N\u1eb5ng. \u0110\u1ecba ch\u1ec9: 204 L\u00ea V\u0103n Hi\u1ebfn","og_url":"https:\/\/tranthi.vn\/hue\/xi-mang-kim-dinh-pc-40\/","og_site_name":"V\u1eadt Li\u1ec7u X\u00e2y D\u1ef1ng Tr\u1ea7n Th\u1ecb Chi Nh\u00e1nh Hu\u1ebf","article_modified_time":"2023-04-26T03:11:10+00:00","og_image":[{"width":250,"height":250,"url":"https:\/\/tranthi.vn\/hue\/wp-content\/uploads\/2021\/02\/gia-xi-mang-kim-dinh-pc-40-tai-hue.jpg","type":"image\/jpeg"}],"twitter_card":"summary_large_image","twitter_misc":{"Gi\u00e1":"1,985,000&nbsp;&#8363;","Kh\u1ea3 d\u1ee5ng":"Trong kho"},"schema":{"@context":"https:\/\/schema.org","@graph":[{"@type":"WebPage","@id":"https:\/\/tranthi.vn\/hue\/xi-mang-kim-dinh-pc-40\/","url":"https:\/\/tranthi.vn\/hue\/xi-mang-kim-dinh-pc-40\/","name":"Gi\u00e1 xi m\u0103ng kim \u0111\u1ec9nh pc40 t\u1ea1i \u0111\u00e0 n\u1eb5ng - 0903.595.049","isPartOf":{"@id":"https:\/\/tranthi.vn\/hue\/#website"},"primaryImageOfPage":{"@id":"https:\/\/tranthi.vn\/hue\/xi-mang-kim-dinh-pc-40\/#primaryimage"},"image":{"@id":"https:\/\/tranthi.vn\/hue\/xi-mang-kim-dinh-pc-40\/#primaryimage"},"thumbnailUrl":"https:\/\/tranthi.vn\/hue\/wp-content\/uploads\/2021\/02\/gia-xi-mang-kim-dinh-pc-40-tai-hue.jpg","datePublished":"2021-02-18T06:30:08+00:00","dateModified":"2023-04-26T03:11:10+00:00","description":"Tr\u1ea7n Th\u1ecb l\u00e0 nh\u00e0 cung c\u1ea5p xi m\u0103ng kim \u0111\u1ec9nh pc40 gi\u00e1 r\u1ebb nh\u1ea5t \u0111\u00e0 n\u1eb5ng. Ph\u1ee5c v\u1ee5 t\u1eadn ch\u00e2n c\u00f4ng tr\u00ecnh v\u1edbi gi\u00e1 r\u1ebb nh\u1ea5t th\u1ecb tr\u01b0\u1eddng \u0110\u00e0 N\u1eb5ng. \u0110\u1ecba ch\u1ec9: 204 L\u00ea V\u0103n Hi\u1ebfn","breadcrumb":{"@id":"https:\/\/tranthi.vn\/hue\/xi-mang-kim-dinh-pc-40\/#breadcrumb"},"inLanguage":"vi","potentialAction":[{"@type":"ReadAction","target":["https:\/\/tranthi.vn\/hue\/xi-mang-kim-dinh-pc-40\/"]}]},{"@type":"ImageObject","inLanguage":"vi","@id":"https:\/\/tranthi.vn\/hue\/xi-mang-kim-dinh-pc-40\/#primaryimage","url":"https:\/\/tranthi.vn\/hue\/wp-content\/uploads\/2021\/02\/gia-xi-mang-kim-dinh-pc-40-tai-hue.jpg","contentUrl":"https:\/\/tranthi.vn\/hue\/wp-content\/uploads\/2021\/02\/gia-xi-mang-kim-dinh-pc-40-tai-hue.jpg","width":250,"height":250,"caption":"gia-xi-mang-kim-dinh-pc-40-tai-hue"},{"@type":"BreadcrumbList","@id":"https:\/\/tranthi.vn\/hue\/xi-mang-kim-dinh-pc-40\/#breadcrumb","itemListElement":[{"@type":"ListItem","position":1,"name":"Trang Ch\u1ee7","item":"https:\/\/tranthi.vn\/hue\/"},{"@type":"ListItem","position":2,"name":"Shop","item":"https:\/\/tranthi.vn\/hue\/shop\/"},{"@type":"ListItem","position":3,"name":"Xi M\u0103ng Kim \u0110\u1ec9nh PC 40"}]},{"@type":"WebSite","@id":"https:\/\/tranthi.vn\/hue\/#website","url":"https:\/\/tranthi.vn\/hue\/","name":"VLXD Tr\u1ea7n Th\u1ecb","description":"V\u1eadt Li\u1ec7u X\u00e2y D\u1ef1ng - Hu\u1ebf","publisher":{"@id":"https:\/\/tranthi.vn\/hue\/#organization"},"potentialAction":[{"@type":"SearchAction","target":{"@type":"EntryPoint","urlTemplate":"https:\/\/tranthi.vn\/hue\/?s={search_term_string}"},"query-input":{"@type":"PropertyValueSpecification","valueRequired":true,"valueName":"search_term_string"}}],"inLanguage":"vi"},{"@type":["Organization","Place"],"@id":"https:\/\/tranthi.vn\/hue\/#organization","name":"VLXD Tr\u1ea7n Th\u1ecb","url":"https:\/\/tranthi.vn\/hue\/","logo":{"@id":"https:\/\/tranthi.vn\/hue\/xi-mang-kim-dinh-pc-40\/#local-main-organization-logo"},"image":{"@id":"https:\/\/tranthi.vn\/hue\/xi-mang-kim-dinh-pc-40\/#local-main-organization-logo"},"telephone":[],"openingHoursSpecification":[{"@type":"OpeningHoursSpecification","dayOfWeek":["Monday","Tuesday","Wednesday","Thursday","Friday","Saturday","Sunday"],"opens":"09:00","closes":"17:00"}]},{"@type":"ImageObject","inLanguage":"vi","@id":"https:\/\/tranthi.vn\/hue\/xi-mang-kim-dinh-pc-40\/#local-main-organization-logo","url":"https:\/\/tranthi.vn\/hue\/wp-content\/uploads\/2021\/02\/logo-tranthi1.jpg","contentUrl":"https:\/\/tranthi.vn\/hue\/wp-content\/uploads\/2021\/02\/logo-tranthi1.jpg","width":800,"height":319,"caption":"VLXD Tr\u1ea7n Th\u1ecb"}]},"product_price_amount":"1985000","product_price_currency":"VND","og_availability":"instock","product_availability":"instock","product_condition":"new"},"_links":{"self":[{"href":"https:\/\/tranthi.vn\/hue\/wp-json\/wp\/v2\/product\/1548","targetHints":{"allow":["GET"]}}],"collection":[{"href":"https:\/\/tranthi.vn\/hue\/wp-json\/wp\/v2\/product"}],"about":[{"href":"https:\/\/tranthi.vn\/hue\/wp-json\/wp\/v2\/types\/product"}],"replies":[{"embeddable":true,"href":"https:\/\/tranthi.vn\/hue\/wp-json\/wp\/v2\/comments?post=1548"}],"wp:featuredmedia":[{"embeddable":true,"href":"https:\/\/tranthi.vn\/hue\/wp-json\/wp\/v2\/media\/4506"}],"wp:attachment":[{"href":"https:\/\/tranthi.vn\/hue\/wp-json\/wp\/v2\/media?parent=1548"}],"wp:term":[{"taxonomy":"product_cat","embeddable":true,"href":"https:\/\/tranthi.vn\/hue\/wp-json\/wp\/v2\/product_cat?post=1548"},{"taxonomy":"product_tag","embeddable":true,"href":"https:\/\/tranthi.vn\/hue\/wp-json\/wp\/v2\/product_tag?post=1548"}],"curies":[{"name":"wp","href":"https:\/\/api.w.org\/{rel}","templated":true}]}}