{"id":958,"date":"2021-02-16T18:09:15","date_gmt":"2021-02-16T11:09:15","guid":{"rendered":"http:\/\/new-tranthi.test\/san-pham\/gach-kinh-lay-sang-kim-cuong\/"},"modified":"2022-04-14T10:35:18","modified_gmt":"2022-04-14T03:35:18","slug":"gach-kinh-lay-sang-kim-cuong","status":"publish","type":"product","link":"https:\/\/tranthi.vn\/hochiminh\/gach-kinh-lay-sang-kim-cuong\/","title":{"rendered":"G\u1ea1ch K\u00ednh L\u1ea5y S\u00e1ng &#8211; Kim C\u01b0\u01a1ng"},"content":{"rendered":"","protected":false},"excerpt":{"rendered":"<p><span style=\"font-family: 'times new roman', times, serif;\"><img decoding=\"async\" class=\"emoji\" draggable=\"false\" src=\"https:\/\/s.w.org\/images\/core\/emoji\/12.0.0-1\/svg\/1f61b.svg\" alt=\"\ud83d\ude1b\" \/><span style=\"font-size: 130%; color: #000000;\"> Giao h\u00e0ng trong \u0111\u1ecba b\u00e0n Hu\u1ebf<\/span><\/span><\/p>\n<p><span style=\"font-family: 'times new roman', times, serif; font-size: 130%; color: #000000;\"><img decoding=\"async\" class=\"emoji\" draggable=\"false\" src=\"https:\/\/s.w.org\/images\/core\/emoji\/12.0.0-1\/svg\/1f61b.svg\" alt=\"\ud83d\ude1b\" \/> K\u00edch th\u01b0\u1edbc 20&#215;20 cm<\/span><\/p>\n<p><span style=\"font-family: 'times new roman', times, serif; font-size: 130%;\"><img decoding=\"async\" class=\"emoji\" style=\"color: #000000; background-color: #ffffff;\" draggable=\"false\" src=\"https:\/\/s.w.org\/images\/core\/emoji\/12.0.0-1\/svg\/1f61b.svg\" alt=\"\ud83d\ude1b\" \/><span style=\"color: #000000;\"> \u0110\u01a1n gi\u00e1 <\/span><strong style=\"color: #000000;\"><span style=\"color: #ff0000;\">49.000\/vi\u00ean<\/span><\/strong> <\/span><\/p>\n<p><span style=\"color: #000000; font-family: 'times new roman', times, serif; font-size: 130%;\"><img decoding=\"async\" class=\"emoji\" style=\"color: #000000; background-color: #ffffff;\" draggable=\"false\" src=\"https:\/\/s.w.org\/images\/core\/emoji\/12.0.0-1\/svg\/1f61b.svg\" alt=\"\ud83d\ude1b\" \/> S\u1ed1 l\u01b0\u1ee3ng d\u01b0\u1edbi 50 vi\u00ean s\u1ebd t\u00ednh ph\u00ed v\u1eadn chuy\u1ec3n ho\u1eb7c \u0111\u1eb7t h\u00e0ng tr\u01b0\u1edbc 1 ng\u00e0y<\/span><\/p>\n<p><span style=\"font-family: 'times new roman', times, serif; font-size: 130%;\"><img decoding=\"async\" class=\"emoji\" style=\"color: #000000; background-color: #ffffff;\" draggable=\"false\" src=\"https:\/\/s.w.org\/images\/core\/emoji\/12.0.0-1\/svg\/1f61b.svg\" alt=\"\ud83d\ude1b\" \/> <span style=\"color: #282828;\">Mi\u1ec5n ph\u00ed \u0111\u01a1n h\u00e0ng t\u1eeb 50 vi\u00ean tr\u1edf l\u00ean v\u00e0 trong Tp Hu\u1ebf . Ngo\u00e0i ra Tr\u1ea7n Th\u1ecb C\u00f2n giao h\u00e0ng c\u00e1c huy\u1ec7n l\u00e2n c\u1eadn ph\u00ed ship \u0111\u01b0\u1ee3c t\u00ednh t\u00f9y thu\u1ed9c v\u00e0o g\u1ea7n xa<\/span><\/span><\/p>\n","protected":false},"featured_media":4540,"comment_status":"open","ping_status":"closed","template":"","meta":[],"product_cat":[211,212],"product_tag":[682],"class_list":{"0":"post-958","1":"product","2":"type-product","3":"status-publish","4":"has-post-thumbnail","6":"product_cat-da-gach-trang-tri","7":"product_cat-gach-trang-tri-da-gach-trang-tri","8":"product_tag-gia-gach-kinh-lay-sang-kim-cuong-hue","10":"first","11":"instock","12":"sale","13":"shipping-taxable","14":"purchasable","15":"product-type-simple"},"yoast_head":"<!-- This site is optimized with the Yoast SEO Premium plugin v22.3 (Yoast SEO v22.4) - https:\/\/yoast.com\/wordpress\/plugins\/seo\/ -->\n<title>G\u1ea1ch K\u00ednh L\u1ea5y S\u00e1ng - Kim C\u01b0\u01a1ng - V\u1eadt Li\u1ec7u X\u00e2y D\u1ef1ng Tr\u1ea7n Th\u1ecb Chi Nh\u00e1nh H\u1ed3 Ch\u00ed Minh<\/title>\n<meta name=\"robots\" content=\"index, follow, max-snippet:-1, max-image-preview:large, max-video-preview:-1\" \/>\n<link rel=\"canonical\" href=\"https:\/\/tranthi.vn\/hochiminh\/gach-kinh-lay-sang-kim-cuong\/\" \/>\n<meta property=\"og:locale\" content=\"vi_VN\" \/>\n<meta property=\"og:type\" content=\"article\" \/>\n<meta property=\"og:title\" content=\"G\u1ea1ch K\u00ednh L\u1ea5y S\u00e1ng - Kim C\u01b0\u01a1ng\" \/>\n<meta property=\"og:description\" content=\"Giao h\u00e0ng trong \u0111\u1ecba b\u00e0n Hu\u1ebf   K\u00edch th\u01b0\u1edbc 20x20 cm   \u0110\u01a1n gi\u00e1 49.000\/vi\u00ean   S\u1ed1 l\u01b0\u1ee3ng d\u01b0\u1edbi 50 vi\u00ean s\u1ebd t\u00ednh ph\u00ed v\u1eadn chuy\u1ec3n ho\u1eb7c \u0111\u1eb7t h\u00e0ng tr\u01b0\u1edbc 1 ng\u00e0y   Mi\u1ec5n ph\u00ed \u0111\u01a1n h\u00e0ng t\u1eeb 50 vi\u00ean tr\u1edf l\u00ean v\u00e0 trong Tp Hu\u1ebf . Ngo\u00e0i ra Tr\u1ea7n Th\u1ecb C\u00f2n giao h\u00e0ng c\u00e1c huy\u1ec7n l\u00e2n c\u1eadn ph\u00ed ship \u0111\u01b0\u1ee3c t\u00ednh t\u00f9y thu\u1ed9c v\u00e0o g\u1ea7n xa\" \/>\n<meta property=\"og:url\" content=\"https:\/\/tranthi.vn\/hochiminh\/gach-kinh-lay-sang-kim-cuong\/\" \/>\n<meta property=\"og:site_name\" content=\"V\u1eadt Li\u1ec7u X\u00e2y D\u1ef1ng Tr\u1ea7n Th\u1ecb Chi Nh\u00e1nh H\u1ed3 Ch\u00ed Minh\" \/>\n<meta property=\"article:modified_time\" content=\"2022-04-14T03:35:18+00:00\" \/>\n<meta property=\"og:image\" content=\"https:\/\/tranthi.vn\/hochiminh\/wp-content\/uploads\/2021\/02\/Gia-gach-kinh-lay-sang-kim-cuong-hue.jpg\" \/>\n\t<meta property=\"og:image:width\" content=\"400\" \/>\n\t<meta property=\"og:image:height\" content=\"400\" \/>\n\t<meta property=\"og:image:type\" content=\"image\/jpeg\" \/>\n<meta name=\"twitter:card\" content=\"summary_large_image\" \/>\n<meta name=\"twitter:label1\" content=\"Gi\u00e1\" \/>\n\t<meta name=\"twitter:data1\" content=\"49,000&nbsp;&#8363;\" \/>\n\t<meta name=\"twitter:label2\" content=\"Kh\u1ea3 d\u1ee5ng\" \/>\n\t<meta name=\"twitter:data2\" content=\"Trong kho\" \/>\n<script type=\"application\/ld+json\" class=\"yoast-schema-graph\">{\"@context\":\"https:\/\/schema.org\",\"@graph\":[{\"@type\":[\"WebPage\",\"ItemPage\"],\"@id\":\"https:\/\/tranthi.vn\/hochiminh\/gach-kinh-lay-sang-kim-cuong\/\",\"url\":\"https:\/\/tranthi.vn\/hochiminh\/gach-kinh-lay-sang-kim-cuong\/\",\"name\":\"G\u1ea1ch K\u00ednh L\u1ea5y S\u00e1ng - Kim C\u01b0\u01a1ng - V\u1eadt Li\u1ec7u X\u00e2y D\u1ef1ng Tr\u1ea7n Th\u1ecb Chi Nh\u00e1nh H\u1ed3 Ch\u00ed Minh\",\"isPartOf\":{\"@id\":\"https:\/\/tranthi.vn\/hochiminh\/#website\"},\"primaryImageOfPage\":{\"@id\":\"https:\/\/tranthi.vn\/hochiminh\/gach-kinh-lay-sang-kim-cuong\/#primaryimage\"},\"image\":{\"@id\":\"https:\/\/tranthi.vn\/hochiminh\/gach-kinh-lay-sang-kim-cuong\/#primaryimage\"},\"thumbnailUrl\":\"https:\/\/tranthi.vn\/hochiminh\/wp-content\/uploads\/2021\/02\/Gia-gach-kinh-lay-sang-kim-cuong-hue.jpg\",\"datePublished\":\"2021-02-16T11:09:15+00:00\",\"dateModified\":\"2022-04-14T03:35:18+00:00\",\"breadcrumb\":{\"@id\":\"https:\/\/tranthi.vn\/hochiminh\/gach-kinh-lay-sang-kim-cuong\/#breadcrumb\"},\"inLanguage\":\"vi\",\"potentialAction\":[{\"@type\":\"ReadAction\",\"target\":[\"https:\/\/tranthi.vn\/hochiminh\/gach-kinh-lay-sang-kim-cuong\/\"]}]},{\"@type\":\"ImageObject\",\"inLanguage\":\"vi\",\"@id\":\"https:\/\/tranthi.vn\/hochiminh\/gach-kinh-lay-sang-kim-cuong\/#primaryimage\",\"url\":\"https:\/\/tranthi.vn\/hochiminh\/wp-content\/uploads\/2021\/02\/Gia-gach-kinh-lay-sang-kim-cuong-hue.jpg\",\"contentUrl\":\"https:\/\/tranthi.vn\/hochiminh\/wp-content\/uploads\/2021\/02\/Gia-gach-kinh-lay-sang-kim-cuong-hue.jpg\",\"width\":400,\"height\":400,\"caption\":\"Gi\u00e1 g\u1ea1ch k\u00ednh l\u1ea5y s\u00e1ng kim c\u01b0\u01a1ng hu\u1ebf\"},{\"@type\":\"BreadcrumbList\",\"@id\":\"https:\/\/tranthi.vn\/hochiminh\/gach-kinh-lay-sang-kim-cuong\/#breadcrumb\",\"itemListElement\":[{\"@type\":\"ListItem\",\"position\":1,\"name\":\"Trang ch\u1ee7\",\"item\":\"https:\/\/tranthi.vn\/hochiminh\/\"},{\"@type\":\"ListItem\",\"position\":2,\"name\":\"Shop\",\"item\":\"https:\/\/tranthi.vn\/hochiminh\/shop\/\"},{\"@type\":\"ListItem\",\"position\":3,\"name\":\"G\u1ea1ch K\u00ednh L\u1ea5y S\u00e1ng &#8211; Kim C\u01b0\u01a1ng\"}]},{\"@type\":\"WebSite\",\"@id\":\"https:\/\/tranthi.vn\/hochiminh\/#website\",\"url\":\"https:\/\/tranthi.vn\/hochiminh\/\",\"name\":\"V\u1eadt Li\u1ec7u X\u00e2y D\u1ef1ng Tr\u1ea7n Th\u1ecb Chi Nh\u00e1nh H\u1ed3 Ch\u00ed Minh\",\"description\":\"V\u1eadt Li\u1ec7u X\u00e2y D\u1ef1ng - H\u1ed3 Ch\u00ed Minh\",\"potentialAction\":[{\"@type\":\"SearchAction\",\"target\":{\"@type\":\"EntryPoint\",\"urlTemplate\":\"https:\/\/tranthi.vn\/hochiminh\/?s={search_term_string}\"},\"query-input\":\"required name=search_term_string\"}],\"inLanguage\":\"vi\"},{\"@type\":\"ImageObject\",\"inLanguage\":\"vi\",\"@id\":\"https:\/\/tranthi.vn\/hochiminh\/gach-kinh-lay-sang-kim-cuong\/#local-main-organization-logo\",\"url\":\"\",\"contentUrl\":\"\",\"caption\":\"V\u1eadt Li\u1ec7u X\u00e2y D\u1ef1ng Tr\u1ea7n Th\u1ecb Chi Nh\u00e1nh H\u1ed3 Ch\u00ed Minh\"}]}<\/script>\n<meta property=\"product:price:amount\" content=\"49000\" \/>\n<meta property=\"product:price:currency\" content=\"VND\" \/>\n<meta property=\"og:availability\" content=\"instock\" \/>\n<meta property=\"product:availability\" content=\"instock\" \/>\n<meta property=\"product:condition\" content=\"new\" \/>\n<!-- \/ Yoast SEO Premium plugin. -->","yoast_head_json":{"title":"G\u1ea1ch K\u00ednh L\u1ea5y S\u00e1ng - Kim C\u01b0\u01a1ng - V\u1eadt Li\u1ec7u X\u00e2y D\u1ef1ng Tr\u1ea7n Th\u1ecb Chi Nh\u00e1nh H\u1ed3 Ch\u00ed Minh","robots":{"index":"index","follow":"follow","max-snippet":"max-snippet:-1","max-image-preview":"max-image-preview:large","max-video-preview":"max-video-preview:-1"},"canonical":"https:\/\/tranthi.vn\/hochiminh\/gach-kinh-lay-sang-kim-cuong\/","og_locale":"vi_VN","og_type":"article","og_title":"G\u1ea1ch K\u00ednh L\u1ea5y S\u00e1ng - Kim C\u01b0\u01a1ng","og_description":"Giao h\u00e0ng trong \u0111\u1ecba b\u00e0n Hu\u1ebf   K\u00edch th\u01b0\u1edbc 20x20 cm   \u0110\u01a1n gi\u00e1 49.000\/vi\u00ean   S\u1ed1 l\u01b0\u1ee3ng d\u01b0\u1edbi 50 vi\u00ean s\u1ebd t\u00ednh ph\u00ed v\u1eadn chuy\u1ec3n ho\u1eb7c \u0111\u1eb7t h\u00e0ng tr\u01b0\u1edbc 1 ng\u00e0y   Mi\u1ec5n ph\u00ed \u0111\u01a1n h\u00e0ng t\u1eeb 50 vi\u00ean tr\u1edf l\u00ean v\u00e0 trong Tp Hu\u1ebf . Ngo\u00e0i ra Tr\u1ea7n Th\u1ecb C\u00f2n giao h\u00e0ng c\u00e1c huy\u1ec7n l\u00e2n c\u1eadn ph\u00ed ship \u0111\u01b0\u1ee3c t\u00ednh t\u00f9y thu\u1ed9c v\u00e0o g\u1ea7n xa","og_url":"https:\/\/tranthi.vn\/hochiminh\/gach-kinh-lay-sang-kim-cuong\/","og_site_name":"V\u1eadt Li\u1ec7u X\u00e2y D\u1ef1ng Tr\u1ea7n Th\u1ecb Chi Nh\u00e1nh H\u1ed3 Ch\u00ed Minh","article_modified_time":"2022-04-14T03:35:18+00:00","og_image":[{"width":400,"height":400,"url":"https:\/\/tranthi.vn\/hochiminh\/wp-content\/uploads\/2021\/02\/Gia-gach-kinh-lay-sang-kim-cuong-hue.jpg","type":"image\/jpeg"}],"twitter_card":"summary_large_image","twitter_misc":{"Gi\u00e1":"49,000&nbsp;&#8363;","Kh\u1ea3 d\u1ee5ng":"Trong kho"},"schema":{"@context":"https:\/\/schema.org","@graph":[{"@type":["WebPage","ItemPage"],"@id":"https:\/\/tranthi.vn\/hochiminh\/gach-kinh-lay-sang-kim-cuong\/","url":"https:\/\/tranthi.vn\/hochiminh\/gach-kinh-lay-sang-kim-cuong\/","name":"G\u1ea1ch K\u00ednh L\u1ea5y S\u00e1ng - Kim C\u01b0\u01a1ng - V\u1eadt Li\u1ec7u X\u00e2y D\u1ef1ng Tr\u1ea7n Th\u1ecb Chi Nh\u00e1nh H\u1ed3 Ch\u00ed Minh","isPartOf":{"@id":"https:\/\/tranthi.vn\/hochiminh\/#website"},"primaryImageOfPage":{"@id":"https:\/\/tranthi.vn\/hochiminh\/gach-kinh-lay-sang-kim-cuong\/#primaryimage"},"image":{"@id":"https:\/\/tranthi.vn\/hochiminh\/gach-kinh-lay-sang-kim-cuong\/#primaryimage"},"thumbnailUrl":"https:\/\/tranthi.vn\/hochiminh\/wp-content\/uploads\/2021\/02\/Gia-gach-kinh-lay-sang-kim-cuong-hue.jpg","datePublished":"2021-02-16T11:09:15+00:00","dateModified":"2022-04-14T03:35:18+00:00","breadcrumb":{"@id":"https:\/\/tranthi.vn\/hochiminh\/gach-kinh-lay-sang-kim-cuong\/#breadcrumb"},"inLanguage":"vi","potentialAction":[{"@type":"ReadAction","target":["https:\/\/tranthi.vn\/hochiminh\/gach-kinh-lay-sang-kim-cuong\/"]}]},{"@type":"ImageObject","inLanguage":"vi","@id":"https:\/\/tranthi.vn\/hochiminh\/gach-kinh-lay-sang-kim-cuong\/#primaryimage","url":"https:\/\/tranthi.vn\/hochiminh\/wp-content\/uploads\/2021\/02\/Gia-gach-kinh-lay-sang-kim-cuong-hue.jpg","contentUrl":"https:\/\/tranthi.vn\/hochiminh\/wp-content\/uploads\/2021\/02\/Gia-gach-kinh-lay-sang-kim-cuong-hue.jpg","width":400,"height":400,"caption":"Gi\u00e1 g\u1ea1ch k\u00ednh l\u1ea5y s\u00e1ng kim c\u01b0\u01a1ng hu\u1ebf"},{"@type":"BreadcrumbList","@id":"https:\/\/tranthi.vn\/hochiminh\/gach-kinh-lay-sang-kim-cuong\/#breadcrumb","itemListElement":[{"@type":"ListItem","position":1,"name":"Trang ch\u1ee7","item":"https:\/\/tranthi.vn\/hochiminh\/"},{"@type":"ListItem","position":2,"name":"Shop","item":"https:\/\/tranthi.vn\/hochiminh\/shop\/"},{"@type":"ListItem","position":3,"name":"G\u1ea1ch K\u00ednh L\u1ea5y S\u00e1ng &#8211; Kim C\u01b0\u01a1ng"}]},{"@type":"WebSite","@id":"https:\/\/tranthi.vn\/hochiminh\/#website","url":"https:\/\/tranthi.vn\/hochiminh\/","name":"V\u1eadt Li\u1ec7u X\u00e2y D\u1ef1ng Tr\u1ea7n Th\u1ecb Chi Nh\u00e1nh H\u1ed3 Ch\u00ed Minh","description":"V\u1eadt Li\u1ec7u X\u00e2y D\u1ef1ng - H\u1ed3 Ch\u00ed Minh","potentialAction":[{"@type":"SearchAction","target":{"@type":"EntryPoint","urlTemplate":"https:\/\/tranthi.vn\/hochiminh\/?s={search_term_string}"},"query-input":"required name=search_term_string"}],"inLanguage":"vi"},{"@type":"ImageObject","inLanguage":"vi","@id":"https:\/\/tranthi.vn\/hochiminh\/gach-kinh-lay-sang-kim-cuong\/#local-main-organization-logo","url":"","contentUrl":"","caption":"V\u1eadt Li\u1ec7u X\u00e2y D\u1ef1ng Tr\u1ea7n Th\u1ecb Chi Nh\u00e1nh H\u1ed3 Ch\u00ed Minh"}]},"product_price_amount":"49000","product_price_currency":"VND","og_availability":"instock","product_availability":"instock","product_condition":"new"},"_links":{"self":[{"href":"https:\/\/tranthi.vn\/hochiminh\/wp-json\/wp\/v2\/product\/958","targetHints":{"allow":["GET"]}}],"collection":[{"href":"https:\/\/tranthi.vn\/hochiminh\/wp-json\/wp\/v2\/product"}],"about":[{"href":"https:\/\/tranthi.vn\/hochiminh\/wp-json\/wp\/v2\/types\/product"}],"replies":[{"embeddable":true,"href":"https:\/\/tranthi.vn\/hochiminh\/wp-json\/wp\/v2\/comments?post=958"}],"wp:featuredmedia":[{"embeddable":true,"href":"https:\/\/tranthi.vn\/hochiminh\/wp-json\/wp\/v2\/media\/4540"}],"wp:attachment":[{"href":"https:\/\/tranthi.vn\/hochiminh\/wp-json\/wp\/v2\/media?parent=958"}],"wp:term":[{"taxonomy":"product_cat","embeddable":true,"href":"https:\/\/tranthi.vn\/hochiminh\/wp-json\/wp\/v2\/product_cat?post=958"},{"taxonomy":"product_tag","embeddable":true,"href":"https:\/\/tranthi.vn\/hochiminh\/wp-json\/wp\/v2\/product_tag?post=958"}],"curies":[{"name":"wp","href":"https:\/\/api.w.org\/{rel}","templated":true}]}}