{"id":954,"date":"2021-02-16T18:09:13","date_gmt":"2021-02-16T11:09:13","guid":{"rendered":"http:\/\/new-tranthi.test\/san-pham\/gach-lat-via-he-re-quat-mau-vang-gia-100-000-m\/"},"modified":"2022-04-15T15:56:40","modified_gmt":"2022-04-15T08:56:40","slug":"gach-lat-via-he-re-quat-mau-vang-gia-100-000-m","status":"publish","type":"product","link":"https:\/\/tranthi.vn\/hochiminh\/gach-lat-via-he-re-quat-mau-vang-gia-100-000-m\/","title":{"rendered":"G\u1ea1ch R\u1ebd Qu\u1ea1t M\u00e0u V\u00e0ng 30&#215;30"},"content":{"rendered":"","protected":false},"excerpt":{"rendered":"<p><span style=\"font-family: 'times new roman', times, serif;\"><span class=\"pq6dq46d tbxw36s4 knj5qynh kvgmc6g5 ditlmg2l oygrvhab nvdbi5me sf5mxxl7 gl3lb2sf hhz5lgdu\"><img loading=\"lazy\" decoding=\"async\" class=\"\" src=\"https:\/\/static.xx.fbcdn.net\/images\/emoji.php\/v9\/tb\/1\/16\/1f388.png\" alt=\"\ud83c\udf88\" width=\"21\" height=\"21\" \/><span style=\"font-size: 130%;\">\u00a0<\/span><\/span><span style=\"font-size: 130%;\">\u0110\u01a1n v\u1ecb t\u00ednh : m\u00e9t<\/span><\/span><\/p>\n<p><span style=\"font-family: 'times new roman', times, serif; font-size: 130%;\"><span class=\"pq6dq46d tbxw36s4 knj5qynh kvgmc6g5 ditlmg2l oygrvhab nvdbi5me sf5mxxl7 gl3lb2sf hhz5lgdu\"><img loading=\"lazy\" decoding=\"async\" class=\"\" src=\"https:\/\/static.xx.fbcdn.net\/images\/emoji.php\/v9\/tb\/1\/16\/1f388.png\" alt=\"\ud83c\udf88\" width=\"21\" height=\"21\" \/>\u00a0<\/span>\u0110\u01a1n gi\u00e1 \u21d2<span style=\"color: #008000;\">\u00a0<strong>110. 000\u0111\/m2<\/strong><\/span><\/span><\/p>\n<p><span style=\"font-family: 'times new roman', times, serif; font-size: 130%;\"><span class=\"pq6dq46d tbxw36s4 knj5qynh kvgmc6g5 ditlmg2l oygrvhab nvdbi5me sf5mxxl7 gl3lb2sf hhz5lgdu\"><img loading=\"lazy\" decoding=\"async\" class=\"\" src=\"https:\/\/static.xx.fbcdn.net\/images\/emoji.php\/v9\/tb\/1\/16\/1f388.png\" alt=\"\ud83c\udf88\" width=\"21\" height=\"21\" \/>\u00a0<\/span>K\u00edch th\u01b0\u1edbc : 30 x 30 cm<\/span><\/p>\n<p><span style=\"font-family: 'times new roman', times, serif; font-size: 130%;\"><span class=\"pq6dq46d tbxw36s4 knj5qynh kvgmc6g5 ditlmg2l oygrvhab nvdbi5me sf5mxxl7 gl3lb2sf hhz5lgdu\"><img loading=\"lazy\" decoding=\"async\" class=\"\" src=\"https:\/\/static.xx.fbcdn.net\/images\/emoji.php\/v9\/tb\/1\/16\/1f388.png\" alt=\"\ud83c\udf88\" width=\"21\" height=\"21\" \/>\u00a0<\/span>Mi\u1ec5n ph\u00ed v\u1eadn chuy\u1ec3n\u00a0 \u0111\u01a1n h\u00e0ng t\u1eeb 40 m2 tr\u1edf l\u00ean v\u00e0 trong Tp Hu\u1ebf ngo\u00e0i ra Tr\u1ea7n Th\u1ecb ship c\u00e1c huy\u1ec7n l\u00e2n c\u1eadn ph\u00ed ship \u0111\u01b0\u1ee3c t\u00ednh t\u00f9y thu\u1ed9c v\u00e0o v\u1ecb tr\u00ed g\u1ea7n hay xa<\/span><\/p>\n","protected":false},"featured_media":4597,"comment_status":"open","ping_status":"closed","template":"","meta":[],"product_cat":[95,96],"product_tag":[727],"class_list":{"0":"post-954","1":"product","2":"type-product","3":"status-publish","4":"has-post-thumbnail","6":"product_cat-gach-lat-via-he","7":"product_cat-gach-men","8":"product_tag-mau-gach-lat-via-he-mau-vang-tai-hue","10":"first","11":"instock","12":"sale","13":"shipping-taxable","14":"purchasable","15":"product-type-simple"},"yoast_head":"<!-- This site is optimized with the Yoast SEO Premium plugin v22.3 (Yoast SEO v22.4) - https:\/\/yoast.com\/wordpress\/plugins\/seo\/ -->\n<title>G\u1ea1ch R\u1ebd Qu\u1ea1t M\u00e0u V\u00e0ng 30x30 - V\u1eadt Li\u1ec7u X\u00e2y D\u1ef1ng Tr\u1ea7n Th\u1ecb Chi Nh\u00e1nh H\u1ed3 Ch\u00ed Minh<\/title>\n<meta name=\"robots\" content=\"index, follow, max-snippet:-1, max-image-preview:large, max-video-preview:-1\" \/>\n<link rel=\"canonical\" href=\"https:\/\/tranthi.vn\/hochiminh\/gach-lat-via-he-re-quat-mau-vang-gia-100-000-m\/\" \/>\n<meta property=\"og:locale\" content=\"vi_VN\" \/>\n<meta property=\"og:type\" content=\"article\" \/>\n<meta property=\"og:title\" content=\"G\u1ea1ch R\u1ebd Qu\u1ea1t M\u00e0u V\u00e0ng 30x30\" \/>\n<meta property=\"og:description\" content=\"\u00a0\u0110\u01a1n v\u1ecb t\u00ednh : m\u00e9t  \u00a0\u0110\u01a1n gi\u00e1 \u21d2\u00a0110. 000\u0111\/m2  \u00a0K\u00edch th\u01b0\u1edbc : 30 x 30 cm  \u00a0Mi\u1ec5n ph\u00ed v\u1eadn chuy\u1ec3n\u00a0 \u0111\u01a1n h\u00e0ng t\u1eeb 40 m2 tr\u1edf l\u00ean v\u00e0 trong Tp Hu\u1ebf ngo\u00e0i ra Tr\u1ea7n Th\u1ecb ship c\u00e1c huy\u1ec7n l\u00e2n c\u1eadn ph\u00ed ship \u0111\u01b0\u1ee3c t\u00ednh t\u00f9y thu\u1ed9c v\u00e0o v\u1ecb tr\u00ed g\u1ea7n hay xa\" \/>\n<meta property=\"og:url\" content=\"https:\/\/tranthi.vn\/hochiminh\/gach-lat-via-he-re-quat-mau-vang-gia-100-000-m\/\" \/>\n<meta property=\"og:site_name\" content=\"V\u1eadt Li\u1ec7u X\u00e2y D\u1ef1ng Tr\u1ea7n Th\u1ecb Chi Nh\u00e1nh H\u1ed3 Ch\u00ed Minh\" \/>\n<meta property=\"article:modified_time\" content=\"2022-04-15T08:56:40+00:00\" \/>\n<meta property=\"og:image\" content=\"https:\/\/tranthi.vn\/hochiminh\/wp-content\/uploads\/2021\/02\/mau-gach-lat-via-he-mau-vang-tai-Hue.jpg\" \/>\n\t<meta property=\"og:image:width\" content=\"250\" \/>\n\t<meta property=\"og:image:height\" content=\"250\" \/>\n\t<meta property=\"og:image:type\" content=\"image\/jpeg\" \/>\n<meta name=\"twitter:card\" content=\"summary_large_image\" \/>\n<meta name=\"twitter:label1\" content=\"Gi\u00e1\" \/>\n\t<meta name=\"twitter:data1\" content=\"110,000&nbsp;&#8363;\" \/>\n\t<meta name=\"twitter:label2\" content=\"Kh\u1ea3 d\u1ee5ng\" \/>\n\t<meta name=\"twitter:data2\" content=\"Trong kho\" \/>\n<script type=\"application\/ld+json\" class=\"yoast-schema-graph\">{\"@context\":\"https:\/\/schema.org\",\"@graph\":[{\"@type\":[\"WebPage\",\"ItemPage\"],\"@id\":\"https:\/\/tranthi.vn\/hochiminh\/gach-lat-via-he-re-quat-mau-vang-gia-100-000-m\/\",\"url\":\"https:\/\/tranthi.vn\/hochiminh\/gach-lat-via-he-re-quat-mau-vang-gia-100-000-m\/\",\"name\":\"G\u1ea1ch R\u1ebd Qu\u1ea1t M\u00e0u V\u00e0ng 30x30 - V\u1eadt Li\u1ec7u X\u00e2y D\u1ef1ng Tr\u1ea7n Th\u1ecb Chi Nh\u00e1nh H\u1ed3 Ch\u00ed Minh\",\"isPartOf\":{\"@id\":\"https:\/\/tranthi.vn\/hochiminh\/#website\"},\"primaryImageOfPage\":{\"@id\":\"https:\/\/tranthi.vn\/hochiminh\/gach-lat-via-he-re-quat-mau-vang-gia-100-000-m\/#primaryimage\"},\"image\":{\"@id\":\"https:\/\/tranthi.vn\/hochiminh\/gach-lat-via-he-re-quat-mau-vang-gia-100-000-m\/#primaryimage\"},\"thumbnailUrl\":\"https:\/\/tranthi.vn\/hochiminh\/wp-content\/uploads\/2021\/02\/mau-gach-lat-via-he-mau-vang-tai-Hue.jpg\",\"datePublished\":\"2021-02-16T11:09:13+00:00\",\"dateModified\":\"2022-04-15T08:56:40+00:00\",\"breadcrumb\":{\"@id\":\"https:\/\/tranthi.vn\/hochiminh\/gach-lat-via-he-re-quat-mau-vang-gia-100-000-m\/#breadcrumb\"},\"inLanguage\":\"vi\",\"potentialAction\":[{\"@type\":\"ReadAction\",\"target\":[\"https:\/\/tranthi.vn\/hochiminh\/gach-lat-via-he-re-quat-mau-vang-gia-100-000-m\/\"]}]},{\"@type\":\"ImageObject\",\"inLanguage\":\"vi\",\"@id\":\"https:\/\/tranthi.vn\/hochiminh\/gach-lat-via-he-re-quat-mau-vang-gia-100-000-m\/#primaryimage\",\"url\":\"https:\/\/tranthi.vn\/hochiminh\/wp-content\/uploads\/2021\/02\/mau-gach-lat-via-he-mau-vang-tai-Hue.jpg\",\"contentUrl\":\"https:\/\/tranthi.vn\/hochiminh\/wp-content\/uploads\/2021\/02\/mau-gach-lat-via-he-mau-vang-tai-Hue.jpg\",\"width\":250,\"height\":250,\"caption\":\"m\u1eabu g\u1ea1ch l\u00e1t v\u1ec9a h\u00e8 m\u00e0u v\u00e0ng t\u1ea1i Hu\u1ebf\"},{\"@type\":\"BreadcrumbList\",\"@id\":\"https:\/\/tranthi.vn\/hochiminh\/gach-lat-via-he-re-quat-mau-vang-gia-100-000-m\/#breadcrumb\",\"itemListElement\":[{\"@type\":\"ListItem\",\"position\":1,\"name\":\"Trang ch\u1ee7\",\"item\":\"https:\/\/tranthi.vn\/hochiminh\/\"},{\"@type\":\"ListItem\",\"position\":2,\"name\":\"Shop\",\"item\":\"https:\/\/tranthi.vn\/hochiminh\/shop\/\"},{\"@type\":\"ListItem\",\"position\":3,\"name\":\"G\u1ea1ch R\u1ebd Qu\u1ea1t M\u00e0u V\u00e0ng 30&#215;30\"}]},{\"@type\":\"WebSite\",\"@id\":\"https:\/\/tranthi.vn\/hochiminh\/#website\",\"url\":\"https:\/\/tranthi.vn\/hochiminh\/\",\"name\":\"V\u1eadt Li\u1ec7u X\u00e2y D\u1ef1ng Tr\u1ea7n Th\u1ecb Chi Nh\u00e1nh H\u1ed3 Ch\u00ed Minh\",\"description\":\"V\u1eadt Li\u1ec7u X\u00e2y D\u1ef1ng - H\u1ed3 Ch\u00ed Minh\",\"potentialAction\":[{\"@type\":\"SearchAction\",\"target\":{\"@type\":\"EntryPoint\",\"urlTemplate\":\"https:\/\/tranthi.vn\/hochiminh\/?s={search_term_string}\"},\"query-input\":\"required name=search_term_string\"}],\"inLanguage\":\"vi\"},{\"@type\":\"ImageObject\",\"inLanguage\":\"vi\",\"@id\":\"https:\/\/tranthi.vn\/hochiminh\/gach-lat-via-he-re-quat-mau-vang-gia-100-000-m\/#local-main-organization-logo\",\"url\":\"\",\"contentUrl\":\"\",\"caption\":\"V\u1eadt Li\u1ec7u X\u00e2y D\u1ef1ng Tr\u1ea7n Th\u1ecb Chi Nh\u00e1nh H\u1ed3 Ch\u00ed Minh\"}]}<\/script>\n<meta property=\"product:price:amount\" content=\"110000\" \/>\n<meta property=\"product:price:currency\" content=\"VND\" \/>\n<meta property=\"og:availability\" content=\"instock\" \/>\n<meta property=\"product:availability\" content=\"instock\" \/>\n<meta property=\"product:condition\" content=\"new\" \/>\n<!-- \/ Yoast SEO Premium plugin. -->","yoast_head_json":{"title":"G\u1ea1ch R\u1ebd Qu\u1ea1t M\u00e0u V\u00e0ng 30x30 - V\u1eadt Li\u1ec7u X\u00e2y D\u1ef1ng Tr\u1ea7n Th\u1ecb Chi Nh\u00e1nh H\u1ed3 Ch\u00ed Minh","robots":{"index":"index","follow":"follow","max-snippet":"max-snippet:-1","max-image-preview":"max-image-preview:large","max-video-preview":"max-video-preview:-1"},"canonical":"https:\/\/tranthi.vn\/hochiminh\/gach-lat-via-he-re-quat-mau-vang-gia-100-000-m\/","og_locale":"vi_VN","og_type":"article","og_title":"G\u1ea1ch R\u1ebd Qu\u1ea1t M\u00e0u V\u00e0ng 30x30","og_description":"\u00a0\u0110\u01a1n v\u1ecb t\u00ednh : m\u00e9t  \u00a0\u0110\u01a1n gi\u00e1 \u21d2\u00a0110. 000\u0111\/m2  \u00a0K\u00edch th\u01b0\u1edbc : 30 x 30 cm  \u00a0Mi\u1ec5n ph\u00ed v\u1eadn chuy\u1ec3n\u00a0 \u0111\u01a1n h\u00e0ng t\u1eeb 40 m2 tr\u1edf l\u00ean v\u00e0 trong Tp Hu\u1ebf ngo\u00e0i ra Tr\u1ea7n Th\u1ecb ship c\u00e1c huy\u1ec7n l\u00e2n c\u1eadn ph\u00ed ship \u0111\u01b0\u1ee3c t\u00ednh t\u00f9y thu\u1ed9c v\u00e0o v\u1ecb tr\u00ed g\u1ea7n hay xa","og_url":"https:\/\/tranthi.vn\/hochiminh\/gach-lat-via-he-re-quat-mau-vang-gia-100-000-m\/","og_site_name":"V\u1eadt Li\u1ec7u X\u00e2y D\u1ef1ng Tr\u1ea7n Th\u1ecb Chi Nh\u00e1nh H\u1ed3 Ch\u00ed Minh","article_modified_time":"2022-04-15T08:56:40+00:00","og_image":[{"width":250,"height":250,"url":"https:\/\/tranthi.vn\/hochiminh\/wp-content\/uploads\/2021\/02\/mau-gach-lat-via-he-mau-vang-tai-Hue.jpg","type":"image\/jpeg"}],"twitter_card":"summary_large_image","twitter_misc":{"Gi\u00e1":"110,000&nbsp;&#8363;","Kh\u1ea3 d\u1ee5ng":"Trong kho"},"schema":{"@context":"https:\/\/schema.org","@graph":[{"@type":["WebPage","ItemPage"],"@id":"https:\/\/tranthi.vn\/hochiminh\/gach-lat-via-he-re-quat-mau-vang-gia-100-000-m\/","url":"https:\/\/tranthi.vn\/hochiminh\/gach-lat-via-he-re-quat-mau-vang-gia-100-000-m\/","name":"G\u1ea1ch R\u1ebd Qu\u1ea1t M\u00e0u V\u00e0ng 30x30 - V\u1eadt Li\u1ec7u X\u00e2y D\u1ef1ng Tr\u1ea7n Th\u1ecb Chi Nh\u00e1nh H\u1ed3 Ch\u00ed Minh","isPartOf":{"@id":"https:\/\/tranthi.vn\/hochiminh\/#website"},"primaryImageOfPage":{"@id":"https:\/\/tranthi.vn\/hochiminh\/gach-lat-via-he-re-quat-mau-vang-gia-100-000-m\/#primaryimage"},"image":{"@id":"https:\/\/tranthi.vn\/hochiminh\/gach-lat-via-he-re-quat-mau-vang-gia-100-000-m\/#primaryimage"},"thumbnailUrl":"https:\/\/tranthi.vn\/hochiminh\/wp-content\/uploads\/2021\/02\/mau-gach-lat-via-he-mau-vang-tai-Hue.jpg","datePublished":"2021-02-16T11:09:13+00:00","dateModified":"2022-04-15T08:56:40+00:00","breadcrumb":{"@id":"https:\/\/tranthi.vn\/hochiminh\/gach-lat-via-he-re-quat-mau-vang-gia-100-000-m\/#breadcrumb"},"inLanguage":"vi","potentialAction":[{"@type":"ReadAction","target":["https:\/\/tranthi.vn\/hochiminh\/gach-lat-via-he-re-quat-mau-vang-gia-100-000-m\/"]}]},{"@type":"ImageObject","inLanguage":"vi","@id":"https:\/\/tranthi.vn\/hochiminh\/gach-lat-via-he-re-quat-mau-vang-gia-100-000-m\/#primaryimage","url":"https:\/\/tranthi.vn\/hochiminh\/wp-content\/uploads\/2021\/02\/mau-gach-lat-via-he-mau-vang-tai-Hue.jpg","contentUrl":"https:\/\/tranthi.vn\/hochiminh\/wp-content\/uploads\/2021\/02\/mau-gach-lat-via-he-mau-vang-tai-Hue.jpg","width":250,"height":250,"caption":"m\u1eabu g\u1ea1ch l\u00e1t v\u1ec9a h\u00e8 m\u00e0u v\u00e0ng t\u1ea1i Hu\u1ebf"},{"@type":"BreadcrumbList","@id":"https:\/\/tranthi.vn\/hochiminh\/gach-lat-via-he-re-quat-mau-vang-gia-100-000-m\/#breadcrumb","itemListElement":[{"@type":"ListItem","position":1,"name":"Trang ch\u1ee7","item":"https:\/\/tranthi.vn\/hochiminh\/"},{"@type":"ListItem","position":2,"name":"Shop","item":"https:\/\/tranthi.vn\/hochiminh\/shop\/"},{"@type":"ListItem","position":3,"name":"G\u1ea1ch R\u1ebd Qu\u1ea1t M\u00e0u V\u00e0ng 30&#215;30"}]},{"@type":"WebSite","@id":"https:\/\/tranthi.vn\/hochiminh\/#website","url":"https:\/\/tranthi.vn\/hochiminh\/","name":"V\u1eadt Li\u1ec7u X\u00e2y D\u1ef1ng Tr\u1ea7n Th\u1ecb Chi Nh\u00e1nh H\u1ed3 Ch\u00ed Minh","description":"V\u1eadt Li\u1ec7u X\u00e2y D\u1ef1ng - H\u1ed3 Ch\u00ed Minh","potentialAction":[{"@type":"SearchAction","target":{"@type":"EntryPoint","urlTemplate":"https:\/\/tranthi.vn\/hochiminh\/?s={search_term_string}"},"query-input":"required name=search_term_string"}],"inLanguage":"vi"},{"@type":"ImageObject","inLanguage":"vi","@id":"https:\/\/tranthi.vn\/hochiminh\/gach-lat-via-he-re-quat-mau-vang-gia-100-000-m\/#local-main-organization-logo","url":"","contentUrl":"","caption":"V\u1eadt Li\u1ec7u X\u00e2y D\u1ef1ng Tr\u1ea7n Th\u1ecb Chi Nh\u00e1nh H\u1ed3 Ch\u00ed Minh"}]},"product_price_amount":"110000","product_price_currency":"VND","og_availability":"instock","product_availability":"instock","product_condition":"new"},"_links":{"self":[{"href":"https:\/\/tranthi.vn\/hochiminh\/wp-json\/wp\/v2\/product\/954","targetHints":{"allow":["GET"]}}],"collection":[{"href":"https:\/\/tranthi.vn\/hochiminh\/wp-json\/wp\/v2\/product"}],"about":[{"href":"https:\/\/tranthi.vn\/hochiminh\/wp-json\/wp\/v2\/types\/product"}],"replies":[{"embeddable":true,"href":"https:\/\/tranthi.vn\/hochiminh\/wp-json\/wp\/v2\/comments?post=954"}],"wp:featuredmedia":[{"embeddable":true,"href":"https:\/\/tranthi.vn\/hochiminh\/wp-json\/wp\/v2\/media\/4597"}],"wp:attachment":[{"href":"https:\/\/tranthi.vn\/hochiminh\/wp-json\/wp\/v2\/media?parent=954"}],"wp:term":[{"taxonomy":"product_cat","embeddable":true,"href":"https:\/\/tranthi.vn\/hochiminh\/wp-json\/wp\/v2\/product_cat?post=954"},{"taxonomy":"product_tag","embeddable":true,"href":"https:\/\/tranthi.vn\/hochiminh\/wp-json\/wp\/v2\/product_tag?post=954"}],"curies":[{"name":"wp","href":"https:\/\/api.w.org\/{rel}","templated":true}]}}