{"id":823,"date":"2021-02-16T16:01:46","date_gmt":"2021-02-16T09:01:46","guid":{"rendered":"http:\/\/new-tranthi.test\/san-pham\/cat-xay\/"},"modified":"2025-06-19T14:41:54","modified_gmt":"2025-06-19T07:41:54","slug":"gia-cat-xay-ho-chi-minh","status":"publish","type":"product","link":"https:\/\/tranthi.vn\/hochiminh\/gia-cat-xay-ho-chi-minh\/","title":{"rendered":"C\u00e1t X\u00e2y"},"content":{"rendered":"<h1 style=\"text-align: center;\"><span style=\"color: #ff0000; font-size: 130%; font-family: 'times new roman', times, serif;\"><strong>C\u00c1T X\u00c2Y\u00a0<\/strong><\/span><\/h1>\n<p><span style=\"font-family: 'times new roman', times, serif; font-size: 130%; color: #000000;\"><a href=\"https:\/\/tranthi.vn\/hanoi\/gia-cat-xay-ha-noi\/\" target=\"_blank\" rel=\"noopener\"><em><strong>C\u00e1t x\u00e2y<\/strong><\/em><\/a> lu\u00f4n l\u00e0 v\u1eadt t\u01b0 \u0111\u01b0\u1ee3c s\u1eed d\u1ee5ng xuy\u00ean su\u1ed1t t\u1eeb \u0111\u1ea7u \u0111\u1ebfn cu\u1ed1i c\u00f4ng tr\u00ecnh.<\/span><\/p>\n<p><span style=\"font-family: 'times new roman', times, serif; font-size: 130%; color: #000000;\">Trong n\u0103m 2024 v\u1eeba qua <a href=\"https:\/\/tranthi.vn\/hanoi\/gia-cat-xay-ha-noi\/\" target=\"_blank\" rel=\"noopener\"><strong>gi\u00e1<\/strong> <\/a><em>c\u00e1t x\u00e2y<\/em> t\u1ea1i <em><a href=\"https:\/\/vi.wikipedia.org\/wiki\/Th%C3%A0nh_ph%E1%BB%91_H%E1%BB%93_Ch%C3%AD_Minh\">TP. H\u1ed3 Ch\u00ed Minh<\/a><\/em> bi\u1ebfn \u0111\u1ed9ng kh\u00e1 nh\u1eb9, c\u00f3 th\u1ec3 g\u1ecdi l\u00e0 \u1ed5n \u0111\u1ecbnh.<\/span><\/p>\n<figure id=\"attachment_5978\" aria-describedby=\"caption-attachment-5978\" style=\"width: 381px\" class=\"wp-caption aligncenter\"><img loading=\"lazy\" decoding=\"async\" class=\" wp-image-5978\" src=\"https:\/\/tranthi.vn\/hochiminh\/wp-content\/uploads\/2021\/02\/Mau-cat-xay-dung-Ha-Noi.png\" alt=\"M\u1eabu c\u00e1t x\u00e2y d\u1ef1ng Tr\u1ea7n Th\u1ecb TP H\u1ed3 Ch\u00ed Minh\" width=\"381\" height=\"630\" \/><figcaption id=\"caption-attachment-5978\" class=\"wp-caption-text\">M\u1eabu c\u00e1t x\u00e2y d\u1ef1ng Tr\u1ea7n Th\u1ecb TP H\u1ed3 Ch\u00ed Minh<\/figcaption><\/figure>\n<p style=\"text-align: center;\"><span style=\"font-family: 'times new roman', times, serif; font-size: 130%; color: #ff0000;\"><strong>Ph\u00e2n bi\u1ec7t c\u00e1t s\u1ea1ch c\u00e1t b\u1ea9n<\/strong><\/span><\/p>\n<p style=\"text-align: center;\"><iframe loading=\"lazy\" src=\"\/\/www.youtube.com\/embed\/d700UHkh2aE\" width=\"560\" height=\"314\" allowfullscreen=\"allowfullscreen\"><\/iframe><\/p>\n<p>&nbsp;<\/p>\n<p><span style=\"font-family: 'times new roman', times, serif; font-size: 130%; color: #000000;\"><a href=\"https:\/\/tranthi.vn\/hochiminh\/gia-cat-duc-hue\/\" target=\"_blank\" rel=\"noopener\"><strong>C\u00e1t x\u00e2y<\/strong><\/a> \u0111\u01b0\u1ee3c li\u00ean k\u1ebft v\u1edbi <a href=\"https:\/\/tranthi.vn\/hochiminh\/gia-ong-gach-tuynel-6-lo-ho-chi-minh\/\" target=\"_blank\" rel=\"noopener\">g\u1ea1ch 6 l\u1ed7<\/a> \u0111\u1ec3 t\u1ea1o ra c\u00e1c m\u1ea3ng t\u01b0\u1eddng ng\u0103n ph\u00f2ng. <\/span><\/p>\n<p><span style=\"font-size: 130%; font-family: 'times new roman', times, serif; color: #000000;\"><a href=\"https:\/\/tranthi.vn\/hochiminh\/gia-cat-xay-ho-chi-minh\/\" target=\"_blank\" rel=\"noopener\"><em><strong>C\u00e1t x\u00e2y<\/strong><\/em> <\/a>\u1ea3nh h\u01b0\u1edfng l\u1edbn \u0111\u1ebfn ch\u1ea5t l\u01b0\u1ee3ng v\u00e0 kh\u1ea3 n\u0103ng ch\u1ed1ng th\u1ea5m c\u1ee7a c\u00f4ng tr\u00ecnh. Do c\u00e1t x\u00e2y th\u01b0\u1eddng l\u1ea5y t\u1eeb s\u00f4ng, n\u00ean kh\u00f4ng tr\u00e1nh kh\u1ecfi vi\u1ec7c l\u1eabn t\u1ea1p ch\u1ea5t nh\u01b0 c\u00e2y, v\u1ecf s\u00f2 v\u00e0 b\u00f9n.<\/span><\/p>\n<p><span style=\"font-family: 'times new roman', times, serif; font-size: 130%; color: #000000;\"> Hi\u1ec7n nay, ch\u1ec9 c\u00f3 <em>c\u00e1t<\/em> t\u00f4 l\u00e0 ng\u01b0\u1eddi ta s\u00e0n qua l\u01b0\u1edbi, c\u00f2n<a href=\"https:\/\/tranthi.vn\/hochiminh\/gia-cat-xay-ho-chi-minh\/\" target=\"_blank\" rel=\"noopener\"> <em><strong>c\u00e1t x\u00e2y<\/strong><\/em><\/a> v\u00e0 <a href=\"https:\/\/tranthi.vn\/hochiminh\/gia-cat-duc-hue\/\" target=\"_blank\" rel=\"noopener\"><em>c\u00e1t<\/em> \u0111\u00fac<\/a> l\u00e0 g\u1ea7n nh\u01b0 kh\u00f4ng<img loading=\"lazy\" decoding=\"async\" class=\"size-full wp-image-821 aligncenter\" src=\"https:\/\/tranthi.vn\/hochiminh\/wp-content\/uploads\/2021\/02\/cat-to.jpg\" alt=\"\" width=\"400\" height=\"400\" srcset=\"https:\/\/tranthi.vn\/hochiminh\/wp-content\/uploads\/2021\/02\/cat-to.jpg 400w, https:\/\/tranthi.vn\/hochiminh\/wp-content\/uploads\/2021\/02\/cat-to-280x280.jpg 280w, https:\/\/tranthi.vn\/hochiminh\/wp-content\/uploads\/2021\/02\/cat-to-100x100.jpg 100w\" sizes=\"auto, (max-width: 400px) 100vw, 400px\" \/><\/span><\/p>\n<h2><span style=\"font-size: 130%; font-family: 'times new roman', times, serif;\"><strong><span style=\"color: #ff0000;\">1. GI\u00c1 <em>C\u00c1T X\u00c2Y\u00a0<\/em><\/span><\/strong><\/span><\/h2>\n<ul>\n<li><span style=\"font-family: 'times new roman', times, serif; font-size: 130%; color: #000000;\"><a href=\"https:\/\/vi.wikipedia.org\/wiki\/C%C3%A1t\">C\u00e1t x\u00e2y<\/a> c\u00f3 \u0111\u1eb7c \u0111i\u1ec3m h\u1ea1t c\u00e1t m\u1ecbn, m\u00e0u s\u1eabm, c\u00f3 \u0111\u1ed9 s\u1ea1ch \u0111\u1ea1t chu\u1ea9n. Lo\u1ea1i c\u00e1t n\u00e0y th\u01b0\u1eddng c\u00f3 gi\u00e1 r\u1ebb h\u01a1n so v\u1edbi c\u00e1c lo\u1ea1i <strong>c\u00e1t<\/strong> b\u00ea t\u00f4ng v\u00e0 <strong>c\u00e1t<\/strong> h\u1ea1t v\u00e0ng lo\u1ea1i \u0111\u1eb9p.<\/span><\/li>\n<li><span style=\"font-family: 'times new roman', times, serif; font-size: 130%; color: #000000;\"><a href=\"https:\/\/tranthi.vn\/hochiminh\/gia-cat-xay-ho-chi-minh\/\" target=\"_blank\" rel=\"noopener\"><em><strong>Gi\u00e1 c\u00e1t x\u00e2y<\/strong><\/em><\/a> t\u1ea1i<a href=\"https:\/\/vi.wikipedia.org\/wiki\/Th%C3%A0nh_ph%E1%BB%91_H%E1%BB%93_Ch%C3%AD_Minh\" target=\"_blank\" rel=\"noopener\"><em><strong> H\u1ed3 Ch\u00ed Minh<\/strong><\/em><\/a>\u00a0ph\u1ee5 thu\u1ed9c v\u00e0o nhi\u1ec1u y\u1ebfu t\u1ed1. V\u00e0 t\u00f9y v\u00e0o t\u1eebng nhu c\u1ea7u s\u1eed d\u1ee5ng c\u1ee7a c\u00f4ng t\u00ecnh s\u1ebd c\u00f3 nh\u1eefng lo\u1ea1i <em>c\u00e1t<\/em> kh\u00e1c nhau v\u00e0 m\u1ee9c gi\u00e1 kh\u00e1c nhau<\/span><\/li>\n<\/ul>\n<p>&nbsp;<\/p>\n<p style=\"text-align: center;\"><iframe loading=\"lazy\" src=\"\/\/www.youtube.com\/embed\/mkBUz9V1tIE\" width=\"560\" height=\"314\" allowfullscreen=\"allowfullscreen\"><\/iframe><\/p>\n<h2><span style=\"font-size: 130%; font-family: 'times new roman', times, serif;\"><strong><span style=\"color: #ff0000;\">2. C\u00c1CH T\u00cdNH TH\u00d9NG XE QUY RA KH\u1ed0I C\u00c1T<\/span><\/strong><\/span><\/h2>\n<p><span style=\"font-size: 130%; font-family: 'times new roman', times, serif;\">\u0110o chi\u1ec1u cao, chi\u1ec1u d\u00e0i v\u00e0 chi\u1ec1u ngang c\u1ee7a th\u00f9ng xe r\u1ed3i nh\u00e2n l\u1ea1i \u0111\u1ec3 t\u00ednh kh\u1ed1i l\u01b0\u1ee3ng th\u00f9ng xe.<\/span><\/p>\n<p><span style=\"font-size: 130%; font-family: 'times new roman', times, serif;\">Nhi\u1ec1u nh\u00e0 cung c\u1ea5p <em>c\u00e1t x\u00e2y<\/em> th\u01b0\u1eddng l\u1ee3i d\u1ee5ng s\u01a1 h\u1edf n\u00e0y \u0111\u1ec3 gian l\u1eadn kh\u1ed1i l\u01b0\u1ee3ng. B\u1ea1n n\u00ean t\u1ef1 ki\u1ec3m tra ho\u1eb7c thu\u00ea ng\u01b0\u1eddi gi\u00e1m s\u00e1t \u0111\u1ec3 \u0111\u1ea3m b\u1ea3o ch\u00ednh x\u00e1c.<\/span><\/p>\n<h2 class=\"title style-scope ytd-video-primary-info-renderer\"><span style=\"color: #ff0000; font-size: 130%; font-family: 'times new roman', times, serif;\"><strong>Video h\u01b0\u1edbng d\u1eabn c\u00e1ch \u0111o th\u00f9ng xe quy ra kh\u1ed1i<\/strong><\/span><\/h2>\n<p style=\"text-align: center;\"><iframe loading=\"lazy\" src=\"\/\/www.youtube.com\/embed\/-weRntM2Osc?t=4s\" width=\"560\" height=\"314\" allowfullscreen=\"allowfullscreen\"><\/iframe><\/p>\n<p data-start=\"205\" data-end=\"452\"><span style=\"font-family: 'times new roman', times, serif; font-size: 130%;\">\u0110\u1ec3 tr\u00e1nh mua thi\u1ebfu kh\u1ed1i l\u01b0\u1ee3ng c\u00e1t, nh\u1ea5t l\u00e0 khi b\u1ea1n \u0111\u1eb7t c\u00e1t cho c\u00e1c c\u00f4ng vi\u1ec7c nh\u1ecf nh\u01b0 x\u00e2y b\u1eadc tam c\u1ea5p, s\u1eeda n\u1ec1n, tr\u00e1t t\u01b0\u1eddng\u2026, h\u00e3y t\u1ef1 \u0111o th\u00f9ng xe ho\u1eb7c y\u00eau c\u1ea7u b\u00ean cung c\u1ea5p c\u00e1t uy t\u00edn t\u1ea1i <a href=\"https:\/\/vi.wikipedia.org\/wiki\/Th%C3%A0nh_ph%E1%BB%91_H%E1%BB%93_Ch%C3%AD_Minh\" target=\"_blank\" rel=\"noopener\">TP. H\u1ed3 Ch\u00ed Minh<\/a> g\u1eedi video, h\u00ecnh \u1ea3nh \u0111\u1ed1i chi\u1ebfu k\u00edch th\u01b0\u1edbc.<\/span><\/p>\n<h3><span style=\"font-family: 'times new roman', times, serif; font-size: 130%;\"><img loading=\"lazy\" decoding=\"async\" class=\"alignnone size-full wp-image-6016\" src=\"https:\/\/tranthi.vn\/hanoi\/wp-content\/uploads\/2023\/04\/anh-app-goi-tho-sua-chua-vat-tran-thi.png\" alt=\"\" width=\"1400\" height=\"319\" \/><\/span><\/h3>\n<p data-start=\"454\" data-end=\"737\"><span style=\"font-family: 'times new roman', times, serif; font-size: 130%;\">Ngo\u00e0i ra, n\u1ebfu b\u1ea1n kh\u00f4ng r\u00e0nh vi\u1ec7c \u0111o \u0111\u1ea1c hay ki\u1ec3m tra v\u1eadt li\u1ec7u, c\u00f3 th\u1ec3 \u0111\u1eb7t th\u1ee3 s\u1eeda ch\u1eefa v\u1eb7t qua \u1ee9ng d\u1ee5ng. Th\u1ee3 s\u1ebd h\u1ed7 tr\u1ee3 ki\u1ec3m tra c\u00e1t, v\u1eadn chuy\u1ec3n, x\u00fac c\u00e1t v\u00e0o \u0111\u00fang v\u1ecb tr\u00ed thi c\u00f4ng \u2013 gi\u00fap b\u1ea1n ti\u1ebft ki\u1ec7m th\u1eddi gian v\u00e0 c\u00f4ng s\u1ee9c, \u0111\u1eb7c bi\u1ec7t khi kh\u00f4ng c\u00f3 ng\u01b0\u1eddi h\u1ed7 tr\u1ee3 t\u1ea1i c\u00f4ng tr\u00ecnh.<\/span><\/p>\n<p data-start=\"454\" data-end=\"737\"><iframe loading=\"lazy\" title=\"s\u1eeda ch\u1eefa v\u1eb7t g\u1ecdi th\u1ee3 s\u00e0i G\u00f2n #app_g\u1ecdi_th\u1ee3_s\u00e0i_g\u00f2n\" src=\"https:\/\/www.youtube.com\/embed\/BfnqrqOIaVE?feature=oembed\" width=\"1020\" height=\"574\" frameborder=\"0\" allowfullscreen=\"allowfullscreen\" data-mce-fragment=\"1\"><\/iframe><\/p>\n<p data-start=\"739\" data-end=\"899\" data-is-last-node=\"\" data-is-only-node=\"\"><span style=\"font-family: 'times new roman', times, serif; font-size: 130%;\">\ud83d\udc49 T\u1ea3i app ngay \u0111\u1ec3 s\u1eed d\u1ee5ng nh\u1eefng t\u00ednh n\u0103ng h\u1ed7 tr\u1ee3 cho c\u00f4ng bi\u1ec7c c\u1ee7a b\u1ea1n\u00a0nhanh ch\u00f3ng, r\u00f5 r\u00e0ng v\u1ec1 gi\u00e1, ph\u00f9 h\u1ee3p v\u1edbi c\u00f4ng tr\u00ecnh h\u1ed9 gia \u0111\u00ecnh v\u00e0 nh\u00e0 ph\u1ed1 nh\u1ecf l\u1ebb t\u1ea1i <a href=\"https:\/\/vi.wikipedia.org\/wiki\/Th%C3%A0nh_ph%E1%BB%91_H%E1%BB%93_Ch%C3%AD_Minh\" target=\"_blank\" rel=\"noopener\">TP. HCM<\/a>.<\/span><\/p>\n","protected":false},"excerpt":{"rendered":"<p><span style=\"color: #000000; font-size: 130%;\"><span style=\"font-family: 'times new roman', times, serif;\">Giao h\u00e0ng trong \u0111\u1ecba b\u00e0n TP. H\u1ed3 Ch\u00ed Minh.<\/span><\/span><\/p>\n<p><span style=\"color: #000000; font-size: 130%;\"><span style=\"font-family: 'times new roman', times, serif;\">\u0110\u01a1n v\u1ecb t\u00ednh: m kh\u1ed1i<\/span><\/span><\/p>\n<p><span style=\"font-size: 130%;\"><span style=\"color: #000000;\"><span style=\"font-family: 'times new roman', times, serif;\">\u0110\u01a1n gi\u00e1 c\u00e1t x\u00e2y trong n\u1ed9i th\u00e0nh: <\/span><\/span><strong><span style=\"font-family: 'times new roman', times, serif; color: #ff0000;\">200.000\/ kh\u1ed1i<\/span><\/strong><\/span><\/p>\n<p><span style=\"font-family: 'times new roman', times, serif; font-size: 130%; color: #000000;\">(ch\u00fang t\u00f4i kh\u00f4ng cam k\u1ebft c\u00e1t s\u1ea1ch 100 , v\u00ec c\u00e1t l\u1ea5y t\u1ea1i s\u00f4ng v\u00e0 b\u00e3i . ch\u00fang t\u00f4i ko ki\u1ec3m so\u00e1t \u0111\u01b0\u1ee3c)<\/span><\/p>\n","protected":false},"featured_media":821,"comment_status":"open","ping_status":"closed","template":"","meta":[],"product_cat":[204,203],"product_tag":[],"class_list":{"0":"post-823","1":"product","2":"type-product","3":"status-publish","4":"has-post-thumbnail","6":"product_cat-cat-xay-dung","7":"product_cat-vat-lieu-xay-dung","9":"first","10":"instock","11":"sale","12":"shipping-taxable","13":"purchasable","14":"product-type-simple"},"yoast_head":"<!-- This site is optimized with the Yoast SEO Premium plugin v22.3 (Yoast SEO v22.4) - https:\/\/yoast.com\/wordpress\/plugins\/seo\/ -->\n<title>Gi\u00e1 c\u00e1t x\u00e2y m\u1edbi nh\u1ea5t t\u1ea1i TP H\u1ed3 Ch\u00ed Minh<\/title>\n<meta name=\"description\" content=\"Tr\u1ea7n Th\u1ecb - chuy\u00ean cung c\u1ea5p c\u00e1t x\u00e2y gi\u00e1 r\u1ebb t\u1ea1i Tp H\u1ed3 Ch\u00ed Minh, c\u00e1t \u0111\u01b0\u1ee3c l\u1ea5y t\u1eeb t\u1ef1 nhi\u00ean n\u00ean kh\u00f4ng \u0111\u1ea3m b\u1ea3o s\u1ea1ch 100%, nh\u01b0ng \u0111\u1ea3m b\u1ea3o \u0111\u00fang kh\u1ed1i l\u01b0\u1ee3ng\" \/>\n<meta name=\"robots\" content=\"index, follow, max-snippet:-1, max-image-preview:large, max-video-preview:-1\" \/>\n<link rel=\"canonical\" href=\"https:\/\/tranthi.vn\/hochiminh\/gia-cat-xay-ho-chi-minh\/\" \/>\n<meta property=\"og:locale\" content=\"vi_VN\" \/>\n<meta property=\"og:type\" content=\"article\" \/>\n<meta property=\"og:title\" content=\"C\u00e1t X\u00e2y\" \/>\n<meta property=\"og:description\" content=\"Tr\u1ea7n Th\u1ecb - chuy\u00ean cung c\u1ea5p c\u00e1t x\u00e2y gi\u00e1 r\u1ebb t\u1ea1i Tp H\u1ed3 Ch\u00ed Minh, c\u00e1t \u0111\u01b0\u1ee3c l\u1ea5y t\u1eeb t\u1ef1 nhi\u00ean n\u00ean kh\u00f4ng \u0111\u1ea3m b\u1ea3o s\u1ea1ch 100%, nh\u01b0ng \u0111\u1ea3m b\u1ea3o \u0111\u00fang kh\u1ed1i l\u01b0\u1ee3ng\" \/>\n<meta property=\"og:url\" content=\"https:\/\/tranthi.vn\/hochiminh\/gia-cat-xay-ho-chi-minh\/\" \/>\n<meta property=\"og:site_name\" content=\"V\u1eadt Li\u1ec7u X\u00e2y D\u1ef1ng Tr\u1ea7n Th\u1ecb Chi Nh\u00e1nh H\u1ed3 Ch\u00ed Minh\" \/>\n<meta property=\"article:modified_time\" content=\"2025-06-19T07:41:54+00:00\" \/>\n<meta property=\"og:image\" content=\"https:\/\/tranthi.vn\/hochiminh\/wp-content\/uploads\/2021\/02\/cat-to.jpg\" \/>\n\t<meta property=\"og:image:width\" content=\"400\" \/>\n\t<meta property=\"og:image:height\" content=\"400\" \/>\n\t<meta property=\"og:image:type\" content=\"image\/jpeg\" \/>\n<meta name=\"twitter:card\" content=\"summary_large_image\" \/>\n<meta name=\"twitter:label1\" content=\"Gi\u00e1\" \/>\n\t<meta name=\"twitter:data1\" content=\"290,000&nbsp;&#8363;\" \/>\n\t<meta name=\"twitter:label2\" content=\"Kh\u1ea3 d\u1ee5ng\" \/>\n\t<meta name=\"twitter:data2\" content=\"Trong kho\" \/>\n<script type=\"application\/ld+json\" class=\"yoast-schema-graph\">{\"@context\":\"https:\/\/schema.org\",\"@graph\":[{\"@type\":[\"WebPage\",\"ItemPage\"],\"@id\":\"https:\/\/tranthi.vn\/hochiminh\/gia-cat-xay-ho-chi-minh\/\",\"url\":\"https:\/\/tranthi.vn\/hochiminh\/gia-cat-xay-ho-chi-minh\/\",\"name\":\"Gi\u00e1 c\u00e1t x\u00e2y m\u1edbi nh\u1ea5t t\u1ea1i TP H\u1ed3 Ch\u00ed Minh\",\"isPartOf\":{\"@id\":\"https:\/\/tranthi.vn\/hochiminh\/#website\"},\"primaryImageOfPage\":{\"@id\":\"https:\/\/tranthi.vn\/hochiminh\/gia-cat-xay-ho-chi-minh\/#primaryimage\"},\"image\":{\"@id\":\"https:\/\/tranthi.vn\/hochiminh\/gia-cat-xay-ho-chi-minh\/#primaryimage\"},\"thumbnailUrl\":\"https:\/\/tranthi.vn\/hochiminh\/wp-content\/uploads\/2021\/02\/cat-to.jpg\",\"datePublished\":\"2021-02-16T09:01:46+00:00\",\"dateModified\":\"2025-06-19T07:41:54+00:00\",\"description\":\"Tr\u1ea7n Th\u1ecb - chuy\u00ean cung c\u1ea5p c\u00e1t x\u00e2y gi\u00e1 r\u1ebb t\u1ea1i Tp H\u1ed3 Ch\u00ed Minh, c\u00e1t \u0111\u01b0\u1ee3c l\u1ea5y t\u1eeb t\u1ef1 nhi\u00ean n\u00ean kh\u00f4ng \u0111\u1ea3m b\u1ea3o s\u1ea1ch 100%, nh\u01b0ng \u0111\u1ea3m b\u1ea3o \u0111\u00fang kh\u1ed1i l\u01b0\u1ee3ng\",\"breadcrumb\":{\"@id\":\"https:\/\/tranthi.vn\/hochiminh\/gia-cat-xay-ho-chi-minh\/#breadcrumb\"},\"inLanguage\":\"vi\",\"potentialAction\":[{\"@type\":\"ReadAction\",\"target\":[\"https:\/\/tranthi.vn\/hochiminh\/gia-cat-xay-ho-chi-minh\/\"]}]},{\"@type\":\"ImageObject\",\"inLanguage\":\"vi\",\"@id\":\"https:\/\/tranthi.vn\/hochiminh\/gia-cat-xay-ho-chi-minh\/#primaryimage\",\"url\":\"https:\/\/tranthi.vn\/hochiminh\/wp-content\/uploads\/2021\/02\/cat-to.jpg\",\"contentUrl\":\"https:\/\/tranthi.vn\/hochiminh\/wp-content\/uploads\/2021\/02\/cat-to.jpg\",\"width\":400,\"height\":400},{\"@type\":\"BreadcrumbList\",\"@id\":\"https:\/\/tranthi.vn\/hochiminh\/gia-cat-xay-ho-chi-minh\/#breadcrumb\",\"itemListElement\":[{\"@type\":\"ListItem\",\"position\":1,\"name\":\"Trang ch\u1ee7\",\"item\":\"https:\/\/tranthi.vn\/hochiminh\/\"},{\"@type\":\"ListItem\",\"position\":2,\"name\":\"Shop\",\"item\":\"https:\/\/tranthi.vn\/hochiminh\/shop\/\"},{\"@type\":\"ListItem\",\"position\":3,\"name\":\"C\u00e1t X\u00e2y\"}]},{\"@type\":\"WebSite\",\"@id\":\"https:\/\/tranthi.vn\/hochiminh\/#website\",\"url\":\"https:\/\/tranthi.vn\/hochiminh\/\",\"name\":\"V\u1eadt Li\u1ec7u X\u00e2y D\u1ef1ng Tr\u1ea7n Th\u1ecb Chi Nh\u00e1nh H\u1ed3 Ch\u00ed Minh\",\"description\":\"V\u1eadt Li\u1ec7u X\u00e2y D\u1ef1ng - H\u1ed3 Ch\u00ed Minh\",\"potentialAction\":[{\"@type\":\"SearchAction\",\"target\":{\"@type\":\"EntryPoint\",\"urlTemplate\":\"https:\/\/tranthi.vn\/hochiminh\/?s={search_term_string}\"},\"query-input\":\"required name=search_term_string\"}],\"inLanguage\":\"vi\"},{\"@type\":\"ImageObject\",\"inLanguage\":\"vi\",\"@id\":\"https:\/\/tranthi.vn\/hochiminh\/gia-cat-xay-ho-chi-minh\/#local-main-organization-logo\",\"url\":\"\",\"contentUrl\":\"\",\"caption\":\"V\u1eadt Li\u1ec7u X\u00e2y D\u1ef1ng Tr\u1ea7n Th\u1ecb Chi Nh\u00e1nh H\u1ed3 Ch\u00ed Minh\"}]}<\/script>\n<meta property=\"product:price:amount\" content=\"290000\" \/>\n<meta property=\"product:price:currency\" content=\"VND\" \/>\n<meta property=\"og:availability\" content=\"instock\" \/>\n<meta property=\"product:availability\" content=\"instock\" \/>\n<meta property=\"product:condition\" content=\"new\" \/>\n<!-- \/ Yoast SEO Premium plugin. -->","yoast_head_json":{"title":"Gi\u00e1 c\u00e1t x\u00e2y m\u1edbi nh\u1ea5t t\u1ea1i TP H\u1ed3 Ch\u00ed Minh","description":"Tr\u1ea7n Th\u1ecb - chuy\u00ean cung c\u1ea5p c\u00e1t x\u00e2y gi\u00e1 r\u1ebb t\u1ea1i Tp H\u1ed3 Ch\u00ed Minh, c\u00e1t \u0111\u01b0\u1ee3c l\u1ea5y t\u1eeb t\u1ef1 nhi\u00ean n\u00ean kh\u00f4ng \u0111\u1ea3m b\u1ea3o s\u1ea1ch 100%, nh\u01b0ng \u0111\u1ea3m b\u1ea3o \u0111\u00fang kh\u1ed1i l\u01b0\u1ee3ng","robots":{"index":"index","follow":"follow","max-snippet":"max-snippet:-1","max-image-preview":"max-image-preview:large","max-video-preview":"max-video-preview:-1"},"canonical":"https:\/\/tranthi.vn\/hochiminh\/gia-cat-xay-ho-chi-minh\/","og_locale":"vi_VN","og_type":"article","og_title":"C\u00e1t X\u00e2y","og_description":"Tr\u1ea7n Th\u1ecb - chuy\u00ean cung c\u1ea5p c\u00e1t x\u00e2y gi\u00e1 r\u1ebb t\u1ea1i Tp H\u1ed3 Ch\u00ed Minh, c\u00e1t \u0111\u01b0\u1ee3c l\u1ea5y t\u1eeb t\u1ef1 nhi\u00ean n\u00ean kh\u00f4ng \u0111\u1ea3m b\u1ea3o s\u1ea1ch 100%, nh\u01b0ng \u0111\u1ea3m b\u1ea3o \u0111\u00fang kh\u1ed1i l\u01b0\u1ee3ng","og_url":"https:\/\/tranthi.vn\/hochiminh\/gia-cat-xay-ho-chi-minh\/","og_site_name":"V\u1eadt Li\u1ec7u X\u00e2y D\u1ef1ng Tr\u1ea7n Th\u1ecb Chi Nh\u00e1nh H\u1ed3 Ch\u00ed Minh","article_modified_time":"2025-06-19T07:41:54+00:00","og_image":[{"width":400,"height":400,"url":"https:\/\/tranthi.vn\/hochiminh\/wp-content\/uploads\/2021\/02\/cat-to.jpg","type":"image\/jpeg"}],"twitter_card":"summary_large_image","twitter_misc":{"Gi\u00e1":"290,000&nbsp;&#8363;","Kh\u1ea3 d\u1ee5ng":"Trong kho"},"schema":{"@context":"https:\/\/schema.org","@graph":[{"@type":["WebPage","ItemPage"],"@id":"https:\/\/tranthi.vn\/hochiminh\/gia-cat-xay-ho-chi-minh\/","url":"https:\/\/tranthi.vn\/hochiminh\/gia-cat-xay-ho-chi-minh\/","name":"Gi\u00e1 c\u00e1t x\u00e2y m\u1edbi nh\u1ea5t t\u1ea1i TP H\u1ed3 Ch\u00ed Minh","isPartOf":{"@id":"https:\/\/tranthi.vn\/hochiminh\/#website"},"primaryImageOfPage":{"@id":"https:\/\/tranthi.vn\/hochiminh\/gia-cat-xay-ho-chi-minh\/#primaryimage"},"image":{"@id":"https:\/\/tranthi.vn\/hochiminh\/gia-cat-xay-ho-chi-minh\/#primaryimage"},"thumbnailUrl":"https:\/\/tranthi.vn\/hochiminh\/wp-content\/uploads\/2021\/02\/cat-to.jpg","datePublished":"2021-02-16T09:01:46+00:00","dateModified":"2025-06-19T07:41:54+00:00","description":"Tr\u1ea7n Th\u1ecb - chuy\u00ean cung c\u1ea5p c\u00e1t x\u00e2y gi\u00e1 r\u1ebb t\u1ea1i Tp H\u1ed3 Ch\u00ed Minh, c\u00e1t \u0111\u01b0\u1ee3c l\u1ea5y t\u1eeb t\u1ef1 nhi\u00ean n\u00ean kh\u00f4ng \u0111\u1ea3m b\u1ea3o s\u1ea1ch 100%, nh\u01b0ng \u0111\u1ea3m b\u1ea3o \u0111\u00fang kh\u1ed1i l\u01b0\u1ee3ng","breadcrumb":{"@id":"https:\/\/tranthi.vn\/hochiminh\/gia-cat-xay-ho-chi-minh\/#breadcrumb"},"inLanguage":"vi","potentialAction":[{"@type":"ReadAction","target":["https:\/\/tranthi.vn\/hochiminh\/gia-cat-xay-ho-chi-minh\/"]}]},{"@type":"ImageObject","inLanguage":"vi","@id":"https:\/\/tranthi.vn\/hochiminh\/gia-cat-xay-ho-chi-minh\/#primaryimage","url":"https:\/\/tranthi.vn\/hochiminh\/wp-content\/uploads\/2021\/02\/cat-to.jpg","contentUrl":"https:\/\/tranthi.vn\/hochiminh\/wp-content\/uploads\/2021\/02\/cat-to.jpg","width":400,"height":400},{"@type":"BreadcrumbList","@id":"https:\/\/tranthi.vn\/hochiminh\/gia-cat-xay-ho-chi-minh\/#breadcrumb","itemListElement":[{"@type":"ListItem","position":1,"name":"Trang ch\u1ee7","item":"https:\/\/tranthi.vn\/hochiminh\/"},{"@type":"ListItem","position":2,"name":"Shop","item":"https:\/\/tranthi.vn\/hochiminh\/shop\/"},{"@type":"ListItem","position":3,"name":"C\u00e1t X\u00e2y"}]},{"@type":"WebSite","@id":"https:\/\/tranthi.vn\/hochiminh\/#website","url":"https:\/\/tranthi.vn\/hochiminh\/","name":"V\u1eadt Li\u1ec7u X\u00e2y D\u1ef1ng Tr\u1ea7n Th\u1ecb Chi Nh\u00e1nh H\u1ed3 Ch\u00ed Minh","description":"V\u1eadt Li\u1ec7u X\u00e2y D\u1ef1ng - H\u1ed3 Ch\u00ed Minh","potentialAction":[{"@type":"SearchAction","target":{"@type":"EntryPoint","urlTemplate":"https:\/\/tranthi.vn\/hochiminh\/?s={search_term_string}"},"query-input":"required name=search_term_string"}],"inLanguage":"vi"},{"@type":"ImageObject","inLanguage":"vi","@id":"https:\/\/tranthi.vn\/hochiminh\/gia-cat-xay-ho-chi-minh\/#local-main-organization-logo","url":"","contentUrl":"","caption":"V\u1eadt Li\u1ec7u X\u00e2y D\u1ef1ng Tr\u1ea7n Th\u1ecb Chi Nh\u00e1nh H\u1ed3 Ch\u00ed Minh"}]},"product_price_amount":"290000","product_price_currency":"VND","og_availability":"instock","product_availability":"instock","product_condition":"new"},"_links":{"self":[{"href":"https:\/\/tranthi.vn\/hochiminh\/wp-json\/wp\/v2\/product\/823","targetHints":{"allow":["GET"]}}],"collection":[{"href":"https:\/\/tranthi.vn\/hochiminh\/wp-json\/wp\/v2\/product"}],"about":[{"href":"https:\/\/tranthi.vn\/hochiminh\/wp-json\/wp\/v2\/types\/product"}],"replies":[{"embeddable":true,"href":"https:\/\/tranthi.vn\/hochiminh\/wp-json\/wp\/v2\/comments?post=823"}],"wp:featuredmedia":[{"embeddable":true,"href":"https:\/\/tranthi.vn\/hochiminh\/wp-json\/wp\/v2\/media\/821"}],"wp:attachment":[{"href":"https:\/\/tranthi.vn\/hochiminh\/wp-json\/wp\/v2\/media?parent=823"}],"wp:term":[{"taxonomy":"product_cat","embeddable":true,"href":"https:\/\/tranthi.vn\/hochiminh\/wp-json\/wp\/v2\/product_cat?post=823"},{"taxonomy":"product_tag","embeddable":true,"href":"https:\/\/tranthi.vn\/hochiminh\/wp-json\/wp\/v2\/product_tag?post=823"}],"curies":[{"name":"wp","href":"https:\/\/api.w.org\/{rel}","templated":true}]}}