{"id":5768,"date":"2024-07-23T10:28:43","date_gmt":"2024-07-23T03:28:43","guid":{"rendered":"https:\/\/tranthi.vn\/hochiminh\/?post_type=product&#038;p=5768"},"modified":"2025-06-20T09:51:14","modified_gmt":"2025-06-20T02:51:14","slug":"bang-gia-son-seamaster-ho-chi-minh-sai-gon","status":"publish","type":"product","link":"https:\/\/tranthi.vn\/hochiminh\/bang-gia-son-seamaster-ho-chi-minh-sai-gon\/","title":{"rendered":"B\u1ea3ng Gi\u00e1 S\u01a1n Seamaster"},"content":{"rendered":"<h1 style=\"text-align: center;\"><span style=\"font-family: 'times new roman', times, serif; font-size: 140%;\"><a href=\"https:\/\/tranthi.vn\/lot-kiem-goc-dau-1800-da-nang\/\">S\u01a1n Seamaster Tp H\u1ed3 Ch\u00ed Minh<\/a><\/span><\/h1>\n<h1><span style=\"font-size: 120%;\"><strong><span style=\"font-family: 'times new roman', times, serif;\"><a href=\"https:\/\/tranthi.vn\/lot-kiem-goc-dau-1800-da-nang\/\" target=\"_blank\" rel=\"noopener\">S\u01a1n Seamaster<\/a> &#8211; Gi\u1ea3i Ph\u00e1p S\u01a1n Cao C\u1ea5p Cho M\u1ecdi C\u00f4ng Tr\u00ecnh<\/span><\/strong><\/span><\/h1>\n<h3><span style=\"font-family: 'times new roman', times, serif; font-size: 120%;\"><a href=\"https:\/\/tranthi.vn\/danh-muc-san-pham\/son\/son-seamaster\/son-chong-tham\/\" target=\"_blank\" rel=\"noopener\">S\u01a1n Seamaster<\/a> \u0111ang tr\u1edf th\u00e0nh m\u1ed9t trong nh\u1eefng l\u1ef1a ch\u1ecdn h\u00e0ng \u0111\u1ea7u t\u1ea1i<a href=\"https:\/\/vi.wikipedia.org\/wiki\/Th%C3%A0nh_%E1%BB%A7y_%C4%90%C3%A0_N%E1%BA%B5ng\"><em> Tp H\u1ed3 Ch\u00ed Minh<\/em><\/a> khi n\u00f3i \u0111\u1ebfn vi\u1ec7c ho\u00e0n thi\u1ec7n v\u00e0 b\u1ea3o v\u1ec7 c\u00e1c c\u00f4ng tr\u00ecnh x\u00e2y d\u1ef1ng. \u0110\u01b0\u1ee3c bi\u1ebft \u0111\u1ebfn v\u1edbi ch\u1ea5t l\u01b0\u1ee3ng v\u01b0\u1ee3t tr\u1ed9i v\u00e0 t\u00ednh n\u0103ng \u01b0u vi\u1ec7t, s\u01a1n Seamaster mang l\u1ea1i gi\u1ea3i ph\u00e1p l\u00fd t\u01b0\u1edfng cho vi\u1ec7c s\u01a1n t\u01b0\u1eddng, s\u01a1n ngo\u1ea1i th\u1ea5t, v\u00e0 c\u00e1c b\u1ec1 m\u1eb7t kh\u00e1c.<\/span><\/h3>\n<p><iframe loading=\"lazy\" title=\"s\u01a1n Dulux \u0111\u00e0 n\u1eb5ng #s\u01a1n_dulux_\u0111\u00e0_n\u1eb5ng\" width=\"1020\" height=\"574\" src=\"https:\/\/www.youtube.com\/embed\/Oo8F210b4gY?feature=oembed\" frameborder=\"0\" allow=\"accelerometer; autoplay; clipboard-write; encrypted-media; gyroscope; picture-in-picture; web-share\" referrerpolicy=\"strict-origin-when-cross-origin\" allowfullscreen><\/iframe><\/p>\n<figure id=\"attachment_5816\" aria-describedby=\"caption-attachment-5816\" style=\"width: 300px\" class=\"wp-caption aligncenter\"><img loading=\"lazy\" decoding=\"async\" class=\"size-full wp-image-5816\" src=\"https:\/\/tranthi.vn\/hochiminh\/wp-content\/uploads\/2024\/07\/son-seamaster-tai-ho-chi-minh-sai-gon-2.png\" alt=\"\" width=\"300\" height=\"300\" srcset=\"https:\/\/tranthi.vn\/hochiminh\/wp-content\/uploads\/2024\/07\/son-seamaster-tai-ho-chi-minh-sai-gon-2.png 300w, https:\/\/tranthi.vn\/hochiminh\/wp-content\/uploads\/2024\/07\/son-seamaster-tai-ho-chi-minh-sai-gon-2-100x100.png 100w\" sizes=\"auto, (max-width: 300px) 100vw, 300px\" \/><figcaption id=\"caption-attachment-5816\" class=\"wp-caption-text\">s\u01a1n seamaster t\u1ea1i h\u1ed3 ch\u00ed minh- s\u00e0i g\u00f2n<\/figcaption><\/figure>\n<h1><span style=\"font-size: 120%;\"><strong><span style=\"font-family: 'times new roman', times, serif;\">1. Gi\u1edbi Thi\u1ec7u V\u1ec1 S\u01a1n Seamaster<\/span><\/strong><\/span><\/h1>\n<h3><span style=\"font-family: 'times new roman', times, serif; font-size: 120%;\"><a href=\"https:\/\/tranthi.vn\/hanoi\/bang-gia-son-seamaster-ha-noi\/\" target=\"_blank\" rel=\"noopener\">S\u01a1n Seamaster<\/a> l\u00e0 s\u1ea3n ph\u1ea9m s\u01a1n cao c\u1ea5p \u0111\u01b0\u1ee3c s\u1ea3n xu\u1ea5t v\u1edbi c\u00f4ng ngh\u1ec7 ti\u00ean ti\u1ebfn, n\u1ed5i b\u1eadt v\u1edbi kh\u1ea3 n\u0103ng ch\u1ed1ng th\u1ea5m, ch\u1ed1ng b\u00e1m b\u1ea9n v\u00e0 b\u1ec1n m\u00e0u l\u00e2u d\u00e0i. S\u01a1n Seamaster cung c\u1ea5p nhi\u1ec1u lo\u1ea1i s\u01a1n kh\u00e1c nhau nh\u01b0 s\u01a1n n\u1ed9i th\u1ea5t, s\u01a1n ngo\u1ea1i th\u1ea5t, v\u00e0 s\u01a1n ch\u1ed1ng r\u1ec9, \u0111\u00e1p \u1ee9ng nhu c\u1ea7u \u0111a d\u1ea1ng c\u1ee7a c\u00e1c c\u00f4ng tr\u00ecnh x\u00e2y d\u1ef1ng.<\/span><\/h3>\n<h3 style=\"text-align: center;\"><iframe loading=\"lazy\" src=\"\/\/www.youtube.com\/embed\/LYE_jVc5-bA?t=6s&amp;pp=ygUOc8ahbiBzZWFtYXN0ZXI\" width=\"560\" height=\"314\" allowfullscreen=\"allowfullscreen\" data-mce-fragment=\"1\"><\/iframe><\/h3>\n<h1><span style=\"font-size: 120%;\"><strong><span style=\"font-family: 'times new roman', times, serif;\">2. L\u1ee3i \u00cdch C\u1ee7a S\u01a1n Seamaster\u00a0<\/span><\/strong><\/span><\/h1>\n<ul>\n<li>\n<h3><span style=\"font-family: 'times new roman', times, serif; font-size: 120%;\">Ch\u1ed1ng th\u1ea5m v\u00e0 b\u00e1m b\u1ea9n: S\u01a1n Seamaster n\u1ed5i b\u1eadt v\u1edbi kh\u1ea3 n\u0103ng ch\u1ed1ng th\u1ea5m n\u01b0\u1edbc v\u00e0 b\u00e1m b\u1ea9n t\u1ed1t, \u0111\u1eb7c bi\u1ec7t h\u1eefu \u00edch trong \u0111i\u1ec1u ki\u1ec7n kh\u00ed h\u1eadu nhi\u1ec7t \u0111\u1edbi v\u00e0 \u1ea9m \u01b0\u1edbt c\u1ee7a \u0110\u00e0 N\u1eb5ng. \u0110i\u1ec1u n\u00e0y gi\u00fap b\u1ea3o v\u1ec7 b\u1ec1 m\u1eb7t s\u01a1n kh\u1ecfi s\u1ef1 x\u00e2m nh\u1eadp c\u1ee7a n\u01b0\u1edbc v\u00e0 b\u1ee5i b\u1ea9n, duy tr\u00ec v\u1ebb \u0111\u1eb9p v\u00e0 \u0111\u1ed9 b\u1ec1n l\u00e2u d\u00e0i.<\/span><\/h3>\n<\/li>\n<\/ul>\n<figure id=\"attachment_5991\" aria-describedby=\"caption-attachment-5991\" style=\"width: 523px\" class=\"wp-caption aligncenter\"><img loading=\"lazy\" decoding=\"async\" class=\" wp-image-5991\" src=\"https:\/\/tranthi.vn\/hochiminh\/wp-content\/uploads\/2024\/07\/Mau-son-Seamaster-TP-Ho-Chi-Minh.png\" alt=\"M\u1eabu s\u01a1n Seamaster TP H\u1ed3 Ch\u00ed Minh\" width=\"523\" height=\"294\" srcset=\"https:\/\/tranthi.vn\/hochiminh\/wp-content\/uploads\/2024\/07\/Mau-son-Seamaster-TP-Ho-Chi-Minh.png 1280w, https:\/\/tranthi.vn\/hochiminh\/wp-content\/uploads\/2024\/07\/Mau-son-Seamaster-TP-Ho-Chi-Minh-768x432.png 768w, https:\/\/tranthi.vn\/hochiminh\/wp-content\/uploads\/2024\/07\/Mau-son-Seamaster-TP-Ho-Chi-Minh-800x450.png 800w\" sizes=\"auto, (max-width: 523px) 100vw, 523px\" \/><figcaption id=\"caption-attachment-5991\" class=\"wp-caption-text\">M\u1eabu s\u01a1n Seamaster TP H\u1ed3 Ch\u00ed Minh<\/figcaption><\/figure>\n<ul>\n<li>\n<h3><span style=\"font-family: 'times new roman', times, serif; font-size: 120%;\">\u0110\u1ed9 b\u1ec1n m\u00e0u cao: S\u01a1n Seamaster c\u00f3 kh\u1ea3 n\u0103ng gi\u1eef m\u00e0u s\u1eafc l\u00e2u d\u00e0i, kh\u00f4ng b\u1ecb phai m\u00e0u d\u00f9 ch\u1ecbu t\u00e1c \u0111\u1ed9ng c\u1ee7a \u00e1nh s\u00e1ng m\u1eb7t tr\u1eddi v\u00e0 th\u1eddi ti\u1ebft. S\u1ea3n ph\u1ea9m n\u00e0y gi\u00fap gi\u1eef cho c\u00f4ng tr\u00ecnh lu\u00f4n m\u1edbi m\u1ebb v\u00e0 h\u1ea5p d\u1eabn theo th\u1eddi gian.<\/span><\/h3>\n<\/li>\n<li>\n<h3><span style=\"font-family: 'times new roman', times, serif; font-size: 120%;\">D\u1ec5 thi c\u00f4ng v\u00e0 b\u1ea3o tr\u00ec: S\u01a1n Seamaster d\u1ec5 d\u00e0ng thi c\u00f4ng v\u1edbi \u0111\u1ed9 ph\u1ee7 cao v\u00e0 th\u1eddi gian kh\u00f4 nhanh, gi\u00fap ti\u1ebft ki\u1ec7m th\u1eddi gian v\u00e0 c\u00f4ng s\u1ee9c. B\u1ec1 m\u1eb7t s\u01a1n c\u0169ng d\u1ec5 d\u00e0ng v\u1ec7 sinh v\u00e0 b\u1ea3o tr\u00ec, gi\u1ea3m thi\u1ec3u chi ph\u00ed cho vi\u1ec7c b\u1ea3o d\u01b0\u1ee1ng.<\/span><\/h3>\n<\/li>\n<li>\n<h3><span style=\"font-family: 'times new roman', times, serif; font-size: 120%;\">\u0110\u1ea1t ti\u00eau chu\u1ea9n ch\u1ea5t l\u01b0\u1ee3ng qu\u1ed1c t\u1ebf: S\u01a1n Seamaster \u0111\u01b0\u1ee3c s\u1ea3n xu\u1ea5t theo ti\u00eau chu\u1ea9n ch\u1ea5t l\u01b0\u1ee3ng qu\u1ed1c t\u1ebf, \u0111\u1ea3m b\u1ea3o an to\u00e0n cho s\u1ee9c kh\u1ecfe ng\u01b0\u1eddi s\u1eed d\u1ee5ng v\u00e0 b\u1ea3o v\u1ec7 m\u00f4i tr\u01b0\u1eddng. S\u1ea3n ph\u1ea9m n\u00e0y kh\u00f4ng ch\u1ee9a c\u00e1c h\u00f3a ch\u1ea5t \u0111\u1ed9c h\u1ea1i v\u00e0 c\u00f3 \u0111\u1ed9 b\u1ec1n cao.<\/span><\/h3>\n<\/li>\n<\/ul>\n<h1 style=\"text-align: center;\"><iframe loading=\"lazy\" src=\"\/\/www.youtube.com\/embed\/dD8HFojz_UQ?pp=ygUOc8ahbiBzZWFtYXN0ZXI\" width=\"560\" height=\"314\" allowfullscreen=\"allowfullscreen\" data-mce-fragment=\"1\"><\/iframe><\/h1>\n<h1><span style=\"font-size: 120%;\"><strong><span style=\"font-family: 'times new roman', times, serif;\">3. L\u00fd Do N\u00ean Ch\u1ecdn S\u01a1n Seamaster\u00a0<\/span><\/strong><\/span><\/h1>\n<ul>\n<li>\n<h3><span style=\"font-family: 'times new roman', times, serif; font-size: 120%;\">Ph\u00f9 h\u1ee3p v\u1edbi kh\u00ed h\u1eadu \u0111\u1ecba ph\u01b0\u01a1ng: V\u1edbi kh\u00ed h\u1eadu nhi\u1ec7t \u0111\u1edbi \u1ea9m c\u1ee7a <em>Tp <a href=\"https:\/\/vi.wikipedia.org\/wiki\/Th%C3%A0nh_%E1%BB%A7y_Th%C3%A0nh_ph%E1%BB%91_H%E1%BB%93_Ch%C3%AD_Minh\">H\u1ed3 Ch\u00ed Minh<\/a><\/em>, s\u01a1n Seamaster v\u1edbi kh\u1ea3 n\u0103ng ch\u1ed1ng th\u1ea5m v\u00e0 b\u00e1m b\u1ea9n t\u1ed1t l\u00e0 s\u1ef1 l\u1ef1a ch\u1ecdn l\u00fd t\u01b0\u1edfng \u0111\u1ec3 b\u1ea3o v\u1ec7 c\u00f4ng tr\u00ecnh kh\u1ecfi t\u00e1c \u0111\u1ed9ng c\u1ee7a m\u00f4i tr\u01b0\u1eddng.<\/span><\/h3>\n<\/li>\n<li>\n<h3><span style=\"font-family: 'times new roman', times, serif; font-size: 120%;\">Th\u1ecb tr\u01b0\u1eddng \u0111a d\u1ea1ng: T\u1ea1i \u0111\u00e2y, b\u1ea1n c\u00f3 th\u1ec3 d\u1ec5 d\u00e0ng t\u00ecm th\u1ea5y c\u00e1c \u0111\u1ea1i l\u00fd v\u00e0 c\u1eeda h\u00e0ng cung c\u1ea5p s\u01a1n Seamaster v\u1edbi nhi\u1ec1u m\u1eabu m\u00e3 v\u00e0 gi\u00e1 c\u1ea3 kh\u00e1c nhau, gi\u00fap b\u1ea1n ch\u1ecdn l\u1ef1a s\u1ea3n ph\u1ea9m ph\u00f9 h\u1ee3p v\u1edbi nhu c\u1ea7u v\u00e0 ng\u00e2n s\u00e1ch c\u1ee7a m\u00ecnh.<\/span><\/h3>\n<\/li>\n<li>\n<h3><span style=\"font-family: 'times new roman', times, serif; font-size: 120%;\">D\u1ecbch v\u1ee5 h\u1ed7 tr\u1ee3 chuy\u00ean nghi\u1ec7p: C\u00e1c nh\u00e0 cung c\u1ea5p s\u01a1n Seamaster\u00a0th\u01b0\u1eddng cung c\u1ea5p d\u1ecbch v\u1ee5 t\u01b0 v\u1ea5n, thi c\u00f4ng v\u00e0 b\u1ea3o tr\u00ec chuy\u00ean nghi\u1ec7p, gi\u00fap b\u1ea1n y\u00ean t\u00e2m v\u1ec1 ch\u1ea5t l\u01b0\u1ee3ng v\u00e0 hi\u1ec7u qu\u1ea3 s\u1eed d\u1ee5ng s\u1ea3n ph\u1ea9m.<\/span><\/h3>\n<\/li>\n<\/ul>\n<p><img loading=\"lazy\" decoding=\"async\" class=\" wp-image-5818 aligncenter\" src=\"https:\/\/tranthi.vn\/hochiminh\/wp-content\/uploads\/2024\/07\/son-seamaster.png\" alt=\"\" width=\"323\" height=\"323\" srcset=\"https:\/\/tranthi.vn\/hochiminh\/wp-content\/uploads\/2024\/07\/son-seamaster.png 300w, https:\/\/tranthi.vn\/hochiminh\/wp-content\/uploads\/2024\/07\/son-seamaster-100x100.png 100w\" sizes=\"auto, (max-width: 323px) 100vw, 323px\" \/><\/p>\n<h3><span style=\"font-family: 'times new roman', times, serif; font-size: 120%;\">Ngo\u00e0i vi\u1ec7c d\u1ec5 d\u00e0ng l\u1ef1a ch\u1ecdn \u0111\u01b0\u1ee3c s\u1ea3n ph\u1ea9m<a href=\"https:\/\/tranthi.vn\/danh-muc-san-pham\/son\/son-seamaster\/son-chong-tham\/\" target=\"_blank\" rel=\"noopener\"> s\u01a1n Seamaster<\/a> ph\u00f9 h\u1ee3p, kh\u00e1ch h\u00e0ng t\u1ea1i <a href=\"https:\/\/vi.wikipedia.org\/wiki\/Th%C3%A0nh_ph%E1%BB%91_H%E1%BB%93_Ch%C3%AD_Minh\" target=\"_blank\" rel=\"noopener\">TP. H\u1ed3 Ch\u00ed Minh<\/a> c\u00f2n c\u00f3 th\u1ec3 ch\u1ee7 \u0111\u1ed9ng \u0111\u1eb7t l\u1ecbch th\u1ee3 s\u01a1n th\u00f4ng qua \u1ee9ng d\u1ee5ng s\u1eeda ch\u1eefa v\u1eb7t ti\u1ec7n l\u1ee3i, gi\u00fap thi c\u00f4ng nhanh ch\u00f3ng, \u0111\u00fang k\u1ef9 thu\u1eadt.<\/span><\/h3>\n<p><iframe loading=\"lazy\" title=\"Quy m\u00f4 c\u1ee7a app G\u1ecdi th\u1ee3 s\u1eeda ch\u1eefa v\u1eb7t Tr\u1ea7n Th\u1ecb\" width=\"1020\" height=\"574\" src=\"https:\/\/www.youtube.com\/embed\/pJqt2gdUz8k?feature=oembed\" frameborder=\"0\" allow=\"accelerometer; autoplay; clipboard-write; encrypted-media; gyroscope; picture-in-picture; web-share\" referrerpolicy=\"strict-origin-when-cross-origin\" allowfullscreen><\/iframe><\/p>\n<h3><span style=\"font-family: 'times new roman', times, serif; font-size: 120%;\">D\u00f9 l\u00e0 s\u01a1n n\u1ed9i th\u1ea5t, ngo\u1ea1i th\u1ea5t hay x\u1eed l\u00fd ch\u1ed1ng th\u1ea5m, b\u1ea1n \u0111\u1ec1u c\u00f3 th\u1ec3 t\u00ecm th\u1ea5y \u0111\u1ed9i ng\u0169 th\u1ee3 chuy\u00ean nghi\u1ec7p, uy t\u00edn ngay tr\u00ean app \u2014 ti\u1ebft ki\u1ec7m th\u1eddi gian, chi ph\u00ed v\u00e0 \u0111\u1ea3m b\u1ea3o ch\u1ea5t l\u01b0\u1ee3ng c\u00f4ng tr\u00ecnh. \u0110\u00e2y l\u00e0 gi\u1ea3i ph\u00e1p t\u1ed1i \u01b0u cho nh\u1eefng ai mu\u1ed1n ho\u00e0n thi\u1ec7n nh\u00e0 c\u1eeda m\u1ed9t c\u00e1ch ch\u1ee7 \u0111\u1ed9ng v\u00e0 hi\u1ec7u qu\u1ea3.<\/span><\/h3>\n<figure id=\"attachment_5989\" aria-describedby=\"caption-attachment-5989\" style=\"width: 1400px\" class=\"wp-caption alignnone\"><img loading=\"lazy\" decoding=\"async\" class=\"size-full wp-image-5989\" src=\"https:\/\/tranthi.vn\/hochiminh\/wp-content\/uploads\/2021\/02\/app-goi-tho-chua-vat-Tran-Thi.png\" alt=\"app g\u1ecdi th\u1ee3 ch\u1eefa v\u1eb7t Tr\u1ea7n Th\u1ecb\" width=\"1400\" height=\"319\" srcset=\"https:\/\/tranthi.vn\/hochiminh\/wp-content\/uploads\/2021\/02\/app-goi-tho-chua-vat-Tran-Thi.png 1400w, https:\/\/tranthi.vn\/hochiminh\/wp-content\/uploads\/2021\/02\/app-goi-tho-chua-vat-Tran-Thi-768x175.png 768w, https:\/\/tranthi.vn\/hochiminh\/wp-content\/uploads\/2021\/02\/app-goi-tho-chua-vat-Tran-Thi-800x182.png 800w\" sizes=\"auto, (max-width: 1400px) 100vw, 1400px\" \/><figcaption id=\"caption-attachment-5989\" class=\"wp-caption-text\">app g\u1ecdi th\u1ee3 ch\u1eefa v\u1eb7t Tr\u1ea7n Th\u1ecb<\/figcaption><\/figure>\n","protected":false},"excerpt":{"rendered":"<p>S\u01a1n Seamaster Tp H\u1ed3 Ch\u00ed Minh S\u01a1n Seamaster &#8211; Gi\u1ea3i Ph\u00e1p S\u01a1n Cao C\u1ea5p Cho M\u1ecdi C\u00f4ng Tr\u00ecnh S\u01a1n Seamaster \u0111ang tr\u1edf th\u00e0nh m\u1ed9t trong nh\u1eefng l\u1ef1a ch\u1ecdn h\u00e0ng \u0111\u1ea7u t\u1ea1i Tp H\u1ed3 Ch\u00ed Minh khi n\u00f3i \u0111\u1ebfn vi\u1ec7c ho\u00e0n thi\u1ec7n v\u00e0 b\u1ea3o v\u1ec7 c\u00e1c c\u00f4ng tr\u00ecnh x\u00e2y d\u1ef1ng. \u0110\u01b0\u1ee3c bi\u1ebft \u0111\u1ebfn v\u1edbi ch\u1ea5t l\u01b0\u1ee3ng [&#8230;]\n","protected":false},"featured_media":5818,"comment_status":"closed","ping_status":"closed","template":"","meta":[],"product_cat":[15],"product_tag":[1042],"class_list":{"0":"post-5768","1":"product","2":"type-product","3":"status-publish","4":"has-post-thumbnail","6":"product_cat-chua-phan-loai","7":"product_tag-bang-gia-son-seamaster","9":"first","10":"instock","11":"shipping-taxable","12":"product-type-simple"},"yoast_head":"<!-- This site is optimized with the Yoast SEO Premium plugin v22.3 (Yoast SEO v22.4) - https:\/\/yoast.com\/wordpress\/plugins\/seo\/ -->\n<title>B\u1ea3ng gi\u00e1 s\u01a1n seamaster t\u1ea1i Tp H\u1ed3 Ch\u00ed Minh- 0947.335.871<\/title>\n<meta name=\"description\" content=\"Tr\u1ea7n Th\u1ecb - Chuy\u00ean cung c\u1ea5p S\u01a1n Seamaster gi\u00e1 r\u1ebb t\u1ea1i tp h\u1ed3 ch\u00ed minh, s\u00e0i g\u00f2n cho m\u1ecdi c\u00f4ng tr\u00ecnh t\u1eeb nh\u00e0 \u1edf \u0111\u1ebfn c\u00e1c c\u00f4ng tr\u00ecnh l\u1edbn\" \/>\n<meta name=\"robots\" content=\"index, follow, max-snippet:-1, max-image-preview:large, max-video-preview:-1\" \/>\n<link rel=\"canonical\" href=\"https:\/\/tranthi.vn\/hochiminh\/bang-gia-son-seamaster-ho-chi-minh-sai-gon\/\" \/>\n<meta property=\"og:locale\" content=\"vi_VN\" \/>\n<meta property=\"og:type\" content=\"article\" \/>\n<meta property=\"og:title\" content=\"B\u1ea3ng Gi\u00e1 S\u01a1n Seamaster\" \/>\n<meta property=\"og:description\" content=\"Tr\u1ea7n Th\u1ecb - Chuy\u00ean cung c\u1ea5p S\u01a1n Seamaster gi\u00e1 r\u1ebb t\u1ea1i tp h\u1ed3 ch\u00ed minh, s\u00e0i g\u00f2n cho m\u1ecdi c\u00f4ng tr\u00ecnh t\u1eeb nh\u00e0 \u1edf \u0111\u1ebfn c\u00e1c c\u00f4ng tr\u00ecnh l\u1edbn\" \/>\n<meta property=\"og:url\" content=\"https:\/\/tranthi.vn\/hochiminh\/bang-gia-son-seamaster-ho-chi-minh-sai-gon\/\" \/>\n<meta property=\"og:site_name\" content=\"V\u1eadt Li\u1ec7u X\u00e2y D\u1ef1ng Tr\u1ea7n Th\u1ecb Chi Nh\u00e1nh H\u1ed3 Ch\u00ed Minh\" \/>\n<meta property=\"article:modified_time\" content=\"2025-06-20T02:51:14+00:00\" \/>\n<meta property=\"og:image\" content=\"https:\/\/tranthi.vn\/hochiminh\/wp-content\/uploads\/2024\/07\/son-seamaster.png\" \/>\n\t<meta property=\"og:image:width\" content=\"300\" \/>\n\t<meta property=\"og:image:height\" content=\"300\" \/>\n\t<meta property=\"og:image:type\" content=\"image\/png\" \/>\n<meta name=\"twitter:card\" content=\"summary_large_image\" \/>\n<meta name=\"twitter:label1\" content=\"Gi\u00e1\" \/>\n\t<meta name=\"twitter:data1\" content=\"\" \/>\n\t<meta name=\"twitter:label2\" content=\"Kh\u1ea3 d\u1ee5ng\" \/>\n\t<meta name=\"twitter:data2\" content=\"Trong kho\" \/>\n<script type=\"application\/ld+json\" class=\"yoast-schema-graph\">{\"@context\":\"https:\/\/schema.org\",\"@graph\":[{\"@type\":[\"WebPage\",\"ItemPage\"],\"@id\":\"https:\/\/tranthi.vn\/hochiminh\/bang-gia-son-seamaster-ho-chi-minh-sai-gon\/\",\"url\":\"https:\/\/tranthi.vn\/hochiminh\/bang-gia-son-seamaster-ho-chi-minh-sai-gon\/\",\"name\":\"B\u1ea3ng gi\u00e1 s\u01a1n seamaster t\u1ea1i Tp H\u1ed3 Ch\u00ed Minh- 0947.335.871\",\"isPartOf\":{\"@id\":\"https:\/\/tranthi.vn\/hochiminh\/#website\"},\"primaryImageOfPage\":{\"@id\":\"https:\/\/tranthi.vn\/hochiminh\/bang-gia-son-seamaster-ho-chi-minh-sai-gon\/#primaryimage\"},\"image\":{\"@id\":\"https:\/\/tranthi.vn\/hochiminh\/bang-gia-son-seamaster-ho-chi-minh-sai-gon\/#primaryimage\"},\"thumbnailUrl\":\"https:\/\/tranthi.vn\/hochiminh\/wp-content\/uploads\/2024\/07\/son-seamaster.png\",\"datePublished\":\"2024-07-23T03:28:43+00:00\",\"dateModified\":\"2025-06-20T02:51:14+00:00\",\"description\":\"Tr\u1ea7n Th\u1ecb - Chuy\u00ean cung c\u1ea5p S\u01a1n Seamaster gi\u00e1 r\u1ebb t\u1ea1i tp h\u1ed3 ch\u00ed minh, s\u00e0i g\u00f2n cho m\u1ecdi c\u00f4ng tr\u00ecnh t\u1eeb nh\u00e0 \u1edf \u0111\u1ebfn c\u00e1c c\u00f4ng tr\u00ecnh l\u1edbn\",\"breadcrumb\":{\"@id\":\"https:\/\/tranthi.vn\/hochiminh\/bang-gia-son-seamaster-ho-chi-minh-sai-gon\/#breadcrumb\"},\"inLanguage\":\"vi\",\"potentialAction\":[{\"@type\":\"ReadAction\",\"target\":[\"https:\/\/tranthi.vn\/hochiminh\/bang-gia-son-seamaster-ho-chi-minh-sai-gon\/\"]}]},{\"@type\":\"ImageObject\",\"inLanguage\":\"vi\",\"@id\":\"https:\/\/tranthi.vn\/hochiminh\/bang-gia-son-seamaster-ho-chi-minh-sai-gon\/#primaryimage\",\"url\":\"https:\/\/tranthi.vn\/hochiminh\/wp-content\/uploads\/2024\/07\/son-seamaster.png\",\"contentUrl\":\"https:\/\/tranthi.vn\/hochiminh\/wp-content\/uploads\/2024\/07\/son-seamaster.png\",\"width\":300,\"height\":300},{\"@type\":\"BreadcrumbList\",\"@id\":\"https:\/\/tranthi.vn\/hochiminh\/bang-gia-son-seamaster-ho-chi-minh-sai-gon\/#breadcrumb\",\"itemListElement\":[{\"@type\":\"ListItem\",\"position\":1,\"name\":\"Trang ch\u1ee7\",\"item\":\"https:\/\/tranthi.vn\/hochiminh\/\"},{\"@type\":\"ListItem\",\"position\":2,\"name\":\"Shop\",\"item\":\"https:\/\/tranthi.vn\/hochiminh\/shop\/\"},{\"@type\":\"ListItem\",\"position\":3,\"name\":\"B\u1ea3ng Gi\u00e1 S\u01a1n Seamaster\"}]},{\"@type\":\"WebSite\",\"@id\":\"https:\/\/tranthi.vn\/hochiminh\/#website\",\"url\":\"https:\/\/tranthi.vn\/hochiminh\/\",\"name\":\"V\u1eadt Li\u1ec7u X\u00e2y D\u1ef1ng Tr\u1ea7n Th\u1ecb Chi Nh\u00e1nh H\u1ed3 Ch\u00ed Minh\",\"description\":\"V\u1eadt Li\u1ec7u X\u00e2y D\u1ef1ng - H\u1ed3 Ch\u00ed Minh\",\"potentialAction\":[{\"@type\":\"SearchAction\",\"target\":{\"@type\":\"EntryPoint\",\"urlTemplate\":\"https:\/\/tranthi.vn\/hochiminh\/?s={search_term_string}\"},\"query-input\":\"required name=search_term_string\"}],\"inLanguage\":\"vi\"},{\"@type\":\"ImageObject\",\"inLanguage\":\"vi\",\"@id\":\"https:\/\/tranthi.vn\/hochiminh\/bang-gia-son-seamaster-ho-chi-minh-sai-gon\/#local-main-organization-logo\",\"url\":\"\",\"contentUrl\":\"\",\"caption\":\"V\u1eadt Li\u1ec7u X\u00e2y D\u1ef1ng Tr\u1ea7n Th\u1ecb Chi Nh\u00e1nh H\u1ed3 Ch\u00ed Minh\"}]}<\/script>\n<meta property=\"product:price:amount\" content=\"0\" \/>\n<meta property=\"product:price:currency\" content=\"VND\" \/>\n<meta property=\"og:availability\" content=\"instock\" \/>\n<meta property=\"product:availability\" content=\"instock\" \/>\n<meta property=\"product:condition\" content=\"new\" \/>\n<!-- \/ Yoast SEO Premium plugin. -->","yoast_head_json":{"title":"B\u1ea3ng gi\u00e1 s\u01a1n seamaster t\u1ea1i Tp H\u1ed3 Ch\u00ed Minh- 0947.335.871","description":"Tr\u1ea7n Th\u1ecb - Chuy\u00ean cung c\u1ea5p S\u01a1n Seamaster gi\u00e1 r\u1ebb t\u1ea1i tp h\u1ed3 ch\u00ed minh, s\u00e0i g\u00f2n cho m\u1ecdi c\u00f4ng tr\u00ecnh t\u1eeb nh\u00e0 \u1edf \u0111\u1ebfn c\u00e1c c\u00f4ng tr\u00ecnh l\u1edbn","robots":{"index":"index","follow":"follow","max-snippet":"max-snippet:-1","max-image-preview":"max-image-preview:large","max-video-preview":"max-video-preview:-1"},"canonical":"https:\/\/tranthi.vn\/hochiminh\/bang-gia-son-seamaster-ho-chi-minh-sai-gon\/","og_locale":"vi_VN","og_type":"article","og_title":"B\u1ea3ng Gi\u00e1 S\u01a1n Seamaster","og_description":"Tr\u1ea7n Th\u1ecb - Chuy\u00ean cung c\u1ea5p S\u01a1n Seamaster gi\u00e1 r\u1ebb t\u1ea1i tp h\u1ed3 ch\u00ed minh, s\u00e0i g\u00f2n cho m\u1ecdi c\u00f4ng tr\u00ecnh t\u1eeb nh\u00e0 \u1edf \u0111\u1ebfn c\u00e1c c\u00f4ng tr\u00ecnh l\u1edbn","og_url":"https:\/\/tranthi.vn\/hochiminh\/bang-gia-son-seamaster-ho-chi-minh-sai-gon\/","og_site_name":"V\u1eadt Li\u1ec7u X\u00e2y D\u1ef1ng Tr\u1ea7n Th\u1ecb Chi Nh\u00e1nh H\u1ed3 Ch\u00ed Minh","article_modified_time":"2025-06-20T02:51:14+00:00","og_image":[{"width":300,"height":300,"url":"https:\/\/tranthi.vn\/hochiminh\/wp-content\/uploads\/2024\/07\/son-seamaster.png","type":"image\/png"}],"twitter_card":"summary_large_image","twitter_misc":{"Gi\u00e1":"","Kh\u1ea3 d\u1ee5ng":"Trong kho"},"schema":{"@context":"https:\/\/schema.org","@graph":[{"@type":["WebPage","ItemPage"],"@id":"https:\/\/tranthi.vn\/hochiminh\/bang-gia-son-seamaster-ho-chi-minh-sai-gon\/","url":"https:\/\/tranthi.vn\/hochiminh\/bang-gia-son-seamaster-ho-chi-minh-sai-gon\/","name":"B\u1ea3ng gi\u00e1 s\u01a1n seamaster t\u1ea1i Tp H\u1ed3 Ch\u00ed Minh- 0947.335.871","isPartOf":{"@id":"https:\/\/tranthi.vn\/hochiminh\/#website"},"primaryImageOfPage":{"@id":"https:\/\/tranthi.vn\/hochiminh\/bang-gia-son-seamaster-ho-chi-minh-sai-gon\/#primaryimage"},"image":{"@id":"https:\/\/tranthi.vn\/hochiminh\/bang-gia-son-seamaster-ho-chi-minh-sai-gon\/#primaryimage"},"thumbnailUrl":"https:\/\/tranthi.vn\/hochiminh\/wp-content\/uploads\/2024\/07\/son-seamaster.png","datePublished":"2024-07-23T03:28:43+00:00","dateModified":"2025-06-20T02:51:14+00:00","description":"Tr\u1ea7n Th\u1ecb - Chuy\u00ean cung c\u1ea5p S\u01a1n Seamaster gi\u00e1 r\u1ebb t\u1ea1i tp h\u1ed3 ch\u00ed minh, s\u00e0i g\u00f2n cho m\u1ecdi c\u00f4ng tr\u00ecnh t\u1eeb nh\u00e0 \u1edf \u0111\u1ebfn c\u00e1c c\u00f4ng tr\u00ecnh l\u1edbn","breadcrumb":{"@id":"https:\/\/tranthi.vn\/hochiminh\/bang-gia-son-seamaster-ho-chi-minh-sai-gon\/#breadcrumb"},"inLanguage":"vi","potentialAction":[{"@type":"ReadAction","target":["https:\/\/tranthi.vn\/hochiminh\/bang-gia-son-seamaster-ho-chi-minh-sai-gon\/"]}]},{"@type":"ImageObject","inLanguage":"vi","@id":"https:\/\/tranthi.vn\/hochiminh\/bang-gia-son-seamaster-ho-chi-minh-sai-gon\/#primaryimage","url":"https:\/\/tranthi.vn\/hochiminh\/wp-content\/uploads\/2024\/07\/son-seamaster.png","contentUrl":"https:\/\/tranthi.vn\/hochiminh\/wp-content\/uploads\/2024\/07\/son-seamaster.png","width":300,"height":300},{"@type":"BreadcrumbList","@id":"https:\/\/tranthi.vn\/hochiminh\/bang-gia-son-seamaster-ho-chi-minh-sai-gon\/#breadcrumb","itemListElement":[{"@type":"ListItem","position":1,"name":"Trang ch\u1ee7","item":"https:\/\/tranthi.vn\/hochiminh\/"},{"@type":"ListItem","position":2,"name":"Shop","item":"https:\/\/tranthi.vn\/hochiminh\/shop\/"},{"@type":"ListItem","position":3,"name":"B\u1ea3ng Gi\u00e1 S\u01a1n Seamaster"}]},{"@type":"WebSite","@id":"https:\/\/tranthi.vn\/hochiminh\/#website","url":"https:\/\/tranthi.vn\/hochiminh\/","name":"V\u1eadt Li\u1ec7u X\u00e2y D\u1ef1ng Tr\u1ea7n Th\u1ecb Chi Nh\u00e1nh H\u1ed3 Ch\u00ed Minh","description":"V\u1eadt Li\u1ec7u X\u00e2y D\u1ef1ng - H\u1ed3 Ch\u00ed Minh","potentialAction":[{"@type":"SearchAction","target":{"@type":"EntryPoint","urlTemplate":"https:\/\/tranthi.vn\/hochiminh\/?s={search_term_string}"},"query-input":"required name=search_term_string"}],"inLanguage":"vi"},{"@type":"ImageObject","inLanguage":"vi","@id":"https:\/\/tranthi.vn\/hochiminh\/bang-gia-son-seamaster-ho-chi-minh-sai-gon\/#local-main-organization-logo","url":"","contentUrl":"","caption":"V\u1eadt Li\u1ec7u X\u00e2y D\u1ef1ng Tr\u1ea7n Th\u1ecb Chi Nh\u00e1nh H\u1ed3 Ch\u00ed Minh"}]},"product_price_currency":"VND","og_availability":"instock","product_availability":"instock","product_condition":"new"},"_links":{"self":[{"href":"https:\/\/tranthi.vn\/hochiminh\/wp-json\/wp\/v2\/product\/5768","targetHints":{"allow":["GET"]}}],"collection":[{"href":"https:\/\/tranthi.vn\/hochiminh\/wp-json\/wp\/v2\/product"}],"about":[{"href":"https:\/\/tranthi.vn\/hochiminh\/wp-json\/wp\/v2\/types\/product"}],"replies":[{"embeddable":true,"href":"https:\/\/tranthi.vn\/hochiminh\/wp-json\/wp\/v2\/comments?post=5768"}],"wp:featuredmedia":[{"embeddable":true,"href":"https:\/\/tranthi.vn\/hochiminh\/wp-json\/wp\/v2\/media\/5818"}],"wp:attachment":[{"href":"https:\/\/tranthi.vn\/hochiminh\/wp-json\/wp\/v2\/media?parent=5768"}],"wp:term":[{"taxonomy":"product_cat","embeddable":true,"href":"https:\/\/tranthi.vn\/hochiminh\/wp-json\/wp\/v2\/product_cat?post=5768"},{"taxonomy":"product_tag","embeddable":true,"href":"https:\/\/tranthi.vn\/hochiminh\/wp-json\/wp\/v2\/product_tag?post=5768"}],"curies":[{"name":"wp","href":"https:\/\/api.w.org\/{rel}","templated":true}]}}