{"id":576,"date":"2020-02-16T05:41:57","date_gmt":"2020-02-16T05:41:57","guid":{"rendered":"http:\/\/new-tranthi.test\/san-pham\/dien-thoai-ban-co-dien-dt03\/"},"modified":"2022-04-26T09:24:42","modified_gmt":"2022-04-26T02:24:42","slug":"dien-thoai-ban-co-dien-dt03","status":"publish","type":"product","link":"https:\/\/tranthi.vn\/hochiminh\/dien-thoai-ban-co-dien-dt03\/","title":{"rendered":"\u0110i\u1ec7n Tho\u1ea1i B\u00e0n C\u1ed5 \u0110i\u1ec3n DT03"},"content":{"rendered":"","protected":false},"excerpt":{"rendered":"<p><span style=\"font-size: 130%; font-family: 'times new roman', times, serif; color: #282828;\"><img loading=\"lazy\" decoding=\"async\" class=\"\" src=\"https:\/\/static.xx.fbcdn.net\/images\/emoji.php\/v9\/tb\/1\/16\/1f388.png\" alt=\"\ud83c\udf88\" width=\"19\" height=\"19\" \/>\u00a0Ch\u1ea5t li\u1ec7u: \u0110\u1ed3ng thau nguy\u00ean ch\u1ea5t<\/span><\/p>\n<p><span style=\"font-size: 130%; font-family: 'times new roman', times, serif; color: #282828;\"><img loading=\"lazy\" decoding=\"async\" class=\"\" src=\"https:\/\/static.xx.fbcdn.net\/images\/emoji.php\/v9\/tb\/1\/16\/1f388.png\" alt=\"\ud83c\udf88\" width=\"19\" height=\"19\" \/>\u00a0Ki\u1ec3u quay s\u1ed1: V\u00f2ng quay s\u1ed1 c\u1ed5 \u0111i\u1ec3n<\/span><\/p>\n<p><span style=\"font-size: 130%; font-family: 'times new roman', times, serif; color: #282828;\"><img loading=\"lazy\" decoding=\"async\" class=\"\" src=\"https:\/\/static.xx.fbcdn.net\/images\/emoji.php\/v9\/tb\/1\/16\/1f388.png\" alt=\"\ud83c\udf88\" width=\"19\" height=\"19\" \/>\u00a0Ch\u1ebf \u0111\u1ed9 chu\u00f4ng c\u01a1 kh\u00ed<\/span><\/p>\n<p><span style=\"font-size: 130%; font-family: 'times new roman', times, serif; color: #282828;\"><img loading=\"lazy\" decoding=\"async\" class=\"\" src=\"https:\/\/static.xx.fbcdn.net\/images\/emoji.php\/v9\/tb\/1\/16\/1f388.png\" alt=\"\ud83c\udf88\" width=\"19\" height=\"19\" \/>\u00a0K\u1ebft n\u1ed1i: K\u1ebft n\u1ed1i d\u00e2y Line<\/span><\/p>\n<p><span style=\"font-size: 130%; font-family: 'times new roman', times, serif; color: #282828;\"><img loading=\"lazy\" decoding=\"async\" class=\"\" src=\"https:\/\/static.xx.fbcdn.net\/images\/emoji.php\/v9\/tb\/1\/16\/1f388.png\" alt=\"\ud83c\udf88\" width=\"19\" height=\"19\" \/>\u00a0Tr\u1ecdng l\u01b0\u1ee3ng: 3.5 kg<\/span><\/p>\n<p><span style=\"font-size: 130%; font-family: 'times new roman', times, serif; color: #282828;\"> <span style=\"color: #ff6600; font-size: 140%;\"><img loading=\"lazy\" decoding=\"async\" class=\"\" src=\"https:\/\/static.xx.fbcdn.net\/images\/emoji.php\/v9\/tb\/1\/16\/1f388.png\" alt=\"\ud83c\udf88\" width=\"19\" height=\"19\" \/> <\/span>B\u1ea3o h\u00e0nh 01 n\u0103m, b\u1ea3o tr\u00ec v\u0129nh vi\u1ec5n<\/span><\/p>\n<p><span style=\"font-family: 'times new roman', times, serif; font-size: 130%; color: #282828;\"><span style=\"color: #ff6600; font-size: 140%;\"><img loading=\"lazy\" decoding=\"async\" class=\"\" src=\"https:\/\/static.xx.fbcdn.net\/images\/emoji.php\/v9\/tb\/1\/16\/1f388.png\" alt=\"\ud83c\udf88\" width=\"19\" height=\"19\" \/><\/span>\u00a0\u0110\u01a1n v\u1ecb t\u00ednh : c\u00e1i<\/span><\/p>\n<p><span style=\"font-family: 'times new roman', times, serif; font-size: 130%; color: #282828;\"><span style=\"color: #ff6600; font-size: 140%;\"><img loading=\"lazy\" decoding=\"async\" class=\"\" src=\"https:\/\/static.xx.fbcdn.net\/images\/emoji.php\/v9\/tb\/1\/16\/1f388.png\" alt=\"\ud83c\udf88\" width=\"19\" height=\"19\" \/> <\/span>\u0110\u01a1n gi\u00e1 \u21d2<span style=\"color: #008000;\"> <strong>2.550.000\u0110\/ c\u00e1i<\/strong><\/span><\/span><\/p>\n<p><span style=\"font-family: 'times new roman', times, serif; font-size: 130%; color: #282828;\"><span style=\"color: #ff6600; font-size: 140%;\"><img loading=\"lazy\" decoding=\"async\" class=\"\" src=\"https:\/\/static.xx.fbcdn.net\/images\/emoji.php\/v9\/tb\/1\/16\/1f388.png\" alt=\"\ud83c\udf88\" width=\"19\" height=\"19\" \/> <\/span>Mi\u1ec5n ph\u00ed v\u1eadn chuy\u1ec3n trong Tp Hu\u1ebf. Ngo\u00e0i ra Tr\u1ea7n Th\u1ecb c\u00f3 giao h\u00e0ng \u0111\u1ebfn c\u00e1c huy\u1ec7n l\u00e2n c\u1eadn, ph\u00ed \u0111\u01b0\u1ee3c t\u00ednh t\u00f9y thu\u1ed9c v\u00e0o v\u1ecb tr\u00ed g\u1ea7n hay xa<\/span><\/p>\n","protected":false},"featured_media":4879,"comment_status":"open","ping_status":"closed","template":"","meta":[],"product_cat":[216,215],"product_tag":[888],"class_list":{"0":"post-576","1":"product","2":"type-product","3":"status-publish","4":"has-post-thumbnail","6":"product_cat-ban-quay-so-retro","7":"product_cat-dien-thoai-ban-co-dien","8":"product_tag-dien-thoai-ban-co-dien-trang-tri-dep-tai-hue","10":"first","11":"instock","12":"sale","13":"shipping-taxable","14":"purchasable","15":"product-type-simple"},"yoast_head":"<!-- This site is optimized with the Yoast SEO Premium plugin v22.3 (Yoast SEO v22.4) - https:\/\/yoast.com\/wordpress\/plugins\/seo\/ -->\n<title>\u0110i\u1ec7n Tho\u1ea1i B\u00e0n C\u1ed5 \u0110i\u1ec3n DT03 - V\u1eadt Li\u1ec7u X\u00e2y D\u1ef1ng Tr\u1ea7n Th\u1ecb Chi Nh\u00e1nh H\u1ed3 Ch\u00ed Minh<\/title>\n<meta name=\"robots\" content=\"index, follow, max-snippet:-1, max-image-preview:large, max-video-preview:-1\" \/>\n<link rel=\"canonical\" href=\"https:\/\/tranthi.vn\/hochiminh\/dien-thoai-ban-co-dien-dt03\/\" \/>\n<meta property=\"og:locale\" content=\"vi_VN\" \/>\n<meta property=\"og:type\" content=\"article\" \/>\n<meta property=\"og:title\" content=\"\u0110i\u1ec7n Tho\u1ea1i B\u00e0n C\u1ed5 \u0110i\u1ec3n DT03\" \/>\n<meta property=\"og:description\" content=\"\u00a0Ch\u1ea5t li\u1ec7u: \u0110\u1ed3ng thau nguy\u00ean ch\u1ea5t  \u00a0Ki\u1ec3u quay s\u1ed1: V\u00f2ng quay s\u1ed1 c\u1ed5 \u0111i\u1ec3n  \u00a0Ch\u1ebf \u0111\u1ed9 chu\u00f4ng c\u01a1 kh\u00ed  \u00a0K\u1ebft n\u1ed1i: K\u1ebft n\u1ed1i d\u00e2y Line  \u00a0Tr\u1ecdng l\u01b0\u1ee3ng: 3.5 kg   B\u1ea3o h\u00e0nh 01 n\u0103m, b\u1ea3o tr\u00ec v\u0129nh vi\u1ec5n  \u00a0\u0110\u01a1n v\u1ecb t\u00ednh : c\u00e1i   \u0110\u01a1n gi\u00e1 \u21d2 2.550.000\u0110\/ c\u00e1i   Mi\u1ec5n ph\u00ed v\u1eadn chuy\u1ec3n trong Tp Hu\u1ebf. Ngo\u00e0i ra Tr\u1ea7n Th\u1ecb c\u00f3 giao h\u00e0ng \u0111\u1ebfn c\u00e1c huy\u1ec7n l\u00e2n c\u1eadn, ph\u00ed \u0111\u01b0\u1ee3c t\u00ednh t\u00f9y thu\u1ed9c v\u00e0o v\u1ecb tr\u00ed g\u1ea7n hay xa\" \/>\n<meta property=\"og:url\" content=\"https:\/\/tranthi.vn\/hochiminh\/dien-thoai-ban-co-dien-dt03\/\" \/>\n<meta property=\"og:site_name\" content=\"V\u1eadt Li\u1ec7u X\u00e2y D\u1ef1ng Tr\u1ea7n Th\u1ecb Chi Nh\u00e1nh H\u1ed3 Ch\u00ed Minh\" \/>\n<meta property=\"article:modified_time\" content=\"2022-04-26T02:24:42+00:00\" \/>\n<meta property=\"og:image\" content=\"https:\/\/tranthi.vn\/hochiminh\/wp-content\/uploads\/2020\/02\/dien-thoai-ban-co-dien-trang-tri-dep-tai-Hue.jpg\" \/>\n\t<meta property=\"og:image:width\" content=\"768\" \/>\n\t<meta property=\"og:image:height\" content=\"648\" \/>\n\t<meta property=\"og:image:type\" content=\"image\/jpeg\" \/>\n<meta name=\"twitter:card\" content=\"summary_large_image\" \/>\n<meta name=\"twitter:label1\" content=\"Gi\u00e1\" \/>\n\t<meta name=\"twitter:data1\" content=\"2,550,000&nbsp;&#8363;\" \/>\n\t<meta name=\"twitter:label2\" content=\"Kh\u1ea3 d\u1ee5ng\" \/>\n\t<meta name=\"twitter:data2\" content=\"Trong kho\" \/>\n<script type=\"application\/ld+json\" class=\"yoast-schema-graph\">{\"@context\":\"https:\/\/schema.org\",\"@graph\":[{\"@type\":[\"WebPage\",\"ItemPage\"],\"@id\":\"https:\/\/tranthi.vn\/hochiminh\/dien-thoai-ban-co-dien-dt03\/\",\"url\":\"https:\/\/tranthi.vn\/hochiminh\/dien-thoai-ban-co-dien-dt03\/\",\"name\":\"\u0110i\u1ec7n Tho\u1ea1i B\u00e0n C\u1ed5 \u0110i\u1ec3n DT03 - V\u1eadt Li\u1ec7u X\u00e2y D\u1ef1ng Tr\u1ea7n Th\u1ecb Chi Nh\u00e1nh H\u1ed3 Ch\u00ed Minh\",\"isPartOf\":{\"@id\":\"https:\/\/tranthi.vn\/hochiminh\/#website\"},\"primaryImageOfPage\":{\"@id\":\"https:\/\/tranthi.vn\/hochiminh\/dien-thoai-ban-co-dien-dt03\/#primaryimage\"},\"image\":{\"@id\":\"https:\/\/tranthi.vn\/hochiminh\/dien-thoai-ban-co-dien-dt03\/#primaryimage\"},\"thumbnailUrl\":\"https:\/\/tranthi.vn\/hochiminh\/wp-content\/uploads\/2020\/02\/dien-thoai-ban-co-dien-trang-tri-dep-tai-Hue.jpg\",\"datePublished\":\"2020-02-16T05:41:57+00:00\",\"dateModified\":\"2022-04-26T02:24:42+00:00\",\"breadcrumb\":{\"@id\":\"https:\/\/tranthi.vn\/hochiminh\/dien-thoai-ban-co-dien-dt03\/#breadcrumb\"},\"inLanguage\":\"vi\",\"potentialAction\":[{\"@type\":\"ReadAction\",\"target\":[\"https:\/\/tranthi.vn\/hochiminh\/dien-thoai-ban-co-dien-dt03\/\"]}]},{\"@type\":\"ImageObject\",\"inLanguage\":\"vi\",\"@id\":\"https:\/\/tranthi.vn\/hochiminh\/dien-thoai-ban-co-dien-dt03\/#primaryimage\",\"url\":\"https:\/\/tranthi.vn\/hochiminh\/wp-content\/uploads\/2020\/02\/dien-thoai-ban-co-dien-trang-tri-dep-tai-Hue.jpg\",\"contentUrl\":\"https:\/\/tranthi.vn\/hochiminh\/wp-content\/uploads\/2020\/02\/dien-thoai-ban-co-dien-trang-tri-dep-tai-Hue.jpg\",\"width\":768,\"height\":648,\"caption\":\"\u0111i\u1ec7n tho\u1ea1i b\u00e0n c\u1ed5 \u0111i\u1ec3n trang tr\u00ed \u0111\u1eb9p t\u1ea1i Hu\u1ebf\"},{\"@type\":\"BreadcrumbList\",\"@id\":\"https:\/\/tranthi.vn\/hochiminh\/dien-thoai-ban-co-dien-dt03\/#breadcrumb\",\"itemListElement\":[{\"@type\":\"ListItem\",\"position\":1,\"name\":\"Trang ch\u1ee7\",\"item\":\"https:\/\/tranthi.vn\/hochiminh\/\"},{\"@type\":\"ListItem\",\"position\":2,\"name\":\"Shop\",\"item\":\"https:\/\/tranthi.vn\/hochiminh\/shop\/\"},{\"@type\":\"ListItem\",\"position\":3,\"name\":\"\u0110i\u1ec7n Tho\u1ea1i B\u00e0n C\u1ed5 \u0110i\u1ec3n DT03\"}]},{\"@type\":\"WebSite\",\"@id\":\"https:\/\/tranthi.vn\/hochiminh\/#website\",\"url\":\"https:\/\/tranthi.vn\/hochiminh\/\",\"name\":\"V\u1eadt Li\u1ec7u X\u00e2y D\u1ef1ng Tr\u1ea7n Th\u1ecb Chi Nh\u00e1nh H\u1ed3 Ch\u00ed Minh\",\"description\":\"V\u1eadt Li\u1ec7u X\u00e2y D\u1ef1ng - H\u1ed3 Ch\u00ed Minh\",\"potentialAction\":[{\"@type\":\"SearchAction\",\"target\":{\"@type\":\"EntryPoint\",\"urlTemplate\":\"https:\/\/tranthi.vn\/hochiminh\/?s={search_term_string}\"},\"query-input\":\"required name=search_term_string\"}],\"inLanguage\":\"vi\"},{\"@type\":\"ImageObject\",\"inLanguage\":\"vi\",\"@id\":\"https:\/\/tranthi.vn\/hochiminh\/dien-thoai-ban-co-dien-dt03\/#local-main-organization-logo\",\"url\":\"\",\"contentUrl\":\"\",\"caption\":\"V\u1eadt Li\u1ec7u X\u00e2y D\u1ef1ng Tr\u1ea7n Th\u1ecb Chi Nh\u00e1nh H\u1ed3 Ch\u00ed Minh\"}]}<\/script>\n<meta property=\"product:price:amount\" content=\"2550000\" \/>\n<meta property=\"product:price:currency\" content=\"VND\" \/>\n<meta property=\"og:availability\" content=\"instock\" \/>\n<meta property=\"product:availability\" content=\"instock\" \/>\n<meta property=\"product:condition\" content=\"new\" \/>\n<!-- \/ Yoast SEO Premium plugin. -->","yoast_head_json":{"title":"\u0110i\u1ec7n Tho\u1ea1i B\u00e0n C\u1ed5 \u0110i\u1ec3n DT03 - V\u1eadt Li\u1ec7u X\u00e2y D\u1ef1ng Tr\u1ea7n Th\u1ecb Chi Nh\u00e1nh H\u1ed3 Ch\u00ed Minh","robots":{"index":"index","follow":"follow","max-snippet":"max-snippet:-1","max-image-preview":"max-image-preview:large","max-video-preview":"max-video-preview:-1"},"canonical":"https:\/\/tranthi.vn\/hochiminh\/dien-thoai-ban-co-dien-dt03\/","og_locale":"vi_VN","og_type":"article","og_title":"\u0110i\u1ec7n Tho\u1ea1i B\u00e0n C\u1ed5 \u0110i\u1ec3n DT03","og_description":"\u00a0Ch\u1ea5t li\u1ec7u: \u0110\u1ed3ng thau nguy\u00ean ch\u1ea5t  \u00a0Ki\u1ec3u quay s\u1ed1: V\u00f2ng quay s\u1ed1 c\u1ed5 \u0111i\u1ec3n  \u00a0Ch\u1ebf \u0111\u1ed9 chu\u00f4ng c\u01a1 kh\u00ed  \u00a0K\u1ebft n\u1ed1i: K\u1ebft n\u1ed1i d\u00e2y Line  \u00a0Tr\u1ecdng l\u01b0\u1ee3ng: 3.5 kg   B\u1ea3o h\u00e0nh 01 n\u0103m, b\u1ea3o tr\u00ec v\u0129nh vi\u1ec5n  \u00a0\u0110\u01a1n v\u1ecb t\u00ednh : c\u00e1i   \u0110\u01a1n gi\u00e1 \u21d2 2.550.000\u0110\/ c\u00e1i   Mi\u1ec5n ph\u00ed v\u1eadn chuy\u1ec3n trong Tp Hu\u1ebf. Ngo\u00e0i ra Tr\u1ea7n Th\u1ecb c\u00f3 giao h\u00e0ng \u0111\u1ebfn c\u00e1c huy\u1ec7n l\u00e2n c\u1eadn, ph\u00ed \u0111\u01b0\u1ee3c t\u00ednh t\u00f9y thu\u1ed9c v\u00e0o v\u1ecb tr\u00ed g\u1ea7n hay xa","og_url":"https:\/\/tranthi.vn\/hochiminh\/dien-thoai-ban-co-dien-dt03\/","og_site_name":"V\u1eadt Li\u1ec7u X\u00e2y D\u1ef1ng Tr\u1ea7n Th\u1ecb Chi Nh\u00e1nh H\u1ed3 Ch\u00ed Minh","article_modified_time":"2022-04-26T02:24:42+00:00","og_image":[{"width":768,"height":648,"url":"https:\/\/tranthi.vn\/hochiminh\/wp-content\/uploads\/2020\/02\/dien-thoai-ban-co-dien-trang-tri-dep-tai-Hue.jpg","type":"image\/jpeg"}],"twitter_card":"summary_large_image","twitter_misc":{"Gi\u00e1":"2,550,000&nbsp;&#8363;","Kh\u1ea3 d\u1ee5ng":"Trong kho"},"schema":{"@context":"https:\/\/schema.org","@graph":[{"@type":["WebPage","ItemPage"],"@id":"https:\/\/tranthi.vn\/hochiminh\/dien-thoai-ban-co-dien-dt03\/","url":"https:\/\/tranthi.vn\/hochiminh\/dien-thoai-ban-co-dien-dt03\/","name":"\u0110i\u1ec7n Tho\u1ea1i B\u00e0n C\u1ed5 \u0110i\u1ec3n DT03 - V\u1eadt Li\u1ec7u X\u00e2y D\u1ef1ng Tr\u1ea7n Th\u1ecb Chi Nh\u00e1nh H\u1ed3 Ch\u00ed Minh","isPartOf":{"@id":"https:\/\/tranthi.vn\/hochiminh\/#website"},"primaryImageOfPage":{"@id":"https:\/\/tranthi.vn\/hochiminh\/dien-thoai-ban-co-dien-dt03\/#primaryimage"},"image":{"@id":"https:\/\/tranthi.vn\/hochiminh\/dien-thoai-ban-co-dien-dt03\/#primaryimage"},"thumbnailUrl":"https:\/\/tranthi.vn\/hochiminh\/wp-content\/uploads\/2020\/02\/dien-thoai-ban-co-dien-trang-tri-dep-tai-Hue.jpg","datePublished":"2020-02-16T05:41:57+00:00","dateModified":"2022-04-26T02:24:42+00:00","breadcrumb":{"@id":"https:\/\/tranthi.vn\/hochiminh\/dien-thoai-ban-co-dien-dt03\/#breadcrumb"},"inLanguage":"vi","potentialAction":[{"@type":"ReadAction","target":["https:\/\/tranthi.vn\/hochiminh\/dien-thoai-ban-co-dien-dt03\/"]}]},{"@type":"ImageObject","inLanguage":"vi","@id":"https:\/\/tranthi.vn\/hochiminh\/dien-thoai-ban-co-dien-dt03\/#primaryimage","url":"https:\/\/tranthi.vn\/hochiminh\/wp-content\/uploads\/2020\/02\/dien-thoai-ban-co-dien-trang-tri-dep-tai-Hue.jpg","contentUrl":"https:\/\/tranthi.vn\/hochiminh\/wp-content\/uploads\/2020\/02\/dien-thoai-ban-co-dien-trang-tri-dep-tai-Hue.jpg","width":768,"height":648,"caption":"\u0111i\u1ec7n tho\u1ea1i b\u00e0n c\u1ed5 \u0111i\u1ec3n trang tr\u00ed \u0111\u1eb9p t\u1ea1i Hu\u1ebf"},{"@type":"BreadcrumbList","@id":"https:\/\/tranthi.vn\/hochiminh\/dien-thoai-ban-co-dien-dt03\/#breadcrumb","itemListElement":[{"@type":"ListItem","position":1,"name":"Trang ch\u1ee7","item":"https:\/\/tranthi.vn\/hochiminh\/"},{"@type":"ListItem","position":2,"name":"Shop","item":"https:\/\/tranthi.vn\/hochiminh\/shop\/"},{"@type":"ListItem","position":3,"name":"\u0110i\u1ec7n Tho\u1ea1i B\u00e0n C\u1ed5 \u0110i\u1ec3n DT03"}]},{"@type":"WebSite","@id":"https:\/\/tranthi.vn\/hochiminh\/#website","url":"https:\/\/tranthi.vn\/hochiminh\/","name":"V\u1eadt Li\u1ec7u X\u00e2y D\u1ef1ng Tr\u1ea7n Th\u1ecb Chi Nh\u00e1nh H\u1ed3 Ch\u00ed Minh","description":"V\u1eadt Li\u1ec7u X\u00e2y D\u1ef1ng - H\u1ed3 Ch\u00ed Minh","potentialAction":[{"@type":"SearchAction","target":{"@type":"EntryPoint","urlTemplate":"https:\/\/tranthi.vn\/hochiminh\/?s={search_term_string}"},"query-input":"required name=search_term_string"}],"inLanguage":"vi"},{"@type":"ImageObject","inLanguage":"vi","@id":"https:\/\/tranthi.vn\/hochiminh\/dien-thoai-ban-co-dien-dt03\/#local-main-organization-logo","url":"","contentUrl":"","caption":"V\u1eadt Li\u1ec7u X\u00e2y D\u1ef1ng Tr\u1ea7n Th\u1ecb Chi Nh\u00e1nh H\u1ed3 Ch\u00ed Minh"}]},"product_price_amount":"2550000","product_price_currency":"VND","og_availability":"instock","product_availability":"instock","product_condition":"new"},"_links":{"self":[{"href":"https:\/\/tranthi.vn\/hochiminh\/wp-json\/wp\/v2\/product\/576","targetHints":{"allow":["GET"]}}],"collection":[{"href":"https:\/\/tranthi.vn\/hochiminh\/wp-json\/wp\/v2\/product"}],"about":[{"href":"https:\/\/tranthi.vn\/hochiminh\/wp-json\/wp\/v2\/types\/product"}],"replies":[{"embeddable":true,"href":"https:\/\/tranthi.vn\/hochiminh\/wp-json\/wp\/v2\/comments?post=576"}],"wp:featuredmedia":[{"embeddable":true,"href":"https:\/\/tranthi.vn\/hochiminh\/wp-json\/wp\/v2\/media\/4879"}],"wp:attachment":[{"href":"https:\/\/tranthi.vn\/hochiminh\/wp-json\/wp\/v2\/media?parent=576"}],"wp:term":[{"taxonomy":"product_cat","embeddable":true,"href":"https:\/\/tranthi.vn\/hochiminh\/wp-json\/wp\/v2\/product_cat?post=576"},{"taxonomy":"product_tag","embeddable":true,"href":"https:\/\/tranthi.vn\/hochiminh\/wp-json\/wp\/v2\/product_tag?post=576"}],"curies":[{"name":"wp","href":"https:\/\/api.w.org\/{rel}","templated":true}]}}