{"id":5717,"date":"2024-07-20T07:59:34","date_gmt":"2024-07-20T00:59:34","guid":{"rendered":"https:\/\/tranthi.vn\/hochiminh\/?post_type=product&#038;p=5717"},"modified":"2024-10-31T14:34:53","modified_gmt":"2024-10-31T07:34:53","slug":"bang-gia-ton-hoa-sen-tai-tp-ho-chi-minh","status":"publish","type":"product","link":"https:\/\/tranthi.vn\/hochiminh\/bang-gia-ton-hoa-sen-tai-tp-ho-chi-minh\/","title":{"rendered":"B\u1ea3ng Gi\u00e1 T\u00f4n Hoa Sen T\u1ea1i TP H\u1ed3 Ch\u00ed Minh"},"content":{"rendered":"<h1 style=\"text-align: center;\"><a href=\"https:\/\/tranthi.vn\/bang-gia-ton-hoa-sen-tai-da-nang\/\"><strong><span style=\"font-family: 'times new roman', times, serif;\">B\u1ea3ng gi\u00e1 t\u00f4n hoa sen Tp H\u1ed3 Ch\u00ed Minh<\/span><\/strong><\/a><\/h1>\n<h1><strong>T\u00f4n l\u00e0 g\u00ec<\/strong><\/h1>\n<p><span style=\"font-size: 105%;\"><em><strong>T\u00f4n<\/strong><\/em> th\u01b0\u1eddng \u0111\u01b0\u1ee3c g\u1ecdi t\u1eaft v\u1edbi t\u00ean ti\u1ebfng anh l\u00e0 Tole, l<\/span><\/p>\n<p><span style=\"font-size: 105%;\">\u00e0 m\u1ed9t lo\u1ea1i v\u1eadt li\u1ec7u \u0111\u01b0\u1ee3c l\u00e0m b\u1eb1ng kim lo\u1ea1i c\u00e1n m\u1ecfng v\u00e0 c\u00f3 ph\u1ee7 th\u00eam m\u1ed9t l\u1edbp k\u1ebdm b\u00ean ngo\u00e0i th\u00f4n<\/span><\/p>\n<p><span style=\"font-size: 105%;\">g qua c\u00e1c qu\u00e1 tr\u00ecnh nh\u00fang n\u00f3ng l\u1ea1nh. Ngo\u00e0i ra, t\u00f4n c\u00f2n \u0111\u01b0\u1ee3c hi\u1ec3u r\u00f5 h\u01a1n v\u1edbi c\u00e1c ngh\u0129a kh\u00e1c nh\u01b0 t\u1ea5m th\u00e9p m\u1ecfng, m\u1ea1 k\u1ebdm, nh\u00f4m k\u1ebdm, c\u00e1n s\u00f3ng, l\u1ee3p tr\u1ea7n,&#8230;..<\/span><\/p>\n<p><span style=\"font-size: 105%;\">C\u00f3 r\u1ea5t nhi\u1ec1u lo\u1ea1i t\u00f4n \u0111\u01b0\u1ee3c d\u00f9ng ph\u1ed5 bi\u1ebfn t\u1ea1i Vi\u1ec7t N<\/span><\/p>\n<p><span style=\"font-size: 105%;\">am trong \u0111\u00f3 c\u00f3 t\u00f4n l\u1ea1nh m\u00e0u, t\u00f4n c\u00e1ch nhi\u1ec7t, t\u00f4n nh\u1ef1a l\u1ea5y s\u00e1ng, m\u1ea1 k\u1ebdm, m\u1ea1 h\u1ed9p kim trong \u0111\u00f3 \u0111\u01b0<\/span><\/p>\n<p><span style=\"font-size: 105%;\">\u1ee3c c\u00e1n r\u1ea5t nhi\u1ec1u s\u00f3ng nh\u01b0 5 s\u00f3ng, 9 s\u00f3ng, 11 s\u00f3ng, <strong><em>t\u00f4n<\/em><\/strong> gi\u1ea3 ng\u00f3i,&#8230;. \u0111\u01b0\u1ee3c d\u00f9ng r\u1ea5t nhi\u1ec1u cho c\u00e1c c\u00f4ng tr\u00ecnh nh\u00e0 \u1edf, nh\u00e0 c\u1ea5p 4, nh\u00e0 ph\u1ed1, kho b\u00e3i, nh\u00e0 x\u01b0\u1edfng,&#8230;..<\/span><\/p>\n<h1 style=\"text-align: center;\"><a href=\"https:\/\/tranthi.vn\/bang-gia-ton-hoa-sen-tai-da-nang\/\"><strong><span style=\"font-family: 'times new roman', times, serif;\"><img loading=\"lazy\" decoding=\"async\" class=\"wp-image-5783 aligncenter\" src=\"https:\/\/tranthi.vn\/hochiminh\/wp-content\/uploads\/2024\/07\/ton-hoa-sen.png\" alt=\"\" width=\"346\" height=\"247\" \/><\/span><\/strong><\/a><\/h1>\n<ul>\n<li><span style=\"font-size: 105%;\">T\u1ea1i <a href=\"https:\/\/vi.wikipedia.org\/wiki\/Tr%E1%BB%A5_s%E1%BB%9F_%E1%BB%A6y_ban_nh%C3%A2n_d%C3%A2n_Th%C3%A0nh_ph%E1%BB%91_H%E1%BB%93_Ch%C3%AD_Minh\">Tp H\u1ed3 Ch\u00ed Minh <\/a>nh\u00e0 ph\u00e2n ph\u1ed1i th\u01b0\u1eddng ph\u00e2n ph\u1ed1i t\u1ea1i c\u00e1c cung \u0111\u01b0\u1eddng l\u1edbn<\/span><\/li>\n<li><\/li>\n<\/ul>\n<p style=\"text-align: center;\"><iframe loading=\"lazy\" src=\"\/\/www.youtube.com\/embed\/81mwiti9o7Y\" width=\"560\" height=\"314\" allowfullscreen=\"allowfullscreen\" data-mce-fragment=\"1\"><\/iframe><\/p>\n<ul>\n<li>\n<h2>H\u01b0\u1edbng d\u1eabn\u00a0<span data-sheets-userformat=\"{\" data-sheets-value=\"{\">c\u00e1ch l\u1ee3p t\u00f4n \u0111\u00fang k\u1ef9 thu\u1eadt<\/span><\/h2>\n<p><span data-sheets-userformat=\"{\" data-sheets-value=\"{\">\u0110i\u1ec1u \u0111\u1ea7u ti\u00ean \u0111\u1ec3 l\u1ee3p m\u00e1i t\u00f4n \u0111\u00fang c\u00e1ch th\u00ec b\u1ea1n ph\u1ea3i \u0111o \u0111\u1ea1c cho ch\u00ednh x\u00e1c k\u00edch th\u01b0\u1edbc, x\u00e1c \u0111\u1ecbnh \u0111\u1ed9 d\u1ed1c c\u1ee7a m\u00e1i nh\u00e0, \u0111\u1ed9 nghi\u00eang v\u00e0 \u0111i\u1ec3m cao \u0111i\u1ec3m th\u1ea5p c\u1ee7a n\u01a1i b\u1ea1n c\u1ea7n l\u1ee3p. \u0110\u00e2y ch\u00ednh l\u00e0 y\u1ebfu t\u1ed1 quan tr\u1ecdng \u0111\u1ec3 quy\u1ebft \u0111\u1ecbnh t\u00ednh th\u1ea9m m\u1ef9 ng\u00f4i nh\u00e0 c\u1ee7a b\u1ea1n. Sau khi \u0111\u00e3 x\u00e1c \u0111\u1ecbnh k\u00edch th\u01b0\u1edbc c\u0169ng nh\u01b0 c\u00e1c \u0111\u1ed9 cao v\u00e0 \u0111\u1ed9 d\u1ed1c b\u1ea1n c\u00f3 th\u1ec3 t\u00ednh \u0111\u01b0\u1ee3c kho\u1ea3ng c\u00e1ch x\u00e0 g\u1ed3 m\u00e1i t\u00f4n sao cho ph\u00f9 h\u1ee3p. B\u00ecnh th\u01b0\u1eddng, m\u00e1i nh\u00e0 hay c\u00f3 \u0111\u1ed9 d\u1ed1c d\u01b0\u1edbi 8%, m\u00e1i c\u00e0ng d\u1ed1c th\u00ec \u0111\u1ed9 tho\u00e1t n\u01b0\u1edbc c\u00e0ng nhanh.<\/span><\/p>\n<p><span data-sheets-userformat=\"{\" data-sheets-value=\"{\">C\u00f4ng th\u1ee9c c\u01a1 b\u1ea3n \u0111\u1ec3 t\u00ednh \u0111\u1ed9 d\u1ed1c \u0111\u00f3 ch\u00ednh l\u00e0 I = H\/L<\/span><\/p>\n<p>Trong \u0111\u00f3:<br \/>\nI l\u00e0 ch\u1ec9 \u0111\u1ed9 d\u1ed1c<br \/>\nH l\u00e0 chi\u1ec1u cao c\u1ee7a m\u00e1i<br \/>\nL l\u00e0 chi\u1ec1u d\u00e0i c\u1ee7a m\u00e1i<\/li>\n<\/ul>\n<p style=\"text-align: center;\"><iframe loading=\"lazy\" src=\"\/\/www.youtube.com\/embed\/TxLuz20LW10\" width=\"560\" height=\"314\" allowfullscreen=\"allowfullscreen\" data-mce-fragment=\"1\"><\/iframe><\/p>\n<h2>Ph\u00e2n bi\u1ec7t T\u00f4n Hoa Sen ch\u00ednh h\u00e3ng v\u1edbi d\u00f2ng in tr\u00ean T\u00f4n<\/h2>\n<div>Khi mua\u00a0<a href=\"https:\/\/hoasenhome.vn\/ton-hoa-sen\" target=\"_blank\" rel=\"noopener\">s\u1ea3n ph\u1ea9m T\u00f4n Hoa Sen<\/a>, kh\u00e1ch h\u00e0ng s\u1ebd th\u1ea5y r\u00f5 c\u00e1c th\u00f4ng tin \u0111\u01b0\u1ee3c in tr\u00ean b\u1ec1 m\u1eb7t c\u1ee7a s\u1ea3n ph\u1ea9m. V\u1edbi T\u00f4n Hoa Sen ch\u00ednh h\u00e3ng cho th\u1ecb tr\u01b0\u1eddng n\u1ed9i \u0111\u1ecba, d\u00f2ng in th\u1ec3 hi\u1ec7n r\u00f5 v\u00e0 c\u1ee5 th\u1ec3 c\u00e1c th\u00f4ng tin v\u1ec1 s\u1ea3n ph\u1ea9m nh\u01b0 sau:\u00a0\u201cS\u1ed1 m\u00e9t_<strong><em>T\u00f4n Hoa<\/em><\/strong> <strong>Sen<\/strong>_Th\u01b0\u01a1ng Hi\u1ec7u Qu\u1ed1c gia_Lo\u1ea1i s\u1ea3n ph\u1ea9m_\u0110\u1ed9 d\u00e0y s\u1ea3n ph\u1ea9m (dung sai)_M\u00e3 s\u1ed1 cu\u1ed9n_Ng\u00e0y s\u1ea3n xu\u1ea5t\u201d.<\/div>\n<div>*Quy \u0111\u1ecbnh d\u00f2ng in:<\/div>\n<div>&#8211; Quy \u0111\u1ecbnh font ch\u1eef: s\u1eed d\u1ee5ng font ch\u1eef Arial<\/div>\n<div>&#8211; C\u1ee1 ch\u1eef: c\u00f3 chi\u1ec1u cao 10mm<\/div>\n<div>&#8211; Kho\u1ea3ng c\u00e1ch gi\u1eefa 2 d\u00f2ng in: m\u1ed7i 4m l\u1eb7p l\u1ea1i m\u1ed9t l\u1ea7n in.<\/div>\n<div>\u0110\u1ed1i v\u1edbi h\u00e0ng gi\u1ea3, h\u00e0ng nh\u00e1i, do\u0300ng in tr\u00ean b\u00ea\u0300 m\u0103\u0323t t\u00f4n se\u0303 kh\u00f4ng ro\u0303 ra\u0300ng va\u0300 \u0111\u00e2\u0300y \u0111u\u0309 th\u00f4ng tin ho\u0103\u0323c do\u0300ng in b\u1ecb m\u01a1\u0300, bi\u0323 t\u00e2\u0309y xo\u0301a.<\/div>\n<div><img loading=\"lazy\" decoding=\"async\" class=\"wp-image-5785 aligncenter\" src=\"https:\/\/tranthi.vn\/hochiminh\/wp-content\/uploads\/2024\/07\/ton-hoa-sen-2.png\" alt=\"\" width=\"333\" height=\"238\" \/><\/div>\n","protected":false},"excerpt":{"rendered":"<p>B\u1ea3ng gi\u00e1 t\u00f4n hoa sen Tp H\u1ed3 Ch\u00ed Minh T\u00f4n l\u00e0 g\u00ec T\u00f4n th\u01b0\u1eddng \u0111\u01b0\u1ee3c g\u1ecdi t\u1eaft v\u1edbi t\u00ean ti\u1ebfng anh l\u00e0 Tole, l \u00e0 m\u1ed9t lo\u1ea1i v\u1eadt li\u1ec7u \u0111\u01b0\u1ee3c l\u00e0m b\u1eb1ng kim lo\u1ea1i c\u00e1n m\u1ecfng v\u00e0 c\u00f3 ph\u1ee7 th\u00eam m\u1ed9t l\u1edbp k\u1ebdm b\u00ean ngo\u00e0i th\u00f4n g qua c\u00e1c qu\u00e1 tr\u00ecnh nh\u00fang n\u00f3ng l\u1ea1nh. Ngo\u00e0i [&#8230;]\n","protected":false},"featured_media":0,"comment_status":"closed","ping_status":"closed","template":"","meta":[],"product_cat":[15],"product_tag":[],"class_list":{"0":"post-5717","1":"product","2":"type-product","3":"status-publish","5":"product_cat-chua-phan-loai","7":"first","8":"instock","9":"shipping-taxable","10":"product-type-simple"},"yoast_head":"<!-- This site is optimized with the Yoast SEO Premium plugin v22.3 (Yoast SEO v22.4) - https:\/\/yoast.com\/wordpress\/plugins\/seo\/ -->\n<title>Gi\u00e1 t\u00f4n hoa sen t\u1ea1i Tp H\u1ed3 Ch\u00ed Minh- 0947.335.871<\/title>\n<meta name=\"description\" content=\"Gi\u00e1 t\u00f4n hoa sen t\u1ea1i Tp H\u1ed3 Ch\u00ed Minh- 0947.335.871 Tr\u1ea7n th\u1ecb. Cung c\u1ea5p h\u00e0ng ho\u00e1 uy t\u00edn ch\u1ea5t l\u01b0\u1ee3ng tham kh\u1ea3o t\u1ea1i web: tranthi.vn \u0111\u1ec3 bi\u1ebft th\u00eam chi t\u1ebft\" \/>\n<meta name=\"robots\" content=\"index, follow, max-snippet:-1, max-image-preview:large, max-video-preview:-1\" \/>\n<link rel=\"canonical\" href=\"https:\/\/tranthi.vn\/hochiminh\/bang-gia-ton-hoa-sen-tai-tp-ho-chi-minh\/\" \/>\n<meta property=\"og:locale\" content=\"vi_VN\" \/>\n<meta property=\"og:type\" content=\"article\" \/>\n<meta property=\"og:title\" content=\"B\u1ea3ng Gi\u00e1 T\u00f4n Hoa Sen T\u1ea1i TP H\u1ed3 Ch\u00ed Minh\" \/>\n<meta property=\"og:description\" content=\"Gi\u00e1 t\u00f4n hoa sen t\u1ea1i Tp H\u1ed3 Ch\u00ed Minh- 0947.335.871 Tr\u1ea7n th\u1ecb. Cung c\u1ea5p h\u00e0ng ho\u00e1 uy t\u00edn ch\u1ea5t l\u01b0\u1ee3ng tham kh\u1ea3o t\u1ea1i web: tranthi.vn \u0111\u1ec3 bi\u1ebft th\u00eam chi t\u1ebft\" \/>\n<meta property=\"og:url\" content=\"https:\/\/tranthi.vn\/hochiminh\/bang-gia-ton-hoa-sen-tai-tp-ho-chi-minh\/\" \/>\n<meta property=\"og:site_name\" content=\"V\u1eadt Li\u1ec7u X\u00e2y D\u1ef1ng Tr\u1ea7n Th\u1ecb Chi Nh\u00e1nh H\u1ed3 Ch\u00ed Minh\" \/>\n<meta property=\"article:modified_time\" content=\"2024-10-31T07:34:53+00:00\" \/>\n<meta property=\"og:image\" content=\"https:\/\/tranthi.vn\/hochiminh\/wp-content\/uploads\/2024\/07\/ton-hoa-sen.png\" \/>\n<meta name=\"twitter:card\" content=\"summary_large_image\" \/>\n<meta name=\"twitter:label1\" content=\"Gi\u00e1\" \/>\n\t<meta name=\"twitter:data1\" content=\"\" \/>\n\t<meta name=\"twitter:label2\" content=\"Kh\u1ea3 d\u1ee5ng\" \/>\n\t<meta name=\"twitter:data2\" content=\"Trong kho\" \/>\n<script type=\"application\/ld+json\" class=\"yoast-schema-graph\">{\"@context\":\"https:\/\/schema.org\",\"@graph\":[{\"@type\":[\"WebPage\",\"ItemPage\"],\"@id\":\"https:\/\/tranthi.vn\/hochiminh\/bang-gia-ton-hoa-sen-tai-tp-ho-chi-minh\/\",\"url\":\"https:\/\/tranthi.vn\/hochiminh\/bang-gia-ton-hoa-sen-tai-tp-ho-chi-minh\/\",\"name\":\"Gi\u00e1 t\u00f4n hoa sen t\u1ea1i Tp H\u1ed3 Ch\u00ed Minh- 0947.335.871\",\"isPartOf\":{\"@id\":\"https:\/\/tranthi.vn\/hochiminh\/#website\"},\"primaryImageOfPage\":{\"@id\":\"https:\/\/tranthi.vn\/hochiminh\/bang-gia-ton-hoa-sen-tai-tp-ho-chi-minh\/#primaryimage\"},\"image\":{\"@id\":\"https:\/\/tranthi.vn\/hochiminh\/bang-gia-ton-hoa-sen-tai-tp-ho-chi-minh\/#primaryimage\"},\"thumbnailUrl\":\"https:\/\/tranthi.vn\/hochiminh\/wp-content\/uploads\/2024\/07\/ton-hoa-sen.png\",\"datePublished\":\"2024-07-20T00:59:34+00:00\",\"dateModified\":\"2024-10-31T07:34:53+00:00\",\"description\":\"Gi\u00e1 t\u00f4n hoa sen t\u1ea1i Tp H\u1ed3 Ch\u00ed Minh- 0947.335.871 Tr\u1ea7n th\u1ecb. Cung c\u1ea5p h\u00e0ng ho\u00e1 uy t\u00edn ch\u1ea5t l\u01b0\u1ee3ng tham kh\u1ea3o t\u1ea1i web: tranthi.vn \u0111\u1ec3 bi\u1ebft th\u00eam chi t\u1ebft\",\"breadcrumb\":{\"@id\":\"https:\/\/tranthi.vn\/hochiminh\/bang-gia-ton-hoa-sen-tai-tp-ho-chi-minh\/#breadcrumb\"},\"inLanguage\":\"vi\",\"potentialAction\":[{\"@type\":\"ReadAction\",\"target\":[\"https:\/\/tranthi.vn\/hochiminh\/bang-gia-ton-hoa-sen-tai-tp-ho-chi-minh\/\"]}]},{\"@type\":\"ImageObject\",\"inLanguage\":\"vi\",\"@id\":\"https:\/\/tranthi.vn\/hochiminh\/bang-gia-ton-hoa-sen-tai-tp-ho-chi-minh\/#primaryimage\",\"url\":\"https:\/\/tranthi.vn\/hochiminh\/wp-content\/uploads\/2024\/07\/ton-hoa-sen.png\",\"contentUrl\":\"https:\/\/tranthi.vn\/hochiminh\/wp-content\/uploads\/2024\/07\/ton-hoa-sen.png\",\"width\":266,\"height\":190},{\"@type\":\"BreadcrumbList\",\"@id\":\"https:\/\/tranthi.vn\/hochiminh\/bang-gia-ton-hoa-sen-tai-tp-ho-chi-minh\/#breadcrumb\",\"itemListElement\":[{\"@type\":\"ListItem\",\"position\":1,\"name\":\"Trang ch\u1ee7\",\"item\":\"https:\/\/tranthi.vn\/hochiminh\/\"},{\"@type\":\"ListItem\",\"position\":2,\"name\":\"Shop\",\"item\":\"https:\/\/tranthi.vn\/hochiminh\/shop\/\"},{\"@type\":\"ListItem\",\"position\":3,\"name\":\"B\u1ea3ng Gi\u00e1 T\u00f4n Hoa Sen T\u1ea1i TP H\u1ed3 Ch\u00ed Minh\"}]},{\"@type\":\"WebSite\",\"@id\":\"https:\/\/tranthi.vn\/hochiminh\/#website\",\"url\":\"https:\/\/tranthi.vn\/hochiminh\/\",\"name\":\"V\u1eadt Li\u1ec7u X\u00e2y D\u1ef1ng Tr\u1ea7n Th\u1ecb Chi Nh\u00e1nh H\u1ed3 Ch\u00ed Minh\",\"description\":\"V\u1eadt Li\u1ec7u X\u00e2y D\u1ef1ng - H\u1ed3 Ch\u00ed Minh\",\"potentialAction\":[{\"@type\":\"SearchAction\",\"target\":{\"@type\":\"EntryPoint\",\"urlTemplate\":\"https:\/\/tranthi.vn\/hochiminh\/?s={search_term_string}\"},\"query-input\":\"required name=search_term_string\"}],\"inLanguage\":\"vi\"},{\"@type\":\"ImageObject\",\"inLanguage\":\"vi\",\"@id\":\"https:\/\/tranthi.vn\/hochiminh\/bang-gia-ton-hoa-sen-tai-tp-ho-chi-minh\/#local-main-organization-logo\",\"url\":\"\",\"contentUrl\":\"\",\"caption\":\"V\u1eadt Li\u1ec7u X\u00e2y D\u1ef1ng Tr\u1ea7n Th\u1ecb Chi Nh\u00e1nh H\u1ed3 Ch\u00ed Minh\"}]}<\/script>\n<meta property=\"product:price:amount\" content=\"0\" \/>\n<meta property=\"product:price:currency\" content=\"VND\" \/>\n<meta property=\"og:availability\" content=\"instock\" \/>\n<meta property=\"product:availability\" content=\"instock\" \/>\n<meta property=\"product:condition\" content=\"new\" \/>\n<!-- \/ Yoast SEO Premium plugin. -->","yoast_head_json":{"title":"Gi\u00e1 t\u00f4n hoa sen t\u1ea1i Tp H\u1ed3 Ch\u00ed Minh- 0947.335.871","description":"Gi\u00e1 t\u00f4n hoa sen t\u1ea1i Tp H\u1ed3 Ch\u00ed Minh- 0947.335.871 Tr\u1ea7n th\u1ecb. Cung c\u1ea5p h\u00e0ng ho\u00e1 uy t\u00edn ch\u1ea5t l\u01b0\u1ee3ng tham kh\u1ea3o t\u1ea1i web: tranthi.vn \u0111\u1ec3 bi\u1ebft th\u00eam chi t\u1ebft","robots":{"index":"index","follow":"follow","max-snippet":"max-snippet:-1","max-image-preview":"max-image-preview:large","max-video-preview":"max-video-preview:-1"},"canonical":"https:\/\/tranthi.vn\/hochiminh\/bang-gia-ton-hoa-sen-tai-tp-ho-chi-minh\/","og_locale":"vi_VN","og_type":"article","og_title":"B\u1ea3ng Gi\u00e1 T\u00f4n Hoa Sen T\u1ea1i TP H\u1ed3 Ch\u00ed Minh","og_description":"Gi\u00e1 t\u00f4n hoa sen t\u1ea1i Tp H\u1ed3 Ch\u00ed Minh- 0947.335.871 Tr\u1ea7n th\u1ecb. Cung c\u1ea5p h\u00e0ng ho\u00e1 uy t\u00edn ch\u1ea5t l\u01b0\u1ee3ng tham kh\u1ea3o t\u1ea1i web: tranthi.vn \u0111\u1ec3 bi\u1ebft th\u00eam chi t\u1ebft","og_url":"https:\/\/tranthi.vn\/hochiminh\/bang-gia-ton-hoa-sen-tai-tp-ho-chi-minh\/","og_site_name":"V\u1eadt Li\u1ec7u X\u00e2y D\u1ef1ng Tr\u1ea7n Th\u1ecb Chi Nh\u00e1nh H\u1ed3 Ch\u00ed Minh","article_modified_time":"2024-10-31T07:34:53+00:00","og_image":[{"url":"https:\/\/tranthi.vn\/hochiminh\/wp-content\/uploads\/2024\/07\/ton-hoa-sen.png"}],"twitter_card":"summary_large_image","twitter_misc":{"Gi\u00e1":"","Kh\u1ea3 d\u1ee5ng":"Trong kho"},"schema":{"@context":"https:\/\/schema.org","@graph":[{"@type":["WebPage","ItemPage"],"@id":"https:\/\/tranthi.vn\/hochiminh\/bang-gia-ton-hoa-sen-tai-tp-ho-chi-minh\/","url":"https:\/\/tranthi.vn\/hochiminh\/bang-gia-ton-hoa-sen-tai-tp-ho-chi-minh\/","name":"Gi\u00e1 t\u00f4n hoa sen t\u1ea1i Tp H\u1ed3 Ch\u00ed Minh- 0947.335.871","isPartOf":{"@id":"https:\/\/tranthi.vn\/hochiminh\/#website"},"primaryImageOfPage":{"@id":"https:\/\/tranthi.vn\/hochiminh\/bang-gia-ton-hoa-sen-tai-tp-ho-chi-minh\/#primaryimage"},"image":{"@id":"https:\/\/tranthi.vn\/hochiminh\/bang-gia-ton-hoa-sen-tai-tp-ho-chi-minh\/#primaryimage"},"thumbnailUrl":"https:\/\/tranthi.vn\/hochiminh\/wp-content\/uploads\/2024\/07\/ton-hoa-sen.png","datePublished":"2024-07-20T00:59:34+00:00","dateModified":"2024-10-31T07:34:53+00:00","description":"Gi\u00e1 t\u00f4n hoa sen t\u1ea1i Tp H\u1ed3 Ch\u00ed Minh- 0947.335.871 Tr\u1ea7n th\u1ecb. Cung c\u1ea5p h\u00e0ng ho\u00e1 uy t\u00edn ch\u1ea5t l\u01b0\u1ee3ng tham kh\u1ea3o t\u1ea1i web: tranthi.vn \u0111\u1ec3 bi\u1ebft th\u00eam chi t\u1ebft","breadcrumb":{"@id":"https:\/\/tranthi.vn\/hochiminh\/bang-gia-ton-hoa-sen-tai-tp-ho-chi-minh\/#breadcrumb"},"inLanguage":"vi","potentialAction":[{"@type":"ReadAction","target":["https:\/\/tranthi.vn\/hochiminh\/bang-gia-ton-hoa-sen-tai-tp-ho-chi-minh\/"]}]},{"@type":"ImageObject","inLanguage":"vi","@id":"https:\/\/tranthi.vn\/hochiminh\/bang-gia-ton-hoa-sen-tai-tp-ho-chi-minh\/#primaryimage","url":"https:\/\/tranthi.vn\/hochiminh\/wp-content\/uploads\/2024\/07\/ton-hoa-sen.png","contentUrl":"https:\/\/tranthi.vn\/hochiminh\/wp-content\/uploads\/2024\/07\/ton-hoa-sen.png","width":266,"height":190},{"@type":"BreadcrumbList","@id":"https:\/\/tranthi.vn\/hochiminh\/bang-gia-ton-hoa-sen-tai-tp-ho-chi-minh\/#breadcrumb","itemListElement":[{"@type":"ListItem","position":1,"name":"Trang ch\u1ee7","item":"https:\/\/tranthi.vn\/hochiminh\/"},{"@type":"ListItem","position":2,"name":"Shop","item":"https:\/\/tranthi.vn\/hochiminh\/shop\/"},{"@type":"ListItem","position":3,"name":"B\u1ea3ng Gi\u00e1 T\u00f4n Hoa Sen T\u1ea1i TP H\u1ed3 Ch\u00ed Minh"}]},{"@type":"WebSite","@id":"https:\/\/tranthi.vn\/hochiminh\/#website","url":"https:\/\/tranthi.vn\/hochiminh\/","name":"V\u1eadt Li\u1ec7u X\u00e2y D\u1ef1ng Tr\u1ea7n Th\u1ecb Chi Nh\u00e1nh H\u1ed3 Ch\u00ed Minh","description":"V\u1eadt Li\u1ec7u X\u00e2y D\u1ef1ng - H\u1ed3 Ch\u00ed Minh","potentialAction":[{"@type":"SearchAction","target":{"@type":"EntryPoint","urlTemplate":"https:\/\/tranthi.vn\/hochiminh\/?s={search_term_string}"},"query-input":"required name=search_term_string"}],"inLanguage":"vi"},{"@type":"ImageObject","inLanguage":"vi","@id":"https:\/\/tranthi.vn\/hochiminh\/bang-gia-ton-hoa-sen-tai-tp-ho-chi-minh\/#local-main-organization-logo","url":"","contentUrl":"","caption":"V\u1eadt Li\u1ec7u X\u00e2y D\u1ef1ng Tr\u1ea7n Th\u1ecb Chi Nh\u00e1nh H\u1ed3 Ch\u00ed Minh"}]},"product_price_currency":"VND","og_availability":"instock","product_availability":"instock","product_condition":"new"},"_links":{"self":[{"href":"https:\/\/tranthi.vn\/hochiminh\/wp-json\/wp\/v2\/product\/5717","targetHints":{"allow":["GET"]}}],"collection":[{"href":"https:\/\/tranthi.vn\/hochiminh\/wp-json\/wp\/v2\/product"}],"about":[{"href":"https:\/\/tranthi.vn\/hochiminh\/wp-json\/wp\/v2\/types\/product"}],"replies":[{"embeddable":true,"href":"https:\/\/tranthi.vn\/hochiminh\/wp-json\/wp\/v2\/comments?post=5717"}],"wp:attachment":[{"href":"https:\/\/tranthi.vn\/hochiminh\/wp-json\/wp\/v2\/media?parent=5717"}],"wp:term":[{"taxonomy":"product_cat","embeddable":true,"href":"https:\/\/tranthi.vn\/hochiminh\/wp-json\/wp\/v2\/product_cat?post=5717"},{"taxonomy":"product_tag","embeddable":true,"href":"https:\/\/tranthi.vn\/hochiminh\/wp-json\/wp\/v2\/product_tag?post=5717"}],"curies":[{"name":"wp","href":"https:\/\/api.w.org\/{rel}","templated":true}]}}