{"id":5644,"date":"2024-07-14T15:44:48","date_gmt":"2024-07-14T08:44:48","guid":{"rendered":"https:\/\/tranthi.vn\/hochiminh\/?post_type=product&#038;p=5644"},"modified":"2025-06-19T17:16:56","modified_gmt":"2025-06-19T10:16:56","slug":"son-toa-gia-re-tai-tp-ho-chi-minh","status":"publish","type":"product","link":"https:\/\/tranthi.vn\/hochiminh\/son-toa-gia-re-tai-tp-ho-chi-minh\/","title":{"rendered":"s\u01a1n toa gi\u00e1 r\u1ebb t\u1ea1i TP. H\u1ed3 Ch\u00ed Minh"},"content":{"rendered":"<h1 style=\"text-align: center;\"><span style=\"font-family: 'times new roman', times, serif; font-size: 140%;\"><a href=\"https:\/\/tranthi.vn\/hochiminh\/son-toa-gia-re-tai-tp-ho-chi-minh\/\">S\u01a1n toa t\u1ea1i Tp H\u1ed3 Ch\u00ed Minh<\/a><\/span><\/h1>\n<p><span style=\"font-family: 'times new roman', times, serif; font-size: 140%;\"><strong data-start=\"0\" data-end=\"31\"><a href=\"https:\/\/tranthi.vn\/hochiminh\/son-toa-gia-re-tai-tp-ho-chi-minh\/\" target=\"_blank\" rel=\"noopener\">S\u01a1n TOA<\/a> t\u1ea1i <a href=\"https:\/\/vi.wikipedia.org\/wiki\/Th%C3%A0nh_ph%E1%BB%91_H%E1%BB%93_Ch%C3%AD_Minh\" target=\"_blank\" rel=\"noopener\">TP. H\u1ed3 Ch\u00ed Minh<\/a><\/strong> \u0111\u01b0\u1ee3c \u01b0a chu\u1ed9ng nh\u1edd m\u00e0u s\u1eafc \u0111a d\u1ea1ng, \u0111\u1ed9 b\u1ec1n cao v\u00e0 kh\u1ea3 n\u0103ng ch\u1ed1ng th\u1ea5m t\u1ed1t \u2013 r\u1ea5t ph\u00f9 h\u1ee3p v\u1edbi th\u1eddi ti\u1ebft n\u1eafng n\u00f3ng, m\u01b0a nhi\u1ec1u c\u1ee7a khu v\u1ef1c.<\/span><\/p>\n<p><iframe loading=\"lazy\" title=\"s\u01a1n toa \u0110\u00e0 N\u1eb5ng quanr tr\u1ecb#s\u01a1n_toa_qu\u1ea3ng_tr\u1ecb#d\u00e0_n\u1eb5ng\" width=\"1020\" height=\"574\" src=\"https:\/\/www.youtube.com\/embed\/GCrhX15X-60?feature=oembed\" frameborder=\"0\" allow=\"accelerometer; autoplay; clipboard-write; encrypted-media; gyroscope; picture-in-picture; web-share\" referrerpolicy=\"strict-origin-when-cross-origin\" allowfullscreen><\/iframe><\/p>\n<h4 data-start=\"395\" data-end=\"446\"><span style=\"font-size: 140%; font-family: 'times new roman', times, serif;\">\u01afu \u0111i\u1ec3m c\u1ee7a s\u01a1n TOA t\u1ea1i <a href=\"https:\/\/vi.wikipedia.org\/wiki\/Th%C3%A0nh_ph%E1%BB%91_H%E1%BB%93_Ch%C3%AD_Minh\" target=\"_blank\" rel=\"noopener\">TP. H\u1ed3 Ch\u00ed Minh<\/a><\/span><\/h4>\n<ul data-start=\"447\" data-end=\"825\">\n<li data-start=\"447\" data-end=\"554\">\n<p data-start=\"449\" data-end=\"554\"><span style=\"font-size: 140%; font-family: 'times new roman', times, serif;\">Ch\u1ed1ng th\u1ea5m v\u01b0\u1ee3t tr\u1ed9i: Ph\u00f9 h\u1ee3p cho t\u01b0\u1eddng ngo\u00e0i tr\u1eddi, s\u00e2n th\u01b0\u1ee3ng v\u00e0 khu v\u1ef1c th\u01b0\u1eddng xuy\u00ean ti\u1ebfp x\u00fac n\u01b0\u1edbc.<\/span><\/p>\n<\/li>\n<li data-start=\"555\" data-end=\"655\">\n<p data-start=\"557\" data-end=\"655\"><span style=\"font-size: 140%; font-family: 'times new roman', times, serif;\">\u0110\u1ed9 b\u1ec1n m\u00e0u cao: M\u00e0u s\u01a1n l\u00e2u phai, gi\u1eef \u0111\u01b0\u1ee3c \u0111\u1ed9 t\u01b0\u01a1i s\u00e1ng trong \u0111i\u1ec1u ki\u1ec7n th\u1eddi ti\u1ebft kh\u1eafc nghi\u1ec7t.<\/span><\/p>\n<\/li>\n<li data-start=\"656\" data-end=\"731\">\n<p data-start=\"658\" data-end=\"731\"><span style=\"font-size: 140%; font-family: 'times new roman', times, serif;\">M\u00e0u s\u1eafc \u0111a d\u1ea1ng: \u0110\u00e1p \u1ee9ng m\u1ecdi nhu c\u1ea7u th\u1ea9m m\u1ef9 t\u1eeb c\u1ed5 \u0111i\u1ec3n \u0111\u1ebfn hi\u1ec7n \u0111\u1ea1i.<\/span><\/p>\n<\/li>\n<li data-start=\"732\" data-end=\"825\">\n<p data-start=\"734\" data-end=\"825\"><span style=\"font-size: 140%; font-family: 'times new roman', times, serif;\">D\u1ec5 thi c\u00f4ng, \u00edt m\u00f9i kh\u00f3 ch\u1ecbu: Mang l\u1ea1i tr\u1ea3i nghi\u1ec7m d\u1ec5 ch\u1ecbu cho th\u1ee3 thi c\u00f4ng v\u00e0 gia ch\u1ee7.<\/span><\/p>\n<\/li>\n<\/ul>\n<figure id=\"attachment_5987\" aria-describedby=\"caption-attachment-5987\" style=\"width: 369px\" class=\"wp-caption aligncenter\"><img loading=\"lazy\" decoding=\"async\" class=\" wp-image-5987\" src=\"https:\/\/tranthi.vn\/hochiminh\/wp-content\/uploads\/2024\/07\/Mau-son-toa-Ha-Noi.png\" alt=\"M\u1eabu s\u01a1n toa TP H\u1ed3 CH\u00ed Minh\" width=\"369\" height=\"610\" \/><figcaption id=\"caption-attachment-5987\" class=\"wp-caption-text\">M\u1eabu s\u01a1n toa TP H\u1ed3 CH\u00ed Minh<\/figcaption><\/figure>\n<p><span style=\"font-family: 'times new roman', times, serif; font-size: 140%;\"><a href=\"https:\/\/tranthi.vn\/hochiminh\/son-toa-gia-re-tai-tp-ho-chi-minh\/\" target=\"_blank\" rel=\"noopener\">S\u01a1n TOA<\/a> t\u1ea1i <a href=\"https:\/\/vi.wikipedia.org\/wiki\/Th%C3%A0nh_ph%E1%BB%91_H%E1%BB%93_Ch%C3%AD_Minh\" target=\"_blank\" rel=\"noopener\">TP. H\u1ed3 Ch\u00ed Minh<\/a> \u0111\u01b0\u1ee3c \u01b0a chu\u1ed9ng kh\u00f4ng ch\u1ec9 v\u00ec \u0111\u1ed9 b\u1ec1n, kh\u1ea3 n\u0103ng ch\u1ed1ng th\u1ea5m cao m\u00e0 c\u00f2n b\u1edfi ti\u00eau chu\u1ea9n an to\u00e0n m\u00f4i tr\u01b0\u1eddng. <\/span><\/p>\n<p><span style=\"font-family: 'times new roman', times, serif; font-size: 140%;\">\u0110\u1eb7c bi\u1ec7t, c\u00e1c d\u00f2ng s\u1ea3n ph\u1ea9m thu\u1ed9c TOA Greenovation \u2013 quy \u0111\u1ecbnh d\u00e0nh cho c\u00e1c ch\u1ea5t ph\u1ee7 b\u1ec1 m\u1eb7t c\u00f3 h\u00e0m l\u01b0\u1ee3ng ch\u1ea5t h\u1eefu c\u01a1 bay h\u01a1i (VOC) th\u1ea5p nh\u01b0 s\u01a1n, ch\u1ea5t nhu\u1ed9m m\u00e0u g\u1ed7 v\u00e0 d\u1ea7u b\u00f3ng \u2013 r\u1ea5t ph\u00f9 h\u1ee3p v\u1edbi xu h\u01b0\u1edbng s\u1ed1ng xanh, s\u1ea1ch, an to\u00e0n cho s\u1ee9c kh\u1ecfe trong \u0111i\u1ec1u ki\u1ec7n kh\u00ed h\u1eadu kh\u1eafc nghi\u1ec7t c\u1ee7a khu v\u1ef1c.<\/span><\/p>\n<p>&nbsp;<\/p>\n<figure id=\"attachment_5809\" aria-describedby=\"caption-attachment-5809\" style=\"width: 424px\" class=\"wp-caption aligncenter\"><img loading=\"lazy\" decoding=\"async\" class=\" wp-image-5809\" src=\"https:\/\/tranthi.vn\/hochiminh\/wp-content\/uploads\/2024\/07\/son-toa.png\" alt=\"\" width=\"424\" height=\"303\" \/><figcaption id=\"caption-attachment-5809\" class=\"wp-caption-text\">S\u01a1n TOA t\u1ea1i H\u1ed3 Ch\u00ed Minh (S\u00e0i G\u00f2n)<\/figcaption><\/figure>\n<ul>\n<li><span style=\"font-family: 'times new roman', times, serif; font-size: 140%;\">V\u1edbi \u0111\u1ecbnh h\u01b0\u1edbng TOA Greenovation \u2013 <a href=\"https:\/\/tranthi.vn\/hochiminh\/son-toa-gia-re-tai-tp-ho-chi-minh\/\" target=\"_blank\" rel=\"noopener\"><em><strong>S\u01a1n TOA<\/strong><\/em><\/a> Vi\u1ec7t Nam lu\u00f4n \u0111\u1eb7t ti\u00eau ch\u00ed h\u00e0ng \u0111\u1ea7u trong s\u1ea3n xu\u1ea5t:<br \/>\n<\/span><\/li>\n<li><span style=\"font-family: 'times new roman', times, serif; font-size: 140%;\">S\u1ea3n ph\u1ea9m ph\u1ea3i mang t\u00ednh an to\u00e0n, th\u00e2n thi\u1ec7n v\u1edbi m\u00f4i tr\u01b0\u1eddng, s\u01a1n kh\u00f4ng ch\u1ec9 l\u00e0 ch\u1ea5t ph\u1ee7 trang tr\u00ed b\u1ec1 m\u1eb7t t\u01b0\u1eddng, m\u00e0 c\u00f2n b\u1ea3o v\u1ec7 \u0111\u01b0\u1ee3c ng\u01b0\u1eddi s\u1eed d\u1ee5ng, gi\u00fap h\u1ecd c\u00f3 m\u00f4i tr\u01b0\u1eddng s\u1ed1ng xanh, s\u1ea1ch v\u00e0 an to\u00e0n nh\u1ea5t.<\/span><\/li>\n<\/ul>\n<p style=\"text-align: center;\"><iframe loading=\"lazy\" src=\"\/\/www.youtube.com\/embed\/fCcnTY-OJhg\" width=\"560\" height=\"314\" allowfullscreen=\"allowfullscreen\"><\/iframe><\/p>\n<h2><span style=\"font-family: 'times new roman', times, serif; font-size: 140%;\">Hi\u1ec7n t\u01b0\u1ee3ng bong tr\u00f3c<\/span><\/h2>\n<h3><span style=\"font-family: 'times new roman', times, serif; font-size: 140%;\">Nguy\u00ean nh\u00e2n<\/span><\/h3>\n<p><span style=\"font-family: 'times new roman', times, serif; font-size: 140%;\">T\u01b0\u1eddng, b\u00ea t\u00f4ng c\u00f2n \u0111\u1ed9 \u1ea9m cao, h\u01a1i \u1ea9m ti\u1ebfp t\u1ee5c tho\u00e1t ra b\u1ec1 m\u1eb7t t\u01b0\u1eddng l\u00e0m gi\u1ea3m\u0111\u1ed9 b\u00e1m d\u00ednh c\u1ee7a m\u00e0ng s\u01a1n.<\/span><br \/>\n<span style=\"font-family: 'times new roman', times, serif; font-size: 140%;\">C\u00f4ng t\u00e1c chu\u1ea9n b\u1ecb b\u1ec1 m\u1eb7t ch\u01b0a \u0111\u1ea1t y\u00eau c\u1ea7u k\u1ef9 thu\u1eadt, b\u1ec1 m\u1eb7t c\u00f2n b\u1ecb b\u00e1m b\u1ea9n.<\/span><br \/>\n<span style=\"font-family: 'times new roman', times, serif; font-size: 140%;\">S\u1eed d\u1ee5ng s\u01a1n ch\u1ea5t l\u01b0\u1ee3ng th\u1ea5p.<\/span><\/p>\n<p style=\"text-align: center;\"><iframe loading=\"lazy\" src=\"\/\/www.youtube.com\/embed\/4bRu2IFA-lA\" width=\"536\" height=\"300\" allowfullscreen=\"allowfullscreen\"><\/iframe><\/p>\n<h3><span style=\"font-family: 'times new roman', times, serif; font-size: 140%;\">Gi\u1ea3i ph\u00e1p x\u1eed l\u00fd<\/span><\/h3>\n<ul>\n<li><span style=\"font-family: 'times new roman', times, serif; font-size: 140%;\"><span style=\"font-family: 'times new roman', times, serif;\">X\u00e1c \u0111\u1ecbnh ngu\u1ed3n g\u1ed1c g\u00e2y th\u1ea5m \u1ea9m v\u00e0 x\u1eed l\u00fd tri\u1ec7t \u0111\u1ec3, t\u1ea9y s\u1ea1ch c\u00e1c khu v\u1ef1c s\u01a1n b\u1ecb bong tr\u00f3c, b\u00e1m d\u00ednh k\u00e9m.<\/span><\/span><\/li>\n<li><span style=\"font-family: 'times new roman', times, serif; font-size: 140%;\">\u0110\u1ed9 \u1ea9m b\u1ec1 m\u1eb7t kh\u00f4ng v\u01b0\u1ee3t qu\u00e1 16% (protimeter)<br \/>\n<\/span><\/li>\n<li><span style=\"font-family: 'times new roman', times, serif; font-size: 140%;\">D\u00f9ng d\u1ee5ng c\u1ee5 c\u01a1 h\u1ecdc x\u1eed l\u00fd ph\u1eb3ng, l\u00e0m s\u1ea1ch v\u00e0 t\u1ea1o \u0111\u1ed9 nh\u00e1m b\u1ec1 m\u1eb7t. B\u1ec1 m\u1eb7t tr\u01b0\u1edbc khi <strong>s\u01a1n<\/strong> lu\u00f4n s\u1ea1ch, kh\u00f4 kh\u00f4ng b\u1ecb b\u00e1m b\u1ea9n, d\u1ea7u m\u1ee1\u2026<\/span><\/li>\n<\/ul>\n<p><iframe loading=\"lazy\" src=\"\/\/www.youtube.com\/embed\/GC91yAQVj1w\" width=\"560\" height=\"314\" allowfullscreen=\"allowfullscreen\"><\/iframe><\/p>\n<h3><span style=\"font-family: 'times new roman', times, serif; font-size: 140%;\">Gi\u1ea3i ph\u00e1p cho ngo\u1ea1i th\u1ea5t:<\/span><\/h3>\n<ul>\n<li><span style=\"font-family: 'times new roman', times, serif; font-size: 140%;\">Thi c\u00f4ng 01 l\u1edbp TOA 4 Seasons Super Contact Sealer -&gt; S\u01a1n ph\u1ee7 l\u1ea1i 02 l\u1edbp<em> TOA<\/em> Super Shield, TOA 7in1, TOA NanoShield, TOA 4 Seasons Exterior Satin Glo, TOA 4 Seasons Exterior Tropic Shield, Supertech Pro Interior.<\/span><\/li>\n<\/ul>\n<h3><span style=\"font-family: 'times new roman', times, serif; font-size: 140%;\">Gi\u1ea3i ph\u00e1p cho n\u1ed9i th\u1ea5t:<\/span><\/h3>\n<ul>\n<li><span style=\"font-family: 'times new roman', times, serif; font-size: 140%;\">Thi c\u00f4ng 01 l\u1edbp TOA 4 Seasons Super Contact Sealer -&gt; S\u01a1n ph\u1ee7 l\u1ea1i 02 l\u1edbp s\u01a1n TOA SuperShield DuraClean, TOA NanoClean, TOA Tho\u1ea3i M\u00e1i Lau Ch\u00f9i, TOA 4 Seasons Interior Top Silk, Supertech Pro Interior.<\/span><\/li>\n<\/ul>\n<p><iframe loading=\"lazy\" src=\"\/\/www.youtube.com\/embed\/8JAjrxv8fEA\" width=\"560\" height=\"314\" allowfullscreen=\"allowfullscreen\"><\/iframe><\/p>\n<p data-start=\"0\" data-end=\"250\"><span style=\"font-family: 'times new roman', times, serif; font-size: 140%;\"><a href=\"https:\/\/tranthi.vn\/hochiminh\" target=\"_blank\" rel=\"noopener\">Tr\u1ea7n Th\u1ecb<\/a> cung c\u1ea5p c\u00e1c gi\u1ea3i ph\u00e1p s\u01a1n hi\u1ec7u qu\u1ea3 d\u00e0nh cho nh\u00e0 \u1edf t\u1ea1i <a href=\"https:\/\/vi.wikipedia.org\/wiki\/Th%C3%A0nh_ph%E1%BB%91_H%E1%BB%93_Ch%C3%AD_Minh\" target=\"_blank\" rel=\"noopener\">TP. H\u1ed3 Ch\u00ed Minh<\/a>, \u1ee9ng d\u1ee5ng g\u1ecdi th\u1ee3 s\u1eeda ch\u1eefa v\u1eb7t ch\u00ednh l\u00e0 c\u00f4ng c\u1ee5 h\u1ed7 tr\u1ee3 \u0111\u1eafc l\u1ef1c gi\u00fap b\u1ea1n d\u1ec5 d\u00e0ng k\u1ebft n\u1ed1i v\u1edbi th\u1ee3 chuy\u00ean nghi\u1ec7p trong khu v\u1ef1c ch\u1ec9 b\u1eb1ng v\u00e0i thao t\u00e1c \u0111\u01a1n gi\u1ea3n tr\u00ean \u0111i\u1ec7n tho\u1ea1i.<\/span><\/p>\n<p data-start=\"0\" data-end=\"250\"><img decoding=\"async\" src=\"https:\/\/tranthi.vn\/hanoi\/wp-content\/uploads\/2021\/04\/app-goi-sua-chua-vat-Tran-Thi-Ha-Noi.png\" alt=\"app goi s\u1eeda ch\u1eefa v\u1eb7t Tr\u1ea7n Th\u1ecb H\u00e0 N\u1ed9i\" \/><\/p>\n<p data-start=\"252\" data-end=\"554\"><span style=\"font-family: 'times new roman', times, serif; font-size: 140%;\">D\u00f9 b\u1ea1n c\u1ea7n thi c\u00f4ng s\u01a1n l\u1ea1i t\u01b0\u1eddng, s\u1eeda ch\u1eefa v\u1ebft bong tr\u00f3c, x\u1eed l\u00fd th\u1ea5m n\u01b0\u1edbc hay h\u1ed7 tr\u1ee3 l\u1eafp \u0111\u1eb7t v\u1eadt li\u1ec7u ho\u00e0n thi\u1ec7n, \u1ee9ng d\u1ee5ng \u0111\u1ec1u c\u00f3 \u0111\u1ed9i ng\u0169 th\u1ee3 c\u00f3 kinh nghi\u1ec7m v\u00e0 b\u00e1o gi\u00e1 r\u00f5 r\u00e0ng. App c\u0169ng t\u00edch h\u1ee3p s\u1eb5n t\u00ednh n\u0103ng \u0111\u00e1nh gi\u00e1 v\u00e0 ph\u1ea3n h\u1ed3i, gi\u00fap b\u1ea1n l\u1ef1a ch\u1ecdn th\u1ee3 uy t\u00edn, ti\u1ebft ki\u1ec7m th\u1eddi gian v\u00e0 c\u00f4ng s\u1ee9c.<\/span><\/p>\n<p><iframe loading=\"lazy\" title=\"s\u01b0az chua v\u1eb7t \u0111\u00e0 n\u1eb5ng #g\u1ecdi_th\u1ee3_s\u1eefa_ch\u1eefa_vat_\u0111\u00e0_nang\" width=\"1020\" height=\"574\" src=\"https:\/\/www.youtube.com\/embed\/CNQ7en8cvyI?feature=oembed\" frameborder=\"0\" allow=\"accelerometer; autoplay; clipboard-write; encrypted-media; gyroscope; picture-in-picture; web-share\" referrerpolicy=\"strict-origin-when-cross-origin\" allowfullscreen><\/iframe><\/p>\n<p data-start=\"556\" data-end=\"873\" data-is-last-node=\"\" data-is-only-node=\"\"><span style=\"font-family: 'times new roman', times, serif; font-size: 140%;\">Kh\u00f4ng ch\u1ec9 d\u1eebng l\u1ea1i \u1edf d\u1ecbch v\u1ee5 s\u01a1n, \u1ee9ng d\u1ee5ng c\u00f2n h\u1ed7 tr\u1ee3 g\u1ecdi th\u1ee3 l\u1eafp \u0111\u1eb7t \u0111i\u1ec7n n\u01b0\u1edbc, s\u1eeda \u1ed1ng n\u01b0\u1edbc r\u00f2 r\u1ec9, treo k\u1ec7, l\u1eafp t\u1ee7, l\u1eafp lavabo, ch\u1ed1ng n\u00f3ng m\u00e1i t\u00f4n,&#8230; ph\u1ee5c v\u1ee5 nhanh ch\u00f3ng tr\u00ean to\u00e0n <a href=\"https:\/\/vi.wikipedia.org\/wiki\/Th%C3%A0nh_ph%E1%BB%91_H%E1%BB%93_Ch%C3%AD_Minh\" target=\"_blank\" rel=\"noopener\">TP. H\u1ed3 Ch\u00ed Minh<\/a>. \u0110\u00e2y l\u00e0 gi\u1ea3i ph\u00e1p hi\u1ec7n \u0111\u1ea1i, ph\u00f9 h\u1ee3p v\u1edbi nh\u1ecbp s\u1ed1ng b\u1eadn r\u1ed9n c\u1ee7a c\u00e1c h\u1ed9 gia \u0111\u00ecnh, v\u0103n ph\u00f2ng hay ch\u1ee7 nh\u00e0 tr\u1ecd hi\u1ec7n nay.<\/span><\/p>\n<p>&nbsp;<\/p>\n","protected":false},"excerpt":{"rendered":"<p>S\u01a1n toa t\u1ea1i Tp H\u1ed3 Ch\u00ed Minh S\u01a1n TOA t\u1ea1i TP. H\u1ed3 Ch\u00ed Minh \u0111\u01b0\u1ee3c \u01b0a chu\u1ed9ng nh\u1edd m\u00e0u s\u1eafc \u0111a d\u1ea1ng, \u0111\u1ed9 b\u1ec1n cao v\u00e0 kh\u1ea3 n\u0103ng ch\u1ed1ng th\u1ea5m t\u1ed1t \u2013 r\u1ea5t ph\u00f9 h\u1ee3p v\u1edbi th\u1eddi ti\u1ebft n\u1eafng n\u00f3ng, m\u01b0a nhi\u1ec1u c\u1ee7a khu v\u1ef1c. \u01afu \u0111i\u1ec3m c\u1ee7a s\u01a1n TOA t\u1ea1i TP. H\u1ed3 Ch\u00ed Minh [&#8230;]\n","protected":false},"featured_media":5645,"comment_status":"closed","ping_status":"closed","template":"","meta":[],"product_cat":[170],"product_tag":[],"class_list":{"0":"post-5644","1":"product","2":"type-product","3":"status-publish","4":"has-post-thumbnail","6":"product_cat-son-phu-noi-that-toa","8":"first","9":"instock","10":"shipping-taxable","11":"product-type-simple"},"yoast_head":"<!-- This site is optimized with the Yoast SEO Premium plugin v22.3 (Yoast SEO v22.4) - https:\/\/yoast.com\/wordpress\/plugins\/seo\/ -->\n<title>Gi\u00e1 s\u01a1n toa gi\u00e1 r\u1ebb t\u1ea1i TP. H\u1ed3 Ch\u00ed Minh - S\u00e0i G\u00f2n<\/title>\n<meta name=\"description\" content=\"S\u01a1n toa l\u00e0 m\u1ed9t trong nh\u1eefng s\u1ea3n ph\u1ea9m n\u1ed5i ti\u1ebfng v\u1ec1 s\u01a1n d\u00f9ng cho d\u00e2n d\u1ee5ng v\u00e0 c\u00f4ng nghi\u00eap . T\u1ea1i TP.H\u1ed3 Ch\u00ed Minh, s\u01a1n c\u00f3 nhi\u1ec1u lo\u1ea1i\" \/>\n<meta name=\"robots\" content=\"index, follow, max-snippet:-1, max-image-preview:large, max-video-preview:-1\" \/>\n<link rel=\"canonical\" href=\"https:\/\/tranthi.vn\/hochiminh\/son-toa-gia-re-tai-tp-ho-chi-minh\/\" \/>\n<meta property=\"og:locale\" content=\"vi_VN\" \/>\n<meta property=\"og:type\" content=\"article\" \/>\n<meta property=\"og:title\" content=\"s\u01a1n toa gi\u00e1 r\u1ebb t\u1ea1i TP. H\u1ed3 Ch\u00ed Minh\" \/>\n<meta property=\"og:description\" content=\"S\u01a1n toa l\u00e0 m\u1ed9t trong nh\u1eefng s\u1ea3n ph\u1ea9m n\u1ed5i ti\u1ebfng v\u1ec1 s\u01a1n d\u00f9ng cho d\u00e2n d\u1ee5ng v\u00e0 c\u00f4ng nghi\u00eap . T\u1ea1i TP.H\u1ed3 Ch\u00ed Minh, s\u01a1n c\u00f3 nhi\u1ec1u lo\u1ea1i\" \/>\n<meta property=\"og:url\" content=\"https:\/\/tranthi.vn\/hochiminh\/son-toa-gia-re-tai-tp-ho-chi-minh\/\" \/>\n<meta property=\"og:site_name\" content=\"V\u1eadt Li\u1ec7u X\u00e2y D\u1ef1ng Tr\u1ea7n Th\u1ecb Chi Nh\u00e1nh H\u1ed3 Ch\u00ed Minh\" \/>\n<meta property=\"article:modified_time\" content=\"2025-06-19T10:16:56+00:00\" \/>\n<meta property=\"og:image\" content=\"https:\/\/tranthi.vn\/hochiminh\/wp-content\/uploads\/2024\/07\/tai-xuong.jpg\" \/>\n\t<meta property=\"og:image:width\" content=\"192\" \/>\n\t<meta property=\"og:image:height\" content=\"262\" \/>\n\t<meta property=\"og:image:type\" content=\"image\/jpeg\" \/>\n<meta name=\"twitter:card\" content=\"summary_large_image\" \/>\n<meta name=\"twitter:label1\" content=\"Gi\u00e1\" \/>\n\t<meta name=\"twitter:data1\" content=\"\" \/>\n\t<meta name=\"twitter:label2\" content=\"Kh\u1ea3 d\u1ee5ng\" \/>\n\t<meta name=\"twitter:data2\" content=\"Trong kho\" \/>\n<script type=\"application\/ld+json\" class=\"yoast-schema-graph\">{\"@context\":\"https:\/\/schema.org\",\"@graph\":[{\"@type\":[\"WebPage\",\"ItemPage\"],\"@id\":\"https:\/\/tranthi.vn\/hochiminh\/son-toa-gia-re-tai-tp-ho-chi-minh\/\",\"url\":\"https:\/\/tranthi.vn\/hochiminh\/son-toa-gia-re-tai-tp-ho-chi-minh\/\",\"name\":\"Gi\u00e1 s\u01a1n toa gi\u00e1 r\u1ebb t\u1ea1i TP. H\u1ed3 Ch\u00ed Minh - S\u00e0i G\u00f2n\",\"isPartOf\":{\"@id\":\"https:\/\/tranthi.vn\/hochiminh\/#website\"},\"primaryImageOfPage\":{\"@id\":\"https:\/\/tranthi.vn\/hochiminh\/son-toa-gia-re-tai-tp-ho-chi-minh\/#primaryimage\"},\"image\":{\"@id\":\"https:\/\/tranthi.vn\/hochiminh\/son-toa-gia-re-tai-tp-ho-chi-minh\/#primaryimage\"},\"thumbnailUrl\":\"https:\/\/tranthi.vn\/hochiminh\/wp-content\/uploads\/2024\/07\/tai-xuong.jpg\",\"datePublished\":\"2024-07-14T08:44:48+00:00\",\"dateModified\":\"2025-06-19T10:16:56+00:00\",\"description\":\"S\u01a1n toa l\u00e0 m\u1ed9t trong nh\u1eefng s\u1ea3n ph\u1ea9m n\u1ed5i ti\u1ebfng v\u1ec1 s\u01a1n d\u00f9ng cho d\u00e2n d\u1ee5ng v\u00e0 c\u00f4ng nghi\u00eap . T\u1ea1i TP.H\u1ed3 Ch\u00ed Minh, s\u01a1n c\u00f3 nhi\u1ec1u lo\u1ea1i\",\"breadcrumb\":{\"@id\":\"https:\/\/tranthi.vn\/hochiminh\/son-toa-gia-re-tai-tp-ho-chi-minh\/#breadcrumb\"},\"inLanguage\":\"vi\",\"potentialAction\":[{\"@type\":\"ReadAction\",\"target\":[\"https:\/\/tranthi.vn\/hochiminh\/son-toa-gia-re-tai-tp-ho-chi-minh\/\"]}]},{\"@type\":\"ImageObject\",\"inLanguage\":\"vi\",\"@id\":\"https:\/\/tranthi.vn\/hochiminh\/son-toa-gia-re-tai-tp-ho-chi-minh\/#primaryimage\",\"url\":\"https:\/\/tranthi.vn\/hochiminh\/wp-content\/uploads\/2024\/07\/tai-xuong.jpg\",\"contentUrl\":\"https:\/\/tranthi.vn\/hochiminh\/wp-content\/uploads\/2024\/07\/tai-xuong.jpg\",\"width\":192,\"height\":262},{\"@type\":\"BreadcrumbList\",\"@id\":\"https:\/\/tranthi.vn\/hochiminh\/son-toa-gia-re-tai-tp-ho-chi-minh\/#breadcrumb\",\"itemListElement\":[{\"@type\":\"ListItem\",\"position\":1,\"name\":\"Trang ch\u1ee7\",\"item\":\"https:\/\/tranthi.vn\/hochiminh\/\"},{\"@type\":\"ListItem\",\"position\":2,\"name\":\"Shop\",\"item\":\"https:\/\/tranthi.vn\/hochiminh\/shop\/\"},{\"@type\":\"ListItem\",\"position\":3,\"name\":\"s\u01a1n toa gi\u00e1 r\u1ebb t\u1ea1i TP. H\u1ed3 Ch\u00ed Minh\"}]},{\"@type\":\"WebSite\",\"@id\":\"https:\/\/tranthi.vn\/hochiminh\/#website\",\"url\":\"https:\/\/tranthi.vn\/hochiminh\/\",\"name\":\"V\u1eadt Li\u1ec7u X\u00e2y D\u1ef1ng Tr\u1ea7n Th\u1ecb Chi Nh\u00e1nh H\u1ed3 Ch\u00ed Minh\",\"description\":\"V\u1eadt Li\u1ec7u X\u00e2y D\u1ef1ng - H\u1ed3 Ch\u00ed Minh\",\"potentialAction\":[{\"@type\":\"SearchAction\",\"target\":{\"@type\":\"EntryPoint\",\"urlTemplate\":\"https:\/\/tranthi.vn\/hochiminh\/?s={search_term_string}\"},\"query-input\":\"required name=search_term_string\"}],\"inLanguage\":\"vi\"},{\"@type\":\"ImageObject\",\"inLanguage\":\"vi\",\"@id\":\"https:\/\/tranthi.vn\/hochiminh\/son-toa-gia-re-tai-tp-ho-chi-minh\/#local-main-organization-logo\",\"url\":\"\",\"contentUrl\":\"\",\"caption\":\"V\u1eadt Li\u1ec7u X\u00e2y D\u1ef1ng Tr\u1ea7n Th\u1ecb Chi Nh\u00e1nh H\u1ed3 Ch\u00ed Minh\"}]}<\/script>\n<meta property=\"product:price:amount\" content=\"0\" \/>\n<meta property=\"product:price:currency\" content=\"VND\" \/>\n<meta property=\"og:availability\" content=\"instock\" \/>\n<meta property=\"product:availability\" content=\"instock\" \/>\n<meta property=\"product:condition\" content=\"new\" \/>\n<!-- \/ Yoast SEO Premium plugin. -->","yoast_head_json":{"title":"Gi\u00e1 s\u01a1n toa gi\u00e1 r\u1ebb t\u1ea1i TP. H\u1ed3 Ch\u00ed Minh - S\u00e0i G\u00f2n","description":"S\u01a1n toa l\u00e0 m\u1ed9t trong nh\u1eefng s\u1ea3n ph\u1ea9m n\u1ed5i ti\u1ebfng v\u1ec1 s\u01a1n d\u00f9ng cho d\u00e2n d\u1ee5ng v\u00e0 c\u00f4ng nghi\u00eap . T\u1ea1i TP.H\u1ed3 Ch\u00ed Minh, s\u01a1n c\u00f3 nhi\u1ec1u lo\u1ea1i","robots":{"index":"index","follow":"follow","max-snippet":"max-snippet:-1","max-image-preview":"max-image-preview:large","max-video-preview":"max-video-preview:-1"},"canonical":"https:\/\/tranthi.vn\/hochiminh\/son-toa-gia-re-tai-tp-ho-chi-minh\/","og_locale":"vi_VN","og_type":"article","og_title":"s\u01a1n toa gi\u00e1 r\u1ebb t\u1ea1i TP. H\u1ed3 Ch\u00ed Minh","og_description":"S\u01a1n toa l\u00e0 m\u1ed9t trong nh\u1eefng s\u1ea3n ph\u1ea9m n\u1ed5i ti\u1ebfng v\u1ec1 s\u01a1n d\u00f9ng cho d\u00e2n d\u1ee5ng v\u00e0 c\u00f4ng nghi\u00eap . T\u1ea1i TP.H\u1ed3 Ch\u00ed Minh, s\u01a1n c\u00f3 nhi\u1ec1u lo\u1ea1i","og_url":"https:\/\/tranthi.vn\/hochiminh\/son-toa-gia-re-tai-tp-ho-chi-minh\/","og_site_name":"V\u1eadt Li\u1ec7u X\u00e2y D\u1ef1ng Tr\u1ea7n Th\u1ecb Chi Nh\u00e1nh H\u1ed3 Ch\u00ed Minh","article_modified_time":"2025-06-19T10:16:56+00:00","og_image":[{"width":192,"height":262,"url":"https:\/\/tranthi.vn\/hochiminh\/wp-content\/uploads\/2024\/07\/tai-xuong.jpg","type":"image\/jpeg"}],"twitter_card":"summary_large_image","twitter_misc":{"Gi\u00e1":"","Kh\u1ea3 d\u1ee5ng":"Trong kho"},"schema":{"@context":"https:\/\/schema.org","@graph":[{"@type":["WebPage","ItemPage"],"@id":"https:\/\/tranthi.vn\/hochiminh\/son-toa-gia-re-tai-tp-ho-chi-minh\/","url":"https:\/\/tranthi.vn\/hochiminh\/son-toa-gia-re-tai-tp-ho-chi-minh\/","name":"Gi\u00e1 s\u01a1n toa gi\u00e1 r\u1ebb t\u1ea1i TP. H\u1ed3 Ch\u00ed Minh - S\u00e0i G\u00f2n","isPartOf":{"@id":"https:\/\/tranthi.vn\/hochiminh\/#website"},"primaryImageOfPage":{"@id":"https:\/\/tranthi.vn\/hochiminh\/son-toa-gia-re-tai-tp-ho-chi-minh\/#primaryimage"},"image":{"@id":"https:\/\/tranthi.vn\/hochiminh\/son-toa-gia-re-tai-tp-ho-chi-minh\/#primaryimage"},"thumbnailUrl":"https:\/\/tranthi.vn\/hochiminh\/wp-content\/uploads\/2024\/07\/tai-xuong.jpg","datePublished":"2024-07-14T08:44:48+00:00","dateModified":"2025-06-19T10:16:56+00:00","description":"S\u01a1n toa l\u00e0 m\u1ed9t trong nh\u1eefng s\u1ea3n ph\u1ea9m n\u1ed5i ti\u1ebfng v\u1ec1 s\u01a1n d\u00f9ng cho d\u00e2n d\u1ee5ng v\u00e0 c\u00f4ng nghi\u00eap . T\u1ea1i TP.H\u1ed3 Ch\u00ed Minh, s\u01a1n c\u00f3 nhi\u1ec1u lo\u1ea1i","breadcrumb":{"@id":"https:\/\/tranthi.vn\/hochiminh\/son-toa-gia-re-tai-tp-ho-chi-minh\/#breadcrumb"},"inLanguage":"vi","potentialAction":[{"@type":"ReadAction","target":["https:\/\/tranthi.vn\/hochiminh\/son-toa-gia-re-tai-tp-ho-chi-minh\/"]}]},{"@type":"ImageObject","inLanguage":"vi","@id":"https:\/\/tranthi.vn\/hochiminh\/son-toa-gia-re-tai-tp-ho-chi-minh\/#primaryimage","url":"https:\/\/tranthi.vn\/hochiminh\/wp-content\/uploads\/2024\/07\/tai-xuong.jpg","contentUrl":"https:\/\/tranthi.vn\/hochiminh\/wp-content\/uploads\/2024\/07\/tai-xuong.jpg","width":192,"height":262},{"@type":"BreadcrumbList","@id":"https:\/\/tranthi.vn\/hochiminh\/son-toa-gia-re-tai-tp-ho-chi-minh\/#breadcrumb","itemListElement":[{"@type":"ListItem","position":1,"name":"Trang ch\u1ee7","item":"https:\/\/tranthi.vn\/hochiminh\/"},{"@type":"ListItem","position":2,"name":"Shop","item":"https:\/\/tranthi.vn\/hochiminh\/shop\/"},{"@type":"ListItem","position":3,"name":"s\u01a1n toa gi\u00e1 r\u1ebb t\u1ea1i TP. H\u1ed3 Ch\u00ed Minh"}]},{"@type":"WebSite","@id":"https:\/\/tranthi.vn\/hochiminh\/#website","url":"https:\/\/tranthi.vn\/hochiminh\/","name":"V\u1eadt Li\u1ec7u X\u00e2y D\u1ef1ng Tr\u1ea7n Th\u1ecb Chi Nh\u00e1nh H\u1ed3 Ch\u00ed Minh","description":"V\u1eadt Li\u1ec7u X\u00e2y D\u1ef1ng - H\u1ed3 Ch\u00ed Minh","potentialAction":[{"@type":"SearchAction","target":{"@type":"EntryPoint","urlTemplate":"https:\/\/tranthi.vn\/hochiminh\/?s={search_term_string}"},"query-input":"required name=search_term_string"}],"inLanguage":"vi"},{"@type":"ImageObject","inLanguage":"vi","@id":"https:\/\/tranthi.vn\/hochiminh\/son-toa-gia-re-tai-tp-ho-chi-minh\/#local-main-organization-logo","url":"","contentUrl":"","caption":"V\u1eadt Li\u1ec7u X\u00e2y D\u1ef1ng Tr\u1ea7n Th\u1ecb Chi Nh\u00e1nh H\u1ed3 Ch\u00ed Minh"}]},"product_price_currency":"VND","og_availability":"instock","product_availability":"instock","product_condition":"new"},"_links":{"self":[{"href":"https:\/\/tranthi.vn\/hochiminh\/wp-json\/wp\/v2\/product\/5644","targetHints":{"allow":["GET"]}}],"collection":[{"href":"https:\/\/tranthi.vn\/hochiminh\/wp-json\/wp\/v2\/product"}],"about":[{"href":"https:\/\/tranthi.vn\/hochiminh\/wp-json\/wp\/v2\/types\/product"}],"replies":[{"embeddable":true,"href":"https:\/\/tranthi.vn\/hochiminh\/wp-json\/wp\/v2\/comments?post=5644"}],"wp:featuredmedia":[{"embeddable":true,"href":"https:\/\/tranthi.vn\/hochiminh\/wp-json\/wp\/v2\/media\/5645"}],"wp:attachment":[{"href":"https:\/\/tranthi.vn\/hochiminh\/wp-json\/wp\/v2\/media?parent=5644"}],"wp:term":[{"taxonomy":"product_cat","embeddable":true,"href":"https:\/\/tranthi.vn\/hochiminh\/wp-json\/wp\/v2\/product_cat?post=5644"},{"taxonomy":"product_tag","embeddable":true,"href":"https:\/\/tranthi.vn\/hochiminh\/wp-json\/wp\/v2\/product_tag?post=5644"}],"curies":[{"name":"wp","href":"https:\/\/api.w.org\/{rel}","templated":true}]}}