{"id":5504,"date":"2022-11-09T10:26:44","date_gmt":"2022-11-09T03:26:44","guid":{"rendered":"https:\/\/tranthi.vn\/hochiminh\/?post_type=product&#038;p=5504"},"modified":"2022-11-09T10:27:59","modified_gmt":"2022-11-09T03:27:59","slug":"ct-j-555-goc-nuoc","status":"publish","type":"product","link":"https:\/\/tranthi.vn\/hochiminh\/ct-j-555-goc-nuoc\/","title":{"rendered":"CT -J -555 G\u1ed1c N\u01b0\u1edbc"},"content":{"rendered":"","protected":false},"excerpt":{"rendered":"<p><span style=\"font-family: 'times new roman', times, serif; font-size: 130%;\">\u2013 \u0110\u01a1n v\u1ecb t\u00ednh: kg<\/span><\/p>\n<p><span style=\"font-family: 'times new roman', times, serif; font-size: 130%;\">\u2013 \u0110\u01a1n gi\u00e1 ch\u1ed1ng th\u1ea5m g\u1ed1c n\u01b0\u1edbc CT \u2013 J \u2013 555<\/span><\/p>\n<p><span style=\"font-family: 'times new roman', times, serif; font-size: 130%;\"><strong>\u00a0<span style=\"color: #008000;\">Th\u00f9ng 40 kg = 3.333.000\u0111<\/span><\/strong><\/span><\/p>\n<p><span style=\"font-family: 'times new roman', times, serif; font-size: 130%; color: #008000;\"><strong>\u00a0Th\u00f9ng 4 kg = 782.000\u0111<\/strong><\/span><\/p>\n<p><span style=\"font-family: 'times new roman', times, serif; font-size: 130%;\">\u2013 Mi\u1ec5n ph\u00ed v\u1eadn chuy\u1ec3n \u0111\u01a1n h\u00e0ng t\u1eeb 8 tri\u1ec7u tr\u1edf l\u00ean trong b\u00e1n k\u00ednh 15km<\/span><\/p>\n<p><span style=\"font-family: 'times new roman', times, serif; font-size: 130%;\">\u2013 Ph\u00e1t hi\u1ec7n h\u00e0ng gi\u1ea3 h\u00e0ng k\u00e9m ch\u1ea5t l\u01b0\u1ee3ng Tr\u1ea7n Th\u1ecb xin thu h\u1ed3i h\u00e0ng v\u00e0 b\u1ed3i th\u01b0\u1eddng g\u1ea5p \u0111\u00f4i<\/span><\/p>\n","protected":false},"featured_media":5505,"comment_status":"closed","ping_status":"closed","template":"","meta":[],"product_cat":[1033,139,978],"product_tag":[1035],"class_list":{"0":"post-5504","1":"product","2":"type-product","3":"status-publish","4":"has-post-thumbnail","6":"product_cat-chong-tham-joton","7":"product_cat-son","8":"product_cat-son-joton","9":"product_tag-chong-tham-ct-j-555-goc-nuoc-tai-hue","11":"first","12":"instock","13":"sale","14":"shipping-taxable","15":"purchasable","16":"product-type-simple"},"yoast_head":"<!-- This site is optimized with the Yoast SEO Premium plugin v22.3 (Yoast SEO v22.4) - https:\/\/yoast.com\/wordpress\/plugins\/seo\/ -->\n<title>CT -J -555 G\u1ed1c N\u01b0\u1edbc - V\u1eadt Li\u1ec7u X\u00e2y D\u1ef1ng Tr\u1ea7n Th\u1ecb Chi Nh\u00e1nh H\u1ed3 Ch\u00ed Minh<\/title>\n<meta name=\"robots\" content=\"index, follow, max-snippet:-1, max-image-preview:large, max-video-preview:-1\" \/>\n<link rel=\"canonical\" href=\"https:\/\/tranthi.vn\/hochiminh\/ct-j-555-goc-nuoc\/\" \/>\n<meta property=\"og:locale\" content=\"vi_VN\" \/>\n<meta property=\"og:type\" content=\"article\" \/>\n<meta property=\"og:title\" content=\"CT -J -555 G\u1ed1c N\u01b0\u1edbc\" \/>\n<meta property=\"og:description\" content=\"\u2013 \u0110\u01a1n v\u1ecb t\u00ednh: kg  \u2013 \u0110\u01a1n gi\u00e1 ch\u1ed1ng th\u1ea5m g\u1ed1c n\u01b0\u1edbc CT \u2013 J \u2013 555  \u00a0Th\u00f9ng 40 kg = 3.333.000\u0111  \u00a0Th\u00f9ng 4 kg = 782.000\u0111  \u2013 Mi\u1ec5n ph\u00ed v\u1eadn chuy\u1ec3n \u0111\u01a1n h\u00e0ng t\u1eeb 8 tri\u1ec7u tr\u1edf l\u00ean trong b\u00e1n k\u00ednh 15km  \u2013 Ph\u00e1t hi\u1ec7n h\u00e0ng gi\u1ea3 h\u00e0ng k\u00e9m ch\u1ea5t l\u01b0\u1ee3ng Tr\u1ea7n Th\u1ecb xin thu h\u1ed3i h\u00e0ng v\u00e0 b\u1ed3i th\u01b0\u1eddng g\u1ea5p \u0111\u00f4i\" \/>\n<meta property=\"og:url\" content=\"https:\/\/tranthi.vn\/hochiminh\/ct-j-555-goc-nuoc\/\" \/>\n<meta property=\"og:site_name\" content=\"V\u1eadt Li\u1ec7u X\u00e2y D\u1ef1ng Tr\u1ea7n Th\u1ecb Chi Nh\u00e1nh H\u1ed3 Ch\u00ed Minh\" \/>\n<meta property=\"article:modified_time\" content=\"2022-11-09T03:27:59+00:00\" \/>\n<meta property=\"og:image\" content=\"https:\/\/tranthi.vn\/hochiminh\/wp-content\/uploads\/2022\/11\/chong-tham-CT-J-555-goc-nuoc-tai-Hue.jpg\" \/>\n\t<meta property=\"og:image:width\" content=\"250\" \/>\n\t<meta property=\"og:image:height\" content=\"250\" \/>\n\t<meta property=\"og:image:type\" content=\"image\/jpeg\" \/>\n<meta name=\"twitter:card\" content=\"summary_large_image\" \/>\n<meta name=\"twitter:label1\" content=\"Gi\u00e1\" \/>\n\t<meta name=\"twitter:data1\" content=\"3,333,000&nbsp;&#8363;\" \/>\n\t<meta name=\"twitter:label2\" content=\"Kh\u1ea3 d\u1ee5ng\" \/>\n\t<meta name=\"twitter:data2\" content=\"Trong kho\" \/>\n<script type=\"application\/ld+json\" class=\"yoast-schema-graph\">{\"@context\":\"https:\/\/schema.org\",\"@graph\":[{\"@type\":[\"WebPage\",\"ItemPage\"],\"@id\":\"https:\/\/tranthi.vn\/hochiminh\/ct-j-555-goc-nuoc\/\",\"url\":\"https:\/\/tranthi.vn\/hochiminh\/ct-j-555-goc-nuoc\/\",\"name\":\"CT -J -555 G\u1ed1c N\u01b0\u1edbc - V\u1eadt Li\u1ec7u X\u00e2y D\u1ef1ng Tr\u1ea7n Th\u1ecb Chi Nh\u00e1nh H\u1ed3 Ch\u00ed Minh\",\"isPartOf\":{\"@id\":\"https:\/\/tranthi.vn\/hochiminh\/#website\"},\"primaryImageOfPage\":{\"@id\":\"https:\/\/tranthi.vn\/hochiminh\/ct-j-555-goc-nuoc\/#primaryimage\"},\"image\":{\"@id\":\"https:\/\/tranthi.vn\/hochiminh\/ct-j-555-goc-nuoc\/#primaryimage\"},\"thumbnailUrl\":\"https:\/\/tranthi.vn\/hochiminh\/wp-content\/uploads\/2022\/11\/chong-tham-CT-J-555-goc-nuoc-tai-Hue.jpg\",\"datePublished\":\"2022-11-09T03:26:44+00:00\",\"dateModified\":\"2022-11-09T03:27:59+00:00\",\"breadcrumb\":{\"@id\":\"https:\/\/tranthi.vn\/hochiminh\/ct-j-555-goc-nuoc\/#breadcrumb\"},\"inLanguage\":\"vi\",\"potentialAction\":[{\"@type\":\"ReadAction\",\"target\":[\"https:\/\/tranthi.vn\/hochiminh\/ct-j-555-goc-nuoc\/\"]}]},{\"@type\":\"ImageObject\",\"inLanguage\":\"vi\",\"@id\":\"https:\/\/tranthi.vn\/hochiminh\/ct-j-555-goc-nuoc\/#primaryimage\",\"url\":\"https:\/\/tranthi.vn\/hochiminh\/wp-content\/uploads\/2022\/11\/chong-tham-CT-J-555-goc-nuoc-tai-Hue.jpg\",\"contentUrl\":\"https:\/\/tranthi.vn\/hochiminh\/wp-content\/uploads\/2022\/11\/chong-tham-CT-J-555-goc-nuoc-tai-Hue.jpg\",\"width\":250,\"height\":250,\"caption\":\"ch\u1ed1ng th\u1ea5m CT - J - 555 g\u1ed1c n\u01b0\u1edbc t\u1ea1i Hu\u1ebf\"},{\"@type\":\"BreadcrumbList\",\"@id\":\"https:\/\/tranthi.vn\/hochiminh\/ct-j-555-goc-nuoc\/#breadcrumb\",\"itemListElement\":[{\"@type\":\"ListItem\",\"position\":1,\"name\":\"Trang ch\u1ee7\",\"item\":\"https:\/\/tranthi.vn\/hochiminh\/\"},{\"@type\":\"ListItem\",\"position\":2,\"name\":\"Shop\",\"item\":\"https:\/\/tranthi.vn\/hochiminh\/shop\/\"},{\"@type\":\"ListItem\",\"position\":3,\"name\":\"CT -J -555 G\u1ed1c N\u01b0\u1edbc\"}]},{\"@type\":\"WebSite\",\"@id\":\"https:\/\/tranthi.vn\/hochiminh\/#website\",\"url\":\"https:\/\/tranthi.vn\/hochiminh\/\",\"name\":\"V\u1eadt Li\u1ec7u X\u00e2y D\u1ef1ng Tr\u1ea7n Th\u1ecb Chi Nh\u00e1nh H\u1ed3 Ch\u00ed Minh\",\"description\":\"V\u1eadt Li\u1ec7u X\u00e2y D\u1ef1ng - H\u1ed3 Ch\u00ed Minh\",\"potentialAction\":[{\"@type\":\"SearchAction\",\"target\":{\"@type\":\"EntryPoint\",\"urlTemplate\":\"https:\/\/tranthi.vn\/hochiminh\/?s={search_term_string}\"},\"query-input\":\"required name=search_term_string\"}],\"inLanguage\":\"vi\"},{\"@type\":\"ImageObject\",\"inLanguage\":\"vi\",\"@id\":\"https:\/\/tranthi.vn\/hochiminh\/ct-j-555-goc-nuoc\/#local-main-organization-logo\",\"url\":\"\",\"contentUrl\":\"\",\"caption\":\"V\u1eadt Li\u1ec7u X\u00e2y D\u1ef1ng Tr\u1ea7n Th\u1ecb Chi Nh\u00e1nh H\u1ed3 Ch\u00ed Minh\"}]}<\/script>\n<meta property=\"product:price:amount\" content=\"3333000\" \/>\n<meta property=\"product:price:currency\" content=\"VND\" \/>\n<meta property=\"og:availability\" content=\"instock\" \/>\n<meta property=\"product:availability\" content=\"instock\" \/>\n<meta property=\"product:condition\" content=\"new\" \/>\n<!-- \/ Yoast SEO Premium plugin. -->","yoast_head_json":{"title":"CT -J -555 G\u1ed1c N\u01b0\u1edbc - V\u1eadt Li\u1ec7u X\u00e2y D\u1ef1ng Tr\u1ea7n Th\u1ecb Chi Nh\u00e1nh H\u1ed3 Ch\u00ed Minh","robots":{"index":"index","follow":"follow","max-snippet":"max-snippet:-1","max-image-preview":"max-image-preview:large","max-video-preview":"max-video-preview:-1"},"canonical":"https:\/\/tranthi.vn\/hochiminh\/ct-j-555-goc-nuoc\/","og_locale":"vi_VN","og_type":"article","og_title":"CT -J -555 G\u1ed1c N\u01b0\u1edbc","og_description":"\u2013 \u0110\u01a1n v\u1ecb t\u00ednh: kg  \u2013 \u0110\u01a1n gi\u00e1 ch\u1ed1ng th\u1ea5m g\u1ed1c n\u01b0\u1edbc CT \u2013 J \u2013 555  \u00a0Th\u00f9ng 40 kg = 3.333.000\u0111  \u00a0Th\u00f9ng 4 kg = 782.000\u0111  \u2013 Mi\u1ec5n ph\u00ed v\u1eadn chuy\u1ec3n \u0111\u01a1n h\u00e0ng t\u1eeb 8 tri\u1ec7u tr\u1edf l\u00ean trong b\u00e1n k\u00ednh 15km  \u2013 Ph\u00e1t hi\u1ec7n h\u00e0ng gi\u1ea3 h\u00e0ng k\u00e9m ch\u1ea5t l\u01b0\u1ee3ng Tr\u1ea7n Th\u1ecb xin thu h\u1ed3i h\u00e0ng v\u00e0 b\u1ed3i th\u01b0\u1eddng g\u1ea5p \u0111\u00f4i","og_url":"https:\/\/tranthi.vn\/hochiminh\/ct-j-555-goc-nuoc\/","og_site_name":"V\u1eadt Li\u1ec7u X\u00e2y D\u1ef1ng Tr\u1ea7n Th\u1ecb Chi Nh\u00e1nh H\u1ed3 Ch\u00ed Minh","article_modified_time":"2022-11-09T03:27:59+00:00","og_image":[{"width":250,"height":250,"url":"https:\/\/tranthi.vn\/hochiminh\/wp-content\/uploads\/2022\/11\/chong-tham-CT-J-555-goc-nuoc-tai-Hue.jpg","type":"image\/jpeg"}],"twitter_card":"summary_large_image","twitter_misc":{"Gi\u00e1":"3,333,000&nbsp;&#8363;","Kh\u1ea3 d\u1ee5ng":"Trong kho"},"schema":{"@context":"https:\/\/schema.org","@graph":[{"@type":["WebPage","ItemPage"],"@id":"https:\/\/tranthi.vn\/hochiminh\/ct-j-555-goc-nuoc\/","url":"https:\/\/tranthi.vn\/hochiminh\/ct-j-555-goc-nuoc\/","name":"CT -J -555 G\u1ed1c N\u01b0\u1edbc - V\u1eadt Li\u1ec7u X\u00e2y D\u1ef1ng Tr\u1ea7n Th\u1ecb Chi Nh\u00e1nh H\u1ed3 Ch\u00ed Minh","isPartOf":{"@id":"https:\/\/tranthi.vn\/hochiminh\/#website"},"primaryImageOfPage":{"@id":"https:\/\/tranthi.vn\/hochiminh\/ct-j-555-goc-nuoc\/#primaryimage"},"image":{"@id":"https:\/\/tranthi.vn\/hochiminh\/ct-j-555-goc-nuoc\/#primaryimage"},"thumbnailUrl":"https:\/\/tranthi.vn\/hochiminh\/wp-content\/uploads\/2022\/11\/chong-tham-CT-J-555-goc-nuoc-tai-Hue.jpg","datePublished":"2022-11-09T03:26:44+00:00","dateModified":"2022-11-09T03:27:59+00:00","breadcrumb":{"@id":"https:\/\/tranthi.vn\/hochiminh\/ct-j-555-goc-nuoc\/#breadcrumb"},"inLanguage":"vi","potentialAction":[{"@type":"ReadAction","target":["https:\/\/tranthi.vn\/hochiminh\/ct-j-555-goc-nuoc\/"]}]},{"@type":"ImageObject","inLanguage":"vi","@id":"https:\/\/tranthi.vn\/hochiminh\/ct-j-555-goc-nuoc\/#primaryimage","url":"https:\/\/tranthi.vn\/hochiminh\/wp-content\/uploads\/2022\/11\/chong-tham-CT-J-555-goc-nuoc-tai-Hue.jpg","contentUrl":"https:\/\/tranthi.vn\/hochiminh\/wp-content\/uploads\/2022\/11\/chong-tham-CT-J-555-goc-nuoc-tai-Hue.jpg","width":250,"height":250,"caption":"ch\u1ed1ng th\u1ea5m CT - J - 555 g\u1ed1c n\u01b0\u1edbc t\u1ea1i Hu\u1ebf"},{"@type":"BreadcrumbList","@id":"https:\/\/tranthi.vn\/hochiminh\/ct-j-555-goc-nuoc\/#breadcrumb","itemListElement":[{"@type":"ListItem","position":1,"name":"Trang ch\u1ee7","item":"https:\/\/tranthi.vn\/hochiminh\/"},{"@type":"ListItem","position":2,"name":"Shop","item":"https:\/\/tranthi.vn\/hochiminh\/shop\/"},{"@type":"ListItem","position":3,"name":"CT -J -555 G\u1ed1c N\u01b0\u1edbc"}]},{"@type":"WebSite","@id":"https:\/\/tranthi.vn\/hochiminh\/#website","url":"https:\/\/tranthi.vn\/hochiminh\/","name":"V\u1eadt Li\u1ec7u X\u00e2y D\u1ef1ng Tr\u1ea7n Th\u1ecb Chi Nh\u00e1nh H\u1ed3 Ch\u00ed Minh","description":"V\u1eadt Li\u1ec7u X\u00e2y D\u1ef1ng - H\u1ed3 Ch\u00ed Minh","potentialAction":[{"@type":"SearchAction","target":{"@type":"EntryPoint","urlTemplate":"https:\/\/tranthi.vn\/hochiminh\/?s={search_term_string}"},"query-input":"required name=search_term_string"}],"inLanguage":"vi"},{"@type":"ImageObject","inLanguage":"vi","@id":"https:\/\/tranthi.vn\/hochiminh\/ct-j-555-goc-nuoc\/#local-main-organization-logo","url":"","contentUrl":"","caption":"V\u1eadt Li\u1ec7u X\u00e2y D\u1ef1ng Tr\u1ea7n Th\u1ecb Chi Nh\u00e1nh H\u1ed3 Ch\u00ed Minh"}]},"product_price_amount":"3333000","product_price_currency":"VND","og_availability":"instock","product_availability":"instock","product_condition":"new"},"_links":{"self":[{"href":"https:\/\/tranthi.vn\/hochiminh\/wp-json\/wp\/v2\/product\/5504","targetHints":{"allow":["GET"]}}],"collection":[{"href":"https:\/\/tranthi.vn\/hochiminh\/wp-json\/wp\/v2\/product"}],"about":[{"href":"https:\/\/tranthi.vn\/hochiminh\/wp-json\/wp\/v2\/types\/product"}],"replies":[{"embeddable":true,"href":"https:\/\/tranthi.vn\/hochiminh\/wp-json\/wp\/v2\/comments?post=5504"}],"wp:featuredmedia":[{"embeddable":true,"href":"https:\/\/tranthi.vn\/hochiminh\/wp-json\/wp\/v2\/media\/5505"}],"wp:attachment":[{"href":"https:\/\/tranthi.vn\/hochiminh\/wp-json\/wp\/v2\/media?parent=5504"}],"wp:term":[{"taxonomy":"product_cat","embeddable":true,"href":"https:\/\/tranthi.vn\/hochiminh\/wp-json\/wp\/v2\/product_cat?post=5504"},{"taxonomy":"product_tag","embeddable":true,"href":"https:\/\/tranthi.vn\/hochiminh\/wp-json\/wp\/v2\/product_tag?post=5504"}],"curies":[{"name":"wp","href":"https:\/\/api.w.org\/{rel}","templated":true}]}}