{"id":5422,"date":"2022-10-31T16:17:38","date_gmt":"2022-10-31T09:17:38","guid":{"rendered":"https:\/\/tranthi.vn\/hochiminh\/?post_type=product&#038;p=5422"},"modified":"2022-10-31T16:20:18","modified_gmt":"2022-10-31T09:20:18","slug":"ac-959van","status":"publish","type":"product","link":"https:\/\/tranthi.vn\/hochiminh\/ac-959van\/","title":{"rendered":"AC-959VAN"},"content":{"rendered":"","protected":false},"excerpt":{"rendered":"<p><span style=\"font-family: 'times new roman', times, serif; font-size: 130%;\"><span style=\"color: #ff9900;\">\u2666 <\/span>S\u1ea3n ph\u1ea9m c\u00f3 m\u00e0u tr\u1eafng<\/span><\/p>\n<ul>\n<li><span style=\"font-family: 'times new roman', times, serif; font-size: 130%;\">K\u00edch th\u01b0\u1edbc: 380 x 760 x 636 (mm)<\/span><\/li>\n<li><span style=\"font-family: 'times new roman', times, serif; font-size: 130%;\">\u0110\u01a1n gi\u00e1:\u00a0<span style=\"color: #ff0000;\"><strong>5.155.000<\/strong><\/span><\/span><\/li>\n<\/ul>\n<p><span style=\"font-family: 'times new roman', times, serif; font-size: 130%;\"><span style=\"color: #ff9900;\">\u2666 <\/span>Hai m\u1ee9c x\u1ea3 ti\u1ebft ki\u1ec7m n\u01b0\u1edbc 6.5L\/ 4.5L (x\u1ea3 \u0111\u1ea1i\/ x\u1ea3 ti\u1ec3u)<\/span><\/p>\n<p><span style=\"font-family: 'times new roman', times, serif; font-size: 130%;\"><span style=\"color: #ff9900;\">\u2666 <\/span>H\u1ec7 th\u1ed1ng x\u1ea3 hi\u1ec7u \u1ee9ng siphon, x\u1ea3 bay m\u1ecdi ch\u1ea5t b\u1ea9n<\/span><\/p>\n<p><span style=\"font-family: 'times new roman', times, serif; font-size: 130%;\"><span style=\"color: #ff9900;\">\u2666 <\/span>N\u1eafp \u0111\u00f3ng \u00eam kh\u00f4ng g\u00e2y ti\u1ebfng \u0111\u1ed9ng kh\u00f3 ch\u1ecbu<\/span><\/p>\n","protected":false},"featured_media":5423,"comment_status":"closed","ping_status":"closed","template":"","meta":[],"product_cat":[180,996,179],"product_tag":[1004],"class_list":{"0":"post-5422","1":"product","2":"type-product","3":"status-publish","4":"has-post-thumbnail","6":"product_cat-bon-cau","7":"product_cat-inax-1-khoi","8":"product_cat-thiet-bi-ve-sinh-da-nang","9":"product_tag-bon-cau-inax-gia-dai-ly-tai-hue","11":"first","12":"instock","13":"sale","14":"shipping-taxable","15":"purchasable","16":"product-type-simple"},"yoast_head":"<!-- This site is optimized with the Yoast SEO Premium plugin v22.3 (Yoast SEO v22.4) - https:\/\/yoast.com\/wordpress\/plugins\/seo\/ -->\n<title>AC-959VAN - V\u1eadt Li\u1ec7u X\u00e2y D\u1ef1ng Tr\u1ea7n Th\u1ecb Chi Nh\u00e1nh H\u1ed3 Ch\u00ed Minh<\/title>\n<meta name=\"robots\" content=\"index, follow, max-snippet:-1, max-image-preview:large, max-video-preview:-1\" \/>\n<link rel=\"canonical\" href=\"https:\/\/tranthi.vn\/hochiminh\/ac-959van\/\" \/>\n<meta property=\"og:locale\" content=\"vi_VN\" \/>\n<meta property=\"og:type\" content=\"article\" \/>\n<meta property=\"og:title\" content=\"AC-959VAN\" \/>\n<meta property=\"og:description\" content=\"\u2666 S\u1ea3n ph\u1ea9m c\u00f3 m\u00e0u tr\u1eafng   K\u00edch th\u01b0\u1edbc: 380 x 760 x 636 (mm)  \u0110\u01a1n gi\u00e1:\u00a05.155.000  \u2666 Hai m\u1ee9c x\u1ea3 ti\u1ebft ki\u1ec7m n\u01b0\u1edbc 6.5L\/ 4.5L (x\u1ea3 \u0111\u1ea1i\/ x\u1ea3 ti\u1ec3u)  \u2666 H\u1ec7 th\u1ed1ng x\u1ea3 hi\u1ec7u \u1ee9ng siphon, x\u1ea3 bay m\u1ecdi ch\u1ea5t b\u1ea9n  \u2666 N\u1eafp \u0111\u00f3ng \u00eam kh\u00f4ng g\u00e2y ti\u1ebfng \u0111\u1ed9ng kh\u00f3 ch\u1ecbu\" \/>\n<meta property=\"og:url\" content=\"https:\/\/tranthi.vn\/hochiminh\/ac-959van\/\" \/>\n<meta property=\"og:site_name\" content=\"V\u1eadt Li\u1ec7u X\u00e2y D\u1ef1ng Tr\u1ea7n Th\u1ecb Chi Nh\u00e1nh H\u1ed3 Ch\u00ed Minh\" \/>\n<meta property=\"article:modified_time\" content=\"2022-10-31T09:20:18+00:00\" \/>\n<meta property=\"og:image\" content=\"https:\/\/tranthi.vn\/hochiminh\/wp-content\/uploads\/2022\/10\/bon-cau-inax-gia-dai-ly-tai-hue.jpg\" \/>\n\t<meta property=\"og:image:width\" content=\"400\" \/>\n\t<meta property=\"og:image:height\" content=\"400\" \/>\n\t<meta property=\"og:image:type\" content=\"image\/jpeg\" \/>\n<meta name=\"twitter:card\" content=\"summary_large_image\" \/>\n<meta name=\"twitter:label1\" content=\"Gi\u00e1\" \/>\n\t<meta name=\"twitter:data1\" content=\"5,155,000&nbsp;&#8363;\" \/>\n\t<meta name=\"twitter:label2\" content=\"Kh\u1ea3 d\u1ee5ng\" \/>\n\t<meta name=\"twitter:data2\" content=\"Trong kho\" \/>\n<script type=\"application\/ld+json\" class=\"yoast-schema-graph\">{\"@context\":\"https:\/\/schema.org\",\"@graph\":[{\"@type\":[\"WebPage\",\"ItemPage\"],\"@id\":\"https:\/\/tranthi.vn\/hochiminh\/ac-959van\/\",\"url\":\"https:\/\/tranthi.vn\/hochiminh\/ac-959van\/\",\"name\":\"AC-959VAN - V\u1eadt Li\u1ec7u X\u00e2y D\u1ef1ng Tr\u1ea7n Th\u1ecb Chi Nh\u00e1nh H\u1ed3 Ch\u00ed Minh\",\"isPartOf\":{\"@id\":\"https:\/\/tranthi.vn\/hochiminh\/#website\"},\"primaryImageOfPage\":{\"@id\":\"https:\/\/tranthi.vn\/hochiminh\/ac-959van\/#primaryimage\"},\"image\":{\"@id\":\"https:\/\/tranthi.vn\/hochiminh\/ac-959van\/#primaryimage\"},\"thumbnailUrl\":\"https:\/\/tranthi.vn\/hochiminh\/wp-content\/uploads\/2022\/10\/bon-cau-inax-gia-dai-ly-tai-hue.jpg\",\"datePublished\":\"2022-10-31T09:17:38+00:00\",\"dateModified\":\"2022-10-31T09:20:18+00:00\",\"breadcrumb\":{\"@id\":\"https:\/\/tranthi.vn\/hochiminh\/ac-959van\/#breadcrumb\"},\"inLanguage\":\"vi\",\"potentialAction\":[{\"@type\":\"ReadAction\",\"target\":[\"https:\/\/tranthi.vn\/hochiminh\/ac-959van\/\"]}]},{\"@type\":\"ImageObject\",\"inLanguage\":\"vi\",\"@id\":\"https:\/\/tranthi.vn\/hochiminh\/ac-959van\/#primaryimage\",\"url\":\"https:\/\/tranthi.vn\/hochiminh\/wp-content\/uploads\/2022\/10\/bon-cau-inax-gia-dai-ly-tai-hue.jpg\",\"contentUrl\":\"https:\/\/tranthi.vn\/hochiminh\/wp-content\/uploads\/2022\/10\/bon-cau-inax-gia-dai-ly-tai-hue.jpg\",\"width\":400,\"height\":400,\"caption\":\"b\u1ed3n c\u1ea7u inax gi\u00e1 \u0111\u1ea1i l\u00fd t\u1ea1i hu\u1ebf\"},{\"@type\":\"BreadcrumbList\",\"@id\":\"https:\/\/tranthi.vn\/hochiminh\/ac-959van\/#breadcrumb\",\"itemListElement\":[{\"@type\":\"ListItem\",\"position\":1,\"name\":\"Trang ch\u1ee7\",\"item\":\"https:\/\/tranthi.vn\/hochiminh\/\"},{\"@type\":\"ListItem\",\"position\":2,\"name\":\"Shop\",\"item\":\"https:\/\/tranthi.vn\/hochiminh\/shop\/\"},{\"@type\":\"ListItem\",\"position\":3,\"name\":\"AC-959VAN\"}]},{\"@type\":\"WebSite\",\"@id\":\"https:\/\/tranthi.vn\/hochiminh\/#website\",\"url\":\"https:\/\/tranthi.vn\/hochiminh\/\",\"name\":\"V\u1eadt Li\u1ec7u X\u00e2y D\u1ef1ng Tr\u1ea7n Th\u1ecb Chi Nh\u00e1nh H\u1ed3 Ch\u00ed Minh\",\"description\":\"V\u1eadt Li\u1ec7u X\u00e2y D\u1ef1ng - H\u1ed3 Ch\u00ed Minh\",\"potentialAction\":[{\"@type\":\"SearchAction\",\"target\":{\"@type\":\"EntryPoint\",\"urlTemplate\":\"https:\/\/tranthi.vn\/hochiminh\/?s={search_term_string}\"},\"query-input\":\"required name=search_term_string\"}],\"inLanguage\":\"vi\"},{\"@type\":\"ImageObject\",\"inLanguage\":\"vi\",\"@id\":\"https:\/\/tranthi.vn\/hochiminh\/ac-959van\/#local-main-organization-logo\",\"url\":\"\",\"contentUrl\":\"\",\"caption\":\"V\u1eadt Li\u1ec7u X\u00e2y D\u1ef1ng Tr\u1ea7n Th\u1ecb Chi Nh\u00e1nh H\u1ed3 Ch\u00ed Minh\"}]}<\/script>\n<meta property=\"product:price:amount\" content=\"5155000\" \/>\n<meta property=\"product:price:currency\" content=\"VND\" \/>\n<meta property=\"og:availability\" content=\"instock\" \/>\n<meta property=\"product:availability\" content=\"instock\" \/>\n<meta property=\"product:condition\" content=\"new\" \/>\n<!-- \/ Yoast SEO Premium plugin. -->","yoast_head_json":{"title":"AC-959VAN - V\u1eadt Li\u1ec7u X\u00e2y D\u1ef1ng Tr\u1ea7n Th\u1ecb Chi Nh\u00e1nh H\u1ed3 Ch\u00ed Minh","robots":{"index":"index","follow":"follow","max-snippet":"max-snippet:-1","max-image-preview":"max-image-preview:large","max-video-preview":"max-video-preview:-1"},"canonical":"https:\/\/tranthi.vn\/hochiminh\/ac-959van\/","og_locale":"vi_VN","og_type":"article","og_title":"AC-959VAN","og_description":"\u2666 S\u1ea3n ph\u1ea9m c\u00f3 m\u00e0u tr\u1eafng   K\u00edch th\u01b0\u1edbc: 380 x 760 x 636 (mm)  \u0110\u01a1n gi\u00e1:\u00a05.155.000  \u2666 Hai m\u1ee9c x\u1ea3 ti\u1ebft ki\u1ec7m n\u01b0\u1edbc 6.5L\/ 4.5L (x\u1ea3 \u0111\u1ea1i\/ x\u1ea3 ti\u1ec3u)  \u2666 H\u1ec7 th\u1ed1ng x\u1ea3 hi\u1ec7u \u1ee9ng siphon, x\u1ea3 bay m\u1ecdi ch\u1ea5t b\u1ea9n  \u2666 N\u1eafp \u0111\u00f3ng \u00eam kh\u00f4ng g\u00e2y ti\u1ebfng \u0111\u1ed9ng kh\u00f3 ch\u1ecbu","og_url":"https:\/\/tranthi.vn\/hochiminh\/ac-959van\/","og_site_name":"V\u1eadt Li\u1ec7u X\u00e2y D\u1ef1ng Tr\u1ea7n Th\u1ecb Chi Nh\u00e1nh H\u1ed3 Ch\u00ed Minh","article_modified_time":"2022-10-31T09:20:18+00:00","og_image":[{"width":400,"height":400,"url":"https:\/\/tranthi.vn\/hochiminh\/wp-content\/uploads\/2022\/10\/bon-cau-inax-gia-dai-ly-tai-hue.jpg","type":"image\/jpeg"}],"twitter_card":"summary_large_image","twitter_misc":{"Gi\u00e1":"5,155,000&nbsp;&#8363;","Kh\u1ea3 d\u1ee5ng":"Trong kho"},"schema":{"@context":"https:\/\/schema.org","@graph":[{"@type":["WebPage","ItemPage"],"@id":"https:\/\/tranthi.vn\/hochiminh\/ac-959van\/","url":"https:\/\/tranthi.vn\/hochiminh\/ac-959van\/","name":"AC-959VAN - V\u1eadt Li\u1ec7u X\u00e2y D\u1ef1ng Tr\u1ea7n Th\u1ecb Chi Nh\u00e1nh H\u1ed3 Ch\u00ed Minh","isPartOf":{"@id":"https:\/\/tranthi.vn\/hochiminh\/#website"},"primaryImageOfPage":{"@id":"https:\/\/tranthi.vn\/hochiminh\/ac-959van\/#primaryimage"},"image":{"@id":"https:\/\/tranthi.vn\/hochiminh\/ac-959van\/#primaryimage"},"thumbnailUrl":"https:\/\/tranthi.vn\/hochiminh\/wp-content\/uploads\/2022\/10\/bon-cau-inax-gia-dai-ly-tai-hue.jpg","datePublished":"2022-10-31T09:17:38+00:00","dateModified":"2022-10-31T09:20:18+00:00","breadcrumb":{"@id":"https:\/\/tranthi.vn\/hochiminh\/ac-959van\/#breadcrumb"},"inLanguage":"vi","potentialAction":[{"@type":"ReadAction","target":["https:\/\/tranthi.vn\/hochiminh\/ac-959van\/"]}]},{"@type":"ImageObject","inLanguage":"vi","@id":"https:\/\/tranthi.vn\/hochiminh\/ac-959van\/#primaryimage","url":"https:\/\/tranthi.vn\/hochiminh\/wp-content\/uploads\/2022\/10\/bon-cau-inax-gia-dai-ly-tai-hue.jpg","contentUrl":"https:\/\/tranthi.vn\/hochiminh\/wp-content\/uploads\/2022\/10\/bon-cau-inax-gia-dai-ly-tai-hue.jpg","width":400,"height":400,"caption":"b\u1ed3n c\u1ea7u inax gi\u00e1 \u0111\u1ea1i l\u00fd t\u1ea1i hu\u1ebf"},{"@type":"BreadcrumbList","@id":"https:\/\/tranthi.vn\/hochiminh\/ac-959van\/#breadcrumb","itemListElement":[{"@type":"ListItem","position":1,"name":"Trang ch\u1ee7","item":"https:\/\/tranthi.vn\/hochiminh\/"},{"@type":"ListItem","position":2,"name":"Shop","item":"https:\/\/tranthi.vn\/hochiminh\/shop\/"},{"@type":"ListItem","position":3,"name":"AC-959VAN"}]},{"@type":"WebSite","@id":"https:\/\/tranthi.vn\/hochiminh\/#website","url":"https:\/\/tranthi.vn\/hochiminh\/","name":"V\u1eadt Li\u1ec7u X\u00e2y D\u1ef1ng Tr\u1ea7n Th\u1ecb Chi Nh\u00e1nh H\u1ed3 Ch\u00ed Minh","description":"V\u1eadt Li\u1ec7u X\u00e2y D\u1ef1ng - H\u1ed3 Ch\u00ed Minh","potentialAction":[{"@type":"SearchAction","target":{"@type":"EntryPoint","urlTemplate":"https:\/\/tranthi.vn\/hochiminh\/?s={search_term_string}"},"query-input":"required name=search_term_string"}],"inLanguage":"vi"},{"@type":"ImageObject","inLanguage":"vi","@id":"https:\/\/tranthi.vn\/hochiminh\/ac-959van\/#local-main-organization-logo","url":"","contentUrl":"","caption":"V\u1eadt Li\u1ec7u X\u00e2y D\u1ef1ng Tr\u1ea7n Th\u1ecb Chi Nh\u00e1nh H\u1ed3 Ch\u00ed Minh"}]},"product_price_amount":"5155000","product_price_currency":"VND","og_availability":"instock","product_availability":"instock","product_condition":"new"},"_links":{"self":[{"href":"https:\/\/tranthi.vn\/hochiminh\/wp-json\/wp\/v2\/product\/5422","targetHints":{"allow":["GET"]}}],"collection":[{"href":"https:\/\/tranthi.vn\/hochiminh\/wp-json\/wp\/v2\/product"}],"about":[{"href":"https:\/\/tranthi.vn\/hochiminh\/wp-json\/wp\/v2\/types\/product"}],"replies":[{"embeddable":true,"href":"https:\/\/tranthi.vn\/hochiminh\/wp-json\/wp\/v2\/comments?post=5422"}],"wp:featuredmedia":[{"embeddable":true,"href":"https:\/\/tranthi.vn\/hochiminh\/wp-json\/wp\/v2\/media\/5423"}],"wp:attachment":[{"href":"https:\/\/tranthi.vn\/hochiminh\/wp-json\/wp\/v2\/media?parent=5422"}],"wp:term":[{"taxonomy":"product_cat","embeddable":true,"href":"https:\/\/tranthi.vn\/hochiminh\/wp-json\/wp\/v2\/product_cat?post=5422"},{"taxonomy":"product_tag","embeddable":true,"href":"https:\/\/tranthi.vn\/hochiminh\/wp-json\/wp\/v2\/product_tag?post=5422"}],"curies":[{"name":"wp","href":"https:\/\/api.w.org\/{rel}","templated":true}]}}