{"id":5400,"date":"2022-10-31T09:41:36","date_gmt":"2022-10-31T02:41:36","guid":{"rendered":"https:\/\/tranthi.vn\/hochiminh\/?post_type=product&#038;p=5400"},"modified":"2024-11-04T15:24:49","modified_gmt":"2024-11-04T08:24:49","slug":"gia-bon-tam-nhua-tai-ho-chi-minh-sai-gon","status":"publish","type":"product","link":"https:\/\/tranthi.vn\/hochiminh\/gia-bon-tam-nhua-tai-ho-chi-minh-sai-gon\/","title":{"rendered":"BT04"},"content":{"rendered":"<p><span style=\"font-family: 'times new roman', times, serif; font-size: 200%; color: #ff0000;\"><strong>GI\u00c1 B\u1ed2N T\u1eaeM NH\u1ef0A COMPOSITE T\u1ea0I <a href=\"https:\/\/vi.wikipedia.org\/wiki\/Th%C3%A0nh_ph%E1%BB%91_H%E1%BB%93_Ch%C3%AD_Minh\">TP. H\u1ed2 CH\u00cd MINH<\/a><\/strong><\/span><\/p>\n<p><span style=\"font-family: 'times new roman', times, serif; font-size: 130%;\">T\u1ea1i<a href=\"https:\/\/vi.wikipedia.org\/wiki\/Th%C3%A0nh_ph%E1%BB%91_H%E1%BB%93_Ch%C3%AD_Minh\"><em><span style=\"color: #3366ff;\"> H\u1ed3 Ch\u00ed Minh<\/span><\/em><\/a>\u00a0 b\u1ed3n t\u1eafm nh\u1ef1a \u0111ang d\u1ea7n chi\u1ebfm \u01b0u th\u1ebf, trong c\u00e1c lo\u1ea1i nh\u1ef1a th\u00ec <strong><em><a href=\"https:\/\/vi.wikipedia.org\/wiki\/B%E1%BB%93n_t%E1%BA%AFm\"><span style=\"color: #3366ff;\">b\u1ed3n t\u1eafm<\/span><\/a> nh\u1ef1a composite<\/em>\u00a0<\/strong>c\u00f3\u00a0<a href=\"https:\/\/vi.wikipedia.org\/wiki\/Gi%C3%A1\"><strong><em>gi\u00e1<\/em><\/strong><\/a>\u00a0th\u00e0nh v\u1eeba ph\u1ea3i nh\u1ea5t. N\u1ebfu kh\u00e1ch h\u00e0ng \u0111ang l\u1ef1a ch\u1ecdn m\u1ed9t lo\u1ea1i b\u1ed3n t\u1eafm gi\u00e1 th\u00e0nh kh\u00f4ng qu\u00e1 cao nh\u01b0ng \u0111\u1ea3m b\u1ea3o ch\u1ea5t l\u01b0\u1ee3ng \u0111\u1ed9 b\u1ec1n th\u00ec b\u1ed3n t\u1eafm nh\u1ef1a composite l\u00e0 l\u1ef1a ch\u1ecdn h\u1ee3p l\u00fd nh\u1ea5t<\/span><\/p>\n<h2><span style=\"font-family: 'times new roman', times, serif; font-size: 130%;\"><strong>1. B\u1ed3n t\u1eafm nh\u1ef1a composite t\u1ea1i TP. H\u1ed3 Ch\u00ed Minh<\/strong><\/span><\/h2>\n<p><span style=\"font-family: 'times new roman', times, serif; font-size: 130%;\">Thay v\u00ec s\u1eed d\u1ee5ng b\u1ed3n s\u1ee9 nh\u01b0 tr\u01b0\u1edbc \u0111\u00e2y \u0111\u1eb9p sang tr\u1ecdng nh\u01b0ng l\u1ea1i n\u1eb7ng n\u1ec1 , kh\u00f3 v\u1eadn chuy\u1ec3n v\u00e0 d\u1ecbch chuy\u1ec3n khi c\u1ea7n th\u00ec\u00a0<strong><em>b\u1ed3n t\u1eafm nh\u1ef1a composite gi\u00e1 r\u1ebb<\/em><\/strong> \u0111ang \u0111\u01b0\u1ee3c \u01b0a chu\u1ed9ng r\u1ea5t nhi\u1ec1u t\u1ea1i tp. H\u1ed3 Ch\u00ed Minh.<\/span><\/p>\n<p><span style=\"font-family: 'times new roman', times, serif; font-size: 130%;\">So v\u1edbi t\u1ea5t c\u1ea3 c\u00e1c d\u00f2ng th\u00ec\u00a0<em><strong>b\u1ed3n t\u1eafm nh\u1ef1a composite<\/strong><\/em>\u00a0c\u00f3<a href=\"https:\/\/vi.wikipedia.org\/wiki\/Gi%C3%A1_c%E1%BA%A3\">\u00a0<strong><em>gi\u00e1<\/em><\/strong>\u00a0<\/a>th\u00e0nh th\u1ea5p<\/span><\/p>\n<ul>\n<li><span style=\"font-family: 'times new roman', times, serif; font-size: 130%;\">Ch\u1ec9 t\u1eeb 12 tri\u1ec7u \u0111\u1ebfn 20 tri\u1ec7u cho b\u1ed3n t\u1eafm th\u01b0\u1eddng<\/span><\/li>\n<li><span style=\"font-family: 'times new roman', times, serif; font-size: 130%;\">25 tri\u1ec7u tr\u1edf l\u00ean cho b\u1ed3n t\u1eafm c\u00f3 s\u1ee5c masage<\/span><\/li>\n<\/ul>\n<p><span style=\"font-family: 'times new roman', times, serif; font-size: 130%;\">\u0110\u01a1n gi\u00e1 c\u1ee7a b\u1ed3n s\u1ebd ph\u1ee5 thu\u1ed9c v\u00e0o k\u00edch th\u01b0\u1edbc, ch\u1ee9c n\u0103ng c\u0169ng nh\u01b0 ph\u1ee5 ki\u1ec7n k\u00e8m theo b\u1ed3n<\/span><\/p>\n<table>\n<tbody>\n<tr>\n<td><span style=\"font-family: 'times new roman', times, serif; font-size: 130%;\"><img loading=\"lazy\" decoding=\"async\" class=\"alignnone size-full wp-image-4301\" src=\"https:\/\/tranthi.vn\/wp-content\/uploads\/2022\/10\/bon-tam-thuong-gia-re-da-nang_optimized.jpg\" alt=\"\" width=\"500\" height=\"400\" \/><\/span><\/td>\n<td><span style=\"font-family: 'times new roman', times, serif; font-size: 130%;\"><img loading=\"lazy\" decoding=\"async\" class=\"alignnone size-full wp-image-4305\" src=\"https:\/\/tranthi.vn\/wp-content\/uploads\/2022\/10\/bon-tam-nhua-composite-da-nang.jpg\" alt=\"\" width=\"500\" height=\"400\" \/><\/span><\/td>\n<\/tr>\n<\/tbody>\n<\/table>\n<p style=\"text-align: center;\"><span style=\"font-size: 130%; color: #666699; font-family: 'times new roman', times, serif;\"><strong><em>\u0110\u00e2y l\u00e0 2 m\u1eabu b\u1ed3n t\u1eafm th\u01b0\u1eddng \u0111\u01b0\u1ee3c b\u00e1n ch\u1ea1y nh\u1ea5t<\/em><\/strong><\/span><\/p>\n<h2><span style=\"font-family: 'times new roman', times, serif; font-size: 130%;\"><strong>2. B\u1ed3n t\u1eafm nh\u1ef1a composite c\u00f3 b\u1ec1n kh\u00f4ng<\/strong><\/span><\/h2>\n<p><span style=\"font-family: 'times new roman', times, serif; font-size: 130%;\"><strong><em>B\u1ed3n t\u1eafm nh\u1ef1a composite<\/em><\/strong>\u00a0l\u00e0 d\u00f2ng b\u1ed3n t\u1eafm nh\u1ef1a m\u1ee9c\u00a0<strong><em>gi\u00e1 r\u1ebb<\/em><\/strong> t\u1ea1i <em><strong>tp. H\u1ed3 Ch\u00ed Minh<\/strong><\/em>. N\u1ebfu nh\u00ecn b\u1eb1ng m\u1eaft th\u01b0\u1eddng th\u00ec b\u1ed3n t\u1eafm nh\u1ef1a kh\u00f4ng kh\u00e1c so v\u1edbi b\u1ed3n s\u1ee9, v\u1eabn c\u00f3 \u0111\u1ed9 tr\u1eafng tinh khi\u1ebft v\u00e0 \u0111\u1ed9 b\u00f3ng sang tr\u1ecdng<\/span><\/p>\n<p><span style=\"font-family: 'times new roman', times, serif; font-size: 130%;\">Tuy nhi\u00ean l\u00e0m b\u1eb1ng nh\u1ef1a n\u00ean kh\u00e1 nh\u1eb9 hai ng\u01b0\u01a1i c\u00f3 th\u1ec3 di chuy\u1ec3n b\u1ed3n v\u00f4 t\u01b0<\/span><\/p>\n<ul>\n<li><span style=\"font-family: 'times new roman', times, serif; font-size: 130%;\">Ch\u1ea5t li\u1ec7u nh\u1ef1a \u0111\u01b0\u1ee3c ph\u1ee7 b\u00f3ng b\u00ean ch\u1ed1ng tr\u1ea7y x\u01b0\u1edbc 100%,<\/span><\/li>\n<li><span style=\"font-family: 'times new roman', times, serif; font-size: 130%;\">Kh\u00f4ng b\u1ecb \u1ed1 v\u00e0ng<\/span><\/li>\n<li><span style=\"font-family: 'times new roman', times, serif; font-size: 130%;\">Kh\u1ed1ng b\u00e1m b\u1ea9n t\u1ed1t<\/span><\/li>\n<li><span style=\"font-family: 'times new roman', times, serif; font-size: 130%;\">C\u00f3 \u0111\u1ed9 c\u1ee9ng v\u00e0 ch\u1ecbu \u0111\u01b0\u1ee3c t\u00e1c \u0111\u1ed9ng ngo\u1ea1i l\u1ef1c<\/span><\/li>\n<li><span style=\"font-family: 'times new roman', times, serif; font-size: 130%;\">Kh\u00f4ng b\u1eaft l\u1eeda<\/span><\/li>\n<li><span style=\"font-family: 'times new roman', times, serif; font-size: 130%;\">Nh\u1ef1a n\u00ean h\u1ea1n ch\u1ebf \u0111\u01b0\u1ee3c t\u00ecnh tr\u1ea1ng va v\u1ee1<\/span><\/li>\n<\/ul>\n<h2><span style=\"font-family: 'times new roman', times, serif; font-size: 130%;\"><strong>3. C\u00f3 bao nhi\u00eau lo\u1ea1i b\u1ed3n t\u1eafm<\/strong><\/span><\/h2>\n<h3><span style=\"font-family: 'times new roman', times, serif; font-size: 130%;\">a)\u00a0B\u1ed3n t\u1eafm massage<\/span><\/h3>\n<p><span style=\"font-family: 'times new roman', times, serif; font-size: 130%;\">B\u1ed3n t\u1eafm massage l\u00e0 lo\u1ea1i b\u1ed3n \u0111\u01b0\u1ee3c \u01b0a chu\u1ed9ng nh\u1ea5t, v\u1edbi ch\u1ee9c n\u0103ng massage gi\u00fap gi\u1ea3o m\u1ecfi, k\u00edch th\u00edch c\u00e1c c\u01a1 v\u00e0 th\u01b0 gi\u1ea3n sau m\u1ed9t ng\u00e0y l\u00e0m vi\u1ec7c m\u1ec7t m\u1ecfi<\/span><\/p>\n<p><span style=\"font-family: 'times new roman', times, serif; font-size: 130%;\"><img loading=\"lazy\" decoding=\"async\" class=\"alignnone size-full wp-image-4309 aligncenter\" src=\"https:\/\/tranthi.vn\/wp-content\/uploads\/2022\/10\/bon-tam-massage-da-nang_optimized.jpg\" alt=\"\" width=\"400\" height=\"350\" \/><\/span><\/p>\n<h3><span style=\"font-family: 'times new roman', times, serif; font-size: 130%;\">b) B\u1ed3n t\u1eafm n\u1eb1m<\/span><\/h3>\n<p><span style=\"font-family: 'times new roman', times, serif; font-size: 130%;\">l\u00e0 b\u1ed3n t\u1eafm \u0111\u01b0\u1ee3c thi\u1ebft k\u1ebf v\u1edbi k\u00edch th\u01b0\u1edbc l\u1edbn c\u00f3 th\u1ec3 n\u1eb1m v\u00e0o, b\u1ed3n t\u1eafm n\u1eb1m c\u00f3 nhi\u1ec1u k\u00edch th\u01b0\u1edbc th\u1ea5p nh\u1ea5t l\u00e0 1m2, B\u1ed3n t\u1eafm n\u1eb1m th\u01b0\u1eddng chi\u1ec7m di\u1ec7n t\u00edch nhi\u1ec1u n\u00ean th\u00edch h\u1ee3p v\u1edbi nh\u1eefng ph\u00f2ng t\u1eafm c\u00f3 kh\u00f4ng gian r\u1ed9ng<\/span><\/p>\n<h3><span style=\"font-family: 'times new roman', times, serif; font-size: 130%;\">c) B\u1ed3n t\u1eafm g\u00f3c<\/span><\/h3>\n<p><span style=\"font-family: 'times new roman', times, serif; font-size: 130%;\">L\u00e0 lo\u1ea1i b\u1ed3n t\u1eafm \u0111\u01b0\u1ee3c thi\u1ebft k\u1ebf d\u1ea1ng g\u00f3c nh\u1ecf \u0111\u1ec3 c\u00f3 th\u1ec3 l\u1eafp v\u00e0o v\u1ecb tr\u00ed g\u00f3c t\u01b0\u1eddng, b\u1ed3n t\u1eafm g\u00f3c chi\u1ebfm \u00edt di\u1ec7n t\u00edch n\u00ean th\u00edch h\u1ee3p v\u1edbi nh\u1eefng ph\u00f2ng t\u1eafm kh\u00f4ng gian nh\u1ecf, nh\u01b0ng \u0111\u00f3 c\u0169ng l\u00e0 nh\u01b0\u1ee3c \u0111i\u1ec3m v\u00ec kh\u00f4ng gian h\u1eb9p n\u00ean s\u1ebd kh\u00f4ng \u0111\u01b0\u1ee3c tho\u1ea3i m\u00e1i<\/span><\/p>\n<figure id=\"attachment_5829\" aria-describedby=\"caption-attachment-5829\" style=\"width: 441px\" class=\"wp-caption aligncenter\"><img loading=\"lazy\" decoding=\"async\" class=\" wp-image-5829\" src=\"https:\/\/tranthi.vn\/hochiminh\/wp-content\/uploads\/2022\/10\/bon-tam-nhua-compusite-tai-ho-chi-minh-sai-gon.png\" alt=\"\" width=\"441\" height=\"315\" \/><figcaption id=\"caption-attachment-5829\" class=\"wp-caption-text\"><span style=\"font-family: 'times new roman', times, serif;\"><em>b\u1ed3n t\u1eafm nh\u1ef1a compusite t\u1ea1i h\u1ed3 ch\u00ed minh- s\u00e0i g\u00f2n<\/em><\/span><\/figcaption><\/figure>\n","protected":false},"excerpt":{"rendered":"<h1 class=\"product-title product_title entry-title\"><span style=\"color: #555555; font-size: 130%; font-family: 'times new roman', times, serif;\"><span style=\"color: #ff6600;\">\u2666<\/span> Ch\u1ea5t li\u1ec7u: Nh\u1ef1a composit<\/span><\/h1>\n<div class=\"product-short-description\">\n<h1 class=\"product-title product_title entry-title\"><span style=\"color: #555555; font-size: 130%; font-family: 'times new roman', times, serif;\"><span style=\"color: #ff6600;\">\u2666<\/span> K\u00edch th\u01b0\u1edbc: 1700x800x550mm<\/span><\/h1>\n<h1 class=\"product-title product_title entry-title\"><span style=\"color: #555555; font-size: 130%; font-family: 'times new roman', times, serif;\"><span style=\"color: #ff6600;\">\u2666<\/span> \u0110\u01a1n gi\u00e1:\u00a0<strong><span style=\"color: #008000;\">13.460.000\/ B\u1ed9<\/span><\/strong><\/span><\/h1>\n<\/div>\n","protected":false},"featured_media":5401,"comment_status":"closed","ping_status":"closed","template":"","meta":[],"product_cat":[992,179],"product_tag":[994],"class_list":{"0":"post-5400","1":"product","2":"type-product","3":"status-publish","4":"has-post-thumbnail","6":"product_cat-bon-tam","7":"product_cat-thiet-bi-ve-sinh-da-nang","8":"product_tag-bon-tam-nhua-cao-cap-bt04-tai-hue","10":"first","11":"instock","12":"sale","13":"shipping-taxable","14":"purchasable","15":"product-type-simple"},"yoast_head":"<!-- This site is optimized with the Yoast SEO Premium plugin v22.3 (Yoast SEO v22.4) - https:\/\/yoast.com\/wordpress\/plugins\/seo\/ -->\n<title>Gi\u00e1 b\u1ed3n t\u1eafm nh\u1ef1a t\u1ea1i tp. H\u1ed3 Ch\u00ed Minh- 0947.335.871<\/title>\n<meta name=\"description\" content=\"Tr\u1ea7n Th\u1ecb - Chuy\u00ean cung c\u1ea5p b\u1ed3n c\u1ea7u nh\u1ef1a v\u1edbi d\u00f2ng nh\u1ef1a composite cao c\u1ea5p, ph\u00e2n kh\u00fac gi\u00e1 r\u1ebb nh\u1ea5t th\u1ecb tr\u01b0\u1eddng tp. H\u1ed3 Ch\u00ed Minh\" \/>\n<meta name=\"robots\" content=\"index, follow, max-snippet:-1, max-image-preview:large, max-video-preview:-1\" \/>\n<link rel=\"canonical\" href=\"https:\/\/tranthi.vn\/hochiminh\/gia-bon-tam-nhua-tai-ho-chi-minh-sai-gon\/\" \/>\n<meta property=\"og:locale\" content=\"vi_VN\" \/>\n<meta property=\"og:type\" content=\"article\" \/>\n<meta property=\"og:title\" content=\"BT04\" \/>\n<meta property=\"og:description\" content=\"Tr\u1ea7n Th\u1ecb - Chuy\u00ean cung c\u1ea5p b\u1ed3n c\u1ea7u nh\u1ef1a v\u1edbi d\u00f2ng nh\u1ef1a composite cao c\u1ea5p, ph\u00e2n kh\u00fac gi\u00e1 r\u1ebb nh\u1ea5t th\u1ecb tr\u01b0\u1eddng tp. H\u1ed3 Ch\u00ed Minh\" \/>\n<meta property=\"og:url\" content=\"https:\/\/tranthi.vn\/hochiminh\/gia-bon-tam-nhua-tai-ho-chi-minh-sai-gon\/\" \/>\n<meta property=\"og:site_name\" content=\"V\u1eadt Li\u1ec7u X\u00e2y D\u1ef1ng Tr\u1ea7n Th\u1ecb Chi Nh\u00e1nh H\u1ed3 Ch\u00ed Minh\" \/>\n<meta property=\"article:modified_time\" content=\"2024-11-04T08:24:49+00:00\" \/>\n<meta property=\"og:image\" content=\"https:\/\/tranthi.vn\/hochiminh\/wp-content\/uploads\/2022\/10\/Bon-tam-nhua-cao-cap-bt04-tai-hue.jpg\" \/>\n\t<meta property=\"og:image:width\" content=\"500\" \/>\n\t<meta property=\"og:image:height\" content=\"400\" \/>\n\t<meta property=\"og:image:type\" content=\"image\/jpeg\" \/>\n<meta name=\"twitter:card\" content=\"summary_large_image\" \/>\n<meta name=\"twitter:label1\" content=\"Gi\u00e1\" \/>\n\t<meta name=\"twitter:data1\" content=\"12,460,000&nbsp;&#8363;\" \/>\n\t<meta name=\"twitter:label2\" content=\"Kh\u1ea3 d\u1ee5ng\" \/>\n\t<meta name=\"twitter:data2\" content=\"Trong kho\" \/>\n<script type=\"application\/ld+json\" class=\"yoast-schema-graph\">{\"@context\":\"https:\/\/schema.org\",\"@graph\":[{\"@type\":[\"WebPage\",\"ItemPage\"],\"@id\":\"https:\/\/tranthi.vn\/hochiminh\/gia-bon-tam-nhua-tai-ho-chi-minh-sai-gon\/\",\"url\":\"https:\/\/tranthi.vn\/hochiminh\/gia-bon-tam-nhua-tai-ho-chi-minh-sai-gon\/\",\"name\":\"Gi\u00e1 b\u1ed3n t\u1eafm nh\u1ef1a t\u1ea1i tp. H\u1ed3 Ch\u00ed Minh- 0947.335.871\",\"isPartOf\":{\"@id\":\"https:\/\/tranthi.vn\/hochiminh\/#website\"},\"primaryImageOfPage\":{\"@id\":\"https:\/\/tranthi.vn\/hochiminh\/gia-bon-tam-nhua-tai-ho-chi-minh-sai-gon\/#primaryimage\"},\"image\":{\"@id\":\"https:\/\/tranthi.vn\/hochiminh\/gia-bon-tam-nhua-tai-ho-chi-minh-sai-gon\/#primaryimage\"},\"thumbnailUrl\":\"https:\/\/tranthi.vn\/hochiminh\/wp-content\/uploads\/2022\/10\/Bon-tam-nhua-cao-cap-bt04-tai-hue.jpg\",\"datePublished\":\"2022-10-31T02:41:36+00:00\",\"dateModified\":\"2024-11-04T08:24:49+00:00\",\"description\":\"Tr\u1ea7n Th\u1ecb - Chuy\u00ean cung c\u1ea5p b\u1ed3n c\u1ea7u nh\u1ef1a v\u1edbi d\u00f2ng nh\u1ef1a composite cao c\u1ea5p, ph\u00e2n kh\u00fac gi\u00e1 r\u1ebb nh\u1ea5t th\u1ecb tr\u01b0\u1eddng tp. H\u1ed3 Ch\u00ed Minh\",\"breadcrumb\":{\"@id\":\"https:\/\/tranthi.vn\/hochiminh\/gia-bon-tam-nhua-tai-ho-chi-minh-sai-gon\/#breadcrumb\"},\"inLanguage\":\"vi\",\"potentialAction\":[{\"@type\":\"ReadAction\",\"target\":[\"https:\/\/tranthi.vn\/hochiminh\/gia-bon-tam-nhua-tai-ho-chi-minh-sai-gon\/\"]}]},{\"@type\":\"ImageObject\",\"inLanguage\":\"vi\",\"@id\":\"https:\/\/tranthi.vn\/hochiminh\/gia-bon-tam-nhua-tai-ho-chi-minh-sai-gon\/#primaryimage\",\"url\":\"https:\/\/tranthi.vn\/hochiminh\/wp-content\/uploads\/2022\/10\/Bon-tam-nhua-cao-cap-bt04-tai-hue.jpg\",\"contentUrl\":\"https:\/\/tranthi.vn\/hochiminh\/wp-content\/uploads\/2022\/10\/Bon-tam-nhua-cao-cap-bt04-tai-hue.jpg\",\"width\":500,\"height\":400,\"caption\":\"B\u1ed3n t\u1eafm nh\u1ef1a cao c\u1ea5p bt04 t\u1ea1i hu\u1ebf\"},{\"@type\":\"BreadcrumbList\",\"@id\":\"https:\/\/tranthi.vn\/hochiminh\/gia-bon-tam-nhua-tai-ho-chi-minh-sai-gon\/#breadcrumb\",\"itemListElement\":[{\"@type\":\"ListItem\",\"position\":1,\"name\":\"Trang ch\u1ee7\",\"item\":\"https:\/\/tranthi.vn\/hochiminh\/\"},{\"@type\":\"ListItem\",\"position\":2,\"name\":\"Shop\",\"item\":\"https:\/\/tranthi.vn\/hochiminh\/shop\/\"},{\"@type\":\"ListItem\",\"position\":3,\"name\":\"BT04\"}]},{\"@type\":\"WebSite\",\"@id\":\"https:\/\/tranthi.vn\/hochiminh\/#website\",\"url\":\"https:\/\/tranthi.vn\/hochiminh\/\",\"name\":\"V\u1eadt Li\u1ec7u X\u00e2y D\u1ef1ng Tr\u1ea7n Th\u1ecb Chi Nh\u00e1nh H\u1ed3 Ch\u00ed Minh\",\"description\":\"V\u1eadt Li\u1ec7u X\u00e2y D\u1ef1ng - H\u1ed3 Ch\u00ed Minh\",\"potentialAction\":[{\"@type\":\"SearchAction\",\"target\":{\"@type\":\"EntryPoint\",\"urlTemplate\":\"https:\/\/tranthi.vn\/hochiminh\/?s={search_term_string}\"},\"query-input\":\"required name=search_term_string\"}],\"inLanguage\":\"vi\"},{\"@type\":\"ImageObject\",\"inLanguage\":\"vi\",\"@id\":\"https:\/\/tranthi.vn\/hochiminh\/gia-bon-tam-nhua-tai-ho-chi-minh-sai-gon\/#local-main-organization-logo\",\"url\":\"\",\"contentUrl\":\"\",\"caption\":\"V\u1eadt Li\u1ec7u X\u00e2y D\u1ef1ng Tr\u1ea7n Th\u1ecb Chi Nh\u00e1nh H\u1ed3 Ch\u00ed Minh\"}]}<\/script>\n<meta property=\"product:price:amount\" content=\"12460000\" \/>\n<meta property=\"product:price:currency\" content=\"VND\" \/>\n<meta property=\"og:availability\" content=\"instock\" \/>\n<meta property=\"product:availability\" content=\"instock\" \/>\n<meta property=\"product:condition\" content=\"new\" \/>\n<!-- \/ Yoast SEO Premium plugin. -->","yoast_head_json":{"title":"Gi\u00e1 b\u1ed3n t\u1eafm nh\u1ef1a t\u1ea1i tp. H\u1ed3 Ch\u00ed Minh- 0947.335.871","description":"Tr\u1ea7n Th\u1ecb - Chuy\u00ean cung c\u1ea5p b\u1ed3n c\u1ea7u nh\u1ef1a v\u1edbi d\u00f2ng nh\u1ef1a composite cao c\u1ea5p, ph\u00e2n kh\u00fac gi\u00e1 r\u1ebb nh\u1ea5t th\u1ecb tr\u01b0\u1eddng tp. H\u1ed3 Ch\u00ed Minh","robots":{"index":"index","follow":"follow","max-snippet":"max-snippet:-1","max-image-preview":"max-image-preview:large","max-video-preview":"max-video-preview:-1"},"canonical":"https:\/\/tranthi.vn\/hochiminh\/gia-bon-tam-nhua-tai-ho-chi-minh-sai-gon\/","og_locale":"vi_VN","og_type":"article","og_title":"BT04","og_description":"Tr\u1ea7n Th\u1ecb - Chuy\u00ean cung c\u1ea5p b\u1ed3n c\u1ea7u nh\u1ef1a v\u1edbi d\u00f2ng nh\u1ef1a composite cao c\u1ea5p, ph\u00e2n kh\u00fac gi\u00e1 r\u1ebb nh\u1ea5t th\u1ecb tr\u01b0\u1eddng tp. H\u1ed3 Ch\u00ed Minh","og_url":"https:\/\/tranthi.vn\/hochiminh\/gia-bon-tam-nhua-tai-ho-chi-minh-sai-gon\/","og_site_name":"V\u1eadt Li\u1ec7u X\u00e2y D\u1ef1ng Tr\u1ea7n Th\u1ecb Chi Nh\u00e1nh H\u1ed3 Ch\u00ed Minh","article_modified_time":"2024-11-04T08:24:49+00:00","og_image":[{"width":500,"height":400,"url":"https:\/\/tranthi.vn\/hochiminh\/wp-content\/uploads\/2022\/10\/Bon-tam-nhua-cao-cap-bt04-tai-hue.jpg","type":"image\/jpeg"}],"twitter_card":"summary_large_image","twitter_misc":{"Gi\u00e1":"12,460,000&nbsp;&#8363;","Kh\u1ea3 d\u1ee5ng":"Trong kho"},"schema":{"@context":"https:\/\/schema.org","@graph":[{"@type":["WebPage","ItemPage"],"@id":"https:\/\/tranthi.vn\/hochiminh\/gia-bon-tam-nhua-tai-ho-chi-minh-sai-gon\/","url":"https:\/\/tranthi.vn\/hochiminh\/gia-bon-tam-nhua-tai-ho-chi-minh-sai-gon\/","name":"Gi\u00e1 b\u1ed3n t\u1eafm nh\u1ef1a t\u1ea1i tp. H\u1ed3 Ch\u00ed Minh- 0947.335.871","isPartOf":{"@id":"https:\/\/tranthi.vn\/hochiminh\/#website"},"primaryImageOfPage":{"@id":"https:\/\/tranthi.vn\/hochiminh\/gia-bon-tam-nhua-tai-ho-chi-minh-sai-gon\/#primaryimage"},"image":{"@id":"https:\/\/tranthi.vn\/hochiminh\/gia-bon-tam-nhua-tai-ho-chi-minh-sai-gon\/#primaryimage"},"thumbnailUrl":"https:\/\/tranthi.vn\/hochiminh\/wp-content\/uploads\/2022\/10\/Bon-tam-nhua-cao-cap-bt04-tai-hue.jpg","datePublished":"2022-10-31T02:41:36+00:00","dateModified":"2024-11-04T08:24:49+00:00","description":"Tr\u1ea7n Th\u1ecb - Chuy\u00ean cung c\u1ea5p b\u1ed3n c\u1ea7u nh\u1ef1a v\u1edbi d\u00f2ng nh\u1ef1a composite cao c\u1ea5p, ph\u00e2n kh\u00fac gi\u00e1 r\u1ebb nh\u1ea5t th\u1ecb tr\u01b0\u1eddng tp. H\u1ed3 Ch\u00ed Minh","breadcrumb":{"@id":"https:\/\/tranthi.vn\/hochiminh\/gia-bon-tam-nhua-tai-ho-chi-minh-sai-gon\/#breadcrumb"},"inLanguage":"vi","potentialAction":[{"@type":"ReadAction","target":["https:\/\/tranthi.vn\/hochiminh\/gia-bon-tam-nhua-tai-ho-chi-minh-sai-gon\/"]}]},{"@type":"ImageObject","inLanguage":"vi","@id":"https:\/\/tranthi.vn\/hochiminh\/gia-bon-tam-nhua-tai-ho-chi-minh-sai-gon\/#primaryimage","url":"https:\/\/tranthi.vn\/hochiminh\/wp-content\/uploads\/2022\/10\/Bon-tam-nhua-cao-cap-bt04-tai-hue.jpg","contentUrl":"https:\/\/tranthi.vn\/hochiminh\/wp-content\/uploads\/2022\/10\/Bon-tam-nhua-cao-cap-bt04-tai-hue.jpg","width":500,"height":400,"caption":"B\u1ed3n t\u1eafm nh\u1ef1a cao c\u1ea5p bt04 t\u1ea1i hu\u1ebf"},{"@type":"BreadcrumbList","@id":"https:\/\/tranthi.vn\/hochiminh\/gia-bon-tam-nhua-tai-ho-chi-minh-sai-gon\/#breadcrumb","itemListElement":[{"@type":"ListItem","position":1,"name":"Trang ch\u1ee7","item":"https:\/\/tranthi.vn\/hochiminh\/"},{"@type":"ListItem","position":2,"name":"Shop","item":"https:\/\/tranthi.vn\/hochiminh\/shop\/"},{"@type":"ListItem","position":3,"name":"BT04"}]},{"@type":"WebSite","@id":"https:\/\/tranthi.vn\/hochiminh\/#website","url":"https:\/\/tranthi.vn\/hochiminh\/","name":"V\u1eadt Li\u1ec7u X\u00e2y D\u1ef1ng Tr\u1ea7n Th\u1ecb Chi Nh\u00e1nh H\u1ed3 Ch\u00ed Minh","description":"V\u1eadt Li\u1ec7u X\u00e2y D\u1ef1ng - H\u1ed3 Ch\u00ed Minh","potentialAction":[{"@type":"SearchAction","target":{"@type":"EntryPoint","urlTemplate":"https:\/\/tranthi.vn\/hochiminh\/?s={search_term_string}"},"query-input":"required name=search_term_string"}],"inLanguage":"vi"},{"@type":"ImageObject","inLanguage":"vi","@id":"https:\/\/tranthi.vn\/hochiminh\/gia-bon-tam-nhua-tai-ho-chi-minh-sai-gon\/#local-main-organization-logo","url":"","contentUrl":"","caption":"V\u1eadt Li\u1ec7u X\u00e2y D\u1ef1ng Tr\u1ea7n Th\u1ecb Chi Nh\u00e1nh H\u1ed3 Ch\u00ed Minh"}]},"product_price_amount":"12460000","product_price_currency":"VND","og_availability":"instock","product_availability":"instock","product_condition":"new"},"_links":{"self":[{"href":"https:\/\/tranthi.vn\/hochiminh\/wp-json\/wp\/v2\/product\/5400","targetHints":{"allow":["GET"]}}],"collection":[{"href":"https:\/\/tranthi.vn\/hochiminh\/wp-json\/wp\/v2\/product"}],"about":[{"href":"https:\/\/tranthi.vn\/hochiminh\/wp-json\/wp\/v2\/types\/product"}],"replies":[{"embeddable":true,"href":"https:\/\/tranthi.vn\/hochiminh\/wp-json\/wp\/v2\/comments?post=5400"}],"wp:featuredmedia":[{"embeddable":true,"href":"https:\/\/tranthi.vn\/hochiminh\/wp-json\/wp\/v2\/media\/5401"}],"wp:attachment":[{"href":"https:\/\/tranthi.vn\/hochiminh\/wp-json\/wp\/v2\/media?parent=5400"}],"wp:term":[{"taxonomy":"product_cat","embeddable":true,"href":"https:\/\/tranthi.vn\/hochiminh\/wp-json\/wp\/v2\/product_cat?post=5400"},{"taxonomy":"product_tag","embeddable":true,"href":"https:\/\/tranthi.vn\/hochiminh\/wp-json\/wp\/v2\/product_tag?post=5400"}],"curies":[{"name":"wp","href":"https:\/\/api.w.org\/{rel}","templated":true}]}}