{"id":5040,"date":"2022-06-11T17:25:34","date_gmt":"2022-06-11T10:25:34","guid":{"rendered":"https:\/\/tranthi.vn\/hochiminh\/?post_type=product&#038;p=5040"},"modified":"2024-07-23T10:14:18","modified_gmt":"2024-07-23T03:14:18","slug":"tu-do-kho-ho-chi-minh-sai-gon","status":"publish","type":"product","link":"https:\/\/tranthi.vn\/hochiminh\/tu-do-kho-ho-chi-minh-sai-gon\/","title":{"rendered":"T\u1ee7 \u0110\u1ed3 Kh\u00f4"},"content":{"rendered":"<h1 style=\"text-align: center;\"><a href=\"https:\/\/tranthi.vn\/tu-do-kho\/\"><span style=\"font-family: 'times new roman', times, serif; font-size: 140%;\">T\u1ee7 \u0111\u1ed3 kh\u00f4 Tp H\u1ed3 Ch\u00ed Minh<\/span><\/a><\/h1>\n<h1><span style=\"font-size: 120%;\"><strong><span style=\"font-family: 'times new roman', times, serif;\">T\u1ee7 \u0110\u1ef1ng \u0110\u1ed3 Kh\u00f4 &#8211; Gi\u1ea3i Ph\u00e1p Tinh T\u1ebf Cho Kh\u00f4ng Gian B\u1ebfp G\u1ecdn G\u00e0ng<\/span><\/strong><\/span><\/h1>\n<h3><span style=\"font-family: 'times new roman', times, serif; font-size: 120%;\">T\u1ee7 \u0111\u1ef1ng \u0111\u1ed3 kh\u00f4 \u0111ang tr\u1edf th\u00e0nh m\u1ed9t ph\u1ea7n quan tr\u1ecdng trong thi\u1ebft k\u1ebf b\u1ebfp hi\u1ec7n \u0111\u1ea1i t\u1ea1i\u00a0 <em><a href=\"https:\/\/vi.wikipedia.org\/wiki\/Th%C3%A0nh_%E1%BB%A7y_Th%C3%A0nh_ph%E1%BB%91_H%E1%BB%93_Ch%C3%AD_Minh\">Tp H\u1ed3 Ch\u00ed Minh<\/a><\/em>. V\u1edbi s\u1ef1 ph\u00e1t tri\u1ec3n nhanh ch\u00f3ng c\u1ee7a \u0111\u00f4 th\u1ecb v\u00e0 nhu c\u1ea7u ng\u00e0y c\u00e0ng cao v\u1ec1 t\u1ed5 ch\u1ee9c kh\u00f4ng gian s\u1ed1ng, vi\u1ec7c s\u1edf h\u1eefu m\u1ed9t chi\u1ebfc t\u1ee7 \u0111\u1ef1ng \u0111\u1ed3 kh\u00f4 kh\u00f4ng ch\u1ec9 gi\u00fap c\u0103n b\u1ebfp tr\u1edf n\u00ean g\u1ecdn g\u00e0ng m\u00e0 c\u00f2n n\u00e2ng cao t\u00ednh th\u1ea9m m\u1ef9 v\u00e0 ti\u1ec7n nghi.<\/span><\/h3>\n<h1><span style=\"font-size: 120%;\"><strong><span style=\"font-family: 'times new roman', times, serif;\">1. Gi\u1edbi Thi\u1ec7u V\u1ec1 T\u1ee7 \u0110\u1ef1ng \u0110\u1ed3 Kh\u00f4<\/span><\/strong><\/span><\/h1>\n<h3><span style=\"font-family: 'times new roman', times, serif; font-size: 120%;\">T\u1ee7 \u0111\u1ef1ng \u0111\u1ed3 kh\u00f4 l\u00e0 m\u1ed9t lo\u1ea1i t\u1ee7 thi\u1ebft k\u1ebf \u0111\u1eb7c bi\u1ec7t \u0111\u1ec3 l\u01b0u tr\u1eef c\u00e1c lo\u1ea1i th\u1ef1c ph\u1ea9m kh\u00f4 nh\u01b0 g\u1ea1o, \u0111\u1eadu, m\u00ec, gia v\u1ecb, v\u00e0 c\u00e1c s\u1ea3n ph\u1ea9m kh\u00e1c kh\u00f4ng c\u1ea7n b\u1ea3o qu\u1ea3n l\u1ea1nh. T\u1ee7 th\u01b0\u1eddng \u0111\u01b0\u1ee3c thi\u1ebft k\u1ebf v\u1edbi nhi\u1ec1u ng\u0103n k\u1ec7, h\u1ed9p \u0111\u1ef1ng, v\u00e0 h\u1ec7 th\u1ed1ng ph\u00e2n chia th\u00f4ng minh \u0111\u1ec3 t\u1ed1i \u01b0u h\u00f3a kh\u00f4ng gian l\u01b0u tr\u1eef v\u00e0 gi\u00fap ng\u01b0\u1eddi s\u1eed d\u1ee5ng d\u1ec5 d\u00e0ng t\u00ecm ki\u1ebfm v\u00e0 l\u1ea5y \u0111\u1ed3. C\u00e1c m\u1eabu t\u1ee7 \u0111\u1ef1ng \u0111\u1ed3 kh\u00f4 hi\u1ec7n \u0111\u1ea1i th\u01b0\u1eddng \u0111\u01b0\u1ee3c l\u00e0m t\u1eeb ch\u1ea5t li\u1ec7u g\u1ed7 c\u00f4ng nghi\u1ec7p, nh\u1ef1a cao c\u1ea5p ho\u1eb7c kim lo\u1ea1i, v\u1edbi thi\u1ebft k\u1ebf sang tr\u1ecdng v\u00e0 ti\u1ec7n \u00edch.<\/span><\/h3>\n<h3><iframe loading=\"lazy\" src=\"\/\/www.youtube.com\/embed\/dMpunIWarsE?pp=ygUXdOG7pyDEkeG7sW5nIMSR4buTIGtow7Q\" width=\"560\" height=\"314\" allowfullscreen=\"allowfullscreen\" data-mce-fragment=\"1\"><\/iframe><\/h3>\n<h1><span style=\"font-size: 120%;\"><strong><span style=\"font-family: 'times new roman', times, serif;\">2. L\u1ee3i \u00cdch C\u1ee7a T\u1ee7 \u0110\u1ef1ng \u0110\u1ed3 Kh\u00f4\u00a0<\/span><\/strong><\/span><\/h1>\n<ul>\n<li>\n<h3><span style=\"font-family: 'times new roman', times, serif; font-size: 120%;\">T\u1ed1i \u01b0u h\u00f3a kh\u00f4ng gian: T\u1ee7 \u0111\u1ef1ng \u0111\u1ed3 kh\u00f4 gi\u00fap t\u1eadn d\u1ee5ng t\u1ed1i \u0111a kh\u00f4ng gian b\u1ebfp, \u0111\u1eb7c bi\u1ec7t l\u00e0 trong nh\u1eefng c\u0103n b\u1ebfp nh\u1ecf h\u1eb9p. V\u1edbi thi\u1ebft k\u1ebf nhi\u1ec1u ng\u0103n k\u1ec7 v\u00e0 h\u1ed9p \u0111\u1ef1ng, b\u1ea1n c\u00f3 th\u1ec3 d\u1ec5 d\u00e0ng s\u1eafp x\u1ebfp c\u00e1c lo\u1ea1i th\u1ef1c ph\u1ea9m kh\u00f4 m\u1ed9t c\u00e1ch g\u1ecdn g\u00e0ng v\u00e0 ng\u0103n n\u1eafp.<\/span><\/h3>\n<\/li>\n<li>\n<h3><span style=\"font-family: 'times new roman', times, serif; font-size: 120%;\">D\u1ec5 d\u00e0ng t\u00ecm ki\u1ebfm v\u00e0 s\u1eed d\u1ee5ng: V\u1edbi h\u1ec7 th\u1ed1ng ph\u00e2n chia th\u00f4ng minh, t\u1ee7 \u0111\u1ef1ng \u0111\u1ed3 kh\u00f4 gi\u00fap b\u1ea1n d\u1ec5 d\u00e0ng t\u00ecm ki\u1ebfm v\u00e0 l\u1ea5y c\u00e1c s\u1ea3n ph\u1ea9m c\u1ea7n thi\u1ebft m\u00e0 kh\u00f4ng m\u1ea5t nhi\u1ec1u th\u1eddi gian. \u0110i\u1ec1u n\u00e0y \u0111\u1eb7c bi\u1ec7t h\u1eefu \u00edch trong c\u00e1c b\u1eefa \u0103n b\u1eadn r\u1ed9n khi b\u1ea1n c\u1ea7n nhanh ch\u00f3ng chu\u1ea9n b\u1ecb m\u00f3n \u0103n.<\/span><\/h3>\n<\/li>\n<li>\n<h3><span style=\"font-family: 'times new roman', times, serif; font-size: 120%;\">B\u1ea3o qu\u1ea3n th\u1ef1c ph\u1ea9m l\u00e2u d\u00e0i: T\u1ee7 \u0111\u1ef1ng \u0111\u1ed3 kh\u00f4 \u0111\u01b0\u1ee3c thi\u1ebft k\u1ebf v\u1edbi ch\u1ea5t li\u1ec7u ch\u1ed1ng \u1ea9m v\u00e0 ch\u1ed1ng b\u1ee5i, gi\u00fap b\u1ea3o qu\u1ea3n th\u1ef1c ph\u1ea9m kh\u00f4 l\u00e2u d\u00e0i m\u00e0 kh\u00f4ng b\u1ecb \u1ea9m m\u1ed1c hay h\u1ecfng h\u00f3c. \u0110i\u1ec1u n\u00e0y gi\u00fap duy tr\u00ec ch\u1ea5t l\u01b0\u1ee3ng v\u00e0 h\u01b0\u01a1ng v\u1ecb c\u1ee7a th\u1ef1c ph\u1ea9m.<\/span><\/h3>\n<\/li>\n<li>\n<h3><span style=\"font-family: 'times new roman', times, serif; font-size: 120%;\">T\u0103ng t\u00ednh th\u1ea9m m\u1ef9 cho b\u1ebfp: V\u1edbi thi\u1ebft k\u1ebf hi\u1ec7n \u0111\u1ea1i v\u00e0 sang tr\u1ecdng, t\u1ee7 \u0111\u1ef1ng \u0111\u1ed3 kh\u00f4 kh\u00f4ng ch\u1ec9 mang l\u1ea1i s\u1ef1 ti\u1ec7n nghi m\u00e0 c\u00f2n l\u00e0m t\u0103ng v\u1ebb \u0111\u1eb9p t\u1ed5ng th\u1ec3 c\u1ee7a kh\u00f4ng gian b\u1ebfp. B\u1ea1n c\u00f3 th\u1ec3 l\u1ef1a ch\u1ecdn t\u1ee7 v\u1edbi m\u00e0u s\u1eafc v\u00e0 ki\u1ec3u d\u00e1ng ph\u00f9 h\u1ee3p v\u1edbi phong c\u00e1ch thi\u1ebft k\u1ebf c\u1ee7a c\u0103n b\u1ebfp.<\/span><\/h3>\n<\/li>\n<\/ul>\n<h3><iframe loading=\"lazy\" src=\"\/\/www.youtube.com\/embed\/MqIgmSomZqY?pp=ygUXdOG7pyDEkeG7sW5nIMSR4buTIGtow7Q\" width=\"560\" height=\"314\" allowfullscreen=\"allowfullscreen\" data-mce-fragment=\"1\"><\/iframe><\/h3>\n<h1><span style=\"font-size: 120%;\"><strong><span style=\"font-family: 'times new roman', times, serif;\">3. L\u00fd Do N\u00ean Ch\u1ecdn T\u1ee7 \u0110\u1ef1ng \u0110\u1ed3 Kh\u00f4\u00a0<\/span><\/strong><\/span><\/h1>\n<ul>\n<li>\n<h3><span style=\"font-family: 'times new roman', times, serif; font-size: 120%;\">Kh\u00ed h\u1eadu v\u00e0 m\u00f4i tr\u01b0\u1eddng \u0111\u1ecba ph\u01b0\u01a1ng: <a href=\"https:\/\/vi.wikipedia.org\/wiki\/Th%C3%A0nh_%E1%BB%A7y_Th%C3%A0nh_ph%E1%BB%91_H%E1%BB%93_Ch%C3%AD_Minh\"><em>Tp H\u1ed3 Ch\u00ed Minh<\/em> <\/a>c\u00f3 kh\u00ed h\u1eadu nhi\u1ec7t \u0111\u1edbi v\u1edbi \u0111\u1ed9 \u1ea9m cao, vi\u1ec7c s\u1eed d\u1ee5ng t\u1ee7 \u0111\u1ef1ng \u0111\u1ed3 kh\u00f4 gi\u00fap b\u1ea3o qu\u1ea3n th\u1ef1c ph\u1ea9m kh\u00f4 m\u1ed9t c\u00e1ch hi\u1ec7u qu\u1ea3, ng\u0103n ng\u1eeba t\u00ecnh tr\u1ea1ng \u1ea9m m\u1ed1c v\u00e0 h\u01b0 h\u1ecfng.<\/span><\/h3>\n<\/li>\n<li>\n<h3><span style=\"font-family: 'times new roman', times, serif; font-size: 120%;\">Th\u1ecb tr\u01b0\u1eddng \u0111a d\u1ea1ng: C\u00f3 nhi\u1ec1u c\u1eeda h\u00e0ng v\u00e0 showroom cung c\u1ea5p t\u1ee7 \u0111\u1ef1ng \u0111\u1ed3 kh\u00f4 v\u1edbi \u0111a d\u1ea1ng m\u1eabu m\u00e3, ch\u1ea5t li\u1ec7u v\u00e0 gi\u00e1 c\u1ea3. B\u1ea1n c\u00f3 th\u1ec3 d\u1ec5 d\u00e0ng t\u00ecm th\u1ea5y s\u1ea3n ph\u1ea9m ph\u00f9 h\u1ee3p v\u1edbi nhu c\u1ea7u v\u00e0 phong c\u00e1ch thi\u1ebft k\u1ebf c\u1ee7a m\u00ecnh.<\/span><\/h3>\n<\/li>\n<li>\n<h3><span style=\"font-family: 'times new roman', times, serif; font-size: 120%;\">D\u1ecbch v\u1ee5 h\u1ed7 tr\u1ee3 ch\u1ea5t l\u01b0\u1ee3ng: C\u00e1c nh\u00e0 cung c\u1ea5p t\u1ee7 \u0111\u1ef1ng \u0111\u1ed3 kh\u00f4 t\u1ea1i <a href=\"https:\/\/vi.wikipedia.org\/wiki\/Th%C3%A0nh_%E1%BB%A7y_Th%C3%A0nh_ph%E1%BB%91_H%E1%BB%93_Ch%C3%AD_Minh\"><em>Tp H\u1ed3 Ch\u00ed Minh<\/em> <\/a>th\u01b0\u1eddng cung c\u1ea5p d\u1ecbch v\u1ee5 t\u01b0 v\u1ea5n, l\u1eafp \u0111\u1eb7t v\u00e0 b\u1ea3o tr\u00ec chuy\u00ean nghi\u1ec7p, gi\u00fap b\u1ea1n y\u00ean t\u00e2m v\u1ec1 ch\u1ea5t l\u01b0\u1ee3ng v\u00e0 hi\u1ec7u qu\u1ea3 s\u1eed d\u1ee5ng s\u1ea3n ph\u1ea9m.<\/span><\/h3>\n<\/li>\n<\/ul>\n","protected":false},"excerpt":{"rendered":"<p><span style=\"font-family: 'times new roman', times, serif; font-size: 130%; color: #ff6600;\"><em><strong>\u0110\u01a1n gi\u00e1 t\u1ee7 \u0111\u1ed3 kh\u00f4 6 t\u1ea7ng l\u1eafp b\u1ebfp d\u01b0\u1edbi hi\u1ec7n \u0111\u1ea1i sang tr\u1ecdng<\/strong><\/em><\/span><\/p>\n<p><span style=\"font-family: 'times new roman', times, serif; font-size: 130%;\"><strong><span class=\"pq6dq46d tbxw36s4 knj5qynh kvgmc6g5 ditlmg2l oygrvhab nvdbi5me sf5mxxl7 gl3lb2sf hhz5lgdu\"><img loading=\"lazy\" decoding=\"async\" src=\"https:\/\/static.xx.fbcdn.net\/images\/emoji.php\/v9\/tf9\/1\/16\/1f48e.png\" alt=\"\ud83d\udc8e\" width=\"16\" height=\"16\" \/> T\u1ee7 Th\u00e9p Nan tr\u00f2n Ph\u1ee7 Nano c\u00f4ng ngh\u1ec7 m\u1edbi<\/span><\/strong><\/span><\/p>\n<p><span style=\"font-family: 'times new roman', times, serif; font-size: 130%;\"><span class=\"pq6dq46d tbxw36s4 knj5qynh kvgmc6g5 ditlmg2l oygrvhab nvdbi5me sf5mxxl7 gl3lb2sf hhz5lgdu\"><img loading=\"lazy\" decoding=\"async\" src=\"https:\/\/static.xx.fbcdn.net\/images\/emoji.php\/v9\/t28\/1\/16\/1f352.png\" alt=\"\ud83c\udf52\" width=\"16\" height=\"16\" \/> 430* 151 * 1775<\/span> = 7.043.000\u0111<\/span><\/p>\n<p><span style=\"font-family: 'times new roman', times, serif; font-size: 130%;\"><strong><span class=\"pq6dq46d tbxw36s4 knj5qynh kvgmc6g5 ditlmg2l oygrvhab nvdbi5me sf5mxxl7 gl3lb2sf hhz5lgdu\"><img loading=\"lazy\" decoding=\"async\" src=\"https:\/\/static.xx.fbcdn.net\/images\/emoji.php\/v9\/tf9\/1\/16\/1f48e.png\" alt=\"\ud83d\udc8e\" width=\"16\" height=\"16\" \/> T\u1ee7 Th\u00e9p Nan B\u1ea7u D\u1ee5c Ph\u1ee7 Nano c\u00f4ng ngh\u1ec7 m\u1edbi<\/span><\/strong><\/span><\/p>\n<p><span style=\"font-family: 'times new roman', times, serif; font-size: 130%;\"><span class=\"pq6dq46d tbxw36s4 knj5qynh kvgmc6g5 ditlmg2l oygrvhab nvdbi5me sf5mxxl7 gl3lb2sf hhz5lgdu\"><img loading=\"lazy\" decoding=\"async\" src=\"https:\/\/static.xx.fbcdn.net\/images\/emoji.php\/v9\/t28\/1\/16\/1f352.png\" alt=\"\ud83c\udf52\" width=\"16\" height=\"16\" \/> 430* 151 * 1775 = 6.355.000\u0111<\/span><\/span><\/p>\n<p><span style=\"font-family: 'times new roman', times, serif; font-size: 130%;\"><span class=\"pq6dq46d tbxw36s4 knj5qynh kvgmc6g5 ditlmg2l oygrvhab nvdbi5me sf5mxxl7 gl3lb2sf hhz5lgdu\"><img loading=\"lazy\" decoding=\"async\" src=\"https:\/\/static.xx.fbcdn.net\/images\/emoji.php\/v9\/tf9\/1\/16\/1f48e.png\" alt=\"\ud83d\udc8e\" width=\"16\" height=\"16\" \/>\u00a0<\/span><strong>C\u00e1c n\u1ed9i dung s\u1ea3n ph\u1ea9m \u0111\u01b0\u1ee3c b\u1ea3o h\u00e0nh\u00a0<\/strong><\/span><\/p>\n<p><span class=\"pq6dq46d tbxw36s4 knj5qynh kvgmc6g5 ditlmg2l oygrvhab nvdbi5me sf5mxxl7 gl3lb2sf hhz5lgdu\" style=\"font-family: 'times new roman', times, serif; font-size: 130%;\"><img loading=\"lazy\" decoding=\"async\" src=\"https:\/\/static.xx.fbcdn.net\/images\/emoji.php\/v9\/t28\/1\/16\/1f352.png\" alt=\"\ud83c\udf52\" width=\"16\" height=\"16\" \/> Gi\u1ecf b\u1ea3o h\u00e0nh r\u1ec9 r\u00e9t v\u0129nh vi\u1ec5n<br \/>\n<img loading=\"lazy\" decoding=\"async\" src=\"https:\/\/static.xx.fbcdn.net\/images\/emoji.php\/v9\/t28\/1\/16\/1f352.png\" alt=\"\ud83c\udf52\" width=\"16\" height=\"16\" \/> H\u1ec7 th\u1ed1ng khung, ray b\u1ea3o h\u00e0nh 2 n\u0103m<br \/>\n<\/span><\/p>\n<p><span style=\"font-family: 'times new roman', times, serif; font-size: 130%;\"><span class=\"pq6dq46d tbxw36s4 knj5qynh kvgmc6g5 ditlmg2l oygrvhab nvdbi5me sf5mxxl7 gl3lb2sf hhz5lgdu\"><img loading=\"lazy\" decoding=\"async\" src=\"https:\/\/static.xx.fbcdn.net\/images\/emoji.php\/v9\/tf9\/1\/16\/1f48e.png\" alt=\"\ud83d\udc8e\" width=\"16\" height=\"16\" \/><\/span>\u00a0<strong>C\u00e1c tr\u01b0\u1eddng h\u1ee3p s\u1ea3n ph\u1ea9m kh\u00f4ng \u0111\u01b0\u1ee3c b\u1ea3o h\u00e0nh:<\/strong><\/span><\/p>\n<p><span style=\"font-family: 'times new roman', times, serif; font-size: 130%;\"><span class=\"pq6dq46d tbxw36s4 knj5qynh kvgmc6g5 ditlmg2l oygrvhab nvdbi5me sf5mxxl7 gl3lb2sf hhz5lgdu\"><img loading=\"lazy\" decoding=\"async\" src=\"https:\/\/static.xx.fbcdn.net\/images\/emoji.php\/v9\/t28\/1\/16\/1f352.png\" alt=\"\ud83c\udf52\" width=\"16\" height=\"16\" \/>\u00a0<\/span>S\u1ea3n ph\u1ea9m s\u1eed d\u1ee5ng trong m\u00f4i tr\u01b0\u1eddng \u1ea9m \u01b0\u1edbt<\/span><\/p>\n<p><span style=\"font-family: 'times new roman', times, serif; font-size: 130%;\"><span class=\"pq6dq46d tbxw36s4 knj5qynh kvgmc6g5 ditlmg2l oygrvhab nvdbi5me sf5mxxl7 gl3lb2sf hhz5lgdu\"><img loading=\"lazy\" decoding=\"async\" src=\"https:\/\/static.xx.fbcdn.net\/images\/emoji.php\/v9\/t28\/1\/16\/1f352.png\" alt=\"\ud83c\udf52\" width=\"16\" height=\"16\" \/>\u00a0<\/span>S\u1ea3n ph\u1ea9m s\u1eed d\u1ee5ng trong m\u00f4i tr\u01b0\u1eddng c\u00f3 axit, \u0111\u1ed9 m\u1eb7n cao<\/span><\/p>\n<p><span style=\"font-family: 'times new roman', times, serif; font-size: 130%;\"><span class=\"pq6dq46d tbxw36s4 knj5qynh kvgmc6g5 ditlmg2l oygrvhab nvdbi5me sf5mxxl7 gl3lb2sf hhz5lgdu\"><img loading=\"lazy\" decoding=\"async\" src=\"https:\/\/static.xx.fbcdn.net\/images\/emoji.php\/v9\/t28\/1\/16\/1f352.png\" alt=\"\ud83c\udf52\" width=\"16\" height=\"16\" \/>\u00a0<\/span>S\u1ea3n ph\u1ea9m b\u1ecb d\u1eabm \u0111\u1ea1p, l\u00e0m bi\u1ebfn d\u1ea1ng do t\u00e1c \u0111\u1ed9ng b\u00ean ngo\u00e0i<\/span><\/p>\n<p><span style=\"font-family: 'times new roman', times, serif; font-size: 130%;\"><span class=\"pq6dq46d tbxw36s4 knj5qynh kvgmc6g5 ditlmg2l oygrvhab nvdbi5me sf5mxxl7 gl3lb2sf hhz5lgdu\"><img loading=\"lazy\" decoding=\"async\" src=\"https:\/\/static.xx.fbcdn.net\/images\/emoji.php\/v9\/tf9\/1\/16\/1f48e.png\" alt=\"\ud83d\udc8e\" width=\"16\" height=\"16\" \/>\u00a0<\/span><strong>Gi\u00e1 \u01b0u \u0111\u00e3i khi nh\u1eadn thi c\u00f4ng k\u1ebft h\u1ee3p v\u1edbi l\u1eafp \u0111\u1eb7t t\u1ee7 nh\u1ef1a B\u1ebfp<\/strong><em>\u00a0<\/em><\/span><\/p>\n","protected":false},"featured_media":5041,"comment_status":"closed","ping_status":"closed","template":"","meta":[],"product_cat":[266,920],"product_tag":[927],"class_list":{"0":"post-5040","1":"product","2":"type-product","3":"status-publish","4":"has-post-thumbnail","6":"product_cat-phu-kien-nha-bep","7":"product_cat-phu-kien-tu-bep-thong-minh","8":"product_tag-tu-dung-do-kho-lp-tu-bep-hue","10":"first","11":"instock","12":"sale","13":"shipping-taxable","14":"purchasable","15":"product-type-simple"},"yoast_head":"<!-- This site is optimized with the Yoast SEO Premium plugin v22.3 (Yoast SEO v22.4) - https:\/\/yoast.com\/wordpress\/plugins\/seo\/ -->\n<title>T\u1ee7 \u0111\u1ed3 kh\u00f4 gi\u00e1 r\u1ebb t\u1ea1i TP H\u1ed3 Ch\u00ed Minh-0947.335.871<\/title>\n<meta name=\"description\" content=\"Tr\u1ea7n Th\u1ecb - Chuy\u00ean cung c\u1ea5p T\u1ee7 \u0111\u1ed3 kh\u00f4 gi\u00e1 r\u1ebb t\u1ea1i tp h\u1ed3 ch\u00ed minh, s\u00e0i g\u00f2n cho m\u1ecdi c\u00f4ng tr\u00ecnh t\u1eeb nh\u00e0 \u1edf \u0111\u1ebfn c\u00e1c c\u00f4ng tr\u00ecnh l\u1edbn\" \/>\n<meta name=\"robots\" content=\"index, follow, max-snippet:-1, max-image-preview:large, max-video-preview:-1\" \/>\n<link rel=\"canonical\" href=\"https:\/\/tranthi.vn\/hochiminh\/tu-do-kho-ho-chi-minh-sai-gon\/\" \/>\n<meta property=\"og:locale\" content=\"vi_VN\" \/>\n<meta property=\"og:type\" content=\"article\" \/>\n<meta property=\"og:title\" content=\"T\u1ee7 \u0110\u1ed3 Kh\u00f4\" \/>\n<meta property=\"og:description\" content=\"Tr\u1ea7n Th\u1ecb - Chuy\u00ean cung c\u1ea5p T\u1ee7 \u0111\u1ed3 kh\u00f4 gi\u00e1 r\u1ebb t\u1ea1i tp h\u1ed3 ch\u00ed minh, s\u00e0i g\u00f2n cho m\u1ecdi c\u00f4ng tr\u00ecnh t\u1eeb nh\u00e0 \u1edf \u0111\u1ebfn c\u00e1c c\u00f4ng tr\u00ecnh l\u1edbn\" \/>\n<meta property=\"og:url\" content=\"https:\/\/tranthi.vn\/hochiminh\/tu-do-kho-ho-chi-minh-sai-gon\/\" \/>\n<meta property=\"og:site_name\" content=\"V\u1eadt Li\u1ec7u X\u00e2y D\u1ef1ng Tr\u1ea7n Th\u1ecb Chi Nh\u00e1nh H\u1ed3 Ch\u00ed Minh\" \/>\n<meta property=\"article:modified_time\" content=\"2024-07-23T03:14:18+00:00\" \/>\n<meta property=\"og:image\" content=\"https:\/\/tranthi.vn\/hochiminh\/wp-content\/uploads\/2022\/06\/tu-dung-do-kho-lp-tu-bep-hue.jpg\" \/>\n\t<meta property=\"og:image:width\" content=\"400\" \/>\n\t<meta property=\"og:image:height\" content=\"400\" \/>\n\t<meta property=\"og:image:type\" content=\"image\/jpeg\" \/>\n<meta name=\"twitter:card\" content=\"summary_large_image\" \/>\n<meta name=\"twitter:label1\" content=\"Gi\u00e1\" \/>\n\t<meta name=\"twitter:data1\" content=\"6,335,000&nbsp;&#8363;\" \/>\n\t<meta name=\"twitter:label2\" content=\"Kh\u1ea3 d\u1ee5ng\" \/>\n\t<meta name=\"twitter:data2\" content=\"Trong kho\" \/>\n<script type=\"application\/ld+json\" class=\"yoast-schema-graph\">{\"@context\":\"https:\/\/schema.org\",\"@graph\":[{\"@type\":[\"WebPage\",\"ItemPage\"],\"@id\":\"https:\/\/tranthi.vn\/hochiminh\/tu-do-kho-ho-chi-minh-sai-gon\/\",\"url\":\"https:\/\/tranthi.vn\/hochiminh\/tu-do-kho-ho-chi-minh-sai-gon\/\",\"name\":\"T\u1ee7 \u0111\u1ed3 kh\u00f4 gi\u00e1 r\u1ebb t\u1ea1i TP H\u1ed3 Ch\u00ed Minh-0947.335.871\",\"isPartOf\":{\"@id\":\"https:\/\/tranthi.vn\/hochiminh\/#website\"},\"primaryImageOfPage\":{\"@id\":\"https:\/\/tranthi.vn\/hochiminh\/tu-do-kho-ho-chi-minh-sai-gon\/#primaryimage\"},\"image\":{\"@id\":\"https:\/\/tranthi.vn\/hochiminh\/tu-do-kho-ho-chi-minh-sai-gon\/#primaryimage\"},\"thumbnailUrl\":\"https:\/\/tranthi.vn\/hochiminh\/wp-content\/uploads\/2022\/06\/tu-dung-do-kho-lp-tu-bep-hue.jpg\",\"datePublished\":\"2022-06-11T10:25:34+00:00\",\"dateModified\":\"2024-07-23T03:14:18+00:00\",\"description\":\"Tr\u1ea7n Th\u1ecb - Chuy\u00ean cung c\u1ea5p T\u1ee7 \u0111\u1ed3 kh\u00f4 gi\u00e1 r\u1ebb t\u1ea1i tp h\u1ed3 ch\u00ed minh, s\u00e0i g\u00f2n cho m\u1ecdi c\u00f4ng tr\u00ecnh t\u1eeb nh\u00e0 \u1edf \u0111\u1ebfn c\u00e1c c\u00f4ng tr\u00ecnh l\u1edbn\",\"breadcrumb\":{\"@id\":\"https:\/\/tranthi.vn\/hochiminh\/tu-do-kho-ho-chi-minh-sai-gon\/#breadcrumb\"},\"inLanguage\":\"vi\",\"potentialAction\":[{\"@type\":\"ReadAction\",\"target\":[\"https:\/\/tranthi.vn\/hochiminh\/tu-do-kho-ho-chi-minh-sai-gon\/\"]}]},{\"@type\":\"ImageObject\",\"inLanguage\":\"vi\",\"@id\":\"https:\/\/tranthi.vn\/hochiminh\/tu-do-kho-ho-chi-minh-sai-gon\/#primaryimage\",\"url\":\"https:\/\/tranthi.vn\/hochiminh\/wp-content\/uploads\/2022\/06\/tu-dung-do-kho-lp-tu-bep-hue.jpg\",\"contentUrl\":\"https:\/\/tranthi.vn\/hochiminh\/wp-content\/uploads\/2022\/06\/tu-dung-do-kho-lp-tu-bep-hue.jpg\",\"width\":400,\"height\":400,\"caption\":\"tu-dung-do-kho-lp-tu-bep-hue\"},{\"@type\":\"BreadcrumbList\",\"@id\":\"https:\/\/tranthi.vn\/hochiminh\/tu-do-kho-ho-chi-minh-sai-gon\/#breadcrumb\",\"itemListElement\":[{\"@type\":\"ListItem\",\"position\":1,\"name\":\"Trang ch\u1ee7\",\"item\":\"https:\/\/tranthi.vn\/hochiminh\/\"},{\"@type\":\"ListItem\",\"position\":2,\"name\":\"Shop\",\"item\":\"https:\/\/tranthi.vn\/hochiminh\/shop\/\"},{\"@type\":\"ListItem\",\"position\":3,\"name\":\"T\u1ee7 \u0110\u1ed3 Kh\u00f4\"}]},{\"@type\":\"WebSite\",\"@id\":\"https:\/\/tranthi.vn\/hochiminh\/#website\",\"url\":\"https:\/\/tranthi.vn\/hochiminh\/\",\"name\":\"V\u1eadt Li\u1ec7u X\u00e2y D\u1ef1ng Tr\u1ea7n Th\u1ecb Chi Nh\u00e1nh H\u1ed3 Ch\u00ed Minh\",\"description\":\"V\u1eadt Li\u1ec7u X\u00e2y D\u1ef1ng - H\u1ed3 Ch\u00ed Minh\",\"potentialAction\":[{\"@type\":\"SearchAction\",\"target\":{\"@type\":\"EntryPoint\",\"urlTemplate\":\"https:\/\/tranthi.vn\/hochiminh\/?s={search_term_string}\"},\"query-input\":\"required name=search_term_string\"}],\"inLanguage\":\"vi\"},{\"@type\":\"ImageObject\",\"inLanguage\":\"vi\",\"@id\":\"https:\/\/tranthi.vn\/hochiminh\/tu-do-kho-ho-chi-minh-sai-gon\/#local-main-organization-logo\",\"url\":\"\",\"contentUrl\":\"\",\"caption\":\"V\u1eadt Li\u1ec7u X\u00e2y D\u1ef1ng Tr\u1ea7n Th\u1ecb Chi Nh\u00e1nh H\u1ed3 Ch\u00ed Minh\"}]}<\/script>\n<meta property=\"product:price:amount\" content=\"6335000\" \/>\n<meta property=\"product:price:currency\" content=\"VND\" \/>\n<meta property=\"og:availability\" content=\"instock\" \/>\n<meta property=\"product:availability\" content=\"instock\" \/>\n<meta property=\"product:condition\" content=\"new\" \/>\n<!-- \/ Yoast SEO Premium plugin. -->","yoast_head_json":{"title":"T\u1ee7 \u0111\u1ed3 kh\u00f4 gi\u00e1 r\u1ebb t\u1ea1i TP H\u1ed3 Ch\u00ed Minh-0947.335.871","description":"Tr\u1ea7n Th\u1ecb - Chuy\u00ean cung c\u1ea5p T\u1ee7 \u0111\u1ed3 kh\u00f4 gi\u00e1 r\u1ebb t\u1ea1i tp h\u1ed3 ch\u00ed minh, s\u00e0i g\u00f2n cho m\u1ecdi c\u00f4ng tr\u00ecnh t\u1eeb nh\u00e0 \u1edf \u0111\u1ebfn c\u00e1c c\u00f4ng tr\u00ecnh l\u1edbn","robots":{"index":"index","follow":"follow","max-snippet":"max-snippet:-1","max-image-preview":"max-image-preview:large","max-video-preview":"max-video-preview:-1"},"canonical":"https:\/\/tranthi.vn\/hochiminh\/tu-do-kho-ho-chi-minh-sai-gon\/","og_locale":"vi_VN","og_type":"article","og_title":"T\u1ee7 \u0110\u1ed3 Kh\u00f4","og_description":"Tr\u1ea7n Th\u1ecb - Chuy\u00ean cung c\u1ea5p T\u1ee7 \u0111\u1ed3 kh\u00f4 gi\u00e1 r\u1ebb t\u1ea1i tp h\u1ed3 ch\u00ed minh, s\u00e0i g\u00f2n cho m\u1ecdi c\u00f4ng tr\u00ecnh t\u1eeb nh\u00e0 \u1edf \u0111\u1ebfn c\u00e1c c\u00f4ng tr\u00ecnh l\u1edbn","og_url":"https:\/\/tranthi.vn\/hochiminh\/tu-do-kho-ho-chi-minh-sai-gon\/","og_site_name":"V\u1eadt Li\u1ec7u X\u00e2y D\u1ef1ng Tr\u1ea7n Th\u1ecb Chi Nh\u00e1nh H\u1ed3 Ch\u00ed Minh","article_modified_time":"2024-07-23T03:14:18+00:00","og_image":[{"width":400,"height":400,"url":"https:\/\/tranthi.vn\/hochiminh\/wp-content\/uploads\/2022\/06\/tu-dung-do-kho-lp-tu-bep-hue.jpg","type":"image\/jpeg"}],"twitter_card":"summary_large_image","twitter_misc":{"Gi\u00e1":"6,335,000&nbsp;&#8363;","Kh\u1ea3 d\u1ee5ng":"Trong kho"},"schema":{"@context":"https:\/\/schema.org","@graph":[{"@type":["WebPage","ItemPage"],"@id":"https:\/\/tranthi.vn\/hochiminh\/tu-do-kho-ho-chi-minh-sai-gon\/","url":"https:\/\/tranthi.vn\/hochiminh\/tu-do-kho-ho-chi-minh-sai-gon\/","name":"T\u1ee7 \u0111\u1ed3 kh\u00f4 gi\u00e1 r\u1ebb t\u1ea1i TP H\u1ed3 Ch\u00ed Minh-0947.335.871","isPartOf":{"@id":"https:\/\/tranthi.vn\/hochiminh\/#website"},"primaryImageOfPage":{"@id":"https:\/\/tranthi.vn\/hochiminh\/tu-do-kho-ho-chi-minh-sai-gon\/#primaryimage"},"image":{"@id":"https:\/\/tranthi.vn\/hochiminh\/tu-do-kho-ho-chi-minh-sai-gon\/#primaryimage"},"thumbnailUrl":"https:\/\/tranthi.vn\/hochiminh\/wp-content\/uploads\/2022\/06\/tu-dung-do-kho-lp-tu-bep-hue.jpg","datePublished":"2022-06-11T10:25:34+00:00","dateModified":"2024-07-23T03:14:18+00:00","description":"Tr\u1ea7n Th\u1ecb - Chuy\u00ean cung c\u1ea5p T\u1ee7 \u0111\u1ed3 kh\u00f4 gi\u00e1 r\u1ebb t\u1ea1i tp h\u1ed3 ch\u00ed minh, s\u00e0i g\u00f2n cho m\u1ecdi c\u00f4ng tr\u00ecnh t\u1eeb nh\u00e0 \u1edf \u0111\u1ebfn c\u00e1c c\u00f4ng tr\u00ecnh l\u1edbn","breadcrumb":{"@id":"https:\/\/tranthi.vn\/hochiminh\/tu-do-kho-ho-chi-minh-sai-gon\/#breadcrumb"},"inLanguage":"vi","potentialAction":[{"@type":"ReadAction","target":["https:\/\/tranthi.vn\/hochiminh\/tu-do-kho-ho-chi-minh-sai-gon\/"]}]},{"@type":"ImageObject","inLanguage":"vi","@id":"https:\/\/tranthi.vn\/hochiminh\/tu-do-kho-ho-chi-minh-sai-gon\/#primaryimage","url":"https:\/\/tranthi.vn\/hochiminh\/wp-content\/uploads\/2022\/06\/tu-dung-do-kho-lp-tu-bep-hue.jpg","contentUrl":"https:\/\/tranthi.vn\/hochiminh\/wp-content\/uploads\/2022\/06\/tu-dung-do-kho-lp-tu-bep-hue.jpg","width":400,"height":400,"caption":"tu-dung-do-kho-lp-tu-bep-hue"},{"@type":"BreadcrumbList","@id":"https:\/\/tranthi.vn\/hochiminh\/tu-do-kho-ho-chi-minh-sai-gon\/#breadcrumb","itemListElement":[{"@type":"ListItem","position":1,"name":"Trang ch\u1ee7","item":"https:\/\/tranthi.vn\/hochiminh\/"},{"@type":"ListItem","position":2,"name":"Shop","item":"https:\/\/tranthi.vn\/hochiminh\/shop\/"},{"@type":"ListItem","position":3,"name":"T\u1ee7 \u0110\u1ed3 Kh\u00f4"}]},{"@type":"WebSite","@id":"https:\/\/tranthi.vn\/hochiminh\/#website","url":"https:\/\/tranthi.vn\/hochiminh\/","name":"V\u1eadt Li\u1ec7u X\u00e2y D\u1ef1ng Tr\u1ea7n Th\u1ecb Chi Nh\u00e1nh H\u1ed3 Ch\u00ed Minh","description":"V\u1eadt Li\u1ec7u X\u00e2y D\u1ef1ng - H\u1ed3 Ch\u00ed Minh","potentialAction":[{"@type":"SearchAction","target":{"@type":"EntryPoint","urlTemplate":"https:\/\/tranthi.vn\/hochiminh\/?s={search_term_string}"},"query-input":"required name=search_term_string"}],"inLanguage":"vi"},{"@type":"ImageObject","inLanguage":"vi","@id":"https:\/\/tranthi.vn\/hochiminh\/tu-do-kho-ho-chi-minh-sai-gon\/#local-main-organization-logo","url":"","contentUrl":"","caption":"V\u1eadt Li\u1ec7u X\u00e2y D\u1ef1ng Tr\u1ea7n Th\u1ecb Chi Nh\u00e1nh H\u1ed3 Ch\u00ed Minh"}]},"product_price_amount":"6335000","product_price_currency":"VND","og_availability":"instock","product_availability":"instock","product_condition":"new"},"_links":{"self":[{"href":"https:\/\/tranthi.vn\/hochiminh\/wp-json\/wp\/v2\/product\/5040","targetHints":{"allow":["GET"]}}],"collection":[{"href":"https:\/\/tranthi.vn\/hochiminh\/wp-json\/wp\/v2\/product"}],"about":[{"href":"https:\/\/tranthi.vn\/hochiminh\/wp-json\/wp\/v2\/types\/product"}],"replies":[{"embeddable":true,"href":"https:\/\/tranthi.vn\/hochiminh\/wp-json\/wp\/v2\/comments?post=5040"}],"wp:featuredmedia":[{"embeddable":true,"href":"https:\/\/tranthi.vn\/hochiminh\/wp-json\/wp\/v2\/media\/5041"}],"wp:attachment":[{"href":"https:\/\/tranthi.vn\/hochiminh\/wp-json\/wp\/v2\/media?parent=5040"}],"wp:term":[{"taxonomy":"product_cat","embeddable":true,"href":"https:\/\/tranthi.vn\/hochiminh\/wp-json\/wp\/v2\/product_cat?post=5040"},{"taxonomy":"product_tag","embeddable":true,"href":"https:\/\/tranthi.vn\/hochiminh\/wp-json\/wp\/v2\/product_tag?post=5040"}],"curies":[{"name":"wp","href":"https:\/\/api.w.org\/{rel}","templated":true}]}}