{"id":4941,"date":"2022-05-28T17:42:26","date_gmt":"2022-05-28T10:42:26","guid":{"rendered":"https:\/\/tranthi.vn\/hochiminh\/?post_type=product&#038;p=4941"},"modified":"2022-08-19T15:45:47","modified_gmt":"2022-08-19T08:45:47","slug":"tu-nhua-lavabo-ms-002-mau-dep-tai-hue","status":"publish","type":"product","link":"https:\/\/tranthi.vn\/hochiminh\/tu-nhua-lavabo-ms-002-mau-dep-tai-hue\/","title":{"rendered":"T\u1ee7 Nh\u1ef1a Lavabo \u2013 MS 002"},"content":{"rendered":"","protected":false},"excerpt":{"rendered":"<p><span style=\"font-family: 'times new roman', times, serif; font-size: 130%; color: #282828;\"><span style=\"font-size: 140%;\"><strong><span style=\"color: #993300;\">\u2666 <\/span><\/strong><\/span>S\u1ea3n ph\u1ea7m g\u1ed3m m\u1eb7t b\u00e0n \u0111\u00e1 ch\u1ed1ng x\u01b0\u1edbc + t\u1ee7 nh\u1ef1a cao c\u1ea5p Chinhhuei plus<\/span><\/p>\n<p><span style=\"font-family: 'times new roman', times, serif; font-size: 130%; color: #282828;\"> <span style=\"font-size: 140%;\"><strong><span style=\"color: #993300;\">\u2666 <\/span><\/strong><\/span>ki\u1ec3u d\u00e1ng tay h\u1ea5t<\/span><\/p>\n<p><span style=\"font-family: 'times new roman', times, serif; font-size: 130%; color: #282828;\"><span style=\"font-size: 140%;\"><strong><span style=\"color: #993300;\">\u2666 <\/span><\/strong><\/span>Thi\u1ebft k\u1ebf: 1 c\u00e1nh l\u1edbn v\u00e0 hai h\u1ed9p tho\u1ea1i<\/span><\/p>\n<p><span style=\"font-family: 'times new roman', times, serif; font-size: 130%; color: #282828;\"><span style=\"font-size: 140%;\"><strong><span style=\"color: #993300;\">\u2666 <\/span><\/strong><\/span>k\u00edch th\u01b0\u1edbc : 51 x 70x 40 cm<\/span><\/p>\n<p><span style=\"font-family: 'times new roman', times, serif; font-size: 130%; color: #282828;\"><span style=\"font-size: 140%;\"><strong><span style=\"color: #993300;\">\u2666 <\/span><\/strong><\/span>\u0110\u01a1n gi\u00e1 : <span style=\"color: #008000;\"><strong>2.599.000\u0111\/ b\u1ed9<\/strong><\/span><\/span><\/p>\n<p><span style=\"font-family: 'times new roman', times, serif; font-size: 130%; color: #282828;\"><span style=\"font-size: 140%;\"><strong><span style=\"color: #993300;\">\u2666 <\/span><\/strong><\/span>xu\u1ea5t x\u1ee9 nh\u1ef1a: nh\u1eadp kh\u1ea9u t\u1eeb \u0110\u00e0i Loan<\/span><\/p>\n<p><span style=\"font-family: 'times new roman', times, serif; font-size: 130%; color: #282828;\"><span style=\"font-size: 140%;\"><strong><span style=\"color: #993300;\">\u2666 <\/span><\/strong><\/span>S\u1ea3n xu\u1ea5t t\u1ea1i: 204 L\u00ea V\u0103n Hi\u1ebfn &#8211; Ng\u0169 H\u00e0nh S\u01a1n &#8211; \u0110\u00e0 N\u1eb5ng<\/span><\/p>\n<p><span style=\"font-family: 'times new roman', times, serif; font-size: 130%; color: #282828;\"><span style=\"font-size: 140%;\"><strong><span style=\"color: #993300;\">\u2666 <\/span><\/strong><\/span>Mi\u1ec5n Ph\u00ed Ship t\u1eeb 2 B\u1ed9 tr\u1edf l\u00ean v\u00e0 trong TP Hu\u1ebf<\/span><\/p>\n","protected":false},"featured_media":5186,"comment_status":"closed","ping_status":"closed","template":"","meta":[],"product_cat":[286,299],"product_tag":[912,911,963],"class_list":{"0":"post-4941","1":"product","2":"type-product","3":"status-publish","4":"has-post-thumbnail","6":"product_cat-cua-tu-bep-tu-quan-ao","7":"product_cat-tu-nhua-lavabo","8":"product_tag-bang-mau-tu-lavabo-dat-ban-tai-hue","9":"product_tag-tu-lavabo-dat-ban-tai-hue","10":"product_tag-tu-lavabo-dep-gia-re-tai-hue","12":"first","13":"instock","14":"sale","15":"shipping-taxable","16":"purchasable","17":"product-type-simple"},"yoast_head":"<!-- This site is optimized with the Yoast SEO Premium plugin v22.3 (Yoast SEO v22.4) - https:\/\/yoast.com\/wordpress\/plugins\/seo\/ -->\n<title>T\u1ee7 Nh\u1ef1a Lavabo \u2013 MS 002 - V\u1eadt Li\u1ec7u X\u00e2y D\u1ef1ng Tr\u1ea7n Th\u1ecb Chi Nh\u00e1nh H\u1ed3 Ch\u00ed Minh<\/title>\n<meta name=\"description\" content=\"Tr\u1ea7n Th\u1ecb _ chuy\u00ean thi c\u00f4ng n\u1ed9i th\u1ea5t \u0111a d\u1ea1ng m\u1eabu m\u00e3, gi\u00e1 c\u1ea3 r\u1ebb nh\u1ea5t th\u1ecb tr\u01b0\u01a1ng Hu\u1ebf , n\u1ed5i b\u1eadc v\u1edbi d\u00f2ng t\u1ee7 LAVABO \u0111\u1eb7t b\u00e0n 0903 595 049\" \/>\n<meta name=\"robots\" content=\"index, follow, max-snippet:-1, max-image-preview:large, max-video-preview:-1\" \/>\n<link rel=\"canonical\" href=\"https:\/\/tranthi.vn\/hochiminh\/tu-nhua-lavabo-ms-002-mau-dep-tai-hue\/\" \/>\n<meta property=\"og:locale\" content=\"vi_VN\" \/>\n<meta property=\"og:type\" content=\"article\" \/>\n<meta property=\"og:title\" content=\"T\u1ee7 Nh\u1ef1a Lavabo \u2013 MS 002\" \/>\n<meta property=\"og:description\" content=\"Tr\u1ea7n Th\u1ecb _ chuy\u00ean thi c\u00f4ng n\u1ed9i th\u1ea5t \u0111a d\u1ea1ng m\u1eabu m\u00e3, gi\u00e1 c\u1ea3 r\u1ebb nh\u1ea5t th\u1ecb tr\u01b0\u01a1ng Hu\u1ebf , n\u1ed5i b\u1eadc v\u1edbi d\u00f2ng t\u1ee7 LAVABO \u0111\u1eb7t b\u00e0n 0903 595 049\" \/>\n<meta property=\"og:url\" content=\"https:\/\/tranthi.vn\/hochiminh\/tu-nhua-lavabo-ms-002-mau-dep-tai-hue\/\" \/>\n<meta property=\"og:site_name\" content=\"V\u1eadt Li\u1ec7u X\u00e2y D\u1ef1ng Tr\u1ea7n Th\u1ecb Chi Nh\u00e1nh H\u1ed3 Ch\u00ed Minh\" \/>\n<meta property=\"article:modified_time\" content=\"2022-08-19T08:45:47+00:00\" \/>\n<meta property=\"og:image\" content=\"https:\/\/tranthi.vn\/hochiminh\/wp-content\/uploads\/2022\/05\/tu-lavabo-dep-gia-re-tai-hue.jpg\" \/>\n\t<meta property=\"og:image:width\" content=\"1959\" \/>\n\t<meta property=\"og:image:height\" content=\"1903\" \/>\n\t<meta property=\"og:image:type\" content=\"image\/jpeg\" \/>\n<meta name=\"twitter:card\" content=\"summary_large_image\" \/>\n<meta name=\"twitter:label1\" content=\"Gi\u00e1\" \/>\n\t<meta name=\"twitter:data1\" content=\"2,599,000&nbsp;&#8363;\" \/>\n\t<meta name=\"twitter:label2\" content=\"Kh\u1ea3 d\u1ee5ng\" \/>\n\t<meta name=\"twitter:data2\" content=\"Trong kho\" \/>\n<script type=\"application\/ld+json\" class=\"yoast-schema-graph\">{\"@context\":\"https:\/\/schema.org\",\"@graph\":[{\"@type\":[\"WebPage\",\"ItemPage\"],\"@id\":\"https:\/\/tranthi.vn\/hochiminh\/tu-nhua-lavabo-ms-002-mau-dep-tai-hue\/\",\"url\":\"https:\/\/tranthi.vn\/hochiminh\/tu-nhua-lavabo-ms-002-mau-dep-tai-hue\/\",\"name\":\"T\u1ee7 Nh\u1ef1a Lavabo \u2013 MS 002 - V\u1eadt Li\u1ec7u X\u00e2y D\u1ef1ng Tr\u1ea7n Th\u1ecb Chi Nh\u00e1nh H\u1ed3 Ch\u00ed Minh\",\"isPartOf\":{\"@id\":\"https:\/\/tranthi.vn\/hochiminh\/#website\"},\"primaryImageOfPage\":{\"@id\":\"https:\/\/tranthi.vn\/hochiminh\/tu-nhua-lavabo-ms-002-mau-dep-tai-hue\/#primaryimage\"},\"image\":{\"@id\":\"https:\/\/tranthi.vn\/hochiminh\/tu-nhua-lavabo-ms-002-mau-dep-tai-hue\/#primaryimage\"},\"thumbnailUrl\":\"https:\/\/tranthi.vn\/hochiminh\/wp-content\/uploads\/2022\/05\/tu-lavabo-dep-gia-re-tai-hue.jpg\",\"datePublished\":\"2022-05-28T10:42:26+00:00\",\"dateModified\":\"2022-08-19T08:45:47+00:00\",\"description\":\"Tr\u1ea7n Th\u1ecb _ chuy\u00ean thi c\u00f4ng n\u1ed9i th\u1ea5t \u0111a d\u1ea1ng m\u1eabu m\u00e3, gi\u00e1 c\u1ea3 r\u1ebb nh\u1ea5t th\u1ecb tr\u01b0\u01a1ng Hu\u1ebf , n\u1ed5i b\u1eadc v\u1edbi d\u00f2ng t\u1ee7 LAVABO \u0111\u1eb7t b\u00e0n 0903 595 049\",\"breadcrumb\":{\"@id\":\"https:\/\/tranthi.vn\/hochiminh\/tu-nhua-lavabo-ms-002-mau-dep-tai-hue\/#breadcrumb\"},\"inLanguage\":\"vi\",\"potentialAction\":[{\"@type\":\"ReadAction\",\"target\":[\"https:\/\/tranthi.vn\/hochiminh\/tu-nhua-lavabo-ms-002-mau-dep-tai-hue\/\"]}]},{\"@type\":\"ImageObject\",\"inLanguage\":\"vi\",\"@id\":\"https:\/\/tranthi.vn\/hochiminh\/tu-nhua-lavabo-ms-002-mau-dep-tai-hue\/#primaryimage\",\"url\":\"https:\/\/tranthi.vn\/hochiminh\/wp-content\/uploads\/2022\/05\/tu-lavabo-dep-gia-re-tai-hue.jpg\",\"contentUrl\":\"https:\/\/tranthi.vn\/hochiminh\/wp-content\/uploads\/2022\/05\/tu-lavabo-dep-gia-re-tai-hue.jpg\",\"width\":1959,\"height\":1903,\"caption\":\"t\u1ee7 lavabo \u0111\u1eb9p gi\u00e1 r\u1ebb t\u1ea1i hu\u1ebf\"},{\"@type\":\"BreadcrumbList\",\"@id\":\"https:\/\/tranthi.vn\/hochiminh\/tu-nhua-lavabo-ms-002-mau-dep-tai-hue\/#breadcrumb\",\"itemListElement\":[{\"@type\":\"ListItem\",\"position\":1,\"name\":\"Trang ch\u1ee7\",\"item\":\"https:\/\/tranthi.vn\/hochiminh\/\"},{\"@type\":\"ListItem\",\"position\":2,\"name\":\"Shop\",\"item\":\"https:\/\/tranthi.vn\/hochiminh\/shop\/\"},{\"@type\":\"ListItem\",\"position\":3,\"name\":\"T\u1ee7 Nh\u1ef1a Lavabo \u2013 MS 002\"}]},{\"@type\":\"WebSite\",\"@id\":\"https:\/\/tranthi.vn\/hochiminh\/#website\",\"url\":\"https:\/\/tranthi.vn\/hochiminh\/\",\"name\":\"V\u1eadt Li\u1ec7u X\u00e2y D\u1ef1ng Tr\u1ea7n Th\u1ecb Chi Nh\u00e1nh H\u1ed3 Ch\u00ed Minh\",\"description\":\"V\u1eadt Li\u1ec7u X\u00e2y D\u1ef1ng - H\u1ed3 Ch\u00ed Minh\",\"potentialAction\":[{\"@type\":\"SearchAction\",\"target\":{\"@type\":\"EntryPoint\",\"urlTemplate\":\"https:\/\/tranthi.vn\/hochiminh\/?s={search_term_string}\"},\"query-input\":\"required name=search_term_string\"}],\"inLanguage\":\"vi\"},{\"@type\":\"ImageObject\",\"inLanguage\":\"vi\",\"@id\":\"https:\/\/tranthi.vn\/hochiminh\/tu-nhua-lavabo-ms-002-mau-dep-tai-hue\/#local-main-organization-logo\",\"url\":\"\",\"contentUrl\":\"\",\"caption\":\"V\u1eadt Li\u1ec7u X\u00e2y D\u1ef1ng Tr\u1ea7n Th\u1ecb Chi Nh\u00e1nh H\u1ed3 Ch\u00ed Minh\"}]}<\/script>\n<meta property=\"product:price:amount\" content=\"2599000\" \/>\n<meta property=\"product:price:currency\" content=\"VND\" \/>\n<meta property=\"og:availability\" content=\"instock\" \/>\n<meta property=\"product:availability\" content=\"instock\" \/>\n<meta property=\"product:condition\" content=\"new\" \/>\n<!-- \/ Yoast SEO Premium plugin. -->","yoast_head_json":{"title":"T\u1ee7 Nh\u1ef1a Lavabo \u2013 MS 002 - V\u1eadt Li\u1ec7u X\u00e2y D\u1ef1ng Tr\u1ea7n Th\u1ecb Chi Nh\u00e1nh H\u1ed3 Ch\u00ed Minh","description":"Tr\u1ea7n Th\u1ecb _ chuy\u00ean thi c\u00f4ng n\u1ed9i th\u1ea5t \u0111a d\u1ea1ng m\u1eabu m\u00e3, gi\u00e1 c\u1ea3 r\u1ebb nh\u1ea5t th\u1ecb tr\u01b0\u01a1ng Hu\u1ebf , n\u1ed5i b\u1eadc v\u1edbi d\u00f2ng t\u1ee7 LAVABO \u0111\u1eb7t b\u00e0n 0903 595 049","robots":{"index":"index","follow":"follow","max-snippet":"max-snippet:-1","max-image-preview":"max-image-preview:large","max-video-preview":"max-video-preview:-1"},"canonical":"https:\/\/tranthi.vn\/hochiminh\/tu-nhua-lavabo-ms-002-mau-dep-tai-hue\/","og_locale":"vi_VN","og_type":"article","og_title":"T\u1ee7 Nh\u1ef1a Lavabo \u2013 MS 002","og_description":"Tr\u1ea7n Th\u1ecb _ chuy\u00ean thi c\u00f4ng n\u1ed9i th\u1ea5t \u0111a d\u1ea1ng m\u1eabu m\u00e3, gi\u00e1 c\u1ea3 r\u1ebb nh\u1ea5t th\u1ecb tr\u01b0\u01a1ng Hu\u1ebf , n\u1ed5i b\u1eadc v\u1edbi d\u00f2ng t\u1ee7 LAVABO \u0111\u1eb7t b\u00e0n 0903 595 049","og_url":"https:\/\/tranthi.vn\/hochiminh\/tu-nhua-lavabo-ms-002-mau-dep-tai-hue\/","og_site_name":"V\u1eadt Li\u1ec7u X\u00e2y D\u1ef1ng Tr\u1ea7n Th\u1ecb Chi Nh\u00e1nh H\u1ed3 Ch\u00ed Minh","article_modified_time":"2022-08-19T08:45:47+00:00","og_image":[{"width":1959,"height":1903,"url":"https:\/\/tranthi.vn\/hochiminh\/wp-content\/uploads\/2022\/05\/tu-lavabo-dep-gia-re-tai-hue.jpg","type":"image\/jpeg"}],"twitter_card":"summary_large_image","twitter_misc":{"Gi\u00e1":"2,599,000&nbsp;&#8363;","Kh\u1ea3 d\u1ee5ng":"Trong kho"},"schema":{"@context":"https:\/\/schema.org","@graph":[{"@type":["WebPage","ItemPage"],"@id":"https:\/\/tranthi.vn\/hochiminh\/tu-nhua-lavabo-ms-002-mau-dep-tai-hue\/","url":"https:\/\/tranthi.vn\/hochiminh\/tu-nhua-lavabo-ms-002-mau-dep-tai-hue\/","name":"T\u1ee7 Nh\u1ef1a Lavabo \u2013 MS 002 - V\u1eadt Li\u1ec7u X\u00e2y D\u1ef1ng Tr\u1ea7n Th\u1ecb Chi Nh\u00e1nh H\u1ed3 Ch\u00ed Minh","isPartOf":{"@id":"https:\/\/tranthi.vn\/hochiminh\/#website"},"primaryImageOfPage":{"@id":"https:\/\/tranthi.vn\/hochiminh\/tu-nhua-lavabo-ms-002-mau-dep-tai-hue\/#primaryimage"},"image":{"@id":"https:\/\/tranthi.vn\/hochiminh\/tu-nhua-lavabo-ms-002-mau-dep-tai-hue\/#primaryimage"},"thumbnailUrl":"https:\/\/tranthi.vn\/hochiminh\/wp-content\/uploads\/2022\/05\/tu-lavabo-dep-gia-re-tai-hue.jpg","datePublished":"2022-05-28T10:42:26+00:00","dateModified":"2022-08-19T08:45:47+00:00","description":"Tr\u1ea7n Th\u1ecb _ chuy\u00ean thi c\u00f4ng n\u1ed9i th\u1ea5t \u0111a d\u1ea1ng m\u1eabu m\u00e3, gi\u00e1 c\u1ea3 r\u1ebb nh\u1ea5t th\u1ecb tr\u01b0\u01a1ng Hu\u1ebf , n\u1ed5i b\u1eadc v\u1edbi d\u00f2ng t\u1ee7 LAVABO \u0111\u1eb7t b\u00e0n 0903 595 049","breadcrumb":{"@id":"https:\/\/tranthi.vn\/hochiminh\/tu-nhua-lavabo-ms-002-mau-dep-tai-hue\/#breadcrumb"},"inLanguage":"vi","potentialAction":[{"@type":"ReadAction","target":["https:\/\/tranthi.vn\/hochiminh\/tu-nhua-lavabo-ms-002-mau-dep-tai-hue\/"]}]},{"@type":"ImageObject","inLanguage":"vi","@id":"https:\/\/tranthi.vn\/hochiminh\/tu-nhua-lavabo-ms-002-mau-dep-tai-hue\/#primaryimage","url":"https:\/\/tranthi.vn\/hochiminh\/wp-content\/uploads\/2022\/05\/tu-lavabo-dep-gia-re-tai-hue.jpg","contentUrl":"https:\/\/tranthi.vn\/hochiminh\/wp-content\/uploads\/2022\/05\/tu-lavabo-dep-gia-re-tai-hue.jpg","width":1959,"height":1903,"caption":"t\u1ee7 lavabo \u0111\u1eb9p gi\u00e1 r\u1ebb t\u1ea1i hu\u1ebf"},{"@type":"BreadcrumbList","@id":"https:\/\/tranthi.vn\/hochiminh\/tu-nhua-lavabo-ms-002-mau-dep-tai-hue\/#breadcrumb","itemListElement":[{"@type":"ListItem","position":1,"name":"Trang ch\u1ee7","item":"https:\/\/tranthi.vn\/hochiminh\/"},{"@type":"ListItem","position":2,"name":"Shop","item":"https:\/\/tranthi.vn\/hochiminh\/shop\/"},{"@type":"ListItem","position":3,"name":"T\u1ee7 Nh\u1ef1a Lavabo \u2013 MS 002"}]},{"@type":"WebSite","@id":"https:\/\/tranthi.vn\/hochiminh\/#website","url":"https:\/\/tranthi.vn\/hochiminh\/","name":"V\u1eadt Li\u1ec7u X\u00e2y D\u1ef1ng Tr\u1ea7n Th\u1ecb Chi Nh\u00e1nh H\u1ed3 Ch\u00ed Minh","description":"V\u1eadt Li\u1ec7u X\u00e2y D\u1ef1ng - H\u1ed3 Ch\u00ed Minh","potentialAction":[{"@type":"SearchAction","target":{"@type":"EntryPoint","urlTemplate":"https:\/\/tranthi.vn\/hochiminh\/?s={search_term_string}"},"query-input":"required name=search_term_string"}],"inLanguage":"vi"},{"@type":"ImageObject","inLanguage":"vi","@id":"https:\/\/tranthi.vn\/hochiminh\/tu-nhua-lavabo-ms-002-mau-dep-tai-hue\/#local-main-organization-logo","url":"","contentUrl":"","caption":"V\u1eadt Li\u1ec7u X\u00e2y D\u1ef1ng Tr\u1ea7n Th\u1ecb Chi Nh\u00e1nh H\u1ed3 Ch\u00ed Minh"}]},"product_price_amount":"2599000","product_price_currency":"VND","og_availability":"instock","product_availability":"instock","product_condition":"new"},"_links":{"self":[{"href":"https:\/\/tranthi.vn\/hochiminh\/wp-json\/wp\/v2\/product\/4941","targetHints":{"allow":["GET"]}}],"collection":[{"href":"https:\/\/tranthi.vn\/hochiminh\/wp-json\/wp\/v2\/product"}],"about":[{"href":"https:\/\/tranthi.vn\/hochiminh\/wp-json\/wp\/v2\/types\/product"}],"replies":[{"embeddable":true,"href":"https:\/\/tranthi.vn\/hochiminh\/wp-json\/wp\/v2\/comments?post=4941"}],"wp:featuredmedia":[{"embeddable":true,"href":"https:\/\/tranthi.vn\/hochiminh\/wp-json\/wp\/v2\/media\/5186"}],"wp:attachment":[{"href":"https:\/\/tranthi.vn\/hochiminh\/wp-json\/wp\/v2\/media?parent=4941"}],"wp:term":[{"taxonomy":"product_cat","embeddable":true,"href":"https:\/\/tranthi.vn\/hochiminh\/wp-json\/wp\/v2\/product_cat?post=4941"},{"taxonomy":"product_tag","embeddable":true,"href":"https:\/\/tranthi.vn\/hochiminh\/wp-json\/wp\/v2\/product_tag?post=4941"}],"curies":[{"name":"wp","href":"https:\/\/api.w.org\/{rel}","templated":true}]}}