{"id":4934,"date":"2022-05-25T17:34:48","date_gmt":"2022-05-25T10:34:48","guid":{"rendered":"https:\/\/tranthi.vn\/hochiminh\/?post_type=product&#038;p=4934"},"modified":"2022-05-25T17:34:49","modified_gmt":"2022-05-25T10:34:49","slug":"bon-cau-2020","status":"publish","type":"product","link":"https:\/\/tranthi.vn\/hochiminh\/bon-cau-2020\/","title":{"rendered":"B\u1ed3n C\u1ea7u 2020"},"content":{"rendered":"","protected":false},"excerpt":{"rendered":"<p><span style=\"font-family: 'times new roman', times, serif; font-size: 130%; color: #282828;\"><strong><span style=\"font-size: 140%; color: #ff6600;\">\u2666 <\/span><\/strong>M\u00e3 h\u00e0ng: \u0110en vi\u1ec1n v\u00e0ng 2020<\/span><\/p>\n<p><span style=\"font-family: 'times new roman', times, serif; font-size: 130%; color: #282828;\"><strong><span style=\"font-size: 140%; color: #ff6600;\">\u2666 <\/span><\/strong>T\u00ednh n\u0103ng: ch\u1ed1ng x\u01b0\u1edbc n\u1eafp \u00eam<\/span><\/p>\n<p><span style=\"font-family: 'times new roman', times, serif; font-size: 130%; color: #282828;\"><strong><span style=\"font-size: 140%; color: #ff6600;\">\u2666 <\/span><\/strong>B\u1ea3o h\u00e0nh 5 n\u0103m, b\u1ea3o tr\u00ec tr\u1ecdn \u0111\u1eddi<\/span><\/p>\n<p><span style=\"font-family: 'times new roman', times, serif; font-size: 130%; color: #282828;\"><strong><span style=\"font-size: 140%; color: #ff6600;\">\u2666 <\/span><\/strong>Xu\u1ea5t x\u1ee9: Trung Qu\u1ed1c<\/span><\/p>\n<p><span style=\"font-family: 'times new roman', times, serif; font-size: 130%; color: #282828;\"><strong><span style=\"font-size: 140%; color: #ff6600;\">\u2666 <\/span><\/strong>\u0110\u01a1n gi\u00e1:<strong> <span style=\"color: #008000;\">2.525.000\u0111\/b\u1ed9<\/span><\/strong><\/span><\/p>\n<p><span style=\"font-family: 'times new roman', times, serif; font-size: 130%; color: #282828;\"><strong><span style=\"font-size: 140%; color: #ff6600;\">\u2666 <\/span><\/strong>Mi\u1ec5n ph\u00ed ship trong n\u1ed9i th\u00e0nh Hu\u1ebf t\u1eeb 2 c\u00e1i tr\u1edf l\u00ean<\/span><\/p>\n<p><span style=\"font-family: 'times new roman', times, serif; font-size: 130%; color: #282828;\">B\u1ed3n c\u1ea7u m\u00e0u \u0111en v\u1edbi thi\u1ebft k\u1ebf \u0111\u1ed9c \u0111\u00e1o theo phong th\u1ee7y th\u00ec m\u00e0u n\u00e0y s\u1edf h\u1eefu ngu\u1ed3n n\u0103ng l\u01b0\u1ee3ng m\u1ea1nh m\u1ebd \u0111em l\u1ea1i ti\u1ec1n t\u00e0i quy\u1ec1n l\u1ef1c cho ng\u01b0\u1eddi s\u1eed d\u1ee5ng<\/span><\/p>\n","protected":false},"featured_media":4936,"comment_status":"closed","ping_status":"closed","template":"","meta":[],"product_cat":[180,243,179],"product_tag":[909],"class_list":{"0":"post-4934","1":"product","2":"type-product","3":"status-publish","4":"has-post-thumbnail","6":"product_cat-bon-cau","7":"product_cat-bon-cau-1-khoi","8":"product_cat-thiet-bi-ve-sinh-da-nang","9":"product_tag-bon-cau-1-khoi-mau-den-vien-vang_hue","11":"first","12":"instock","13":"sale","14":"shipping-taxable","15":"purchasable","16":"product-type-simple"},"yoast_head":"<!-- This site is optimized with the Yoast SEO Premium plugin v22.3 (Yoast SEO v22.4) - https:\/\/yoast.com\/wordpress\/plugins\/seo\/ -->\n<title>B\u1ed3n C\u1ea7u 2020 - V\u1eadt Li\u1ec7u X\u00e2y D\u1ef1ng Tr\u1ea7n Th\u1ecb Chi Nh\u00e1nh H\u1ed3 Ch\u00ed Minh<\/title>\n<meta name=\"robots\" content=\"index, follow, max-snippet:-1, max-image-preview:large, max-video-preview:-1\" \/>\n<link rel=\"canonical\" href=\"https:\/\/tranthi.vn\/hochiminh\/bon-cau-2020\/\" \/>\n<meta property=\"og:locale\" content=\"vi_VN\" \/>\n<meta property=\"og:type\" content=\"article\" \/>\n<meta property=\"og:title\" content=\"B\u1ed3n C\u1ea7u 2020\" \/>\n<meta property=\"og:description\" content=\"\u2666 M\u00e3 h\u00e0ng: \u0110en vi\u1ec1n v\u00e0ng 2020  \u2666 T\u00ednh n\u0103ng: ch\u1ed1ng x\u01b0\u1edbc n\u1eafp \u00eam  \u2666 B\u1ea3o h\u00e0nh 5 n\u0103m, b\u1ea3o tr\u00ec tr\u1ecdn \u0111\u1eddi  \u2666 Xu\u1ea5t x\u1ee9: Trung Qu\u1ed1c  \u2666 \u0110\u01a1n gi\u00e1: 2.525.000\u0111\/b\u1ed9  \u2666 Mi\u1ec5n ph\u00ed ship trong n\u1ed9i th\u00e0nh Hu\u1ebf t\u1eeb 2 c\u00e1i tr\u1edf l\u00ean  B\u1ed3n c\u1ea7u m\u00e0u \u0111en v\u1edbi thi\u1ebft k\u1ebf \u0111\u1ed9c \u0111\u00e1o theo phong th\u1ee7y th\u00ec m\u00e0u n\u00e0y s\u1edf h\u1eefu ngu\u1ed3n n\u0103ng l\u01b0\u1ee3ng m\u1ea1nh m\u1ebd \u0111em l\u1ea1i ti\u1ec1n t\u00e0i quy\u1ec1n l\u1ef1c cho ng\u01b0\u1eddi s\u1eed d\u1ee5ng\" \/>\n<meta property=\"og:url\" content=\"https:\/\/tranthi.vn\/hochiminh\/bon-cau-2020\/\" \/>\n<meta property=\"og:site_name\" content=\"V\u1eadt Li\u1ec7u X\u00e2y D\u1ef1ng Tr\u1ea7n Th\u1ecb Chi Nh\u00e1nh H\u1ed3 Ch\u00ed Minh\" \/>\n<meta property=\"article:modified_time\" content=\"2022-05-25T10:34:49+00:00\" \/>\n<meta property=\"og:image\" content=\"https:\/\/tranthi.vn\/hochiminh\/wp-content\/uploads\/2022\/05\/bon-cau-1-khoi-mau-den-vien-vang_hue.jpg\" \/>\n\t<meta property=\"og:image:width\" content=\"250\" \/>\n\t<meta property=\"og:image:height\" content=\"250\" \/>\n\t<meta property=\"og:image:type\" content=\"image\/jpeg\" \/>\n<meta name=\"twitter:card\" content=\"summary_large_image\" \/>\n<meta name=\"twitter:label1\" content=\"Gi\u00e1\" \/>\n\t<meta name=\"twitter:data1\" content=\"2,525,000&nbsp;&#8363;\" \/>\n\t<meta name=\"twitter:label2\" content=\"Kh\u1ea3 d\u1ee5ng\" \/>\n\t<meta name=\"twitter:data2\" content=\"Trong kho\" \/>\n<script type=\"application\/ld+json\" class=\"yoast-schema-graph\">{\"@context\":\"https:\/\/schema.org\",\"@graph\":[{\"@type\":[\"WebPage\",\"ItemPage\"],\"@id\":\"https:\/\/tranthi.vn\/hochiminh\/bon-cau-2020\/\",\"url\":\"https:\/\/tranthi.vn\/hochiminh\/bon-cau-2020\/\",\"name\":\"B\u1ed3n C\u1ea7u 2020 - V\u1eadt Li\u1ec7u X\u00e2y D\u1ef1ng Tr\u1ea7n Th\u1ecb Chi Nh\u00e1nh H\u1ed3 Ch\u00ed Minh\",\"isPartOf\":{\"@id\":\"https:\/\/tranthi.vn\/hochiminh\/#website\"},\"primaryImageOfPage\":{\"@id\":\"https:\/\/tranthi.vn\/hochiminh\/bon-cau-2020\/#primaryimage\"},\"image\":{\"@id\":\"https:\/\/tranthi.vn\/hochiminh\/bon-cau-2020\/#primaryimage\"},\"thumbnailUrl\":\"https:\/\/tranthi.vn\/hochiminh\/wp-content\/uploads\/2022\/05\/bon-cau-1-khoi-mau-den-vien-vang_hue.jpg\",\"datePublished\":\"2022-05-25T10:34:48+00:00\",\"dateModified\":\"2022-05-25T10:34:49+00:00\",\"breadcrumb\":{\"@id\":\"https:\/\/tranthi.vn\/hochiminh\/bon-cau-2020\/#breadcrumb\"},\"inLanguage\":\"vi\",\"potentialAction\":[{\"@type\":\"ReadAction\",\"target\":[\"https:\/\/tranthi.vn\/hochiminh\/bon-cau-2020\/\"]}]},{\"@type\":\"ImageObject\",\"inLanguage\":\"vi\",\"@id\":\"https:\/\/tranthi.vn\/hochiminh\/bon-cau-2020\/#primaryimage\",\"url\":\"https:\/\/tranthi.vn\/hochiminh\/wp-content\/uploads\/2022\/05\/bon-cau-1-khoi-mau-den-vien-vang_hue.jpg\",\"contentUrl\":\"https:\/\/tranthi.vn\/hochiminh\/wp-content\/uploads\/2022\/05\/bon-cau-1-khoi-mau-den-vien-vang_hue.jpg\",\"width\":250,\"height\":250,\"caption\":\"b\u1ed3n-c\u1ea7u-1-kh\u1ed1i-m\u00e0u-\u0111en-vi\u1ec1n-v\u00e0ng_hu\u1ebf\"},{\"@type\":\"BreadcrumbList\",\"@id\":\"https:\/\/tranthi.vn\/hochiminh\/bon-cau-2020\/#breadcrumb\",\"itemListElement\":[{\"@type\":\"ListItem\",\"position\":1,\"name\":\"Trang ch\u1ee7\",\"item\":\"https:\/\/tranthi.vn\/hochiminh\/\"},{\"@type\":\"ListItem\",\"position\":2,\"name\":\"Shop\",\"item\":\"https:\/\/tranthi.vn\/hochiminh\/shop\/\"},{\"@type\":\"ListItem\",\"position\":3,\"name\":\"B\u1ed3n C\u1ea7u 2020\"}]},{\"@type\":\"WebSite\",\"@id\":\"https:\/\/tranthi.vn\/hochiminh\/#website\",\"url\":\"https:\/\/tranthi.vn\/hochiminh\/\",\"name\":\"V\u1eadt Li\u1ec7u X\u00e2y D\u1ef1ng Tr\u1ea7n Th\u1ecb Chi Nh\u00e1nh H\u1ed3 Ch\u00ed Minh\",\"description\":\"V\u1eadt Li\u1ec7u X\u00e2y D\u1ef1ng - H\u1ed3 Ch\u00ed Minh\",\"potentialAction\":[{\"@type\":\"SearchAction\",\"target\":{\"@type\":\"EntryPoint\",\"urlTemplate\":\"https:\/\/tranthi.vn\/hochiminh\/?s={search_term_string}\"},\"query-input\":\"required name=search_term_string\"}],\"inLanguage\":\"vi\"},{\"@type\":\"ImageObject\",\"inLanguage\":\"vi\",\"@id\":\"https:\/\/tranthi.vn\/hochiminh\/bon-cau-2020\/#local-main-organization-logo\",\"url\":\"\",\"contentUrl\":\"\",\"caption\":\"V\u1eadt Li\u1ec7u X\u00e2y D\u1ef1ng Tr\u1ea7n Th\u1ecb Chi Nh\u00e1nh H\u1ed3 Ch\u00ed Minh\"}]}<\/script>\n<meta property=\"product:price:amount\" content=\"2525000\" \/>\n<meta property=\"product:price:currency\" content=\"VND\" \/>\n<meta property=\"og:availability\" content=\"instock\" \/>\n<meta property=\"product:availability\" content=\"instock\" \/>\n<meta property=\"product:condition\" content=\"new\" \/>\n<!-- \/ Yoast SEO Premium plugin. -->","yoast_head_json":{"title":"B\u1ed3n C\u1ea7u 2020 - V\u1eadt Li\u1ec7u X\u00e2y D\u1ef1ng Tr\u1ea7n Th\u1ecb Chi Nh\u00e1nh H\u1ed3 Ch\u00ed Minh","robots":{"index":"index","follow":"follow","max-snippet":"max-snippet:-1","max-image-preview":"max-image-preview:large","max-video-preview":"max-video-preview:-1"},"canonical":"https:\/\/tranthi.vn\/hochiminh\/bon-cau-2020\/","og_locale":"vi_VN","og_type":"article","og_title":"B\u1ed3n C\u1ea7u 2020","og_description":"\u2666 M\u00e3 h\u00e0ng: \u0110en vi\u1ec1n v\u00e0ng 2020  \u2666 T\u00ednh n\u0103ng: ch\u1ed1ng x\u01b0\u1edbc n\u1eafp \u00eam  \u2666 B\u1ea3o h\u00e0nh 5 n\u0103m, b\u1ea3o tr\u00ec tr\u1ecdn \u0111\u1eddi  \u2666 Xu\u1ea5t x\u1ee9: Trung Qu\u1ed1c  \u2666 \u0110\u01a1n gi\u00e1: 2.525.000\u0111\/b\u1ed9  \u2666 Mi\u1ec5n ph\u00ed ship trong n\u1ed9i th\u00e0nh Hu\u1ebf t\u1eeb 2 c\u00e1i tr\u1edf l\u00ean  B\u1ed3n c\u1ea7u m\u00e0u \u0111en v\u1edbi thi\u1ebft k\u1ebf \u0111\u1ed9c \u0111\u00e1o theo phong th\u1ee7y th\u00ec m\u00e0u n\u00e0y s\u1edf h\u1eefu ngu\u1ed3n n\u0103ng l\u01b0\u1ee3ng m\u1ea1nh m\u1ebd \u0111em l\u1ea1i ti\u1ec1n t\u00e0i quy\u1ec1n l\u1ef1c cho ng\u01b0\u1eddi s\u1eed d\u1ee5ng","og_url":"https:\/\/tranthi.vn\/hochiminh\/bon-cau-2020\/","og_site_name":"V\u1eadt Li\u1ec7u X\u00e2y D\u1ef1ng Tr\u1ea7n Th\u1ecb Chi Nh\u00e1nh H\u1ed3 Ch\u00ed Minh","article_modified_time":"2022-05-25T10:34:49+00:00","og_image":[{"width":250,"height":250,"url":"https:\/\/tranthi.vn\/hochiminh\/wp-content\/uploads\/2022\/05\/bon-cau-1-khoi-mau-den-vien-vang_hue.jpg","type":"image\/jpeg"}],"twitter_card":"summary_large_image","twitter_misc":{"Gi\u00e1":"2,525,000&nbsp;&#8363;","Kh\u1ea3 d\u1ee5ng":"Trong kho"},"schema":{"@context":"https:\/\/schema.org","@graph":[{"@type":["WebPage","ItemPage"],"@id":"https:\/\/tranthi.vn\/hochiminh\/bon-cau-2020\/","url":"https:\/\/tranthi.vn\/hochiminh\/bon-cau-2020\/","name":"B\u1ed3n C\u1ea7u 2020 - V\u1eadt Li\u1ec7u X\u00e2y D\u1ef1ng Tr\u1ea7n Th\u1ecb Chi Nh\u00e1nh H\u1ed3 Ch\u00ed Minh","isPartOf":{"@id":"https:\/\/tranthi.vn\/hochiminh\/#website"},"primaryImageOfPage":{"@id":"https:\/\/tranthi.vn\/hochiminh\/bon-cau-2020\/#primaryimage"},"image":{"@id":"https:\/\/tranthi.vn\/hochiminh\/bon-cau-2020\/#primaryimage"},"thumbnailUrl":"https:\/\/tranthi.vn\/hochiminh\/wp-content\/uploads\/2022\/05\/bon-cau-1-khoi-mau-den-vien-vang_hue.jpg","datePublished":"2022-05-25T10:34:48+00:00","dateModified":"2022-05-25T10:34:49+00:00","breadcrumb":{"@id":"https:\/\/tranthi.vn\/hochiminh\/bon-cau-2020\/#breadcrumb"},"inLanguage":"vi","potentialAction":[{"@type":"ReadAction","target":["https:\/\/tranthi.vn\/hochiminh\/bon-cau-2020\/"]}]},{"@type":"ImageObject","inLanguage":"vi","@id":"https:\/\/tranthi.vn\/hochiminh\/bon-cau-2020\/#primaryimage","url":"https:\/\/tranthi.vn\/hochiminh\/wp-content\/uploads\/2022\/05\/bon-cau-1-khoi-mau-den-vien-vang_hue.jpg","contentUrl":"https:\/\/tranthi.vn\/hochiminh\/wp-content\/uploads\/2022\/05\/bon-cau-1-khoi-mau-den-vien-vang_hue.jpg","width":250,"height":250,"caption":"b\u1ed3n-c\u1ea7u-1-kh\u1ed1i-m\u00e0u-\u0111en-vi\u1ec1n-v\u00e0ng_hu\u1ebf"},{"@type":"BreadcrumbList","@id":"https:\/\/tranthi.vn\/hochiminh\/bon-cau-2020\/#breadcrumb","itemListElement":[{"@type":"ListItem","position":1,"name":"Trang ch\u1ee7","item":"https:\/\/tranthi.vn\/hochiminh\/"},{"@type":"ListItem","position":2,"name":"Shop","item":"https:\/\/tranthi.vn\/hochiminh\/shop\/"},{"@type":"ListItem","position":3,"name":"B\u1ed3n C\u1ea7u 2020"}]},{"@type":"WebSite","@id":"https:\/\/tranthi.vn\/hochiminh\/#website","url":"https:\/\/tranthi.vn\/hochiminh\/","name":"V\u1eadt Li\u1ec7u X\u00e2y D\u1ef1ng Tr\u1ea7n Th\u1ecb Chi Nh\u00e1nh H\u1ed3 Ch\u00ed Minh","description":"V\u1eadt Li\u1ec7u X\u00e2y D\u1ef1ng - H\u1ed3 Ch\u00ed Minh","potentialAction":[{"@type":"SearchAction","target":{"@type":"EntryPoint","urlTemplate":"https:\/\/tranthi.vn\/hochiminh\/?s={search_term_string}"},"query-input":"required name=search_term_string"}],"inLanguage":"vi"},{"@type":"ImageObject","inLanguage":"vi","@id":"https:\/\/tranthi.vn\/hochiminh\/bon-cau-2020\/#local-main-organization-logo","url":"","contentUrl":"","caption":"V\u1eadt Li\u1ec7u X\u00e2y D\u1ef1ng Tr\u1ea7n Th\u1ecb Chi Nh\u00e1nh H\u1ed3 Ch\u00ed Minh"}]},"product_price_amount":"2525000","product_price_currency":"VND","og_availability":"instock","product_availability":"instock","product_condition":"new"},"_links":{"self":[{"href":"https:\/\/tranthi.vn\/hochiminh\/wp-json\/wp\/v2\/product\/4934","targetHints":{"allow":["GET"]}}],"collection":[{"href":"https:\/\/tranthi.vn\/hochiminh\/wp-json\/wp\/v2\/product"}],"about":[{"href":"https:\/\/tranthi.vn\/hochiminh\/wp-json\/wp\/v2\/types\/product"}],"replies":[{"embeddable":true,"href":"https:\/\/tranthi.vn\/hochiminh\/wp-json\/wp\/v2\/comments?post=4934"}],"wp:featuredmedia":[{"embeddable":true,"href":"https:\/\/tranthi.vn\/hochiminh\/wp-json\/wp\/v2\/media\/4936"}],"wp:attachment":[{"href":"https:\/\/tranthi.vn\/hochiminh\/wp-json\/wp\/v2\/media?parent=4934"}],"wp:term":[{"taxonomy":"product_cat","embeddable":true,"href":"https:\/\/tranthi.vn\/hochiminh\/wp-json\/wp\/v2\/product_cat?post=4934"},{"taxonomy":"product_tag","embeddable":true,"href":"https:\/\/tranthi.vn\/hochiminh\/wp-json\/wp\/v2\/product_tag?post=4934"}],"curies":[{"name":"wp","href":"https:\/\/api.w.org\/{rel}","templated":true}]}}