{"id":4925,"date":"2022-05-13T10:48:22","date_gmt":"2022-05-13T03:48:22","guid":{"rendered":"https:\/\/tranthi.vn\/hochiminh\/?post_type=product&#038;p=4925"},"modified":"2022-05-13T10:48:23","modified_gmt":"2022-05-13T03:48:23","slug":"ngoi-noc-3","status":"publish","type":"product","link":"https:\/\/tranthi.vn\/hochiminh\/ngoi-noc-3\/","title":{"rendered":"Ng\u00f3i N\u00f3c"},"content":{"rendered":"","protected":false},"excerpt":{"rendered":"<p><span style=\"font-family: 'times new roman', times, serif; font-size: 130%;\"><span style=\"font-size: 140%; color: #ff6600;\">\u2666 <\/span>Bao h\u00e0nh 1 n\u0103m<\/span><\/p>\n<p><span style=\"font-family: 'times new roman', times, serif; font-size: 130%;\"><span style=\"font-size: 140%; color: #ff6600;\">\u2666 <\/span>Th\u01b0\u01a1ng hi\u1ec7u : Viglacera<\/span><\/p>\n<p><span style=\"font-family: 'times new roman', times, serif; font-size: 130%;\"><span style=\"font-size: 140%; color: #ff6600;\">\u2666 <\/span>Xu\u1ea5t x\u1ee9: Qu\u1ea3ng Ninh<\/span><\/p>\n<p><span style=\"font-family: 'times new roman', times, serif; font-size: 130%;\"><span style=\"font-size: 140%; color: #ff6600;\">\u2666 <\/span>Thu\u1ed9c t\u00ednh: \u0110\u1ea5t s\u00e9t nung<\/span><\/p>\n<p><span style=\"font-family: 'times new roman', times, serif; font-size: 130%;\"><span style=\"font-size: 140%; color: #ff6600;\">\u2666 <\/span>\u0110\u01a1n gi\u00e1:<strong><span style=\"color: #008000;\"> Ng\u00f3i n\u00f3c l\u1edbn \u21d2 26.000\u0111\/ vi\u00ean<\/span><\/strong><\/span><br \/>\n<strong><span style=\"font-family: 'times new roman', times, serif; font-size: 130%; color: #008000;\">\u00a0 \u00a0 \u00a0 \u00a0 \u00a0 \u00a0 \u00a0 \u00a0 \u00a0 \u00a0Ng\u00f3i n\u00f3c v\u1eeba \u21d2 16.000\u0111\/ vi\u00ean<\/span><\/strong><br \/>\n<strong><span style=\"font-family: 'times new roman', times, serif; font-size: 130%; color: #008000;\">\u00a0 \u00a0 \u00a0 \u00a0 \u00a0 \u00a0 \u00a0 \u00a0 \u00a0 \u00a0Ng\u00f3i n\u00f3c nh\u1ecf \u21d2 14.000\u0111\/ vi\u00ean<\/span><\/strong><\/p>\n<p><span style=\"font-family: 'times new roman', times, serif; font-size: 130%;\"><span style=\"font-size: 140%; color: #ff6600;\">\u2666 <\/span>Gi\u00e1 tr\u00ean \u0111\u00e3 bao g\u1ed3m v\u1eadn chuy\u1ec3n \u0111\u01b0\u1ee3c \u00e1p d\u1ee5ng cho \u0111\u01a1n h\u00e0ng k\u00e8m theo ng\u00f3i l\u1ee3p ho\u1eb7c l\u1ea5y s\u1ed1 l\u01b0\u1ee3ng l\u1edbn<\/span><\/p>\n<p>&nbsp;<\/p>\n","protected":false},"featured_media":4926,"comment_status":"closed","ping_status":"closed","template":"","meta":[],"product_cat":[324,111],"product_tag":[908],"class_list":{"0":"post-4925","1":"product","2":"type-product","3":"status-publish","4":"has-post-thumbnail","6":"product_cat-ngoi-dat-nung-hue","7":"product_cat-gia-ngoi-lop-nha-hue","8":"product_tag-ngoi-noc-lop-tai-hue-jpg","10":"first","11":"instock","12":"sale","13":"shipping-taxable","14":"purchasable","15":"product-type-simple"},"yoast_head":"<!-- This site is optimized with the Yoast SEO Premium plugin v22.3 (Yoast SEO v22.4) - https:\/\/yoast.com\/wordpress\/plugins\/seo\/ -->\n<title>Ng\u00f3i N\u00f3c - V\u1eadt Li\u1ec7u X\u00e2y D\u1ef1ng Tr\u1ea7n Th\u1ecb Chi Nh\u00e1nh H\u1ed3 Ch\u00ed Minh<\/title>\n<meta name=\"robots\" content=\"index, follow, max-snippet:-1, max-image-preview:large, max-video-preview:-1\" \/>\n<link rel=\"canonical\" href=\"https:\/\/tranthi.vn\/hochiminh\/ngoi-noc-3\/\" \/>\n<meta property=\"og:locale\" content=\"vi_VN\" \/>\n<meta property=\"og:type\" content=\"article\" \/>\n<meta property=\"og:title\" content=\"Ng\u00f3i N\u00f3c\" \/>\n<meta property=\"og:description\" content=\"\u2666 Bao h\u00e0nh 1 n\u0103m  \u2666 Th\u01b0\u01a1ng hi\u1ec7u : Viglacera  \u2666 Xu\u1ea5t x\u1ee9: Qu\u1ea3ng Ninh  \u2666 Thu\u1ed9c t\u00ednh: \u0110\u1ea5t s\u00e9t nung  \u2666 \u0110\u01a1n gi\u00e1: Ng\u00f3i n\u00f3c l\u1edbn \u21d2 26.000\u0111\/ vi\u00ean \u00a0 \u00a0 \u00a0 \u00a0 \u00a0 \u00a0 \u00a0 \u00a0 \u00a0 \u00a0Ng\u00f3i n\u00f3c v\u1eeba \u21d2 16.000\u0111\/ vi\u00ean \u00a0 \u00a0 \u00a0 \u00a0 \u00a0 \u00a0 \u00a0 \u00a0 \u00a0 \u00a0Ng\u00f3i n\u00f3c nh\u1ecf \u21d2 14.000\u0111\/ vi\u00ean  \u2666 Gi\u00e1 tr\u00ean \u0111\u00e3 bao g\u1ed3m v\u1eadn chuy\u1ec3n \u0111\u01b0\u1ee3c \u00e1p d\u1ee5ng cho \u0111\u01a1n h\u00e0ng k\u00e8m theo ng\u00f3i l\u1ee3p ho\u1eb7c l\u1ea5y s\u1ed1 l\u01b0\u1ee3ng l\u1edbn  &nbsp;\" \/>\n<meta property=\"og:url\" content=\"https:\/\/tranthi.vn\/hochiminh\/ngoi-noc-3\/\" \/>\n<meta property=\"og:site_name\" content=\"V\u1eadt Li\u1ec7u X\u00e2y D\u1ef1ng Tr\u1ea7n Th\u1ecb Chi Nh\u00e1nh H\u1ed3 Ch\u00ed Minh\" \/>\n<meta property=\"article:modified_time\" content=\"2022-05-13T03:48:23+00:00\" \/>\n<meta property=\"og:image\" content=\"https:\/\/tranthi.vn\/hochiminh\/wp-content\/uploads\/2022\/05\/Ngoi-noc-lop-tai-Hue.jpg\" \/>\n\t<meta property=\"og:image:width\" content=\"250\" \/>\n\t<meta property=\"og:image:height\" content=\"250\" \/>\n\t<meta property=\"og:image:type\" content=\"image\/jpeg\" \/>\n<meta name=\"twitter:card\" content=\"summary_large_image\" \/>\n<meta name=\"twitter:label1\" content=\"Gi\u00e1\" \/>\n\t<meta name=\"twitter:data1\" content=\"25&nbsp;&#8363;\" \/>\n\t<meta name=\"twitter:label2\" content=\"Kh\u1ea3 d\u1ee5ng\" \/>\n\t<meta name=\"twitter:data2\" content=\"Trong kho\" \/>\n<script type=\"application\/ld+json\" class=\"yoast-schema-graph\">{\"@context\":\"https:\/\/schema.org\",\"@graph\":[{\"@type\":[\"WebPage\",\"ItemPage\"],\"@id\":\"https:\/\/tranthi.vn\/hochiminh\/ngoi-noc-3\/\",\"url\":\"https:\/\/tranthi.vn\/hochiminh\/ngoi-noc-3\/\",\"name\":\"Ng\u00f3i N\u00f3c - V\u1eadt Li\u1ec7u X\u00e2y D\u1ef1ng Tr\u1ea7n Th\u1ecb Chi Nh\u00e1nh H\u1ed3 Ch\u00ed Minh\",\"isPartOf\":{\"@id\":\"https:\/\/tranthi.vn\/hochiminh\/#website\"},\"primaryImageOfPage\":{\"@id\":\"https:\/\/tranthi.vn\/hochiminh\/ngoi-noc-3\/#primaryimage\"},\"image\":{\"@id\":\"https:\/\/tranthi.vn\/hochiminh\/ngoi-noc-3\/#primaryimage\"},\"thumbnailUrl\":\"https:\/\/tranthi.vn\/hochiminh\/wp-content\/uploads\/2022\/05\/Ngoi-noc-lop-tai-Hue.jpg\",\"datePublished\":\"2022-05-13T03:48:22+00:00\",\"dateModified\":\"2022-05-13T03:48:23+00:00\",\"breadcrumb\":{\"@id\":\"https:\/\/tranthi.vn\/hochiminh\/ngoi-noc-3\/#breadcrumb\"},\"inLanguage\":\"vi\",\"potentialAction\":[{\"@type\":\"ReadAction\",\"target\":[\"https:\/\/tranthi.vn\/hochiminh\/ngoi-noc-3\/\"]}]},{\"@type\":\"ImageObject\",\"inLanguage\":\"vi\",\"@id\":\"https:\/\/tranthi.vn\/hochiminh\/ngoi-noc-3\/#primaryimage\",\"url\":\"https:\/\/tranthi.vn\/hochiminh\/wp-content\/uploads\/2022\/05\/Ngoi-noc-lop-tai-Hue.jpg\",\"contentUrl\":\"https:\/\/tranthi.vn\/hochiminh\/wp-content\/uploads\/2022\/05\/Ngoi-noc-lop-tai-Hue.jpg\",\"width\":250,\"height\":250,\"caption\":\"Ng\u00f3i n\u00f3c l\u1ee3p t\u1ea1i Hu\u1ebf.jpg\"},{\"@type\":\"BreadcrumbList\",\"@id\":\"https:\/\/tranthi.vn\/hochiminh\/ngoi-noc-3\/#breadcrumb\",\"itemListElement\":[{\"@type\":\"ListItem\",\"position\":1,\"name\":\"Trang ch\u1ee7\",\"item\":\"https:\/\/tranthi.vn\/hochiminh\/\"},{\"@type\":\"ListItem\",\"position\":2,\"name\":\"Shop\",\"item\":\"https:\/\/tranthi.vn\/hochiminh\/shop\/\"},{\"@type\":\"ListItem\",\"position\":3,\"name\":\"Ng\u00f3i N\u00f3c\"}]},{\"@type\":\"WebSite\",\"@id\":\"https:\/\/tranthi.vn\/hochiminh\/#website\",\"url\":\"https:\/\/tranthi.vn\/hochiminh\/\",\"name\":\"V\u1eadt Li\u1ec7u X\u00e2y D\u1ef1ng Tr\u1ea7n Th\u1ecb Chi Nh\u00e1nh H\u1ed3 Ch\u00ed Minh\",\"description\":\"V\u1eadt Li\u1ec7u X\u00e2y D\u1ef1ng - H\u1ed3 Ch\u00ed Minh\",\"potentialAction\":[{\"@type\":\"SearchAction\",\"target\":{\"@type\":\"EntryPoint\",\"urlTemplate\":\"https:\/\/tranthi.vn\/hochiminh\/?s={search_term_string}\"},\"query-input\":\"required name=search_term_string\"}],\"inLanguage\":\"vi\"},{\"@type\":\"ImageObject\",\"inLanguage\":\"vi\",\"@id\":\"https:\/\/tranthi.vn\/hochiminh\/ngoi-noc-3\/#local-main-organization-logo\",\"url\":\"\",\"contentUrl\":\"\",\"caption\":\"V\u1eadt Li\u1ec7u X\u00e2y D\u1ef1ng Tr\u1ea7n Th\u1ecb Chi Nh\u00e1nh H\u1ed3 Ch\u00ed Minh\"}]}<\/script>\n<meta property=\"product:price:amount\" content=\"25\" \/>\n<meta property=\"product:price:currency\" content=\"VND\" \/>\n<meta property=\"og:availability\" content=\"instock\" \/>\n<meta property=\"product:availability\" content=\"instock\" \/>\n<meta property=\"product:condition\" content=\"new\" \/>\n<!-- \/ Yoast SEO Premium plugin. -->","yoast_head_json":{"title":"Ng\u00f3i N\u00f3c - V\u1eadt Li\u1ec7u X\u00e2y D\u1ef1ng Tr\u1ea7n Th\u1ecb Chi Nh\u00e1nh H\u1ed3 Ch\u00ed Minh","robots":{"index":"index","follow":"follow","max-snippet":"max-snippet:-1","max-image-preview":"max-image-preview:large","max-video-preview":"max-video-preview:-1"},"canonical":"https:\/\/tranthi.vn\/hochiminh\/ngoi-noc-3\/","og_locale":"vi_VN","og_type":"article","og_title":"Ng\u00f3i N\u00f3c","og_description":"\u2666 Bao h\u00e0nh 1 n\u0103m  \u2666 Th\u01b0\u01a1ng hi\u1ec7u : Viglacera  \u2666 Xu\u1ea5t x\u1ee9: Qu\u1ea3ng Ninh  \u2666 Thu\u1ed9c t\u00ednh: \u0110\u1ea5t s\u00e9t nung  \u2666 \u0110\u01a1n gi\u00e1: Ng\u00f3i n\u00f3c l\u1edbn \u21d2 26.000\u0111\/ vi\u00ean \u00a0 \u00a0 \u00a0 \u00a0 \u00a0 \u00a0 \u00a0 \u00a0 \u00a0 \u00a0Ng\u00f3i n\u00f3c v\u1eeba \u21d2 16.000\u0111\/ vi\u00ean \u00a0 \u00a0 \u00a0 \u00a0 \u00a0 \u00a0 \u00a0 \u00a0 \u00a0 \u00a0Ng\u00f3i n\u00f3c nh\u1ecf \u21d2 14.000\u0111\/ vi\u00ean  \u2666 Gi\u00e1 tr\u00ean \u0111\u00e3 bao g\u1ed3m v\u1eadn chuy\u1ec3n \u0111\u01b0\u1ee3c \u00e1p d\u1ee5ng cho \u0111\u01a1n h\u00e0ng k\u00e8m theo ng\u00f3i l\u1ee3p ho\u1eb7c l\u1ea5y s\u1ed1 l\u01b0\u1ee3ng l\u1edbn  &nbsp;","og_url":"https:\/\/tranthi.vn\/hochiminh\/ngoi-noc-3\/","og_site_name":"V\u1eadt Li\u1ec7u X\u00e2y D\u1ef1ng Tr\u1ea7n Th\u1ecb Chi Nh\u00e1nh H\u1ed3 Ch\u00ed Minh","article_modified_time":"2022-05-13T03:48:23+00:00","og_image":[{"width":250,"height":250,"url":"https:\/\/tranthi.vn\/hochiminh\/wp-content\/uploads\/2022\/05\/Ngoi-noc-lop-tai-Hue.jpg","type":"image\/jpeg"}],"twitter_card":"summary_large_image","twitter_misc":{"Gi\u00e1":"25&nbsp;&#8363;","Kh\u1ea3 d\u1ee5ng":"Trong kho"},"schema":{"@context":"https:\/\/schema.org","@graph":[{"@type":["WebPage","ItemPage"],"@id":"https:\/\/tranthi.vn\/hochiminh\/ngoi-noc-3\/","url":"https:\/\/tranthi.vn\/hochiminh\/ngoi-noc-3\/","name":"Ng\u00f3i N\u00f3c - V\u1eadt Li\u1ec7u X\u00e2y D\u1ef1ng Tr\u1ea7n Th\u1ecb Chi Nh\u00e1nh H\u1ed3 Ch\u00ed Minh","isPartOf":{"@id":"https:\/\/tranthi.vn\/hochiminh\/#website"},"primaryImageOfPage":{"@id":"https:\/\/tranthi.vn\/hochiminh\/ngoi-noc-3\/#primaryimage"},"image":{"@id":"https:\/\/tranthi.vn\/hochiminh\/ngoi-noc-3\/#primaryimage"},"thumbnailUrl":"https:\/\/tranthi.vn\/hochiminh\/wp-content\/uploads\/2022\/05\/Ngoi-noc-lop-tai-Hue.jpg","datePublished":"2022-05-13T03:48:22+00:00","dateModified":"2022-05-13T03:48:23+00:00","breadcrumb":{"@id":"https:\/\/tranthi.vn\/hochiminh\/ngoi-noc-3\/#breadcrumb"},"inLanguage":"vi","potentialAction":[{"@type":"ReadAction","target":["https:\/\/tranthi.vn\/hochiminh\/ngoi-noc-3\/"]}]},{"@type":"ImageObject","inLanguage":"vi","@id":"https:\/\/tranthi.vn\/hochiminh\/ngoi-noc-3\/#primaryimage","url":"https:\/\/tranthi.vn\/hochiminh\/wp-content\/uploads\/2022\/05\/Ngoi-noc-lop-tai-Hue.jpg","contentUrl":"https:\/\/tranthi.vn\/hochiminh\/wp-content\/uploads\/2022\/05\/Ngoi-noc-lop-tai-Hue.jpg","width":250,"height":250,"caption":"Ng\u00f3i n\u00f3c l\u1ee3p t\u1ea1i Hu\u1ebf.jpg"},{"@type":"BreadcrumbList","@id":"https:\/\/tranthi.vn\/hochiminh\/ngoi-noc-3\/#breadcrumb","itemListElement":[{"@type":"ListItem","position":1,"name":"Trang ch\u1ee7","item":"https:\/\/tranthi.vn\/hochiminh\/"},{"@type":"ListItem","position":2,"name":"Shop","item":"https:\/\/tranthi.vn\/hochiminh\/shop\/"},{"@type":"ListItem","position":3,"name":"Ng\u00f3i N\u00f3c"}]},{"@type":"WebSite","@id":"https:\/\/tranthi.vn\/hochiminh\/#website","url":"https:\/\/tranthi.vn\/hochiminh\/","name":"V\u1eadt Li\u1ec7u X\u00e2y D\u1ef1ng Tr\u1ea7n Th\u1ecb Chi Nh\u00e1nh H\u1ed3 Ch\u00ed Minh","description":"V\u1eadt Li\u1ec7u X\u00e2y D\u1ef1ng - H\u1ed3 Ch\u00ed Minh","potentialAction":[{"@type":"SearchAction","target":{"@type":"EntryPoint","urlTemplate":"https:\/\/tranthi.vn\/hochiminh\/?s={search_term_string}"},"query-input":"required name=search_term_string"}],"inLanguage":"vi"},{"@type":"ImageObject","inLanguage":"vi","@id":"https:\/\/tranthi.vn\/hochiminh\/ngoi-noc-3\/#local-main-organization-logo","url":"","contentUrl":"","caption":"V\u1eadt Li\u1ec7u X\u00e2y D\u1ef1ng Tr\u1ea7n Th\u1ecb Chi Nh\u00e1nh H\u1ed3 Ch\u00ed Minh"}]},"product_price_amount":"25","product_price_currency":"VND","og_availability":"instock","product_availability":"instock","product_condition":"new"},"_links":{"self":[{"href":"https:\/\/tranthi.vn\/hochiminh\/wp-json\/wp\/v2\/product\/4925","targetHints":{"allow":["GET"]}}],"collection":[{"href":"https:\/\/tranthi.vn\/hochiminh\/wp-json\/wp\/v2\/product"}],"about":[{"href":"https:\/\/tranthi.vn\/hochiminh\/wp-json\/wp\/v2\/types\/product"}],"replies":[{"embeddable":true,"href":"https:\/\/tranthi.vn\/hochiminh\/wp-json\/wp\/v2\/comments?post=4925"}],"wp:featuredmedia":[{"embeddable":true,"href":"https:\/\/tranthi.vn\/hochiminh\/wp-json\/wp\/v2\/media\/4926"}],"wp:attachment":[{"href":"https:\/\/tranthi.vn\/hochiminh\/wp-json\/wp\/v2\/media?parent=4925"}],"wp:term":[{"taxonomy":"product_cat","embeddable":true,"href":"https:\/\/tranthi.vn\/hochiminh\/wp-json\/wp\/v2\/product_cat?post=4925"},{"taxonomy":"product_tag","embeddable":true,"href":"https:\/\/tranthi.vn\/hochiminh\/wp-json\/wp\/v2\/product_tag?post=4925"}],"curies":[{"name":"wp","href":"https:\/\/api.w.org\/{rel}","templated":true}]}}