{"id":4911,"date":"2022-05-10T08:31:49","date_gmt":"2022-05-10T01:31:49","guid":{"rendered":"https:\/\/tranthi.vn\/hochiminh\/?post_type=product&#038;p=4911"},"modified":"2024-07-18T13:58:30","modified_gmt":"2024-07-18T06:58:30","slug":"voi-rua-nong-lanh-day-rut-ho-chi-minh-sai-gon","status":"publish","type":"product","link":"https:\/\/tranthi.vn\/hochiminh\/voi-rua-nong-lanh-day-rut-ho-chi-minh-sai-gon\/","title":{"rendered":"V\u00f2i R\u1eeda NL D\u00e2y R\u00fat"},"content":{"rendered":"<h1><span style=\"font-family: 'times new roman', times, serif; font-size: 130%; color: #ff0000;\"><strong>V\u00d2I R\u1eecA CH\u00c9N N\u00d3NG L\u1ea0NH R\u00daT D\u00c2Y T\u1ea0I <a href=\"https:\/\/vi.wikipedia.org\/wiki\/Th%C3%A0nh_ph%E1%BB%91_H%E1%BB%93_Ch%C3%AD_Minh\">TP. CH\u00cd MINH<\/a><\/strong><\/span><\/h1>\n<p><span style=\"font-family: 'times new roman', times, serif; font-size: 130%;\">T\u1ea1i th\u1ecb tr\u01b0\u1eddng tp. H\u1ed3 Ch\u00ed Minh <strong><em>v\u00f2i r\u1eeda ch\u00e9n r\u00fat d\u00e2y n\u00f3ng l\u1ea1nh<\/em><\/strong>\u00a0\u0111ang r\u1ea5t th\u1ecbnh h\u00e0nh, nh\u1edd v\u00e0o s\u1ef1 ti\u1ec7n l\u1ee3i c\u0169ng nh\u01b0 sang tr\u1ecdng m\u00e0 v\u00f2i \u0111\u01b0\u1ee3c \u0111a s\u1ed1 gia \u0111\u00ecnh s\u1eed d\u1ee5ng. Hi\u1ec7n t\u1ea1i v\u00f2i r\u1eeda ch\u00e9n n\u00f3ng l\u1ea1nh c\u00f3 r\u1ea5t nhi\u1ec1u m\u1eabu m\u00e3, ki\u1ec3u d\u00e1ng c\u0169ng nh\u01b0 gi\u00e1 g\u00e2y cho ng\u01b0\u1eddi ti\u00eau d\u00f9ng nhi\u1ec1u th\u1eafc m\u1eafc<\/span><\/p>\n<h2><span style=\"font-family: 'times new roman', times, serif; font-size: 80%; color: #008000;\"><strong>1. \u0110\u1eb6C \u0110I\u1ec2M C\u1ee6A V\u00d2I R\u1eecA CH\u00c9N R\u00daT D\u00c2Y N\u00d3NG L\u1ea0NH<\/strong><\/span><\/h2>\n<p><span style=\"font-family: 'times new roman', times, serif; font-size: 130%;\"><strong><em>V\u00f2i r\u1eeda ch\u00e9n r\u00fat d\u00e2y n\u00f3ng l\u1ea1nh<\/em><\/strong>\u00a0c\u00f3 th\u1ec3 linh ho\u1ea1t r\u1eeda ch\u00e9n b\u00e1t r\u1eeda rau c\u1ee7 hay v\u1ec7 sinh ch\u1eadu r\u1eeda v\u00f4 c\u00f9ng ti\u1ec7n l\u1ee3i. \u0110\u1ed9 d\u00e0i c\u1ee7a d\u00e2y k\u00e9o l\u00ean \u0111\u1ebfn 1m D\u00e2y r\u00fat d\u00e0i v\u00f4 c\u00f9ng ti\u1ec7n l\u1ee3i trong vi\u1ec7c r\u1eeda th\u1ef1c ph\u1ea9m v\u00e0 v\u1ec7 sinh b\u1ed3n<\/span><\/p>\n<p><span style=\"font-family: 'times new roman', times, serif; font-size: 130%;\">Th\u00e2n v\u00f2i \u0111\u01b0\u1ee3c l\u00e0m t\u1eeb inox 304 \u0111\u1ea1t chu\u1ea9n ch\u1ea5t l\u01b0\u1ee3ng \u0111\u1ec3 \u0111\u1ea3m b\u1ea3o an to\u00e0n cho ng\u01b0\u1eddi s\u1eed d\u1ee5ng. \u0110\u1ea7u v\u00f2i lu\u00f4n \u0111\u01b0\u1ee3c thi\u1ebft k\u1ebf hai ch\u1ebf \u0111\u1ed9 n\u01b0\u1edbc, ch\u1ea3y theo d\u00f2ng v\u00e0 phun m\u01b0a c\u00f3 n\u00fat \u0111i\u1ec1u ch\u1ec9nh ngay tr\u00ean \u0111\u1ea7u v\u00f2i. Ki\u1ec3u sen v\u00f2i d\u00e2y r\u00fat lu\u00f4n v\u00f4 c\u00f9ng sang tr\u1ecdng v\u00e0 kh\u00f4ng l\u1ed7i th\u1eddi.<\/span><\/p>\n<h2><span style=\"font-family: 'times new roman', times, serif; font-size: 80%; color: #008000;\"><strong>2. \u01afU \u0110I\u1ec2M \u2013 NH\u01af\u1ee2C \u0110I\u1ec2M C\u1ee6A V\u00d2I R\u1eecA CH\u00c9N R\u00daT D\u00c2Y<\/strong><\/span><\/h2>\n<p><span style=\"font-family: 'times new roman', times, serif; font-size: 130%; color: #008000;\">\u01afu \u0111i\u1ec3m:<\/span><\/p>\n<p><span style=\"font-family: 'times new roman', times, serif; font-size: 130%;\">Kh\u1ea3 n\u0103ng k\u00e9o d\u00e0i \u0111\u1ea7u v\u00f2i c\u00f3 th\u1ec3 k\u00e9o t\u1edbi m\u1ecdi ng\u00f3c ng\u00e1ch trong b\u1ed3n r\u1eeda ho\u1eb7c xa h\u01a1n. \u0110\u00e2y l\u00e0 \u01b0u \u0111i\u1ec3m khi\u1ebfn ng\u01b0\u1eddi n\u1ed9i tr\u1ee3 v\u00f4 c\u00f9ng \u01b0ng \u00fd. Th\u00e2n v\u00f2i xoay 360 \u0111\u1ed9 gi\u00fap b\u1ea1n ti\u1ec7n l\u1ee3i h\u01a1n trong vi\u1ec7c r\u1eeda th\u1ef1c ph\u1ea9m t\u0103ng di\u1ec7n t\u00edch kh\u00f4ng gian b\u1ed3n r\u1eeda n\u1ebfu c\u1ea7n. Th\u00e2n v\u00f2i xoay gi\u00fap t\u0103ng di\u1ec7n t\u00edch b\u1ed3n r\u1eeda. \u0110\u1ea7u v\u00f2i c\u00f3 hai ch\u1ebf \u0111\u1ed9 n\u01b0\u1edbc, gi\u00fap b\u1ea1n t\u00f9y \u00fd ch\u1ec9nh v\u1eeba ti\u1ec7n v\u1eeba ti\u1ebft ki\u1ec7m n\u01b0\u1edbc. Ki\u1ec3u d\u00e1ng sang tr\u1ecdng kh\u00f4ng l\u1ed7i th\u1eddi.<\/span><\/p>\n<p><span style=\"font-family: 'times new roman', times, serif; font-size: 130%; color: #008000;\">Nh\u01b0\u1ee3c \u0111i\u1ec3m:<\/span><\/p>\n<p><span style=\"font-family: 'times new roman', times, serif; font-size: 130%;\">D\u00e2y k\u00e9o c\u1ee7a v\u00f2i r\u1eeda kh\u00e1 d\u00e0i vi\u1ec7c k\u00e9o ra k\u00e9o v\u00e0 nhi\u1ec1u s\u1ebd l\u00e0m gi\u1ea3m \u0111\u1ed9 \u0111\u00e0n h\u1ed3i c\u1ee7a d\u00e2y k\u00e9o. Khi s\u1eed d\u1ee5ng tr\u00e1nh k\u00e9o v\u00f2i ra qu\u00e1 d\u00e0i v\u00e0 th\u1ea3 \u0111\u1ed9t ng\u1ed9t s\u1ebd l\u00e0m h\u01b0 h\u1ea1i gi\u1ea3m tu\u1ed5i th\u1ecd c\u1ee7a v\u00f2i<\/span><\/p>\n<p><span style=\"font-family: 'times new roman', times, serif; font-size: 130%;\">T\u1ea1i tp. H\u1ed3 Ch\u00ed Minh so v\u1edbi nh\u1eefng v\u00f2i r\u1eeda kh\u00e1c th\u00ec v\u00f2i r\u1eeda ch\u00e9n r\u00fat d\u00e2y n\u00f3ng l\u1ea1nh c\u00f3 gi\u00e1 th\u00e0nh kh\u00e1 cao. B\u1ea1n n\u00ean x\u00e1c \u0111\u1ecbnh nhu c\u1ea7u s\u1eed d\u1ee5ng v\u00e0 \u0111i\u1ec1u ki\u1ec7n kinh t\u1ebf \u0111\u1ec3 l\u1ef1a ch\u1ecdn<\/span><\/p>\n<h2><span style=\"font-family: 'times new roman', times, serif; font-size: 80%; color: #008000;\"><strong>3. H\u01af\u1edaNG D\u1eaaN L\u1eaeP \u0110\u1eb6T V\u00d2I R\u1eecA CH\u00c9N R\u00daT D\u00c2Y<\/strong><\/span><\/h2>\n<p><span style=\"font-family: 'times new roman', times, serif; font-size: 130%;\">B\u01b0\u1edbc 1: L\u1eafp \u0111\u1ec7m cao su v\u00e0o v\u1ecb tr\u00ed l\u1ed7 v\u00f2i<\/span><\/p>\n<p><span style=\"font-family: 'times new roman', times, serif; font-size: 130%;\">B\u01b0\u1edbc 2: \u0110\u1eb7t v\u00f2i v\u00e0o l\u1ed7<\/span><\/p>\n<p><span style=\"font-family: 'times new roman', times, serif; font-size: 130%;\">B\u01b0\u1edbc 3: C\u1ed1 \u0111\u1ecbnh v\u00f2i b\u1eb1ng ph\u1ee5 ki\u1ec7n \u0111i k\u00e8m<\/span><\/p>\n<p><span style=\"font-family: 'times new roman', times, serif; font-size: 130%;\">B\u01b0\u1edbc 4: X\u00e1c \u0111\u1ecbnh kh\u00f3a li\u00ean k\u1ebft n\u01b0\u1edbc<\/span><\/p>\n<p><span style=\"font-family: 'times new roman', times, serif; font-size: 130%;\">B\u01b0\u1edbc 5: K\u1ebft n\u1ed1i \u1ed1ng n\u01b0\u1edbc d\u00e0i nh\u1ea5t v\u00e0o kh\u00f3a li\u00ean k\u1ebft<\/span><\/p>\n<p><span style=\"font-family: 'times new roman', times, serif; font-size: 130%;\">B\u01b0\u1edbc 6: K\u1ebft n\u1ed1i 2 d\u00e2y d\u1eabn n\u01b0\u1edbc v\u00e0o 2 l\u1ed7 d\u1eabn n\u01b0\u1edbc<\/span><\/p>\n<p><span style=\"font-family: 'times new roman', times, serif; font-size: 130%;\">B\u01b0\u1edbc 7: L\u1eafp c\u1ee5c t\u1ea1 k\u00e9o v\u00e0 \u1ed1ng n\u01b0\u1edbc d\u00e0i nh\u1ea5t<\/span><\/p>\n<p><span style=\"font-family: 'times new roman', times, serif; font-size: 130%;\">B\u01b0\u1edbc 8: \u0110i\u1ec1u ch\u1ec9nh t\u1ea1 v\u1ec1 b\u00ean d\u00e2y k\u00e9o r\u00fat<\/span><\/p>\n<p><span style=\"font-family: 'times new roman', times, serif; font-size: 130%;\">B\u01b0\u1edbc 9: H\u00f2a th\u00e0nh, l\u1eafp 2 \u1ed1ng d\u1eabn n\u01b0\u1edbc n\u00f3ng l\u1ea1nh v\u00e0o ngu\u1ed3n c\u1ea5p n\u01b0\u1edbc<\/span><\/p>\n<p><span style=\"font-family: 'times new roman', times, serif; font-size: 130%;\">Vi\u1ec7c l\u1eafp v\u00f2i r\u1eeda ch\u00e9n r\u00fat d\u00e2y kh\u00f4ng h\u1ec1 kh\u00f3, nh\u01b0ng tr\u01b0\u1edbc h\u1ebft b\u1ea1n n\u00ean t\u00ecm hi\u1ec3u v\u1ec1 c\u1ea5u t\u1ea1o v\u00e0 c\u00e1ch l\u1eafp \u0111\u1eb7t tr\u00ean youtube\u2026<\/span><\/p>\n<p style=\"text-align: center;\"><iframe loading=\"lazy\" src=\"https:\/\/www.youtube.com\/embed\/fhVetHS7DMY\" width=\"560\" height=\"314\" allowfullscreen=\"allowfullscreen\" data-mce-fragment=\"1\"><\/iframe><br \/>\n<span style=\"font-size: 100%; color: #008080;\"><em>D\u1ec5 d\u00e0ng v\u1ec7 sinh ch\u1eadu ti\u1ebft ki\u1ec7m n\u01b0\u1edbc v\u00e0 th\u1eddi gian cho gia \u0111\u00ecnh<\/em><\/span><\/p>\n","protected":false},"excerpt":{"rendered":"<p><span style=\"font-family: 'times new roman', times, serif; font-size: 130%;\"><strong><span style=\"font-size: 140%; color: #993300;\">\u2666 <\/span><\/strong>B\u1ea3o h\u00e0nh 1 n\u0103m<\/span><\/p>\n<p><span style=\"font-family: 'times new roman', times, serif; font-size: 130%;\"><strong><span style=\"font-size: 140%; color: #993300;\">\u2666 <\/span><\/strong>Thu\u1ed9c t\u00ednh Inox 304 SUS<\/span><\/p>\n<p><span style=\"font-family: 'times new roman', times, serif; font-size: 130%;\"><strong><span style=\"font-size: 140%; color: #993300;\">\u2666 <\/span><\/strong>Xu\u1ea5t s\u1ee9: Trung Qu\u1ed1c<\/span><\/p>\n<p><span style=\"font-family: 'times new roman', times, serif; font-size: 130%;\"><strong><span style=\"font-size: 140%; color: #993300;\">\u2666 <\/span><\/strong>K\u00edch th\u01b0\u1edbc:\u00a0 420mm<\/span><\/p>\n<p><span style=\"font-family: 'times new roman', times, serif; font-size: 130%;\"><strong><span style=\"font-size: 140%; color: #993300;\">\u2666 <\/span><\/strong>\u0110\u01a1n gi\u00e1: <strong><span style=\"color: #008000;\">900.000\u0111\/b\u1ed9<\/span><\/strong><\/span><\/p>\n<p><span style=\"font-family: 'times new roman', times, serif; font-size: 130%;\"><strong><span style=\"font-size: 140%; color: #993300;\">\u2666 <\/span><\/strong>Mi\u1ec5n ph\u00ed v\u1eadn chuy\u1ec3n t\u1eeb 2 \u0111\u01a1n v\u1ecb tr\u1edf l\u00ean v\u00e0 trong Tp Hu\u1ebf. Ngo\u00e0i ra Tr\u1ea7n Th\u1ecb c\u00f3 Ship h\u00e0ng \u0111\u1ebfn c\u00e1c huy\u1ec7n l\u00e2n c\u1eadn ph\u00ed v\u1eadn chuy\u1ec3n s\u1ebd \u0111\u01b0\u1ee3c t\u00ednh t\u00f9y thu\u1ed9c v\u00e0o xa hay g\u1ea7n<\/span><\/p>\n","protected":false},"featured_media":4916,"comment_status":"closed","ping_status":"closed","template":"","meta":[],"product_cat":[186,248],"product_tag":[905],"class_list":{"0":"post-4911","1":"product","2":"type-product","3":"status-publish","4":"has-post-thumbnail","6":"product_cat-sen-voi","7":"product_cat-sen-voi-nong-lanh","8":"product_tag-voi-rua-nong-lanh-inox-304-sus-day-rut-cao-cap-hue","10":"first","11":"instock","12":"sale","13":"shipping-taxable","14":"purchasable","15":"product-type-simple"},"yoast_head":"<!-- This site is optimized with the Yoast SEO Premium plugin v22.3 (Yoast SEO v22.4) - https:\/\/yoast.com\/wordpress\/plugins\/seo\/ -->\n<title>V\u00f2i r\u1eeda ch\u00e9n n\u00f3ng l\u1ea1nh r\u00fat d\u00e2y t\u1ea1i tp h\u1ed3 ch\u00ed minh- 0947.335.871<\/title>\n<meta name=\"description\" content=\"Tr\u1ea7n Th\u1ecb chuy\u00ean cung c\u1ea5p thi\u1ebft b\u1ecb nh\u00e0 b\u1ebfp c\u00e1c m\u1eabu v\u00f2i r\u1eeda ch\u00e9n b\u00e1t n\u00f3ng l\u1ea1nh inox 304 cao c\u1ea5p v\u1edbi \u0111a d\u1ea1ng m\u1eabu m\u00e3 m\u00e0 gi\u00e1 c\u1ea3 h\u1ee3p l\u00fd t\u1ea1i tp H\u1ed3 Ch\u00ed Minh\" \/>\n<meta name=\"robots\" content=\"index, follow, max-snippet:-1, max-image-preview:large, max-video-preview:-1\" \/>\n<link rel=\"canonical\" href=\"https:\/\/tranthi.vn\/hochiminh\/voi-rua-nong-lanh-day-rut-ho-chi-minh-sai-gon\/\" \/>\n<meta property=\"og:locale\" content=\"vi_VN\" \/>\n<meta property=\"og:type\" content=\"article\" \/>\n<meta property=\"og:title\" content=\"V\u00f2i R\u1eeda NL D\u00e2y R\u00fat\" \/>\n<meta property=\"og:description\" content=\"Tr\u1ea7n Th\u1ecb chuy\u00ean cung c\u1ea5p thi\u1ebft b\u1ecb nh\u00e0 b\u1ebfp c\u00e1c m\u1eabu v\u00f2i r\u1eeda ch\u00e9n b\u00e1t n\u00f3ng l\u1ea1nh inox 304 cao c\u1ea5p v\u1edbi \u0111a d\u1ea1ng m\u1eabu m\u00e3 m\u00e0 gi\u00e1 c\u1ea3 h\u1ee3p l\u00fd t\u1ea1i tp H\u1ed3 Ch\u00ed Minh\" \/>\n<meta property=\"og:url\" content=\"https:\/\/tranthi.vn\/hochiminh\/voi-rua-nong-lanh-day-rut-ho-chi-minh-sai-gon\/\" \/>\n<meta property=\"og:site_name\" content=\"V\u1eadt Li\u1ec7u X\u00e2y D\u1ef1ng Tr\u1ea7n Th\u1ecb Chi Nh\u00e1nh H\u1ed3 Ch\u00ed Minh\" \/>\n<meta property=\"article:modified_time\" content=\"2024-07-18T06:58:30+00:00\" \/>\n<meta property=\"og:image\" content=\"https:\/\/tranthi.vn\/hochiminh\/wp-content\/uploads\/2022\/05\/Voi-rua-nong-lanh-inox-304-sus-day-rut-cao-cap-Hue.jpg\" \/>\n\t<meta property=\"og:image:width\" content=\"250\" \/>\n\t<meta property=\"og:image:height\" content=\"250\" \/>\n\t<meta property=\"og:image:type\" content=\"image\/jpeg\" \/>\n<meta name=\"twitter:card\" content=\"summary_large_image\" \/>\n<meta name=\"twitter:label1\" content=\"Gi\u00e1\" \/>\n\t<meta name=\"twitter:data1\" content=\"900,000&nbsp;&#8363;\" \/>\n\t<meta name=\"twitter:label2\" content=\"Kh\u1ea3 d\u1ee5ng\" \/>\n\t<meta name=\"twitter:data2\" content=\"Trong kho\" \/>\n<script type=\"application\/ld+json\" class=\"yoast-schema-graph\">{\"@context\":\"https:\/\/schema.org\",\"@graph\":[{\"@type\":[\"WebPage\",\"ItemPage\"],\"@id\":\"https:\/\/tranthi.vn\/hochiminh\/voi-rua-nong-lanh-day-rut-ho-chi-minh-sai-gon\/\",\"url\":\"https:\/\/tranthi.vn\/hochiminh\/voi-rua-nong-lanh-day-rut-ho-chi-minh-sai-gon\/\",\"name\":\"V\u00f2i r\u1eeda ch\u00e9n n\u00f3ng l\u1ea1nh r\u00fat d\u00e2y t\u1ea1i tp h\u1ed3 ch\u00ed minh- 0947.335.871\",\"isPartOf\":{\"@id\":\"https:\/\/tranthi.vn\/hochiminh\/#website\"},\"primaryImageOfPage\":{\"@id\":\"https:\/\/tranthi.vn\/hochiminh\/voi-rua-nong-lanh-day-rut-ho-chi-minh-sai-gon\/#primaryimage\"},\"image\":{\"@id\":\"https:\/\/tranthi.vn\/hochiminh\/voi-rua-nong-lanh-day-rut-ho-chi-minh-sai-gon\/#primaryimage\"},\"thumbnailUrl\":\"https:\/\/tranthi.vn\/hochiminh\/wp-content\/uploads\/2022\/05\/Voi-rua-nong-lanh-inox-304-sus-day-rut-cao-cap-Hue.jpg\",\"datePublished\":\"2022-05-10T01:31:49+00:00\",\"dateModified\":\"2024-07-18T06:58:30+00:00\",\"description\":\"Tr\u1ea7n Th\u1ecb chuy\u00ean cung c\u1ea5p thi\u1ebft b\u1ecb nh\u00e0 b\u1ebfp c\u00e1c m\u1eabu v\u00f2i r\u1eeda ch\u00e9n b\u00e1t n\u00f3ng l\u1ea1nh inox 304 cao c\u1ea5p v\u1edbi \u0111a d\u1ea1ng m\u1eabu m\u00e3 m\u00e0 gi\u00e1 c\u1ea3 h\u1ee3p l\u00fd t\u1ea1i tp H\u1ed3 Ch\u00ed Minh\",\"breadcrumb\":{\"@id\":\"https:\/\/tranthi.vn\/hochiminh\/voi-rua-nong-lanh-day-rut-ho-chi-minh-sai-gon\/#breadcrumb\"},\"inLanguage\":\"vi\",\"potentialAction\":[{\"@type\":\"ReadAction\",\"target\":[\"https:\/\/tranthi.vn\/hochiminh\/voi-rua-nong-lanh-day-rut-ho-chi-minh-sai-gon\/\"]}]},{\"@type\":\"ImageObject\",\"inLanguage\":\"vi\",\"@id\":\"https:\/\/tranthi.vn\/hochiminh\/voi-rua-nong-lanh-day-rut-ho-chi-minh-sai-gon\/#primaryimage\",\"url\":\"https:\/\/tranthi.vn\/hochiminh\/wp-content\/uploads\/2022\/05\/Voi-rua-nong-lanh-inox-304-sus-day-rut-cao-cap-Hue.jpg\",\"contentUrl\":\"https:\/\/tranthi.vn\/hochiminh\/wp-content\/uploads\/2022\/05\/Voi-rua-nong-lanh-inox-304-sus-day-rut-cao-cap-Hue.jpg\",\"width\":250,\"height\":250,\"caption\":\"V\u00f2i r\u1eeda n\u00f3ng l\u1ea1nh inox 304 sus d\u00e2y r\u00fat cao c\u1ea5p Hu\u1ebf\"},{\"@type\":\"BreadcrumbList\",\"@id\":\"https:\/\/tranthi.vn\/hochiminh\/voi-rua-nong-lanh-day-rut-ho-chi-minh-sai-gon\/#breadcrumb\",\"itemListElement\":[{\"@type\":\"ListItem\",\"position\":1,\"name\":\"Trang ch\u1ee7\",\"item\":\"https:\/\/tranthi.vn\/hochiminh\/\"},{\"@type\":\"ListItem\",\"position\":2,\"name\":\"Shop\",\"item\":\"https:\/\/tranthi.vn\/hochiminh\/shop\/\"},{\"@type\":\"ListItem\",\"position\":3,\"name\":\"V\u00f2i R\u1eeda NL D\u00e2y R\u00fat\"}]},{\"@type\":\"WebSite\",\"@id\":\"https:\/\/tranthi.vn\/hochiminh\/#website\",\"url\":\"https:\/\/tranthi.vn\/hochiminh\/\",\"name\":\"V\u1eadt Li\u1ec7u X\u00e2y D\u1ef1ng Tr\u1ea7n Th\u1ecb Chi Nh\u00e1nh H\u1ed3 Ch\u00ed Minh\",\"description\":\"V\u1eadt Li\u1ec7u X\u00e2y D\u1ef1ng - H\u1ed3 Ch\u00ed Minh\",\"potentialAction\":[{\"@type\":\"SearchAction\",\"target\":{\"@type\":\"EntryPoint\",\"urlTemplate\":\"https:\/\/tranthi.vn\/hochiminh\/?s={search_term_string}\"},\"query-input\":\"required name=search_term_string\"}],\"inLanguage\":\"vi\"},{\"@type\":\"ImageObject\",\"inLanguage\":\"vi\",\"@id\":\"https:\/\/tranthi.vn\/hochiminh\/voi-rua-nong-lanh-day-rut-ho-chi-minh-sai-gon\/#local-main-organization-logo\",\"url\":\"\",\"contentUrl\":\"\",\"caption\":\"V\u1eadt Li\u1ec7u X\u00e2y D\u1ef1ng Tr\u1ea7n Th\u1ecb Chi Nh\u00e1nh H\u1ed3 Ch\u00ed Minh\"}]}<\/script>\n<meta property=\"product:price:amount\" content=\"900000\" \/>\n<meta property=\"product:price:currency\" content=\"VND\" \/>\n<meta property=\"og:availability\" content=\"instock\" \/>\n<meta property=\"product:availability\" content=\"instock\" \/>\n<meta property=\"product:condition\" content=\"new\" \/>\n<!-- \/ Yoast SEO Premium plugin. -->","yoast_head_json":{"title":"V\u00f2i r\u1eeda ch\u00e9n n\u00f3ng l\u1ea1nh r\u00fat d\u00e2y t\u1ea1i tp h\u1ed3 ch\u00ed minh- 0947.335.871","description":"Tr\u1ea7n Th\u1ecb chuy\u00ean cung c\u1ea5p thi\u1ebft b\u1ecb nh\u00e0 b\u1ebfp c\u00e1c m\u1eabu v\u00f2i r\u1eeda ch\u00e9n b\u00e1t n\u00f3ng l\u1ea1nh inox 304 cao c\u1ea5p v\u1edbi \u0111a d\u1ea1ng m\u1eabu m\u00e3 m\u00e0 gi\u00e1 c\u1ea3 h\u1ee3p l\u00fd t\u1ea1i tp H\u1ed3 Ch\u00ed Minh","robots":{"index":"index","follow":"follow","max-snippet":"max-snippet:-1","max-image-preview":"max-image-preview:large","max-video-preview":"max-video-preview:-1"},"canonical":"https:\/\/tranthi.vn\/hochiminh\/voi-rua-nong-lanh-day-rut-ho-chi-minh-sai-gon\/","og_locale":"vi_VN","og_type":"article","og_title":"V\u00f2i R\u1eeda NL D\u00e2y R\u00fat","og_description":"Tr\u1ea7n Th\u1ecb chuy\u00ean cung c\u1ea5p thi\u1ebft b\u1ecb nh\u00e0 b\u1ebfp c\u00e1c m\u1eabu v\u00f2i r\u1eeda ch\u00e9n b\u00e1t n\u00f3ng l\u1ea1nh inox 304 cao c\u1ea5p v\u1edbi \u0111a d\u1ea1ng m\u1eabu m\u00e3 m\u00e0 gi\u00e1 c\u1ea3 h\u1ee3p l\u00fd t\u1ea1i tp H\u1ed3 Ch\u00ed Minh","og_url":"https:\/\/tranthi.vn\/hochiminh\/voi-rua-nong-lanh-day-rut-ho-chi-minh-sai-gon\/","og_site_name":"V\u1eadt Li\u1ec7u X\u00e2y D\u1ef1ng Tr\u1ea7n Th\u1ecb Chi Nh\u00e1nh H\u1ed3 Ch\u00ed Minh","article_modified_time":"2024-07-18T06:58:30+00:00","og_image":[{"width":250,"height":250,"url":"https:\/\/tranthi.vn\/hochiminh\/wp-content\/uploads\/2022\/05\/Voi-rua-nong-lanh-inox-304-sus-day-rut-cao-cap-Hue.jpg","type":"image\/jpeg"}],"twitter_card":"summary_large_image","twitter_misc":{"Gi\u00e1":"900,000&nbsp;&#8363;","Kh\u1ea3 d\u1ee5ng":"Trong kho"},"schema":{"@context":"https:\/\/schema.org","@graph":[{"@type":["WebPage","ItemPage"],"@id":"https:\/\/tranthi.vn\/hochiminh\/voi-rua-nong-lanh-day-rut-ho-chi-minh-sai-gon\/","url":"https:\/\/tranthi.vn\/hochiminh\/voi-rua-nong-lanh-day-rut-ho-chi-minh-sai-gon\/","name":"V\u00f2i r\u1eeda ch\u00e9n n\u00f3ng l\u1ea1nh r\u00fat d\u00e2y t\u1ea1i tp h\u1ed3 ch\u00ed minh- 0947.335.871","isPartOf":{"@id":"https:\/\/tranthi.vn\/hochiminh\/#website"},"primaryImageOfPage":{"@id":"https:\/\/tranthi.vn\/hochiminh\/voi-rua-nong-lanh-day-rut-ho-chi-minh-sai-gon\/#primaryimage"},"image":{"@id":"https:\/\/tranthi.vn\/hochiminh\/voi-rua-nong-lanh-day-rut-ho-chi-minh-sai-gon\/#primaryimage"},"thumbnailUrl":"https:\/\/tranthi.vn\/hochiminh\/wp-content\/uploads\/2022\/05\/Voi-rua-nong-lanh-inox-304-sus-day-rut-cao-cap-Hue.jpg","datePublished":"2022-05-10T01:31:49+00:00","dateModified":"2024-07-18T06:58:30+00:00","description":"Tr\u1ea7n Th\u1ecb chuy\u00ean cung c\u1ea5p thi\u1ebft b\u1ecb nh\u00e0 b\u1ebfp c\u00e1c m\u1eabu v\u00f2i r\u1eeda ch\u00e9n b\u00e1t n\u00f3ng l\u1ea1nh inox 304 cao c\u1ea5p v\u1edbi \u0111a d\u1ea1ng m\u1eabu m\u00e3 m\u00e0 gi\u00e1 c\u1ea3 h\u1ee3p l\u00fd t\u1ea1i tp H\u1ed3 Ch\u00ed Minh","breadcrumb":{"@id":"https:\/\/tranthi.vn\/hochiminh\/voi-rua-nong-lanh-day-rut-ho-chi-minh-sai-gon\/#breadcrumb"},"inLanguage":"vi","potentialAction":[{"@type":"ReadAction","target":["https:\/\/tranthi.vn\/hochiminh\/voi-rua-nong-lanh-day-rut-ho-chi-minh-sai-gon\/"]}]},{"@type":"ImageObject","inLanguage":"vi","@id":"https:\/\/tranthi.vn\/hochiminh\/voi-rua-nong-lanh-day-rut-ho-chi-minh-sai-gon\/#primaryimage","url":"https:\/\/tranthi.vn\/hochiminh\/wp-content\/uploads\/2022\/05\/Voi-rua-nong-lanh-inox-304-sus-day-rut-cao-cap-Hue.jpg","contentUrl":"https:\/\/tranthi.vn\/hochiminh\/wp-content\/uploads\/2022\/05\/Voi-rua-nong-lanh-inox-304-sus-day-rut-cao-cap-Hue.jpg","width":250,"height":250,"caption":"V\u00f2i r\u1eeda n\u00f3ng l\u1ea1nh inox 304 sus d\u00e2y r\u00fat cao c\u1ea5p Hu\u1ebf"},{"@type":"BreadcrumbList","@id":"https:\/\/tranthi.vn\/hochiminh\/voi-rua-nong-lanh-day-rut-ho-chi-minh-sai-gon\/#breadcrumb","itemListElement":[{"@type":"ListItem","position":1,"name":"Trang ch\u1ee7","item":"https:\/\/tranthi.vn\/hochiminh\/"},{"@type":"ListItem","position":2,"name":"Shop","item":"https:\/\/tranthi.vn\/hochiminh\/shop\/"},{"@type":"ListItem","position":3,"name":"V\u00f2i R\u1eeda NL D\u00e2y R\u00fat"}]},{"@type":"WebSite","@id":"https:\/\/tranthi.vn\/hochiminh\/#website","url":"https:\/\/tranthi.vn\/hochiminh\/","name":"V\u1eadt Li\u1ec7u X\u00e2y D\u1ef1ng Tr\u1ea7n Th\u1ecb Chi Nh\u00e1nh H\u1ed3 Ch\u00ed Minh","description":"V\u1eadt Li\u1ec7u X\u00e2y D\u1ef1ng - H\u1ed3 Ch\u00ed Minh","potentialAction":[{"@type":"SearchAction","target":{"@type":"EntryPoint","urlTemplate":"https:\/\/tranthi.vn\/hochiminh\/?s={search_term_string}"},"query-input":"required name=search_term_string"}],"inLanguage":"vi"},{"@type":"ImageObject","inLanguage":"vi","@id":"https:\/\/tranthi.vn\/hochiminh\/voi-rua-nong-lanh-day-rut-ho-chi-minh-sai-gon\/#local-main-organization-logo","url":"","contentUrl":"","caption":"V\u1eadt Li\u1ec7u X\u00e2y D\u1ef1ng Tr\u1ea7n Th\u1ecb Chi Nh\u00e1nh H\u1ed3 Ch\u00ed Minh"}]},"product_price_amount":"900000","product_price_currency":"VND","og_availability":"instock","product_availability":"instock","product_condition":"new"},"_links":{"self":[{"href":"https:\/\/tranthi.vn\/hochiminh\/wp-json\/wp\/v2\/product\/4911","targetHints":{"allow":["GET"]}}],"collection":[{"href":"https:\/\/tranthi.vn\/hochiminh\/wp-json\/wp\/v2\/product"}],"about":[{"href":"https:\/\/tranthi.vn\/hochiminh\/wp-json\/wp\/v2\/types\/product"}],"replies":[{"embeddable":true,"href":"https:\/\/tranthi.vn\/hochiminh\/wp-json\/wp\/v2\/comments?post=4911"}],"wp:featuredmedia":[{"embeddable":true,"href":"https:\/\/tranthi.vn\/hochiminh\/wp-json\/wp\/v2\/media\/4916"}],"wp:attachment":[{"href":"https:\/\/tranthi.vn\/hochiminh\/wp-json\/wp\/v2\/media?parent=4911"}],"wp:term":[{"taxonomy":"product_cat","embeddable":true,"href":"https:\/\/tranthi.vn\/hochiminh\/wp-json\/wp\/v2\/product_cat?post=4911"},{"taxonomy":"product_tag","embeddable":true,"href":"https:\/\/tranthi.vn\/hochiminh\/wp-json\/wp\/v2\/product_tag?post=4911"}],"curies":[{"name":"wp","href":"https:\/\/api.w.org\/{rel}","templated":true}]}}