{"id":3543,"date":"2021-07-23T10:50:35","date_gmt":"2021-07-23T03:50:35","guid":{"rendered":"https:\/\/tranthi.vn\/?post_type=product&#038;p=3543"},"modified":"2022-05-06T10:25:20","modified_gmt":"2022-05-06T03:25:20","slug":"lavabo-de-ban-230hb","status":"publish","type":"product","link":"https:\/\/tranthi.vn\/hochiminh\/lavabo-de-ban-230hb\/","title":{"rendered":"Lavabo \u0110\u1ec3 B\u00e0n 230hb"},"content":{"rendered":"","protected":false},"excerpt":{"rendered":"<p><span style=\"font-family: 'times new roman', times, serif; font-size: 130%;\"><span style=\"font-size: 140%; color: #ff6600;\">\u2666<\/span>\u00a0Gi\u00e1 ch\u01b0a bao g\u1ed3m ph\u1ee5 ki\u1ec7n<\/span><\/p>\n<p><span style=\"font-family: 'times new roman', times, serif; font-size: 130%;\"><span style=\"font-size: 140%; color: #ff6600;\">\u2666<\/span>\u00a0B\u1ea3o h\u00e0nh 5 n\u0103m ch\u1ea5t men<\/span><\/p>\n<p><span style=\"font-family: 'times new roman', times, serif; font-size: 130%;\"><span style=\"font-size: 140%; color: #ff6600;\">\u2666<\/span>\u00a0\u0110\u01a1n gi\u00e1:<span style=\"color: #008000;\"><strong> 900.000\u0111\/ c\u00e1i<\/strong><\/span><\/span><\/p>\n<p><span style=\"font-family: 'times new roman', times, serif; font-size: 130%;\"><span style=\"font-size: 140%; color: #ff6600;\">\u2666 <\/span>K\u00edch th\u01b0\u1edbc : 60.5 cm x 35 cm x 11 cm<\/span><\/p>\n<p><span style=\"font-family: 'times new roman', times, serif; font-size: 130%;\"><span style=\"font-size: 140%; color: #ff6600;\">\u2666<\/span>\u00a0Hai c\u00e1i tr\u1edf l\u00ean mi\u1ec5n ph\u00ed Ship trong Tp Hu\u1ebf<\/span><\/p>\n<p><span style=\"font-family: 'times new roman', times, serif; font-size: 130%;\"><span style=\"font-size: 140%; color: #ff6600;\">\u2666<\/span>\u00a0Giao h\u00e0ng \u1edf c\u00e1c huy\u1ec7n kh\u00e1c ph\u00ed Ship t\u00f9y thu\u1ed9c v\u00e0o xa hay g\u1ea7n<\/span><\/p>\n","protected":false},"featured_media":4041,"comment_status":"closed","ping_status":"closed","template":"","meta":[],"product_cat":[184,274],"product_tag":[380],"class_list":{"0":"post-3543","1":"product","2":"type-product","3":"status-publish","4":"has-post-thumbnail","6":"product_cat-lavabo-gia-re-tai-da-nang","7":"product_cat-lavabo-trang-su-de-ban","8":"product_tag-mau-lavabo-de-ban-trang-su-vien-den-hue","10":"first","11":"instock","12":"sale","13":"shipping-taxable","14":"purchasable","15":"product-type-simple"},"yoast_head":"<!-- This site is optimized with the Yoast SEO Premium plugin v22.3 (Yoast SEO v22.4) - https:\/\/yoast.com\/wordpress\/plugins\/seo\/ -->\n<title>Gi\u00e1 Lavabo \u0110\u1ec3 B\u00e0n 230hb b\u00e1n t\u1ea1i Hu\u1ebf - 0903 595 049<\/title>\n<meta name=\"description\" content=\"Lavabo \u0110\u1ec3 B\u00e0n 230hb hu\u1ebf v\u1edbi thi\u1ebft k\u1ebf ch\u1ea1y vi\u1ec1n \u0111en b\u00f3ng n\u00e2ng l\u00ean s\u1ef1 sang tr\u1ecdng cho c\u0103n ph\u00f2ng nh\u00e0 v\u1ec7 sinh b\u1ea1n\" \/>\n<meta name=\"robots\" content=\"index, follow, max-snippet:-1, max-image-preview:large, max-video-preview:-1\" \/>\n<link rel=\"canonical\" href=\"https:\/\/tranthi.vn\/hochiminh\/lavabo-de-ban-230hb\/\" \/>\n<meta property=\"og:locale\" content=\"vi_VN\" \/>\n<meta property=\"og:type\" content=\"article\" \/>\n<meta property=\"og:title\" content=\"Lavabo \u0110\u1ec3 B\u00e0n 230hb\" \/>\n<meta property=\"og:description\" content=\"Lavabo \u0110\u1ec3 B\u00e0n 230hb hu\u1ebf v\u1edbi thi\u1ebft k\u1ebf ch\u1ea1y vi\u1ec1n \u0111en b\u00f3ng n\u00e2ng l\u00ean s\u1ef1 sang tr\u1ecdng cho c\u0103n ph\u00f2ng nh\u00e0 v\u1ec7 sinh b\u1ea1n\" \/>\n<meta property=\"og:url\" content=\"https:\/\/tranthi.vn\/hochiminh\/lavabo-de-ban-230hb\/\" \/>\n<meta property=\"og:site_name\" content=\"V\u1eadt Li\u1ec7u X\u00e2y D\u1ef1ng Tr\u1ea7n Th\u1ecb Chi Nh\u00e1nh H\u1ed3 Ch\u00ed Minh\" \/>\n<meta property=\"article:modified_time\" content=\"2022-05-06T03:25:20+00:00\" \/>\n<meta property=\"og:image\" content=\"https:\/\/tranthi.vn\/hochiminh\/wp-content\/uploads\/2021\/07\/Mau-Lavabo-de-ban-trang-su-vien-den-Hue.jpg\" \/>\n\t<meta property=\"og:image:width\" content=\"500\" \/>\n\t<meta property=\"og:image:height\" content=\"400\" \/>\n\t<meta property=\"og:image:type\" content=\"image\/jpeg\" \/>\n<meta name=\"twitter:card\" content=\"summary_large_image\" \/>\n<meta name=\"twitter:label1\" content=\"Gi\u00e1\" \/>\n\t<meta name=\"twitter:data1\" content=\"900,000&nbsp;&#8363;\" \/>\n\t<meta name=\"twitter:label2\" content=\"Kh\u1ea3 d\u1ee5ng\" \/>\n\t<meta name=\"twitter:data2\" content=\"Trong kho\" \/>\n<script type=\"application\/ld+json\" class=\"yoast-schema-graph\">{\"@context\":\"https:\/\/schema.org\",\"@graph\":[{\"@type\":[\"WebPage\",\"ItemPage\"],\"@id\":\"https:\/\/tranthi.vn\/hochiminh\/lavabo-de-ban-230hb\/\",\"url\":\"https:\/\/tranthi.vn\/hochiminh\/lavabo-de-ban-230hb\/\",\"name\":\"Gi\u00e1 Lavabo \u0110\u1ec3 B\u00e0n 230hb b\u00e1n t\u1ea1i Hu\u1ebf - 0903 595 049\",\"isPartOf\":{\"@id\":\"https:\/\/tranthi.vn\/hochiminh\/#website\"},\"primaryImageOfPage\":{\"@id\":\"https:\/\/tranthi.vn\/hochiminh\/lavabo-de-ban-230hb\/#primaryimage\"},\"image\":{\"@id\":\"https:\/\/tranthi.vn\/hochiminh\/lavabo-de-ban-230hb\/#primaryimage\"},\"thumbnailUrl\":\"https:\/\/tranthi.vn\/hochiminh\/wp-content\/uploads\/2021\/07\/Mau-Lavabo-de-ban-trang-su-vien-den-Hue.jpg\",\"datePublished\":\"2021-07-23T03:50:35+00:00\",\"dateModified\":\"2022-05-06T03:25:20+00:00\",\"description\":\"Lavabo \u0110\u1ec3 B\u00e0n 230hb hu\u1ebf v\u1edbi thi\u1ebft k\u1ebf ch\u1ea1y vi\u1ec1n \u0111en b\u00f3ng n\u00e2ng l\u00ean s\u1ef1 sang tr\u1ecdng cho c\u0103n ph\u00f2ng nh\u00e0 v\u1ec7 sinh b\u1ea1n\",\"breadcrumb\":{\"@id\":\"https:\/\/tranthi.vn\/hochiminh\/lavabo-de-ban-230hb\/#breadcrumb\"},\"inLanguage\":\"vi\",\"potentialAction\":[{\"@type\":\"ReadAction\",\"target\":[\"https:\/\/tranthi.vn\/hochiminh\/lavabo-de-ban-230hb\/\"]}]},{\"@type\":\"ImageObject\",\"inLanguage\":\"vi\",\"@id\":\"https:\/\/tranthi.vn\/hochiminh\/lavabo-de-ban-230hb\/#primaryimage\",\"url\":\"https:\/\/tranthi.vn\/hochiminh\/wp-content\/uploads\/2021\/07\/Mau-Lavabo-de-ban-trang-su-vien-den-Hue.jpg\",\"contentUrl\":\"https:\/\/tranthi.vn\/hochiminh\/wp-content\/uploads\/2021\/07\/Mau-Lavabo-de-ban-trang-su-vien-den-Hue.jpg\",\"width\":500,\"height\":400,\"caption\":\"Mau Lavabo de ban trang su vien den Hue\"},{\"@type\":\"BreadcrumbList\",\"@id\":\"https:\/\/tranthi.vn\/hochiminh\/lavabo-de-ban-230hb\/#breadcrumb\",\"itemListElement\":[{\"@type\":\"ListItem\",\"position\":1,\"name\":\"Trang ch\u1ee7\",\"item\":\"https:\/\/tranthi.vn\/hochiminh\/\"},{\"@type\":\"ListItem\",\"position\":2,\"name\":\"Shop\",\"item\":\"https:\/\/tranthi.vn\/hochiminh\/shop\/\"},{\"@type\":\"ListItem\",\"position\":3,\"name\":\"Lavabo \u0110\u1ec3 B\u00e0n 230hb\"}]},{\"@type\":\"WebSite\",\"@id\":\"https:\/\/tranthi.vn\/hochiminh\/#website\",\"url\":\"https:\/\/tranthi.vn\/hochiminh\/\",\"name\":\"V\u1eadt Li\u1ec7u X\u00e2y D\u1ef1ng Tr\u1ea7n Th\u1ecb Chi Nh\u00e1nh H\u1ed3 Ch\u00ed Minh\",\"description\":\"V\u1eadt Li\u1ec7u X\u00e2y D\u1ef1ng - H\u1ed3 Ch\u00ed Minh\",\"potentialAction\":[{\"@type\":\"SearchAction\",\"target\":{\"@type\":\"EntryPoint\",\"urlTemplate\":\"https:\/\/tranthi.vn\/hochiminh\/?s={search_term_string}\"},\"query-input\":\"required name=search_term_string\"}],\"inLanguage\":\"vi\"},{\"@type\":\"ImageObject\",\"inLanguage\":\"vi\",\"@id\":\"https:\/\/tranthi.vn\/hochiminh\/lavabo-de-ban-230hb\/#local-main-organization-logo\",\"url\":\"\",\"contentUrl\":\"\",\"caption\":\"V\u1eadt Li\u1ec7u X\u00e2y D\u1ef1ng Tr\u1ea7n Th\u1ecb Chi Nh\u00e1nh H\u1ed3 Ch\u00ed Minh\"}]}<\/script>\n<meta property=\"product:price:amount\" content=\"900000\" \/>\n<meta property=\"product:price:currency\" content=\"VND\" \/>\n<meta property=\"og:availability\" content=\"instock\" \/>\n<meta property=\"product:availability\" content=\"instock\" \/>\n<meta property=\"product:condition\" content=\"new\" \/>\n<!-- \/ Yoast SEO Premium plugin. -->","yoast_head_json":{"title":"Gi\u00e1 Lavabo \u0110\u1ec3 B\u00e0n 230hb b\u00e1n t\u1ea1i Hu\u1ebf - 0903 595 049","description":"Lavabo \u0110\u1ec3 B\u00e0n 230hb hu\u1ebf v\u1edbi thi\u1ebft k\u1ebf ch\u1ea1y vi\u1ec1n \u0111en b\u00f3ng n\u00e2ng l\u00ean s\u1ef1 sang tr\u1ecdng cho c\u0103n ph\u00f2ng nh\u00e0 v\u1ec7 sinh b\u1ea1n","robots":{"index":"index","follow":"follow","max-snippet":"max-snippet:-1","max-image-preview":"max-image-preview:large","max-video-preview":"max-video-preview:-1"},"canonical":"https:\/\/tranthi.vn\/hochiminh\/lavabo-de-ban-230hb\/","og_locale":"vi_VN","og_type":"article","og_title":"Lavabo \u0110\u1ec3 B\u00e0n 230hb","og_description":"Lavabo \u0110\u1ec3 B\u00e0n 230hb hu\u1ebf v\u1edbi thi\u1ebft k\u1ebf ch\u1ea1y vi\u1ec1n \u0111en b\u00f3ng n\u00e2ng l\u00ean s\u1ef1 sang tr\u1ecdng cho c\u0103n ph\u00f2ng nh\u00e0 v\u1ec7 sinh b\u1ea1n","og_url":"https:\/\/tranthi.vn\/hochiminh\/lavabo-de-ban-230hb\/","og_site_name":"V\u1eadt Li\u1ec7u X\u00e2y D\u1ef1ng Tr\u1ea7n Th\u1ecb Chi Nh\u00e1nh H\u1ed3 Ch\u00ed Minh","article_modified_time":"2022-05-06T03:25:20+00:00","og_image":[{"width":500,"height":400,"url":"https:\/\/tranthi.vn\/hochiminh\/wp-content\/uploads\/2021\/07\/Mau-Lavabo-de-ban-trang-su-vien-den-Hue.jpg","type":"image\/jpeg"}],"twitter_card":"summary_large_image","twitter_misc":{"Gi\u00e1":"900,000&nbsp;&#8363;","Kh\u1ea3 d\u1ee5ng":"Trong kho"},"schema":{"@context":"https:\/\/schema.org","@graph":[{"@type":["WebPage","ItemPage"],"@id":"https:\/\/tranthi.vn\/hochiminh\/lavabo-de-ban-230hb\/","url":"https:\/\/tranthi.vn\/hochiminh\/lavabo-de-ban-230hb\/","name":"Gi\u00e1 Lavabo \u0110\u1ec3 B\u00e0n 230hb b\u00e1n t\u1ea1i Hu\u1ebf - 0903 595 049","isPartOf":{"@id":"https:\/\/tranthi.vn\/hochiminh\/#website"},"primaryImageOfPage":{"@id":"https:\/\/tranthi.vn\/hochiminh\/lavabo-de-ban-230hb\/#primaryimage"},"image":{"@id":"https:\/\/tranthi.vn\/hochiminh\/lavabo-de-ban-230hb\/#primaryimage"},"thumbnailUrl":"https:\/\/tranthi.vn\/hochiminh\/wp-content\/uploads\/2021\/07\/Mau-Lavabo-de-ban-trang-su-vien-den-Hue.jpg","datePublished":"2021-07-23T03:50:35+00:00","dateModified":"2022-05-06T03:25:20+00:00","description":"Lavabo \u0110\u1ec3 B\u00e0n 230hb hu\u1ebf v\u1edbi thi\u1ebft k\u1ebf ch\u1ea1y vi\u1ec1n \u0111en b\u00f3ng n\u00e2ng l\u00ean s\u1ef1 sang tr\u1ecdng cho c\u0103n ph\u00f2ng nh\u00e0 v\u1ec7 sinh b\u1ea1n","breadcrumb":{"@id":"https:\/\/tranthi.vn\/hochiminh\/lavabo-de-ban-230hb\/#breadcrumb"},"inLanguage":"vi","potentialAction":[{"@type":"ReadAction","target":["https:\/\/tranthi.vn\/hochiminh\/lavabo-de-ban-230hb\/"]}]},{"@type":"ImageObject","inLanguage":"vi","@id":"https:\/\/tranthi.vn\/hochiminh\/lavabo-de-ban-230hb\/#primaryimage","url":"https:\/\/tranthi.vn\/hochiminh\/wp-content\/uploads\/2021\/07\/Mau-Lavabo-de-ban-trang-su-vien-den-Hue.jpg","contentUrl":"https:\/\/tranthi.vn\/hochiminh\/wp-content\/uploads\/2021\/07\/Mau-Lavabo-de-ban-trang-su-vien-den-Hue.jpg","width":500,"height":400,"caption":"Mau Lavabo de ban trang su vien den Hue"},{"@type":"BreadcrumbList","@id":"https:\/\/tranthi.vn\/hochiminh\/lavabo-de-ban-230hb\/#breadcrumb","itemListElement":[{"@type":"ListItem","position":1,"name":"Trang ch\u1ee7","item":"https:\/\/tranthi.vn\/hochiminh\/"},{"@type":"ListItem","position":2,"name":"Shop","item":"https:\/\/tranthi.vn\/hochiminh\/shop\/"},{"@type":"ListItem","position":3,"name":"Lavabo \u0110\u1ec3 B\u00e0n 230hb"}]},{"@type":"WebSite","@id":"https:\/\/tranthi.vn\/hochiminh\/#website","url":"https:\/\/tranthi.vn\/hochiminh\/","name":"V\u1eadt Li\u1ec7u X\u00e2y D\u1ef1ng Tr\u1ea7n Th\u1ecb Chi Nh\u00e1nh H\u1ed3 Ch\u00ed Minh","description":"V\u1eadt Li\u1ec7u X\u00e2y D\u1ef1ng - H\u1ed3 Ch\u00ed Minh","potentialAction":[{"@type":"SearchAction","target":{"@type":"EntryPoint","urlTemplate":"https:\/\/tranthi.vn\/hochiminh\/?s={search_term_string}"},"query-input":"required name=search_term_string"}],"inLanguage":"vi"},{"@type":"ImageObject","inLanguage":"vi","@id":"https:\/\/tranthi.vn\/hochiminh\/lavabo-de-ban-230hb\/#local-main-organization-logo","url":"","contentUrl":"","caption":"V\u1eadt Li\u1ec7u X\u00e2y D\u1ef1ng Tr\u1ea7n Th\u1ecb Chi Nh\u00e1nh H\u1ed3 Ch\u00ed Minh"}]},"product_price_amount":"900000","product_price_currency":"VND","og_availability":"instock","product_availability":"instock","product_condition":"new"},"_links":{"self":[{"href":"https:\/\/tranthi.vn\/hochiminh\/wp-json\/wp\/v2\/product\/3543","targetHints":{"allow":["GET"]}}],"collection":[{"href":"https:\/\/tranthi.vn\/hochiminh\/wp-json\/wp\/v2\/product"}],"about":[{"href":"https:\/\/tranthi.vn\/hochiminh\/wp-json\/wp\/v2\/types\/product"}],"replies":[{"embeddable":true,"href":"https:\/\/tranthi.vn\/hochiminh\/wp-json\/wp\/v2\/comments?post=3543"}],"wp:featuredmedia":[{"embeddable":true,"href":"https:\/\/tranthi.vn\/hochiminh\/wp-json\/wp\/v2\/media\/4041"}],"wp:attachment":[{"href":"https:\/\/tranthi.vn\/hochiminh\/wp-json\/wp\/v2\/media?parent=3543"}],"wp:term":[{"taxonomy":"product_cat","embeddable":true,"href":"https:\/\/tranthi.vn\/hochiminh\/wp-json\/wp\/v2\/product_cat?post=3543"},{"taxonomy":"product_tag","embeddable":true,"href":"https:\/\/tranthi.vn\/hochiminh\/wp-json\/wp\/v2\/product_tag?post=3543"}],"curies":[{"name":"wp","href":"https:\/\/api.w.org\/{rel}","templated":true}]}}