{"id":3159,"date":"2021-05-15T10:04:22","date_gmt":"2021-05-15T03:04:22","guid":{"rendered":"https:\/\/tranthi.vn\/?post_type=product&#038;p=3159"},"modified":"2024-11-06T14:31:52","modified_gmt":"2024-11-06T07:31:52","slug":"sen-voi-dong-co-truc-ho-chi-minh-sai-gon","status":"publish","type":"product","link":"https:\/\/tranthi.vn\/hochiminh\/sen-voi-dong-co-truc-ho-chi-minh-sai-gon\/","title":{"rendered":"Sen V\u00f2i \u0110\u1ed3ng C\u1ed5 Tr\u00fac T002"},"content":{"rendered":"<h1 style=\"text-align: center;\"><span style=\"font-family: 'times new roman', times, serif; font-size: 140%;\"><a href=\"https:\/\/tranthi.vn\/sen-voi-dong-co-truc-gia-re-da-nang\/\">V\u00f2i lavavo \u0110\u1ed3ng Tp H\u1ed3 Ch\u00ed Minh<\/a><\/span><\/h1>\n<h1><span style=\"font-size: 120%;\"><strong><span style=\"font-family: 'times new roman', times, serif;\">V\u00f2i Lavabo \u0110\u1ed3ng &#8211; S\u1ef1 L\u1ef1a Ch\u1ecdn Ho\u00e0n H\u1ea3o Cho Kh\u00f4ng Gian Sang Tr\u1ecdng<\/span><\/strong><\/span><\/h1>\n<h3><span style=\"font-family: 'times new roman', times, serif; font-size: 120%;\">Trong th\u1ecb tr\u01b0\u1eddng thi\u1ebft b\u1ecb v\u1ec7 sinh hi\u1ec7n \u0111\u1ea1i, v\u00f2i lavabo \u0111\u1ed3ng \u0111ang d\u1ea7n tr\u1edf th\u00e0nh m\u1ed9t trong nh\u1eefng l\u1ef1a ch\u1ecdn h\u00e0ng \u0111\u1ea7u cho c\u00e1c gia \u0111\u00ecnh v\u00e0 doanh nghi\u1ec7p t\u1ea1i<a href=\"https:\/\/vi.wikipedia.org\/wiki\/Th%C3%A0nh_%E1%BB%A7y_%C4%90%C3%A0_N%E1%BA%B5ng\"><strong><em> Tp H\u1ed3 Ch\u00ed Minh<\/em><\/strong><\/a>. V\u1edbi v\u1ebb \u0111\u1eb9p c\u1ed5 \u0111i\u1ec3n, b\u1ec1n b\u1ec9 v\u00e0 sang tr\u1ecdng, v\u00f2i lavabo \u0111\u1ed3ng kh\u00f4ng ch\u1ec9 mang l\u1ea1i s\u1ef1 ti\u1ec7n nghi trong s\u1eed d\u1ee5ng m\u00e0 c\u00f2n t\u1ea1o \u0111i\u1ec3m nh\u1ea5n th\u1ea9m m\u1ef9 cho kh\u00f4ng gian ph\u00f2ng t\u1eafm.<\/span><\/h3>\n<figure id=\"attachment_5855\" aria-describedby=\"caption-attachment-5855\" style=\"width: 300px\" class=\"wp-caption aligncenter\"><img loading=\"lazy\" decoding=\"async\" class=\"size-full wp-image-5855\" src=\"https:\/\/tranthi.vn\/hochiminh\/wp-content\/uploads\/2021\/05\/voi-lavabo-dong-tai-ho-chi-minh-sai-gon.png\" alt=\"v\u00f2i lavabo \u0111\u1ed3ng t\u1ea1i h\u1ed3 ch\u00ed minh- s\u00e0i g\u00f2n\" width=\"300\" height=\"300\" srcset=\"https:\/\/tranthi.vn\/hochiminh\/wp-content\/uploads\/2021\/05\/voi-lavabo-dong-tai-ho-chi-minh-sai-gon.png 300w, https:\/\/tranthi.vn\/hochiminh\/wp-content\/uploads\/2021\/05\/voi-lavabo-dong-tai-ho-chi-minh-sai-gon-100x100.png 100w\" sizes=\"auto, (max-width: 300px) 100vw, 300px\" \/><figcaption id=\"caption-attachment-5855\" class=\"wp-caption-text\"><span style=\"font-family: 'times new roman', times, serif;\"><em>\u00a0 \u00a0 \u00a0 \u00a0 v\u00f2i lavabo \u0111\u1ed3ng t\u1ea1i h\u1ed3 ch\u00ed minh- s\u00e0i g\u00f2n<\/em><\/span><\/figcaption><\/figure>\n<h1><span style=\"font-size: 120%;\"><strong><span style=\"font-family: 'times new roman', times, serif;\">1. V\u00f2i Lavabo \u0110\u1ed3ng L\u00e0 G\u00ec?<\/span><\/strong><\/span><\/h1>\n<h3><span style=\"font-family: 'times new roman', times, serif; font-size: 120%;\">V\u00f2i lavabo \u0111\u1ed3ng l\u00e0 lo\u1ea1i v\u00f2i \u0111\u01b0\u1ee3c l\u00e0m t\u1eeb ch\u1ea5t li\u1ec7u \u0111\u1ed3ng thau, c\u00f3 \u0111\u1ed9 b\u1ec1n cao v\u00e0 kh\u1ea3 n\u0103ng ch\u1ed1ng \u0103n m\u00f2n t\u1ed1t. \u0110\u1ed3ng thau l\u00e0 h\u1ee3p kim c\u1ee7a \u0111\u1ed3ng v\u00e0 k\u1ebdm, mang l\u1ea1i cho s\u1ea3n ph\u1ea9m m\u00e0u s\u1eafc \u1ea5m \u00e1p v\u00e0 v\u1ebb \u0111\u1eb9p sang tr\u1ecdng. V\u00f2i lavabo \u0111\u1ed3ng th\u01b0\u1eddng \u0111\u01b0\u1ee3c thi\u1ebft k\u1ebf v\u1edbi nhi\u1ec1u ki\u1ec3u d\u00e1ng v\u00e0 hoa v\u0103n kh\u00e1c nhau, ph\u00f9 h\u1ee3p v\u1edbi nhi\u1ec1u phong c\u00e1ch n\u1ed9i th\u1ea5t t\u1eeb c\u1ed5 \u0111i\u1ec3n \u0111\u1ebfn hi\u1ec7n \u0111\u1ea1i.<\/span><\/h3>\n<h3 style=\"text-align: center;\"><iframe loading=\"lazy\" src=\"\/\/www.youtube.com\/embed\/Mfv7CzgBN7I?pp=ygUTdsOyaSBsYXZhdm8gxJHhu5NuZw\" width=\"560\" height=\"314\" allowfullscreen=\"allowfullscreen\" data-mce-fragment=\"1\"><\/iframe><\/h3>\n<h1><span style=\"font-size: 120%;\"><strong><span style=\"font-family: 'times new roman', times, serif;\">2. C\u00e1c M\u1eabu V\u00f2i Lavabo \u0110\u1ed3ng Ph\u1ed5 Bi\u1ebfn\u00a0<\/span><\/strong><\/span><\/h1>\n<h3><span style=\"font-family: 'times new roman', times, serif; font-size: 120%;\">T\u1ea1i <em><a href=\"https:\/\/vi.wikipedia.org\/wiki\/Th%C3%A0nh_%E1%BB%A7y_Th%C3%A0nh_ph%E1%BB%91_H%E1%BB%93_Ch%C3%AD_Minh\">Tp H\u1ed3 Ch\u00ed Minh<\/a><\/em>, th\u1ecb tr\u01b0\u1eddng v\u00f2i lavabo \u0111\u1ed3ng r\u1ea5t \u0111a d\u1ea1ng v\u1edbi nhi\u1ec1u m\u1eabu m\u00e3 v\u00e0 thi\u1ebft k\u1ebf kh\u00e1c nhau:<\/span><\/h3>\n<ul>\n<li>\n<h3><span style=\"font-family: 'times new roman', times, serif; font-size: 120%;\">V\u00f2i lavabo \u0111\u1ed3ng c\u1ed5 \u0111i\u1ec3n: \u0110\u01b0\u1ee3c thi\u1ebft k\u1ebf v\u1edbi c\u00e1c chi ti\u1ebft hoa v\u0103n tinh x\u1ea3o, v\u00f2i lavabo \u0111\u1ed3ng c\u1ed5 \u0111i\u1ec3n mang l\u1ea1i v\u1ebb \u0111\u1eb9p sang tr\u1ecdng v\u00e0 l\u1ecbch l\u00e3m cho ph\u00f2ng t\u1eafm. Lo\u1ea1i v\u00f2i n\u00e0y th\u01b0\u1eddng \u0111\u01b0\u1ee3c \u01b0a chu\u1ed9ng trong c\u00e1c kh\u00f4ng gian n\u1ed9i th\u1ea5t c\u1ed5 \u0111i\u1ec3n ho\u1eb7c t\u00e2n c\u1ed5 \u0111i\u1ec3n.<\/span><\/h3>\n<\/li>\n<li>\n<h3><span style=\"font-family: 'times new roman', times, serif; font-size: 120%;\">V\u00f2i lavabo \u0111\u1ed3ng hi\u1ec7n \u0111\u1ea1i: V\u1edbi thi\u1ebft k\u1ebf \u0111\u01a1n gi\u1ea3n, tinh t\u1ebf v\u00e0 t\u1ed1i gi\u1ea3n, v\u00f2i lavabo \u0111\u1ed3ng hi\u1ec7n \u0111\u1ea1i ph\u00f9 h\u1ee3p v\u1edbi c\u00e1c kh\u00f4ng gian ph\u00f2ng t\u1eafm mang phong c\u00e1ch hi\u1ec7n \u0111\u1ea1i. S\u1ea3n ph\u1ea9m n\u00e0y kh\u00f4ng ch\u1ec9 \u0111\u1eb9p m\u1eaft m\u00e0 c\u00f2n r\u1ea5t ti\u1ec7n d\u1ee5ng v\u00e0 d\u1ec5 d\u00e0ng v\u1ec7 sinh.<\/span><\/h3>\n<\/li>\n<li>\n<h3><span style=\"font-family: 'times new roman', times, serif; font-size: 120%;\">V\u00f2i lavabo \u0111\u1ed3ng g\u1eafn t\u01b0\u1eddng: Lo\u1ea1i v\u00f2i n\u00e0y \u0111\u01b0\u1ee3c l\u1eafp \u0111\u1eb7t tr\u1ef1c ti\u1ebfp tr\u00ean t\u01b0\u1eddng, gi\u00fap ti\u1ebft ki\u1ec7m kh\u00f4ng gian v\u00e0 t\u1ea1o n\u00ean v\u1ebb \u0111\u1eb9p g\u1ecdn g\u00e0ng, hi\u1ec7n \u0111\u1ea1i cho ph\u00f2ng t\u1eafm.<\/span><\/h3>\n<\/li>\n<li>\n<h3><span style=\"font-family: 'times new roman', times, serif; font-size: 120%;\">V\u00f2i lavabo \u0111\u1ed3ng \u0111\u1eb7t b\u00e0n: V\u00f2i lavabo \u0111\u1ed3ng \u0111\u1eb7t b\u00e0n th\u01b0\u1eddng c\u00f3 thi\u1ebft k\u1ebf \u0111a d\u1ea1ng v\u1ec1 ki\u1ec3u d\u00e1ng v\u00e0 chi\u1ec1u cao, mang l\u1ea1i s\u1ef1 ti\u1ec7n l\u1ee3i khi s\u1eed d\u1ee5ng v\u00e0 t\u0103ng t\u00ednh th\u1ea9m m\u1ef9 cho kh\u00f4ng gian ph\u00f2ng t\u1eafm.<\/span><\/h3>\n<\/li>\n<\/ul>\n<h3 style=\"text-align: center;\"><iframe loading=\"lazy\" src=\"\/\/www.youtube.com\/embed\/chwosfaIHxY?pp=ygUTdsOyaSBsYXZhdm8gxJHhu5NuZw\" width=\"560\" height=\"314\" allowfullscreen=\"allowfullscreen\" data-mce-fragment=\"1\"><\/iframe><\/h3>\n<h1><span style=\"font-size: 120%;\"><strong><span style=\"font-family: 'times new roman', times, serif;\">3. \u01afu \u0110i\u1ec3m C\u1ee7a V\u00f2i Lavabo \u0110\u1ed3ng<\/span><\/strong><\/span><\/h1>\n<ul>\n<li>\n<h3><span style=\"font-family: 'times new roman', times, serif; font-size: 120%;\">\u0110\u1ed9 b\u1ec1n cao: \u0110\u1ed3ng thau c\u00f3 kh\u1ea3 n\u0103ng ch\u1ed1ng \u0103n m\u00f2n v\u00e0 oxi h\u00f3a t\u1ed1t, gi\u00fap s\u1ea3n ph\u1ea9m b\u1ec1n b\u1ec9 v\u1edbi th\u1eddi gian v\u00e0 kh\u00f4ng b\u1ecb g\u1ec9 s\u00e9t.<\/span><\/h3>\n<\/li>\n<li>\n<h3><span style=\"font-family: 'times new roman', times, serif; font-size: 120%;\">V\u1ebb \u0111\u1eb9p sang tr\u1ecdng: V\u00f2i lavabo \u0111\u1ed3ng mang l\u1ea1i v\u1ebb \u0111\u1eb9p c\u1ed5 \u0111i\u1ec3n, sang tr\u1ecdng v\u00e0 \u1ea5m \u00e1p, t\u1ea1o \u0111i\u1ec3m nh\u1ea5n th\u1ea9m m\u1ef9 cho ph\u00f2ng t\u1eafm.<\/span><\/h3>\n<\/li>\n<li>\n<h3><span style=\"font-family: 'times new roman', times, serif; font-size: 120%;\">An to\u00e0n cho s\u1ee9c kh\u1ecfe: \u0110\u1ed3ng thau l\u00e0 ch\u1ea5t li\u1ec7u an to\u00e0n, kh\u00f4ng ch\u1ee9a c\u00e1c ch\u1ea5t \u0111\u1ed9c h\u1ea1i, \u0111\u1ea3m b\u1ea3o an to\u00e0n cho s\u1ee9c kh\u1ecfe ng\u01b0\u1eddi s\u1eed d\u1ee5ng.<\/span><\/h3>\n<\/li>\n<li>\n<h3><span style=\"font-family: 'times new roman', times, serif; font-size: 120%;\">D\u1ec5 d\u00e0ng b\u1ea3o d\u01b0\u1ee1ng: V\u00f2i lavabo \u0111\u1ed3ng d\u1ec5 d\u00e0ng v\u1ec7 sinh v\u00e0 b\u1ea3o d\u01b0\u1ee1ng, gi\u00fap duy tr\u00ec v\u1ebb \u0111\u1eb9p v\u00e0 \u0111\u1ed9 b\u1ec1n c\u1ee7a s\u1ea3n ph\u1ea9m.<\/span><\/h3>\n<\/li>\n<\/ul>\n<blockquote class=\"tiktok-embed\" cite=\"https:\/\/www.tiktok.com\/@tranthi.danang\/video\/7380631680312151304\" data-video-id=\"7380631680312151304\" data-embed-from=\"oembed\" style=\"max-width:605px; min-width:325px;\">\n<section> <a target=\"_blank\" title=\"@tranthi.danang\" href=\"https:\/\/www.tiktok.com\/@tranthi.danang?refer=embed\">@tranthi.danang<\/a> <\/p>\n<p>v\u00f2i lavabo n\u00f3ng l\u1ea1nh gi\u00e1 r\u1ebb t\u1ea1i \u0111\u00e0 n\u1eb5ng- tr\u1ea7n th\u1ecb- 0903.595.049 <a title=\"v\u00f2i\" target=\"_blank\" href=\"https:\/\/www.tiktok.com\/tag\/v%C3%B2i?refer=embed\">#v\u00f2i<\/a> <a title=\"v\u00f2in\u01b0\u1edbc\" target=\"_blank\" href=\"https:\/\/www.tiktok.com\/tag\/v%C3%B2in%C6%B0%E1%BB%9Bc?refer=embed\">#v\u00f2in\u01b0\u1edbc<\/a> <a title=\"v\u00f2ilavabo\" target=\"_blank\" href=\"https:\/\/www.tiktok.com\/tag\/v%C3%B2ilavabo?refer=embed\">#v\u00f2ilavabo<\/a><\/p>\n<p> <a target=\"_blank\" title=\"\u266c nh\u1ea1c n\u1ec1n - Tr\u1ea7n Th\u1ecb \u0110\u00e0 N\u1eb5ng - Tr\u1ea7n Th\u1ecb \u0110\u00e0 N\u1eb5ng\" href=\"https:\/\/www.tiktok.com\/music\/nh\u1ea1c-n\u1ec1n-Tr\u1ea7n-Th\u1ecb-\u0110\u00e0-N\u1eb5ng-7380632327023594241?refer=embed\">\u266c nh\u1ea1c n\u1ec1n &#8211; Tr\u1ea7n Th\u1ecb \u0110\u00e0 N\u1eb5ng &#8211; Tr\u1ea7n Th\u1ecb \u0110\u00e0 N\u1eb5ng<\/a> <\/section>\n<\/blockquote>\n<p> <script async src=\"https:\/\/www.tiktok.com\/embed.js\"><\/script><\/p>\n<h1><span style=\"font-size: 120%;\"><strong><span style=\"font-family: 'times new roman', times, serif;\">4. L\u00fd Do N\u00ean Ch\u1ecdn V\u00f2i Lavabo \u0110\u1ed3ng<\/span><\/strong><\/span><\/h1>\n<ul>\n<li>\n<h3><span style=\"font-family: 'times new roman', times, serif; font-size: 120%;\">Ngu\u1ed3n cung \u0111a d\u1ea1ng: <a href=\"https:\/\/vi.wikipedia.org\/wiki\/Th%C3%A0nh_%E1%BB%A7y_Th%C3%A0nh_ph%E1%BB%91_H%E1%BB%93_Ch%C3%AD_Minh\"><em>Tp H\u1ed3 Ch\u00ed Minh<\/em>\u00a0<\/a>l\u00e0 trung t\u00e2m th\u01b0\u01a1ng m\u1ea1i l\u1edbn v\u1edbi nhi\u1ec1u nh\u00e0 cung c\u1ea5p v\u00f2i lavabo \u0111\u1ed3ng uy t\u00edn, \u0111\u1ea3m b\u1ea3o ch\u1ea5t l\u01b0\u1ee3ng v\u00e0 m\u1eabu m\u00e3 s\u1ea3n ph\u1ea9m.<\/span><\/h3>\n<\/li>\n<li>\n<h3><span style=\"font-family: 'times new roman', times, serif; font-size: 120%;\">Ch\u1ea5t l\u01b0\u1ee3ng \u0111\u1ea3m b\u1ea3o: C\u00e1c s\u1ea3n ph\u1ea9m v\u00f2i lavabo \u0111\u1ed3ng \u0111\u01b0\u1ee3c s\u1ea3n xu\u1ea5t v\u00e0 ki\u1ec3m \u0111\u1ecbnh k\u1ef9 l\u01b0\u1ee1ng, \u0111\u1ea3m b\u1ea3o \u0111\u1ed9 b\u1ec1n v\u00e0 t\u00ednh th\u1ea9m m\u1ef9 cao.<\/span><\/h3>\n<\/li>\n<li>\n<h3><span style=\"font-family: 'times new roman', times, serif; font-size: 120%;\">Gi\u00e1 c\u1ea3 h\u1ee3p l\u00fd: V\u1edbi s\u1ef1 c\u1ea1nh tranh gi\u1eefa c\u00e1c nh\u00e0 cung c\u1ea5p, b\u1ea1n c\u00f3 th\u1ec3 d\u1ec5 d\u00e0ng t\u00ecm th\u1ea5y m\u1eabu v\u00f2i lavabo \u0111\u1ed3ng gi\u00e1 r\u1ebb, ph\u00f9 h\u1ee3p v\u1edbi ng\u00e2n s\u00e1ch c\u1ee7a m\u00ecnh.<\/span><\/h3>\n<\/li>\n<li>\n<h3><span style=\"font-family: 'times new roman', times, serif; font-size: 120%;\">D\u1ecbch v\u1ee5 chuy\u00ean nghi\u1ec7p: C\u00e1c nh\u00e0 cung c\u1ea5p t\u1ea1i \u0111\u00e2y cung c\u1ea5p d\u1ecbch v\u1ee5 t\u01b0 v\u1ea5n, l\u1eafp \u0111\u1eb7t v\u00e0 b\u1ea3o d\u01b0\u1ee1ng chuy\u00ean nghi\u1ec7p, gi\u00fap b\u1ea1n y\u00ean t\u00e2m khi s\u1eed d\u1ee5ng s\u1ea3n ph\u1ea9m.<\/span><\/h3>\n<\/li>\n<\/ul>\n<blockquote class=\"tiktok-embed\" cite=\"https:\/\/www.tiktok.com\/@tranthi.danang\/video\/7375378822750850322\" data-video-id=\"7375378822750850322\" data-embed-from=\"oembed\" style=\"max-width:605px; min-width:325px;\">\n<section> <a target=\"_blank\" title=\"@tranthi.danang\" href=\"https:\/\/www.tiktok.com\/@tranthi.danang?refer=embed\">@tranthi.danang<\/a> <\/p>\n<p>V\u00f2i lavabo c\u1ed5 \u0111i\u1ec3n t\u1ea1i \u0111\u00e0 n\u1eb5ng- Tr\u1ea7n Th\u1ecb- 0903.595.049  <a title=\"voilavabo\" target=\"_blank\" href=\"https:\/\/www.tiktok.com\/tag\/voilavabo?refer=embed\">#voilavabo<\/a> <a title=\"voilavabodanang\" target=\"_blank\" href=\"https:\/\/www.tiktok.com\/tag\/voilavabodanang?refer=embed\">#voilavabodanang<\/a> <a title=\"voilavabononglanh\" target=\"_blank\" href=\"https:\/\/www.tiktok.com\/tag\/voilavabononglanh?refer=embed\">#voilavabononglanh<\/a><\/p>\n<p> <a target=\"_blank\" title=\"\u266c nh\u1ea1c n\u1ec1n - Tr\u1ea7n Th\u1ecb \u0110\u00e0 N\u1eb5ng - Tr\u1ea7n Th\u1ecb \u0110\u00e0 N\u1eb5ng\" href=\"https:\/\/www.tiktok.com\/music\/nh\u1ea1c-n\u1ec1n-Tr\u1ea7n-Th\u1ecb-\u0110\u00e0-N\u1eb5ng-7375379410260019984?refer=embed\">\u266c nh\u1ea1c n\u1ec1n &#8211; Tr\u1ea7n Th\u1ecb \u0110\u00e0 N\u1eb5ng &#8211; Tr\u1ea7n Th\u1ecb \u0110\u00e0 N\u1eb5ng<\/a> <\/section>\n<\/blockquote>\n<p> <script async src=\"https:\/\/www.tiktok.com\/embed.js\"><\/script><\/p>\n","protected":false},"excerpt":{"rendered":"<p><span style=\"font-family: 'times new roman', times, serif;\"><span style=\"font-size: 130%;\"><img decoding=\"async\" class=\"emoji\" draggable=\"false\" src=\"https:\/\/s.w.org\/images\/core\/emoji\/12.0.0-1\/svg\/1f61b.svg\" alt=\"\ud83d\ude1b\" \/>\u00a0Thu\u1ed9c t\u00ednh : \u0111\u1ed3ng thau<\/span><\/span><\/p>\n<p><span style=\"font-family: 'times new roman', times, serif; font-size: 130%;\"><img decoding=\"async\" class=\"emoji\" draggable=\"false\" src=\"https:\/\/s.w.org\/images\/core\/emoji\/12.0.0-1\/svg\/1f61b.svg\" alt=\"\ud83d\ude1b\" \/>\u00a0 K\u00edch th\u01b0\u1edbc: 30 cm<\/span><\/p>\n<p><span style=\"font-family: 'times new roman', times, serif; font-size: 130%;\"><img decoding=\"async\" class=\"emoji\" draggable=\"false\" src=\"https:\/\/s.w.org\/images\/core\/emoji\/12.0.0-1\/svg\/1f61b.svg\" alt=\"\ud83d\ude1b\" \/>\u00a0 B\u1ea3o h\u00e0nh: 1 n\u0103m<\/span><\/p>\n<p><span style=\"font-family: 'times new roman', times, serif; font-size: 130%;\"><img decoding=\"async\" class=\"emoji\" draggable=\"false\" src=\"https:\/\/s.w.org\/images\/core\/emoji\/12.0.0-1\/svg\/1f61b.svg\" alt=\"\ud83d\ude1b\" \/>\u00a0Mi\u1ec5n ph\u00ed ship t\u1eeb 2 c\u00e1i tr\u1edf l\u00ean v\u00e0 trong Tp Hu\u1ebf<\/span><\/p>\n","protected":false},"featured_media":4267,"comment_status":"closed","ping_status":"closed","template":"","meta":[],"product_cat":[186,284],"product_tag":[505],"class_list":{"0":"post-3159","1":"product","2":"type-product","3":"status-publish","4":"has-post-thumbnail","6":"product_cat-sen-voi","7":"product_cat-sen-voi-dong","8":"product_tag-voi-lavabo-nong-lanh-dong-ong-truc-re-hue","10":"first","11":"instock","12":"sale","13":"shipping-taxable","14":"purchasable","15":"product-type-simple"},"yoast_head":"<!-- This site is optimized with the Yoast SEO Premium plugin v22.3 (Yoast SEO v22.4) - https:\/\/yoast.com\/wordpress\/plugins\/seo\/ -->\n<title>V\u00f2i lavabo \u0111\u1ed3ng n\u00f3ng l\u1ea1nh t\u1ea1i tp h\u1ed3 ch\u00ed minh-0947.335.871<\/title>\n<meta name=\"description\" content=\"Tr\u1ea7n Th\u1ecb - Chuy\u00ean cung c\u1ea5p V\u00f2i lavabo \u0111\u1ed3ng n\u00f3ng l\u1ea1nh gi\u00e1 r\u1ebb ch\u00ednh h\u00e3ng t\u1ea1i tp h\u1ed3 ch\u00ed minh, s\u00e0i g\u00f2n cho m\u1ecdi c\u00f4ng tr\u00ecnh t\u1eeb nh\u00e0 \u1edf \u0111\u1ebfn c\u00e1c c\u00f4ng tr\u00ecnh l\u1edbn\" \/>\n<meta name=\"robots\" content=\"index, follow, max-snippet:-1, max-image-preview:large, max-video-preview:-1\" \/>\n<link rel=\"canonical\" href=\"https:\/\/tranthi.vn\/hochiminh\/sen-voi-dong-co-truc-ho-chi-minh-sai-gon\/\" \/>\n<meta property=\"og:locale\" content=\"vi_VN\" \/>\n<meta property=\"og:type\" content=\"article\" \/>\n<meta property=\"og:title\" content=\"Sen V\u00f2i \u0110\u1ed3ng C\u1ed5 Tr\u00fac T002\" \/>\n<meta property=\"og:description\" content=\"Tr\u1ea7n Th\u1ecb - Chuy\u00ean cung c\u1ea5p V\u00f2i lavabo \u0111\u1ed3ng n\u00f3ng l\u1ea1nh gi\u00e1 r\u1ebb ch\u00ednh h\u00e3ng t\u1ea1i tp h\u1ed3 ch\u00ed minh, s\u00e0i g\u00f2n cho m\u1ecdi c\u00f4ng tr\u00ecnh t\u1eeb nh\u00e0 \u1edf \u0111\u1ebfn c\u00e1c c\u00f4ng tr\u00ecnh l\u1edbn\" \/>\n<meta property=\"og:url\" content=\"https:\/\/tranthi.vn\/hochiminh\/sen-voi-dong-co-truc-ho-chi-minh-sai-gon\/\" \/>\n<meta property=\"og:site_name\" content=\"V\u1eadt Li\u1ec7u X\u00e2y D\u1ef1ng Tr\u1ea7n Th\u1ecb Chi Nh\u00e1nh H\u1ed3 Ch\u00ed Minh\" \/>\n<meta property=\"article:modified_time\" content=\"2024-11-06T07:31:52+00:00\" \/>\n<meta property=\"og:image\" content=\"https:\/\/tranthi.vn\/hochiminh\/wp-content\/uploads\/2021\/05\/Voi-LAVABO-nong-lanh-dong-ong-truc-re-Hue.jpg\" \/>\n\t<meta property=\"og:image:width\" content=\"300\" \/>\n\t<meta property=\"og:image:height\" content=\"300\" \/>\n\t<meta property=\"og:image:type\" content=\"image\/jpeg\" \/>\n<meta name=\"twitter:card\" content=\"summary_large_image\" \/>\n<meta name=\"twitter:label1\" content=\"Gi\u00e1\" \/>\n\t<meta name=\"twitter:data1\" content=\"800,000&nbsp;&#8363;\" \/>\n\t<meta name=\"twitter:label2\" content=\"Kh\u1ea3 d\u1ee5ng\" \/>\n\t<meta name=\"twitter:data2\" content=\"Trong kho\" \/>\n<script type=\"application\/ld+json\" class=\"yoast-schema-graph\">{\"@context\":\"https:\/\/schema.org\",\"@graph\":[{\"@type\":[\"WebPage\",\"ItemPage\"],\"@id\":\"https:\/\/tranthi.vn\/hochiminh\/sen-voi-dong-co-truc-ho-chi-minh-sai-gon\/\",\"url\":\"https:\/\/tranthi.vn\/hochiminh\/sen-voi-dong-co-truc-ho-chi-minh-sai-gon\/\",\"name\":\"V\u00f2i lavabo \u0111\u1ed3ng n\u00f3ng l\u1ea1nh t\u1ea1i tp h\u1ed3 ch\u00ed minh-0947.335.871\",\"isPartOf\":{\"@id\":\"https:\/\/tranthi.vn\/hochiminh\/#website\"},\"primaryImageOfPage\":{\"@id\":\"https:\/\/tranthi.vn\/hochiminh\/sen-voi-dong-co-truc-ho-chi-minh-sai-gon\/#primaryimage\"},\"image\":{\"@id\":\"https:\/\/tranthi.vn\/hochiminh\/sen-voi-dong-co-truc-ho-chi-minh-sai-gon\/#primaryimage\"},\"thumbnailUrl\":\"https:\/\/tranthi.vn\/hochiminh\/wp-content\/uploads\/2021\/05\/Voi-LAVABO-nong-lanh-dong-ong-truc-re-Hue.jpg\",\"datePublished\":\"2021-05-15T03:04:22+00:00\",\"dateModified\":\"2024-11-06T07:31:52+00:00\",\"description\":\"Tr\u1ea7n Th\u1ecb - Chuy\u00ean cung c\u1ea5p V\u00f2i lavabo \u0111\u1ed3ng n\u00f3ng l\u1ea1nh gi\u00e1 r\u1ebb ch\u00ednh h\u00e3ng t\u1ea1i tp h\u1ed3 ch\u00ed minh, s\u00e0i g\u00f2n cho m\u1ecdi c\u00f4ng tr\u00ecnh t\u1eeb nh\u00e0 \u1edf \u0111\u1ebfn c\u00e1c c\u00f4ng tr\u00ecnh l\u1edbn\",\"breadcrumb\":{\"@id\":\"https:\/\/tranthi.vn\/hochiminh\/sen-voi-dong-co-truc-ho-chi-minh-sai-gon\/#breadcrumb\"},\"inLanguage\":\"vi\",\"potentialAction\":[{\"@type\":\"ReadAction\",\"target\":[\"https:\/\/tranthi.vn\/hochiminh\/sen-voi-dong-co-truc-ho-chi-minh-sai-gon\/\"]}]},{\"@type\":\"ImageObject\",\"inLanguage\":\"vi\",\"@id\":\"https:\/\/tranthi.vn\/hochiminh\/sen-voi-dong-co-truc-ho-chi-minh-sai-gon\/#primaryimage\",\"url\":\"https:\/\/tranthi.vn\/hochiminh\/wp-content\/uploads\/2021\/05\/Voi-LAVABO-nong-lanh-dong-ong-truc-re-Hue.jpg\",\"contentUrl\":\"https:\/\/tranthi.vn\/hochiminh\/wp-content\/uploads\/2021\/05\/Voi-LAVABO-nong-lanh-dong-ong-truc-re-Hue.jpg\",\"width\":300,\"height\":300,\"caption\":\"V\u00f2i LAVABO n\u00f3ng l\u1ea1nh \u0111\u1ed3ng \u1ed1ng tr\u00fac r\u1ebb Hu\u1ebf\"},{\"@type\":\"BreadcrumbList\",\"@id\":\"https:\/\/tranthi.vn\/hochiminh\/sen-voi-dong-co-truc-ho-chi-minh-sai-gon\/#breadcrumb\",\"itemListElement\":[{\"@type\":\"ListItem\",\"position\":1,\"name\":\"Trang ch\u1ee7\",\"item\":\"https:\/\/tranthi.vn\/hochiminh\/\"},{\"@type\":\"ListItem\",\"position\":2,\"name\":\"Shop\",\"item\":\"https:\/\/tranthi.vn\/hochiminh\/shop\/\"},{\"@type\":\"ListItem\",\"position\":3,\"name\":\"Sen V\u00f2i \u0110\u1ed3ng C\u1ed5 Tr\u00fac T002\"}]},{\"@type\":\"WebSite\",\"@id\":\"https:\/\/tranthi.vn\/hochiminh\/#website\",\"url\":\"https:\/\/tranthi.vn\/hochiminh\/\",\"name\":\"V\u1eadt Li\u1ec7u X\u00e2y D\u1ef1ng Tr\u1ea7n Th\u1ecb Chi Nh\u00e1nh H\u1ed3 Ch\u00ed Minh\",\"description\":\"V\u1eadt Li\u1ec7u X\u00e2y D\u1ef1ng - H\u1ed3 Ch\u00ed Minh\",\"potentialAction\":[{\"@type\":\"SearchAction\",\"target\":{\"@type\":\"EntryPoint\",\"urlTemplate\":\"https:\/\/tranthi.vn\/hochiminh\/?s={search_term_string}\"},\"query-input\":\"required name=search_term_string\"}],\"inLanguage\":\"vi\"},{\"@type\":\"ImageObject\",\"inLanguage\":\"vi\",\"@id\":\"https:\/\/tranthi.vn\/hochiminh\/sen-voi-dong-co-truc-ho-chi-minh-sai-gon\/#local-main-organization-logo\",\"url\":\"\",\"contentUrl\":\"\",\"caption\":\"V\u1eadt Li\u1ec7u X\u00e2y D\u1ef1ng Tr\u1ea7n Th\u1ecb Chi Nh\u00e1nh H\u1ed3 Ch\u00ed Minh\"}]}<\/script>\n<meta property=\"product:price:amount\" content=\"800000\" \/>\n<meta property=\"product:price:currency\" content=\"VND\" \/>\n<meta property=\"og:availability\" content=\"instock\" \/>\n<meta property=\"product:availability\" content=\"instock\" \/>\n<meta property=\"product:condition\" content=\"new\" \/>\n<!-- \/ Yoast SEO Premium plugin. -->","yoast_head_json":{"title":"V\u00f2i lavabo \u0111\u1ed3ng n\u00f3ng l\u1ea1nh t\u1ea1i tp h\u1ed3 ch\u00ed minh-0947.335.871","description":"Tr\u1ea7n Th\u1ecb - Chuy\u00ean cung c\u1ea5p V\u00f2i lavabo \u0111\u1ed3ng n\u00f3ng l\u1ea1nh gi\u00e1 r\u1ebb ch\u00ednh h\u00e3ng t\u1ea1i tp h\u1ed3 ch\u00ed minh, s\u00e0i g\u00f2n cho m\u1ecdi c\u00f4ng tr\u00ecnh t\u1eeb nh\u00e0 \u1edf \u0111\u1ebfn c\u00e1c c\u00f4ng tr\u00ecnh l\u1edbn","robots":{"index":"index","follow":"follow","max-snippet":"max-snippet:-1","max-image-preview":"max-image-preview:large","max-video-preview":"max-video-preview:-1"},"canonical":"https:\/\/tranthi.vn\/hochiminh\/sen-voi-dong-co-truc-ho-chi-minh-sai-gon\/","og_locale":"vi_VN","og_type":"article","og_title":"Sen V\u00f2i \u0110\u1ed3ng C\u1ed5 Tr\u00fac T002","og_description":"Tr\u1ea7n Th\u1ecb - Chuy\u00ean cung c\u1ea5p V\u00f2i lavabo \u0111\u1ed3ng n\u00f3ng l\u1ea1nh gi\u00e1 r\u1ebb ch\u00ednh h\u00e3ng t\u1ea1i tp h\u1ed3 ch\u00ed minh, s\u00e0i g\u00f2n cho m\u1ecdi c\u00f4ng tr\u00ecnh t\u1eeb nh\u00e0 \u1edf \u0111\u1ebfn c\u00e1c c\u00f4ng tr\u00ecnh l\u1edbn","og_url":"https:\/\/tranthi.vn\/hochiminh\/sen-voi-dong-co-truc-ho-chi-minh-sai-gon\/","og_site_name":"V\u1eadt Li\u1ec7u X\u00e2y D\u1ef1ng Tr\u1ea7n Th\u1ecb Chi Nh\u00e1nh H\u1ed3 Ch\u00ed Minh","article_modified_time":"2024-11-06T07:31:52+00:00","og_image":[{"width":300,"height":300,"url":"https:\/\/tranthi.vn\/hochiminh\/wp-content\/uploads\/2021\/05\/Voi-LAVABO-nong-lanh-dong-ong-truc-re-Hue.jpg","type":"image\/jpeg"}],"twitter_card":"summary_large_image","twitter_misc":{"Gi\u00e1":"800,000&nbsp;&#8363;","Kh\u1ea3 d\u1ee5ng":"Trong kho"},"schema":{"@context":"https:\/\/schema.org","@graph":[{"@type":["WebPage","ItemPage"],"@id":"https:\/\/tranthi.vn\/hochiminh\/sen-voi-dong-co-truc-ho-chi-minh-sai-gon\/","url":"https:\/\/tranthi.vn\/hochiminh\/sen-voi-dong-co-truc-ho-chi-minh-sai-gon\/","name":"V\u00f2i lavabo \u0111\u1ed3ng n\u00f3ng l\u1ea1nh t\u1ea1i tp h\u1ed3 ch\u00ed minh-0947.335.871","isPartOf":{"@id":"https:\/\/tranthi.vn\/hochiminh\/#website"},"primaryImageOfPage":{"@id":"https:\/\/tranthi.vn\/hochiminh\/sen-voi-dong-co-truc-ho-chi-minh-sai-gon\/#primaryimage"},"image":{"@id":"https:\/\/tranthi.vn\/hochiminh\/sen-voi-dong-co-truc-ho-chi-minh-sai-gon\/#primaryimage"},"thumbnailUrl":"https:\/\/tranthi.vn\/hochiminh\/wp-content\/uploads\/2021\/05\/Voi-LAVABO-nong-lanh-dong-ong-truc-re-Hue.jpg","datePublished":"2021-05-15T03:04:22+00:00","dateModified":"2024-11-06T07:31:52+00:00","description":"Tr\u1ea7n Th\u1ecb - Chuy\u00ean cung c\u1ea5p V\u00f2i lavabo \u0111\u1ed3ng n\u00f3ng l\u1ea1nh gi\u00e1 r\u1ebb ch\u00ednh h\u00e3ng t\u1ea1i tp h\u1ed3 ch\u00ed minh, s\u00e0i g\u00f2n cho m\u1ecdi c\u00f4ng tr\u00ecnh t\u1eeb nh\u00e0 \u1edf \u0111\u1ebfn c\u00e1c c\u00f4ng tr\u00ecnh l\u1edbn","breadcrumb":{"@id":"https:\/\/tranthi.vn\/hochiminh\/sen-voi-dong-co-truc-ho-chi-minh-sai-gon\/#breadcrumb"},"inLanguage":"vi","potentialAction":[{"@type":"ReadAction","target":["https:\/\/tranthi.vn\/hochiminh\/sen-voi-dong-co-truc-ho-chi-minh-sai-gon\/"]}]},{"@type":"ImageObject","inLanguage":"vi","@id":"https:\/\/tranthi.vn\/hochiminh\/sen-voi-dong-co-truc-ho-chi-minh-sai-gon\/#primaryimage","url":"https:\/\/tranthi.vn\/hochiminh\/wp-content\/uploads\/2021\/05\/Voi-LAVABO-nong-lanh-dong-ong-truc-re-Hue.jpg","contentUrl":"https:\/\/tranthi.vn\/hochiminh\/wp-content\/uploads\/2021\/05\/Voi-LAVABO-nong-lanh-dong-ong-truc-re-Hue.jpg","width":300,"height":300,"caption":"V\u00f2i LAVABO n\u00f3ng l\u1ea1nh \u0111\u1ed3ng \u1ed1ng tr\u00fac r\u1ebb Hu\u1ebf"},{"@type":"BreadcrumbList","@id":"https:\/\/tranthi.vn\/hochiminh\/sen-voi-dong-co-truc-ho-chi-minh-sai-gon\/#breadcrumb","itemListElement":[{"@type":"ListItem","position":1,"name":"Trang ch\u1ee7","item":"https:\/\/tranthi.vn\/hochiminh\/"},{"@type":"ListItem","position":2,"name":"Shop","item":"https:\/\/tranthi.vn\/hochiminh\/shop\/"},{"@type":"ListItem","position":3,"name":"Sen V\u00f2i \u0110\u1ed3ng C\u1ed5 Tr\u00fac T002"}]},{"@type":"WebSite","@id":"https:\/\/tranthi.vn\/hochiminh\/#website","url":"https:\/\/tranthi.vn\/hochiminh\/","name":"V\u1eadt Li\u1ec7u X\u00e2y D\u1ef1ng Tr\u1ea7n Th\u1ecb Chi Nh\u00e1nh H\u1ed3 Ch\u00ed Minh","description":"V\u1eadt Li\u1ec7u X\u00e2y D\u1ef1ng - H\u1ed3 Ch\u00ed Minh","potentialAction":[{"@type":"SearchAction","target":{"@type":"EntryPoint","urlTemplate":"https:\/\/tranthi.vn\/hochiminh\/?s={search_term_string}"},"query-input":"required name=search_term_string"}],"inLanguage":"vi"},{"@type":"ImageObject","inLanguage":"vi","@id":"https:\/\/tranthi.vn\/hochiminh\/sen-voi-dong-co-truc-ho-chi-minh-sai-gon\/#local-main-organization-logo","url":"","contentUrl":"","caption":"V\u1eadt Li\u1ec7u X\u00e2y D\u1ef1ng Tr\u1ea7n Th\u1ecb Chi Nh\u00e1nh H\u1ed3 Ch\u00ed Minh"}]},"product_price_amount":"800000","product_price_currency":"VND","og_availability":"instock","product_availability":"instock","product_condition":"new"},"_links":{"self":[{"href":"https:\/\/tranthi.vn\/hochiminh\/wp-json\/wp\/v2\/product\/3159","targetHints":{"allow":["GET"]}}],"collection":[{"href":"https:\/\/tranthi.vn\/hochiminh\/wp-json\/wp\/v2\/product"}],"about":[{"href":"https:\/\/tranthi.vn\/hochiminh\/wp-json\/wp\/v2\/types\/product"}],"replies":[{"embeddable":true,"href":"https:\/\/tranthi.vn\/hochiminh\/wp-json\/wp\/v2\/comments?post=3159"}],"wp:featuredmedia":[{"embeddable":true,"href":"https:\/\/tranthi.vn\/hochiminh\/wp-json\/wp\/v2\/media\/4267"}],"wp:attachment":[{"href":"https:\/\/tranthi.vn\/hochiminh\/wp-json\/wp\/v2\/media?parent=3159"}],"wp:term":[{"taxonomy":"product_cat","embeddable":true,"href":"https:\/\/tranthi.vn\/hochiminh\/wp-json\/wp\/v2\/product_cat?post=3159"},{"taxonomy":"product_tag","embeddable":true,"href":"https:\/\/tranthi.vn\/hochiminh\/wp-json\/wp\/v2\/product_tag?post=3159"}],"curies":[{"name":"wp","href":"https:\/\/api.w.org\/{rel}","templated":true}]}}