{"id":3142,"date":"2021-05-14T14:27:28","date_gmt":"2021-05-14T07:27:28","guid":{"rendered":"https:\/\/tranthi.vn\/?post_type=product&#038;p=3142"},"modified":"2022-03-31T08:27:02","modified_gmt":"2022-03-31T01:27:02","slug":"guong-soi-phong-tam-day-da-hue","status":"publish","type":"product","link":"https:\/\/tranthi.vn\/hochiminh\/guong-soi-phong-tam-day-da-hue\/","title":{"rendered":"G\u01b0\u01a1ng d\u00e2y da treo t\u01b0\u1eddng CN001"},"content":{"rendered":"","protected":false},"excerpt":{"rendered":"<p><span style=\"font-family: 'times new roman', times, serif;\"><span style=\"font-size: 14pt; color: #000000;\"><strong><img decoding=\"async\" class=\"emoji\" draggable=\"false\" src=\"https:\/\/s.w.org\/images\/core\/emoji\/12.0.0-1\/svg\/1f61b.svg\" alt=\"\ud83d\ude1b\" \/><span style=\"font-size: 130%;\">Th\u00f4ng tin chi ti\u1ebft:<\/span><\/strong><\/span><\/span><\/p>\n<p><span style=\"font-family: 'times new roman', times, serif; font-size: 130%; color: #000000;\">G\u01b0\u01a1ng d\u00e2y da treo t\u01b0\u1eddng CN001<\/span><\/p>\n<ul>\n<li><span style=\"font-family: 'times new roman', times, serif; font-size: 130%; color: #000000;\">K\u00edch th\u01b0\u1edbc: 50&#215;70 \u2013 Gi\u00e1: <strong><span style=\"color: #ff0000;\">800<\/span><span style=\"color: #ff0000;\">.000<\/span><\/strong><\/span><\/li>\n<li><span style=\"font-family: 'times new roman', times, serif; font-size: 130%; color: #000000;\">K\u00edch th\u01b0\u1edbc: 60&#215;80 \u2013 Gi\u00e1: <strong><span style=\"color: #ff0000;\">850<\/span><span style=\"color: #ff0000;\">.000<\/span><\/strong><\/span><\/li>\n<li><span style=\"font-family: 'times new roman', times, serif; font-size: 130%; color: #000000;\">M\u00e0u d\u00e2y da:\u00a0 \u0111en, n\u00e2u, da b\u00f2<\/span><\/li>\n<\/ul>\n<p><span style=\"color: #282828; font-family: 'times new roman', times, serif; font-size: 130%;\"><img decoding=\"async\" class=\"emoji\" draggable=\"false\" src=\"https:\/\/s.w.org\/images\/core\/emoji\/12.0.0-1\/svg\/1f61b.svg\" alt=\"\ud83d\ude1b\" \/><strong>\u00a0B\u1ea3o h\u00e0nh 1 n\u0103m<\/strong><\/span><\/p>\n<p><span style=\"font-family: 'times new roman', times, serif; font-size: 130%;\"><strong><span style=\"color: #282828;\"><img decoding=\"async\" class=\"emoji\" draggable=\"false\" src=\"https:\/\/s.w.org\/images\/core\/emoji\/12.0.0-1\/svg\/1f61b.svg\" alt=\"\ud83d\ude1b\" \/>\u00a0Nh\u1eadn thi\u1ebft k\u1ebf theo y\u00eau c\u1ea7u<\/span><\/strong><\/span><\/p>\n<p><span style=\"font-family: 'times new roman', times, serif; font-size: 130%;\"><strong><span style=\"color: #282828;\"><img decoding=\"async\" class=\"emoji\" draggable=\"false\" src=\"https:\/\/s.w.org\/images\/core\/emoji\/12.0.0-1\/svg\/1f61b.svg\" alt=\"\ud83d\ude1b\" \/>\u00a0Mi\u1ec5n ph\u00ed v\u1eadn chuy\u1ec3n t\u1eeb 2 \u0111\u01a1n v\u1ecb tr\u1edf l\u00ean v\u00e0 trong Tp Hu\u1ebf<\/span><\/strong><\/span><\/p>\n","protected":false},"featured_media":4237,"comment_status":"closed","ping_status":"closed","template":"","meta":[],"product_cat":[281,183,179],"product_tag":[495],"class_list":{"0":"post-3142","1":"product","2":"type-product","3":"status-publish","4":"has-post-thumbnail","6":"product_cat-guong-day-da","7":"product_cat-guong-phong-tam","8":"product_cat-thiet-bi-ve-sinh-da-nang","9":"product_tag-guong-treo-tuong-day-da-hue","11":"first","12":"instock","13":"sale","14":"shipping-taxable","15":"purchasable","16":"product-type-simple"},"yoast_head":"<!-- This site is optimized with the Yoast SEO Premium plugin v22.3 (Yoast SEO v22.4) - https:\/\/yoast.com\/wordpress\/plugins\/seo\/ -->\n<title>G\u01b0\u01a1ng soi d\u00e2y da treo t\u01b0\u1eddng ph\u00f2ng t\u1eafm Hu\u1ebf - 0903.595.049<\/title>\n<meta name=\"description\" content=\"Tr\u1ea7n Th\u1ecb l\u00e0 ph\u00e2n ph\u1ed1i c\u00e1c s\u1ea3n ph\u1ea9m g\u01b0\u01a1ng nh\u01b0 g\u01b0\u01a1ng d\u00e2y da, \u0111\u00e8n led, d\u00e2y th\u1eebng t\u1ea1i Hu\u1ebf . Ch\u00fang t\u00f4i c\u00f3 s\u1ea3n xu\u1ea5t theo y\u00eau c\u1ea7u\" \/>\n<meta name=\"robots\" content=\"index, follow, max-snippet:-1, max-image-preview:large, max-video-preview:-1\" \/>\n<link rel=\"canonical\" href=\"https:\/\/tranthi.vn\/hochiminh\/guong-soi-phong-tam-day-da-hue\/\" \/>\n<meta property=\"og:locale\" content=\"vi_VN\" \/>\n<meta property=\"og:type\" content=\"article\" \/>\n<meta property=\"og:title\" content=\"G\u01b0\u01a1ng d\u00e2y da treo t\u01b0\u1eddng CN001\" \/>\n<meta property=\"og:description\" content=\"Tr\u1ea7n Th\u1ecb l\u00e0 ph\u00e2n ph\u1ed1i c\u00e1c s\u1ea3n ph\u1ea9m g\u01b0\u01a1ng nh\u01b0 g\u01b0\u01a1ng d\u00e2y da, \u0111\u00e8n led, d\u00e2y th\u1eebng t\u1ea1i Hu\u1ebf . Ch\u00fang t\u00f4i c\u00f3 s\u1ea3n xu\u1ea5t theo y\u00eau c\u1ea7u\" \/>\n<meta property=\"og:url\" content=\"https:\/\/tranthi.vn\/hochiminh\/guong-soi-phong-tam-day-da-hue\/\" \/>\n<meta property=\"og:site_name\" content=\"V\u1eadt Li\u1ec7u X\u00e2y D\u1ef1ng Tr\u1ea7n Th\u1ecb Chi Nh\u00e1nh H\u1ed3 Ch\u00ed Minh\" \/>\n<meta property=\"article:modified_time\" content=\"2022-03-31T01:27:02+00:00\" \/>\n<meta property=\"og:image\" content=\"https:\/\/tranthi.vn\/hochiminh\/wp-content\/uploads\/2021\/05\/guong-treo-tuong-day-da-hue.jpg\" \/>\n\t<meta property=\"og:image:width\" content=\"300\" \/>\n\t<meta property=\"og:image:height\" content=\"400\" \/>\n\t<meta property=\"og:image:type\" content=\"image\/jpeg\" \/>\n<meta name=\"twitter:card\" content=\"summary_large_image\" \/>\n<meta name=\"twitter:label1\" content=\"Gi\u00e1\" \/>\n\t<meta name=\"twitter:data1\" content=\"800,000&nbsp;&#8363;\" \/>\n\t<meta name=\"twitter:label2\" content=\"Kh\u1ea3 d\u1ee5ng\" \/>\n\t<meta name=\"twitter:data2\" content=\"Trong kho\" \/>\n<script type=\"application\/ld+json\" class=\"yoast-schema-graph\">{\"@context\":\"https:\/\/schema.org\",\"@graph\":[{\"@type\":[\"WebPage\",\"ItemPage\"],\"@id\":\"https:\/\/tranthi.vn\/hochiminh\/guong-soi-phong-tam-day-da-hue\/\",\"url\":\"https:\/\/tranthi.vn\/hochiminh\/guong-soi-phong-tam-day-da-hue\/\",\"name\":\"G\u01b0\u01a1ng soi d\u00e2y da treo t\u01b0\u1eddng ph\u00f2ng t\u1eafm Hu\u1ebf - 0903.595.049\",\"isPartOf\":{\"@id\":\"https:\/\/tranthi.vn\/hochiminh\/#website\"},\"primaryImageOfPage\":{\"@id\":\"https:\/\/tranthi.vn\/hochiminh\/guong-soi-phong-tam-day-da-hue\/#primaryimage\"},\"image\":{\"@id\":\"https:\/\/tranthi.vn\/hochiminh\/guong-soi-phong-tam-day-da-hue\/#primaryimage\"},\"thumbnailUrl\":\"https:\/\/tranthi.vn\/hochiminh\/wp-content\/uploads\/2021\/05\/guong-treo-tuong-day-da-hue.jpg\",\"datePublished\":\"2021-05-14T07:27:28+00:00\",\"dateModified\":\"2022-03-31T01:27:02+00:00\",\"description\":\"Tr\u1ea7n Th\u1ecb l\u00e0 ph\u00e2n ph\u1ed1i c\u00e1c s\u1ea3n ph\u1ea9m g\u01b0\u01a1ng nh\u01b0 g\u01b0\u01a1ng d\u00e2y da, \u0111\u00e8n led, d\u00e2y th\u1eebng t\u1ea1i Hu\u1ebf . Ch\u00fang t\u00f4i c\u00f3 s\u1ea3n xu\u1ea5t theo y\u00eau c\u1ea7u\",\"breadcrumb\":{\"@id\":\"https:\/\/tranthi.vn\/hochiminh\/guong-soi-phong-tam-day-da-hue\/#breadcrumb\"},\"inLanguage\":\"vi\",\"potentialAction\":[{\"@type\":\"ReadAction\",\"target\":[\"https:\/\/tranthi.vn\/hochiminh\/guong-soi-phong-tam-day-da-hue\/\"]}]},{\"@type\":\"ImageObject\",\"inLanguage\":\"vi\",\"@id\":\"https:\/\/tranthi.vn\/hochiminh\/guong-soi-phong-tam-day-da-hue\/#primaryimage\",\"url\":\"https:\/\/tranthi.vn\/hochiminh\/wp-content\/uploads\/2021\/05\/guong-treo-tuong-day-da-hue.jpg\",\"contentUrl\":\"https:\/\/tranthi.vn\/hochiminh\/wp-content\/uploads\/2021\/05\/guong-treo-tuong-day-da-hue.jpg\",\"width\":300,\"height\":400,\"caption\":\"guong-treo-tuong-day-da-hue\"},{\"@type\":\"BreadcrumbList\",\"@id\":\"https:\/\/tranthi.vn\/hochiminh\/guong-soi-phong-tam-day-da-hue\/#breadcrumb\",\"itemListElement\":[{\"@type\":\"ListItem\",\"position\":1,\"name\":\"Trang ch\u1ee7\",\"item\":\"https:\/\/tranthi.vn\/hochiminh\/\"},{\"@type\":\"ListItem\",\"position\":2,\"name\":\"Shop\",\"item\":\"https:\/\/tranthi.vn\/hochiminh\/shop\/\"},{\"@type\":\"ListItem\",\"position\":3,\"name\":\"G\u01b0\u01a1ng d\u00e2y da treo t\u01b0\u1eddng CN001\"}]},{\"@type\":\"WebSite\",\"@id\":\"https:\/\/tranthi.vn\/hochiminh\/#website\",\"url\":\"https:\/\/tranthi.vn\/hochiminh\/\",\"name\":\"V\u1eadt Li\u1ec7u X\u00e2y D\u1ef1ng Tr\u1ea7n Th\u1ecb Chi Nh\u00e1nh H\u1ed3 Ch\u00ed Minh\",\"description\":\"V\u1eadt Li\u1ec7u X\u00e2y D\u1ef1ng - H\u1ed3 Ch\u00ed Minh\",\"potentialAction\":[{\"@type\":\"SearchAction\",\"target\":{\"@type\":\"EntryPoint\",\"urlTemplate\":\"https:\/\/tranthi.vn\/hochiminh\/?s={search_term_string}\"},\"query-input\":\"required name=search_term_string\"}],\"inLanguage\":\"vi\"},{\"@type\":\"ImageObject\",\"inLanguage\":\"vi\",\"@id\":\"https:\/\/tranthi.vn\/hochiminh\/guong-soi-phong-tam-day-da-hue\/#local-main-organization-logo\",\"url\":\"\",\"contentUrl\":\"\",\"caption\":\"V\u1eadt Li\u1ec7u X\u00e2y D\u1ef1ng Tr\u1ea7n Th\u1ecb Chi Nh\u00e1nh H\u1ed3 Ch\u00ed Minh\"}]}<\/script>\n<meta property=\"product:price:amount\" content=\"800000\" \/>\n<meta property=\"product:price:currency\" content=\"VND\" \/>\n<meta property=\"og:availability\" content=\"instock\" \/>\n<meta property=\"product:availability\" content=\"instock\" \/>\n<meta property=\"product:condition\" content=\"new\" \/>\n<!-- \/ Yoast SEO Premium plugin. -->","yoast_head_json":{"title":"G\u01b0\u01a1ng soi d\u00e2y da treo t\u01b0\u1eddng ph\u00f2ng t\u1eafm Hu\u1ebf - 0903.595.049","description":"Tr\u1ea7n Th\u1ecb l\u00e0 ph\u00e2n ph\u1ed1i c\u00e1c s\u1ea3n ph\u1ea9m g\u01b0\u01a1ng nh\u01b0 g\u01b0\u01a1ng d\u00e2y da, \u0111\u00e8n led, d\u00e2y th\u1eebng t\u1ea1i Hu\u1ebf . Ch\u00fang t\u00f4i c\u00f3 s\u1ea3n xu\u1ea5t theo y\u00eau c\u1ea7u","robots":{"index":"index","follow":"follow","max-snippet":"max-snippet:-1","max-image-preview":"max-image-preview:large","max-video-preview":"max-video-preview:-1"},"canonical":"https:\/\/tranthi.vn\/hochiminh\/guong-soi-phong-tam-day-da-hue\/","og_locale":"vi_VN","og_type":"article","og_title":"G\u01b0\u01a1ng d\u00e2y da treo t\u01b0\u1eddng CN001","og_description":"Tr\u1ea7n Th\u1ecb l\u00e0 ph\u00e2n ph\u1ed1i c\u00e1c s\u1ea3n ph\u1ea9m g\u01b0\u01a1ng nh\u01b0 g\u01b0\u01a1ng d\u00e2y da, \u0111\u00e8n led, d\u00e2y th\u1eebng t\u1ea1i Hu\u1ebf . Ch\u00fang t\u00f4i c\u00f3 s\u1ea3n xu\u1ea5t theo y\u00eau c\u1ea7u","og_url":"https:\/\/tranthi.vn\/hochiminh\/guong-soi-phong-tam-day-da-hue\/","og_site_name":"V\u1eadt Li\u1ec7u X\u00e2y D\u1ef1ng Tr\u1ea7n Th\u1ecb Chi Nh\u00e1nh H\u1ed3 Ch\u00ed Minh","article_modified_time":"2022-03-31T01:27:02+00:00","og_image":[{"width":300,"height":400,"url":"https:\/\/tranthi.vn\/hochiminh\/wp-content\/uploads\/2021\/05\/guong-treo-tuong-day-da-hue.jpg","type":"image\/jpeg"}],"twitter_card":"summary_large_image","twitter_misc":{"Gi\u00e1":"800,000&nbsp;&#8363;","Kh\u1ea3 d\u1ee5ng":"Trong kho"},"schema":{"@context":"https:\/\/schema.org","@graph":[{"@type":["WebPage","ItemPage"],"@id":"https:\/\/tranthi.vn\/hochiminh\/guong-soi-phong-tam-day-da-hue\/","url":"https:\/\/tranthi.vn\/hochiminh\/guong-soi-phong-tam-day-da-hue\/","name":"G\u01b0\u01a1ng soi d\u00e2y da treo t\u01b0\u1eddng ph\u00f2ng t\u1eafm Hu\u1ebf - 0903.595.049","isPartOf":{"@id":"https:\/\/tranthi.vn\/hochiminh\/#website"},"primaryImageOfPage":{"@id":"https:\/\/tranthi.vn\/hochiminh\/guong-soi-phong-tam-day-da-hue\/#primaryimage"},"image":{"@id":"https:\/\/tranthi.vn\/hochiminh\/guong-soi-phong-tam-day-da-hue\/#primaryimage"},"thumbnailUrl":"https:\/\/tranthi.vn\/hochiminh\/wp-content\/uploads\/2021\/05\/guong-treo-tuong-day-da-hue.jpg","datePublished":"2021-05-14T07:27:28+00:00","dateModified":"2022-03-31T01:27:02+00:00","description":"Tr\u1ea7n Th\u1ecb l\u00e0 ph\u00e2n ph\u1ed1i c\u00e1c s\u1ea3n ph\u1ea9m g\u01b0\u01a1ng nh\u01b0 g\u01b0\u01a1ng d\u00e2y da, \u0111\u00e8n led, d\u00e2y th\u1eebng t\u1ea1i Hu\u1ebf . Ch\u00fang t\u00f4i c\u00f3 s\u1ea3n xu\u1ea5t theo y\u00eau c\u1ea7u","breadcrumb":{"@id":"https:\/\/tranthi.vn\/hochiminh\/guong-soi-phong-tam-day-da-hue\/#breadcrumb"},"inLanguage":"vi","potentialAction":[{"@type":"ReadAction","target":["https:\/\/tranthi.vn\/hochiminh\/guong-soi-phong-tam-day-da-hue\/"]}]},{"@type":"ImageObject","inLanguage":"vi","@id":"https:\/\/tranthi.vn\/hochiminh\/guong-soi-phong-tam-day-da-hue\/#primaryimage","url":"https:\/\/tranthi.vn\/hochiminh\/wp-content\/uploads\/2021\/05\/guong-treo-tuong-day-da-hue.jpg","contentUrl":"https:\/\/tranthi.vn\/hochiminh\/wp-content\/uploads\/2021\/05\/guong-treo-tuong-day-da-hue.jpg","width":300,"height":400,"caption":"guong-treo-tuong-day-da-hue"},{"@type":"BreadcrumbList","@id":"https:\/\/tranthi.vn\/hochiminh\/guong-soi-phong-tam-day-da-hue\/#breadcrumb","itemListElement":[{"@type":"ListItem","position":1,"name":"Trang ch\u1ee7","item":"https:\/\/tranthi.vn\/hochiminh\/"},{"@type":"ListItem","position":2,"name":"Shop","item":"https:\/\/tranthi.vn\/hochiminh\/shop\/"},{"@type":"ListItem","position":3,"name":"G\u01b0\u01a1ng d\u00e2y da treo t\u01b0\u1eddng CN001"}]},{"@type":"WebSite","@id":"https:\/\/tranthi.vn\/hochiminh\/#website","url":"https:\/\/tranthi.vn\/hochiminh\/","name":"V\u1eadt Li\u1ec7u X\u00e2y D\u1ef1ng Tr\u1ea7n Th\u1ecb Chi Nh\u00e1nh H\u1ed3 Ch\u00ed Minh","description":"V\u1eadt Li\u1ec7u X\u00e2y D\u1ef1ng - H\u1ed3 Ch\u00ed Minh","potentialAction":[{"@type":"SearchAction","target":{"@type":"EntryPoint","urlTemplate":"https:\/\/tranthi.vn\/hochiminh\/?s={search_term_string}"},"query-input":"required name=search_term_string"}],"inLanguage":"vi"},{"@type":"ImageObject","inLanguage":"vi","@id":"https:\/\/tranthi.vn\/hochiminh\/guong-soi-phong-tam-day-da-hue\/#local-main-organization-logo","url":"","contentUrl":"","caption":"V\u1eadt Li\u1ec7u X\u00e2y D\u1ef1ng Tr\u1ea7n Th\u1ecb Chi Nh\u00e1nh H\u1ed3 Ch\u00ed Minh"}]},"product_price_amount":"800000","product_price_currency":"VND","og_availability":"instock","product_availability":"instock","product_condition":"new"},"_links":{"self":[{"href":"https:\/\/tranthi.vn\/hochiminh\/wp-json\/wp\/v2\/product\/3142","targetHints":{"allow":["GET"]}}],"collection":[{"href":"https:\/\/tranthi.vn\/hochiminh\/wp-json\/wp\/v2\/product"}],"about":[{"href":"https:\/\/tranthi.vn\/hochiminh\/wp-json\/wp\/v2\/types\/product"}],"replies":[{"embeddable":true,"href":"https:\/\/tranthi.vn\/hochiminh\/wp-json\/wp\/v2\/comments?post=3142"}],"wp:featuredmedia":[{"embeddable":true,"href":"https:\/\/tranthi.vn\/hochiminh\/wp-json\/wp\/v2\/media\/4237"}],"wp:attachment":[{"href":"https:\/\/tranthi.vn\/hochiminh\/wp-json\/wp\/v2\/media?parent=3142"}],"wp:term":[{"taxonomy":"product_cat","embeddable":true,"href":"https:\/\/tranthi.vn\/hochiminh\/wp-json\/wp\/v2\/product_cat?post=3142"},{"taxonomy":"product_tag","embeddable":true,"href":"https:\/\/tranthi.vn\/hochiminh\/wp-json\/wp\/v2\/product_tag?post=3142"}],"curies":[{"name":"wp","href":"https:\/\/api.w.org\/{rel}","templated":true}]}}