{"id":2828,"date":"2021-03-17T15:46:36","date_gmt":"2021-03-17T08:46:36","guid":{"rendered":"https:\/\/tranthi.vn\/?post_type=product&#038;p=2828"},"modified":"2024-11-09T08:20:52","modified_gmt":"2024-11-09T01:20:52","slug":"gia-ngoi-lop-nha-tai-ho-chi-minh-sai-gon","status":"publish","type":"product","link":"https:\/\/tranthi.vn\/hochiminh\/gia-ngoi-lop-nha-tai-ho-chi-minh-sai-gon\/","title":{"rendered":"Gi\u00e1 ng\u00f3i l\u1ee3p nh\u00e0 H\u1ea1 Long 2"},"content":{"rendered":"<h1 style=\"text-align: center;\" data-adtags-visited=\"true\"><a href=\"https:\/\/tranthi.vn\/hochiminh\/gia-ngoi-lop-nha-tai-ho-chi-minh-sai-gon\/\"><span style=\"font-size: 160%; color: #ff0000;\"><strong><span style=\"font-family: 'times new roman', times, serif;\">GI\u00c1 NG\u00d3I L\u1ee2P \u0110\u1ea4T S\u00c9T NUNG T\u1ea0I Tp H\u1ed3 Ch\u00ed Minh<\/span><\/strong><\/span><\/a><\/h1>\n<h2><span style=\"font-family: 'times new roman', times, serif; font-size: 160%; color: #0000ff;\">1. Gi\u1edbi thi\u1ec7u chung v\u1ec1 <em>ng\u00f3i l\u1ee3p nh\u00e0<\/em> H\u1ea1 Long\u00a0<\/span><\/h2>\n<ul>\n<li data-adtags-visited=\"true\">\n<figure id=\"attachment_5957\" aria-describedby=\"caption-attachment-5957\" style=\"width: 334px\" class=\"wp-caption aligncenter\"><img loading=\"lazy\" decoding=\"async\" class=\" wp-image-5957\" src=\"https:\/\/tranthi.vn\/hochiminh\/wp-content\/uploads\/2021\/03\/ngoi-lop-dat-nung-tai-ho-chi-minh-sai-gon.jpg\" alt=\"ng\u00f3i l\u1ee3p \u0111\u1ea5t nung t\u1ea1i h\u1ed3 ch\u00ed minh- s\u00e0i g\u00f2n\" width=\"334\" height=\"334\" srcset=\"https:\/\/tranthi.vn\/hochiminh\/wp-content\/uploads\/2021\/03\/ngoi-lop-dat-nung-tai-ho-chi-minh-sai-gon.jpg 250w, https:\/\/tranthi.vn\/hochiminh\/wp-content\/uploads\/2021\/03\/ngoi-lop-dat-nung-tai-ho-chi-minh-sai-gon-100x100.jpg 100w\" sizes=\"auto, (max-width: 334px) 100vw, 334px\" \/><figcaption id=\"caption-attachment-5957\" class=\"wp-caption-text\"><em><span style=\"font-family: 'times new roman', times, serif;\">ng\u00f3i l\u1ee3p \u0111\u1ea5t nung t\u1ea1i h\u1ed3 ch\u00ed minh- s\u00e0i g\u00f2n<\/span><\/em><\/figcaption><\/figure>\n<p><span style=\"font-family: 'times new roman', times, serif; font-size: 150%;\"><span style=\"font-family: 'times new roman', times, serif; font-size: 150%;\"><strong><em>Ng\u00f3i<\/em><\/strong> H\u1ea1 Long, ng\u00f3i Viglacera l\u00e0 t\u00ean g\u1ecdi s\u1ea3n ph\u1ea9m Ng\u00f3i 22 vi\u00ean\/m2 c\u1ee7a\u00a0C\u00f4ng Ty C\u1ed5 Ph\u1ea7n Viglacera H\u1ea1 Long. S\u1ea3n ph\u1ea9m Ng\u00f3i 22 <em><strong>H\u1ea1 Long<\/strong><\/em> \u0111\u00e3 \u0111\u01b0\u1ee3c kh\u00e1ch h\u00e0ng t\u00edn nhi\u1ec7m v\u00e0 tin d\u00f9ng t\u1ea1i Vi\u1ec7t Nam c\u0169ng nh\u01b0 t\u1ea1i <a href=\"https:\/\/vi.wikipedia.org\/wiki\/Th%C3%A0nh_ph%E1%BB%91_H%E1%BB%93_Ch%C3%AD_Minh\"><b><i>Tp H\u1ed3 Ch\u00ed Minh<\/i><\/b><\/a>\u00a0n\u00f3i ri\u00eang<br \/>\n<\/span><\/span><\/li>\n<\/ul>\n<ul>\n<li data-adtags-visited=\"true\"><span style=\"font-family: 'times new roman', times, serif; font-size: 130%;\"><span style=\"font-size: 150%;\">Ng\u00f3i 22 H\u1ea1 Long \u2013 Ng\u00f3i 22 Viglacera H\u1ea1 Long l\u00e0 d\u00f2ng s\u1ea3n ph\u1ea9m ng\u00f3i l\u1ee3p \u0111\u1ea5t s\u00e9t\u00a0nung cao c\u1ea5p. N\u00f3i \u0111\u1ebfn ng\u00f3i H\u1ea1 Long l\u00e0 n\u00f3i \u0111\u1ebfn d\u00f2ng s\u1ea3n ph\u1ea9m <em><strong>ng\u00f3i l\u1ee3p<\/strong><\/em> cao c\u1ea5p, \u0111\u01b0\u1ee3c t\u1ea1o t\u1eeb c\u00e1c m\u1ecf \u0111\u1ea5t s\u00e9t Qu\u1ea3ng Ninh, s\u1ea3n xu\u1ea5t tr\u00ean d\u00e2y chuy\u1ec1n c\u00f4ng ngh\u1ec7 hi\u1ec7n \u0111\u1ea1i<\/span><\/span><\/li>\n<li data-adtags-visited=\"true\"><span style=\"font-family: 'times new roman', times, serif; font-size: 130%;\"><span style=\"font-size: 150%;\"><iframe loading=\"lazy\" src=\"\/\/www.youtube.com\/embed\/TQgIK6C4V2Q\" width=\"560\" height=\"314\" allowfullscreen=\"allowfullscreen\"><\/iframe><\/span><br \/>\n<\/span><\/li>\n<li data-adtags-visited=\"true\"><span style=\"font-family: 'times new roman', times, serif; font-size: 150%;\"><span style=\"font-family: 'times new roman', times, serif;\">S\u1eed d\u1ee5ng ng\u00f3i 22 H\u1ea1 Long s\u1ebd t\u1ea1o d\u00e1ng v\u1ebb c\u1ed5 k\u00ednh cho ng\u00f4i nh\u00e0 b\u1ea1n. Kh\u00e1c v\u1edbi ng\u00f3i m\u00e0u, <a href=\"https:\/\/cafeland.vn\/tin-tuc\/5-mau-ngoi-lop-nha-dep-hien-nay-89242.html#:~:text=Ng%C3%B3i%20l%E1%BB%A3p%20l%C3%A0%20v%E1%BA%ADt%20li%E1%BB%87u,th%E1%BA%A9m%20m%E1%BB%B9%20cho%20c%C3%B4ng%20tr%C3%ACnh.\">ng\u00f3i l\u1ee3p nh\u00e0<\/a> \u0111\u1ea5t s\u00e9t nung kh\u00f4ng b\u1ecb phai m\u00e0u, b\u1ea1c m\u00e0u\u00a0theo th\u1eddi gian,\u00a0kh\u00f4ng b\u1ecb th\u1ea5m n\u01b0\u1edbc, kh\u00f4ng g\u00e2y \u1ea9m th\u1ea5p. Ng\u00f3i \u0111\u1ea5t s\u00e9t\u00a0nung\u00a0\u00edt h\u1ea5p thu nhi\u1ec7t, \u00edt gi\u1eef nhi\u1ec7t h\u01a1n so v\u1edbi<em><strong> ng\u00f3i<\/strong><\/em> b\u00ea t\u00f4ng (xi m\u0103ng).<\/span><\/span><\/li>\n<li data-adtags-visited=\"true\"><span style=\"font-family: 'times new roman', times, serif; font-size: 150%;\">Ng\u00f3i 22 H\u1ea1 Long \u0111\u01b0\u1ee3c d\u00f9ng l\u00e0m v\u1eadt li\u1ec7u m\u00e1i <strong><em>l\u1ee3p<\/em> <\/strong>cho c\u00e1c c\u00f4ng tr\u00ecnh nh\u01b0 ch\u00f9a chi\u1ec1ng, resort, nh\u00e0 d\u00e2n, l\u00e0m v\u1eadt li\u1ec7u trang tr\u00ed cho m\u00e1i c\u1ed5ng, m\u00e1i c\u1eeda s\u1ed5.<\/span><\/li>\n<\/ul>\n<figure id=\"attachment_5958\" aria-describedby=\"caption-attachment-5958\" style=\"width: 289px\" class=\"wp-caption aligncenter\"><img loading=\"lazy\" decoding=\"async\" class=\" wp-image-5958\" src=\"https:\/\/tranthi.vn\/hochiminh\/wp-content\/uploads\/2021\/03\/ngoi-lop-dat-nung-tai-ho-chi-minh-sai-gon-1.jpg\" alt=\"ng\u00f3i l\u1ee3p \u0111\u1ea5t nung t\u1ea1i h\u1ed3 ch\u00ed minh - s\u00e0i g\u00f2n\" width=\"289\" height=\"289\" srcset=\"https:\/\/tranthi.vn\/hochiminh\/wp-content\/uploads\/2021\/03\/ngoi-lop-dat-nung-tai-ho-chi-minh-sai-gon-1.jpg 250w, https:\/\/tranthi.vn\/hochiminh\/wp-content\/uploads\/2021\/03\/ngoi-lop-dat-nung-tai-ho-chi-minh-sai-gon-1-100x100.jpg 100w\" sizes=\"auto, (max-width: 289px) 100vw, 289px\" \/><figcaption id=\"caption-attachment-5958\" class=\"wp-caption-text\"><span style=\"font-family: 'times new roman', times, serif;\"><em>ng\u00f3i l\u1ee3p \u0111\u1ea5t nung t\u1ea1i h\u1ed3 ch\u00ed minh &#8211; s\u00e0i g\u00f2n<\/em><\/span><\/figcaption><\/figure>\n<h3><strong><span style=\"font-family: 'times new roman', times, serif; font-size: 160%; color: #0000ff;\">2. \u0110\u1eb7c \u0111i\u1ec3m k\u1ef9 thu\u1eadt c\u1ee7a ng\u00f3i H\u1ea1 Long 22 vi\u00ean:<\/span><\/strong><\/h3>\n<p><span style=\"font-family: 'times new roman', times, serif; font-size: 150%;\">&#8211; T\u00ean s\u1ea3n Ph\u1ea9m:\u00a0<em>Ng\u00f3i<\/em> Viglacera H\u1ea1 Long\u00a022v\/m2<\/span><\/p>\n<p><span style=\"font-family: 'times new roman', times, serif; font-size: 150%;\">&#8211; K\u00edch th\u01b0\u1edbc vi\u00ean ng\u00f3i: 340x200x13 mm<\/span><\/p>\n<p><span style=\"font-family: 'times new roman', times, serif; font-size: 150%;\">&#8211; Tr\u1ecdng l\u01b0\u1ee3ng: (2.0+ 0.05) kg\/vi\u00ean.<\/span><\/p>\n<p><span style=\"font-family: 'times new roman', times, serif; font-size: 150%;\">&#8211; \u0110\u1ed9 d\u1ed1c t\u1ed1i thi\u1ec3u: 17 \u0111\u1ed9<\/span><\/p>\n<p><span style=\"font-family: 'times new roman', times, serif; font-size: 150%;\">&#8211; \u0110\u1ed9 d\u1ed1c t\u1ed1i \u0111a: 90 \u0111\u1ed9<\/span><\/p>\n<p><span style=\"font-family: 'times new roman', times, serif; font-size: 150%;\">&#8211; \u0110\u1ed9 d\u1ed1c t\u1ed1i \u01b0u: 30 \u0111\u1ed9 &#8211; 35 \u0111\u1ed9<\/span><\/p>\n<p><span style=\"font-family: 'times new roman', times, serif; font-size: 150%;\">&#8211; Ph\u1ea7n ph\u1ee7 (ch\u1ed3ng m\u00ed): T\u1ed1i thi\u1ec3u 60 mm<\/span><\/p>\n<p><span style=\"font-family: 'times new roman', times, serif; font-size: 150%;\">&#8211; \u0110\u1ed9 h\u00fat n\u01b0\u1edbc: &lt; 6 %<\/span><\/p>\n<p><span style=\"font-family: 'times new roman', times, serif; font-size: 150%;\">&#8211; Th\u1eddi gian xuy\u00ean n\u01b0\u1edbc: &gt; 120 ph\u00fat<\/span><\/p>\n<p><span style=\"font-family: 'times new roman', times, serif; font-size: 150%;\">&#8211; Kho\u1ea3ng c\u00e1ch m\u00e8: x\u1ea5p x\u1ec9 267 mm<\/span><\/p>\n<p><span style=\"font-family: 'times new roman', times, serif; font-size: 150%;\">&#8211; S\u1ed1 l\u01b0\u1ee3ng vi\u00ean\/m2: 22 vi\u00ean<\/span><\/p>\n<p><span style=\"font-family: 'times new roman', times, serif; font-size: 150%;\">&#8211; \u0110\u01a1n <a href=\"https:\/\/vi.wikipedia.org\/wiki\/Gi%C3%A1\"><strong><em>Gi\u00e1<\/em><\/strong><\/a>: 10.800\/vi\u00ean<\/span><\/p>\n<p><span style=\"font-family: 'times new roman', times, serif; font-size: 150%;\">&#8211; H\u00e3ng S\u1ea3n Xu\u1ea5t: C\u00f4ng ty CP G\u1ea1ch G\u1ed1m Viglacera H\u1ea1 Long.<\/span><\/p>\n<blockquote class=\"tiktok-embed\" cite=\"https:\/\/www.tiktok.com\/@manh.tep8\/video\/7319785127855377665\" data-video-id=\"7319785127855377665\" data-embed-from=\"oembed\" style=\"max-width:605px; min-width:325px;\">\n<section> <a target=\"_blank\" title=\"@manh.tep8\" href=\"https:\/\/www.tiktok.com\/@manh.tep8?refer=embed\">@manh.tep8<\/a> <\/p>\n<p><a title=\"ng\u00f3i\" target=\"_blank\" href=\"https:\/\/www.tiktok.com\/tag\/ng%C3%B3i?refer=embed\">#ng\u00f3i<\/a> \u0111\u1ea5t s\u00e9t nung th\u01b0\u01a1ng hi\u1ec7u h\u1ea1 long<a title=\"hellovietnam\" target=\"_blank\" href=\"https:\/\/www.tiktok.com\/tag\/hellovietnam?refer=embed\">#HelloVietnam<\/a> <a title=\"xuhuongtiktok2024\" target=\"_blank\" href=\"https:\/\/www.tiktok.com\/tag\/xuhuongtiktok2024?refer=embed\">#xuhuongtiktok2024<\/a> <\/p>\n<p> <a target=\"_blank\" title=\"\u266c Windy Hill - \u7fbd\u80bf\" href=\"https:\/\/www.tiktok.com\/music\/Windy-Hill-6965889648140748807?refer=embed\">\u266c Windy Hill &#8211; \u7fbd\u80bf<\/a> <\/section>\n<\/blockquote>\n<p> <script async src=\"https:\/\/www.tiktok.com\/embed.js\"><\/script><\/p>\n<p><span style=\"font-family: 'times new roman', times, serif; font-size: 150%;\">* Giao h\u00e0ng t\u1eadn n\u01a1i. Mi\u1ec5n ph\u00ed giao h\u00e0ng n\u1ed9i th\u00e0nh\u00a0<strong><em><a href=\"https:\/\/vi.wikipedia.org\/wiki\/%E1%BB%A6y_ban_nh%C3%A2n_d%C3%A2n_Th%C3%A0nh_ph%E1%BB%91_H%E1%BB%93_Ch%C3%AD_Minh\">Tp H\u1ed3 Ch\u00ed Minh<\/a><\/em><\/strong><\/span><\/p>\n<p><span style=\"font-family: 'times new roman', times, serif; font-size: 150%;\">* \u0110\u01a1n<em><strong> gi\u00e1<\/strong> <\/em>tr\u00ean \u0111\u00e3 bao g\u1ed3m VAT (10%).<\/span><\/p>\n<p><iframe loading=\"lazy\" src=\"\/\/www.youtube.com\/embed\/udZ9SxyQl4M\" width=\"560\" height=\"314\" allowfullscreen=\"allowfullscreen\"><\/iframe><\/p>\n","protected":false},"excerpt":{"rendered":"<p>GI\u00c1 NG\u00d3I L\u1ee2P \u0110\u1ea4T S\u00c9T NUNG T\u1ea0I Tp H\u1ed3 Ch\u00ed Minh 1. Gi\u1edbi thi\u1ec7u chung v\u1ec1 ng\u00f3i l\u1ee3p nh\u00e0 H\u1ea1 Long\u00a0 Ng\u00f3i H\u1ea1 Long, ng\u00f3i Viglacera l\u00e0 t\u00ean g\u1ecdi s\u1ea3n ph\u1ea9m Ng\u00f3i 22 vi\u00ean\/m2 c\u1ee7a\u00a0C\u00f4ng Ty C\u1ed5 Ph\u1ea7n Viglacera H\u1ea1 Long. S\u1ea3n ph\u1ea9m Ng\u00f3i 22 H\u1ea1 Long \u0111\u00e3 \u0111\u01b0\u1ee3c kh\u00e1ch h\u00e0ng t\u00edn nhi\u1ec7m v\u00e0 tin [&#8230;]\n","protected":false},"featured_media":3648,"comment_status":"closed","ping_status":"closed","template":"","meta":[],"product_cat":[111],"product_tag":[],"class_list":{"0":"post-2828","1":"product","2":"type-product","3":"status-publish","4":"has-post-thumbnail","6":"product_cat-gia-ngoi-lop-nha-hue","8":"first","9":"instock","10":"sale","11":"shipping-taxable","12":"purchasable","13":"product-type-simple"},"yoast_head":"<!-- This site is optimized with the Yoast SEO Premium plugin v22.3 (Yoast SEO v22.4) - https:\/\/yoast.com\/wordpress\/plugins\/seo\/ -->\n<title>Ng\u00f3i l\u1ee3p nh\u00e0 \u0111\u1ea5t s\u00e9t nung Viglacera H\u1ea1 Long T\u1ea1i Tp H\u1ed3 Ch\u00ed Minh<\/title>\n<meta name=\"description\" content=\"Tr\u1ea7n Th\u1ecb l\u00e0 nh\u00e0 ph\u00e2n ph\u1ed1i ng\u00f3i l\u1ee3p nh\u00e0 \u0111\u1ea5t s\u00e9t nung gi\u00e1 r\u1ebb t\u1ea1i Tp H\u1ed3 Ch\u00ed Minh. Ng\u00f3i l\u1ee3p 22 vi\u00ean H\u1ea1 Long, ng\u00f3i l\u1ee3p H\u1ea1 Long b\u1ec1n m\u00e0u theo th\u1eddi gian\" \/>\n<meta name=\"robots\" content=\"index, follow, max-snippet:-1, max-image-preview:large, max-video-preview:-1\" \/>\n<link rel=\"canonical\" href=\"https:\/\/tranthi.vn\/hochiminh\/gia-ngoi-lop-nha-tai-ho-chi-minh-sai-gon\/\" \/>\n<meta property=\"og:locale\" content=\"vi_VN\" \/>\n<meta property=\"og:type\" content=\"article\" \/>\n<meta property=\"og:title\" content=\"Gi\u00e1 ng\u00f3i l\u1ee3p nh\u00e0 H\u1ea1 Long 2\" \/>\n<meta property=\"og:description\" content=\"Tr\u1ea7n Th\u1ecb l\u00e0 nh\u00e0 ph\u00e2n ph\u1ed1i ng\u00f3i l\u1ee3p nh\u00e0 \u0111\u1ea5t s\u00e9t nung gi\u00e1 r\u1ebb t\u1ea1i Tp H\u1ed3 Ch\u00ed Minh. Ng\u00f3i l\u1ee3p 22 vi\u00ean H\u1ea1 Long, ng\u00f3i l\u1ee3p H\u1ea1 Long b\u1ec1n m\u00e0u theo th\u1eddi gian\" \/>\n<meta property=\"og:url\" content=\"https:\/\/tranthi.vn\/hochiminh\/gia-ngoi-lop-nha-tai-ho-chi-minh-sai-gon\/\" \/>\n<meta property=\"og:site_name\" content=\"V\u1eadt Li\u1ec7u X\u00e2y D\u1ef1ng Tr\u1ea7n Th\u1ecb Chi Nh\u00e1nh H\u1ed3 Ch\u00ed Minh\" \/>\n<meta property=\"article:modified_time\" content=\"2024-11-09T01:20:52+00:00\" \/>\n<meta property=\"og:image\" content=\"https:\/\/tranthi.vn\/hochiminh\/wp-content\/uploads\/2021\/03\/mau-ngoi-lop-nha-hue.jpg\" \/>\n\t<meta property=\"og:image:width\" content=\"250\" \/>\n\t<meta property=\"og:image:height\" content=\"250\" \/>\n\t<meta property=\"og:image:type\" content=\"image\/jpeg\" \/>\n<meta name=\"twitter:card\" content=\"summary_large_image\" \/>\n<meta name=\"twitter:label1\" content=\"Gi\u00e1\" \/>\n\t<meta name=\"twitter:data1\" content=\"10,700&nbsp;&#8363;\" \/>\n\t<meta name=\"twitter:label2\" content=\"Kh\u1ea3 d\u1ee5ng\" \/>\n\t<meta name=\"twitter:data2\" content=\"Trong kho\" \/>\n<script type=\"application\/ld+json\" class=\"yoast-schema-graph\">{\"@context\":\"https:\/\/schema.org\",\"@graph\":[{\"@type\":[\"WebPage\",\"ItemPage\"],\"@id\":\"https:\/\/tranthi.vn\/hochiminh\/gia-ngoi-lop-nha-tai-ho-chi-minh-sai-gon\/\",\"url\":\"https:\/\/tranthi.vn\/hochiminh\/gia-ngoi-lop-nha-tai-ho-chi-minh-sai-gon\/\",\"name\":\"Ng\u00f3i l\u1ee3p nh\u00e0 \u0111\u1ea5t s\u00e9t nung Viglacera H\u1ea1 Long T\u1ea1i Tp H\u1ed3 Ch\u00ed Minh\",\"isPartOf\":{\"@id\":\"https:\/\/tranthi.vn\/hochiminh\/#website\"},\"primaryImageOfPage\":{\"@id\":\"https:\/\/tranthi.vn\/hochiminh\/gia-ngoi-lop-nha-tai-ho-chi-minh-sai-gon\/#primaryimage\"},\"image\":{\"@id\":\"https:\/\/tranthi.vn\/hochiminh\/gia-ngoi-lop-nha-tai-ho-chi-minh-sai-gon\/#primaryimage\"},\"thumbnailUrl\":\"https:\/\/tranthi.vn\/hochiminh\/wp-content\/uploads\/2021\/03\/mau-ngoi-lop-nha-hue.jpg\",\"datePublished\":\"2021-03-17T08:46:36+00:00\",\"dateModified\":\"2024-11-09T01:20:52+00:00\",\"description\":\"Tr\u1ea7n Th\u1ecb l\u00e0 nh\u00e0 ph\u00e2n ph\u1ed1i ng\u00f3i l\u1ee3p nh\u00e0 \u0111\u1ea5t s\u00e9t nung gi\u00e1 r\u1ebb t\u1ea1i Tp H\u1ed3 Ch\u00ed Minh. Ng\u00f3i l\u1ee3p 22 vi\u00ean H\u1ea1 Long, ng\u00f3i l\u1ee3p H\u1ea1 Long b\u1ec1n m\u00e0u theo th\u1eddi gian\",\"breadcrumb\":{\"@id\":\"https:\/\/tranthi.vn\/hochiminh\/gia-ngoi-lop-nha-tai-ho-chi-minh-sai-gon\/#breadcrumb\"},\"inLanguage\":\"vi\",\"potentialAction\":[{\"@type\":\"ReadAction\",\"target\":[\"https:\/\/tranthi.vn\/hochiminh\/gia-ngoi-lop-nha-tai-ho-chi-minh-sai-gon\/\"]}]},{\"@type\":\"ImageObject\",\"inLanguage\":\"vi\",\"@id\":\"https:\/\/tranthi.vn\/hochiminh\/gia-ngoi-lop-nha-tai-ho-chi-minh-sai-gon\/#primaryimage\",\"url\":\"https:\/\/tranthi.vn\/hochiminh\/wp-content\/uploads\/2021\/03\/mau-ngoi-lop-nha-hue.jpg\",\"contentUrl\":\"https:\/\/tranthi.vn\/hochiminh\/wp-content\/uploads\/2021\/03\/mau-ngoi-lop-nha-hue.jpg\",\"width\":250,\"height\":250,\"caption\":\"m\u1eabu ng\u00f3i l\u1ee3p nh\u00e0 hu\u1ebf\"},{\"@type\":\"BreadcrumbList\",\"@id\":\"https:\/\/tranthi.vn\/hochiminh\/gia-ngoi-lop-nha-tai-ho-chi-minh-sai-gon\/#breadcrumb\",\"itemListElement\":[{\"@type\":\"ListItem\",\"position\":1,\"name\":\"Trang ch\u1ee7\",\"item\":\"https:\/\/tranthi.vn\/hochiminh\/\"},{\"@type\":\"ListItem\",\"position\":2,\"name\":\"Shop\",\"item\":\"https:\/\/tranthi.vn\/hochiminh\/shop\/\"},{\"@type\":\"ListItem\",\"position\":3,\"name\":\"Gi\u00e1 ng\u00f3i l\u1ee3p nh\u00e0 H\u1ea1 Long 2\"}]},{\"@type\":\"WebSite\",\"@id\":\"https:\/\/tranthi.vn\/hochiminh\/#website\",\"url\":\"https:\/\/tranthi.vn\/hochiminh\/\",\"name\":\"V\u1eadt Li\u1ec7u X\u00e2y D\u1ef1ng Tr\u1ea7n Th\u1ecb Chi Nh\u00e1nh H\u1ed3 Ch\u00ed Minh\",\"description\":\"V\u1eadt Li\u1ec7u X\u00e2y D\u1ef1ng - H\u1ed3 Ch\u00ed Minh\",\"potentialAction\":[{\"@type\":\"SearchAction\",\"target\":{\"@type\":\"EntryPoint\",\"urlTemplate\":\"https:\/\/tranthi.vn\/hochiminh\/?s={search_term_string}\"},\"query-input\":\"required name=search_term_string\"}],\"inLanguage\":\"vi\"},{\"@type\":\"ImageObject\",\"inLanguage\":\"vi\",\"@id\":\"https:\/\/tranthi.vn\/hochiminh\/gia-ngoi-lop-nha-tai-ho-chi-minh-sai-gon\/#local-main-organization-logo\",\"url\":\"\",\"contentUrl\":\"\",\"caption\":\"V\u1eadt Li\u1ec7u X\u00e2y D\u1ef1ng Tr\u1ea7n Th\u1ecb Chi Nh\u00e1nh H\u1ed3 Ch\u00ed Minh\"}]}<\/script>\n<meta property=\"product:price:amount\" content=\"10700\" \/>\n<meta property=\"product:price:currency\" content=\"VND\" \/>\n<meta property=\"og:availability\" content=\"instock\" \/>\n<meta property=\"product:availability\" content=\"instock\" \/>\n<meta property=\"product:condition\" content=\"new\" \/>\n<!-- \/ Yoast SEO Premium plugin. -->","yoast_head_json":{"title":"Ng\u00f3i l\u1ee3p nh\u00e0 \u0111\u1ea5t s\u00e9t nung Viglacera H\u1ea1 Long T\u1ea1i Tp H\u1ed3 Ch\u00ed Minh","description":"Tr\u1ea7n Th\u1ecb l\u00e0 nh\u00e0 ph\u00e2n ph\u1ed1i ng\u00f3i l\u1ee3p nh\u00e0 \u0111\u1ea5t s\u00e9t nung gi\u00e1 r\u1ebb t\u1ea1i Tp H\u1ed3 Ch\u00ed Minh. Ng\u00f3i l\u1ee3p 22 vi\u00ean H\u1ea1 Long, ng\u00f3i l\u1ee3p H\u1ea1 Long b\u1ec1n m\u00e0u theo th\u1eddi gian","robots":{"index":"index","follow":"follow","max-snippet":"max-snippet:-1","max-image-preview":"max-image-preview:large","max-video-preview":"max-video-preview:-1"},"canonical":"https:\/\/tranthi.vn\/hochiminh\/gia-ngoi-lop-nha-tai-ho-chi-minh-sai-gon\/","og_locale":"vi_VN","og_type":"article","og_title":"Gi\u00e1 ng\u00f3i l\u1ee3p nh\u00e0 H\u1ea1 Long 2","og_description":"Tr\u1ea7n Th\u1ecb l\u00e0 nh\u00e0 ph\u00e2n ph\u1ed1i ng\u00f3i l\u1ee3p nh\u00e0 \u0111\u1ea5t s\u00e9t nung gi\u00e1 r\u1ebb t\u1ea1i Tp H\u1ed3 Ch\u00ed Minh. Ng\u00f3i l\u1ee3p 22 vi\u00ean H\u1ea1 Long, ng\u00f3i l\u1ee3p H\u1ea1 Long b\u1ec1n m\u00e0u theo th\u1eddi gian","og_url":"https:\/\/tranthi.vn\/hochiminh\/gia-ngoi-lop-nha-tai-ho-chi-minh-sai-gon\/","og_site_name":"V\u1eadt Li\u1ec7u X\u00e2y D\u1ef1ng Tr\u1ea7n Th\u1ecb Chi Nh\u00e1nh H\u1ed3 Ch\u00ed Minh","article_modified_time":"2024-11-09T01:20:52+00:00","og_image":[{"width":250,"height":250,"url":"https:\/\/tranthi.vn\/hochiminh\/wp-content\/uploads\/2021\/03\/mau-ngoi-lop-nha-hue.jpg","type":"image\/jpeg"}],"twitter_card":"summary_large_image","twitter_misc":{"Gi\u00e1":"10,700&nbsp;&#8363;","Kh\u1ea3 d\u1ee5ng":"Trong kho"},"schema":{"@context":"https:\/\/schema.org","@graph":[{"@type":["WebPage","ItemPage"],"@id":"https:\/\/tranthi.vn\/hochiminh\/gia-ngoi-lop-nha-tai-ho-chi-minh-sai-gon\/","url":"https:\/\/tranthi.vn\/hochiminh\/gia-ngoi-lop-nha-tai-ho-chi-minh-sai-gon\/","name":"Ng\u00f3i l\u1ee3p nh\u00e0 \u0111\u1ea5t s\u00e9t nung Viglacera H\u1ea1 Long T\u1ea1i Tp H\u1ed3 Ch\u00ed Minh","isPartOf":{"@id":"https:\/\/tranthi.vn\/hochiminh\/#website"},"primaryImageOfPage":{"@id":"https:\/\/tranthi.vn\/hochiminh\/gia-ngoi-lop-nha-tai-ho-chi-minh-sai-gon\/#primaryimage"},"image":{"@id":"https:\/\/tranthi.vn\/hochiminh\/gia-ngoi-lop-nha-tai-ho-chi-minh-sai-gon\/#primaryimage"},"thumbnailUrl":"https:\/\/tranthi.vn\/hochiminh\/wp-content\/uploads\/2021\/03\/mau-ngoi-lop-nha-hue.jpg","datePublished":"2021-03-17T08:46:36+00:00","dateModified":"2024-11-09T01:20:52+00:00","description":"Tr\u1ea7n Th\u1ecb l\u00e0 nh\u00e0 ph\u00e2n ph\u1ed1i ng\u00f3i l\u1ee3p nh\u00e0 \u0111\u1ea5t s\u00e9t nung gi\u00e1 r\u1ebb t\u1ea1i Tp H\u1ed3 Ch\u00ed Minh. Ng\u00f3i l\u1ee3p 22 vi\u00ean H\u1ea1 Long, ng\u00f3i l\u1ee3p H\u1ea1 Long b\u1ec1n m\u00e0u theo th\u1eddi gian","breadcrumb":{"@id":"https:\/\/tranthi.vn\/hochiminh\/gia-ngoi-lop-nha-tai-ho-chi-minh-sai-gon\/#breadcrumb"},"inLanguage":"vi","potentialAction":[{"@type":"ReadAction","target":["https:\/\/tranthi.vn\/hochiminh\/gia-ngoi-lop-nha-tai-ho-chi-minh-sai-gon\/"]}]},{"@type":"ImageObject","inLanguage":"vi","@id":"https:\/\/tranthi.vn\/hochiminh\/gia-ngoi-lop-nha-tai-ho-chi-minh-sai-gon\/#primaryimage","url":"https:\/\/tranthi.vn\/hochiminh\/wp-content\/uploads\/2021\/03\/mau-ngoi-lop-nha-hue.jpg","contentUrl":"https:\/\/tranthi.vn\/hochiminh\/wp-content\/uploads\/2021\/03\/mau-ngoi-lop-nha-hue.jpg","width":250,"height":250,"caption":"m\u1eabu ng\u00f3i l\u1ee3p nh\u00e0 hu\u1ebf"},{"@type":"BreadcrumbList","@id":"https:\/\/tranthi.vn\/hochiminh\/gia-ngoi-lop-nha-tai-ho-chi-minh-sai-gon\/#breadcrumb","itemListElement":[{"@type":"ListItem","position":1,"name":"Trang ch\u1ee7","item":"https:\/\/tranthi.vn\/hochiminh\/"},{"@type":"ListItem","position":2,"name":"Shop","item":"https:\/\/tranthi.vn\/hochiminh\/shop\/"},{"@type":"ListItem","position":3,"name":"Gi\u00e1 ng\u00f3i l\u1ee3p nh\u00e0 H\u1ea1 Long 2"}]},{"@type":"WebSite","@id":"https:\/\/tranthi.vn\/hochiminh\/#website","url":"https:\/\/tranthi.vn\/hochiminh\/","name":"V\u1eadt Li\u1ec7u X\u00e2y D\u1ef1ng Tr\u1ea7n Th\u1ecb Chi Nh\u00e1nh H\u1ed3 Ch\u00ed Minh","description":"V\u1eadt Li\u1ec7u X\u00e2y D\u1ef1ng - H\u1ed3 Ch\u00ed Minh","potentialAction":[{"@type":"SearchAction","target":{"@type":"EntryPoint","urlTemplate":"https:\/\/tranthi.vn\/hochiminh\/?s={search_term_string}"},"query-input":"required name=search_term_string"}],"inLanguage":"vi"},{"@type":"ImageObject","inLanguage":"vi","@id":"https:\/\/tranthi.vn\/hochiminh\/gia-ngoi-lop-nha-tai-ho-chi-minh-sai-gon\/#local-main-organization-logo","url":"","contentUrl":"","caption":"V\u1eadt Li\u1ec7u X\u00e2y D\u1ef1ng Tr\u1ea7n Th\u1ecb Chi Nh\u00e1nh H\u1ed3 Ch\u00ed Minh"}]},"product_price_amount":"10700","product_price_currency":"VND","og_availability":"instock","product_availability":"instock","product_condition":"new"},"_links":{"self":[{"href":"https:\/\/tranthi.vn\/hochiminh\/wp-json\/wp\/v2\/product\/2828","targetHints":{"allow":["GET"]}}],"collection":[{"href":"https:\/\/tranthi.vn\/hochiminh\/wp-json\/wp\/v2\/product"}],"about":[{"href":"https:\/\/tranthi.vn\/hochiminh\/wp-json\/wp\/v2\/types\/product"}],"replies":[{"embeddable":true,"href":"https:\/\/tranthi.vn\/hochiminh\/wp-json\/wp\/v2\/comments?post=2828"}],"wp:featuredmedia":[{"embeddable":true,"href":"https:\/\/tranthi.vn\/hochiminh\/wp-json\/wp\/v2\/media\/3648"}],"wp:attachment":[{"href":"https:\/\/tranthi.vn\/hochiminh\/wp-json\/wp\/v2\/media?parent=2828"}],"wp:term":[{"taxonomy":"product_cat","embeddable":true,"href":"https:\/\/tranthi.vn\/hochiminh\/wp-json\/wp\/v2\/product_cat?post=2828"},{"taxonomy":"product_tag","embeddable":true,"href":"https:\/\/tranthi.vn\/hochiminh\/wp-json\/wp\/v2\/product_tag?post=2828"}],"curies":[{"name":"wp","href":"https:\/\/api.w.org\/{rel}","templated":true}]}}