{"id":2760,"date":"2021-03-10T16:47:30","date_gmt":"2021-03-10T09:47:30","guid":{"rendered":"https:\/\/tranthi.vn\/?post_type=product&#038;p=2760"},"modified":"2025-06-21T10:57:37","modified_gmt":"2025-06-21T03:57:37","slug":"sen-day-tam-ho-chi-minh-sai-gon","status":"publish","type":"product","link":"https:\/\/tranthi.vn\/hochiminh\/sen-day-tam-ho-chi-minh-sai-gon\/","title":{"rendered":"DC 08 TNL"},"content":{"rendered":"<h1 style=\"text-align: center;\"><a href=\"https:\/\/tranthi.vn\/hochiminh\/sen-day-tam-ho-chi-minh-sai-gon\/\"><span style=\"color: #ff0000; font-family: 'times new roman', times, serif; font-size: 130%;\"><strong>Sen t\u1eafm d\u00e2y t\u1ea1i Tp. H\u1ed3 Ch\u00ed Minh<\/strong><\/span><\/a><\/h1>\n<h2><span style=\"font-family: 'times new roman', times, serif; font-size: 130%;\"><strong><span style=\"color: #0000ff;\">1.T\u1ed5ng quan v\u1ec1 sen d\u00e2y<\/span><\/strong><\/span><\/h2>\n<p><span style=\"font-family: 'times new roman', times, serif; font-size: 130%; color: #000000;\"><em><strong><a href=\"https:\/\/tranthi.vn\/sen-day-tam-da-nang\/\" target=\"_blank\" rel=\"noopener\">Sen t\u1eafm d\u00e2y<\/a> <\/strong><\/em>\u0111\u01b0\u1ee3c s\u1eed d\u1ee5ng kh\u00e1 ph\u1ed5 bi\u1ebfn cho nh\u1eefng gian ph\u00f2ng c\u00f3 kh\u00f4ng gian h\u1eb9p, gi\u00fap ti\u1ebft ki\u1ec7m di\u1ec7n t\u00edch gi\u00e1 th\u00e0nh r\u1ebb d\u1ec5 d\u00e0ng s\u1eed d\u1ee5ng.\u00a0<\/span><\/p>\n<p><span style=\"font-family: 'times new roman', times, serif; font-size: 130%; color: #000000;\">C\u00e1c b\u1ed9 ph\u1eadn \u0111\u01b0\u1ee3c l\u00e0m t\u1eeb<a href=\"https:\/\/tranthi.vn\/hanoi\/chau-vuong-inox-304\/\" target=\"_blank\" rel=\"noopener\"> inox 304 <\/a>kh\u00f4ng g\u1ec9 c\u00f3 kh\u1ea3 n\u0103ng ch\u1ed1ng bi\u1ebfn d\u1ea1ng khi x\u1ea3y ra va ch\u1ea1m ho\u1eb7c ch\u1ecbu \u00e1p l\u1ef1c cao n\u00ean r\u1ea5t b\u1ec1n b\u1ec9 theo th\u1eddi gian. <\/span><\/p>\n<p><span style=\"font-family: 'times new roman', times, serif; font-size: 130%; color: #000000;\">V\u1edbi ch\u1ea5t li\u1ec7u n\u00e0y b\u1ea1n c\u00f3 th\u1ec3 s\u1eed d\u1ee5ng l\u00e2u d\u00e0i m\u00e0 kh\u00f4ng lo ng\u1ea1i v\u1ec1 vi\u1ec7c s\u1ea3n ph\u1ea9m ti\u1ebfp x\u00fac v\u1edbi n\u01b0\u1edbc li\u00ean t\u1ee5c s\u1ebd g\u00e2y ra g\u1ec9 s\u00e9t ho\u1eb7c h\u01b0 h\u1ecfng.<\/span><\/p>\n<p><iframe loading=\"lazy\" title=\"sen d\u00e2y t\u1eafm \u0111\u00e0 n\u1eb5ng #sen_d\u00e2y_t\u1eafm_\u0111\u00e0_n\u1eb5ng\" width=\"1020\" height=\"574\" src=\"https:\/\/www.youtube.com\/embed\/N9ezAxNIrY8?feature=oembed\" frameborder=\"0\" allow=\"accelerometer; autoplay; clipboard-write; encrypted-media; gyroscope; picture-in-picture; web-share\" referrerpolicy=\"strict-origin-when-cross-origin\" allowfullscreen><\/iframe><\/p>\n<p><span style=\"font-family: 'times new roman', times, serif; font-size: 130%; color: #000000;\"> G\u00f3p ph\u1ea7n n\u00e2ng cao tu\u1ed5i th\u1ecd c\u1ee7a s\u1ea3n ph\u1ea9m v\u00e0 ti\u1ebft ki\u1ec7m chi ph\u00ed hi\u1ec7u qu\u1ea3.<\/span><\/p>\n<p><span style=\"font-family: 'times new roman', times, serif; font-size: 130%; color: #000000;\">V\u1edbi ki\u1ec3u d\u00e1ng nh\u1ecf g\u1ecdn, c\u00e1c chi ti\u1ebft \u0111\u01b0\u1ee3c gia c\u00f4ng m\u1ed9t c\u00e1ch t\u1ec9 m\u1ec9, tinh t\u1ebf c\u00f9ng m\u00e0u s\u1eafc s\u00e1ng b\u00f3ng t\u1eeb ch\u1ea5t li\u1ec7u \u0111\u00e3 g\u00f3p ph\u1ea7n l\u00e0m n\u00ean m\u1ed9t s\u1ea3n ph\u1ea9m \u0111\u1eb9p m\u1eaft.<\/span><\/p>\n<p><span style=\"font-family: 'times new roman', times, serif; font-size: 130%; color: #000000;\"> Mang l\u1ea1i v\u1ebb sang tr\u1ecdng, \u0111\u1ed9c \u0111\u00e1o \u0111\u1ec3 t\u00f4 \u0111i\u1ec3m cho kh\u00f4ng gian ph\u00f2ng t\u1eafm gia \u0111\u00ecnh b\u1ea1n<\/span><\/p>\n<p><span style=\"font-family: 'times new roman', times, serif; font-size: 130%; color: #000000;\">\u00a0B\u00e1t sen t\u0103ng \u00e1p l\u1ef1c n\u01b0\u1edbc, n\u01b0\u1edbc ch\u1ea3y m\u1ea1nh v\u00e0 \u0111\u1ec1u, mang \u0111\u1ebfn b\u1ea1n nh\u1eefng ph\u00fat gi\u00e2y th\u01b0 gi\u1ea3n tho\u1ea3i m\u00e1i v\u00e0 s\u1ea3ng kho\u00e1i nh\u1ea5t trong khi t\u1eafm.<\/span><\/p>\n<figure id=\"attachment_5849\" aria-describedby=\"caption-attachment-5849\" style=\"width: 300px\" class=\"wp-caption aligncenter\"><img loading=\"lazy\" decoding=\"async\" class=\"size-full wp-image-5849\" src=\"https:\/\/tranthi.vn\/hochiminh\/wp-content\/uploads\/2021\/03\/sen-tam-day-tai-ho-chi-minh-sai-gon.png\" alt=\"sen t\u1eafm d\u00e2y t\u1ea1i h\u1ed3 ch\u00ed minh- s\u00e0i g\u00f2n\" width=\"300\" height=\"300\" srcset=\"https:\/\/tranthi.vn\/hochiminh\/wp-content\/uploads\/2021\/03\/sen-tam-day-tai-ho-chi-minh-sai-gon.png 300w, https:\/\/tranthi.vn\/hochiminh\/wp-content\/uploads\/2021\/03\/sen-tam-day-tai-ho-chi-minh-sai-gon-100x100.png 100w\" sizes=\"auto, (max-width: 300px) 100vw, 300px\" \/><figcaption id=\"caption-attachment-5849\" class=\"wp-caption-text\"><span style=\"font-family: 'times new roman', times, serif;\"><em>sen t\u1eafm d\u00e2y t\u1ea1i h\u1ed3 ch\u00ed minh- s\u00e0i g\u00f2n<\/em><\/span><\/figcaption><\/figure>\n<h1 id=\"4-nhung-luu-y-quan-trong-khi-chon-mua-va-su-dung-day-voi-hoa-sen\"><span style=\"font-size: 130%; font-family: 'times new roman', times, serif; color: #0000ff;\"><b>2.M\u1ed9t v\u00e0i nh\u1eefng l\u01b0u \u00fd khi l\u1ef1a ch\u1ecdn sen t\u1eafm d\u00e2y<\/b><\/span><\/h1>\n<h1><span style=\"font-family: 'times new roman', times, serif; font-size: 75%; color: #000000;\">-\u0110\u1ec3 l\u1ef1a ch\u1ecdn lo\u1ea1i <a href=\"https:\/\/tranthi.vn\/sen-day-tam-da-nang\/\" target=\"_blank\" rel=\"noopener\">d\u00e2y sen t\u1eafm<\/a> ph\u00f9 h\u1ee3p, \u0111\u00e1p \u1ee9ng hi\u1ec7u qu\u1ea3 s\u1eed d\u1ee5ng cao nh\u1ea5t, b\u1ea1n n\u00ean ch\u00fa \u00fd m\u1ed9t v\u00e0i l\u01b0u \u00fd sau:\u00a0<\/span><\/h1>\n<ul>\n<li aria-level=\"1\"><span style=\"font-family: 'times new roman', times, serif; font-size: 130%; color: #000000;\">N\u00ean l\u1ef1a ch\u1ecdn ch\u1ea5t li\u1ec7u cao c\u1ea5p cho d\u00e2y sen t\u1eafm \u0111\u1ec3 \u0111\u1ea3m b\u1ea3o s\u1ea3n ph\u1ea9m duy tr\u00ec \u0111\u1ed9 b\u1ec1n cao, an to\u00e0n khi s\u1eed d\u1ee5ng v\u00e0 ph\u00f9 h\u1ee3p v\u1edbi \u0111i\u1ec1u ki\u1ec7n nh\u00e0 t\u1eafm c\u1ee7a b\u1ea1n nh\u01b0 ch\u1ea5t li\u1ec7u \u0111\u1ed3ng, inox SUS 304 ho\u1eb7c c\u00e1c ch\u1ea5t li\u1ec7u nh\u1ef1a cao c\u1ea5p \u2026<\/span><\/li>\n<\/ul>\n<figure id=\"attachment_6012\" aria-describedby=\"caption-attachment-6012\" style=\"width: 474px\" class=\"wp-caption aligncenter\"><img loading=\"lazy\" decoding=\"async\" class=\" wp-image-6012\" src=\"https:\/\/tranthi.vn\/hochiminh\/wp-content\/uploads\/2021\/03\/Mau-sen-day-tam-TP-Ho-Chi-Minh.png\" alt=\"M\u1eabu sen d\u00e2y t\u1eafm TP H\u1ed3 Ch\u00ed Minh\" width=\"474\" height=\"355\" srcset=\"https:\/\/tranthi.vn\/hochiminh\/wp-content\/uploads\/2021\/03\/Mau-sen-day-tam-TP-Ho-Chi-Minh.png 1200w, https:\/\/tranthi.vn\/hochiminh\/wp-content\/uploads\/2021\/03\/Mau-sen-day-tam-TP-Ho-Chi-Minh-768x576.png 768w, https:\/\/tranthi.vn\/hochiminh\/wp-content\/uploads\/2021\/03\/Mau-sen-day-tam-TP-Ho-Chi-Minh-800x600.png 800w\" sizes=\"auto, (max-width: 474px) 100vw, 474px\" \/><figcaption id=\"caption-attachment-6012\" class=\"wp-caption-text\">M\u1eabu sen d\u00e2y t\u1eafm TP H\u1ed3 Ch\u00ed Minh<\/figcaption><\/figure>\n<ul>\n<li aria-level=\"1\"><span style=\"font-family: 'times new roman', times, serif; font-size: 130%; color: #000000;\">N\u00ean ch\u1ecdn mua c\u00e1c lo\u1ea1i d\u00e2y v\u00f2i hoa sen t\u1eeb c\u00e1c th\u01b0\u01a1ng hi\u1ec7u l\u1edbn \u0111\u1ec3 \u0111\u1ea3m b\u1ea3o ngu\u1ed3n g\u1ed1c xu\u1ea5t x\u1ee9 r\u00f5 r\u00e0ng. Ngo\u00e0i ra, b\u1ea1n c\u0169ng an t\u00e2m h\u01a1n v\u1ec1 \u0111\u1ed9 b\u1ec1n c\u1ee7a s\u1ea3n ph\u1ea9m b\u1edfi ch\u00fang lu\u00f4n \u0111\u01b0\u1ee3c s\u1ea3n xu\u1ea5t t\u1eeb ch\u1ea5t li\u1ec7u cao c\u1ea5p. C\u00e1c ch\u1ebf \u0111\u1ed9 b\u00e1n h\u00e0ng v\u00e0 b\u1ea3o h\u00e0nh s\u1ea3n ph\u1ea9m t\u1ed1t h\u01a1n\u00a0<\/span><\/li>\n<li aria-level=\"1\"><span style=\"font-family: 'times new roman', times, serif; font-size: 130%; color: #000000;\">Khi s\u1eed d\u1ee5ng d\u00e2y sen t\u1eafm b\u1ea1n c\u0169ng h\u1ea1n ch\u1ebf b\u1ebb g\u1eadp d\u00e2y sen \u0111\u1ec3 tr\u00e1nh l\u00e0m \u0111\u1ee9t hay h\u01b0 h\u1ecfng\u00a0<\/span><\/li>\n<li aria-level=\"1\"><span style=\"font-family: 'times new roman', times, serif; font-size: 130%; color: #000000;\">B\u1ea1n c\u0169ng l\u01b0u \u00fd kh\u00f4ng qu\u1ea5n d\u00e2y sen quanh c\u1ee7 sen \u0111\u1ec3 h\u1ea1n ch\u1ebf l\u00e0m d\u00e2y sen b\u1ecb c\u1ee9ng ho\u1eb7c t\u1ea1o n\u1ebfp g\u1ea5p d\u1ec5 d\u00e2y \u0111\u1ee9t, \u0111\u1eb7c bi\u1ec7t l\u00e0 \u0111\u1ed1i v\u1edbi d\u00f2ng d\u00e2y sen tr\u01a1n l\u00e0m b\u1eb1ng nh\u1ef1a<\/span><\/li>\n<\/ul>\n<figure id=\"attachment_5850\" aria-describedby=\"caption-attachment-5850\" style=\"width: 300px\" class=\"wp-caption aligncenter\"><img loading=\"lazy\" decoding=\"async\" class=\"size-full wp-image-5850\" src=\"https:\/\/tranthi.vn\/hochiminh\/wp-content\/uploads\/2021\/03\/sen-tam-day-tai-ho-chi-minh-sai-gon-1.png\" alt=\"sen t\u1eafm d\u00e2y t\u1ea1i h\u1ed3 ch\u00ed minh -s\u00e0i g\u00f2n\" width=\"300\" height=\"300\" srcset=\"https:\/\/tranthi.vn\/hochiminh\/wp-content\/uploads\/2021\/03\/sen-tam-day-tai-ho-chi-minh-sai-gon-1.png 300w, https:\/\/tranthi.vn\/hochiminh\/wp-content\/uploads\/2021\/03\/sen-tam-day-tai-ho-chi-minh-sai-gon-1-100x100.png 100w\" sizes=\"auto, (max-width: 300px) 100vw, 300px\" \/><figcaption id=\"caption-attachment-5850\" class=\"wp-caption-text\"><span style=\"font-family: 'times new roman', times, serif;\"><em>\u00a0 \u00a0 \u00a0 \u00a0 \u00a0 sen t\u1eafm d\u00e2y t\u1ea1i h\u1ed3 ch\u00ed minh -s\u00e0i g\u00f2n<\/em><\/span><\/figcaption><\/figure>\n<blockquote class=\"tiktok-embed\" cite=\"https:\/\/www.tiktok.com\/@appgoithosuachuatranthi\/video\/7402524366711295249\" data-video-id=\"7402524366711295249\" data-embed-from=\"oembed\" style=\"max-width:605px; min-width:325px;\">\n<section> <a target=\"_blank\" title=\"@appgoithosuachuatranthi\" href=\"https:\/\/www.tiktok.com\/@appgoithosuachuatranthi?refer=embed\">@appgoithosuachuatranthi<\/a> <\/p>\n<p>Sen c\u00e2y t\u1eafm b\u1ecb y\u1ebfu n\u01b0\u1edbc do \u0111\u00e2u &#8211; h\u00e3y \u0111\u1ec3 Tr\u1ea7n Th\u1ecb gi\u1ea3i th\u00edch nguy\u00ean nh\u00e2n <a title=\"sencaytam\" target=\"_blank\" href=\"https:\/\/www.tiktok.com\/tag\/sencaytam?refer=embed\">#sencaytam<\/a> <a title=\"danang24\" target=\"_blank\" href=\"https:\/\/www.tiktok.com\/tag\/danang24?refer=embed\">#danang24<\/a> <a title=\"xuhuongtiktok\" target=\"_blank\" href=\"https:\/\/www.tiktok.com\/tag\/xuhuongtiktok?refer=embed\">#xuhuongtiktok<\/a> <a title=\"sen_cay_tam\" target=\"_blank\" href=\"https:\/\/www.tiktok.com\/tag\/sen_cay_tam?refer=embed\">#sen_cay_tam<\/a><\/p>\n<p> <a target=\"_blank\" title=\"\u266c nh\u1ea1c n\u1ec1n - Tranthi.vn - Tranthi.vn\" href=\"https:\/\/www.tiktok.com\/music\/nh\u1ea1c-n\u1ec1n-Tranthivn-7402524399796423441?refer=embed\">\u266c nh\u1ea1c n\u1ec1n &#8211; Tranthi.vn &#8211; Tranthi.vn<\/a> <\/section>\n<\/blockquote>\n<p> <script async src=\"https:\/\/www.tiktok.com\/embed.js\"><\/script><\/p>\n<p style=\"text-align: center;\"><iframe loading=\"lazy\" src=\"\/\/www.youtube.com\/embed\/c3Jz7A-LnpI\" width=\"536\" height=\"300\" allowfullscreen=\"allowfullscreen\"><\/iframe><\/p>\n<p><span style=\"font-family: 'times new roman', times, serif; font-size: 130%; color: #000000;\">\u0110\u1ec3 \u0111\u1ea3m b\u1ea3o sen t\u1eafm n\u00f3ng l\u1ea1nh lu\u00f4n ho\u1ea1t \u0111\u1ed9ng \u1ed5n \u0111\u1ecbnh v\u00e0 an to\u00e0n, b\u00ean c\u1ea1nh nh\u1eefng l\u01b0u \u00fd tr\u00ean, b\u1ea1n n\u00ean ch\u1ee7 \u0111\u1ed9ng ki\u1ec3m tra v\u00e0 b\u1ea3o tr\u00ec \u0111\u1ecbnh k\u1ef3. <\/span><\/p>\n<p><span style=\"font-family: 'times new roman', times, serif; font-size: 130%; color: #000000;\">N\u1ebfu g\u1eb7p s\u1ef1 c\u1ed1 r\u00f2 r\u1ec9 n\u01b0\u1edbc, h\u1ecfng van, n\u01b0\u1edbc kh\u00f4ng n\u00f3ng\u2026 h\u00e3y c\u00e2n nh\u1eafc s\u1eed d\u1ee5ng \u1ee9ng d\u1ee5ng g\u1ecdi th\u1ee3 s\u1eeda ch\u1eefa v\u1eb7t t\u1ea1i<a style=\"color: #000000;\" href=\"https:\/\/vi.wikipedia.org\/wiki\/Th%C3%A0nh_ph%E1%BB%91_H%E1%BB%93_Ch%C3%AD_Minh\" target=\"_blank\" rel=\"noopener\"><span style=\"color: #333333;\"> TP HCM<\/span>\u00a0<\/a>c\u1ee7a\u00a0<a style=\"color: #000000;\" href=\"https:\/\/tranthi.vn\/hanoi\" target=\"_blank\" rel=\"noopener\">Tr\u1ea7n Th\u1ecb.<\/a><\/span><\/p>\n<p><span style=\"font-family: 'times new roman', times, serif; font-size: 130%; color: #000000;\">\u0110\u00e2y l\u00e0 i\u1ea3i ph\u00e1p ti\u1ec7n l\u1ee3i gi\u00fap b\u1ea1n nhanh ch\u00f3ng t\u00ecm \u0111\u01b0\u1ee3c th\u1ee3 l\u1eafp \u0111\u1eb7t uy t\u00edn, chuy\u00ean nghi\u1ec7p, c\u00f3 th\u1ec3 h\u1ed7 tr\u1ee3 t\u1eadn nh\u00e0, gi\u00fap b\u1ea1n y\u00ean t\u00e2m h\u01a1n trong qu\u00e1 tr\u00ecnh s\u1eed d\u1ee5ng s\u1ea3n ph\u1ea9m.<\/span><\/p>\n<figure id=\"attachment_6039\" class=\"wp-caption alignnone\" aria-describedby=\"caption-attachment-6039\"><img loading=\"lazy\" decoding=\"async\" class=\"size-full wp-image-6039\" src=\"https:\/\/tranthi.vn\/hanoi\/wp-content\/uploads\/2022\/09\/app-goi-sua-chua-vat-Tran-Thi-Ha-Noi.png\" sizes=\"auto, (max-width: 1400px) 100vw, 1400px\" srcset=\"https:\/\/tranthi.vn\/hanoi\/wp-content\/uploads\/2022\/09\/app-goi-sua-chua-vat-Tran-Thi-Ha-Noi.png 1400w, https:\/\/tranthi.vn\/hanoi\/wp-content\/uploads\/2022\/09\/app-goi-sua-chua-vat-Tran-Thi-Ha-Noi-768x175.png 768w, https:\/\/tranthi.vn\/hanoi\/wp-content\/uploads\/2022\/09\/app-goi-sua-chua-vat-Tran-Thi-Ha-Noi-800x182.png 800w\" alt=\"app goi s\u1eeda ch\u1eefa v\u1eb7t Tr\u1ea7n Th\u1ecb H\u00e0 N\u1ed9i\" width=\"1400\" height=\"319\" \/><figcaption id=\"caption-attachment-6039\" class=\"wp-caption-text\">app goi s\u1eeda ch\u1eefa v\u1eb7t Tr\u1ea7n Th\u1ecb H\u00e0 N\u1ed9i<\/figcaption><\/figure>\n<p><span style=\"font-size: 130%; font-family: 'times new roman', times, serif; color: #000000;\">T\u1ea3i ngay app g\u1ecdi th\u1ee3 s\u1eeda ch\u1eefa v\u1eb7t <a style=\"color: #000000;\" href=\"https:\/\/vi.wikipedia.org\/wiki\/Th%C3%A0nh_ph%E1%BB%91_H%E1%BB%93_Ch%C3%AD_Minh\" target=\"_blank\" rel=\"noopener\">TP HCM<\/a> \u0111\u1ec3 \u0111\u01b0\u1ee3c h\u1ed7 tr\u1ee3 l\u1eafp \u0111\u1eb7t, s\u1eeda ch\u1eefa nhanh ch\u00f3ng t\u1ea1i nh\u00e0!<\/span><br data-start=\"98\" data-end=\"101\" \/><span style=\"font-size: 130%; font-family: 'times new roman', times, serif; color: #000000;\">Ch\u1ec9 v\u1edbi v\u00e0i thao t\u00e1c \u0111\u01a1n gi\u1ea3n tr\u00ean \u0111i\u1ec7n tho\u1ea1i, b\u1ea1n c\u00f3 th\u1ec3 \u0111\u1eb7t l\u1ecbch th\u1ee3 chuy\u00ean nghi\u1ec7p \u0111\u1ebfn t\u1eadn n\u01a1i gi\u00fap l\u1eafp th\u00f9ng g\u1ea1o, m\u00e1y n\u01b0\u1edbc n\u00f3ng, thi\u1ebft b\u1ecb v\u1ec7 sinh, t\u1ee7 nh\u1ef1a, g\u1ea1ch \u1ed1p l\u00e1t v\u00e0 nhi\u1ec1u h\u1ea1ng m\u1ee5c kh\u00e1c \u2013 nhanh, ti\u1ec7n, gi\u00e1 minh b\u1ea1ch!<\/span><\/p>\n<p><iframe loading=\"lazy\" title=\"s\u01b0az chua v\u1eb7t \u0111\u00e0 n\u1eb5ng #g\u1ecdi_th\u1ee3_s\u1eefa_ch\u1eefa_vat_\u0111\u00e0_nang\" src=\"https:\/\/www.youtube.com\/embed\/CNQ7en8cvyI?feature=oembed\" width=\"1020\" height=\"574\" frameborder=\"0\" allowfullscreen=\"allowfullscreen\" data-mce-fragment=\"1\"><\/iframe><\/p>\n","protected":false},"excerpt":{"rendered":"<p>Giao h\u00e0ng trong \u0111\u1ecba b\u00e0n\u00a0<em><a href=\"https:\/\/fr.wikipedia.org\/wiki\/Da_Nang\"><strong>\u0110\u00e0 N\u1eb5ng<\/strong><\/a><\/em><\/p>\n<p><img decoding=\"async\" class=\"emoji\" draggable=\"false\" src=\"https:\/\/s.w.org\/images\/core\/emoji\/12.0.0-1\/svg\/1f61b.svg\" alt=\"\ud83d\ude1b\" \/>\u00a0\u0110\u01a1n v\u1ecb t\u00ednh: C\u00e1i<\/p>\n<p><img decoding=\"async\" class=\"emoji\" draggable=\"false\" src=\"https:\/\/s.w.org\/images\/core\/emoji\/12.0.0-1\/svg\/1f61b.svg\" alt=\"\ud83d\ude1b\" \/>\u00a0\u0110\u01a1n gi\u00e1:\u00a0<em>Sen T\u1eafm D\u00e2y\u00a0 N\u00f3ng L\u1ea1nh DC 08TNL\u00a0 <strong>\u00a0<\/strong><\/em>trong n\u1ed9i th\u00e0nh_ Gi\u00e1:700.000<\/p>\n","protected":false},"featured_media":2761,"comment_status":"closed","ping_status":"closed","template":"","meta":[],"product_cat":[246,179],"product_tag":[],"class_list":{"0":"post-2760","1":"product","2":"type-product","3":"status-publish","4":"has-post-thumbnail","6":"product_cat-sen-tam-day","7":"product_cat-thiet-bi-ve-sinh-da-nang","9":"first","10":"instock","11":"sale","12":"shipping-taxable","13":"purchasable","14":"product-type-simple"},"yoast_head":"<!-- This site is optimized with the Yoast SEO Premium plugin v22.3 (Yoast SEO v22.4) - https:\/\/yoast.com\/wordpress\/plugins\/seo\/ -->\n<title>Sen t\u1eafm d\u00e2y gi\u00e1 r\u1ebb t\u1ea1i Tp H\u1ed3 Ch\u00ed Minh-0947.335.871- Tr\u1ea7n Th\u1ecb<\/title>\n<meta name=\"description\" content=\"Tr\u1ea7n Th\u1ecb chuy\u00ean cung c\u1ea5p sen t\u1eafm d\u00e2y inox 304 gi\u00e1 r\u1ebb t\u1ea1i Tp H\u1ed3 Ch\u00ed Minh, v\u1edbi nh\u1eefng m\u1eabu sen t\u1eafm d\u00e2y chi ph\u00ed th\u1ea5p ti\u1ec7n l\u1ee3i v\u00e0 b\u1ec1n \u0111\u1eb9p\" \/>\n<meta name=\"robots\" content=\"index, follow, max-snippet:-1, max-image-preview:large, max-video-preview:-1\" \/>\n<link rel=\"canonical\" href=\"https:\/\/tranthi.vn\/hochiminh\/sen-day-tam-ho-chi-minh-sai-gon\/\" \/>\n<meta property=\"og:locale\" content=\"vi_VN\" \/>\n<meta property=\"og:type\" content=\"article\" \/>\n<meta property=\"og:title\" content=\"DC 08 TNL\" \/>\n<meta property=\"og:description\" content=\"Tr\u1ea7n Th\u1ecb chuy\u00ean cung c\u1ea5p sen t\u1eafm d\u00e2y inox 304 gi\u00e1 r\u1ebb t\u1ea1i Tp H\u1ed3 Ch\u00ed Minh, v\u1edbi nh\u1eefng m\u1eabu sen t\u1eafm d\u00e2y chi ph\u00ed th\u1ea5p ti\u1ec7n l\u1ee3i v\u00e0 b\u1ec1n \u0111\u1eb9p\" \/>\n<meta property=\"og:url\" content=\"https:\/\/tranthi.vn\/hochiminh\/sen-day-tam-ho-chi-minh-sai-gon\/\" \/>\n<meta property=\"og:site_name\" content=\"V\u1eadt Li\u1ec7u X\u00e2y D\u1ef1ng Tr\u1ea7n Th\u1ecb Chi Nh\u00e1nh H\u1ed3 Ch\u00ed Minh\" \/>\n<meta property=\"article:modified_time\" content=\"2025-06-21T03:57:37+00:00\" \/>\n<meta property=\"og:image\" content=\"https:\/\/tranthi.vn\/hochiminh\/wp-content\/uploads\/2021\/03\/44.jpg\" \/>\n\t<meta property=\"og:image:width\" content=\"250\" \/>\n\t<meta property=\"og:image:height\" content=\"250\" \/>\n\t<meta property=\"og:image:type\" content=\"image\/jpeg\" \/>\n<meta name=\"twitter:card\" content=\"summary_large_image\" \/>\n<meta name=\"twitter:label1\" content=\"Gi\u00e1\" \/>\n\t<meta name=\"twitter:data1\" content=\"700,000&nbsp;&#8363;\" \/>\n\t<meta name=\"twitter:label2\" content=\"Kh\u1ea3 d\u1ee5ng\" \/>\n\t<meta name=\"twitter:data2\" content=\"Trong kho\" \/>\n<script type=\"application\/ld+json\" class=\"yoast-schema-graph\">{\"@context\":\"https:\/\/schema.org\",\"@graph\":[{\"@type\":[\"WebPage\",\"ItemPage\"],\"@id\":\"https:\/\/tranthi.vn\/hochiminh\/sen-day-tam-ho-chi-minh-sai-gon\/\",\"url\":\"https:\/\/tranthi.vn\/hochiminh\/sen-day-tam-ho-chi-minh-sai-gon\/\",\"name\":\"Sen t\u1eafm d\u00e2y gi\u00e1 r\u1ebb t\u1ea1i Tp H\u1ed3 Ch\u00ed Minh-0947.335.871- Tr\u1ea7n Th\u1ecb\",\"isPartOf\":{\"@id\":\"https:\/\/tranthi.vn\/hochiminh\/#website\"},\"primaryImageOfPage\":{\"@id\":\"https:\/\/tranthi.vn\/hochiminh\/sen-day-tam-ho-chi-minh-sai-gon\/#primaryimage\"},\"image\":{\"@id\":\"https:\/\/tranthi.vn\/hochiminh\/sen-day-tam-ho-chi-minh-sai-gon\/#primaryimage\"},\"thumbnailUrl\":\"https:\/\/tranthi.vn\/hochiminh\/wp-content\/uploads\/2021\/03\/44.jpg\",\"datePublished\":\"2021-03-10T09:47:30+00:00\",\"dateModified\":\"2025-06-21T03:57:37+00:00\",\"description\":\"Tr\u1ea7n Th\u1ecb chuy\u00ean cung c\u1ea5p sen t\u1eafm d\u00e2y inox 304 gi\u00e1 r\u1ebb t\u1ea1i Tp H\u1ed3 Ch\u00ed Minh, v\u1edbi nh\u1eefng m\u1eabu sen t\u1eafm d\u00e2y chi ph\u00ed th\u1ea5p ti\u1ec7n l\u1ee3i v\u00e0 b\u1ec1n \u0111\u1eb9p\",\"breadcrumb\":{\"@id\":\"https:\/\/tranthi.vn\/hochiminh\/sen-day-tam-ho-chi-minh-sai-gon\/#breadcrumb\"},\"inLanguage\":\"vi\",\"potentialAction\":[{\"@type\":\"ReadAction\",\"target\":[\"https:\/\/tranthi.vn\/hochiminh\/sen-day-tam-ho-chi-minh-sai-gon\/\"]}]},{\"@type\":\"ImageObject\",\"inLanguage\":\"vi\",\"@id\":\"https:\/\/tranthi.vn\/hochiminh\/sen-day-tam-ho-chi-minh-sai-gon\/#primaryimage\",\"url\":\"https:\/\/tranthi.vn\/hochiminh\/wp-content\/uploads\/2021\/03\/44.jpg\",\"contentUrl\":\"https:\/\/tranthi.vn\/hochiminh\/wp-content\/uploads\/2021\/03\/44.jpg\",\"width\":250,\"height\":250},{\"@type\":\"BreadcrumbList\",\"@id\":\"https:\/\/tranthi.vn\/hochiminh\/sen-day-tam-ho-chi-minh-sai-gon\/#breadcrumb\",\"itemListElement\":[{\"@type\":\"ListItem\",\"position\":1,\"name\":\"Trang ch\u1ee7\",\"item\":\"https:\/\/tranthi.vn\/hochiminh\/\"},{\"@type\":\"ListItem\",\"position\":2,\"name\":\"Shop\",\"item\":\"https:\/\/tranthi.vn\/hochiminh\/shop\/\"},{\"@type\":\"ListItem\",\"position\":3,\"name\":\"DC 08 TNL\"}]},{\"@type\":\"WebSite\",\"@id\":\"https:\/\/tranthi.vn\/hochiminh\/#website\",\"url\":\"https:\/\/tranthi.vn\/hochiminh\/\",\"name\":\"V\u1eadt Li\u1ec7u X\u00e2y D\u1ef1ng Tr\u1ea7n Th\u1ecb Chi Nh\u00e1nh H\u1ed3 Ch\u00ed Minh\",\"description\":\"V\u1eadt Li\u1ec7u X\u00e2y D\u1ef1ng - H\u1ed3 Ch\u00ed Minh\",\"potentialAction\":[{\"@type\":\"SearchAction\",\"target\":{\"@type\":\"EntryPoint\",\"urlTemplate\":\"https:\/\/tranthi.vn\/hochiminh\/?s={search_term_string}\"},\"query-input\":\"required name=search_term_string\"}],\"inLanguage\":\"vi\"},{\"@type\":\"ImageObject\",\"inLanguage\":\"vi\",\"@id\":\"https:\/\/tranthi.vn\/hochiminh\/sen-day-tam-ho-chi-minh-sai-gon\/#local-main-organization-logo\",\"url\":\"\",\"contentUrl\":\"\",\"caption\":\"V\u1eadt Li\u1ec7u X\u00e2y D\u1ef1ng Tr\u1ea7n Th\u1ecb Chi Nh\u00e1nh H\u1ed3 Ch\u00ed Minh\"}]}<\/script>\n<meta property=\"product:price:amount\" content=\"700000\" \/>\n<meta property=\"product:price:currency\" content=\"VND\" \/>\n<meta property=\"og:availability\" content=\"instock\" \/>\n<meta property=\"product:availability\" content=\"instock\" \/>\n<meta property=\"product:condition\" content=\"new\" \/>\n<!-- \/ Yoast SEO Premium plugin. -->","yoast_head_json":{"title":"Sen t\u1eafm d\u00e2y gi\u00e1 r\u1ebb t\u1ea1i Tp H\u1ed3 Ch\u00ed Minh-0947.335.871- Tr\u1ea7n Th\u1ecb","description":"Tr\u1ea7n Th\u1ecb chuy\u00ean cung c\u1ea5p sen t\u1eafm d\u00e2y inox 304 gi\u00e1 r\u1ebb t\u1ea1i Tp H\u1ed3 Ch\u00ed Minh, v\u1edbi nh\u1eefng m\u1eabu sen t\u1eafm d\u00e2y chi ph\u00ed th\u1ea5p ti\u1ec7n l\u1ee3i v\u00e0 b\u1ec1n \u0111\u1eb9p","robots":{"index":"index","follow":"follow","max-snippet":"max-snippet:-1","max-image-preview":"max-image-preview:large","max-video-preview":"max-video-preview:-1"},"canonical":"https:\/\/tranthi.vn\/hochiminh\/sen-day-tam-ho-chi-minh-sai-gon\/","og_locale":"vi_VN","og_type":"article","og_title":"DC 08 TNL","og_description":"Tr\u1ea7n Th\u1ecb chuy\u00ean cung c\u1ea5p sen t\u1eafm d\u00e2y inox 304 gi\u00e1 r\u1ebb t\u1ea1i Tp H\u1ed3 Ch\u00ed Minh, v\u1edbi nh\u1eefng m\u1eabu sen t\u1eafm d\u00e2y chi ph\u00ed th\u1ea5p ti\u1ec7n l\u1ee3i v\u00e0 b\u1ec1n \u0111\u1eb9p","og_url":"https:\/\/tranthi.vn\/hochiminh\/sen-day-tam-ho-chi-minh-sai-gon\/","og_site_name":"V\u1eadt Li\u1ec7u X\u00e2y D\u1ef1ng Tr\u1ea7n Th\u1ecb Chi Nh\u00e1nh H\u1ed3 Ch\u00ed Minh","article_modified_time":"2025-06-21T03:57:37+00:00","og_image":[{"width":250,"height":250,"url":"https:\/\/tranthi.vn\/hochiminh\/wp-content\/uploads\/2021\/03\/44.jpg","type":"image\/jpeg"}],"twitter_card":"summary_large_image","twitter_misc":{"Gi\u00e1":"700,000&nbsp;&#8363;","Kh\u1ea3 d\u1ee5ng":"Trong kho"},"schema":{"@context":"https:\/\/schema.org","@graph":[{"@type":["WebPage","ItemPage"],"@id":"https:\/\/tranthi.vn\/hochiminh\/sen-day-tam-ho-chi-minh-sai-gon\/","url":"https:\/\/tranthi.vn\/hochiminh\/sen-day-tam-ho-chi-minh-sai-gon\/","name":"Sen t\u1eafm d\u00e2y gi\u00e1 r\u1ebb t\u1ea1i Tp H\u1ed3 Ch\u00ed Minh-0947.335.871- Tr\u1ea7n Th\u1ecb","isPartOf":{"@id":"https:\/\/tranthi.vn\/hochiminh\/#website"},"primaryImageOfPage":{"@id":"https:\/\/tranthi.vn\/hochiminh\/sen-day-tam-ho-chi-minh-sai-gon\/#primaryimage"},"image":{"@id":"https:\/\/tranthi.vn\/hochiminh\/sen-day-tam-ho-chi-minh-sai-gon\/#primaryimage"},"thumbnailUrl":"https:\/\/tranthi.vn\/hochiminh\/wp-content\/uploads\/2021\/03\/44.jpg","datePublished":"2021-03-10T09:47:30+00:00","dateModified":"2025-06-21T03:57:37+00:00","description":"Tr\u1ea7n Th\u1ecb chuy\u00ean cung c\u1ea5p sen t\u1eafm d\u00e2y inox 304 gi\u00e1 r\u1ebb t\u1ea1i Tp H\u1ed3 Ch\u00ed Minh, v\u1edbi nh\u1eefng m\u1eabu sen t\u1eafm d\u00e2y chi ph\u00ed th\u1ea5p ti\u1ec7n l\u1ee3i v\u00e0 b\u1ec1n \u0111\u1eb9p","breadcrumb":{"@id":"https:\/\/tranthi.vn\/hochiminh\/sen-day-tam-ho-chi-minh-sai-gon\/#breadcrumb"},"inLanguage":"vi","potentialAction":[{"@type":"ReadAction","target":["https:\/\/tranthi.vn\/hochiminh\/sen-day-tam-ho-chi-minh-sai-gon\/"]}]},{"@type":"ImageObject","inLanguage":"vi","@id":"https:\/\/tranthi.vn\/hochiminh\/sen-day-tam-ho-chi-minh-sai-gon\/#primaryimage","url":"https:\/\/tranthi.vn\/hochiminh\/wp-content\/uploads\/2021\/03\/44.jpg","contentUrl":"https:\/\/tranthi.vn\/hochiminh\/wp-content\/uploads\/2021\/03\/44.jpg","width":250,"height":250},{"@type":"BreadcrumbList","@id":"https:\/\/tranthi.vn\/hochiminh\/sen-day-tam-ho-chi-minh-sai-gon\/#breadcrumb","itemListElement":[{"@type":"ListItem","position":1,"name":"Trang ch\u1ee7","item":"https:\/\/tranthi.vn\/hochiminh\/"},{"@type":"ListItem","position":2,"name":"Shop","item":"https:\/\/tranthi.vn\/hochiminh\/shop\/"},{"@type":"ListItem","position":3,"name":"DC 08 TNL"}]},{"@type":"WebSite","@id":"https:\/\/tranthi.vn\/hochiminh\/#website","url":"https:\/\/tranthi.vn\/hochiminh\/","name":"V\u1eadt Li\u1ec7u X\u00e2y D\u1ef1ng Tr\u1ea7n Th\u1ecb Chi Nh\u00e1nh H\u1ed3 Ch\u00ed Minh","description":"V\u1eadt Li\u1ec7u X\u00e2y D\u1ef1ng - H\u1ed3 Ch\u00ed Minh","potentialAction":[{"@type":"SearchAction","target":{"@type":"EntryPoint","urlTemplate":"https:\/\/tranthi.vn\/hochiminh\/?s={search_term_string}"},"query-input":"required name=search_term_string"}],"inLanguage":"vi"},{"@type":"ImageObject","inLanguage":"vi","@id":"https:\/\/tranthi.vn\/hochiminh\/sen-day-tam-ho-chi-minh-sai-gon\/#local-main-organization-logo","url":"","contentUrl":"","caption":"V\u1eadt Li\u1ec7u X\u00e2y D\u1ef1ng Tr\u1ea7n Th\u1ecb Chi Nh\u00e1nh H\u1ed3 Ch\u00ed Minh"}]},"product_price_amount":"700000","product_price_currency":"VND","og_availability":"instock","product_availability":"instock","product_condition":"new"},"_links":{"self":[{"href":"https:\/\/tranthi.vn\/hochiminh\/wp-json\/wp\/v2\/product\/2760","targetHints":{"allow":["GET"]}}],"collection":[{"href":"https:\/\/tranthi.vn\/hochiminh\/wp-json\/wp\/v2\/product"}],"about":[{"href":"https:\/\/tranthi.vn\/hochiminh\/wp-json\/wp\/v2\/types\/product"}],"replies":[{"embeddable":true,"href":"https:\/\/tranthi.vn\/hochiminh\/wp-json\/wp\/v2\/comments?post=2760"}],"wp:featuredmedia":[{"embeddable":true,"href":"https:\/\/tranthi.vn\/hochiminh\/wp-json\/wp\/v2\/media\/2761"}],"wp:attachment":[{"href":"https:\/\/tranthi.vn\/hochiminh\/wp-json\/wp\/v2\/media?parent=2760"}],"wp:term":[{"taxonomy":"product_cat","embeddable":true,"href":"https:\/\/tranthi.vn\/hochiminh\/wp-json\/wp\/v2\/product_cat?post=2760"},{"taxonomy":"product_tag","embeddable":true,"href":"https:\/\/tranthi.vn\/hochiminh\/wp-json\/wp\/v2\/product_tag?post=2760"}],"curies":[{"name":"wp","href":"https:\/\/api.w.org\/{rel}","templated":true}]}}